{"id":7341,"date":"2025-03-23T08:09:22","date_gmt":"2025-03-23T08:09:22","guid":{"rendered":"https:\/\/fmp-components.com\/?post_type=product&#038;p=7341"},"modified":"2025-03-23T08:09:23","modified_gmt":"2025-03-23T08:09:23","slug":"automotive-double-helical-gear","status":"publish","type":"product","link":"https:\/\/fmp-components.com\/vi\/product\/automotive-double-helical-gear\/","title":{"rendered":"B\u00e1nh r\u0103ng xo\u1eafn k\u00e9p \u00f4 t\u00f4"},"content":{"rendered":"<p>K\u00edch th\u01b0\u1edbc: \u03a615<br \/>\nM\u00f4-\u0111un: M0.25<br \/>\nLo\u1ea1i v\u1eadt li\u1ec7u: Nh\u1ef1a, POM, Nylon\u2026theo y\u00eau c\u1ea7u c\u1ee7a kh\u00e1ch h\u00e0ng<\/p>\n<div class=\"table-responsive\">\n<table class=\"table\" style=\"width: 101.036%; height: 352px;\" border=\"1\">\n<tbody>\n<tr>\n<td colspan=\"2\">B\u00e1nh r\u0103ng xo\u1eafn k\u00e9p \u00f4 t\u00f4<\/td>\n<\/tr>\n<tr>\n<td>K\u00edch th\u01b0\u1edbc<\/td>\n<td>\u03a63mm- \u03a6120mm<\/td>\n<\/tr>\n<tr>\n<td>M\u00f4-\u0111un<\/td>\n<td>M0.15-M2.2<\/td>\n<\/tr>\n<tr>\n<td>Lo\u1ea1i v\u1eadt li\u1ec7u<\/td>\n<td>POM, PA, PPA, PBT PEEK theo y\u00eau c\u1ea7u<\/td>\n<\/tr>\n<tr>\n<td>C\u1ea5p \u0111\u1ed9 l\u01b0\u1edbi<\/td>\n<td>GB 6, ISO 6, JGMA 1, JIS 6, AGMA 13, DIN 6,DIN5<\/td>\n<\/tr>\n<tr>\n<td>\u1ee8ng d\u1ee5ng<\/td>\n<td>Y t\u1ebf, C\u00f4ng nghi\u1ec7p, \u00d4 t\u00f4, Qu\u00e2n s\u1ef1, M\u00e1y bay, C\u01a1 kh\u00ed, \u00d4 t\u00f4<\/td>\n<\/tr>\n<tr>\n<td>T\u00f9y ch\u1ec9nh<\/td>\n<td>ODM\/OEM<\/td>\n<\/tr>\n<tr>\n<td>V\u1eadt m\u1eabu<\/td>\n<td>M\u1eabu c\u00f3 s\u1eb5n<\/td>\n<\/tr>\n<tr>\n<td>C\u00e1c ch\u1ebf \u0111\u1ed9 \u0111\u00f3ng g\u00f3i<\/td>\n<td>\u0110\u00f3ng g\u00f3i ch\u00e2n kh\u00f4ng v\u1edbi khay nh\u1ef1a<\/td>\n<\/tr>\n<tr>\n<td>Ph\u01b0\u01a1ng th\u1ee9c giao h\u00e0ng<\/td>\n<td>DHL &amp; TNT &amp; FedEx &amp; UPS<\/td>\n<\/tr>\n<tr>\n<td>Gi\u1ea5y ch\u1ee9ng nh\u1eadn<\/td>\n<td>ISO 9001: 2008\/TS16949<\/td>\n<\/tr>\n<\/tbody>\n<\/table>\n<\/div>","protected":false},"excerpt":{"rendered":"<p>Dimension:\u03a615 Module: M0.25 Material Type: Plastic, POM, Nylon\u2026as customer required Automotive Double Helical Gear Dimension \u03a63mm- \u03a6120mm Module M0.15-M2.2 Material Type POM,PA,PPA,PBT PEEK as customized Meshing Grade GB 6, ISO 6, JGMA 1, JIS 6, AGMA 13, DIN 6\uff0cDIN5 Application Medical, Industrial, Automotive, Military, Aircraft, Mechanical, Auto Customized ODM\/OEM Sample Sample available Modes of Packing [&hellip;]<\/p>","protected":false},"featured_media":4581,"comment_status":"open","ping_status":"closed","template":"","meta":{"_et_pb_use_builder":"","_et_pb_old_content":"","_et_gb_content_width":""},"product_brand":[],"product_cat":[108],"product_tag":[],"class_list":{"0":"post-7341","1":"product","2":"type-product","3":"status-publish","4":"has-post-thumbnail","6":"product_cat-helical-gear","8":"first","9":"instock","10":"shipping-taxable","11":"product-type-simple"},"_links":{"self":[{"href":"https:\/\/fmp-components.com\/vi\/wp-json\/wp\/v2\/product\/7341","targetHints":{"allow":["GET"]}}],"collection":[{"href":"https:\/\/fmp-components.com\/vi\/wp-json\/wp\/v2\/product"}],"about":[{"href":"https:\/\/fmp-components.com\/vi\/wp-json\/wp\/v2\/types\/product"}],"replies":[{"embeddable":true,"href":"https:\/\/fmp-components.com\/vi\/wp-json\/wp\/v2\/comments?post=7341"}],"wp:featuredmedia":[{"embeddable":true,"href":"https:\/\/fmp-components.com\/vi\/wp-json\/wp\/v2\/media\/4581"}],"wp:attachment":[{"href":"https:\/\/fmp-components.com\/vi\/wp-json\/wp\/v2\/media?parent=7341"}],"wp:term":[{"taxonomy":"product_brand","embeddable":true,"href":"https:\/\/fmp-components.com\/vi\/wp-json\/wp\/v2\/product_brand?post=7341"},{"taxonomy":"product_cat","embeddable":true,"href":"https:\/\/fmp-components.com\/vi\/wp-json\/wp\/v2\/product_cat?post=7341"},{"taxonomy":"product_tag","embeddable":true,"href":"https:\/\/fmp-components.com\/vi\/wp-json\/wp\/v2\/product_tag?post=7341"}],"curies":[{"name":"wp","href":"https:\/\/api.w.org\/{rel}","templated":true}]}}