{"id":7334,"date":"2025-03-23T07:39:24","date_gmt":"2025-03-23T07:39:24","guid":{"rendered":"https:\/\/fmp-components.com\/?post_type=product&#038;p=7334"},"modified":"2025-03-26T08:47:15","modified_gmt":"2025-03-26T08:47:15","slug":"rolling-mill-double-helical-gear","status":"publish","type":"product","link":"https:\/\/fmp-components.com\/vi\/product\/rolling-mill-double-helical-gear\/","title":{"rendered":"B\u00e1nh r\u0103ng xo\u1eafn k\u00e9p c\u1ee7a m\u00e1y c\u00e1n"},"content":{"rendered":"<div>\n<h2 class=\"break-words\">B\u00e1nh r\u0103ng xo\u1eafn k\u00e9p c\u00e1n ch\u1ea5t l\u01b0\u1ee3ng cao t\u1eeb FMP<\/h2>\n<p class=\"break-words\">B\u00e1nh r\u0103ng xo\u1eafn k\u00e9p c\u1ee7a m\u00e1y c\u00e1n l\u00e0 th\u00e0nh ph\u1ea7n thi\u1ebft y\u1ebfu trong ng\u00e0nh c\u00f4ng nghi\u1ec7p ch\u1ebf bi\u1ebfn th\u00e9p v\u00e0 kim lo\u1ea1i, n\u1ed5i ti\u1ebfng v\u1edbi kh\u1ea3 n\u0103ng qu\u1ea3n l\u00fd m\u00f4-men xo\u1eafn cao v\u00e0 \u0111\u1ea3m b\u1ea3o truy\u1ec1n \u0111\u1ed9ng tr\u01a1n tru, hi\u1ec7u qu\u1ea3. T\u1ea1i FMP, ch\u00fang t\u00f4i t\u1ef1 h\u00e0o s\u1ea3n xu\u1ea5t \u0111a d\u1ea1ng c\u00e1c lo\u1ea1i b\u00e1nh r\u0103ng xo\u1eafn k\u00e9p c\u1ee7a m\u00e1y c\u00e1n. <a href=\"https:\/\/fmp-components.com\/vi\/helical-gears\/\">B\u00e1nh r\u0103ng xo\u1eafn \u1ed1c<\/a> \u0110\u01b0\u1ee3c thi\u1ebft k\u1ebf \u0111\u1ec3 \u0111\u00e1p \u1ee9ng nhu c\u1ea7u \u0111a d\u1ea1ng c\u1ee7a kh\u00e1ch h\u00e0ng. Cho d\u00f9 b\u1ea1n \u0111ang t\u00ecm ki\u1ebfm c\u00e1c m\u1eabu ti\u00eau chu\u1ea9n hay y\u00eau c\u1ea7u c\u00e1c gi\u1ea3i ph\u00e1p t\u00f9y ch\u1ec9nh, b\u00e1nh r\u0103ng c\u1ee7a ch\u00fang t\u00f4i \u0111\u1ec1u \u0111\u01b0\u1ee3c ch\u1ebf t\u1ea1o ch\u00ednh x\u00e1c b\u1eb1ng v\u1eadt li\u1ec7u ti\u00ean ti\u1ebfn v\u00e0 c\u00f4ng ngh\u1ec7 hi\u1ec7n \u0111\u1ea1i. \u0110i\u1ec1u n\u00e0y \u0111\u1ea3m b\u1ea3o \u0111\u1ed9 b\u1ec1n, \u0111\u1ed9 tin c\u1eady v\u00e0 hi\u1ec7u su\u1ea5t v\u01b0\u1ee3t tr\u1ed9i, ngay c\u1ea3 trong nh\u1eefng \u0111i\u1ec1u ki\u1ec7n c\u00f4ng nghi\u1ec7p kh\u1eafc nghi\u1ec7t nh\u1ea5t. FMP l\u00e0 \u0111\u1ed1i t\u00e1c \u0111\u00e1ng tin c\u1eady c\u1ee7a b\u1ea1n cho vi\u1ec7c s\u1ea3n xu\u1ea5t b\u00e1nh r\u0103ng h\u00e0ng \u0111\u1ea7u, ph\u00f9 h\u1ee3p v\u1edbi y\u00eau c\u1ea7u c\u1ee5 th\u1ec3 c\u1ee7a b\u1ea1n.<\/p>\n<\/div>\n<p><img loading=\"lazy\" decoding=\"async\" class=\"alignnone size-full wp-image-7336\" src=\"https:\/\/fmp-components.com\/wp-content\/uploads\/2025\/03\/Rolling-Mill-Double-Helical-Gear-1.webp\" alt=\"B\u00e1nh r\u0103ng xo\u1eafn k\u00e9p c\u1ee7a m\u00e1y c\u00e1n\" width=\"1024\" height=\"768\" title=\"\" srcset=\"https:\/\/fmp-components.com\/wp-content\/uploads\/2025\/03\/Rolling-Mill-Double-Helical-Gear-1.webp 1024w, https:\/\/fmp-components.com\/wp-content\/uploads\/2025\/03\/Rolling-Mill-Double-Helical-Gear-1-980x735.webp 980w, https:\/\/fmp-components.com\/wp-content\/uploads\/2025\/03\/Rolling-Mill-Double-Helical-Gear-1-480x360.webp 480w\" sizes=\"(min-width: 0px) and (max-width: 480px) 480px, (min-width: 481px) and (max-width: 980px) 980px, (min-width: 981px) 1024px, 100vw\" \/><\/p>\n<table class=\"table\" style=\"width: 98.8929%; height: 138px;\" border=\"1\">\n<tbody>\n<tr>\n<td>\u1ee8ng d\u1ee5ng:<\/td>\n<td>M\u00e1y m\u00f3c, H\u00e0ng h\u1ea3i, M\u00e1y m\u00f3c n\u00f4ng nghi\u1ec7p<\/td>\n<\/tr>\n<tr>\n<td>\u0110\u1ed9 c\u1ee9ng:<\/td>\n<td>B\u1ec1 m\u1eb7t r\u0103ng c\u1ee9ng<\/td>\n<\/tr>\n<tr>\n<td>V\u1ecb tr\u00ed b\u00e1nh r\u0103ng:<\/td>\n<td>B\u00e1nh r\u0103ng ngo\u00e0i<\/td>\n<\/tr>\n<tr>\n<td>Ph\u01b0\u01a1ng ph\u00e1p s\u1ea3n xu\u1ea5t:<\/td>\n<td>C\u1eaft b\u00e1nh r\u0103ng<\/td>\n<\/tr>\n<tr>\n<td>H\u00ecnh d\u1ea1ng ph\u1ea7n r\u0103ng c\u01b0a:<\/td>\n<td>B\u00e1nh r\u0103ng xo\u1eafn k\u00e9p<\/td>\n<\/tr>\n<tr>\n<td>V\u1eadt li\u1ec7u:<\/td>\n<td>42CrMo<\/td>\n<\/tr>\n<\/tbody>\n<\/table>\n<h2>B\u00e1nh r\u0103ng truy\u1ec1n \u0111\u1ed9ng t\u00f9y ch\u1ec9nh \u2013 B\u00e1nh r\u0103ng xo\u1eafn k\u00e9p cho m\u00e1y c\u00e1n<\/h2>\n<p>B\u00e1nh r\u0103ng xo\u1eafn k\u00e9p c\u1ee7a m\u00e1y c\u00e1n<br \/>\nB\u00e1nh r\u0103ng truy\u1ec1n \u0111\u1ed9ng t\u00f9y ch\u1ec9nh<\/p>\n<div class=\"table-responsive\">\n<table class=\"table\" style=\"width: 99.8919%; height: 196px;\" border=\"1\">\n<tbody>\n<tr>\n<td>M\u00f4-\u0111un<\/td>\n<td>L\u00e0m theo y\u00eau c\u1ea7u<\/td>\n<\/tr>\n<tr>\n<td>S\u1ed1 r\u0103ng b\u00e1nh r\u0103ng<\/td>\n<td>L\u00e0m theo y\u00eau c\u1ea7u<\/td>\n<\/tr>\n<tr>\n<td>V\u1eadt li\u1ec7u<\/td>\n<td>42CrMo<\/td>\n<\/tr>\n<tr>\n<td>Ph\u01b0\u01a1ng ph\u00e1p s\u1ea3n xu\u1ea5t b\u00e1nh r\u0103ng<\/td>\n<td>Phay b\u00e1nh r\u0103ng ho\u1eb7c Phay r\u00e3nh b\u00e1nh r\u0103ng<\/td>\n<\/tr>\n<tr>\n<td>X\u1eed l\u00fd nhi\u1ec7t<\/td>\n<td>L\u00e0m ngu\u1ed9i t\u1ea7n s\u1ed1 cao<\/td>\n<\/tr>\n<tr>\n<td>M\u00e0i r\u0103ng b\u00e1nh r\u0103ng<\/td>\n<td>T\u00f9y ch\u1ecdn<\/td>\n<\/tr>\n<\/tbody>\n<\/table>\n<\/div>\n<p>V\u1eadt li\u1ec7u: AISI 4140\/ 42CrMo\/ SCM 440<\/p>\n<div class=\"table-responsive\">\n<table class=\"table\" style=\"width: 100.189%; height: 301px;\" border=\"1\">\n<tbody>\n<tr style=\"height: 47px;\">\n<td style=\"height: 47px; width: 41.5825%;\">SO S\u00c1NH C\u1ea4P TH\u00c9P THEO M\u00c3 S\u1ed0 TH\u00c9P<\/td>\n<td style=\"height: 47px; width: 12.4579%;\"><\/td>\n<td style=\"height: 47px; width: 11.9529%;\"><\/td>\n<td style=\"height: 47px; width: 7.23906%;\"><\/td>\n<td style=\"height: 47px; width: 11.4478%;\"><\/td>\n<td style=\"height: 47px; width: 70.5387%;\"><\/td>\n<\/tr>\n<tr style=\"height: 23px;\">\n<td style=\"height: 23px; width: 41.5825%;\">TRUNG QU\u1ed0C\/V\u01af\u01a0NG QU\u1ed0C ANH<\/td>\n<td style=\"height: 23px; width: 12.4579%;\">Ti\u00eau chu\u1ea9n ISO<\/td>\n<td style=\"height: 23px; width: 11.9529%;\">\u0413\u041f\u0421\u0422<\/td>\n<td style=\"height: 23px; width: 7.23906%;\">Ti\u00eau chu\u1ea9n ASTM<\/td>\n<td style=\"height: 23px; width: 11.4478%;\">Ti\u00eau chu\u1ea9n Nh\u1eadt B\u1ea3n (JIS)<\/td>\n<td style=\"height: 23px; width: 70.5387%;\">DIN<\/td>\n<\/tr>\n<tr style=\"height: 23px;\">\n<td style=\"height: 23px; width: 41.5825%;\">45<\/td>\n<td style=\"height: 23px; width: 12.4579%;\">C45E4<\/td>\n<td style=\"height: 23px; width: 11.9529%;\">45<\/td>\n<td style=\"height: 23px; width: 7.23906%;\">1045<\/td>\n<td style=\"height: 23px; width: 11.4478%;\">S45C<\/td>\n<td style=\"height: 23px; width: 70.5387%;\">CK45<\/td>\n<\/tr>\n<tr style=\"height: 23px;\">\n<td style=\"height: 23px; width: 41.5825%;\">40Cr<\/td>\n<td style=\"height: 23px; width: 12.4579%;\">41Cr4<\/td>\n<td style=\"height: 23px; width: 11.9529%;\">40X<\/td>\n<td style=\"height: 23px; width: 7.23906%;\">5140<\/td>\n<td style=\"height: 23px; width: 11.4478%;\">SCr440<\/td>\n<td style=\"height: 23px; width: 70.5387%;\">41Cr4<\/td>\n<\/tr>\n<tr style=\"height: 23px;\">\n<td style=\"height: 23px; width: 41.5825%;\">20CrMo<\/td>\n<td style=\"height: 23px; width: 12.4579%;\">18CrMo4<\/td>\n<td style=\"height: 23px; width: 11.9529%;\">20\u0425\u041c<\/td>\n<td style=\"height: 23px; width: 7.23906%;\">4118<\/td>\n<td style=\"height: 23px; width: 11.4478%;\">SCM22<\/td>\n<td style=\"height: 23px; width: 70.5387%;\">25CrMo4<\/td>\n<\/tr>\n<tr style=\"height: 23px;\">\n<td style=\"height: 23px; width: 41.5825%;\">42CrMo<\/td>\n<td style=\"height: 23px; width: 12.4579%;\">42CrMo4<\/td>\n<td style=\"height: 23px; width: 11.9529%;\">38XM<\/td>\n<td style=\"height: 23px; width: 7.23906%;\">4140<\/td>\n<td style=\"height: 23px; width: 11.4478%;\">SCM440<\/td>\n<td style=\"height: 23px; width: 70.5387%;\">42CrMo4<\/td>\n<\/tr>\n<tr style=\"height: 23px;\">\n<td style=\"height: 23px; width: 41.5825%;\">20CrMnTi<\/td>\n<td style=\"height: 23px; width: 12.4579%;\"><\/td>\n<td style=\"height: 23px; width: 11.9529%;\">18X\u0413T<\/td>\n<td style=\"height: 23px; width: 7.23906%;\"><\/td>\n<td style=\"height: 23px; width: 11.4478%;\">SMK22<\/td>\n<td style=\"height: 23px; width: 70.5387%;\"><\/td>\n<\/tr>\n<tr style=\"height: 23px;\">\n<td style=\"height: 23px; width: 41.5825%;\">20Cr2Ni4<\/td>\n<td style=\"height: 23px; width: 12.4579%;\"><\/td>\n<td style=\"height: 23px; width: 11.9529%;\">20X2H4A<\/td>\n<td style=\"height: 23px; width: 7.23906%;\"><\/td>\n<td style=\"height: 23px; width: 11.4478%;\"><\/td>\n<td style=\"height: 23px; width: 70.5387%;\"><\/td>\n<\/tr>\n<tr style=\"height: 23px;\">\n<td style=\"height: 23px; width: 41.5825%;\">20CrNiMo<\/td>\n<td style=\"height: 23px; width: 12.4579%;\">20CrNiMo2<\/td>\n<td style=\"height: 23px; width: 11.9529%;\">20XHM<\/td>\n<td style=\"height: 23px; width: 7.23906%;\">8720<\/td>\n<td style=\"height: 23px; width: 11.4478%;\">SNCM220<\/td>\n<td style=\"height: 23px; width: 70.5387%;\">21NiCrMo2<\/td>\n<\/tr>\n<tr style=\"height: 47px;\">\n<td style=\"height: 47px; width: 41.5825%;\">40CrNiMoA<\/td>\n<td style=\"height: 47px; width: 12.4579%;\"><\/td>\n<td style=\"height: 47px; width: 11.9529%;\">40XH2MA\/<br \/>\n40XHMA<\/td>\n<td style=\"height: 47px; width: 7.23906%;\">4340<\/td>\n<td style=\"height: 47px; width: 11.4478%;\">SNCM439<\/td>\n<td style=\"height: 47px; width: 70.5387%;\">40NiCrMo6\/<br \/>\n36NiCrMo4<\/td>\n<\/tr>\n<tr style=\"height: 23px;\">\n<td style=\"height: 23px; width: 41.5825%;\">20CrNi2Mo<\/td>\n<td style=\"height: 23px; width: 12.4579%;\">20NiCrMo7<\/td>\n<td style=\"height: 23px; width: 11.9529%;\">20XH2MA<\/td>\n<td style=\"height: 23px; width: 7.23906%;\">4320<\/td>\n<td style=\"height: 23px; width: 11.4478%;\">SNCM420<\/td>\n<td style=\"height: 23px; width: 70.5387%;\"><\/td>\n<\/tr>\n<\/tbody>\n<\/table>\n<\/div>\n<p><img loading=\"lazy\" decoding=\"async\" class=\"wp-image-7342 aligncenter\" src=\"https:\/\/fmp-components.com\/wp-content\/uploads\/2025\/03\/Rolling-Mill-Double-Helical-Gear-6.webp\" alt=\"M\u00e1y c\u00e1n b\u00e1nh r\u0103ng xo\u1eafn k\u00e9p 6\" width=\"952\" height=\"569\" title=\"\" srcset=\"https:\/\/fmp-components.com\/wp-content\/uploads\/2025\/03\/Rolling-Mill-Double-Helical-Gear-6.webp 400w, https:\/\/fmp-components.com\/wp-content\/uploads\/2025\/03\/Rolling-Mill-Double-Helical-Gear-6-300x179.webp 300w, https:\/\/fmp-components.com\/wp-content\/uploads\/2025\/03\/Rolling-Mill-Double-Helical-Gear-6-18x12.webp 18w\" sizes=\"(max-width: 952px) 100vw, 952px\" \/><\/p>\n<div class=\"table-responsive\">\n<h3 class=\"break-words\">Gi\u1ea3i ph\u00e1p t\u00f9y ch\u1ec9nh v\u00e0 h\u1ed7 tr\u1ee3 chuy\u00ean d\u1ee5ng<\/h3>\n<p class=\"break-words\">T\u1ea1i FMP, ch\u00fang t\u00f4i hi\u1ec3u r\u1eb1ng m\u1ed7i d\u1ef1 \u00e1n \u0111\u1ec1u \u0111\u1ed9c \u0111\u00e1o, \u0111\u00f3 l\u00e0 l\u00fd do t\u1ea1i sao ch\u00fang t\u00f4i cung c\u1ea5p d\u1ecbch v\u1ee5 thi\u1ebft k\u1ebf ri\u00eang cho B\u00e1nh r\u0103ng xo\u1eafn k\u00e9p m\u00e1y c\u00e1n \u0111\u1ec3 \u0111\u00e1p \u1ee9ng ch\u00ednh x\u00e1c th\u00f4ng s\u1ed1 k\u1ef9 thu\u1eadt c\u1ee7a b\u1ea1n. N\u1ebfu b\u1ea1n kh\u00f4ng th\u1ea5y m\u1eabu s\u1ea3n ph\u1ea9m m\u00ecnh c\u1ea7n trong danh s\u00e1ch s\u1ea3n ph\u1ea9m c\u1ee7a ch\u00fang t\u00f4i, \u0111\u1eebng lo l\u1eafng - \u0111i\u1ec1u \u0111\u00f3 ch\u1ec9 c\u00f3 ngh\u0129a l\u00e0 ch\u00fang t\u00f4i ch\u01b0a c\u00f3 c\u01a1 h\u1ed9i \u0111\u0103ng t\u1ea3i. Ch\u00fang t\u00f4i m\u1eddi b\u1ea1n li\u00ean h\u1ec7 v\u1edbi ch\u00fang t\u00f4i qua email v\u1edbi c\u00e1c y\u00eau c\u1ea7u c\u1ee5 th\u1ec3 c\u1ee7a b\u1ea1n v\u00e0 \u0111\u1ed9i ng\u0169 k\u1ef9 s\u01b0 chuy\u00ean gia t\u1eadn t\u00e2m c\u1ee7a ch\u00fang t\u00f4i s\u1ebd ph\u1ea3n h\u1ed3i trong v\u00f2ng 24 gi\u1edd. V\u1edbi cam k\u1ebft m\u1ea1nh m\u1ebd v\u1ec1 s\u1ef1 h\u00e0i l\u00f2ng c\u1ee7a kh\u00e1ch h\u00e0ng v\u00e0 chuy\u00ean m\u00f4n h\u00e0ng \u0111\u1ea7u trong ng\u00e0nh, FMP \u0111\u1ea3m b\u1ea3o b\u1ea1n nh\u1eadn \u0111\u01b0\u1ee3c c\u00e1c gi\u1ea3i ph\u00e1p ch\u1ea5t l\u01b0\u1ee3ng cao, \u0111\u01b0\u1ee3c c\u00e1 nh\u00e2n h\u00f3a, \u0111\u00e1p \u1ee9ng c\u00e1c ti\u00eau chu\u1ea9n xu\u1ea5t s\u1eafc cao nh\u1ea5t. H\u00e3y li\u00ean h\u1ec7 ngay h\u00f4m nay \u0111\u1ec3 kh\u00e1m ph\u00e1 c\u00e1ch ch\u00fang t\u00f4i c\u00f3 th\u1ec3 h\u1ed7 tr\u1ee3 nhu c\u1ea7u c\u1ee7a b\u1ea1n!<\/p>\n<table style=\"border-collapse: collapse; width: 100.432%; height: 5px;\" border=\"0\" width=\"324\" cellspacing=\"0\" cellpadding=\"0\">\n<tbody>\n<tr style=\"height: 14.40pt;\">\n<td style=\"height: 14.4pt; width: 33.9018%;\" align=\"right\" width=\"81\" height=\"24\"><img loading=\"lazy\" decoding=\"async\" class=\"size-full wp-image-7337 aligncenter\" src=\"https:\/\/fmp-components.com\/wp-content\/uploads\/2025\/03\/Rolling-Mill-Double-Helical-Gear-2.webp\" alt=\"B\u00e1nh r\u0103ng xo\u1eafn k\u00e9p c\u1ee7a m\u00e1y c\u00e1n\" width=\"576\" height=\"768\" title=\"\" srcset=\"https:\/\/fmp-components.com\/wp-content\/uploads\/2025\/03\/Rolling-Mill-Double-Helical-Gear-2.webp 576w, https:\/\/fmp-components.com\/wp-content\/uploads\/2025\/03\/Rolling-Mill-Double-Helical-Gear-2-480x640.webp 480w\" sizes=\"(min-width: 0px) and (max-width: 480px) 480px, (min-width: 481px) 576px, 100vw\" \/><\/td>\n<td style=\"width: 32.7293%;\" align=\"right\" width=\"81\"><img loading=\"lazy\" decoding=\"async\" class=\"size-full wp-image-7338 aligncenter\" src=\"https:\/\/fmp-components.com\/wp-content\/uploads\/2025\/03\/Rolling-Mill-Double-Helical-Gear-3.webp\" alt=\"B\u00e1nh r\u0103ng xo\u1eafn k\u00e9p c\u1ee7a m\u00e1y c\u00e1n\" width=\"576\" height=\"768\" title=\"\" srcset=\"https:\/\/fmp-components.com\/wp-content\/uploads\/2025\/03\/Rolling-Mill-Double-Helical-Gear-3.webp 576w, https:\/\/fmp-components.com\/wp-content\/uploads\/2025\/03\/Rolling-Mill-Double-Helical-Gear-3-480x640.webp 480w\" sizes=\"(min-width: 0px) and (max-width: 480px) 480px, (min-width: 481px) 576px, 100vw\" \/><\/td>\n<td style=\"width: 33.1557%;\" align=\"right\" width=\"81\"><img loading=\"lazy\" decoding=\"async\" class=\"size-full wp-image-7339 aligncenter\" src=\"https:\/\/fmp-components.com\/wp-content\/uploads\/2025\/03\/Rolling-Mill-Double-Helical-Gear-4.webp\" alt=\"B\u00e1nh r\u0103ng xo\u1eafn k\u00e9p c\u1ee7a m\u00e1y c\u00e1n\" width=\"576\" height=\"768\" title=\"\" srcset=\"https:\/\/fmp-components.com\/wp-content\/uploads\/2025\/03\/Rolling-Mill-Double-Helical-Gear-4.webp 576w, https:\/\/fmp-components.com\/wp-content\/uploads\/2025\/03\/Rolling-Mill-Double-Helical-Gear-4-480x640.webp 480w\" sizes=\"(min-width: 0px) and (max-width: 480px) 480px, (min-width: 481px) 576px, 100vw\" \/><\/td>\n<\/tr>\n<\/tbody>\n<\/table>\n<\/div>","protected":false},"excerpt":{"rendered":"<p>High-Quality Rolling Mill Double Helical Gears from FMP Rolling Mill Double Helical Gears are essential components in the steel and metal processing industry, renowned for their ability to manage high torque and ensure smooth, efficient power transmission. At FMP, we take pride in producing a wide variety of Rolling Mill Double Helical Gears designed to [&hellip;]<\/p>","protected":false},"featured_media":4578,"comment_status":"open","ping_status":"closed","template":"","meta":{"_et_pb_use_builder":"","_et_pb_old_content":"","_et_gb_content_width":""},"product_brand":[],"product_cat":[108],"product_tag":[],"class_list":{"0":"post-7334","1":"product","2":"type-product","3":"status-publish","4":"has-post-thumbnail","6":"product_cat-helical-gear","8":"first","9":"instock","10":"shipping-taxable","11":"product-type-simple"},"_links":{"self":[{"href":"https:\/\/fmp-components.com\/vi\/wp-json\/wp\/v2\/product\/7334","targetHints":{"allow":["GET"]}}],"collection":[{"href":"https:\/\/fmp-components.com\/vi\/wp-json\/wp\/v2\/product"}],"about":[{"href":"https:\/\/fmp-components.com\/vi\/wp-json\/wp\/v2\/types\/product"}],"replies":[{"embeddable":true,"href":"https:\/\/fmp-components.com\/vi\/wp-json\/wp\/v2\/comments?post=7334"}],"wp:featuredmedia":[{"embeddable":true,"href":"https:\/\/fmp-components.com\/vi\/wp-json\/wp\/v2\/media\/4578"}],"wp:attachment":[{"href":"https:\/\/fmp-components.com\/vi\/wp-json\/wp\/v2\/media?parent=7334"}],"wp:term":[{"taxonomy":"product_brand","embeddable":true,"href":"https:\/\/fmp-components.com\/vi\/wp-json\/wp\/v2\/product_brand?post=7334"},{"taxonomy":"product_cat","embeddable":true,"href":"https:\/\/fmp-components.com\/vi\/wp-json\/wp\/v2\/product_cat?post=7334"},{"taxonomy":"product_tag","embeddable":true,"href":"https:\/\/fmp-components.com\/vi\/wp-json\/wp\/v2\/product_tag?post=7334"}],"curies":[{"name":"wp","href":"https:\/\/api.w.org\/{rel}","templated":true}]}}