{"id":7332,"date":"2025-03-23T07:37:55","date_gmt":"2025-03-23T07:37:55","guid":{"rendered":"https:\/\/fmp-components.com\/?post_type=product&#038;p=7332"},"modified":"2025-03-26T08:47:29","modified_gmt":"2025-03-26T08:47:29","slug":"industrial-alloy-steel-double-helical-gears","status":"publish","type":"product","link":"https:\/\/fmp-components.com\/vi\/product\/industrial-alloy-steel-double-helical-gears\/","title":{"rendered":"B\u00e1nh r\u0103ng xo\u1eafn k\u00e9p b\u1eb1ng th\u00e9p h\u1ee3p kim c\u00f4ng nghi\u1ec7p"},"content":{"rendered":"<div>T\u1ea1i C\u00f4ng ty FMP, ch\u00fang t\u00f4i t\u1ef1 h\u00e0o s\u1ea3n xu\u1ea5t nhi\u1ec1u lo\u1ea1i Th\u00e9p h\u1ee3p kim \u0111\u00f4i <a href=\"https:\/\/fmp-components.com\/vi\/helical-gears\/\">B\u00e1nh r\u0103ng xo\u1eafn \u1ed1c<\/a>, \u0111\u01b0\u1ee3c ch\u1ebf t\u1ea1o \u0111\u1ec3 mang l\u1ea1i \u0111\u1ed9 ch\u00ednh x\u00e1c v\u00e0 \u0111\u1ed9 b\u1ec1n cho nhi\u1ec1u \u1ee9ng d\u1ee5ng c\u00f4ng nghi\u1ec7p kh\u00e1c nhau. Cho d\u00f9 b\u1ea1n c\u1ea7n thi\u1ebft k\u1ebf ti\u00eau chu\u1ea9n hay \u0111\u1ed9c \u0111\u00e1o, ch\u00fang t\u00f4i \u0111\u1ec1u s\u1eb5n l\u00f2ng nh\u1eadn \u0111\u01a1n \u0111\u1eb7t h\u00e0ng ri\u00eang \u0111\u1ec3 \u0111\u00e1p \u1ee9ng ch\u00ednh x\u00e1c th\u00f4ng s\u1ed1 k\u1ef9 thu\u1eadt c\u1ee7a b\u1ea1n. Kh\u00f4ng t\u00ecm th\u1ea5y m\u1eabu c\u1ee5 th\u1ec3 b\u1ea1n \u0111ang t\u00ecm ki\u1ebfm trong danh s\u00e1ch s\u1ea3n ph\u1ea9m c\u1ee7a ch\u00fang t\u00f4i? \u0110\u1eebng lo l\u1eafng - \u0111i\u1ec1u \u0111\u00f3 ch\u1ec9 c\u00f3 ngh\u0129a l\u00e0 ch\u00fang t\u00f4i ch\u01b0a c\u00f3 th\u1eddi gian c\u1eadp nh\u1eadt danh m\u1ee5c tr\u1ef1c tuy\u1ebfn. Ch\u1ec9 c\u1ea7n g\u1eedi email cho ch\u00fang t\u00f4i y\u00eau c\u1ea7u c\u1ee7a b\u1ea1n, v\u00e0 c\u00e1c k\u1ef9 s\u01b0 l\u00e0nh ngh\u1ec1 c\u1ee7a ch\u00fang t\u00f4i s\u1ebd li\u00ean h\u1ec7 l\u1ea1i v\u1edbi b\u1ea1n trong v\u00f2ng 24 gi\u1edd v\u1edbi m\u1ed9t gi\u1ea3i ph\u00e1p ph\u00f9 h\u1ee3p. H\u00e3y \u0111\u1ec3 ch\u00fang t\u00f4i gi\u00fap b\u1ea1n t\u00ecm th\u1ea5y thi\u1ebft b\u1ecb ho\u00e0n h\u1ea3o cho d\u1ef1 \u00e1n c\u1ee7a b\u1ea1n!<\/div>\n<div><\/div>\n<table class=\"table\" style=\"width: 101.013%; height: 165px;\" border=\"1\">\n<tbody>\n<tr>\n<td style=\"width: 38.6592%;\">Lo\u1ea1i b\u00e1nh r\u0103ng<\/td>\n<td style=\"width: 60.6704%;\">Xo\u1eafn k\u00e9p<\/td>\n<\/tr>\n<tr>\n<td style=\"width: 38.6592%;\">S\u1eed d\u1ee5ng\/\u1ee8ng d\u1ee5ng<\/td>\n<td style=\"width: 60.6704%;\">C\u00f4ng nghi\u1ec7p<\/td>\n<\/tr>\n<tr>\n<td style=\"width: 38.6592%;\">H\u00ecnh d\u1ea1ng r\u0103ng<\/td>\n<td style=\"width: 60.6704%;\">G\u1ea5p \u0111\u00f4i<\/td>\n<\/tr>\n<tr>\n<td style=\"width: 38.6592%;\">V\u1eadt li\u1ec7u<\/td>\n<td style=\"width: 60.6704%;\">Th\u00e9p h\u1ee3p kim<\/td>\n<\/tr>\n<tr>\n<td style=\"width: 38.6592%;\">H\u00ecnh d\u1ea1ng<\/td>\n<td style=\"width: 60.6704%;\">Tr\u00f2n<\/td>\n<\/tr>\n<tr>\n<td style=\"width: 38.6592%;\">S\u1ed1 l\u01b0\u1ee3ng \u0111\u1eb7t h\u00e0ng t\u1ed1i thi\u1ec3u<\/td>\n<td style=\"width: 60.6704%;\">1<\/td>\n<\/tr>\n<\/tbody>\n<\/table>\n<p><img loading=\"lazy\" decoding=\"async\" class=\"alignnone size-full wp-image-7333\" src=\"https:\/\/fmp-components.com\/wp-content\/uploads\/2025\/03\/double-helical-gear-.webp\" alt=\"b\u00e1nh r\u0103ng xo\u1eafn k\u00e9p\" width=\"1000\" height=\"929\" title=\"\" srcset=\"https:\/\/fmp-components.com\/wp-content\/uploads\/2025\/03\/double-helical-gear-.webp 1000w, https:\/\/fmp-components.com\/wp-content\/uploads\/2025\/03\/double-helical-gear--980x910.webp 980w, https:\/\/fmp-components.com\/wp-content\/uploads\/2025\/03\/double-helical-gear--480x446.webp 480w\" sizes=\"(min-width: 0px) and (max-width: 480px) 480px, (min-width: 481px) and (max-width: 980px) 980px, (min-width: 981px) 1000px, 100vw\" \/><\/p>","protected":false},"excerpt":{"rendered":"<p>At FMP Company, we take pride in manufacturing a wide variety of Alloy Steel Double Helical Gears, crafted to deliver precision and durability for diverse industrial applications. Whether you need standard designs or something unique, we gladly accept custom orders to meet your exact specifications. Can\u2019t find the specific model you\u2019re looking for in our [&hellip;]<\/p>","protected":false},"featured_media":4591,"comment_status":"open","ping_status":"closed","template":"","meta":{"_et_pb_use_builder":"","_et_pb_old_content":"","_et_gb_content_width":""},"product_brand":[],"product_cat":[108],"product_tag":[],"class_list":{"0":"post-7332","1":"product","2":"type-product","3":"status-publish","4":"has-post-thumbnail","6":"product_cat-helical-gear","8":"first","9":"instock","10":"shipping-taxable","11":"product-type-simple"},"_links":{"self":[{"href":"https:\/\/fmp-components.com\/vi\/wp-json\/wp\/v2\/product\/7332","targetHints":{"allow":["GET"]}}],"collection":[{"href":"https:\/\/fmp-components.com\/vi\/wp-json\/wp\/v2\/product"}],"about":[{"href":"https:\/\/fmp-components.com\/vi\/wp-json\/wp\/v2\/types\/product"}],"replies":[{"embeddable":true,"href":"https:\/\/fmp-components.com\/vi\/wp-json\/wp\/v2\/comments?post=7332"}],"wp:featuredmedia":[{"embeddable":true,"href":"https:\/\/fmp-components.com\/vi\/wp-json\/wp\/v2\/media\/4591"}],"wp:attachment":[{"href":"https:\/\/fmp-components.com\/vi\/wp-json\/wp\/v2\/media?parent=7332"}],"wp:term":[{"taxonomy":"product_brand","embeddable":true,"href":"https:\/\/fmp-components.com\/vi\/wp-json\/wp\/v2\/product_brand?post=7332"},{"taxonomy":"product_cat","embeddable":true,"href":"https:\/\/fmp-components.com\/vi\/wp-json\/wp\/v2\/product_cat?post=7332"},{"taxonomy":"product_tag","embeddable":true,"href":"https:\/\/fmp-components.com\/vi\/wp-json\/wp\/v2\/product_tag?post=7332"}],"curies":[{"name":"wp","href":"https:\/\/api.w.org\/{rel}","templated":true}]}}