{"id":7228,"date":"2025-03-21T00:55:52","date_gmt":"2025-03-21T00:55:52","guid":{"rendered":"https:\/\/fmp-components.com\/?post_type=product&#038;p=7228"},"modified":"2025-03-21T01:26:57","modified_gmt":"2025-03-21T01:26:57","slug":"worm-and-wheel","status":"publish","type":"product","link":"https:\/\/fmp-components.com\/vi\/product\/worm-and-wheel\/","title":{"rendered":"Con giun v\u00e0 b\u00e1nh xe"},"content":{"rendered":"<p><span style=\"color: #333333; font-size: 26px;\">B\u00e1nh r\u0103ng tr\u1ee5c v\u00edt v\u00e0 b\u00e1nh r\u0103ng b\u00e1nh xe l\u00e0 g\u00ec?<\/span><\/p>\n<div>\n<p class=\"break-words\">M\u1ed8T <strong>h\u1ec7 th\u1ed1ng b\u00e1nh r\u0103ng tr\u1ee5c v\u00edt v\u00e0 b\u00e1nh xe<\/strong> l\u00e0 m\u1ed9t lo\u1ea1i h\u1ed9p s\u1ed1 chuy\u00ean d\u1ee5ng truy\u1ec1n chuy\u1ec3n \u0111\u1ed9ng gi\u1eefa hai tr\u1ee5c kh\u00f4ng giao nhau, th\u01b0\u1eddng \u1edf g\u00f3c 90 \u0111\u1ed9. H\u1ec7 th\u1ed1ng bao g\u1ed3m hai th\u00e0nh ph\u1ea7n ch\u00ednh:<\/p>\n<ul class=\"marker:text-secondary\">\n<li class=\"break-words\"><strong>S\u00e2u<\/strong>: M\u1ed9t b\u1ed9 ph\u1eadn h\u00ecnh tr\u1ee5, gi\u1ed1ng nh\u01b0 v\u00edt c\u00f3 ren xo\u1eafn \u1ed1c.<\/li>\n<li class=\"break-words\"><strong>B\u00e1nh xe giun<\/strong>: M\u1ed9t b\u00e1nh r\u0103ng gi\u1ed1ng b\u00e1nh r\u0103ng xo\u1eafn \u1ed1c, nh\u01b0ng c\u00f3 r\u0103ng l\u00f5m \u0111\u01b0\u1ee3c thi\u1ebft k\u1ebf \u0111\u1ec3 t\u1ed1i \u0111a h\u00f3a ti\u1ebfp x\u00fac v\u1edbi tr\u1ee5c v\u00edt.<\/li>\n<\/ul>\n<p class=\"break-words\">Thi\u1ebft k\u1ebf \u0111\u1ed9c \u0111\u00e1o n\u00e0y cho ph\u00e9p \u0111\u1ea1t \u0111\u01b0\u1ee3c t\u1ef7 s\u1ed1 gi\u1ea3m cao trong m\u1ed9t h\u00ecnh d\u1ea1ng nh\u1ecf g\u1ecdn, khi\u1ebfn b\u00e1nh r\u0103ng tr\u1ee5c v\u00edt v\u00e0 b\u00e1nh xe tr\u1edf th\u00e0nh gi\u1ea3i ph\u00e1p ph\u00f9 h\u1ee3p cho c\u00e1c \u1ee9ng d\u1ee5ng y\u00eau c\u1ea7u gi\u1ea3m t\u1ed1c \u0111\u1ed9 \u0111\u00e1ng k\u1ec3 v\u00e0 t\u0103ng m\u00f4-men xo\u1eafn.<\/p>\n<table style=\"width: 100%;\" border=\"1\" width=\"100%\" cellspacing=\"0\" cellpadding=\"0\">\n<tbody>\n<tr style=\"height: 14.40pt;\">\n<td style=\"height: 14.4pt; width: 23.927%;\" width=\"83\" height=\"24\">\u00a0\u00a0\u00a0<img loading=\"lazy\" decoding=\"async\" class=\"alignnone size-full wp-image-7234\" src=\"https:\/\/fmp-components.com\/wp-content\/uploads\/2025\/03\/worm-and-wheel-5.webp\" alt=\"b\u00e1nh xe v\u00e0 giun\" width=\"768\" height=\"695\" title=\"\" srcset=\"https:\/\/fmp-components.com\/wp-content\/uploads\/2025\/03\/worm-and-wheel-5.webp 768w, https:\/\/fmp-components.com\/wp-content\/uploads\/2025\/03\/worm-and-wheel-5-480x434.webp 480w\" sizes=\"(min-width: 0px) and (max-width: 480px) 480px, (min-width: 481px) 768px, 100vw\" \/><\/td>\n<td style=\"width: 24.4635%;\" align=\"right\" width=\"80\">\u00a0<img loading=\"lazy\" decoding=\"async\" class=\"alignnone size-full wp-image-7238\" src=\"https:\/\/fmp-components.com\/wp-content\/uploads\/2025\/03\/worm-and-wheel-1-1.webp\" alt=\"con s\u00e2u v\u00e0 b\u00e1nh xe \" width=\"518\" height=\"345\" title=\"\" srcset=\"https:\/\/fmp-components.com\/wp-content\/uploads\/2025\/03\/worm-and-wheel-1-1.webp 518w, https:\/\/fmp-components.com\/wp-content\/uploads\/2025\/03\/worm-and-wheel-1-1-480x320.webp 480w\" sizes=\"(min-width: 0px) and (max-width: 480px) 480px, (min-width: 481px) 518px, 100vw\" \/><\/td>\n<td style=\"width: 27.146%;\" align=\"right\" width=\"154\"><img loading=\"lazy\" decoding=\"async\" class=\"alignnone size-full wp-image-7237\" src=\"https:\/\/fmp-components.com\/wp-content\/uploads\/2025\/03\/worm-and-wheel-2-1.webp\" alt=\"con s\u00e2u v\u00e0 b\u00e1nh xe \" width=\"518\" height=\"345\" title=\"\" srcset=\"https:\/\/fmp-components.com\/wp-content\/uploads\/2025\/03\/worm-and-wheel-2-1.webp 518w, https:\/\/fmp-components.com\/wp-content\/uploads\/2025\/03\/worm-and-wheel-2-1-480x320.webp 480w\" sizes=\"(min-width: 0px) and (max-width: 480px) 480px, (min-width: 481px) 518px, 100vw\" \/><\/td>\n<td style=\"width: 24.1416%;\" width=\"80\"><img loading=\"lazy\" decoding=\"async\" class=\"alignnone size-full wp-image-7231\" src=\"https:\/\/fmp-components.com\/wp-content\/uploads\/2025\/03\/worm-and-wheel-2.webp\" alt=\"b\u00e1nh xe v\u00e0 giun\" width=\"768\" height=\"695\" title=\"\" srcset=\"https:\/\/fmp-components.com\/wp-content\/uploads\/2025\/03\/worm-and-wheel-2.webp 768w, https:\/\/fmp-components.com\/wp-content\/uploads\/2025\/03\/worm-and-wheel-2-480x434.webp 480w\" sizes=\"(min-width: 0px) and (max-width: 480px) 480px, (min-width: 481px) 768px, 100vw\" \/><\/td>\n<\/tr>\n<tr style=\"height: 14.40pt;\">\n<td style=\"height: 14.4pt; width: 23.927%;\" height=\"24\"><img loading=\"lazy\" decoding=\"async\" class=\"alignnone size-full wp-image-7235\" src=\"https:\/\/fmp-components.com\/wp-content\/uploads\/2025\/03\/worm-and-wheel-6.webp\" alt=\"b\u00e1nh xe v\u00e0 giun\" width=\"768\" height=\"695\" title=\"\" srcset=\"https:\/\/fmp-components.com\/wp-content\/uploads\/2025\/03\/worm-and-wheel-6.webp 768w, https:\/\/fmp-components.com\/wp-content\/uploads\/2025\/03\/worm-and-wheel-6-480x434.webp 480w\" sizes=\"(min-width: 0px) and (max-width: 480px) 480px, (min-width: 481px) 768px, 100vw\" \/><\/td>\n<td style=\"width: 24.4635%;\" align=\"right\"><img loading=\"lazy\" decoding=\"async\" class=\"alignnone size-full wp-image-7233\" src=\"https:\/\/fmp-components.com\/wp-content\/uploads\/2025\/03\/worm-and-wheel-4.webp\" alt=\"b\u00e1nh xe v\u00e0 giun\" width=\"768\" height=\"695\" title=\"\" srcset=\"https:\/\/fmp-components.com\/wp-content\/uploads\/2025\/03\/worm-and-wheel-4.webp 768w, https:\/\/fmp-components.com\/wp-content\/uploads\/2025\/03\/worm-and-wheel-4-480x434.webp 480w\" sizes=\"(min-width: 0px) and (max-width: 480px) 480px, (min-width: 481px) 768px, 100vw\" \/><\/td>\n<td style=\"width: 27.146%;\" align=\"right\"><img loading=\"lazy\" decoding=\"async\" class=\"alignnone size-full wp-image-7236\" src=\"https:\/\/fmp-components.com\/wp-content\/uploads\/2025\/03\/worm-and-wheel-1.webp\" alt=\"b\u00e1nh xe v\u00e0 giun\" width=\"768\" height=\"695\" title=\"\" srcset=\"https:\/\/fmp-components.com\/wp-content\/uploads\/2025\/03\/worm-and-wheel-1.webp 768w, https:\/\/fmp-components.com\/wp-content\/uploads\/2025\/03\/worm-and-wheel-1-480x434.webp 480w\" sizes=\"(min-width: 0px) and (max-width: 480px) 480px, (min-width: 481px) 768px, 100vw\" \/><\/td>\n<td style=\"width: 24.1416%;\"><img loading=\"lazy\" decoding=\"async\" class=\"alignnone size-full wp-image-7232\" src=\"https:\/\/fmp-components.com\/wp-content\/uploads\/2025\/03\/worm-and-wheel-3.webp\" alt=\"b\u00e1nh xe v\u00e0 giun\" width=\"768\" height=\"695\" title=\"\" srcset=\"https:\/\/fmp-components.com\/wp-content\/uploads\/2025\/03\/worm-and-wheel-3.webp 768w, https:\/\/fmp-components.com\/wp-content\/uploads\/2025\/03\/worm-and-wheel-3-480x434.webp 480w\" sizes=\"(min-width: 0px) and (max-width: 480px) 480px, (min-width: 481px) 768px, 100vw\" \/><\/td>\n<\/tr>\n<\/tbody>\n<\/table>\n<h3>\u0110\u1eb7c \u0111i\u1ec3m k\u1ef9 thu\u1eadt<\/h3>\n<p>K\u00edch th\u01b0\u1edbc: \u03a65mm- \u03a6120mm<br \/>\nM\u00f4-\u0111un: M0.2-M2.2<br \/>\nLo\u1ea1i v\u1eadt li\u1ec7u: Nh\u00f4m, \u0110\u1ed3ng, Th\u00e9p, H\u1ee3p kim, K\u1ebdm, v.v. theo y\u00eau c\u1ea7u c\u1ee7a kh\u00e1ch h\u00e0ng<\/p>\n<div class=\"table-responsive\">\n<table style=\"width: 100%;\" border=\"1\" width=\"100%\" cellspacing=\"0\" cellpadding=\"0\">\n<tbody>\n<tr class=\"firstRow\">\n<td colspan=\"2\">B\u00e1nh r\u0103ng tr\u1ee5c v\u00edt ch\u00ednh x\u00e1c trong thi\u1ebft b\u1ecb \u00f4 t\u00f4<\/td>\n<\/tr>\n<tr>\n<td>K\u00edch th\u01b0\u1edbc<\/td>\n<td>\u03a65mm- \u03a6120mm<\/td>\n<\/tr>\n<tr>\n<td>M\u00f4-\u0111un<\/td>\n<td>M0.2-M2.2<\/td>\n<\/tr>\n<tr>\n<td>Lo\u1ea1i v\u1eadt li\u1ec7u<\/td>\n<td>Nh\u00f4m, \u0110\u1ed3ng, Th\u00e9p, H\u1ee3p kim, K\u1ebdm, v.v. theo y\u00eau c\u1ea7u c\u1ee7a kh\u00e1ch h\u00e0ng<\/td>\n<\/tr>\n<tr>\n<td>C\u1ea5p \u0111\u1ed9 l\u01b0\u1edbi<\/td>\n<td>JGMA1\/2\/3\/4\/5\/6\/7\/8 ISO 8\/7\/6\/5\/4<br \/>\nDIN 6\/5\/4\/3 AGME 12\/13\/14\/15\/16<\/td>\n<\/tr>\n<tr>\n<td>X\u1eed l\u00fd nhi\u1ec7t<\/td>\n<td>ION NITRIDE<\/td>\n<\/tr>\n<tr>\n<td>\u1ee8ng d\u1ee5ng<\/td>\n<td>\u00d4 t\u00f4, Y t\u1ebf, C\u00f4ng nghi\u1ec7p, Qu\u00e2n s\u1ef1, M\u00e1y bay, C\u01a1 kh\u00ed, v.v.<\/td>\n<\/tr>\n<tr>\n<td>T\u00f9y ch\u1ec9nh<\/td>\n<td>ODM\/OEM<\/td>\n<\/tr>\n<tr>\n<td>V\u1eadt m\u1eabu<\/td>\n<td>M\u1eabu c\u00f3 s\u1eb5n<\/td>\n<\/tr>\n<tr>\n<td>C\u00e1c ch\u1ebf \u0111\u1ed9 \u0111\u00f3ng g\u00f3i<\/td>\n<td>\u0110\u00f3ng g\u00f3i ch\u00e2n kh\u00f4ng v\u1edbi khay nh\u1ef1a<\/td>\n<\/tr>\n<tr>\n<td>Ph\u01b0\u01a1ng th\u1ee9c giao h\u00e0ng<\/td>\n<td>DHL &amp; TNT &amp; FedEx &amp; UPS<\/td>\n<\/tr>\n<tr>\n<td>Gi\u1ea5y ch\u1ee9ng nh\u1eadn<\/td>\n<td>ISO9001:2008 &amp; TS\/ISO16949:2008<\/td>\n<\/tr>\n<\/tbody>\n<\/table>\n<\/div>\n<\/div>\n<p><img loading=\"lazy\" decoding=\"async\" class=\"alignnone  wp-image-7240\" src=\"https:\/\/fmp-components.com\/wp-content\/uploads\/2025\/03\/worm-and-wheel-product-3.webp\" alt=\"b\u00e1nh xe v\u00e0 giun\" width=\"938\" height=\"500\" title=\"\" srcset=\"https:\/\/fmp-components.com\/wp-content\/uploads\/2025\/03\/worm-and-wheel-product-3.webp 938w, https:\/\/fmp-components.com\/wp-content\/uploads\/2025\/03\/worm-and-wheel-product-3-480x256.webp 480w\" sizes=\"(min-width: 0px) and (max-width: 480px) 480px, (min-width: 481px) 938px, 100vw\" \/> <img loading=\"lazy\" decoding=\"async\" class=\"alignnone size-full wp-image-7241\" src=\"https:\/\/fmp-components.com\/wp-content\/uploads\/2025\/03\/worm-and-wheel-product-2.webp\" alt=\"b\u00e1nh xe v\u00e0 giun\" width=\"937\" height=\"469\" title=\"\" srcset=\"https:\/\/fmp-components.com\/wp-content\/uploads\/2025\/03\/worm-and-wheel-product-2.webp 937w, https:\/\/fmp-components.com\/wp-content\/uploads\/2025\/03\/worm-and-wheel-product-2-480x240.webp 480w\" sizes=\"(min-width: 0px) and (max-width: 480px) 480px, (min-width: 481px) 937px, 100vw\" \/><\/p>\n<div>\n<h2>C\u00e1c t\u00ednh n\u0103ng v\u00e0 l\u1ee3i \u00edch ch\u00ednh<\/h2>\n<p class=\"break-words\">B\u00e1nh r\u0103ng tr\u1ee5c v\u00edt v\u00e0 b\u00e1nh xe c\u00f3 nh\u1eefng \u01b0u \u0111i\u1ec3m ri\u00eang bi\u1ec7t, khi\u1ebfn ch\u00fang tr\u1edf n\u00ean kh\u00f4ng th\u1ec3 thi\u1ebfu trong nhi\u1ec1u ng\u00e0nh c\u00f4ng nghi\u1ec7p kh\u00e1c nhau:<\/p>\n<ul class=\"marker:text-secondary\">\n<li class=\"break-words\"><strong>T\u1ef7 l\u1ec7 gi\u1ea3m cao<\/strong>: D\u1ec5 d\u00e0ng \u0111\u1ea1t \u0111\u01b0\u1ee3c m\u1ee9c gi\u1ea3m t\u1ed1c \u0111\u1ed9 \u0111\u00e1ng k\u1ec3, l\u00fd t\u01b0\u1edfng cho c\u00e1c \u1ee9ng d\u1ee5ng m\u00f4-men xo\u1eafn cao.<\/li>\n<li class=\"break-words\"><strong>Thi\u1ebft k\u1ebf nh\u1ecf g\u1ecdn<\/strong>: M\u1ed9t trong nh\u1eefng h\u1ec7 th\u1ed1ng b\u00e1nh r\u0103ng ti\u1ebft ki\u1ec7m kh\u00f4ng gian nh\u1ea5t, mang l\u1ea1i kh\u1ea3 n\u0103ng gi\u1ea3m \u0111\u00e1ng k\u1ec3 trong kh\u00f4ng gian t\u1ed1i thi\u1ec3u.<\/li>\n<li class=\"break-words\"><strong>Kh\u1ea3 n\u0103ng t\u1ef1 kh\u00f3a<\/strong>:Khi g\u00f3c d\u1eabn v\u00e0 h\u1ec7 s\u1ed1 ma s\u00e1t \u0111\u01b0\u1ee3c t\u1ed1i \u01b0u h\u00f3a, c\u00e1c b\u00e1nh r\u0103ng n\u00e0y c\u00f3 th\u1ec3 ng\u0103n ch\u1eb7n hi\u1ec7n t\u01b0\u1ee3ng l\u00e1i ng\u01b0\u1ee3c, t\u0103ng c\u01b0\u1eddng \u0111\u1ed9 an to\u00e0n trong m\u1ed9t s\u1ed1 thi\u1ebft l\u1eadp nh\u1ea5t \u0111\u1ecbnh.<\/li>\n<li class=\"break-words\"><strong>Ho\u1ea1t \u0111\u1ed9ng \u00eam \u00e1i v\u00e0 y\u00ean t\u0129nh<\/strong>: Ti\u1ebfp x\u00fac tr\u01b0\u1ee3t gi\u1eefa tr\u1ee5c v\u00edt v\u00e0 b\u00e1nh xe \u0111\u1ea3m b\u1ea3o hi\u1ec7u su\u1ea5t ho\u1ea1t \u0111\u1ed9ng \u00eam h\u01a1n so v\u1edbi c\u00e1c lo\u1ea1i b\u00e1nh r\u0103ng kh\u00e1c.<\/li>\n<\/ul>\n<p class=\"break-words\">Nh\u1eefng \u0111\u1eb7c \u0111i\u1ec3m n\u00e0y l\u00e0m cho b\u00e1nh r\u0103ng tr\u1ee5c v\u00edt v\u00e0 b\u00e1nh xe tr\u1edf th\u00e0nh s\u1ef1 l\u1ef1a ch\u1ecdn linh ho\u1ea1t cho c\u1ea3 \u1ee9ng d\u1ee5ng c\u00f4ng nghi\u1ec7p v\u00e0 \u1ee9ng d\u1ee5ng ch\u00ednh x\u00e1c.<\/p>\n<div>\n<h2>\u1ee8ng d\u1ee5ng c\u1ee7a b\u00e1nh r\u0103ng tr\u1ee5c v\u00edt v\u00e0 b\u00e1nh r\u0103ng b\u00e1nh xe<\/h2>\n<p class=\"break-words\">B\u00e1nh r\u0103ng tr\u1ee5c v\u00edt v\u00e0 b\u00e1nh xe \u0111\u01b0\u1ee3c s\u1eed d\u1ee5ng trong nhi\u1ec1u t\u00ecnh hu\u1ed1ng kh\u00e1c nhau, bao g\u1ed3m:<\/p>\n<ul class=\"marker:text-secondary\">\n<li class=\"break-words\"><strong>B\u1ed9 gi\u1ea3m t\u1ed1c<\/strong>: Th\u01b0\u1eddng g\u1eb7p \u1edf m\u00e1y m\u00f3c y\u00eau c\u1ea7u t\u1ed1c \u0111\u1ed9 \u0111\u1ea7u ra \u0111\u01b0\u1ee3c ki\u1ec3m so\u00e1t.<\/li>\n<li class=\"break-words\"><strong>Thang m\u00e1y<\/strong>: Cung c\u1ea5p c\u01a1 ch\u1ebf n\u00e2ng \u0111\u00e1ng tin c\u1eady.<\/li>\n<li class=\"break-words\"><strong>M\u00e1y c\u00f4ng c\u1ee5<\/strong>: \u0110\u1ea3m b\u1ea3o \u0111\u1ed9 ch\u00ednh x\u00e1c v\u00e0 truy\u1ec1n l\u1ef1c.<\/li>\n<li class=\"break-words\"><strong>Kh\u1ed1i chu\u1ed7i<\/strong>: H\u1ed7 tr\u1ee3 n\u00e2ng v\u1eadt n\u1eb7ng b\u1eb1ng h\u1ec7 th\u1ed1ng b\u00e1nh r\u0103ng nh\u1ecf g\u1ecdn.<\/li>\n<li class=\"break-words\"><strong>M\u00e1y c\u00e2u c\u00e1<\/strong>: Cung c\u1ea5p kh\u1ea3 n\u0103ng ki\u1ec3m so\u00e1t m\u01b0\u1ee3t m\u00e0, t\u1ef7 l\u1ec7 cao.<\/li>\n<li class=\"break-words\"><strong>H\u1ec7 th\u1ed1ng l\u00e1i tr\u1ee3 l\u1ef1c \u00f4 t\u00f4<\/strong>: N\u00e2ng cao kh\u1ea3 n\u0103ng c\u01a1 \u0111\u1ed9ng c\u1ee7a xe.<\/li>\n<li class=\"break-words\"><strong>Robot v\u00e0 Thi\u1ebft b\u1ecb Y t\u1ebf<\/strong>: S\u1eed d\u1ee5ng b\u00e1nh r\u0103ng m\u00f4-\u0111un nh\u1ecf cho c\u00e1c nhi\u1ec7m v\u1ee5 ch\u00ednh x\u00e1c.<\/li>\n<\/ul>\n<p class=\"break-words\">\u1ede \u00dd, c\u00e1c ng\u00e0nh c\u00f4ng nghi\u1ec7p nh\u01b0 s\u1ea3n xu\u1ea5t \u00f4 t\u00f4, robot v\u00e0 s\u1ea3n xu\u1ea5t m\u00e1y m\u00f3c - nh\u1eefng ng\u00e0nh ch\u1ee7 ch\u1ed1t \u1edf c\u00e1c khu v\u1ef1c nh\u01b0 Emilia-Romagna v\u00e0 Lombardy - ph\u1ee5 thu\u1ed9c v\u00e0o c\u00e1c b\u00e1nh r\u0103ng n\u00e0y v\u00ec hi\u1ec7u qu\u1ea3 v\u00e0 \u0111\u1ed9 tin c\u1eady c\u1ee7a ch\u00fang.<\/p>\n<div>\n<h2>C\u00f4ng ty FMP: Nh\u00e0 s\u1ea3n xu\u1ea5t b\u00e1nh r\u0103ng v\u00e0 tr\u1ee5c v\u00edt \u0111\u00e1ng tin c\u1eady c\u1ee7a b\u1ea1n t\u1ea1i \u00dd<\/h2>\n<p class=\"break-words\">T\u1ea1i C\u00f4ng ty FMP, ch\u00fang t\u00f4i t\u1ef1 h\u00e0o l\u00e0 nh\u00e0 cung c\u1ea5p h\u00e0ng \u0111\u1ea7u v\u1ec1 b\u00e1nh r\u0103ng tr\u1ee5c v\u00edt v\u00e0 b\u00e1nh r\u0103ng b\u00e1nh xe, \u0111\u00e1p \u1ee9ng c\u00e1c nhu c\u1ea7u \u0111a d\u1ea1ng v\u1edbi danh m\u1ee5c s\u1ea3n ph\u1ea9m phong ph\u00fa v\u00e0 kh\u1ea3 n\u0103ng t\u00f9y ch\u1ec9nh. C\u00e1c s\u1ea3n ph\u1ea9m c\u1ee7a ch\u00fang t\u00f4i bao g\u1ed3m:<\/p>\n<ul class=\"marker:text-secondary\">\n<li class=\"break-words\"><strong>S\u00e2u kh\u1edfi \u0111\u1ed9ng \u0111\u01a1n v\u00e0 \u0111a<\/strong>: C\u00f3 s\u1eb5n nhi\u1ec1u lo\u1ea1i s\u1ee3i kh\u00e1c nhau \u0111\u1ec3 c\u00f3 t\u1ef7 l\u1ec7 gi\u1ea3m ph\u00f9 h\u1ee3p.<\/li>\n<li class=\"break-words\"><strong>B\u00e1nh xe giun<\/strong>: \u0110\u01b0\u1ee3c s\u1ea3n xu\u1ea5t v\u1edbi s\u1ed1 l\u01b0\u1ee3ng r\u0103ng v\u00e0 m\u00f4-\u0111un kh\u00e1c nhau \u0111\u1ec3 ph\u00f9 h\u1ee3p v\u1edbi c\u00e1c \u1ee9ng d\u1ee5ng c\u1ee5 th\u1ec3.<\/li>\n<li class=\"break-words\"><strong>Thi\u1ebft k\u1ebf t\u00f9y ch\u1ec9nh<\/strong>: \u0110\u01b0\u1ee3c thi\u1ebft k\u1ebf \u0111\u1ec3 \u0111\u00e1p \u1ee9ng c\u00e1c y\u00eau c\u1ea7u ri\u00eang bi\u1ec7t c\u1ee7a b\u1ea1n, b\u1ea5t k\u1ec3 m\u1ee9c \u0111\u1ed9 ph\u1ee9c t\u1ea1p.<\/li>\n<\/ul>\n<p><img loading=\"lazy\" decoding=\"async\" class=\"size-full wp-image-7229 aligncenter\" src=\"https:\/\/fmp-components.com\/wp-content\/uploads\/2025\/03\/worm-wheel-factory.webp\" alt=\"nh\u00e0 m\u00e1y b\u00e1nh xe giun\" width=\"1740\" height=\"630\" title=\"\" srcset=\"https:\/\/fmp-components.com\/wp-content\/uploads\/2025\/03\/worm-wheel-factory.webp 1740w, https:\/\/fmp-components.com\/wp-content\/uploads\/2025\/03\/worm-wheel-factory-1280x463.webp 1280w, https:\/\/fmp-components.com\/wp-content\/uploads\/2025\/03\/worm-wheel-factory-980x355.webp 980w, https:\/\/fmp-components.com\/wp-content\/uploads\/2025\/03\/worm-wheel-factory-480x174.webp 480w\" sizes=\"(min-width: 0px) and (max-width: 480px) 480px, (min-width: 481px) and (max-width: 980px) 980px, (min-width: 981px) and (max-width: 1280px) 1280px, (min-width: 1281px) 1740px, 100vw\" \/><\/p>\n<h3>Kh\u00f4ng t\u00ecm th\u1ea5y m\u00f4 h\u00ecnh c\u1ee7a b\u1ea1n?<\/h3>\n<p class=\"break-words\">N\u1ebfu b\u1ea1n kh\u00f4ng th\u1ea5y b\u00e1nh r\u0103ng tr\u1ee5c v\u00edt v\u00e0 b\u00e1nh r\u0103ng ch\u00ednh x\u00e1c m\u00e0 b\u1ea1n c\u1ea7n trong danh s\u00e1ch s\u1ea3n ph\u1ea9m c\u1ee7a ch\u00fang t\u00f4i, \u0111\u1eebng lo l\u1eafng\u2014c\u00f3 th\u1ec3 l\u00e0 ch\u00fang t\u00f4i ch\u01b0a c\u00f3 c\u01a1 h\u1ed9i t\u1ea3i n\u00f3 l\u00ean. \u0110\u01a1n gi\u1ea3n th\u00f4i <strong>g\u1eedi email cho ch\u00fang t\u00f4i<\/strong> V\u1edbi th\u00f4ng s\u1ed1 k\u1ef9 thu\u1eadt c\u1ee7a b\u1ea1n, c\u00e1c k\u1ef9 s\u01b0 chuy\u00ean gia c\u1ee7a ch\u00fang t\u00f4i s\u1ebd ph\u1ea3n h\u1ed3i trong v\u00f2ng 24 gi\u1edd v\u1edbi gi\u1ea3i ph\u00e1p ph\u00f9 h\u1ee3p nh\u1ea5t. D\u00f9 b\u1ea1n \u1edf Milan, Turin hay b\u1ea5t k\u1ef3 n\u01a1i n\u00e0o kh\u00e1c t\u1ea1i \u00dd, ch\u00fang t\u00f4i lu\u00f4n s\u1eb5n s\u00e0ng h\u1ed7 tr\u1ee3 b\u1ea1n v\u1edbi d\u1ecbch v\u1ee5 nhanh ch\u00f3ng v\u00e0 \u0111\u01b0\u1ee3c c\u00e1 nh\u00e2n h\u00f3a.<\/p>\n<div>\n<h2>Nh\u1eefng c\u00e2n nh\u1eafc v\u1ec1 m\u1eb7t k\u1ef9 thu\u1eadt \u0111\u1ed1i v\u1edbi b\u00e1nh r\u0103ng tr\u1ee5c v\u00edt v\u00e0 b\u00e1nh r\u0103ng b\u00e1nh xe<\/h2>\n<p class=\"break-words\">Vi\u1ec7c thi\u1ebft k\u1ebf m\u1ed9t h\u1ec7 th\u1ed1ng tr\u1ee5c v\u00edt v\u00e0 b\u00e1nh xe hi\u1ec7u qu\u1ea3 \u0111\u00f2i h\u1ecfi ph\u1ea3i ch\u00fa \u00fd \u0111\u1ebfn m\u1ed9t s\u1ed1 th\u00f4ng s\u1ed1 quan tr\u1ecdng:<\/p>\n<ul class=\"marker:text-secondary\">\n<li class=\"break-words\"><strong>M\u00f4-\u0111un<\/strong>: X\u00e1c \u0111\u1ecbnh k\u00edch th\u01b0\u1edbc c\u1ee7a r\u0103ng b\u00e1nh r\u0103ng.<\/li>\n<li class=\"break-words\"><strong>G\u00f3c \u00e1p su\u1ea5t<\/strong>: \u1ea2nh h\u01b0\u1edfng \u0111\u1ebfn kh\u1ea3 n\u0103ng ch\u1ecbu t\u1ea3i v\u00e0 hi\u1ec7u qu\u1ea3.<\/li>\n<li class=\"break-words\"><strong>S\u1ed1 r\u0103ng tr\u00ean b\u00e1nh xe giun<\/strong>: X\u00e1c \u0111\u1ecbnh t\u1ef7 l\u1ec7 gi\u1ea3m c\u00f9ng v\u1edbi s\u1ed1 l\u01b0\u1ee3ng s\u1ee3i c\u1ee7a con s\u00e2u.<\/li>\n<li class=\"break-words\"><strong>S\u1ed1 lu\u1ed3ng tr\u00ean Worm<\/strong>: Kh\u1edfi \u0111\u1ed9ng \u0111\u01a1n, \u0111\u00f4i ho\u1eb7c ba l\u1ea7n \u0111\u1ec1u \u1ea3nh h\u01b0\u1edfng \u0111\u1ebfn t\u1ed1c \u0111\u1ed9 v\u00e0 m\u00f4-men xo\u1eafn \u0111\u1ea7u ra.<\/li>\n<li class=\"break-words\"><strong>\u0110\u01b0\u1eddng k\u00ednh b\u01b0\u1edbc c\u1ee7a con s\u00e2u<\/strong>: T\u00e1c \u0111\u1ed9ng \u0111\u1ebfn h\u00ecnh d\u1ea1ng c\u1ee7a b\u00e1nh r\u0103ng.<\/li>\n<li class=\"break-words\"><strong>Kho\u1ea3ng c\u00e1ch t\u00e2m<\/strong>: \u0110\u1ea3m b\u1ea3o s\u1ef1 c\u0103n ch\u1ec9nh ch\u00ednh x\u00e1c gi\u1eefa c\u00e1c tr\u1ee5c.<\/li>\n<\/ul>\n<p class=\"break-words\">V\u00ed d\u1ee5, m\u1ed9t h\u1ec7 th\u1ed1ng c\u00f3 m\u00f4-\u0111un 3, \u0111\u01b0\u1eddng k\u00ednh b\u01b0\u1edbc v\u00edt l\u00e0 44 mm, kho\u1ea3ng c\u00e1ch t\u00e2m l\u00e0 67 mm v\u00e0 b\u00e1nh v\u00edt c\u00f3 30 r\u0103ng c\u00f3 th\u1ec3 \u0111\u1ea1t \u0111\u01b0\u1ee3c t\u1ef7 s\u1ed1 gi\u1ea3m nh\u01b0 30:1 (v\u00edt ren \u0111\u01a1n) ho\u1eb7c 15:1 (v\u00edt ren \u0111\u00f4i), c\u00f3 th\u1ec3 \u0111i\u1ec1u ch\u1ec9nh b\u1eb1ng c\u00e1ch thay \u0111\u1ed5i s\u1ed1 l\u01b0\u1ee3ng ren.<\/p>\n<p class=\"break-words\"><img loading=\"lazy\" decoding=\"async\" class=\"wp-image-7242 aligncenter\" src=\"https:\/\/fmp-components.com\/wp-content\/uploads\/2025\/03\/worm-and-wheel-product-5.webp\" alt=\"s\u1ea3n ph\u1ea9m b\u00e1nh-s\u00e2u-v\u00e0-b\u00e1nh-s\u1ea3n-ph\u1ea9m-5\" width=\"839\" height=\"581\" title=\"\" srcset=\"https:\/\/fmp-components.com\/wp-content\/uploads\/2025\/03\/worm-and-wheel-product-5.webp 390w, https:\/\/fmp-components.com\/wp-content\/uploads\/2025\/03\/worm-and-wheel-product-5-300x208.webp 300w, https:\/\/fmp-components.com\/wp-content\/uploads\/2025\/03\/worm-and-wheel-product-5-18x12.webp 18w\" sizes=\"(max-width: 839px) 100vw, 839px\" \/><\/p>\n<\/div>\n<\/div>\n<\/div>\n<\/div>","protected":false},"excerpt":{"rendered":"<p>What Are Worm and Wheel Gears? A worm and wheel gear system is a specialized type of gear transmission that transfers motion between two non-intersecting shafts, typically at a 90-degree angle. The system comprises two key components: Worm: A cylindrical, screw-like component with spiral threads. Worm Wheel: A gear resembling a helical gear, but with [&hellip;]<\/p>","protected":false},"featured_media":7239,"comment_status":"open","ping_status":"closed","template":"","meta":{"_et_pb_use_builder":"","_et_pb_old_content":"","_et_gb_content_width":""},"product_brand":[],"product_cat":[107],"product_tag":[],"class_list":{"0":"post-7228","1":"product","2":"type-product","3":"status-publish","4":"has-post-thumbnail","6":"product_cat-worm-gear","8":"first","9":"instock","10":"shipping-taxable","11":"product-type-simple"},"_links":{"self":[{"href":"https:\/\/fmp-components.com\/vi\/wp-json\/wp\/v2\/product\/7228","targetHints":{"allow":["GET"]}}],"collection":[{"href":"https:\/\/fmp-components.com\/vi\/wp-json\/wp\/v2\/product"}],"about":[{"href":"https:\/\/fmp-components.com\/vi\/wp-json\/wp\/v2\/types\/product"}],"replies":[{"embeddable":true,"href":"https:\/\/fmp-components.com\/vi\/wp-json\/wp\/v2\/comments?post=7228"}],"wp:featuredmedia":[{"embeddable":true,"href":"https:\/\/fmp-components.com\/vi\/wp-json\/wp\/v2\/media\/7239"}],"wp:attachment":[{"href":"https:\/\/fmp-components.com\/vi\/wp-json\/wp\/v2\/media?parent=7228"}],"wp:term":[{"taxonomy":"product_brand","embeddable":true,"href":"https:\/\/fmp-components.com\/vi\/wp-json\/wp\/v2\/product_brand?post=7228"},{"taxonomy":"product_cat","embeddable":true,"href":"https:\/\/fmp-components.com\/vi\/wp-json\/wp\/v2\/product_cat?post=7228"},{"taxonomy":"product_tag","embeddable":true,"href":"https:\/\/fmp-components.com\/vi\/wp-json\/wp\/v2\/product_tag?post=7228"}],"curies":[{"name":"wp","href":"https:\/\/api.w.org\/{rel}","templated":true}]}}