{"id":7207,"date":"2025-03-20T07:32:17","date_gmt":"2025-03-20T07:32:17","guid":{"rendered":"https:\/\/fmp-components.com\/?post_type=product&#038;p=7207"},"modified":"2025-03-26T08:50:47","modified_gmt":"2025-03-26T08:50:47","slug":"worm-gear-shaft-worm-gear-drive-shaft","status":"publish","type":"product","link":"https:\/\/fmp-components.com\/vi\/product\/worm-gear-shaft-worm-gear-drive-shaft\/","title":{"rendered":"Tr\u1ee5c b\u00e1nh r\u0103ng tr\u1ee5c v\u00edt (Tr\u1ee5c truy\u1ec1n \u0111\u1ed9ng b\u00e1nh r\u0103ng tr\u1ee5c v\u00edt)"},"content":{"rendered":"<p>Tr\u1ee5c v\u00edt l\u00e0 m\u1ed9t b\u1ed9 ph\u1eadn c\u01a1 kh\u00ed quan tr\u1ecdng \u0111\u01b0\u1ee3c s\u1eed d\u1ee5ng trong nhi\u1ec1u ng\u00e0nh c\u00f4ng nghi\u1ec7p \u0111\u1ec3 truy\u1ec1n l\u1ef1c v\u00e0 chuy\u1ec3n \u0111\u1ed9ng gi\u1eefa c\u00e1c tr\u1ee5c kh\u00f4ng song song, mang l\u1ea1i m\u00f4-men xo\u1eafn cao v\u00e0 v\u1eadn h\u00e0nh tr\u01a1n tru. T\u1ea1i C\u00f4ng ty FMP, ch\u00fang t\u00f4i chuy\u00ean s\u1ea3n xu\u1ea5t nhi\u1ec1u lo\u1ea1i <a href=\"https:\/\/fmp-components.com\/vi\/worm-gear-and-worm-shaft-2\/\">b\u00e1nh r\u0103ng tr\u1ee5c v\u00edt<\/a> Tr\u1ee5c \u0111\u01b0\u1ee3c thi\u1ebft k\u1ebf ri\u00eang \u0111\u1ec3 \u0111\u00e1p \u1ee9ng c\u00e1c nhu c\u1ea7u \u1ee9ng d\u1ee5ng \u0111a d\u1ea1ng, v\u00e0 ch\u00fang t\u00f4i c\u0169ng cung c\u1ea5p c\u00e1c gi\u1ea3i ph\u00e1p t\u00f9y ch\u1ec9nh ph\u00f9 h\u1ee3p v\u1edbi y\u00eau c\u1ea7u c\u1ee5 th\u1ec3 c\u1ee7a b\u1ea1n. N\u1ebfu b\u1ea1n kh\u00f4ng t\u00ecm th\u1ea5y m\u1eabu m\u00e3 m\u00ecnh c\u1ea7n trong danh s\u00e1ch s\u1ea3n ph\u1ea9m c\u1ee7a ch\u00fang t\u00f4i, c\u00f3 th\u1ec3 ch\u00fang t\u00f4i ch\u01b0a t\u1ea3i n\u00f3 l\u00ean\u2014vui l\u00f2ng g\u1eedi email cho ch\u00fang t\u00f4i th\u00f4ng s\u1ed1 k\u1ef9 thu\u1eadt mong mu\u1ed1n c\u1ee7a b\u1ea1n, v\u00e0 c\u00e1c k\u1ef9 s\u01b0 c\u1ee7a ch\u00fang t\u00f4i s\u1ebd ph\u1ea3n h\u1ed3i trong v\u00f2ng 24 gi\u1edd v\u1edbi m\u1ed9t gi\u1ea3i ph\u00e1p \u0111\u01b0\u1ee3c c\u00e1 nh\u00e2n h\u00f3a.<\/p>\n<p><img loading=\"lazy\" decoding=\"async\" class=\"alignnone size-full wp-image-7226\" src=\"https:\/\/fmp-components.com\/wp-content\/uploads\/2025\/03\/Worm-Gear-Shaft-Manufacturers-2.webp\" alt=\"Nh\u00e0 s\u1ea3n xu\u1ea5t tr\u1ee5c b\u00e1nh r\u0103ng tr\u1ee5c v\u00edt\" width=\"1000\" height=\"285\" title=\"\" srcset=\"https:\/\/fmp-components.com\/wp-content\/uploads\/2025\/03\/Worm-Gear-Shaft-Manufacturers-2.webp 1000w, https:\/\/fmp-components.com\/wp-content\/uploads\/2025\/03\/Worm-Gear-Shaft-Manufacturers-2-980x279.webp 980w, https:\/\/fmp-components.com\/wp-content\/uploads\/2025\/03\/Worm-Gear-Shaft-Manufacturers-2-480x137.webp 480w\" sizes=\"(min-width: 0px) and (max-width: 480px) 480px, (min-width: 481px) and (max-width: 980px) 980px, (min-width: 981px) 1000px, 100vw\" \/><\/p>\n<table style=\"border-collapse: collapse; width: 98.0079%; height: 90px;\" border=\"0\" width=\"317\" cellspacing=\"0\" cellpadding=\"0\">\n<tbody>\n<tr style=\"height: 14.40pt;\">\n<td style=\"height: 14.4pt; width: 32.0218%;\" width=\"83\" height=\"24\"><img loading=\"lazy\" decoding=\"async\" class=\"size-full wp-image-7210 aligncenter\" src=\"https:\/\/fmp-components.com\/wp-content\/uploads\/2025\/03\/Wholesale-Worm-Gear-Shaft-Factory.webp\" alt=\"Nh\u00e0 m\u00e1y tr\u1ee5c b\u00e1nh r\u0103ng b\u00e1n bu\u00f4n\" width=\"1440\" height=\"951\" title=\"\" srcset=\"https:\/\/fmp-components.com\/wp-content\/uploads\/2025\/03\/Wholesale-Worm-Gear-Shaft-Factory.webp 1440w, https:\/\/fmp-components.com\/wp-content\/uploads\/2025\/03\/Wholesale-Worm-Gear-Shaft-Factory-1280x845.webp 1280w, https:\/\/fmp-components.com\/wp-content\/uploads\/2025\/03\/Wholesale-Worm-Gear-Shaft-Factory-980x647.webp 980w, https:\/\/fmp-components.com\/wp-content\/uploads\/2025\/03\/Wholesale-Worm-Gear-Shaft-Factory-480x317.webp 480w\" sizes=\"(min-width: 0px) and (max-width: 480px) 480px, (min-width: 481px) and (max-width: 980px) 980px, (min-width: 981px) and (max-width: 1280px) 1280px, (min-width: 1281px) 1440px, 100vw\" \/><\/td>\n<td style=\"width: 33.1148%;\" align=\"right\" width=\"80\"><img loading=\"lazy\" decoding=\"async\" class=\"size-full wp-image-7216 aligncenter\" src=\"https:\/\/fmp-components.com\/wp-content\/uploads\/2025\/03\/worm-gear-shaft-1.webp\" alt=\"tr\u1ee5c v\u00edt-b\u00e1nh r\u0103ng-\" width=\"1000\" height=\"666\" title=\"\" srcset=\"https:\/\/fmp-components.com\/wp-content\/uploads\/2025\/03\/worm-gear-shaft-1.webp 1000w, https:\/\/fmp-components.com\/wp-content\/uploads\/2025\/03\/worm-gear-shaft-1-980x653.webp 980w, https:\/\/fmp-components.com\/wp-content\/uploads\/2025\/03\/worm-gear-shaft-1-480x320.webp 480w\" sizes=\"(min-width: 0px) and (max-width: 480px) 480px, (min-width: 481px) and (max-width: 980px) 980px, (min-width: 981px) 1000px, 100vw\" \/><\/td>\n<td style=\"width: 34.7541%;\" align=\"right\" width=\"154\"><img loading=\"lazy\" decoding=\"async\" class=\"size-full wp-image-7217 aligncenter\" src=\"https:\/\/fmp-components.com\/wp-content\/uploads\/2025\/03\/Worm-Gear-Shaft-Manufacturers.webp\" alt=\"Nh\u00e0 s\u1ea3n xu\u1ea5t tr\u1ee5c b\u00e1nh r\u0103ng tr\u1ee5c v\u00edt\" width=\"1440\" height=\"951\" title=\"\" srcset=\"https:\/\/fmp-components.com\/wp-content\/uploads\/2025\/03\/Worm-Gear-Shaft-Manufacturers.webp 1440w, https:\/\/fmp-components.com\/wp-content\/uploads\/2025\/03\/Worm-Gear-Shaft-Manufacturers-1280x845.webp 1280w, https:\/\/fmp-components.com\/wp-content\/uploads\/2025\/03\/Worm-Gear-Shaft-Manufacturers-980x647.webp 980w, https:\/\/fmp-components.com\/wp-content\/uploads\/2025\/03\/Worm-Gear-Shaft-Manufacturers-480x317.webp 480w\" sizes=\"(min-width: 0px) and (max-width: 480px) 480px, (min-width: 481px) and (max-width: 980px) 980px, (min-width: 981px) and (max-width: 1280px) 1280px, (min-width: 1281px) 1440px, 100vw\" \/><\/td>\n<\/tr>\n<tr style=\"height: 14.40pt;\">\n<td style=\"height: 14.4pt; width: 32.0218%;\" height=\"24\"><img loading=\"lazy\" decoding=\"async\" class=\"size-full wp-image-7219 aligncenter\" src=\"https:\/\/fmp-components.com\/wp-content\/uploads\/2025\/03\/Worm-Gear-Shaft-3.webp\" alt=\"Tr\u1ee5c v\u00edt-B\u00e1nh r\u0103ng-Tr\u1ee5c-\" width=\"1000\" height=\"666\" title=\"\" srcset=\"https:\/\/fmp-components.com\/wp-content\/uploads\/2025\/03\/Worm-Gear-Shaft-3.webp 1000w, https:\/\/fmp-components.com\/wp-content\/uploads\/2025\/03\/Worm-Gear-Shaft-3-980x653.webp 980w, https:\/\/fmp-components.com\/wp-content\/uploads\/2025\/03\/Worm-Gear-Shaft-3-480x320.webp 480w\" sizes=\"(min-width: 0px) and (max-width: 480px) 480px, (min-width: 481px) and (max-width: 980px) 980px, (min-width: 981px) 1000px, 100vw\" \/><\/td>\n<td style=\"width: 33.1148%;\" align=\"right\"><img loading=\"lazy\" decoding=\"async\" class=\"size-full wp-image-7218 aligncenter\" src=\"https:\/\/fmp-components.com\/wp-content\/uploads\/2025\/03\/Worm-Gear-Shaft-4.webp\" alt=\"Tr\u1ee5c v\u00edt-b\u00e1nh r\u0103ng\" width=\"1000\" height=\"666\" title=\"\" srcset=\"https:\/\/fmp-components.com\/wp-content\/uploads\/2025\/03\/Worm-Gear-Shaft-4.webp 1000w, https:\/\/fmp-components.com\/wp-content\/uploads\/2025\/03\/Worm-Gear-Shaft-4-980x653.webp 980w, https:\/\/fmp-components.com\/wp-content\/uploads\/2025\/03\/Worm-Gear-Shaft-4-480x320.webp 480w\" sizes=\"(min-width: 0px) and (max-width: 480px) 480px, (min-width: 481px) and (max-width: 980px) 980px, (min-width: 981px) 1000px, 100vw\" \/><\/td>\n<td style=\"width: 34.7541%;\" align=\"right\"><img loading=\"lazy\" decoding=\"async\" class=\"size-full wp-image-7215 aligncenter\" src=\"https:\/\/fmp-components.com\/wp-content\/uploads\/2025\/03\/worm-gear-shaft-2.webp\" alt=\"tr\u1ee5c v\u00edt-b\u00e1nh r\u0103ng\" width=\"1000\" height=\"666\" title=\"\" srcset=\"https:\/\/fmp-components.com\/wp-content\/uploads\/2025\/03\/worm-gear-shaft-2.webp 1000w, https:\/\/fmp-components.com\/wp-content\/uploads\/2025\/03\/worm-gear-shaft-2-980x653.webp 980w, https:\/\/fmp-components.com\/wp-content\/uploads\/2025\/03\/worm-gear-shaft-2-480x320.webp 480w\" sizes=\"(min-width: 0px) and (max-width: 480px) 480px, (min-width: 481px) and (max-width: 980px) 980px, (min-width: 981px) 1000px, 100vw\" \/><\/td>\n<\/tr>\n<\/tbody>\n<\/table>\n<h2>Th\u00f4ng s\u1ed1 k\u1ef9 thu\u1eadt c\u1ee7a Tr\u1ee5c b\u00e1nh r\u0103ng tr\u1ee5c v\u00edt<\/h2>\n<article class=\"4ever-article\" data-clipboard-cangjie=\"[&quot;root&quot;,{&quot;copyFrom&quot;:2066762897},[&quot;p&quot;,{},[&quot;span&quot;,{&quot;data-type&quot;:&quot;text&quot;},[&quot;span&quot;,{&quot;data-type&quot;:&quot;leaf&quot;},&quot;For more models and specifications, please contact us by email and our experts will respond to you promptly!&quot;]]]]\">\u0110\u1ec3 bi\u1ebft th\u00eam m\u1eabu m\u00e3 v\u00e0 th\u00f4ng s\u1ed1 k\u1ef9 thu\u1eadt, vui l\u00f2ng li\u00ean h\u1ec7 v\u1edbi ch\u00fang t\u00f4i qua email v\u00e0 c\u00e1c chuy\u00ean gia c\u1ee7a ch\u00fang t\u00f4i s\u1ebd ph\u1ea3n h\u1ed3i b\u1ea1n ngay!<\/article>\n<table class=\"table\" border=\"1\" width=\"100%\" cellspacing=\"0\" cellpadding=\"0\">\n<tbody>\n<tr class=\"firstRow\">\n<td valign=\"center\" width=\"132\">S\u1ed1 hi\u1ec7u m\u1eabu<\/td>\n<td valign=\"center\" width=\"491\">M1, M2, M3, M4, M5, M8, M12, v.v.<\/td>\n<\/tr>\n<tr>\n<td valign=\"center\" width=\"132\">V\u1eadt li\u1ec7u<\/td>\n<td valign=\"center\" width=\"491\">\u0110\u1ed3ng thau, th\u00e9p C45, th\u00e9p kh\u00f4ng g\u1ec9, \u0111\u1ed3ng, POM, nh\u00f4m, h\u1ee3p kim, v.v.<\/td>\n<\/tr>\n<tr>\n<td valign=\"center\" width=\"132\">X\u1eed l\u00fd b\u1ec1 m\u1eb7t<\/td>\n<td valign=\"center\" width=\"491\">M\u1ea1 k\u1ebdm, m\u1ea1 niken, th\u1ee5 \u0111\u1ed9ng h\u00f3a, oxy h\u00f3a, anot h\u00f3a,<br \/>\nGeomet, Dacromet, Oxit \u0111en, Phosphat h\u00f3a, S\u01a1n t\u0129nh \u0111i\u1ec7n v\u00e0 \u0110i\u1ec7n di<\/td>\n<\/tr>\n<tr>\n<td valign=\"center\" width=\"132\">Ti\u00eau chu\u1ea9n<\/td>\n<td valign=\"center\" width=\"491\">ISO, DIN, ANSI, JIS, BS v\u00e0 Phi ti\u00eau chu\u1ea9n.<\/td>\n<\/tr>\n<tr>\n<td valign=\"center\" width=\"132\">\u0110\u1ed9 ch\u00ednh x\u00e1c<\/td>\n<td valign=\"center\" width=\"491\">DIN6, DIN7, DIN8, DIN9.<\/td>\n<\/tr>\n<tr>\n<td valign=\"center\" width=\"132\">\u0110i\u1ec1u tr\u1ecb r\u0103ng<\/td>\n<td valign=\"center\" width=\"491\">L\u00e0m c\u1ee9ng, nghi\u1ec1n ho\u1eb7c xay<\/td>\n<\/tr>\n<tr>\n<td valign=\"center\" width=\"132\">S\u1ee9c ch\u1ecbu \u0111\u1ef1ng<\/td>\n<td valign=\"center\" width=\"491\">0,001mm-0,01mm-0,1mm<\/td>\n<\/tr>\n<tr>\n<td valign=\"center\" width=\"132\">Ho\u00e0n th\u00e0nh<\/td>\n<td valign=\"center\" width=\"491\">phun c\u00e1t, x\u1eed l\u00fd nhi\u1ec7t, \u1ee7, ram, \u0111\u00e1nh b\u00f3ng, anot h\u00f3a, m\u1ea1 k\u1ebdm<\/td>\n<\/tr>\n<tr>\n<td valign=\"center\" width=\"132\">\u0110\u00f3ng g\u00f3i c\u00e1c m\u1eb7t h\u00e0ng<\/td>\n<td valign=\"center\" width=\"491\">T\u00fai nh\u1ef1a + Th\u00f9ng carton ho\u1eb7c Bao b\u00ec b\u1eb1ng g\u1ed7<\/td>\n<\/tr>\n<tr>\n<td valign=\"center\" width=\"132\">\u0110i\u1ec1u kho\u1ea3n thanh to\u00e1n<\/td>\n<td valign=\"center\" width=\"491\">T\/T, L\/C<\/td>\n<\/tr>\n<tr>\n<td valign=\"center\" width=\"132\">Th\u1eddi gian s\u1ea3n xu\u1ea5t<\/td>\n<td valign=\"center\" width=\"491\">20 ng\u00e0y l\u00e0m vi\u1ec7c cho m\u1eabu, 25 ng\u00e0y cho s\u1ed1 l\u01b0\u1ee3ng l\u1edbn<\/td>\n<\/tr>\n<tr>\n<td valign=\"center\" width=\"132\">M\u1eabu<\/td>\n<td valign=\"center\" width=\"491\">Gi\u00e1 m\u1eabu dao \u0111\u1ed9ng t\u1eeb $2 \u0111\u1ebfn $100.<br \/>\nm\u1eabu y\u00eau c\u1ea7u chuy\u1ec3n ph\u00e1t nhanh \u0111\u01b0\u1ee3c kh\u00e1ch h\u00e0ng thanh to\u00e1n<\/td>\n<\/tr>\n<tr>\n<td valign=\"center\" width=\"132\">\u1ee8ng d\u1ee5ng<\/td>\n<td valign=\"center\" width=\"491\">1. M\u00e1y \u0111i\u1ec1u khi\u1ec3n t\u1ef1 \u0111\u1ed9ng<br \/>\n2. Ng\u00e0nh c\u00f4ng nghi\u1ec7p b\u00e1n d\u1eabn<br \/>\n3. M\u00e1y m\u00f3c c\u00f4ng nghi\u1ec7p n\u00f3i chung<br \/>\n4. Thi\u1ebft b\u1ecb y t\u1ebf<br \/>\n5. Thi\u1ebft b\u1ecb n\u0103ng l\u01b0\u1ee3ng m\u1eb7t tr\u1eddi<br \/>\n6. M\u00e1y c\u00f4ng c\u1ee5<br \/>\n7. H\u1ec7 th\u1ed1ng \u0111\u1ed7 xe<br \/>\n8. Thi\u1ebft b\u1ecb v\u1eadn t\u1ea3i \u0111\u01b0\u1eddng s\u1eaft cao t\u1ed1c v\u00e0 h\u00e0ng kh\u00f4ng, v.v.<\/td>\n<\/tr>\n<\/tbody>\n<\/table>\n<p><img loading=\"lazy\" decoding=\"async\" class=\"size-full wp-image-7220 aligncenter\" src=\"https:\/\/fmp-components.com\/wp-content\/uploads\/2025\/03\/worm-gear-shaft-1-1.webp\" alt=\"tr\u1ee5c v\u00edt-b\u00e1nh r\u0103ng\" width=\"830\" height=\"728\" title=\"\" srcset=\"https:\/\/fmp-components.com\/wp-content\/uploads\/2025\/03\/worm-gear-shaft-1-1.webp 830w, https:\/\/fmp-components.com\/wp-content\/uploads\/2025\/03\/worm-gear-shaft-1-1-480x421.webp 480w\" sizes=\"(min-width: 0px) and (max-width: 480px) 480px, (min-width: 481px) 830px, 100vw\" \/><\/p>\n<div>\n<h3>M\u1ed1i quan h\u1ec7 gi\u1eefa tr\u1ee5c b\u00e1nh r\u0103ng tr\u1ee5c v\u00edt v\u00e0 h\u1ed9p s\u1ed1 tr\u1ee5c v\u00edt<\/h3>\n<p class=\"break-words\">H\u1ed9p s\u1ed1 tr\u1ee5c v\u00edt l\u00e0 m\u1ed9t h\u1ec7 th\u1ed1ng b\u00e1nh r\u0103ng chuy\u00ean d\u1ee5ng \u0111\u01b0\u1ee3c thi\u1ebft k\u1ebf \u0111\u1ec3 gi\u1ea3m t\u1ed1c \u0111\u1ed9 quay \u0111\u1ed3ng th\u1eddi t\u0103ng m\u00f4-men xo\u1eafn, l\u00fd t\u01b0\u1edfng cho nhi\u1ec1u \u1ee9ng d\u1ee5ng c\u00f4ng nghi\u1ec7p kh\u00e1c nhau. V\u1ec1 c\u01a1 b\u1ea3n, n\u00f3 bao g\u1ed3m hai th\u00e0nh ph\u1ea7n ch\u00ednh: tr\u1ee5c v\u00edt v\u00e0 b\u00e1nh r\u0103ng tr\u1ee5c v\u00edt. Tr\u1ee5c v\u00edt, tr\u00f4ng gi\u1ed1ng nh\u01b0 m\u1ed9t tr\u1ee5c v\u00edt, \u0111\u01b0\u1ee3c l\u1eafp tr\u00ean tr\u1ee5c \u0111\u1ea7u v\u00e0o (th\u01b0\u1eddng \u0111\u01b0\u1ee3c g\u1ecdi l\u00e0 tr\u1ee5c v\u00edt). Tr\u1ee5c v\u00edt n\u00e0y \u0103n kh\u1edbp v\u1edbi b\u00e1nh r\u0103ng tr\u1ee5c v\u00edt, m\u1ed9t b\u00e1nh r\u0103ng c\u00f3 r\u0103ng \u0111\u01b0\u1ee3c thi\u1ebft k\u1ebf \u0111\u1eb7c bi\u1ec7t \u0111\u1ec3 \u0103n kh\u1edbp v\u1edbi tr\u1ee5c v\u00edt. B\u00e1nh r\u0103ng tr\u1ee5c v\u00edt, ng\u01b0\u1ee3c l\u1ea1i, \u0111\u01b0\u1ee3c l\u1eafp tr\u00ean tr\u1ee5c \u0111\u1ea7u ra, \u0111\u00f4i khi \u0111\u01b0\u1ee3c g\u1ecdi l\u00e0 tr\u1ee5c b\u00e1nh r\u0103ng tr\u1ee5c v\u00edt.<\/p>\n<p class=\"break-words\">M\u1ed1i quan h\u1ec7 gi\u1eefa tr\u1ee5c b\u00e1nh r\u0103ng v\u00edt v\u00e0 h\u1ed9p s\u1ed1 v\u00edt r\u1ea5t \u0111\u01a1n gi\u1ea3n nh\u01b0ng l\u1ea1i r\u1ea5t quan tr\u1ecdng: tr\u1ee5c b\u00e1nh r\u0103ng v\u00edt \u0111\u00f3ng vai tr\u00f2 l\u00e0 tr\u1ee5c ra c\u1ee7a h\u1ed9p s\u1ed1 v\u00edt. N\u00f3 mang b\u00e1nh r\u0103ng v\u00edt, \u0111\u01b0\u1ee3c d\u1eabn \u0111\u1ed9ng b\u1edfi tr\u1ee5c v\u00edt. S\u1ef1 t\u01b0\u01a1ng t\u00e1c n\u00e0y cho ph\u00e9p h\u1ed9p s\u1ed1 chuy\u1ec3n \u0111\u1ed5i \u0111\u1ea7u v\u00e0o t\u1ed1c \u0111\u1ed9 cao, m\u00f4-men xo\u1eafn th\u1ea5p (t\u1eeb tr\u1ee5c v\u00edt) th\u00e0nh \u0111\u1ea7u ra t\u1ed1c \u0111\u1ed9 th\u1ea5p, m\u00f4-men xo\u1eafn cao (th\u00f4ng qua tr\u1ee5c b\u00e1nh r\u0103ng v\u00edt). C\u1ea5u h\u00ecnh \u0111\u1ed9c \u0111\u00e1o n\u00e0y mang l\u1ea1i m\u1ed9t s\u1ed1 l\u1ee3i th\u1ebf, bao g\u1ed3m:<\/p>\n<ul class=\"marker:text-secondary\">\n<li class=\"break-words\"><strong>Nh\u00e2n m\u00f4-men xo\u1eafn cao<\/strong>: L\u00fd t\u01b0\u1edfng cho m\u00e1y m\u00f3c h\u1ea1ng n\u1eb7ng.<\/li>\n<li class=\"break-words\"><strong>Thi\u1ebft k\u1ebf nh\u1ecf g\u1ecdn<\/strong>: Th\u00edch h\u1ee3p cho c\u00e1c \u1ee9ng d\u1ee5ng c\u00f3 kh\u00f4ng gian h\u1ea1n ch\u1ebf.<\/li>\n<li class=\"break-words\"><strong>Kh\u1ea3 n\u0103ng t\u1ef1 kh\u00f3a<\/strong>: Ng\u0103n ch\u1eb7n t\u00ecnh tr\u1ea1ng l\u00e1i ng\u01b0\u1ee3c trong m\u1ed9t s\u1ed1 thi\u1ebft k\u1ebf, t\u0103ng c\u01b0\u1eddng \u0111\u1ed9 an to\u00e0n.<\/li>\n<\/ul>\n<p class=\"break-words\">T\u00f3m l\u1ea1i, tr\u1ee5c b\u00e1nh r\u0103ng tr\u1ee5c v\u00edt l\u00e0 m\u1ed9t b\u1ed9 ph\u1eadn kh\u00f4ng th\u1ec3 thi\u1ebfu c\u1ee7a h\u1ed9p s\u1ed1 tr\u1ee5c v\u00edt, \u0111\u00f3ng vai tr\u00f2 quan tr\u1ecdng trong vi\u1ec7c truy\u1ec1n chuy\u1ec3n \u0111\u1ed9ng v\u00e0 m\u00f4-men xo\u1eafn \u0111\u00e3 \u0111i\u1ec1u ch\u1ec9nh \u0111\u1ebfn thi\u1ebft b\u1ecb \u0111\u01b0\u1ee3c d\u1eabn \u0111\u1ed9ng.<\/p>\n<h3>C\u00e1c s\u1ea3n ph\u1ea9m h\u1ed9p s\u1ed1 tr\u1ee5c v\u00edt c\u1ee7a c\u00f4ng ty ch\u00fang t\u00f4i<\/h3>\n<p class=\"break-words\">T\u1ea1i c\u00f4ng ty ch\u00fang t\u00f4i, ch\u00fang t\u00f4i chuy\u00ean s\u1ea3n xu\u1ea5t \u0111a d\u1ea1ng c\u00e1c lo\u1ea1i h\u1ed9p s\u1ed1 tr\u1ee5c v\u00edt \u0111\u01b0\u1ee3c thi\u1ebft k\u1ebf ri\u00eang \u0111\u1ec3 \u0111\u00e1p \u1ee9ng c\u00e1c nhu c\u1ea7u c\u00f4ng nghi\u1ec7p \u0111a d\u1ea1ng. Cho d\u00f9 b\u1ea1n c\u1ea7n c\u00e1c m\u1eabu ti\u00eau chu\u1ea9n cho c\u00e1c \u1ee9ng d\u1ee5ng chung hay c\u00e1c gi\u1ea3i ph\u00e1p t\u00f9y ch\u1ec9nh cho c\u00e1c y\u00eau c\u1ea7u c\u1ee5 th\u1ec3, ch\u00fang t\u00f4i \u0111\u1ec1u c\u00f3 chuy\u00ean m\u00f4n v\u00e0 n\u0103ng l\u1ef1c \u0111\u1ec3 cung c\u1ea5p c\u00e1c s\u1ea3n ph\u1ea9m ch\u1ea5t l\u01b0\u1ee3ng cao. H\u1ed9p s\u1ed1 tr\u1ee5c v\u00edt c\u1ee7a ch\u00fang t\u00f4i \u0111\u01b0\u1ee3c thi\u1ebft k\u1ebf t\u1eadp trung v\u00e0o:<\/p>\n<ul class=\"marker:text-secondary\">\n<li class=\"break-words\"><strong>\u0110\u1ed9 b\u1ec1n<\/strong>: \u0110\u01b0\u1ee3c x\u00e2y d\u1ef1ng \u0111\u1ec3 ch\u1ecbu \u0111\u01b0\u1ee3c nh\u1eefng \u0111i\u1ec1u ki\u1ec7n kh\u1eafc nghi\u1ec7t.<\/li>\n<li class=\"break-words\"><strong>Hi\u1ec7u qu\u1ea3<\/strong>: \u0110\u01b0\u1ee3c t\u1ed1i \u01b0u h\u00f3a \u0111\u1ec3 t\u0103ng hi\u1ec7u su\u1ea5t v\u00e0 ti\u1ebft ki\u1ec7m n\u0103ng l\u01b0\u1ee3ng.<\/li>\n<li class=\"break-words\"><strong>T\u00ednh linh ho\u1ea1t<\/strong>: Th\u00edch h\u1ee3p cho c\u00e1c ng\u00e0nh c\u00f4ng nghi\u1ec7p nh\u01b0 s\u1ea3n xu\u1ea5t, t\u1ef1 \u0111\u1ed9ng h\u00f3a v\u00e0 x\u1eed l\u00fd v\u1eadt li\u1ec7u.<\/li>\n<\/ul>\n<p class=\"break-words\">N\u1ebfu b\u1ea1n c\u00f3 b\u1ea5t k\u1ef3 nhu c\u1ea7u n\u00e0o v\u1ec1 h\u1ed9p s\u1ed1 tr\u1ee5c v\u00edt\u2014cho b\u0103ng t\u1ea3i, thang m\u00e1y hay c\u00e1c lo\u1ea1i m\u00e1y m\u00f3c kh\u00e1c\u2014h\u00e3y li\u00ean h\u1ec7 v\u1edbi ch\u00fang t\u00f4i. \u0110\u1ed9i ng\u0169 c\u1ee7a ch\u00fang t\u00f4i s\u1eb5n s\u00e0ng cung c\u1ea5p t\u01b0 v\u1ea5n chuy\u00ean m\u00f4n, th\u00f4ng tin chi ti\u1ebft v\u00e0 h\u1ed7 tr\u1ee3 c\u00e1 nh\u00e2n \u0111\u1ec3 \u0111\u1ea3m b\u1ea3o b\u1ea1n t\u00ecm \u0111\u01b0\u1ee3c gi\u1ea3i ph\u00e1p ho\u00e0n h\u1ea3o cho \u1ee9ng d\u1ee5ng c\u1ee7a m\u00ecnh. H\u00e3y li\u00ean h\u1ec7 ngay h\u00f4m nay \u0111\u1ec3 th\u1ea3o lu\u1eadn v\u1ec1 c\u00e1ch ch\u00fang t\u00f4i c\u00f3 th\u1ec3 h\u1ed7 tr\u1ee3 b\u1ea1n!<\/p>\n<table style=\"width: 100%;\" border=\"0\" width=\"100%\" cellspacing=\"0\" cellpadding=\"0\">\n<tbody>\n<tr style=\"height: 14.40pt;\">\n<td style=\"height: 14.40pt; width: 49.80pt;\" width=\"83\" height=\"24\"><img loading=\"lazy\" decoding=\"async\" class=\"size-full wp-image-7223 aligncenter\" src=\"https:\/\/fmp-components.com\/wp-content\/uploads\/2025\/03\/The-relationship-between-worm-gear-shaft-and-worm-gearbox.webp\" alt=\"M\u1ed1i quan h\u1ec7 gi\u1eefa tr\u1ee5c v\u00edt v\u00e0 h\u1ed9p s\u1ed1 v\u00edt2\" width=\"1000\" height=\"667\" title=\"\" srcset=\"https:\/\/fmp-components.com\/wp-content\/uploads\/2025\/03\/The-relationship-between-worm-gear-shaft-and-worm-gearbox.webp 1000w, https:\/\/fmp-components.com\/wp-content\/uploads\/2025\/03\/The-relationship-between-worm-gear-shaft-and-worm-gearbox-980x654.webp 980w, https:\/\/fmp-components.com\/wp-content\/uploads\/2025\/03\/The-relationship-between-worm-gear-shaft-and-worm-gearbox-480x320.webp 480w\" sizes=\"(min-width: 0px) and (max-width: 480px) 480px, (min-width: 481px) and (max-width: 980px) 980px, (min-width: 981px) 1000px, 100vw\" \/><\/td>\n<td style=\"width: 48.00pt;\" align=\"right\" width=\"80\"><img loading=\"lazy\" decoding=\"async\" class=\"wp-image-7224 alignnone\" src=\"https:\/\/fmp-components.com\/wp-content\/uploads\/2025\/03\/Worm-Gear-Shaft-Applications-2.webp\" alt=\"\u1ee8ng d\u1ee5ng tr\u1ee5c b\u00e1nh r\u0103ng tr\u1ee5c v\u00edt-2\" width=\"476\" height=\"318\" title=\"\"><\/td>\n<\/tr>\n<tr style=\"height: 14.40pt;\">\n<td style=\"height: 14.40pt;\" height=\"24\"><img loading=\"lazy\" decoding=\"async\" class=\"size-full wp-image-7225 aligncenter\" src=\"https:\/\/fmp-components.com\/wp-content\/uploads\/2025\/03\/The-relationship-between-worm-gear-shaft-and-worm-gearbox3.webp\" alt=\"M\u1ed1i quan h\u1ec7 gi\u1eefa tr\u1ee5c v\u00edt v\u00e0 h\u1ed9p s\u1ed1 v\u00edt3\" width=\"1000\" height=\"662\" title=\"\" srcset=\"https:\/\/fmp-components.com\/wp-content\/uploads\/2025\/03\/The-relationship-between-worm-gear-shaft-and-worm-gearbox3.webp 1000w, https:\/\/fmp-components.com\/wp-content\/uploads\/2025\/03\/The-relationship-between-worm-gear-shaft-and-worm-gearbox3-980x649.webp 980w, https:\/\/fmp-components.com\/wp-content\/uploads\/2025\/03\/The-relationship-between-worm-gear-shaft-and-worm-gearbox3-480x318.webp 480w\" sizes=\"(min-width: 0px) and (max-width: 480px) 480px, (min-width: 481px) and (max-width: 980px) 980px, (min-width: 981px) 1000px, 100vw\" \/><\/td>\n<td align=\"right\"><img loading=\"lazy\" decoding=\"async\" class=\"size-full wp-image-7222 aligncenter\" src=\"https:\/\/fmp-components.com\/wp-content\/uploads\/2025\/03\/The-relationship-between-worm-gear-shaft-and-worm-gearbox2.webp\" alt=\"M\u1ed1i quan h\u1ec7 gi\u1eefa tr\u1ee5c v\u00edt v\u00e0 h\u1ed9p s\u1ed1 v\u00edt2\" width=\"1000\" height=\"667\" title=\"\" srcset=\"https:\/\/fmp-components.com\/wp-content\/uploads\/2025\/03\/The-relationship-between-worm-gear-shaft-and-worm-gearbox2.webp 1000w, https:\/\/fmp-components.com\/wp-content\/uploads\/2025\/03\/The-relationship-between-worm-gear-shaft-and-worm-gearbox2-980x654.webp 980w, https:\/\/fmp-components.com\/wp-content\/uploads\/2025\/03\/The-relationship-between-worm-gear-shaft-and-worm-gearbox2-480x320.webp 480w\" sizes=\"(min-width: 0px) and (max-width: 480px) 480px, (min-width: 481px) and (max-width: 980px) 980px, (min-width: 981px) 1000px, 100vw\" \/><\/td>\n<\/tr>\n<\/tbody>\n<\/table>\n<\/div>\n<p>&nbsp;<\/p>","protected":false},"excerpt":{"rendered":"<p>A worm gear shaft is a critical mechanical component used in various industries to transmit power and motion between non-parallel shafts, offering high torque and smooth operation. At FMP Company, we specialize in manufacturing a wide range of worm gear shafts, tailored to meet diverse application needs, and we also offer custom solutions to match [&hellip;]<\/p>","protected":false},"featured_media":7221,"comment_status":"open","ping_status":"closed","template":"","meta":{"_et_pb_use_builder":"","_et_pb_old_content":"","_et_gb_content_width":""},"product_brand":[],"product_cat":[107],"product_tag":[],"class_list":{"0":"post-7207","1":"product","2":"type-product","3":"status-publish","4":"has-post-thumbnail","6":"product_cat-worm-gear","8":"first","9":"instock","10":"shipping-taxable","11":"product-type-simple"},"_links":{"self":[{"href":"https:\/\/fmp-components.com\/vi\/wp-json\/wp\/v2\/product\/7207","targetHints":{"allow":["GET"]}}],"collection":[{"href":"https:\/\/fmp-components.com\/vi\/wp-json\/wp\/v2\/product"}],"about":[{"href":"https:\/\/fmp-components.com\/vi\/wp-json\/wp\/v2\/types\/product"}],"replies":[{"embeddable":true,"href":"https:\/\/fmp-components.com\/vi\/wp-json\/wp\/v2\/comments?post=7207"}],"wp:featuredmedia":[{"embeddable":true,"href":"https:\/\/fmp-components.com\/vi\/wp-json\/wp\/v2\/media\/7221"}],"wp:attachment":[{"href":"https:\/\/fmp-components.com\/vi\/wp-json\/wp\/v2\/media?parent=7207"}],"wp:term":[{"taxonomy":"product_brand","embeddable":true,"href":"https:\/\/fmp-components.com\/vi\/wp-json\/wp\/v2\/product_brand?post=7207"},{"taxonomy":"product_cat","embeddable":true,"href":"https:\/\/fmp-components.com\/vi\/wp-json\/wp\/v2\/product_cat?post=7207"},{"taxonomy":"product_tag","embeddable":true,"href":"https:\/\/fmp-components.com\/vi\/wp-json\/wp\/v2\/product_tag?post=7207"}],"curies":[{"name":"wp","href":"https:\/\/api.w.org\/{rel}","templated":true}]}}