{"id":720,"date":"2024-12-18T03:25:17","date_gmt":"2024-12-18T03:25:17","guid":{"rendered":"https:\/\/fmp-components.com\/?page_id=8"},"modified":"2024-12-18T03:37:20","modified_gmt":"2024-12-18T03:37:20","slug":"hydraulic-cylinder-for-jack-up-offshore-platform","status":"publish","type":"product","link":"https:\/\/fmp-components.com\/vi\/product\/hydraulic-cylinder-for-jack-up-offshore-platform\/","title":{"rendered":"Xi lanh th\u1ee7y l\u1ef1c cho gi\u00e0n khoan ngo\u00e0i kh\u01a1i"},"content":{"rendered":"<p style=\"text-align: center;\"><span style=\"font-size: 18pt;\">Xi lanh th\u1ee7y l\u1ef1c cho gi\u00e0n khoan ngo\u00e0i kh\u01a1i<\/span><\/p>\n<p>Xy lanh th\u1ee7y l\u1ef1c cho gi\u00e0n khoan t\u1ef1 n\u00e2ng ngo\u00e0i kh\u01a1i l\u00e0 m\u1ed9t b\u1ed9 ph\u1eadn quan tr\u1ecdng \u0111\u01b0\u1ee3c thi\u1ebft k\u1ebf \u0111\u1ec3 cung c\u1ea5p kh\u1ea3 n\u0103ng n\u00e2ng h\u1ea1 \u0111\u00e1ng tin c\u1eady cho ch\u00e2n gi\u00e0n khoan t\u1ef1 n\u00e2ng \u0111\u01b0\u1ee3c s\u1eed d\u1ee5ng trong khoan v\u00e0 x\u00e2y d\u1ef1ng ngo\u00e0i kh\u01a1i. Xy lanh n\u00e0y \u0111\u00f3ng vai tr\u00f2 thi\u1ebft y\u1ebfu trong vi\u1ec7c \u0111\u1ea3m b\u1ea3o s\u1ef1 \u1ed5n \u0111\u1ecbnh v\u00e0 an to\u00e0n c\u1ee7a gi\u00e0n khoan khi v\u1eadn h\u00e0nh trong m\u00f4i tr\u01b0\u1eddng bi\u1ec3n \u0111\u1ea7y th\u00e1ch th\u1ee9c.<\/p>\n<p><img loading=\"lazy\" decoding=\"async\" class=\"size-full wp-image-728 aligncenter\" src=\"https:\/\/fmp-components.com\/wp-content\/uploads\/2024\/12\/Jack-up-Offshore-Platform-Bolt-Cylinder-Applications.webp\" alt=\"Gi\u00e0n khoan ngo\u00e0i kh\u01a1i Jack-up-Offshore-Platform-Bu-L\u00f4ng-Xi lanh\" width=\"1024\" height=\"557\" title=\"\" srcset=\"https:\/\/fmp-components.com\/wp-content\/uploads\/2024\/12\/Jack-up-Offshore-Platform-Bolt-Cylinder-Applications.webp 1024w, https:\/\/fmp-components.com\/wp-content\/uploads\/2024\/12\/Jack-up-Offshore-Platform-Bolt-Cylinder-Applications-980x533.webp 980w, https:\/\/fmp-components.com\/wp-content\/uploads\/2024\/12\/Jack-up-Offshore-Platform-Bolt-Cylinder-Applications-480x261.webp 480w\" sizes=\"(min-width: 0px) and (max-width: 480px) 480px, (min-width: 481px) and (max-width: 980px) 980px, (min-width: 981px) 1024px, 100vw\" \/><\/p>\n<h4>C\u00e1c t\u00ednh n\u0103ng ch\u00ednh:<\/h4>\n<ul>\n<li><strong>C\u00f4ng su\u1ea5t \u0111\u1ea7u ra cao:<\/strong> \u0110\u01b0\u1ee3c thi\u1ebft k\u1ebf \u0111\u1ec3 t\u1ea1o ra l\u1ef1c th\u1ee7y l\u1ef1c \u0111\u00e1ng k\u1ec3, xi lanh n\u00e0y qu\u1ea3n l\u00fd hi\u1ec7u qu\u1ea3 \u0111\u1ed9 cao c\u1ee7a b\u1ec7, t\u1ea1o \u0111i\u1ec1u ki\u1ec7n \u0111i\u1ec1u ch\u1ec9nh nhanh ch\u00f3ng v\u00e0 ch\u00ednh x\u00e1c trong qu\u00e1 tr\u00ecnh tri\u1ec3n khai v\u00e0 thu h\u1ed3i.<\/li>\n<li><strong>K\u1ebft c\u1ea5u ch\u1eafc ch\u1eafn:<\/strong> \u0110\u01b0\u1ee3c l\u00e0m t\u1eeb v\u1eadt li\u1ec7u c\u00f3 \u0111\u1ed9 b\u1ec1n cao, s\u1ea3n ph\u1ea9m \u0111\u01b0\u1ee3c thi\u1ebft k\u1ebf \u0111\u1ec3 ch\u1ecbu \u0111\u01b0\u1ee3c \u0111i\u1ec1u ki\u1ec7n kh\u1eafc nghi\u1ec7t v\u00e0 \u00e1p su\u1ea5t cao th\u01b0\u1eddng th\u1ea5y trong c\u00e1c ho\u1ea1t \u0111\u1ed9ng ngo\u00e0i kh\u01a1i, \u0111\u1ea3m b\u1ea3o \u0111\u1ed9 b\u1ec1n v\u00e0 \u0111\u1ed9 tin c\u1eady l\u00e2u d\u00e0i.<\/li>\n<li><strong>Ho\u1ea1t \u0111\u1ed9ng tr\u01a1n tru:<\/strong> Thi\u1ebft k\u1ebf th\u1ee7y l\u1ef1c ti\u00ean ti\u1ebfn cho ph\u00e9p chuy\u1ec3n \u0111\u1ed9ng tr\u01a1n tru v\u00e0 c\u00f3 ki\u1ec3m so\u00e1t, n\u00e2ng cao hi\u1ec7u qu\u1ea3 v\u1eadn h\u00e0nh v\u00e0 gi\u1ea3m thi\u1ec3u th\u1eddi gian ch\u1ebft trong c\u00e1c ho\u1ea1t \u0111\u1ed9ng khoan quan tr\u1ecdng.<\/li>\n<li><strong>Kh\u1ea3 n\u0103ng ch\u1ed1ng \u0103n m\u00f2n:<\/strong> \u0110\u01b0\u1ee3c x\u1eed l\u00fd \u0111\u1ec3 ch\u1ed1ng \u0103n m\u00f2n t\u1eeb n\u01b0\u1edbc m\u1eb7n v\u00e0 c\u00e1c y\u1ebfu t\u1ed1 bi\u1ec3n kh\u00e1c, \u0111\u1ea3m b\u1ea3o \u0111\u1ed9 b\u1ec1n v\u00e0 hi\u1ec7u su\u1ea5t \u1ed5n \u0111\u1ecbnh trong m\u00f4i tr\u01b0\u1eddng kh\u1eafc nghi\u1ec7t.<\/li>\n<li><strong>\u1ee8ng d\u1ee5ng \u0111a n\u0103ng:<\/strong> Ph\u00f9 h\u1ee3p v\u1edbi nhi\u1ec1u c\u1ea5u h\u00ecnh gi\u00e0n n\u00e2ng kh\u00e1c nhau, xi lanh th\u1ee7y l\u1ef1c n\u00e0y th\u00edch \u1ee9ng v\u1edbi nhi\u1ec1u nhu c\u1ea7u v\u1eadn h\u00e0nh kh\u00e1c nhau, n\u00e2ng cao ti\u1ec7n \u00edch trong c\u00e1c d\u1ef1 \u00e1n ngo\u00e0i kh\u01a1i.<\/li>\n<\/ul>\n<p>Xi lanh th\u1ee7y l\u1ef1c cho gi\u00e0n khoan ngo\u00e0i kh\u01a1i l\u00e0 thi\u1ebft b\u1ecb kh\u00f4ng th\u1ec3 thi\u1ebfu \u0111\u1ec3 t\u1ed1i \u01b0u h\u00f3a hi\u1ec7u su\u1ea5t v\u00e0 s\u1ef1 an to\u00e0n c\u1ee7a c\u00e1c ho\u1ea1t \u0111\u1ed9ng khoan ngo\u00e0i kh\u01a1i, g\u00f3p ph\u1ea7n \u0111\u00e1ng k\u1ec3 v\u00e0o hi\u1ec7u qu\u1ea3 c\u1ee7a c\u00e1c ho\u1ea1t \u0111\u1ed9ng x\u00e2y d\u1ef1ng h\u00e0ng h\u1ea3i v\u00e0 khai th\u00e1c t\u00e0i nguy\u00ean.<\/p>\n<h2>Xi lanh n\u00e2ng gi\u00e0n khoan ngo\u00e0i kh\u01a1i Jack-up<\/h2>\n<p>Xi lanh n\u00e2ng gi\u00e0n khoan bi\u1ec3n t\u1ef1 n\u00e2ng (Jack-up Offshore Platform Lifting Cylinder) l\u00e0 m\u1ed9t b\u1ed9 ph\u1eadn th\u1ee7y l\u1ef1c quan tr\u1ecdng \u0111\u01b0\u1ee3c thi\u1ebft k\u1ebf \u0111\u1ec3 cung c\u1ea5p l\u1ef1c c\u1ea7n thi\u1ebft cho vi\u1ec7c n\u00e2ng v\u00e0 h\u1ea1 ch\u00e2n gi\u00e0n khoan bi\u1ec3n t\u1ef1 n\u00e2ng trong qu\u00e1 tr\u00ecnh v\u1eadn h\u00e0nh ngo\u00e0i kh\u01a1i. Xi lanh n\u00e0y cho ph\u00e9p ki\u1ec3m so\u00e1t ch\u00ednh x\u00e1c \u0111\u1ed9 cao c\u1ee7a gi\u00e0n khoan, \u0111\u1ea3m b\u1ea3o s\u1ef1 \u1ed5n \u0111\u1ecbnh v\u00e0 an to\u00e0n khi l\u00e0m vi\u1ec7c trong \u0111i\u1ec1u ki\u1ec7n bi\u1ec3n kh\u1eafc nghi\u1ec7t. \u0110\u01b0\u1ee3c ch\u1ebf t\u1ea1o t\u1eeb v\u1eadt li\u1ec7u c\u00f3 \u0111\u1ed9 b\u1ec1n cao, xi lanh n\u00e0y \u0111\u01b0\u1ee3c thi\u1ebft k\u1ebf \u0111\u1ec3 ch\u1ecbu \u0111\u01b0\u1ee3c m\u00f4i tr\u01b0\u1eddng kh\u1eafc nghi\u1ec7t v\u00e0 \u00e1p su\u1ea5t l\u1edbn th\u01b0\u1eddng th\u1ea5y \u1edf c\u00e1c \u1ee9ng d\u1ee5ng ngo\u00e0i kh\u01a1i, \u0111\u1ea3m b\u1ea3o \u0111\u1ed9 b\u1ec1n v\u00e0 \u0111\u1ed9 tin c\u1eady. Ho\u1ea1t \u0111\u1ed9ng th\u1ee7y l\u1ef1c m\u01b0\u1ee3t m\u00e0 cho ph\u00e9p \u0111i\u1ec1u ch\u1ec9nh hi\u1ec7u qu\u1ea3 v\u00e0 nhanh ch\u00f3ng, n\u00e2ng cao hi\u1ec7u qu\u1ea3 v\u1eadn h\u00e0nh v\u00e0 an to\u00e0n trong qu\u00e1 tr\u00ecnh khoan v\u00e0 b\u1ea3o tr\u00ec. Xi lanh n\u00e2ng n\u00e0y r\u1ea5t c\u1ea7n thi\u1ebft \u0111\u1ec3 t\u1ed1i \u01b0u h\u00f3a hi\u1ec7u su\u1ea5t c\u1ee7a gi\u00e0n khoan bi\u1ec3n t\u1ef1 n\u00e2ng, g\u00f3p ph\u1ea7n \u0111\u00e1ng k\u1ec3 v\u00e0o s\u1ef1 th\u00e0nh c\u00f4ng c\u1ee7a c\u00e1c ho\u1ea1t \u0111\u1ed9ng khoan v\u00e0 s\u1ea3n xu\u1ea5t ngo\u00e0i kh\u01a1i.<\/p>\n<p><img loading=\"lazy\" decoding=\"async\" class=\"size-full wp-image-727 aligncenter\" src=\"https:\/\/fmp-components.com\/wp-content\/uploads\/2024\/12\/Jack-up-Offshore-Platform-Lifting-Cylinder.webp\" alt=\"Xi lanh n\u00e2ng gi\u00e0n khoan ngo\u00e0i kh\u01a1i Jack-up\" width=\"500\" height=\"200\" title=\"\" srcset=\"https:\/\/fmp-components.com\/wp-content\/uploads\/2024\/12\/Jack-up-Offshore-Platform-Lifting-Cylinder.webp 500w, https:\/\/fmp-components.com\/wp-content\/uploads\/2024\/12\/Jack-up-Offshore-Platform-Lifting-Cylinder-480x192.webp 480w\" sizes=\"(min-width: 0px) and (max-width: 480px) 480px, (min-width: 481px) 500px, 100vw\" \/><\/p>\n<table border=\"1\" cellspacing=\"0\" cellpadding=\"0\">\n<tbody>\n<tr>\n<td>T\u00ean s\u1ea3n ph\u1ea9m<\/td>\n<td>Xi lanh n\u00e2ng gi\u00e0n khoan ngo\u00e0i kh\u01a1i Jack-up<\/td>\n<\/tr>\n<tr>\n<td>\u0110\u1eb7c tr\u01b0ng:<\/td>\n<td>Th\u1ef1c hi\u1ec7n vi\u1ec7c n\u00e2ng v\u00e0 h\u1ea1 s\u00e0n b\u1eb1ng c\u00e1ch truy\u1ec1n \u0111\u1ed9ng thanh ray<\/td>\n<\/tr>\n<tr>\n<td>\u0110\u01b0\u1eddng k\u00ednh l\u1ed7 khoan:<\/td>\n<td>L\u00ean \u0111\u1ebfn 700mm<\/td>\n<\/tr>\n<tr>\n<td>\u0110\u01b0\u1eddng k\u00ednh thanh:<\/td>\n<td>L\u00ean \u0111\u1ebfn 420mm<br \/>\nH\u00e0nh tr\u00ecnh l\u00ean \u0111\u1ebfn 2150mm<\/td>\n<\/tr>\n<tr>\n<td>\u00c1p l\u1ef1c:<\/td>\n<td>l\u00ean \u0111\u1ebfn 32Mpa<\/td>\n<\/tr>\n<tr>\n<td>C\u1ea3m bi\u1ebfn:<\/td>\n<td>C\u1ea3m bi\u1ebfn d\u1ecbch chuy\u1ec3n b\u00ean ngo\u00e0i c\u00f3 th\u1ec3 \u0111\u01b0\u1ee3c c\u1ea5u h\u00ecnh \u0111\u1ec3 \u0111\u00e1p \u1ee9ng nhu c\u1ea7u b\u1ea3o tr\u00ec v\u00e0 thay th\u1ebf c\u1ea3m bi\u1ebfn m\u00e0 kh\u00f4ng c\u1ea7n th\u00e1o r\u1eddi c\u00e1c xi lanh<\/td>\n<\/tr>\n<tr>\n<td>\u1ee8ng d\u1ee5ng:<\/td>\n<td>Gi\u00e0n khoan ngo\u00e0i kh\u01a1i<\/td>\n<\/tr>\n<\/tbody>\n<\/table>\n<h2>Xi lanh bu l\u00f4ng gi\u00e0n khoan ngo\u00e0i kh\u01a1i n\u00e2ng l\u00ean<\/h2>\n<p>Xi lanh bu l\u00f4ng gi\u00e0n khoan bi\u1ec3n n\u00e2ng l\u00e0 m\u1ed9t b\u1ed9 ph\u1eadn th\u1ee7y l\u1ef1c thi\u1ebft y\u1ebfu \u0111\u01b0\u1ee3c thi\u1ebft k\u1ebf \u0111\u1ec3 h\u1ed7 tr\u1ee3 vi\u1ec7c kh\u00f3a v\u00e0 m\u1edf kh\u00f3a ch\u00e2n gi\u00e0n khoan m\u1ed9t c\u00e1ch an to\u00e0n trong qu\u00e1 tr\u00ecnh v\u1eadn h\u00e0nh. Xi lanh n\u00e0y cung c\u1ea5p l\u1ef1c c\u1ea7n thi\u1ebft \u0111\u1ec3 kh\u00f3a v\u00e0 m\u1edf bu l\u00f4ng kh\u00f3a, \u0111\u1ea3m b\u1ea3o s\u1ef1 \u1ed5n \u0111\u1ecbnh v\u00e0 an to\u00e0n c\u1ee7a gi\u00e0n khoan khi v\u1eadn h\u00e0nh trong nhi\u1ec1u \u0111i\u1ec1u ki\u1ec7n bi\u1ec3n kh\u00e1c nhau. \u0110\u01b0\u1ee3c ch\u1ebf t\u1ea1o t\u1eeb v\u1eadt li\u1ec7u c\u00f3 \u0111\u1ed9 b\u1ec1n cao, xi lanh n\u00e0y \u0111\u01b0\u1ee3c thi\u1ebft k\u1ebf \u0111\u1ec3 ch\u1ecbu \u0111\u01b0\u1ee3c m\u00f4i tr\u01b0\u1eddng v\u00e0 \u00e1p su\u1ea5t kh\u1eafc nghi\u1ec7t th\u01b0\u1eddng th\u1ea5y \u1edf c\u00e1c \u1ee9ng d\u1ee5ng ngo\u00e0i kh\u01a1i, \u0111\u1ea3m b\u1ea3o \u0111\u1ed9 b\u1ec1n v\u00e0 \u0111\u1ed9 tin c\u1eady l\u00e2u d\u00e0i. Ho\u1ea1t \u0111\u1ed9ng th\u1ee7y l\u1ef1c m\u01b0\u1ee3t m\u00e0 cho ph\u00e9p ki\u1ec3m so\u00e1t ch\u00ednh x\u00e1c, n\u00e2ng cao hi\u1ec7u qu\u1ea3 v\u1eadn h\u00e0nh v\u00e0 an to\u00e0n trong qu\u00e1 tr\u00ecnh tri\u1ec3n khai v\u00e0 thu h\u1ed3i. Xi lanh bu l\u00f4ng n\u00e0y r\u1ea5t quan tr\u1ecdng \u0111\u1ec3 t\u1ed1i \u01b0u h\u00f3a hi\u1ec7u su\u1ea5t c\u1ee7a gi\u00e0n khoan bi\u1ec3n n\u00e2ng, g\u00f3p ph\u1ea7n \u0111\u00e1ng k\u1ec3 v\u00e0o hi\u1ec7u qu\u1ea3 c\u1ee7a c\u00e1c ho\u1ea1t \u0111\u1ed9ng khoan v\u00e0 b\u1ea3o tr\u00ec ngo\u00e0i kh\u01a1i.<\/p>\n<p><img loading=\"lazy\" decoding=\"async\" class=\"size-full wp-image-726 aligncenter\" src=\"https:\/\/fmp-components.com\/wp-content\/uploads\/2024\/12\/Jack-up-Offshore-Platform-Bolt-Cylinder.webp\" alt=\"Xi lanh bu l\u00f4ng gi\u00e0n khoan ngo\u00e0i kh\u01a1i n\u00e2ng l\u00ean\" width=\"500\" height=\"200\" title=\"\" srcset=\"https:\/\/fmp-components.com\/wp-content\/uploads\/2024\/12\/Jack-up-Offshore-Platform-Bolt-Cylinder.webp 500w, https:\/\/fmp-components.com\/wp-content\/uploads\/2024\/12\/Jack-up-Offshore-Platform-Bolt-Cylinder-480x192.webp 480w\" sizes=\"(min-width: 0px) and (max-width: 480px) 480px, (min-width: 481px) 500px, 100vw\" \/><\/p>\n<table style=\"width: 100.206%; height: 239px;\" border=\"1\" cellspacing=\"0\" cellpadding=\"0\">\n<tbody>\n<tr style=\"height: 23px;\">\n<td style=\"height: 23px;\">T\u00ean s\u1ea3n ph\u1ea9m<\/td>\n<td style=\"height: 23px;\">Xi lanh bu l\u00f4ng gi\u00e0n khoan ngo\u00e0i kh\u01a1i n\u00e2ng l\u00ean<\/td>\n<\/tr>\n<tr style=\"height: 23px;\">\n<td style=\"height: 23px;\">\u0110\u1eb7c tr\u01b0ng:<\/td>\n<td style=\"height: 23px;\">Ch\u00e8n v\u00e0 k\u00e9o ch\u1ed1t h\u00ecnh tr\u1ee5 tr\u00ean thanh v\u00f2ng \u0111\u1ec3 kh\u00f3a thanh v\u00f2ng<\/td>\n<\/tr>\n<tr style=\"height: 47px;\">\n<td style=\"height: 47px;\">\u0110\u01b0\u1eddng k\u00ednh l\u1ed7 khoan:<\/td>\n<td style=\"height: 47px;\">L\u00ean \u0111\u1ebfn 100mm<\/td>\n<\/tr>\n<tr style=\"height: 23px;\">\n<td style=\"height: 23px;\">\u0110\u01b0\u1eddng k\u00ednh thanh:<\/td>\n<td style=\"height: 23px;\">L\u00ean \u0111\u1ebfn 60mm<\/td>\n<\/tr>\n<tr style=\"height: 23px;\">\n<td style=\"height: 23px;\">\u00c1p l\u1ef1c:<\/td>\n<td style=\"height: 23px;\">L\u00ean \u0111\u1ebfn 32Mpa<\/td>\n<\/tr>\n<tr style=\"height: 47px;\">\n<td style=\"height: 47px;\">C\u1ea3m bi\u1ebfn:<\/td>\n<td style=\"height: 47px;\">C\u00f3 th\u1ec3 \u0111\u01b0\u1ee3c trang b\u1ecb thi\u1ebft b\u1ecb c\u1ea3m bi\u1ebfn d\u1ecbch chuy\u1ec3n t\u00edch h\u1ee3p \u0111\u1ec3 gi\u1ea3m k\u00edch th\u01b0\u1edbc l\u1eafp \u0111\u1eb7t c\u1ee7a xi lanh th\u1ee7y l\u1ef1c<\/td>\n<\/tr>\n<tr style=\"height: 23px;\">\n<td style=\"height: 23px;\">\u1ee8ng d\u1ee5ng:<\/td>\n<td style=\"height: 23px;\">Gi\u00e0n khoan ngo\u00e0i kh\u01a1i<\/td>\n<\/tr>\n<\/tbody>\n<\/table>\n<h2>\u01afu \u0111i\u1ec3m c\u1ee7a xi lanh th\u1ee7y l\u1ef1c gi\u00e0n khoan ngo\u00e0i kh\u01a1i Jack-up<\/h2>\n<ol>\n<li><strong>Kh\u1ea3 n\u0103ng ch\u1ecbu t\u1ea3i cao:<\/strong>\n<ul>\n<li>\u0110\u01b0\u1ee3c thi\u1ebft k\u1ebf \u0111\u1ec3 ch\u1ecbu \u0111\u01b0\u1ee3c t\u1ea3i tr\u1ecdng l\u1edbn, \u0111\u1ea3m b\u1ea3o s\u1ef1 \u1ed5n \u0111\u1ecbnh v\u00e0 an to\u00e0n trong c\u00e1c ho\u1ea1t \u0111\u1ed9ng ngo\u00e0i kh\u01a1i.<\/li>\n<\/ul>\n<\/li>\n<li><strong>Ki\u1ec3m so\u00e1t \u0111\u1ed9 ch\u00ednh x\u00e1c:<\/strong>\n<ul>\n<li>Cho ph\u00e9p \u0111\u1ecbnh v\u1ecb v\u00e0 \u0111i\u1ec1u ch\u1ec9nh ch\u00ednh x\u00e1c c\u00e1c ch\u00e2n c\u1ee7a b\u1ec7, n\u00e2ng cao hi\u1ec7u qu\u1ea3 v\u1eadn h\u00e0nh v\u00e0 an to\u00e0n.<\/li>\n<\/ul>\n<\/li>\n<li><strong>K\u1ebft c\u1ea5u b\u1ec1n b\u1ec9:<\/strong>\n<ul>\n<li>\u0110\u01b0\u1ee3c l\u00e0m t\u1eeb v\u1eadt li\u1ec7u c\u00f3 \u0111\u1ed9 b\u1ec1n cao, ch\u1ecbu \u0111\u01b0\u1ee3c m\u00f4i tr\u01b0\u1eddng bi\u1ec3n kh\u1eafc nghi\u1ec7t v\u00e0 \u00e1p su\u1ea5t cao, \u0111\u1ea3m b\u1ea3o hi\u1ec7u su\u1ea5t l\u00e2u d\u00e0i.<\/li>\n<\/ul>\n<\/li>\n<li><strong>Kh\u1ea3 n\u0103ng ch\u1ed1ng \u0103n m\u00f2n:<\/strong>\n<ul>\n<li>\u0110\u01b0\u1ee3c x\u1eed l\u00fd \u0111\u1ec3 ch\u1ed1ng \u0103n m\u00f2n t\u1eeb n\u01b0\u1edbc bi\u1ec3n v\u00e0 c\u00e1c y\u1ebfu t\u1ed1 bi\u1ec3n kh\u00e1c, k\u00e9o d\u00e0i tu\u1ed5i th\u1ecd c\u1ee7a xi lanh.<\/li>\n<\/ul>\n<\/li>\n<li><strong>Ho\u1ea1t \u0111\u1ed9ng tr\u01a1n tru:<\/strong>\n<ul>\n<li>C\u00f3 thi\u1ebft k\u1ebf th\u1ee7y l\u1ef1c ti\u00ean ti\u1ebfn gi\u00fap chuy\u1ec3n \u0111\u1ed9ng tr\u01a1n tru v\u00e0 hi\u1ec7u qu\u1ea3, gi\u1ea3m thi\u1ec3u hao m\u00f2n h\u1ec7 th\u1ed1ng.<\/li>\n<\/ul>\n<\/li>\n<li><strong>Y\u00eau c\u1ea7u b\u1ea3o tr\u00ec th\u1ea5p:<\/strong>\n<ul>\n<li>\u0110\u01b0\u1ee3c thi\u1ebft k\u1ebf \u0111\u1ec3 \u0111\u1ea3m b\u1ea3o \u0111\u1ed9 tin c\u1eady v\u1edbi nhu c\u1ea7u b\u1ea3o tr\u00ec t\u1ed1i thi\u1ec3u, gi\u1ea3m th\u1eddi gian ng\u1eebng ho\u1ea1t \u0111\u1ed9ng v\u00e0 chi ph\u00ed v\u1eadn h\u00e0nh.<\/li>\n<\/ul>\n<\/li>\n<li><strong>T\u00ednh linh ho\u1ea1t:<\/strong>\n<ul>\n<li>Ph\u00f9 h\u1ee3p v\u1edbi nhi\u1ec1u c\u1ea5u h\u00ecnh gi\u00e0n n\u00e2ng kh\u00e1c nhau v\u00e0 c\u00f3 th\u1ec3 th\u00edch \u1ee9ng v\u1edbi nhi\u1ec1u \u1ee9ng d\u1ee5ng ngo\u00e0i kh\u01a1i kh\u00e1c nhau, n\u00e2ng cao ti\u1ec7n \u00edch c\u1ee7a gi\u00e0n.<\/li>\n<\/ul>\n<\/li>\n<li><strong>T\u0103ng c\u01b0\u1eddng an to\u00e0n:<\/strong>\n<ul>\n<li>T\u00edch h\u1ee3p c\u00e1c t\u00ednh n\u0103ng an to\u00e0n \u0111\u1ec3 ng\u0103n ng\u1eeba vi\u1ec7c k\u00edch ho\u1ea1t ng\u1eabu nhi\u00ean v\u00e0 \u0111\u1ea3m b\u1ea3o kh\u00f3a an to\u00e0n trong qu\u00e1 tr\u00ecnh v\u1eadn h\u00e0nh.<\/li>\n<\/ul>\n<\/li>\n<li><strong>Ph\u1ea3n \u1ee9ng nhanh:<\/strong>\n<ul>\n<li>Cung c\u1ea5p kh\u1ea3 n\u0103ng \u0111i\u1ec1u ch\u1ec9nh nhanh ch\u00f3ng, cho ph\u00e9p tri\u1ec3n khai v\u00e0 thu h\u1ed3i n\u1ec1n t\u1ea3ng m\u1ed9t c\u00e1ch hi\u1ec7u qu\u1ea3 \u0111\u1ec3 \u1ee9ng ph\u00f3 v\u1edbi nh\u1eefng thay \u0111\u1ed5i trong \u0111i\u1ec1u ki\u1ec7n.<\/li>\n<\/ul>\n<\/li>\n<li><strong>N\u00e2ng cao hi\u1ec7u qu\u1ea3 ho\u1ea1t \u0111\u1ed9ng:<\/strong>\n<ul>\n<li>G\u00f3p ph\u1ea7n \u0111\u1ea9y nhanh qu\u00e1 tr\u00ecnh khoan v\u00e0 x\u00e2y d\u1ef1ng, t\u1ed1i \u0111a h\u00f3a n\u0103ng su\u1ea5t trong c\u00e1c d\u1ef1 \u00e1n ngo\u00e0i kh\u01a1i.<\/li>\n<\/ul>\n<\/li>\n<\/ol>\n<p>Nh\u1eefng \u01b0u \u0111i\u1ec3m n\u00e0y khi\u1ebfn xi lanh th\u1ee7y l\u1ef1c tr\u1edf th\u00e0nh m\u1ed9t th\u00e0nh ph\u1ea7n thi\u1ebft y\u1ebfu \u0111\u1ec3 t\u1ed1i \u01b0u h\u00f3a hi\u1ec7u su\u1ea5t v\u00e0 \u0111\u1ed9 tin c\u1eady c\u1ee7a gi\u00e0n khoan ngo\u00e0i kh\u01a1i trong nhi\u1ec1u ho\u1ea1t \u0111\u1ed9ng h\u00e0ng h\u1ea3i kh\u00e1c nhau.<\/p>\n<p><img loading=\"lazy\" decoding=\"async\" class=\"alignnone size-full wp-image-731\" src=\"https:\/\/fmp-components.com\/wp-content\/uploads\/2024\/12\/Jack-up-Offshore-Platform-Lifting-Cylinder-1.webp\" alt=\"Gi\u00e0n khoan ngo\u00e0i kh\u01a1i Jack-up\" width=\"1000\" height=\"560\" title=\"\" srcset=\"https:\/\/fmp-components.com\/wp-content\/uploads\/2024\/12\/Jack-up-Offshore-Platform-Lifting-Cylinder-1.webp 1000w, https:\/\/fmp-components.com\/wp-content\/uploads\/2024\/12\/Jack-up-Offshore-Platform-Lifting-Cylinder-1-980x549.webp 980w, https:\/\/fmp-components.com\/wp-content\/uploads\/2024\/12\/Jack-up-Offshore-Platform-Lifting-Cylinder-1-480x269.webp 480w\" sizes=\"(min-width: 0px) and (max-width: 480px) 480px, (min-width: 481px) and (max-width: 980px) 980px, (min-width: 981px) 1000px, 100vw\" \/><\/p>\n<h3>Gi\u1edbi thi\u1ec7u v\u1ec1 FMP<\/h3>\n<p>FMP l\u00e0 m\u1ed9t c\u00f4ng ty s\u1ea3n xu\u1ea5t c\u01a1 kh\u00ed chuy\u00ean bi\u1ec7t, chuy\u00ean s\u1ea3n xu\u1ea5t xi lanh th\u1ee7y l\u1ef1c. K\u1ec3 t\u1eeb khi th\u00e0nh l\u1eadp, c\u00f4ng ty \u0111\u00e3 t\u1eadp trung v\u00e0o nghi\u00ean c\u1ee9u v\u00e0 s\u1ea3n xu\u1ea5t c\u00f4ng ngh\u1ec7 th\u1ee7y l\u1ef1c, chuy\u1ec3n \u0111\u1ed5i th\u00e0nh c\u00f4ng t\u1eeb danh m\u1ee5c s\u1ea3n ph\u1ea9m \u0111a d\u1ea1ng, bao g\u1ed3m m\u00e1y m\u00f3c thu ho\u1ea1ch v\u00e0 x\u00e2y d\u1ef1ng, sang chuy\u00ean v\u1ec1 linh ki\u1ec7n m\u00e1y k\u00e9o n\u00f4ng nghi\u1ec7p. V\u1edbi h\u01a1n m\u1ed9t th\u1eadp k\u1ef7 kinh nghi\u1ec7m trong s\u1ea3n xu\u1ea5t v\u00e0 qu\u1ea3n l\u00fd, FMP \u0111\u1ea3m b\u1ea3o s\u1ea3n ph\u1ea9m ch\u1ea5t l\u01b0\u1ee3ng cao th\u00f4ng qua c\u00e1c k\u1ef9 thu\u1eadt s\u1ea3n xu\u1ea5t ti\u00ean ti\u1ebfn.<\/p>\n<p>Trong qu\u00e1 tr\u00ecnh ph\u00e1t tri\u1ec3n, c\u00f4ng ty \u0111\u00e3 x\u00e2y d\u1ef1ng \u0111\u01b0\u1ee3c d\u00e2y chuy\u1ec1n s\u1ea3n xu\u1ea5t gia c\u00f4ng, d\u00e2y chuy\u1ec1n l\u1eafp r\u00e1p v\u00e0 d\u00e2y chuy\u1ec1n s\u01a1n ph\u1ee7 to\u00e0n di\u1ec7n. \u0110\u1ed9i ng\u0169 c\u1ee7a ch\u00fang t\u00f4i bao g\u1ed3m \u0111\u1ed9i ng\u0169 qu\u1ea3n l\u00fd l\u00e0nh ngh\u1ec1, \u0111\u1ed9i ng\u0169 thi\u1ebft k\u1ebf c\u01a1 kh\u00ed gi\u00e0u kinh nghi\u1ec7m v\u00e0 \u0111\u1ed9i ng\u0169 k\u1ef9 thu\u1eadt vi\u00ean \u0111\u01b0\u1ee3c \u0111\u00e0o t\u1ea1o b\u00e0i b\u1ea3n, c\u00f9ng nhau duy tr\u00ec ch\u1ea5t l\u01b0\u1ee3ng s\u1ea3n xu\u1ea5t \u1ed5n \u0111\u1ecbnh, \u0111\u1ed3ng th\u1eddi ki\u1ec3m so\u00e1t hi\u1ec7u qu\u1ea3 t\u00ednh li\u00ean t\u1ee5c v\u00e0 hi\u1ec7u qu\u1ea3 c\u1ee7a quy tr\u00ecnh.<\/p>\n<p>FMP duy tr\u00ec tri\u1ebft l\u00fd \u201c\u0110\u1ed5i m\u1edbi c\u00f4ng ngh\u1ec7 th\u00fac \u0111\u1ea9y ti\u1ebfn b\u1ed9, Ch\u1ea5t l\u01b0\u1ee3ng t\u1ea1o n\u00ean th\u01b0\u01a1ng hi\u1ec7u, Tay ngh\u1ec1 \u0111\u1ea3m b\u1ea3o ch\u1ea5t l\u01b0\u1ee3ng v\u00e0 X\u00e2y d\u1ef1ng m\u1ed1i quan h\u1ec7 \u0111\u00f4i b\u00ean c\u00f9ng c\u00f3 l\u1ee3i l\u00e2u d\u00e0i\u201d. Cam k\u1ebft cung c\u1ea5p s\u1ea3n ph\u1ea9m ch\u1ea5t l\u01b0\u1ee3ng cao v\u00e0 d\u1ecbch v\u1ee5 kh\u00e1ch h\u00e0ng v\u01b0\u1ee3t tr\u1ed9i v\u1eabn l\u00e0 m\u1ee5c ti\u00eau c\u1ed1t l\u00f5i khi ch\u00fang t\u00f4i ti\u1ebfp t\u1ee5c \u0111\u00e1p \u1ee9ng nhu c\u1ea7u ng\u00e0y c\u00e0ng thay \u0111\u1ed5i c\u1ee7a th\u1ecb tr\u01b0\u1eddng.<\/p>\n<p><img loading=\"lazy\" decoding=\"async\" class=\"alignnone size-full wp-image-426\" src=\"https:\/\/fmp-components.com\/wp-content\/uploads\/2024\/12\/Sanitation-Machinery-Locking-Hydraulic-Cylinder-factory.webp\" sizes=\"(min-width: 0px) and (max-width: 480px) 480px, (min-width: 481px) and (max-width: 980px) 980px, (min-width: 981px) and (max-width: 1280px) 1280px, (min-width: 1281px) 1414px, 100vw\" srcset=\"https:\/\/fmp-components.com\/wp-content\/uploads\/2024\/12\/Sanitation-Machinery-Locking-Hydraulic-Cylinder-factory.webp 1414w, https:\/\/fmp-components.com\/wp-content\/uploads\/2024\/12\/Sanitation-Machinery-Locking-Hydraulic-Cylinder-factory-1280x529.webp 1280w, https:\/\/fmp-components.com\/wp-content\/uploads\/2024\/12\/Sanitation-Machinery-Locking-Hydraulic-Cylinder-factory-980x405.webp 980w, https:\/\/fmp-components.com\/wp-content\/uploads\/2024\/12\/Sanitation-Machinery-Locking-Hydraulic-Cylinder-factory-480x198.webp 480w\" alt=\"Nh\u00e0 m\u00e1y xi lanh th\u1ee7y l\u1ef1c kh\u00f3a m\u00e1y v\u1ec7 sinh\" width=\"1414\" height=\"584\" title=\"\"><\/p>\n<p>T\u00e1c gi\u1ea3: CX<\/p>","protected":false},"excerpt":{"rendered":"<p>Xy lanh th\u1ee7y l\u1ef1c cho gi\u00e0n khoan t\u1ef1 n\u00e2ng ngo\u00e0i kh\u01a1i l\u00e0 m\u1ed9t b\u1ed9 ph\u1eadn quan tr\u1ecdng \u0111\u01b0\u1ee3c thi\u1ebft k\u1ebf \u0111\u1ec3 cung c\u1ea5p l\u1ef1c n\u00e2ng v\u00e0 h\u1ea1 c\u1ea7n thi\u1ebft cho ch\u00e2n gi\u00e0n khoan t\u1ef1 n\u00e2ng trong qu\u00e1 tr\u00ecnh tri\u1ec3n khai v\u00e0 \u0111\u1ecbnh v\u1ecb ngo\u00e0i kh\u01a1i. Xy lanh n\u00e0y cho ph\u00e9p ki\u1ec3m so\u00e1t ch\u00ednh x\u00e1c \u0111\u1ed9 cao c\u1ee7a gi\u00e0n khoan, \u0111\u1ea3m b\u1ea3o s\u1ef1 \u1ed5n \u0111\u1ecbnh v\u00e0 an to\u00e0n khi v\u1eadn h\u00e0nh trong nhi\u1ec1u \u0111i\u1ec1u ki\u1ec7n bi\u1ec3n kh\u00e1c nhau. \u0110\u01b0\u1ee3c ch\u1ebf t\u1ea1o t\u1eeb v\u1eadt li\u1ec7u c\u00f3 \u0111\u1ed9 b\u1ec1n cao, xi lanh n\u00e0y \u0111\u01b0\u1ee3c thi\u1ebft k\u1ebf \u0111\u1ec3 ch\u1ecbu \u0111\u01b0\u1ee3c m\u00f4i tr\u01b0\u1eddng bi\u1ec3n kh\u1eafc nghi\u1ec7t v\u00e0 \u00e1p su\u1ea5t cao \u0111\u1eb7c tr\u01b0ng c\u1ee7a c\u00e1c ho\u1ea1t \u0111\u1ed9ng ngo\u00e0i kh\u01a1i, \u0111\u1ea3m b\u1ea3o \u0111\u1ed9 b\u1ec1n v\u00e0 \u0111\u1ed9 tin c\u1eady. Ho\u1ea1t \u0111\u1ed9ng th\u1ee7y l\u1ef1c tr\u01a1n tru cho ph\u00e9p \u0111i\u1ec1u ch\u1ec9nh hi\u1ec7u qu\u1ea3 v\u00e0 nhanh ch\u00f3ng, n\u00e2ng cao hi\u1ec7u qu\u1ea3 v\u1eadn h\u00e0nh v\u00e0 an to\u00e0n trong c\u00e1c ho\u1ea1t \u0111\u1ed9ng khoan v\u00e0 b\u1ea3o tr\u00ec. Xy lanh th\u1ee7y l\u1ef1c n\u00e0y r\u1ea5t c\u1ea7n thi\u1ebft \u0111\u1ec3 t\u1ed1i \u01b0u h\u00f3a hi\u1ec7u su\u1ea5t c\u1ee7a gi\u00e0n khoan t\u1ef1 n\u00e2ng ngo\u00e0i kh\u01a1i, g\u00f3p ph\u1ea7n \u0111\u00e1ng k\u1ec3 v\u00e0o hi\u1ec7u qu\u1ea3 c\u1ee7a c\u00e1c ho\u1ea1t \u0111\u1ed9ng khoan v\u00e0 s\u1ea3n xu\u1ea5t ngo\u00e0i kh\u01a1i.<\/p>","protected":false},"featured_media":725,"comment_status":"open","ping_status":"closed","template":"","meta":{"_et_pb_use_builder":"","_et_pb_old_content":"","_et_gb_content_width":""},"product_brand":[],"product_cat":[28],"product_tag":[],"class_list":{"0":"post-720","1":"product","2":"type-product","3":"status-publish","4":"has-post-thumbnail","6":"product_cat-offshore-hydraulic-cylinders","8":"first","9":"instock","10":"shipping-taxable","11":"product-type-simple"},"_links":{"self":[{"href":"https:\/\/fmp-components.com\/vi\/wp-json\/wp\/v2\/product\/720","targetHints":{"allow":["GET"]}}],"collection":[{"href":"https:\/\/fmp-components.com\/vi\/wp-json\/wp\/v2\/product"}],"about":[{"href":"https:\/\/fmp-components.com\/vi\/wp-json\/wp\/v2\/types\/product"}],"replies":[{"embeddable":true,"href":"https:\/\/fmp-components.com\/vi\/wp-json\/wp\/v2\/comments?post=720"}],"wp:featuredmedia":[{"embeddable":true,"href":"https:\/\/fmp-components.com\/vi\/wp-json\/wp\/v2\/media\/725"}],"wp:attachment":[{"href":"https:\/\/fmp-components.com\/vi\/wp-json\/wp\/v2\/media?parent=720"}],"wp:term":[{"taxonomy":"product_brand","embeddable":true,"href":"https:\/\/fmp-components.com\/vi\/wp-json\/wp\/v2\/product_brand?post=720"},{"taxonomy":"product_cat","embeddable":true,"href":"https:\/\/fmp-components.com\/vi\/wp-json\/wp\/v2\/product_cat?post=720"},{"taxonomy":"product_tag","embeddable":true,"href":"https:\/\/fmp-components.com\/vi\/wp-json\/wp\/v2\/product_tag?post=720"}],"curies":[{"name":"wp","href":"https:\/\/api.w.org\/{rel}","templated":true}]}}