{"id":7189,"date":"2025-03-20T05:36:25","date_gmt":"2025-03-20T05:36:25","guid":{"rendered":"https:\/\/fmp-components.com\/?post_type=product&#038;p=7189"},"modified":"2025-03-26T08:51:16","modified_gmt":"2025-03-26T08:51:16","slug":"cylindrical-worm-wheel","status":"publish","type":"product","link":"https:\/\/fmp-components.com\/vi\/product\/cylindrical-worm-wheel\/","title":{"rendered":"B\u00e1nh xe tr\u1ee5c v\u00edt h\u00ecnh tr\u1ee5"},"content":{"rendered":"<p>B\u00e1nh xe tr\u1ee5c v\u00edt h\u00ecnh tr\u1ee5 l\u00e0 m\u1ed9t th\u00e0nh ph\u1ea7n quan tr\u1ecdng trong <a href=\"https:\/\/fmp-components.com\/vi\/worm-gear-and-worm-shaft-2\/\">b\u00e1nh r\u0103ng tr\u1ee5c v\u00edt<\/a> H\u1ec7 th\u1ed1ng \u0111\u01b0\u1ee3c thi\u1ebft k\u1ebf \u0111\u1ec3 \u0103n kh\u1edbp li\u1ec1n m\u1ea1ch v\u1edbi tr\u1ee5c v\u00edt, gi\u00fap truy\u1ec1n l\u1ef1c hi\u1ec7u qu\u1ea3 trong khi v\u1eabn duy tr\u00ec ho\u1ea1t \u0111\u1ed9ng tr\u01a1n tru v\u00e0 m\u00f4-men xo\u1eafn cao. T\u1ea1i C\u00f4ng ty FMP, ch\u00fang t\u00f4i chuy\u00ean s\u1ea3n xu\u1ea5t \u0111a d\u1ea1ng c\u00e1c lo\u1ea1i B\u00e1nh v\u00edt h\u00ecnh tr\u1ee5, c\u00f3 s\u1eb5n v\u1edbi nhi\u1ec1u lo\u1ea1i v\u00e0 th\u00f4ng s\u1ed1 k\u1ef9 thu\u1eadt kh\u00e1c nhau \u0111\u1ec3 ph\u00f9 h\u1ee3p v\u1edbi \u1ee9ng d\u1ee5ng c\u1ee5 th\u1ec3 c\u1ee7a b\u1ea1n, \u0111\u1ed3ng th\u1eddi cung c\u1ea5p c\u00e1c t\u00f9y ch\u1ecdn t\u00f9y ch\u1ec9nh. N\u1ebfu b\u1ea1n kh\u00f4ng t\u00ecm th\u1ea5y m\u1eabu s\u1ea3n ph\u1ea9m ch\u00ednh x\u00e1c m\u00ecnh c\u1ea7n trong danh s\u00e1ch s\u1ea3n ph\u1ea9m c\u1ee7a ch\u00fang t\u00f4i, c\u00f3 th\u1ec3 ch\u00fang t\u00f4i ch\u01b0a c\u1eadp nh\u1eadt. Vui l\u00f2ng li\u00ean h\u1ec7 v\u1edbi ch\u00fang t\u00f4i qua email v\u00e0 c\u00e1c k\u1ef9 s\u01b0 chuy\u00ean gia c\u1ee7a ch\u00fang t\u00f4i s\u1ebd ph\u1ea3n h\u1ed3i trong v\u00f2ng 24 gi\u1edd \u0111\u1ec3 h\u1ed7 tr\u1ee3 b\u1ea1n.<\/p>\n<p><img loading=\"lazy\" decoding=\"async\" class=\"alignnone size-full wp-image-7193\" src=\"https:\/\/fmp-components.com\/wp-content\/uploads\/2025\/03\/Cylindrical-Worm-Wheel-1.webp\" alt=\"B\u00e1nh xe h\u00ecnh tr\u1ee5-tr\u1ee5c v\u00edt\" width=\"986\" height=\"657\" title=\"\" srcset=\"https:\/\/fmp-components.com\/wp-content\/uploads\/2025\/03\/Cylindrical-Worm-Wheel-1.webp 986w, https:\/\/fmp-components.com\/wp-content\/uploads\/2025\/03\/Cylindrical-Worm-Wheel-1-980x653.webp 980w, https:\/\/fmp-components.com\/wp-content\/uploads\/2025\/03\/Cylindrical-Worm-Wheel-1-480x320.webp 480w\" sizes=\"(min-width: 0px) and (max-width: 480px) 480px, (min-width: 481px) and (max-width: 980px) 980px, (min-width: 981px) 986px, 100vw\" \/><\/p>\n<h3>\u0110\u1eb7c \u0111i\u1ec3m c\u1ee7a b\u00e1nh xe tr\u1ee5c v\u00edt h\u00ecnh tr\u1ee5<\/h3>\n<div>\n<p class=\"break-words\">B\u00e1nh v\u00edt tr\u1ee5 l\u00e0 m\u1ed9t ph\u1ea7n kh\u00f4ng th\u1ec3 thi\u1ebfu c\u1ee7a h\u1ec7 th\u1ed1ng b\u00e1nh r\u0103ng v\u00edt v\u00e0 c\u00f3 hai c\u1ea5u h\u00ecnh ch\u00ednh: b\u1ed9 &quot;b\u00e1nh r\u0103ng v\u00edt v\u00e0 b\u00e1nh v\u00edt xo\u1eafn&quot; v\u00e0 b\u1ed9 &quot;b\u00e1nh v\u00edt v\u00e0 b\u00e1nh v\u00edt&quot;. Lo\u1ea1i \u0111\u1ea7u ti\u00ean, m\u1ed9t t\u1eadp h\u1ee3p con c\u1ee7a b\u00e1nh r\u0103ng v\u00edt cho tr\u1ee5c ch\u00e9o, c\u00f3 m\u1ed9t b\u00e1nh r\u0103ng nh\u1ecf v\u1edbi s\u1ed1 r\u0103ng t\u1ed1i thi\u1ec3u (v\u00ed d\u1ee5: 1, 2 ho\u1eb7c 3) v\u00e0 g\u00f3c xo\u1eafn \u1ed1c r\u00f5 r\u1ec7t, \u0111\u01b0\u1ee3c t\u00ednh to\u00e1n t\u01b0\u01a1ng t\u1ef1 nh\u01b0 b\u00e1nh r\u0103ng v\u00edt ti\u00eau chu\u1ea9n s\u1eed d\u1ee5ng m\u00f4-\u0111un ti\u00eau chu\u1ea9n chu\u1ea9n h\u00f3a. Tuy nhi\u00ean, do ti\u1ebfp x\u00fac \u0111i\u1ec3m gi\u1eefa c\u00e1c s\u01b0\u1eddn r\u0103ng, thi\u1ebft l\u1eadp n\u00e0y \u00edt ph\u00f9 h\u1ee3p h\u01a1n cho c\u00e1c \u1ee9ng d\u1ee5ng t\u1ea3i tr\u1ecdng cao. Ng\u01b0\u1ee3c l\u1ea1i, c\u1ea5u h\u00ecnh &quot;b\u00e1nh v\u00edt v\u00e0 b\u00e1nh v\u00edt&quot; bao g\u1ed3m c\u00e1c b\u00e1nh v\u00edt \u0111\u01b0\u1ee3c phay b\u1eb1ng m\u00e1y phay v\u00edt ph\u00f9 h\u1ee3p v\u1edbi th\u00f4ng s\u1ed1 k\u1ef9 thu\u1eadt c\u1ee7a v\u00edt, cho ph\u00e9p ti\u1ebfp x\u00fac \u0111\u01b0\u1eddng th\u1eb3ng gi\u1eefa c\u00e1c r\u0103ng v\u00e0 h\u1ed7 tr\u1ee3 l\u1ef1c r\u0103ng cao h\u01a1n \u0111\u1ec3 c\u00f3 kh\u1ea3 n\u0103ng ch\u1ecbu t\u1ea3i l\u1edbn h\u01a1n.<\/p>\n<p class=\"break-words\">C\u00e1c t\u00ednh n\u0103ng thi\u1ebft k\u1ebf b\u1ed5 sung gi\u00fap t\u0103ng c\u01b0\u1eddng ch\u1ee9c n\u0103ng. Khi \u0111\u1ed9 ng\u1eadp d\u1ea7u c\u1ee7a \u1ed5 tr\u1ee5c v\u00edt \u0111\u1ea1t y\u00eau c\u1ea7u nh\u01b0ng \u0111\u1ed9 s\u00e2u c\u1ee7a tr\u1ee5c v\u00edt kh\u00f4ng \u0111\u1ee7, c\u00f3 th\u1ec3 th\u00eam m\u1ed9t v\u00f2ng ch\u1eafn d\u1ea7u v\u00e0o tr\u1ee5c v\u00edt. V\u00f2ng ch\u1eafn n\u00e0y b\u00f4i tr\u01a1n c\u00e1c b\u1ed9 ph\u1eadn truy\u1ec1n \u0111\u1ed9ng v\u00e0 \u1ed5 tr\u1ee5c, ng\u0103n ng\u1eeba \u1ed5 tr\u1ee5c v\u00edt b\u1ecb ng\u1eadp d\u1ea7u qu\u00e1 m\u1ee9c. \u0110\u1ed1i v\u1edbi c\u00e1c \u1ee9ng d\u1ee5ng t\u1ed1c \u0111\u1ed9 cao, khi t\u1ed1c \u0111\u1ed9 ngo\u1ea1i vi (PI) c\u1ee7a tr\u1ee5c v\u00edt v\u01b0\u1ee3t qu\u00e1 10 m\/s, b\u00e1nh v\u00edt \u0111\u01b0\u1ee3c thay th\u1ebf b\u1eb1ng b\u00e1nh r\u0103ng tr\u1ee5c v\u00edt lo\u1ea1i treo tr\u00ean cao, \u0111\u1eb7t ph\u00eda tr\u00ean tr\u1ee5c v\u00edt. Thi\u1ebft k\u1ebf n\u00e0y gi\u00fap gi\u1ea3m t\u1ed1c \u0111\u1ed9 b\u00e1nh r\u0103ng, gi\u1ea3m thi\u1ec3u t\u1ed5n th\u1ea5t do khu\u1ea5y tr\u1ed9n d\u1ea7u v\u00e0 gi\u1ea3m nguy c\u01a1 t\u1ea1p ch\u1ea5t ho\u1eb7c ch\u1ea5t m\u00e0i m\u00f2n trong b\u1ec3 d\u1ea7u x\u00e2m nh\u1eadp v\u00e0o khu v\u1ef1c \u0103n kh\u1edbp, \u0111\u1ea3m b\u1ea3o hi\u1ec7u su\u1ea5t \u0111\u00e1ng tin c\u1eady.<\/p>\n<p><img loading=\"lazy\" decoding=\"async\" class=\"alignnone size-full wp-image-7194\" src=\"https:\/\/fmp-components.com\/wp-content\/uploads\/2025\/03\/Cylindrical-Worm-Wheel-2.webp\" alt=\"B\u00e1nh xe h\u00ecnh tr\u1ee5-tr\u1ee5c v\u00edt\" width=\"1000\" height=\"664\" title=\"\" srcset=\"https:\/\/fmp-components.com\/wp-content\/uploads\/2025\/03\/Cylindrical-Worm-Wheel-2.webp 1000w, https:\/\/fmp-components.com\/wp-content\/uploads\/2025\/03\/Cylindrical-Worm-Wheel-2-980x651.webp 980w, https:\/\/fmp-components.com\/wp-content\/uploads\/2025\/03\/Cylindrical-Worm-Wheel-2-480x319.webp 480w\" sizes=\"(min-width: 0px) and (max-width: 480px) 480px, (min-width: 481px) and (max-width: 980px) 980px, (min-width: 981px) 1000px, 100vw\" \/><\/p>\n<\/div>","protected":false},"excerpt":{"rendered":"<p>A Cylindrical Worm Wheel is a key component in worm gear systems, designed to mesh seamlessly with a worm to transmit power efficiently while maintaining smooth operation and high torque capacity. At FMP Company, we specialize in producing a diverse range of Cylindrical Worm Wheels, available in various types and specifications to suit your specific [&hellip;]<\/p>","protected":false},"featured_media":7195,"comment_status":"open","ping_status":"closed","template":"","meta":{"_et_pb_use_builder":"","_et_pb_old_content":"","_et_gb_content_width":""},"product_brand":[],"product_cat":[107],"product_tag":[],"class_list":{"0":"post-7189","1":"product","2":"type-product","3":"status-publish","4":"has-post-thumbnail","6":"product_cat-worm-gear","8":"first","9":"instock","10":"shipping-taxable","11":"product-type-simple"},"_links":{"self":[{"href":"https:\/\/fmp-components.com\/vi\/wp-json\/wp\/v2\/product\/7189","targetHints":{"allow":["GET"]}}],"collection":[{"href":"https:\/\/fmp-components.com\/vi\/wp-json\/wp\/v2\/product"}],"about":[{"href":"https:\/\/fmp-components.com\/vi\/wp-json\/wp\/v2\/types\/product"}],"replies":[{"embeddable":true,"href":"https:\/\/fmp-components.com\/vi\/wp-json\/wp\/v2\/comments?post=7189"}],"wp:featuredmedia":[{"embeddable":true,"href":"https:\/\/fmp-components.com\/vi\/wp-json\/wp\/v2\/media\/7195"}],"wp:attachment":[{"href":"https:\/\/fmp-components.com\/vi\/wp-json\/wp\/v2\/media?parent=7189"}],"wp:term":[{"taxonomy":"product_brand","embeddable":true,"href":"https:\/\/fmp-components.com\/vi\/wp-json\/wp\/v2\/product_brand?post=7189"},{"taxonomy":"product_cat","embeddable":true,"href":"https:\/\/fmp-components.com\/vi\/wp-json\/wp\/v2\/product_cat?post=7189"},{"taxonomy":"product_tag","embeddable":true,"href":"https:\/\/fmp-components.com\/vi\/wp-json\/wp\/v2\/product_tag?post=7189"}],"curies":[{"name":"wp","href":"https:\/\/api.w.org\/{rel}","templated":true}]}}