{"id":7174,"date":"2025-03-20T02:01:26","date_gmt":"2025-03-20T02:01:26","guid":{"rendered":"https:\/\/fmp-components.com\/?post_type=product&#038;p=7174"},"modified":"2025-03-26T08:51:30","modified_gmt":"2025-03-26T08:51:30","slug":"duplex-worm-gear","status":"publish","type":"product","link":"https:\/\/fmp-components.com\/vi\/product\/duplex-worm-gear\/","title":{"rendered":"B\u00e1nh r\u0103ng tr\u1ee5c v\u00edt k\u00e9p"},"content":{"rendered":"<p>B\u00e1nh r\u0103ng tr\u1ee5c v\u00edt Duplex l\u00e0 m\u1ed9t b\u1ed9 ph\u1eadn c\u01a1 kh\u00ed chuy\u00ean d\u1ee5ng \u0111\u01b0\u1ee3c thi\u1ebft k\u1ebf cho c\u00e1c \u1ee9ng d\u1ee5ng c\u00f3 \u0111\u1ed9 ch\u00ednh x\u00e1c cao, mang l\u1ea1i \u0111\u1ed9 b\u1ec1n v\u00e0 hi\u1ec7u su\u1ea5t cao h\u01a1n trong c\u00e1c h\u1ec7 th\u1ed1ng truy\u1ec1n \u0111\u1ed9ng. T\u1ea1i C\u00f4ng ty FMP, ch\u00fang t\u00f4i t\u1ef1 h\u00e0o s\u1ea3n xu\u1ea5t nhi\u1ec1u lo\u1ea1i b\u00e1nh r\u0103ng tr\u1ee5c v\u00edt Duplex. <a href=\"https:\/\/fmp-components.com\/vi\/worm-gear-and-worm-shaft-2\/\">B\u00e1nh r\u0103ng tr\u1ee5c v\u00edt<\/a> v\u1edbi nhi\u1ec1u ch\u1ee7ng lo\u1ea1i v\u00e0 th\u00f4ng s\u1ed1 k\u1ef9 thu\u1eadt kh\u00e1c nhau \u0111\u1ec3 \u0111\u00e1p \u1ee9ng nhu c\u1ea7u \u0111a d\u1ea1ng c\u1ee7a ng\u00e0nh. Ch\u00fang t\u00f4i c\u0169ng cung c\u1ea5p c\u00e1c gi\u1ea3i ph\u00e1p t\u00f9y ch\u1ec9nh ph\u00f9 h\u1ee3p v\u1edbi y\u00eau c\u1ea7u ri\u00eang c\u1ee7a b\u1ea1n. N\u1ebfu b\u1ea1n kh\u00f4ng t\u00ecm th\u1ea5y model c\u1ee5 th\u1ec3 m\u00ecnh \u0111ang t\u00ecm ki\u1ebfm trong danh s\u00e1ch s\u1ea3n ph\u1ea9m c\u1ee7a ch\u00fang t\u00f4i, \u0111i\u1ec1u \u0111\u00f3 c\u00f3 ngh\u0129a l\u00e0 ch\u00fang t\u00f4i ch\u01b0a t\u1ea3i n\u00f3 l\u00ean\u2014vui l\u00f2ng g\u1eedi email cho ch\u00fang t\u00f4i th\u00f4ng s\u1ed1 k\u1ef9 thu\u1eadt mong mu\u1ed1n c\u1ee7a b\u1ea1n, v\u00e0 c\u00e1c k\u1ef9 s\u01b0 l\u00e0nh ngh\u1ec1 c\u1ee7a ch\u00fang t\u00f4i s\u1ebd ph\u1ea3n h\u1ed3i trong v\u00f2ng 24 gi\u1edd \u0111\u1ec3 h\u1ed7 tr\u1ee3 b\u1ea1n.<\/p>\n<p><img loading=\"lazy\" decoding=\"async\" class=\"size-full wp-image-7180 aligncenter\" src=\"https:\/\/fmp-components.com\/wp-content\/uploads\/2025\/03\/duplex-worm-gear-1.webp\" alt=\"b\u00e1nh r\u0103ng s\u00e2u k\u00e9p\" width=\"620\" height=\"420\" title=\"\" srcset=\"https:\/\/fmp-components.com\/wp-content\/uploads\/2025\/03\/duplex-worm-gear-1.webp 620w, https:\/\/fmp-components.com\/wp-content\/uploads\/2025\/03\/duplex-worm-gear-1-480x325.webp 480w\" sizes=\"(min-width: 0px) and (max-width: 480px) 480px, (min-width: 481px) 620px, 100vw\" \/><\/p>\n<h2>Th\u00f4ng s\u1ed1 k\u1ef9 thu\u1eadt c\u1ee7a b\u00e1nh r\u0103ng tr\u1ee5c v\u00edt \u0111\u00f4i<\/h2>\n<p>Tr\u1ee5c v\u00edt \u0111\u00f4i ho\u1eb7c tr\u1ee5c v\u00edt d\u1eabn k\u00e9p l\u00e0 b\u1ed9 b\u00e1nh r\u0103ng tr\u1ee5c v\u00edt, trong \u0111\u00f3 hai c\u1ea1nh \u0111\u01b0\u1ee3c ch\u1ebf t\u1ea1o v\u1edbi c\u00e1c m\u00f4-\u0111un v\u00e0 t\u1ef7 s\u1ed1 \u0111\u01b0\u1eddng k\u00ednh ri\u00eang bi\u1ec7t tinh t\u1ebf, t\u1ea1o ra c\u00e1c g\u00f3c d\u1eabn kh\u00e1c nhau tr\u00ean m\u1ed7i bi\u00ean d\u1ea1ng r\u0103ng. Thi\u1ebft k\u1ebf n\u00e0y khi\u1ebfn \u0111\u1ed9 d\u00e0y r\u0103ng t\u0103ng d\u1ea7n theo chi\u1ec1u d\u00e0i tr\u1ee5c v\u00edt trong khi kho\u1ea3ng c\u00e1ch gi\u1eefa c\u00e1c ren thu h\u1eb9p l\u1ea1i, cho ph\u00e9p ki\u1ec3m so\u00e1t \u0111\u1ed9 r\u01a1 ch\u00ednh x\u00e1c.<\/p>\n<p>Tr\u00ean b\u00e1nh v\u00edt, c\u00e1c m\u00f4-\u0111un kh\u00e1c nhau n\u00e0y t\u1ea1o ra h\u1ec7 s\u1ed1 \u0111i\u1ec1u ch\u1ec9nh ph\u1ee5 gia \u0111\u1ed9c \u0111\u00e1o v\u00e0 \u0111\u01b0\u1eddng k\u00ednh v\u00f2ng l\u0103n tr\u00ean m\u1ed7i c\u1ea1nh, t\u1ea1o ra c\u00e1c m\u1eb7t c\u1eaft ri\u00eang bi\u1ec7t \u1edf ph\u00eda tr\u01b0\u1edbc v\u00e0 ph\u00eda sau. Tuy nhi\u00ean, \u0111\u1ed9 d\u00e0y v\u00e0 khe h\u1edf r\u0103ng v\u1eabn \u0111\u1ed3ng \u0111\u1ec1u xung quanh chu vi b\u00e1nh v\u00edt.<\/p>\n<p>\u0110\u1ec3 \u0111i\u1ec1u ch\u1ec9nh \u0111\u1ed9 r\u01a1, tr\u1ee5c v\u00edt \u0111\u01b0\u1ee3c di chuy\u1ec3n theo tr\u1ee5c, c\u0103n ch\u1ec9nh m\u1eb7t c\u1eaft v\u1edbi \u0111\u1ed9 d\u00e0y r\u0103ng ph\u00f9 h\u1ee3p \u0111\u1ec3 kh\u1edbp v\u1edbi b\u00e1nh xe, \u0111\u1ea1t \u0111\u01b0\u1ee3c \u0111\u1ed9 r\u01a1 mong mu\u1ed1n (xem h\u00ecnh 1). Ph\u01b0\u01a1ng ph\u00e1p n\u00e0y cho ph\u00e9p \u0111i\u1ec1u ch\u1ec9nh \u0111\u1ed9 r\u01a1 d\u1ec5 d\u00e0ng \u0111\u1ebfn b\u1ea5t k\u1ef3 gi\u00e1 tr\u1ecb mong mu\u1ed1n n\u00e0o trong qu\u00e1 tr\u00ecnh l\u1eafp \u0111\u1eb7t b\u00e1nh r\u0103ng. Ngay c\u1ea3 b\u00e1nh r\u0103ng b\u1ecb m\u00f2n c\u0169ng c\u00f3 th\u1ec3 \u0111\u01b0\u1ee3c \u0111i\u1ec1u ch\u1ec9nh ch\u00ednh x\u00e1c v\u00e0 li\u00ean t\u1ee5c m\u00e0 kh\u00f4ng l\u00e0m thay \u0111\u1ed5i ti\u1ebfp x\u00fac r\u0103ng ho\u1eb7c g\u00e2y ra c\u00e1c v\u1ea5n \u0111\u1ec1 v\u1ec1 \u0103n kh\u1edbp.<\/p>\n<p>Ngo\u00e0i ph\u01b0\u01a1ng ph\u00e1p song c\u00f4ng \u0111\u01b0\u1ee3c m\u00f4 t\u1ea3, c\u00e1c ph\u01b0\u01a1ng ph\u00e1p kh\u00e1c \u0111\u1ec3 \u0111i\u1ec1u ch\u1ec9nh \u0111\u1ed9 r\u01a1 c\u1ee7a b\u00e1nh v\u00edt bao g\u1ed3m: \u0111i\u1ec1u ch\u1ec9nh kho\u1ea3ng c\u00e1ch t\u00e2m b\u1eb1ng c\u00e1ch xoay m\u1ed9t tr\u1ee5c l\u1ec7ch t\u00e2m h\u1ed7 tr\u1ee3 tr\u1ee5c v\u00edt v\u00e0 b\u00e1nh xe; d\u1ecbch chuy\u1ec3n tr\u1ee5c v\u00edt c\u00f4n theo tr\u1ee5c (h\u00ecnh 2a); chia tr\u1ee5c v\u00edt th\u00e0nh hai ph\u1ea7n (h\u00ecnh 2b) c\u00f3 th\u1ec3 quay ho\u1eb7c d\u1ecbch chuy\u1ec3n t\u01b0\u01a1ng \u0111\u1ed1i v\u1edbi nhau (h\u1ec7 th\u1ed1ng Ott); ho\u1eb7c chia b\u00e1nh xe th\u00e0nh hai \u0111\u0129a (h\u00ecnh 2c) c\u00f3 th\u1ec3 \u0111i\u1ec1u ch\u1ec9nh l\u1ea1i g\u1ea7n nhau h\u01a1n.<\/p>\n<table style=\"width: 100%; height: 28px;\" border=\"1\" width=\"100%\" cellspacing=\"0\" cellpadding=\"0\">\n<tbody>\n<tr style=\"height: 14.40pt;\">\n<td style=\"height: 14px; width: 49.8pt;\" width=\"83\" height=\"24\">\u00a0<img loading=\"lazy\" decoding=\"async\" class=\"alignnone size-full wp-image-7176\" src=\"https:\/\/fmp-components.com\/wp-content\/uploads\/2025\/03\/Duplex-Worms-1.webp\" alt=\"Giun k\u00e9p\" width=\"450\" height=\"450\" title=\"\" srcset=\"https:\/\/fmp-components.com\/wp-content\/uploads\/2025\/03\/Duplex-Worms-1.webp 450w, https:\/\/fmp-components.com\/wp-content\/uploads\/2025\/03\/Duplex-Worms-1-300x300.webp 300w, https:\/\/fmp-components.com\/wp-content\/uploads\/2025\/03\/Duplex-Worms-1-150x150.webp 150w, https:\/\/fmp-components.com\/wp-content\/uploads\/2025\/03\/Duplex-Worms-1-12x12.webp 12w, https:\/\/fmp-components.com\/wp-content\/uploads\/2025\/03\/Duplex-Worms-1-100x100.webp 100w\" sizes=\"(max-width: 450px) 100vw, 450px\" \/><\/td>\n<td style=\"width: 48pt; height: 14px;\" align=\"right\" width=\"80\"><img loading=\"lazy\" decoding=\"async\" class=\"alignnone size-full wp-image-7175\" src=\"https:\/\/fmp-components.com\/wp-content\/uploads\/2025\/03\/Duplex-Worms-2.webp\" alt=\"Giun k\u00e9p\" width=\"450\" height=\"450\" title=\"\" srcset=\"https:\/\/fmp-components.com\/wp-content\/uploads\/2025\/03\/Duplex-Worms-2.webp 450w, https:\/\/fmp-components.com\/wp-content\/uploads\/2025\/03\/Duplex-Worms-2-300x300.webp 300w, https:\/\/fmp-components.com\/wp-content\/uploads\/2025\/03\/Duplex-Worms-2-150x150.webp 150w, https:\/\/fmp-components.com\/wp-content\/uploads\/2025\/03\/Duplex-Worms-2-12x12.webp 12w, https:\/\/fmp-components.com\/wp-content\/uploads\/2025\/03\/Duplex-Worms-2-100x100.webp 100w\" sizes=\"(max-width: 450px) 100vw, 450px\" \/><\/td>\n<\/tr>\n<tr style=\"height: 14.40pt;\">\n<td style=\"height: 14px; text-align: center;\" height=\"24\"><strong>h\u00ecnh 1<\/strong><\/td>\n<td style=\"height: 14px; text-align: center;\" align=\"right\"><strong>h\u00ecnh 2<\/strong><\/td>\n<\/tr>\n<\/tbody>\n<\/table>\n<div>\n<h3 class=\"break-words\">L\u01b0u \u00fd th\u1eadn tr\u1ecdng khi l\u1eafp r\u00e1p<\/h3>\n<p class=\"break-words\">B\u00e1nh r\u0103ng tr\u1ee5c v\u00edt \u0111\u00f4i c\u00f3 c\u00e1c m\u00f4-\u0111un kh\u00e1c nhau tr\u00ean b\u1ec1 m\u1eb7t r\u0103ng ph\u1ea3i v\u00e0 tr\u00e1i, do \u0111\u00f3 vi\u1ec7c c\u0103n ch\u1ec9nh tr\u1ee5c v\u00edt v\u00e0 b\u00e1nh v\u00edt \u0111\u00fang c\u00e1ch l\u00e0 r\u1ea5t quan tr\u1ecdng. Tr\u01b0\u1edbc khi l\u1eafp r\u00e1p, vui l\u00f2ng \u0111\u1ea3m b\u1ea3o ki\u1ec3m tra k\u1ef9 l\u01b0\u1ee1ng hai \u0111i\u1ec3m sau.<\/p>\n<ol class=\"marker:text-secondary\">\n<li class=\"break-words\">X\u00e1c nh\u1eadn \u0111\u1ecbnh h\u01b0\u1edbng l\u1eafp r\u00e1p<br \/>\nC\u1ea3 tr\u1ee5c v\u00edt \u0111\u00f4i v\u00e0 b\u00e1nh v\u00edt \u0111\u1ec1u \u0111\u01b0\u1ee3c \u0111\u00e1nh d\u1ea5u b\u1eb1ng m\u0169i t\u00ean ch\u1ec9 h\u01b0\u1edbng l\u1eafp r\u00e1p ch\u00ednh x\u00e1c. Trong qu\u00e1 tr\u00ecnh l\u1eafp r\u00e1p, h\u00e3y c\u0103n ch\u1ec9nh tr\u1ee5c v\u00edt v\u00e0 b\u00e1nh v\u00edt sao cho m\u0169i t\u00ean tr\u00ean tr\u1ee5c v\u00edt tr\u00f9ng v\u1edbi h\u01b0\u1edbng m\u0169i t\u00ean tr\u00ean b\u00e1nh v\u00edt, c\u00f3 th\u1ec3 nh\u00ecn th\u1ea5y t\u1eeb ph\u00eda tr\u01b0\u1edbc. N\u1ebfu c\u0103n ch\u1ec9nh kh\u00f4ng ch\u00ednh x\u00e1c, kho\u1ea3ng c\u00e1ch t\u00e2m \"a\" s\u1ebd v\u01b0\u1ee3t qu\u00e1 gi\u00e1 tr\u1ecb \u0111o l\u01b0\u1eddng ti\u00eau chu\u1ea9n, d\u1eabn \u0111\u1ebfn kh\u00f3 kh\u0103n khi l\u1eafp r\u00e1p v\u00e0 \u0103n kh\u1edbp k\u00e9m. (Xem H\u00ecnh 3)<\/li>\n<\/ol>\n<p><img loading=\"lazy\" decoding=\"async\" class=\"alignnone size-full wp-image-7179\" src=\"https:\/\/fmp-components.com\/wp-content\/uploads\/2025\/03\/Duplex-Worms-3.webp\" alt=\"Giun k\u00e9p\" width=\"900\" height=\"500\" title=\"\" srcset=\"https:\/\/fmp-components.com\/wp-content\/uploads\/2025\/03\/Duplex-Worms-3.webp 900w, https:\/\/fmp-components.com\/wp-content\/uploads\/2025\/03\/Duplex-Worms-3-480x267.webp 480w\" sizes=\"(min-width: 0px) and (max-width: 480px) 480px, (min-width: 481px) 900px, 100vw\" \/><\/p>\n<p style=\"text-align: center;\"><strong>h\u00ecnh 3<\/strong><\/p>\n<p>H\u00ecnh 3. D\u1ea5u m\u0169i t\u00ean ch\u1ec9 h\u01b0\u1edbng ch\u00ednh x\u00e1c c\u1ee7a hai b\u00e1nh r\u0103ng khi l\u1eafp r\u00e1p. Nh\u01b0 minh h\u1ecda, hai m\u0169i t\u00ean ph\u1ea3i c\u00f9ng h\u01b0\u1edbng.<\/p>\n<p class=\"adj\"><span class=\"bold\">2. X\u00e1c minh v\u1ecb tr\u00ed tham chi\u1ebfu<\/span><br \/>\nR\u00e3nh ch\u1eef V (\u0111\u01b0\u1eddng k\u00ednh 60 mm, s\u00e2u 0,3 mm) \u1edf ngo\u1ea1i vi \u0111\u1ea7u r\u0103ng v\u00edt \u0111\u00f4i \u0111\u00e1nh d\u1ea5u r\u0103ng tham chi\u1ebfu. B\u1ed9 b\u00e1nh r\u0103ng \u0111\u01b0\u1ee3c thi\u1ebft k\u1ebf \u0111\u1ec3 c\u00f3 \u0111\u1ed9 r\u01a1 g\u1ea7n b\u1eb1ng 0 (\u00b1 0,045) khi r\u0103ng tham chi\u1ebfu \u0111\u01b0\u1ee3c \u0111\u1eb7t th\u1eb3ng h\u00e0ng v\u1edbi t\u00e2m quay c\u1ee7a b\u00e1nh v\u00edt v\u1edbi kho\u1ea3ng c\u00e1ch t\u00e2m \u0111\u01b0\u1ee3c \u0111\u1eb7t \u1edf gi\u00e1 tr\u1ecb \"a\". (H\u00ecnh 4)<\/p>\n<p><img loading=\"lazy\" decoding=\"async\" class=\"alignnone size-full wp-image-7178\" src=\"https:\/\/fmp-components.com\/wp-content\/uploads\/2025\/03\/Duplex-Worms-4.webp\" alt=\"Giun k\u00e9p\" width=\"900\" height=\"400\" title=\"\" srcset=\"https:\/\/fmp-components.com\/wp-content\/uploads\/2025\/03\/Duplex-Worms-4.webp 900w, https:\/\/fmp-components.com\/wp-content\/uploads\/2025\/03\/Duplex-Worms-4-480x213.webp 480w\" sizes=\"(min-width: 0px) and (max-width: 480px) 480px, (min-width: 481px) 900px, 100vw\" \/><\/p>\n<p style=\"text-align: center;\"><strong>h\u00ecnh 4<\/strong><\/p>\n<h3>V\u00ed d\u1ee5 \u1ee9ng d\u1ee5ng<\/h3>\n<p><img loading=\"lazy\" decoding=\"async\" class=\"alignnone size-full wp-image-7187\" src=\"https:\/\/fmp-components.com\/wp-content\/uploads\/2025\/03\/Duplex-Worm-gear-application.webp\" alt=\"\u1ee8ng d\u1ee5ng b\u00e1nh r\u0103ng s\u00e2u Duplex\" width=\"1240\" height=\"391\" title=\"\" srcset=\"https:\/\/fmp-components.com\/wp-content\/uploads\/2025\/03\/Duplex-Worm-gear-application.webp 1240w, https:\/\/fmp-components.com\/wp-content\/uploads\/2025\/03\/Duplex-Worm-gear-application-980x309.webp 980w, https:\/\/fmp-components.com\/wp-content\/uploads\/2025\/03\/Duplex-Worm-gear-application-480x151.webp 480w\" sizes=\"(min-width: 0px) and (max-width: 480px) 480px, (min-width: 481px) and (max-width: 980px) 980px, (min-width: 981px) 1240px, 100vw\" \/><\/p>\n<p>C\u00e1c h\u00ecnh minh h\u1ecda tr\u00ean ch\u1ec9 l\u00e0 v\u00ed d\u1ee5 v\u1ec1 thi\u1ebft k\u1ebf v\u00e0 kh\u00f4ng ph\u1ea3i l\u00e0 thi\u1ebft k\u1ebf c\u1ee7a m\u00e1y m\u00f3c ho\u1eb7c thi\u1ebft b\u1ecb th\u1ef1c t\u1ebf.<\/p>\n<h3>S\u1ea3n ph\u1ea9m li\u00ean quan<\/h3>\n<p>\u0110\u00e2y ch\u1ec9 l\u00e0 m\u1ed9t ph\u1ea7n c\u1ee7a s\u1ea3n ph\u1ea9m, vui l\u00f2ng li\u00ean h\u1ec7 v\u1edbi ch\u00fang t\u00f4i \u0111\u1ec3 bi\u1ebft th\u00eam s\u1ea3n ph\u1ea9m<\/p>\n<p><img loading=\"lazy\" decoding=\"async\" class=\"size-full wp-image-7190 aligncenter\" src=\"https:\/\/fmp-components.com\/wp-content\/uploads\/2025\/03\/duplex-worm-gear-product-2.webp\" alt=\"b\u00e1nh r\u0103ng s\u00e2u k\u00e9p\" width=\"1000\" height=\"700\" title=\"\" srcset=\"https:\/\/fmp-components.com\/wp-content\/uploads\/2025\/03\/duplex-worm-gear-product-2.webp 1000w, https:\/\/fmp-components.com\/wp-content\/uploads\/2025\/03\/duplex-worm-gear-product-2-980x686.webp 980w, https:\/\/fmp-components.com\/wp-content\/uploads\/2025\/03\/duplex-worm-gear-product-2-480x336.webp 480w\" sizes=\"(min-width: 0px) and (max-width: 480px) 480px, (min-width: 481px) and (max-width: 980px) 980px, (min-width: 981px) 1000px, 100vw\" \/><\/p>\n<\/div>","protected":false},"excerpt":{"rendered":"<p>A Duplex Worm Gear is a specialized mechanical component designed for high-precision applications, offering enhanced durability and efficiency in power transmission systems. At FMP Company, we proudly manufacture a wide range of Duplex Worm Gears in various types and specifications to meet diverse industry needs. We also offer customized solutions tailored to your unique requirements. [&hellip;]<\/p>","protected":false},"featured_media":7188,"comment_status":"open","ping_status":"closed","template":"","meta":{"_et_pb_use_builder":"","_et_pb_old_content":"","_et_gb_content_width":""},"product_brand":[],"product_cat":[107],"product_tag":[],"class_list":{"0":"post-7174","1":"product","2":"type-product","3":"status-publish","4":"has-post-thumbnail","6":"product_cat-worm-gear","8":"first","9":"instock","10":"shipping-taxable","11":"product-type-simple"},"_links":{"self":[{"href":"https:\/\/fmp-components.com\/vi\/wp-json\/wp\/v2\/product\/7174","targetHints":{"allow":["GET"]}}],"collection":[{"href":"https:\/\/fmp-components.com\/vi\/wp-json\/wp\/v2\/product"}],"about":[{"href":"https:\/\/fmp-components.com\/vi\/wp-json\/wp\/v2\/types\/product"}],"replies":[{"embeddable":true,"href":"https:\/\/fmp-components.com\/vi\/wp-json\/wp\/v2\/comments?post=7174"}],"wp:featuredmedia":[{"embeddable":true,"href":"https:\/\/fmp-components.com\/vi\/wp-json\/wp\/v2\/media\/7188"}],"wp:attachment":[{"href":"https:\/\/fmp-components.com\/vi\/wp-json\/wp\/v2\/media?parent=7174"}],"wp:term":[{"taxonomy":"product_brand","embeddable":true,"href":"https:\/\/fmp-components.com\/vi\/wp-json\/wp\/v2\/product_brand?post=7174"},{"taxonomy":"product_cat","embeddable":true,"href":"https:\/\/fmp-components.com\/vi\/wp-json\/wp\/v2\/product_cat?post=7174"},{"taxonomy":"product_tag","embeddable":true,"href":"https:\/\/fmp-components.com\/vi\/wp-json\/wp\/v2\/product_tag?post=7174"}],"curies":[{"name":"wp","href":"https:\/\/api.w.org\/{rel}","templated":true}]}}