{"id":7168,"date":"2025-03-20T01:19:21","date_gmt":"2025-03-20T01:19:21","guid":{"rendered":"https:\/\/fmp-components.com\/?post_type=product&#038;p=7168"},"modified":"2025-03-26T08:52:09","modified_gmt":"2025-03-26T08:52:09","slug":"stainless-steel-worm-gear-for-cnc-machinery","status":"publish","type":"product","link":"https:\/\/fmp-components.com\/vi\/product\/stainless-steel-worm-gear-for-cnc-machinery\/","title":{"rendered":"B\u00e1nh r\u0103ng tr\u1ee5c v\u00edt b\u1eb1ng th\u00e9p kh\u00f4ng g\u1ec9 cho m\u00e1y CNC"},"content":{"rendered":"<p>T\u1ea1i C\u00f4ng ty FMP, ch\u00fang t\u00f4i chuy\u00ean s\u1ea3n xu\u1ea5t nhi\u1ec1u lo\u1ea1i th\u00e9p kh\u00f4ng g\u1ec9 <a href=\"https:\/\/fmp-components.com\/vi\/worm-gear-and-worm-shaft-2\/\">B\u00e1nh r\u0103ng tr\u1ee5c v\u00edt<\/a> \u0110\u01b0\u1ee3c thi\u1ebft k\u1ebf \u0111\u1ec3 \u0111\u00e1p \u1ee9ng c\u00e1c nhu c\u1ea7u c\u00f4ng nghi\u1ec7p \u0111a d\u1ea1ng. B\u00ean c\u1ea1nh danh m\u1ee5c s\u1ea3n ph\u1ea9m phong ph\u00fa, ch\u00fang t\u00f4i c\u00f2n cung c\u1ea5p c\u00e1c gi\u1ea3i ph\u00e1p t\u00f9y ch\u1ec9nh theo y\u00eau c\u1ea7u c\u1ee5 th\u1ec3 c\u1ee7a b\u1ea1n. N\u1ebfu b\u1ea1n kh\u00f4ng t\u00ecm th\u1ea5y ch\u00ednh x\u00e1c model m\u00ecnh \u0111ang t\u00ecm ki\u1ebfm trong danh s\u00e1ch s\u1ea3n ph\u1ea9m c\u1ee7a ch\u00fang t\u00f4i, c\u00f3 th\u1ec3 ch\u00fang t\u00f4i ch\u01b0a c\u1eadp nh\u1eadt. Vui l\u00f2ng g\u1eedi email cho ch\u00fang t\u00f4i k\u00e8m theo th\u00f4ng tin chi ti\u1ebft v\u1ec1 model b\u1ea1n c\u1ea7n, v\u00e0 c\u00e1c k\u1ef9 s\u01b0 c\u1ee7a ch\u00fang t\u00f4i s\u1ebd ph\u1ea3n h\u1ed3i trong v\u00f2ng 24 gi\u1edd \u0111\u1ec3 h\u1ed7 tr\u1ee3 b\u1ea1n.<\/p>\n<p><img loading=\"lazy\" decoding=\"async\" class=\"size-full wp-image-7172 aligncenter\" src=\"https:\/\/fmp-components.com\/wp-content\/uploads\/2025\/03\/Stainless-Steel-Worm-Gear-for-CNC-Machinery-4.webp\" alt=\"B\u00e1nh r\u0103ng tr\u1ee5c v\u00edt b\u1eb1ng th\u00e9p kh\u00f4ng g\u1ec9 cho m\u00e1y CNC\" width=\"500\" height=\"600\" title=\"\" srcset=\"https:\/\/fmp-components.com\/wp-content\/uploads\/2025\/03\/Stainless-Steel-Worm-Gear-for-CNC-Machinery-4.webp 500w, https:\/\/fmp-components.com\/wp-content\/uploads\/2025\/03\/Stainless-Steel-Worm-Gear-for-CNC-Machinery-4-480x576.webp 480w\" sizes=\"(min-width: 0px) and (max-width: 480px) 480px, (min-width: 481px) 500px, 100vw\" \/><\/p>\n<h2>Th\u00f4ng s\u1ed1 s\u1ea3n ph\u1ea9m<\/h2>\n<div class=\"rich-text-table\">\n<table border=\"1\">\n<colgroup>\n<col \/>\n<col \/><\/colgroup>\n<tbody>\n<tr>\n<td>T\u00ean s\u1ea3n ph\u1ea9m<\/td>\n<td>B\u00e1nh r\u0103ng tr\u1ee5c v\u00edt v\u00e0 b\u00e1nh xe tr\u1ee5c v\u00edt<\/td>\n<\/tr>\n<tr>\n<td>V\u1eadt li\u1ec7u c\u00f3 s\u1eb5n<\/td>\n<td>Th\u00e9p kh\u00f4ng g\u1ec9, Th\u00e9p cacbon, \u0110\u1ed3ng thau, \u0110\u1ed3ng, S\u1eaft, H\u1ee3p kim nh\u00f4m, \u0110\u1ed3ng, Nh\u1ef1a, Nylon, PA66, MC, PEER, MSM, POM, Derlin, v.v.<\/td>\n<\/tr>\n<tr>\n<td>X\u1eed l\u00fd nhi\u1ec7t<\/td>\n<td>L\u00e0m ngu\u1ed9i &amp; Ram, Th\u1ea5m cacbon &amp; L\u00e0m ngu\u1ed9i, L\u00e0m c\u1ee9ng t\u1ea7n s\u1ed1 cao, Th\u1ea5m cacbonit\u2026\u2026<\/td>\n<\/tr>\n<tr>\n<td>X\u1eed l\u00fd b\u1ec1 m\u1eb7t<\/td>\n<td>Th\u1ea5m cacbon v\u00e0 t\u00f4i, ram, l\u00e0m ngu\u1ed9i b\u1ec1 m\u1eb7t r\u0103ng, l\u00e0m c\u1ee9ng, ram<\/td>\n<\/tr>\n<tr>\n<td>KHOAN<\/td>\n<td>\u0110\u01b0\u1eddng k\u00ednh l\u1ed7 khoan ho\u00e0n thi\u1ec7n, \u0110\u01b0\u1eddng k\u00ednh l\u1ed7 khoan th\u00ed \u0111i\u1ec3m, Y\u00eau c\u1ea7u \u0111\u1eb7c bi\u1ec7t<\/td>\n<\/tr>\n<tr>\n<td>Ph\u01b0\u01a1ng ph\u00e1p x\u1eed l\u00fd<\/td>\n<td>\u0110\u00fac, C\u1ea1o, Phay, Khoan, C\u1eaft ren, Doa, V\u00e1t m\u00e9p th\u1ee7 c\u00f4ng, M\u00e0i, v.v.<\/td>\n<\/tr>\n<tr>\n<td>G\u00f3c \u00e1p su\u1ea5t<\/td>\n<td>20 \u0111\u1ed9<\/td>\n<\/tr>\n<tr>\n<td>\u0110\u1ed9 c\u1ee9ng<\/td>\n<td>55-60HRC<\/td>\n<\/tr>\n<tr>\n<td>K\u00edch c\u1ee1<\/td>\n<td>B\u1ea3n v\u1ebd c\u1ee7a kh\u00e1ch h\u00e0ng &amp; ti\u00eau chu\u1ea9n ISO<\/td>\n<\/tr>\n<tr>\n<td>B\u01b0u ki\u1ec7n<\/td>\n<td>Th\u00f9ng g\u1ed7\/th\u00f9ng ch\u1ee9a v\u00e0 pallet, ho\u1eb7c s\u1ea3n xu\u1ea5t theo \u0111\u01a1n \u0111\u1eb7t h\u00e0ng<\/td>\n<\/tr>\n<tr>\n<td>Gi\u1ea5y ch\u1ee9ng nh\u1eadn<\/td>\n<td>ISO9001:2008<\/td>\n<\/tr>\n<tr>\n<td>\u1ee8ng d\u1ee5ng<\/td>\n<td>M\u00e1y m\u00f3c \u0111i\u1ec7n, m\u00e1y m\u00f3c luy\u1ec7n kim, m\u00e1y m\u00f3c b\u1ea3o v\u1ec7 m\u00f4i tr\u01b0\u1eddng, thi\u1ebft b\u1ecb \u0111i\u1ec7n t\u1eed v\u00e0 \u0111i\u1ec7n, m\u00e1y m\u00f3c x\u00e2y d\u1ef1ng \u0111\u01b0\u1eddng b\u1ed9, m\u00e1y m\u00f3c h\u00f3a ch\u1ea5t, m\u00e1y m\u00f3c th\u1ef1c ph\u1ea9m, m\u00e1y m\u00f3c c\u00f4ng nghi\u1ec7p nh\u1eb9, m\u00e1y m\u00f3c khai th\u00e1c m\u1ecf, m\u00e1y m\u00f3c v\u1eadn t\u1ea3i, m\u00e1y m\u00f3c x\u00e2y d\u1ef1ng, m\u00e1y m\u00f3c v\u1eadt li\u1ec7u x\u00e2y d\u1ef1ng, m\u00e1y m\u00f3c xi m\u0103ng, m\u00e1y m\u00f3c cao su, m\u00e1y m\u00f3c th\u1ee7y l\u1ee3i v\u00e0 m\u00e1y m\u00f3c d\u1ea7u kh\u00ed<\/td>\n<\/tr>\n<tr>\n<td>Qu\u00e1 tr\u00ecnh gia c\u00f4ng<\/td>\n<td>Chu\u1ea9n b\u1ecb v\u1eadt li\u1ec7u, chu\u1ea9n h\u00f3a, ti\u1ec7n th\u00f4, t\u00f4i v\u00e0 ram, ti\u1ec7n b\u00e1n tinh v\u00f2ng ngo\u00e0i, b\u1ec1 m\u1eb7t xo\u1eafn \u1ed1c ti\u1ec7n th\u00f4, ti\u1ec7n tinh (m\u00e0i m\u1ecbn) m\u1eb7t \u0111\u1ea7u l\u1ed7 b\u00ean trong, r\u00e3nh then, b\u1ec1 m\u1eb7t xo\u1eafn \u1ed1c ti\u1ec7n b\u00e1n tinh, k\u00ecm (r\u0103ng ch\u01b0a ho\u00e0n thi\u1ec7n c\u00f2n l\u1ea1i), m\u00e0i b\u00e1n tinh v\u00f2ng ngo\u00e0i, b\u1ec1 m\u1eb7t xo\u1eafn \u1ed1c m\u00e0i b\u00e1n tinh, l\u1ed7 t\u00e2m m\u00e0i, v\u00f2ng ngo\u00e0i m\u00e0i tinh, b\u1ec1 m\u1eb7t xo\u1eafn \u1ed1c m\u00e0i m\u1ecbn, ki\u1ec3m tra th\u00e0nh ph\u1ea9m.<\/td>\n<\/tr>\n<tr>\n<td>Thu\u1eadn l\u1ee3i<\/td>\n<td>1. S\u1ea3n xu\u1ea5t theo \u0111\u00fang k\u00edch th\u01b0\u1edbc ti\u00eau chu\u1ea9n ANSI ho\u1eb7c DIN<br \/>\n2. V\u1eadt li\u1ec7u: Th\u00e9p SCM 415<br \/>\n3. \u0110\u01b0\u1eddng k\u00ednh l\u1ed7: \u0110\u01b0\u1eddng k\u00ednh l\u1ed7 ho\u00e0n thi\u1ec7n<br \/>\n4. C\u1ea5p ch\u00ednh x\u00e1c: DIN 5 \u0111\u1ebfn DIN 7<br \/>\n5. X\u1eed l\u00fd b\u1ec1 m\u1eb7t: Th\u1ea5m cacbon v\u00e0 t\u00f4i<br \/>\n6. M\u00f4-\u0111un: T\u1eeb 1 \u0111\u1ebfn 4<br \/>\n7. R\u0103ng: T\u1eeb Z15 \u0111\u1ebfn Z70<\/td>\n<\/tr>\n<\/tbody>\n<\/table>\n<\/div>\n<h2>Th\u00f4ng s\u1ed1 k\u1ef9 thu\u1eadt:<\/h2>\n<div class=\"rich-text-table\">\n<table border=\"1\">\n<tbody>\n<tr>\n<td colspan=\"2\">Con s\u1ed1<\/td>\n<td rowspan=\"2\">S\u1ed1 l\u01b0\u1ee3ng r\u0103ng<\/td>\n<td colspan=\"2\">\u0110\u01b0\u1eddng k\u00ednh l\u1ed7 tr\u1ee5c AH7 (T\u0103ng d\u1ea7n 1mm)<\/td>\n<td rowspan=\"2\">H\u01b0\u1edbng xo\u1eafn<\/td>\n<td rowspan=\"2\">B<\/td>\n<td rowspan=\"2\">C<\/td>\n<td rowspan=\"2\">D<\/td>\n<td rowspan=\"2\">E<\/td>\n<td rowspan=\"2\">F<\/td>\n<td rowspan=\"2\">G<\/td>\n<\/tr>\n<tr>\n<td>Ki\u1ec3u<\/td>\n<td>M\u00f4-\u0111un<\/td>\n<td>\u0110\u01b0\u1eddng k\u00ednh th\u1eb3ng \u0110\u01b0\u1eddng k\u00ednh th\u1eb3ng + Taro<\/td>\n<td>R\u00e3nh then + V\u00f2i<\/td>\n<\/tr>\n<tr>\n<td rowspan=\"22\">\u0110\u01b0\u1eddng k\u00ednh th\u1eb3ng<\/p>\n<p>\u0110\u01b0\u1eddng k\u00ednh th\u1eb3ng + V\u00f2i<\/p>\n<p>R\u00e3nh then + V\u00f2i<\/td>\n<td rowspan=\"5\">1.0<\/td>\n<td>20<\/td>\n<td>6<\/td>\n<td>8<\/td>\n<td rowspan=\"22\">L(Tr\u00e1i)<\/p>\n<p>R(Ph\u1ea3i)<\/td>\n<td>17<\/td>\n<td>20<\/td>\n<td>22<\/td>\n<td colspan=\"1\" rowspan=\"5\">8<\/td>\n<td rowspan=\"5\">10<\/td>\n<td rowspan=\"5\">18<\/td>\n<\/tr>\n<tr>\n<td>22~ 28<\/td>\n<td>8<\/td>\n<td>8~13<\/td>\n<td>18~20<\/td>\n<td>22~28<\/td>\n<td>24~30<\/td>\n<\/tr>\n<tr>\n<td>30~48<\/td>\n<td>10<\/td>\n<td>10~17<\/td>\n<td>25~30<\/td>\n<td>30~48<\/td>\n<td>32~50<\/td>\n<\/tr>\n<tr>\n<td>50~70<\/td>\n<td>12<\/td>\n<td>12~17<\/td>\n<td>35~40<\/td>\n<td>50~70<\/td>\n<td colspan=\"1\">52~72<\/td>\n<\/tr>\n<tr>\n<td>80~100<\/td>\n<td>15<\/td>\n<td>15~30<\/td>\n<td>50<\/td>\n<td>80~100<\/td>\n<td colspan=\"1\">82~102<\/td>\n<\/tr>\n<tr>\n<td rowspan=\"4\">1.5<\/td>\n<td>20~26<\/td>\n<td>12<\/td>\n<td>12~17<\/td>\n<td>24~32<\/td>\n<td>30~39<\/td>\n<td colspan=\"1\">33~42<\/td>\n<td colspan=\"1\" rowspan=\"4\">12<\/td>\n<td rowspan=\"4\">12<\/td>\n<td rowspan=\"4\">24<\/td>\n<\/tr>\n<tr>\n<td>28~44<\/td>\n<td>15<\/td>\n<td>15~30<\/td>\n<td>36~50<\/td>\n<td>42~67.5<\/td>\n<td colspan=\"1\">45~70.5<\/td>\n<\/tr>\n<tr>\n<td>45~52<\/td>\n<td>18<\/td>\n<td>18~40<\/td>\n<td>50~60<\/td>\n<td>72~78<\/td>\n<td colspan=\"1\">75~81<\/td>\n<\/tr>\n<tr>\n<td>60~100<\/td>\n<td>20<\/td>\n<td>20-50<\/td>\n<td>60~70<\/td>\n<td>90~150<\/td>\n<td colspan=\"1\">93\u00b7153<\/td>\n<\/tr>\n<tr>\n<td rowspan=\"5\">2.0<\/td>\n<td>15~18<\/td>\n<td>12<\/td>\n<td>12~17<\/td>\n<td>24~30<\/td>\n<td>30~36<\/td>\n<td>34~40<\/td>\n<td colspan=\"1\" rowspan=\"5\">16<\/td>\n<td rowspan=\"5\">13<\/td>\n<td rowspan=\"5\">29<\/td>\n<\/tr>\n<tr>\n<td>20~28<\/td>\n<td>15<\/td>\n<td>15\u00b722<\/td>\n<td>32~45<\/td>\n<td>40~56<\/td>\n<td>44~60<\/td>\n<\/tr>\n<tr>\n<td>30~36<\/td>\n<td>18<\/td>\n<td>18~40<\/td>\n<td>50<\/td>\n<td>60~72<\/td>\n<td>64~76<\/td>\n<\/tr>\n<tr>\n<td>40~48<\/td>\n<td>20<\/td>\n<td>20~44<\/td>\n<td>60<\/td>\n<td>80~96<\/td>\n<td>84~100<\/td>\n<\/tr>\n<tr>\n<td>50~100<\/td>\n<td>25<\/td>\n<td>25~60<\/td>\n<td>60~100<\/td>\n<td>100~200<\/td>\n<td>104~204<\/td>\n<\/tr>\n<tr>\n<td rowspan=\"4\">2.5<\/td>\n<td>15~18<\/td>\n<td>15<\/td>\n<td>15~30<\/td>\n<td>30~38<\/td>\n<td>37.5~45<\/td>\n<td>42.5~50<\/td>\n<td colspan=\"1\" rowspan=\"4\">20<\/td>\n<td rowspan=\"4\">14<\/td>\n<td rowspan=\"4\">34<\/td>\n<\/tr>\n<tr>\n<td>20~24<\/td>\n<td>18<\/td>\n<td>18~40<\/td>\n<td>40~48<\/td>\n<td>50~60<\/td>\n<td>55~65<\/td>\n<\/tr>\n<tr>\n<td>25~36<\/td>\n<td>20<\/td>\n<td>20~50<\/td>\n<td>50~70<\/td>\n<td>62.5~90<\/td>\n<td>67.5~95<\/td>\n<\/tr>\n<tr>\n<td>40~60<\/td>\n<td>25<\/td>\n<td>25~70<\/td>\n<td>70~80<\/td>\n<td>90~150<\/td>\n<td>95~155<\/td>\n<\/tr>\n<tr>\n<td rowspan=\"4\">3.0<\/td>\n<td>15~18<\/td>\n<td>18<\/td>\n<td>18~22<\/td>\n<td>36~40<\/td>\n<td>45~54<\/td>\n<td>51~60<\/td>\n<td colspan=\"1\" rowspan=\"4\">25<\/td>\n<td rowspan=\"4\">16<\/td>\n<td rowspan=\"4\">4<\/td>\n<\/tr>\n<\/tbody>\n<\/table>\n<h3>S\u1ea3n ph\u1ea9m li\u00ean quan<\/h3>\n<p><img loading=\"lazy\" decoding=\"async\" class=\"alignnone size-full wp-image-7170\" src=\"https:\/\/fmp-components.com\/wp-content\/uploads\/2025\/03\/Stainless-Steel-Worm-Gear-for-CNC-Machinery-3.webp\" alt=\"B\u00e1nh r\u0103ng tr\u1ee5c v\u00edt b\u1eb1ng th\u00e9p kh\u00f4ng g\u1ec9 cho m\u00e1y CNC\" width=\"1000\" height=\"400\" title=\"\" srcset=\"https:\/\/fmp-components.com\/wp-content\/uploads\/2025\/03\/Stainless-Steel-Worm-Gear-for-CNC-Machinery-3.webp 1000w, https:\/\/fmp-components.com\/wp-content\/uploads\/2025\/03\/Stainless-Steel-Worm-Gear-for-CNC-Machinery-3-980x392.webp 980w, https:\/\/fmp-components.com\/wp-content\/uploads\/2025\/03\/Stainless-Steel-Worm-Gear-for-CNC-Machinery-3-480x192.webp 480w\" sizes=\"(min-width: 0px) and (max-width: 480px) 480px, (min-width: 481px) and (max-width: 980px) 980px, (min-width: 981px) 1000px, 100vw\" \/><\/p>\n<p>Ch\u00fang t\u00f4i xin nh\u1ea5n m\u1ea1nh r\u1eb1ng C\u00f4ng ty FMP t\u1ef1 h\u00e0o s\u1ea3n xu\u1ea5t H\u1ed9p s\u1ed1 tr\u1ee5c v\u00edt b\u1eb1ng th\u00e9p kh\u00f4ng g\u1ec9, \u0111\u01b0\u1ee3c thi\u1ebft k\u1ebf \u0111\u1eb7c bi\u1ec7t \u0111\u1ec3 \u0111\u00e1p \u1ee9ng nh\u1eefng y\u00eau c\u1ea7u kh\u1eaft khe c\u1ee7a ng\u00e0nh c\u00f4ng nghi\u1ec7p th\u1ef1c ph\u1ea9m. Nh\u1eefng h\u1ed9p s\u1ed1 n\u00e0y \u0111\u01b0\u1ee3c ch\u1ebf t\u1ea1o ch\u00ednh x\u00e1c, \u0111\u1ea3m b\u1ea3o \u0111\u1ed9 b\u1ec1n, kh\u1ea3 n\u0103ng ch\u1ed1ng \u0103n m\u00f2n v\u00e0 tu\u00e2n th\u1ee7 c\u00e1c ti\u00eau chu\u1ea9n v\u1ec7 sinh, khi\u1ebfn ch\u00fang tr\u1edf th\u00e0nh l\u1ef1a ch\u1ecdn l\u00fd t\u01b0\u1edfng cho c\u00e1c \u1ee9ng d\u1ee5ng ch\u1ebf bi\u1ebfn th\u1ef1c ph\u1ea9m. N\u1ebfu b\u1ea1n c\u00f3 b\u1ea5t k\u1ef3 y\u00eau c\u1ea7u ho\u1eb7c th\u1eafc m\u1eafc n\u00e0o v\u1ec1 H\u1ed9p s\u1ed1 tr\u1ee5c v\u00edt b\u1eb1ng th\u00e9p kh\u00f4ng g\u1ec9 c\u1ee7a ch\u00fang t\u00f4i, xin \u0111\u1eebng ng\u1ea7n ng\u1ea1i li\u00ean h\u1ec7 v\u1edbi ch\u00fang t\u00f4i. \u0110\u1ed9i ng\u0169 t\u1eadn t\u00e2m c\u1ee7a ch\u00fang t\u00f4i lu\u00f4n s\u1eb5n s\u00e0ng h\u1ed7 tr\u1ee3 b\u1ea1n nhanh ch\u00f3ng, cung c\u1ea5p c\u00e1c gi\u1ea3i ph\u00e1p ph\u00f9 h\u1ee3p \u0111\u1ec3 n\u00e2ng cao ho\u1ea1t \u0111\u1ed9ng c\u1ee7a b\u1ea1n. H\u00e3y li\u00ean h\u1ec7 v\u1edbi ch\u00fang t\u00f4i ngay h\u00f4m nay \u0111\u1ec3 th\u1ea3o lu\u1eadn v\u1ec1 nhu c\u1ea7u c\u1ee7a b\u1ea1n!<\/p>\n<p><img loading=\"lazy\" decoding=\"async\" class=\"alignnone size-full wp-image-7173\" src=\"https:\/\/fmp-components.com\/wp-content\/uploads\/2025\/03\/Stainless-Steel-Worm-Gearbox.webp\" alt=\"H\u1ed9p s\u1ed1 tr\u1ee5c v\u00edt b\u1eb1ng th\u00e9p kh\u00f4ng g\u1ec9\" width=\"1000\" height=\"668\" title=\"\" srcset=\"https:\/\/fmp-components.com\/wp-content\/uploads\/2025\/03\/Stainless-Steel-Worm-Gearbox.webp 1000w, https:\/\/fmp-components.com\/wp-content\/uploads\/2025\/03\/Stainless-Steel-Worm-Gearbox-980x655.webp 980w, https:\/\/fmp-components.com\/wp-content\/uploads\/2025\/03\/Stainless-Steel-Worm-Gearbox-480x321.webp 480w\" sizes=\"(min-width: 0px) and (max-width: 480px) 480px, (min-width: 481px) and (max-width: 980px) 980px, (min-width: 981px) 1000px, 100vw\" \/><\/p>\n<\/div>","protected":false},"excerpt":{"rendered":"<p>T\u1ea1i C\u00f4ng ty FMP, ch\u00fang t\u00f4i chuy\u00ean s\u1ea3n xu\u1ea5t \u0111a d\u1ea1ng c\u00e1c lo\u1ea1i b\u00e1nh r\u0103ng tr\u1ee5c v\u00edt b\u1eb1ng th\u00e9p kh\u00f4ng g\u1ec9 \u0111\u01b0\u1ee3c thi\u1ebft k\u1ebf \u0111\u1ec3 \u0111\u00e1p \u1ee9ng c\u00e1c nhu c\u1ea7u c\u00f4ng nghi\u1ec7p \u0111a d\u1ea1ng. B\u00ean c\u1ea1nh danh m\u1ee5c s\u1ea3n ph\u1ea9m phong ph\u00fa, ch\u00fang t\u00f4i c\u00f2n cung c\u1ea5p c\u00e1c gi\u1ea3i ph\u00e1p t\u00f9y ch\u1ec9nh theo y\u00eau c\u1ea7u c\u1ee5 th\u1ec3 c\u1ee7a b\u1ea1n. N\u1ebfu b\u1ea1n kh\u00f4ng t\u00ecm th\u1ea5y ch\u00ednh x\u00e1c m\u1eabu s\u1ea3n ph\u1ea9m m\u00ecnh \u0111ang t\u00ecm ki\u1ebfm trong danh s\u00e1ch s\u1ea3n ph\u1ea9m c\u1ee7a ch\u00fang t\u00f4i, c\u00f3 th\u1ec3 ch\u00fang t\u00f4i ch\u01b0a [\u2026]<\/p>","protected":false},"featured_media":7169,"comment_status":"open","ping_status":"closed","template":"","meta":{"_et_pb_use_builder":"","_et_pb_old_content":"","_et_gb_content_width":""},"product_brand":[],"product_cat":[107],"product_tag":[],"class_list":{"0":"post-7168","1":"product","2":"type-product","3":"status-publish","4":"has-post-thumbnail","6":"product_cat-worm-gear","8":"first","9":"instock","10":"shipping-taxable","11":"product-type-simple"},"_links":{"self":[{"href":"https:\/\/fmp-components.com\/vi\/wp-json\/wp\/v2\/product\/7168","targetHints":{"allow":["GET"]}}],"collection":[{"href":"https:\/\/fmp-components.com\/vi\/wp-json\/wp\/v2\/product"}],"about":[{"href":"https:\/\/fmp-components.com\/vi\/wp-json\/wp\/v2\/types\/product"}],"replies":[{"embeddable":true,"href":"https:\/\/fmp-components.com\/vi\/wp-json\/wp\/v2\/comments?post=7168"}],"wp:featuredmedia":[{"embeddable":true,"href":"https:\/\/fmp-components.com\/vi\/wp-json\/wp\/v2\/media\/7169"}],"wp:attachment":[{"href":"https:\/\/fmp-components.com\/vi\/wp-json\/wp\/v2\/media?parent=7168"}],"wp:term":[{"taxonomy":"product_brand","embeddable":true,"href":"https:\/\/fmp-components.com\/vi\/wp-json\/wp\/v2\/product_brand?post=7168"},{"taxonomy":"product_cat","embeddable":true,"href":"https:\/\/fmp-components.com\/vi\/wp-json\/wp\/v2\/product_cat?post=7168"},{"taxonomy":"product_tag","embeddable":true,"href":"https:\/\/fmp-components.com\/vi\/wp-json\/wp\/v2\/product_tag?post=7168"}],"curies":[{"name":"wp","href":"https:\/\/api.w.org\/{rel}","templated":true}]}}