{"id":7154,"date":"2025-03-19T07:41:52","date_gmt":"2025-03-19T07:41:52","guid":{"rendered":"https:\/\/fmp-components.com\/?post_type=product&#038;p=7154"},"modified":"2025-03-26T08:51:49","modified_gmt":"2025-03-26T08:51:49","slug":"customized-worm-gear-set","status":"publish","type":"product","link":"https:\/\/fmp-components.com\/vi\/product\/customized-worm-gear-set\/","title":{"rendered":"B\u1ed9 b\u00e1nh r\u0103ng tr\u1ee5c v\u00edt t\u00f9y ch\u1ec9nh"},"content":{"rendered":"<h2>B\u1ed9 b\u00e1nh r\u0103ng tr\u1ee5c v\u00edt t\u00f9y ch\u1ec9nh<\/h2>\n<p>B\u1ed9 b\u00e1nh r\u0103ng tr\u1ee5c v\u00edt t\u00f9y ch\u1ec9nh \u0111\u01b0\u1ee3c s\u1ea3n xu\u1ea5t theo nhi\u1ec1u ki\u1ec3u d\u00e1ng v\u00e0 v\u1eadt li\u1ec7u kh\u00e1c nhau theo th\u00f4ng s\u1ed1 k\u1ef9 thu\u1eadt c\u1ee7a kh\u00e1ch h\u00e0ng.<\/p>\n<p>FMP cung c\u1ea5p b\u1ed9 b\u00e1nh r\u0103ng t\u00f9y ch\u1ec9nh v\u1edbi kho\u1ea3ng c\u00e1ch tr\u1ee5c t\u1eeb 17 \u0111\u1ebfn 210 mm v\u00e0 \u0111\u01b0\u1eddng k\u00ednh b\u00e1nh v\u00edt t\u1ed1i \u0111a l\u00e0 300 mm. N\u1ebfu c\u1ea7n thi\u1ebft, FMP s\u1ebd t\u00ednh to\u00e1n d\u1eef li\u1ec7u bi\u00ean d\u1ea1ng r\u0103ng, x\u00e1c \u0111\u1ecbnh v\u1eadt li\u1ec7u v\u00e0 x\u1eed l\u00fd b\u1ec1 m\u1eb7t, \u0111\u1ed3ng th\u1eddi t\u01b0 v\u1ea5n v\u1ec1 b\u00f4i tr\u01a1n v\u00e0 t\u1ea3i m\u00f4-men xo\u1eafn.<\/p>\n<p>FMP c\u00f3 nhi\u1ec1u n\u0103m kinh nghi\u1ec7m trong s\u1ea3n xu\u1ea5t <a href=\"https:\/\/fmp-components.com\/vi\/worm-gear-and-worm-shaft-2\/\">b\u1ed9 b\u00e1nh r\u0103ng tr\u1ee5c v\u00edt<\/a>\u0110i\u1ec1u n\u00e0y c\u00f3 ngh\u0129a l\u00e0 kh\u00e1ch h\u00e0ng c\u1ee7a ch\u00fang t\u00f4i ch\u1ee7 y\u1ebfu d\u1ef1a v\u00e0o c\u00e1c d\u1ee5ng c\u1ee5 c\u1eaft b\u00e1nh r\u0103ng hi\u1ec7n c\u00f3, \u0111\u1eb7c bi\u1ec7t l\u00e0 khi giao h\u00e0ng trong th\u1eddi gian ng\u1eafn v\u00e0 s\u1ed1 l\u01b0\u1ee3ng \u0111\u01a1n h\u00e0ng nh\u1ecf. Do \u0111\u00f3, quy tr\u00ecnh n\u00e0y ph\u1ea3i \u0111\u01b0\u1ee3c ki\u1ec3m tra theo t\u1eebng tr\u01b0\u1eddng h\u1ee3p c\u1ee5 th\u1ec3. \u0110\u1ec3 l\u00e0m \u0111\u01b0\u1ee3c \u0111i\u1ec1u n\u00e0y, qu\u00fd kh\u00e1ch c\u00f3 th\u1ec3 li\u00ean h\u1ec7 tr\u1ef1c ti\u1ebfp v\u1edbi ch\u00fang t\u00f4i ho\u1eb7c s\u1eed d\u1ee5ng bi\u1ec3u m\u1eabu y\u00eau c\u1ea7u.<\/p>\n<table style=\"width: 100%;\" border=\"1\" width=\"100%\" cellspacing=\"0\" cellpadding=\"0\">\n<tbody>\n<tr style=\"height: 14.40pt;\">\n<td style=\"height: 14.40pt; width: 49.80pt;\" width=\"83\" height=\"24\"><img loading=\"lazy\" decoding=\"async\" class=\"size-full wp-image-7158 aligncenter\" src=\"https:\/\/fmp-components.com\/wp-content\/uploads\/2025\/03\/Worm-Gear-Set-Product-3.webp\" alt=\"B\u1ed9 b\u00e1nh r\u0103ng s\u00e2u\" width=\"1000\" height=\"667\" title=\"\" srcset=\"https:\/\/fmp-components.com\/wp-content\/uploads\/2025\/03\/Worm-Gear-Set-Product-3.webp 1000w, https:\/\/fmp-components.com\/wp-content\/uploads\/2025\/03\/Worm-Gear-Set-Product-3-980x654.webp 980w, https:\/\/fmp-components.com\/wp-content\/uploads\/2025\/03\/Worm-Gear-Set-Product-3-480x320.webp 480w\" sizes=\"(min-width: 0px) and (max-width: 480px) 480px, (min-width: 481px) and (max-width: 980px) 980px, (min-width: 981px) 1000px, 100vw\" \/><\/td>\n<td style=\"width: 48.00pt;\" align=\"right\" width=\"80\"><img loading=\"lazy\" decoding=\"async\" class=\"size-full wp-image-7157 alignnone\" src=\"https:\/\/fmp-components.com\/wp-content\/uploads\/2025\/03\/Worm-Gear-Set-Product-4.webp\" alt=\"B\u1ed9 b\u00e1nh r\u0103ng s\u00e2u\" width=\"1000\" height=\"658\" title=\"\" srcset=\"https:\/\/fmp-components.com\/wp-content\/uploads\/2025\/03\/Worm-Gear-Set-Product-4.webp 1000w, https:\/\/fmp-components.com\/wp-content\/uploads\/2025\/03\/Worm-Gear-Set-Product-4-980x645.webp 980w, https:\/\/fmp-components.com\/wp-content\/uploads\/2025\/03\/Worm-Gear-Set-Product-4-480x316.webp 480w\" sizes=\"(min-width: 0px) and (max-width: 480px) 480px, (min-width: 481px) and (max-width: 980px) 980px, (min-width: 981px) 1000px, 100vw\" \/><\/td>\n<\/tr>\n<tr style=\"height: 14.40pt;\">\n<td style=\"height: 14.40pt;\" height=\"24\"><img loading=\"lazy\" decoding=\"async\" class=\"alignnone size-full wp-image-7160\" src=\"https:\/\/fmp-components.com\/wp-content\/uploads\/2025\/03\/Worm-Gear-Set-Product-1.webp\" alt=\"B\u1ed9 b\u00e1nh r\u0103ng s\u00e2u\" width=\"1000\" height=\"667\" title=\"\" srcset=\"https:\/\/fmp-components.com\/wp-content\/uploads\/2025\/03\/Worm-Gear-Set-Product-1.webp 1000w, https:\/\/fmp-components.com\/wp-content\/uploads\/2025\/03\/Worm-Gear-Set-Product-1-980x654.webp 980w, https:\/\/fmp-components.com\/wp-content\/uploads\/2025\/03\/Worm-Gear-Set-Product-1-480x320.webp 480w\" sizes=\"(min-width: 0px) and (max-width: 480px) 480px, (min-width: 481px) and (max-width: 980px) 980px, (min-width: 981px) 1000px, 100vw\" \/><\/td>\n<td align=\"right\"><img loading=\"lazy\" decoding=\"async\" class=\"alignnone size-full wp-image-7159\" src=\"https:\/\/fmp-components.com\/wp-content\/uploads\/2025\/03\/Worm-Gear-Set-Product-2.webp\" alt=\"B\u1ed9 b\u00e1nh r\u0103ng s\u00e2u\" width=\"1000\" height=\"667\" title=\"\" srcset=\"https:\/\/fmp-components.com\/wp-content\/uploads\/2025\/03\/Worm-Gear-Set-Product-2.webp 1000w, https:\/\/fmp-components.com\/wp-content\/uploads\/2025\/03\/Worm-Gear-Set-Product-2-980x654.webp 980w, https:\/\/fmp-components.com\/wp-content\/uploads\/2025\/03\/Worm-Gear-Set-Product-2-480x320.webp 480w\" sizes=\"(min-width: 0px) and (max-width: 480px) 480px, (min-width: 481px) and (max-width: 980px) 980px, (min-width: 981px) 1000px, 100vw\" \/><\/td>\n<\/tr>\n<\/tbody>\n<\/table>\n<h3 id=\"ali-title-AliPostDhMb-l21dc\"><span data-spm-anchor-id=\"a2700.details.0.i24.d43f7fd9eq9biO\">S\u1ea3n ph\u1ea9m c\u1ee7a ch\u00fang t\u00f4i<\/span><\/h3>\n<div>\n<table style=\"width: 100%;\" border=\"1\" width=\"100%\" cellspacing=\"0\" cellpadding=\"0\">\n<thead class=\"border-b border-primary\/20\">\n<tr class=\"border-primary\/10\">\n<th class=\"break-words\">B\u1ed9 b\u00e1nh r\u0103ng tr\u1ee5c v\u00edt<\/th>\n<th class=\"break-words\">Kho\u1ea3ng c\u00e1ch t\u00e2m (mm)<\/th>\n<th class=\"break-words\">T\u1ef7 s\u1ed1 truy\u1ec1n<\/th>\n<th class=\"break-words\">M\u00f4-men xo\u1eafn \u0111\u1ea7u ra (t\u00ednh b\u1eb1ng lbs)<\/th>\n<\/tr>\n<\/thead>\n<tbody>\n<tr class=\"border-primary\/10\">\n<td class=\"break-words\">A17<\/td>\n<td class=\"break-words\">17<\/td>\n<td class=\"break-words\">2,25 \u2013 80:1<\/td>\n<td class=\"break-words\">8,85 \u2013 24,78<\/td>\n<\/tr>\n<tr class=\"border-primary\/10\">\n<td class=\"break-words\">A22<\/td>\n<td class=\"break-words\">22<\/td>\n<td class=\"break-words\">3 \u2013 40:1<\/td>\n<td class=\"break-words\">19,47 \u2013 51,33<\/td>\n<\/tr>\n<tr class=\"border-primary\/10\">\n<td class=\"break-words\">A25<\/td>\n<td class=\"break-words\">25<\/td>\n<td class=\"break-words\">4 \u2013 50:1<\/td>\n<td class=\"break-words\">45,14 \u2013 82,3<\/td>\n<\/tr>\n<tr class=\"border-primary\/10\">\n<td class=\"break-words\">A31<\/td>\n<td class=\"break-words\">31<\/td>\n<td class=\"break-words\">2,5 \u2013 100:1<\/td>\n<td class=\"break-words\">89,39 \u2013 122,94<\/td>\n<\/tr>\n<tr class=\"border-primary\/10\">\n<td class=\"break-words\">A33<\/td>\n<td class=\"break-words\">33<\/td>\n<td class=\"break-words\">3,5 \u2013 75:1<\/td>\n<td class=\"break-words\">89,39 \u2013 188,52<\/td>\n<\/tr>\n<tr class=\"border-primary\/10\">\n<td class=\"break-words\">A35<\/td>\n<td class=\"break-words\">35<\/td>\n<td class=\"break-words\">2,78 \u2013 90:1<\/td>\n<td class=\"break-words\">58,4 \u2013 226,58<\/td>\n<\/tr>\n<tr class=\"border-primary\/10\">\n<td class=\"break-words\">A40<\/td>\n<td class=\"break-words\">40<\/td>\n<td class=\"break-words\">6,75 \u2013 90:1<\/td>\n<td class=\"break-words\">223.004 \u2013 411.56<\/td>\n<\/tr>\n<tr class=\"border-primary\/10\">\n<td class=\"break-words\">A50<\/td>\n<td class=\"break-words\">50<\/td>\n<td class=\"break-words\">4.25 \u2013 69:1<\/td>\n<td class=\"break-words\">300,9 \u2013 1039,2<\/td>\n<\/tr>\n<tr class=\"border-primary\/10\">\n<td class=\"break-words\">A53<\/td>\n<td class=\"break-words\">53<\/td>\n<td class=\"break-words\">4,75 \u2013 75:1<\/td>\n<td class=\"break-words\">398,28 \u2013 1247,9<\/td>\n<\/tr>\n<tr class=\"border-primary\/10\">\n<td class=\"break-words\">A63<\/td>\n<td class=\"break-words\">63<\/td>\n<td class=\"break-words\">6.1 \u2013 70:1<\/td>\n<td class=\"break-words\">787,7 \u2013 2283,5<\/td>\n<\/tr>\n<tr class=\"border-primary\/10\">\n<td class=\"break-words\">A65<\/td>\n<td class=\"break-words\">65<\/td>\n<td class=\"break-words\">6.25 \u2013 75:1<\/td>\n<td class=\"break-words\">893,9 \u2013 2549<\/td>\n<\/tr>\n<tr class=\"border-primary\/10\">\n<td class=\"break-words\">A80<\/td>\n<td class=\"break-words\">80<\/td>\n<td class=\"break-words\">6,75 \u2013 80:1<\/td>\n<td class=\"break-words\">1327,6 \u2013 4620<\/td>\n<\/tr>\n<\/tbody>\n<\/table>\n<p>&nbsp;<\/p>\n<\/div>\n<div>\n<table border=\"1\">\n<tbody>\n<tr>\n<td>C\u00e1c lo\u1ea1i b\u00e1nh r\u0103ng<\/td>\n<td>b\u00e1nh r\u0103ng th\u1eb3ng, b\u00e1nh r\u0103ng xo\u1eafn, b\u00e1nh r\u0103ng th\u1eb3ng trong, b\u00e1nh r\u0103ng v\u00e0nh, b\u00e1nh r\u0103ng c\u00f4n th\u1eb3ng\/xo\u1eafn \u1ed1c, b\u00e1nh r\u0103ng hypoid,<\/p>\n<p>b\u00e1nh r\u0103ng v\u01b0\u01a1ng mi\u1ec7n &amp; b\u00e1nh r\u0103ng nh\u1ecf, tr\u1ee5c b\u00e1nh r\u0103ng, b\u00e1nh r\u0103ng tr\u1ee5c v\u00edt &amp; tr\u1ee5c v\u00edt, tr\u1ee5c kh\u00eda &amp; \u1ed1ng l\u00f3t, v.v.<\/td>\n<\/tr>\n<tr>\n<td>V\u1eadt li\u1ec7u b\u00e1nh r\u0103ng<\/td>\n<td>th\u00e9p cacbon, th\u00e9p h\u1ee3p kim, th\u00e9p kh\u00f4ng g\u1ec9, \u0111\u1ed3ng thau, \u0111\u1ed3ng \u0111\u1ecf, gang, nylon, v.v.<\/p>\n<p>{ Th\u00e9p GB: C45, 40Cr, 20CrMo, 20CrMoTi, 17CrNiMo6, 20CrMnTi, 42CrMo, v.v.}<\/td>\n<\/tr>\n<tr>\n<td>X\u1eed l\u00fd<\/td>\n<td>ti\u1ec7n ph\u00f4i b\u00e1nh r\u0103ng, phay b\u00e1nh r\u0103ng, phay b\u00e1nh r\u0103ng, \u0111\u1ecbnh h\u00ecnh b\u00e1nh r\u0103ng, b\u00e0o b\u00e1nh r\u0103ng, m\u00e0i r\u0103ng,<\/p>\n<p>doa, v.v.<\/td>\n<\/tr>\n<tr>\n<td>X\u1eed l\u00fd nhi\u1ec7t<\/td>\n<td>l\u00e0m ngu\u1ed9i, th\u1ea5m cacbon, th\u1ea5m nit\u01a1, th\u1ea5m cacbon-nitrit, l\u00e0m ngu\u1ed9i b\u1eb1ng b\u1ec3 mu\u1ed1i, v.v.<\/td>\n<\/tr>\n<tr>\n<td>\u1ee8ng d\u1ee5ng<\/td>\n<td>\u00d4 t\u00f4, N\u00f4ng nghi\u1ec7p, \u0110i\u1ec7n t\u1eed, C\u00f4ng nghi\u1ec7p, Y t\u1ebf, Qu\u1ed1c ph\u00f2ng, Ngo\u00e0i \u0111\u01b0\u1eddng b\u1ed9, v.v.<\/td>\n<\/tr>\n<\/tbody>\n<\/table>\n<\/div>\n<div>\n<h2>\u0110\u1eb7c \u0111i\u1ec3m c\u1ee7a b\u1ed9 b\u00e1nh r\u0103ng tr\u1ee5c v\u00edt<\/h2>\n<table style=\"width: 100%;\" border=\"1\" width=\"100%\" cellspacing=\"0\" cellpadding=\"0\">\n<tbody>\n<tr style=\"height: 14.40pt;\">\n<td style=\"height: 14.4pt; width: 30.4762%;\" width=\"83\" height=\"24\">\u00a0\u00a0<img loading=\"lazy\" decoding=\"async\" class=\"alignnone size-full wp-image-7163\" src=\"https:\/\/fmp-components.com\/wp-content\/uploads\/2025\/03\/Worm-Gear-Set-Product-5.webp\" alt=\"B\u1ed9 b\u00e1nh r\u0103ng s\u00e2u\" width=\"800\" height=\"800\" title=\"\" srcset=\"https:\/\/fmp-components.com\/wp-content\/uploads\/2025\/03\/Worm-Gear-Set-Product-5.webp 800w, https:\/\/fmp-components.com\/wp-content\/uploads\/2025\/03\/Worm-Gear-Set-Product-5-480x480.webp 480w\" sizes=\"(min-width: 0px) and (max-width: 480px) 480px, (min-width: 481px) 800px, 100vw\" \/><\/td>\n<td style=\"width: 34.9206%;\" align=\"right\" width=\"80\"><img loading=\"lazy\" decoding=\"async\" class=\"alignnone size-full wp-image-7162\" src=\"https:\/\/fmp-components.com\/wp-content\/uploads\/2025\/03\/Worm-Gear-Set-Product-6.webp\" alt=\"B\u1ed9 b\u00e1nh r\u0103ng s\u00e2u\" width=\"800\" height=\"800\" title=\"\" srcset=\"https:\/\/fmp-components.com\/wp-content\/uploads\/2025\/03\/Worm-Gear-Set-Product-6.webp 800w, https:\/\/fmp-components.com\/wp-content\/uploads\/2025\/03\/Worm-Gear-Set-Product-6-480x480.webp 480w\" sizes=\"(min-width: 0px) and (max-width: 480px) 480px, (min-width: 481px) 800px, 100vw\" \/><\/td>\n<td style=\"width: 34.2857%;\" align=\"right\" width=\"154\"><img loading=\"lazy\" decoding=\"async\" class=\"alignnone size-full wp-image-7161\" src=\"https:\/\/fmp-components.com\/wp-content\/uploads\/2025\/03\/Worm-Gear-Set-Product-7.webp\" alt=\"B\u1ed9 b\u00e1nh r\u0103ng s\u00e2u\" width=\"800\" height=\"800\" title=\"\" srcset=\"https:\/\/fmp-components.com\/wp-content\/uploads\/2025\/03\/Worm-Gear-Set-Product-7.webp 800w, https:\/\/fmp-components.com\/wp-content\/uploads\/2025\/03\/Worm-Gear-Set-Product-7-480x480.webp 480w\" sizes=\"(min-width: 0px) and (max-width: 480px) 480px, (min-width: 481px) 800px, 100vw\" \/><\/td>\n<\/tr>\n<tr style=\"height: 14.40pt;\">\n<td style=\"height: 14.4pt; width: 30.4762%;\" height=\"24\">B\u1ec1 m\u1eb7t nh\u1eb5n, kh\u00f4ng c\u00f3 g\u1edd, kh\u00f4ng c\u00f3 g\u00f3c s\u1eafc<\/td>\n<td style=\"width: 34.9206%; text-align: left;\" align=\"right\">M\u1ea1nh m\u1ebd v\u00e0 b\u1ec1n b\u1ec9, t\u1ef7 s\u1ed1 quay l\u1edbn, c\u00f4ng su\u1ea5t truy\u1ec1n nh\u1ecf<\/td>\n<td style=\"width: 34.2857%; text-align: left;\" align=\"right\">B\u1ec1 m\u1eb7t r\u0103ng c\u1ee7a b\u00e1nh r\u0103ng tr\u1ee5c v\u00edt ti\u1ebfp x\u00fac tuy\u1ebfn t\u00ednh v\u00e0 kh\u1ea3 n\u0103ng ch\u1ecbu l\u1ef1c l\u1edbn<\/td>\n<\/tr>\n<\/tbody>\n<\/table>\n<h3>\u1ee8ng d\u1ee5ng<\/h3>\n<table style=\"width: 100%; height: 130px;\" border=\"1\" width=\"100%\" cellspacing=\"0\" cellpadding=\"0\">\n<tbody>\n<tr style=\"height: 14.40pt;\">\n<td style=\"height: 16px; width: 49.8413%;\" width=\"83\" height=\"24\"><strong>Thi\u1ebft b\u1ecb truy\u1ec1n \u0111\u1ed9ng g\u1ea1t n\u01b0\u1edbc<\/strong><\/td>\n<td style=\"width: 49.8413%; height: 16px;\" align=\"right\" width=\"80\"><\/td>\n<\/tr>\n<tr style=\"height: 14.40pt;\">\n<td style=\"height: 14px; width: 49.8413%;\" height=\"24\">\u00a0 \u00a0<img loading=\"lazy\" decoding=\"async\" class=\"alignnone size-full wp-image-7184\" src=\"https:\/\/fmp-components.com\/wp-content\/uploads\/2025\/03\/Wiper-Drive-Device-1.webp\" alt=\"Thi\u1ebft b\u1ecb truy\u1ec1n \u0111\u1ed9ng g\u1ea1t n\u01b0\u1edbc 1\" width=\"667\" height=\"486\" title=\"\" srcset=\"https:\/\/fmp-components.com\/wp-content\/uploads\/2025\/03\/Wiper-Drive-Device-1.webp 667w, https:\/\/fmp-components.com\/wp-content\/uploads\/2025\/03\/Wiper-Drive-Device-1-480x350.webp 480w\" sizes=\"(min-width: 0px) and (max-width: 480px) 480px, (min-width: 481px) 667px, 100vw\" \/><\/td>\n<td style=\"height: 14px; width: 49.8413%;\" align=\"right\"><img loading=\"lazy\" decoding=\"async\" class=\"alignnone size-full wp-image-7185\" src=\"https:\/\/fmp-components.com\/wp-content\/uploads\/2025\/03\/Wiper-Drive-Device-2.webp\" alt=\"Thi\u1ebft b\u1ecb truy\u1ec1n \u0111\u1ed9ng g\u1ea1t n\u01b0\u1edbc 2\" width=\"441\" height=\"315\" title=\"\" srcset=\"https:\/\/fmp-components.com\/wp-content\/uploads\/2025\/03\/Wiper-Drive-Device-2.webp 441w, https:\/\/fmp-components.com\/wp-content\/uploads\/2025\/03\/Wiper-Drive-Device-2-300x214.webp 300w, https:\/\/fmp-components.com\/wp-content\/uploads\/2025\/03\/Wiper-Drive-Device-2-18x12.webp 18w\" sizes=\"(max-width: 441px) 100vw, 441px\" \/><\/td>\n<\/tr>\n<tr style=\"height: 14.40pt;\">\n<td style=\"height: 14px; width: 49.8413%;\" height=\"24\">B\u00e1nh r\u0103ng tr\u1ee5c v\u00edt \u0111\u01b0\u1ee3c s\u1eed d\u1ee5ng cho c\u01a1 ch\u1ebf dao \u0111\u1ed9ng c\u1ee7a c\u1ea7n g\u1ea1t n\u01b0\u1edbc<\/td>\n<td style=\"height: 14px; width: 49.8413%;\" align=\"right\">B\u00e1nh r\u0103ng tr\u1ee5c v\u00edt \u0111\u01b0\u1ee3c s\u1eed d\u1ee5ng cho c\u01a1 ch\u1ebf dao \u0111\u1ed9ng c\u1ee7a c\u1ea7n g\u1ea1t n\u01b0\u1edbc<\/td>\n<\/tr>\n<tr style=\"height: 14.40pt;\">\n<td style=\"height: 14px; width: 49.8413%;\" height=\"24\"><strong>\u1ea4m \u0111un n\u01b0\u1edbc h\u01a1i n\u01b0\u1edbc<\/strong><\/td>\n<td style=\"height: 14px; text-align: left; width: 49.8413%;\" align=\"right\"><strong>Thi\u1ebft b\u1ecb n\u1ea1p th\u1ef1c ph\u1ea9m<\/strong><\/td>\n<\/tr>\n<tr style=\"height: 14.40pt;\">\n<td style=\"height: 14px; width: 49.8413%;\" height=\"24\"><img loading=\"lazy\" decoding=\"async\" class=\"alignnone size-full wp-image-7183\" src=\"https:\/\/fmp-components.com\/wp-content\/uploads\/2025\/03\/Steam-Kettle.webp\" alt=\"\u1ea4m \u0111un n\u01b0\u1edbc h\u01a1i n\u01b0\u1edbc\" width=\"416\" height=\"400\" title=\"\" srcset=\"https:\/\/fmp-components.com\/wp-content\/uploads\/2025\/03\/Steam-Kettle.webp 416w, https:\/\/fmp-components.com\/wp-content\/uploads\/2025\/03\/Steam-Kettle-300x288.webp 300w, https:\/\/fmp-components.com\/wp-content\/uploads\/2025\/03\/Steam-Kettle-12x12.webp 12w\" sizes=\"(max-width: 416px) 100vw, 416px\" \/><\/td>\n<td style=\"height: 14px; width: 49.8413%;\" align=\"right\"><img loading=\"lazy\" decoding=\"async\" class=\"alignnone size-full wp-image-7181\" src=\"https:\/\/fmp-components.com\/wp-content\/uploads\/2025\/03\/Food-Filling-Device.webp\" alt=\"Thi\u1ebft b\u1ecb l\u00e0m \u0111\u1ea7y th\u1ef1c ph\u1ea9m\" width=\"550\" height=\"415\" title=\"\" srcset=\"https:\/\/fmp-components.com\/wp-content\/uploads\/2025\/03\/Food-Filling-Device.webp 550w, https:\/\/fmp-components.com\/wp-content\/uploads\/2025\/03\/Food-Filling-Device-480x362.webp 480w\" sizes=\"(min-width: 0px) and (max-width: 480px) 480px, (min-width: 481px) 550px, 100vw\" \/><\/td>\n<\/tr>\n<tr style=\"height: 14.40pt;\">\n<td style=\"height: 16px; width: 49.8413%;\" height=\"24\">b\u00e1nh v\u00edt v\u00e0 b\u00e1nh r\u0103ng v\u00edt d\u00f9ng \u0111\u1ec3 quay c\u00e1c ch\u1ea3o l\u1edbn<\/td>\n<td style=\"height: 16px; text-align: left; width: 49.8413%;\" align=\"right\">b\u00e1nh r\u0103ng tr\u1ee5c v\u00edt \u0111\u01b0\u1ee3c s\u1eed d\u1ee5ng \u0111\u1ec3 l\u1eadp ch\u1ec9 m\u1ee5c v\u00e0 truy\u1ec1n \u0111\u1ed9ng, \u0111\u1ec3 \u0111\u1ed5 ch\u00ednh x\u00e1c m\u1ed9t l\u01b0\u1ee3ng nguy\u00ean li\u1ec7u c\u1ed1 \u0111\u1ecbnh<\/td>\n<\/tr>\n<tr style=\"height: 14.40pt;\">\n<td style=\"height: 14px; width: 49.8413%;\" height=\"24\"><strong>V\u00ed d\u1ee5 v\u1ec1 thi\u1ebft k\u1ebf s\u00e2n kh\u1ea5u<\/strong><\/td>\n<td style=\"height: 14px; text-align: left; width: 49.8413%;\" align=\"right\"><strong>Thi\u1ebft b\u1ecb n\u1ea1p v\u1ea3i<\/strong><\/td>\n<\/tr>\n<tr style=\"height: 14.40pt;\">\n<td style=\"height: 14px; width: 49.8413%;\" height=\"24\"><img loading=\"lazy\" decoding=\"async\" class=\"alignnone size-full wp-image-7182\" src=\"https:\/\/fmp-components.com\/wp-content\/uploads\/2025\/03\/Stage-Design-Example-1.webp\" alt=\"V\u00ed d\u1ee5 thi\u1ebft k\u1ebf s\u00e2n kh\u1ea5u 1\" width=\"408\" height=\"504\" title=\"\" srcset=\"https:\/\/fmp-components.com\/wp-content\/uploads\/2025\/03\/Stage-Design-Example-1.webp 408w, https:\/\/fmp-components.com\/wp-content\/uploads\/2025\/03\/Stage-Design-Example-1-243x300.webp 243w, https:\/\/fmp-components.com\/wp-content\/uploads\/2025\/03\/Stage-Design-Example-1-10x12.webp 10w\" sizes=\"(max-width: 408px) 100vw, 408px\" \/><\/td>\n<td style=\"height: 14px; width: 49.8413%;\" align=\"right\"><img loading=\"lazy\" decoding=\"async\" class=\"alignnone size-full wp-image-7186\" src=\"https:\/\/fmp-components.com\/wp-content\/uploads\/2025\/03\/Fabric-Feeding-Device-1.webp\" alt=\"Thi\u1ebft b\u1ecb c\u1ea5p v\u1ea3i 1\" width=\"633\" height=\"464\" title=\"\" srcset=\"https:\/\/fmp-components.com\/wp-content\/uploads\/2025\/03\/Fabric-Feeding-Device-1.webp 633w, https:\/\/fmp-components.com\/wp-content\/uploads\/2025\/03\/Fabric-Feeding-Device-1-480x352.webp 480w\" sizes=\"(min-width: 0px) and (max-width: 480px) 480px, (min-width: 481px) 633px, 100vw\" \/><\/td>\n<\/tr>\n<tr style=\"height: 14.40pt;\">\n<td style=\"height: 14px; width: 49.8413%;\" height=\"24\">B\u00e1nh r\u0103ng tr\u1ee5c v\u00edt d\u00f9ng cho b\u00e0n xoay (v\u00ed d\u1ee5 thi\u1ebft k\u1ebf)<\/td>\n<td style=\"height: 14px; width: 49.8413%;\">tr\u1ee5c v\u00edt v\u00e0 b\u00e1nh v\u00edt \u0111\u01b0\u1ee3c s\u1eed d\u1ee5ng \u0111\u1ec3 \u0111i\u1ec1u ch\u1ec9nh chi\u1ec1u cao<\/td>\n<\/tr>\n<\/tbody>\n<\/table>\n<\/div>","protected":false},"excerpt":{"rendered":"<p>B\u1ed9 b\u00e1nh r\u0103ng tr\u1ee5c v\u00edt t\u00f9y ch\u1ec9nh B\u1ed9 b\u00e1nh r\u0103ng tr\u1ee5c v\u00edt t\u00f9y ch\u1ec9nh \u0111\u01b0\u1ee3c s\u1ea3n xu\u1ea5t v\u1edbi nhi\u1ec1u ki\u1ec3u d\u00e1ng v\u00e0 v\u1eadt li\u1ec7u kh\u00e1c nhau theo y\u00eau c\u1ea7u c\u1ee7a kh\u00e1ch h\u00e0ng. FMP cung c\u1ea5p b\u1ed9 b\u00e1nh r\u0103ng t\u00f9y ch\u1ec9nh v\u1edbi kho\u1ea3ng c\u00e1ch tr\u1ee5c t\u1eeb 17 \u0111\u1ebfn 210 mm v\u00e0 \u0111\u01b0\u1eddng k\u00ednh b\u00e1nh v\u00edt t\u1ed1i \u0111a l\u00e0 300 mm. N\u1ebfu c\u1ea7n, FMP s\u1ebd t\u00ednh to\u00e1n d\u1eef li\u1ec7u bi\u00ean d\u1ea1ng r\u0103ng, x\u00e1c \u0111\u1ecbnh v\u1eadt li\u1ec7u v\u00e0 x\u1eed l\u00fd b\u1ec1 m\u1eb7t, [\u2026]<\/p>","protected":false},"featured_media":7155,"comment_status":"open","ping_status":"closed","template":"","meta":{"_et_pb_use_builder":"","_et_pb_old_content":"","_et_gb_content_width":""},"product_brand":[],"product_cat":[107],"product_tag":[],"class_list":{"0":"post-7154","1":"product","2":"type-product","3":"status-publish","4":"has-post-thumbnail","6":"product_cat-worm-gear","8":"first","9":"instock","10":"shipping-taxable","11":"product-type-simple"},"_links":{"self":[{"href":"https:\/\/fmp-components.com\/vi\/wp-json\/wp\/v2\/product\/7154","targetHints":{"allow":["GET"]}}],"collection":[{"href":"https:\/\/fmp-components.com\/vi\/wp-json\/wp\/v2\/product"}],"about":[{"href":"https:\/\/fmp-components.com\/vi\/wp-json\/wp\/v2\/types\/product"}],"replies":[{"embeddable":true,"href":"https:\/\/fmp-components.com\/vi\/wp-json\/wp\/v2\/comments?post=7154"}],"wp:featuredmedia":[{"embeddable":true,"href":"https:\/\/fmp-components.com\/vi\/wp-json\/wp\/v2\/media\/7155"}],"wp:attachment":[{"href":"https:\/\/fmp-components.com\/vi\/wp-json\/wp\/v2\/media?parent=7154"}],"wp:term":[{"taxonomy":"product_brand","embeddable":true,"href":"https:\/\/fmp-components.com\/vi\/wp-json\/wp\/v2\/product_brand?post=7154"},{"taxonomy":"product_cat","embeddable":true,"href":"https:\/\/fmp-components.com\/vi\/wp-json\/wp\/v2\/product_cat?post=7154"},{"taxonomy":"product_tag","embeddable":true,"href":"https:\/\/fmp-components.com\/vi\/wp-json\/wp\/v2\/product_tag?post=7154"}],"curies":[{"name":"wp","href":"https:\/\/api.w.org\/{rel}","templated":true}]}}