{"id":7132,"date":"2025-03-18T08:04:19","date_gmt":"2025-03-18T08:04:19","guid":{"rendered":"https:\/\/fmp-components.com\/?post_type=product&#038;p=7132"},"modified":"2025-03-27T01:23:33","modified_gmt":"2025-03-27T01:23:33","slug":"forging-bevel-gears","status":"publish","type":"product","link":"https:\/\/fmp-components.com\/vi\/product\/forging-bevel-gears\/","title":{"rendered":"R\u00e8n b\u00e1nh r\u0103ng c\u00f4n"},"content":{"rendered":"<h2>B\u00e1nh r\u0103ng c\u00f4n r\u00e8n ch\u00ednh x\u00e1c theo nhu c\u1ea7u c\u1ee7a b\u1ea1n<\/h2>\n<p>T\u1ea1i FMP, ch\u00fang t\u00f4i chuy\u00ean s\u1ea3n xu\u1ea5t r\u00e8n hi\u1ec7u su\u1ea5t cao <a href=\"https:\/\/fmp-components.com\/vi\/bevel-gear-2\/\">b\u00e1nh r\u0103ng c\u00f4n<\/a> v\u1edbi \u0111a d\u1ea1ng ch\u1ee7ng lo\u1ea1i v\u00e0 th\u00f4ng s\u1ed1 k\u1ef9 thu\u1eadt, \u0111\u01b0\u1ee3c thi\u1ebft k\u1ebf \u0111\u1ec3 \u0111\u00e1p \u1ee9ng c\u00e1c nhu c\u1ea7u c\u00f4ng nghi\u1ec7p \u0111a d\u1ea1ng. Danh m\u1ee5c s\u1ea3n ph\u1ea9m c\u1ee7a ch\u00fang t\u00f4i bao g\u1ed3m b\u00e1nh r\u0103ng c\u00f4n th\u1eb3ng, xo\u1eafn \u1ed1c v\u00e0 hypoid, t\u1ea5t c\u1ea3 \u0111\u1ec1u \u0111\u01b0\u1ee3c gia c\u00f4ng ch\u00ednh x\u00e1c b\u1eb1ng k\u1ef9 thu\u1eadt r\u00e8n ti\u00ean ti\u1ebfn \u0111\u1ec3 \u0111\u1ea3m b\u1ea3o \u0111\u1ed9 b\u1ec1n, \u0111\u1ed9 c\u1ee9ng v\u01b0\u1ee3t tr\u1ed9i v\u00e0 kh\u1ea3 n\u0103ng t\u00edch h\u1ee3p li\u1ec1n m\u1ea1ch v\u00e0o m\u00e1y m\u00f3c c\u1ee7a b\u1ea1n.<\/p>\n<p>Gi\u1ea3i ph\u00e1p t\u00f9y ch\u1ec9nh l\u00e0 th\u1ebf m\u1ea1nh c\u1ee7a ch\u00fang t\u00f4i. Cho d\u00f9 b\u1ea1n y\u00eau c\u1ea7u k\u00edch th\u01b0\u1edbc \u0111\u1ed9c \u0111\u00e1o, v\u1eadt li\u1ec7u chuy\u00ean d\u1ee5ng hay h\u00ecnh d\u1ea1ng r\u0103ng \u0111\u01b0\u1ee3c thi\u1ebft k\u1ebf ri\u00eang, \u0111\u1ed9i ng\u0169 k\u1ef9 thu\u1eadt c\u1ee7a ch\u00fang t\u00f4i lu\u00f4n h\u1ee3p t\u00e1c ch\u1eb7t ch\u1ebd v\u1edbi kh\u00e1ch h\u00e0ng \u0111\u1ec3 cung c\u1ea5p nh\u1eefng b\u00e1nh r\u0103ng v\u01b0\u1ee3t xa mong \u0111\u1ee3i.<\/p>\n<p>Kh\u00f4ng t\u00ecm th\u1ea5y m\u1eabu thi\u1ebft b\u1ecb mong mu\u1ed1n trong danh m\u1ee5c c\u1ee7a ch\u00fang t\u00f4i? \u0110\u1eebng lo l\u1eafng - danh s\u00e1ch tr\u1ef1c tuy\u1ebfn c\u1ee7a ch\u00fang t\u00f4i li\u00ean t\u1ee5c \u0111\u01b0\u1ee3c m\u1edf r\u1ed9ng. Ch\u1ec9 c\u1ea7n g\u1eedi email cho ch\u00fang t\u00f4i th\u00f4ng tin chi ti\u1ebft v\u1ec1 lo\u1ea1i thi\u1ebft b\u1ecb b\u1ea1n c\u1ea7n, bao g\u1ed3m c\u00e1c th\u00f4ng s\u1ed1 \u1ee9ng d\u1ee5ng v\u00e0 th\u00f4ng s\u1ed1 k\u1ef9 thu\u1eadt. C\u00e1c k\u1ef9 s\u01b0 chuy\u00ean gia c\u1ee7a ch\u00fang t\u00f4i s\u1ebd xem x\u00e9t y\u00eau c\u1ea7u c\u1ee7a b\u1ea1n trong v\u00f2ng 24 gi\u1edd, cung c\u1ea5p ph\u1ea3n h\u1ed3i v\u1ec1 t\u00ednh kh\u1ea3 thi, gi\u00e1 c\u1ea3 v\u00e0 th\u1eddi gian giao h\u00e0ng.<\/p>\n<table style=\"width: 103.173%;\" border=\"1\" width=\"100%\" cellspacing=\"0\" cellpadding=\"0\">\n<tbody>\n<tr style=\"height: 14.40pt;\">\n<td style=\"height: 14.4pt; width: 50.7937%;\" width=\"83\" height=\"24\"><img loading=\"lazy\" decoding=\"async\" class=\"size-full wp-image-7135 aligncenter\" src=\"https:\/\/fmp-components.com\/wp-content\/uploads\/2025\/03\/Forging-Bevel-Gears-product-4.webp\" alt=\"B\u00e1nh r\u0103ng c\u00f4n r\u00e8n\" width=\"400\" height=\"400\" title=\"\" srcset=\"https:\/\/fmp-components.com\/wp-content\/uploads\/2025\/03\/Forging-Bevel-Gears-product-4.webp 400w, https:\/\/fmp-components.com\/wp-content\/uploads\/2025\/03\/Forging-Bevel-Gears-product-4-300x300.webp 300w, https:\/\/fmp-components.com\/wp-content\/uploads\/2025\/03\/Forging-Bevel-Gears-product-4-150x150.webp 150w, https:\/\/fmp-components.com\/wp-content\/uploads\/2025\/03\/Forging-Bevel-Gears-product-4-12x12.webp 12w, https:\/\/fmp-components.com\/wp-content\/uploads\/2025\/03\/Forging-Bevel-Gears-product-4-100x100.webp 100w\" sizes=\"(max-width: 400px) 100vw, 400px\" \/><\/td>\n<td style=\"width: 52.2222%;\" align=\"right\" width=\"80\"><img loading=\"lazy\" decoding=\"async\" class=\"size-full wp-image-7136 aligncenter\" src=\"https:\/\/fmp-components.com\/wp-content\/uploads\/2025\/03\/Forging-Bevel-Gears-product-3.webp\" alt=\"B\u00e1nh r\u0103ng c\u00f4n r\u00e8n\" width=\"400\" height=\"400\" title=\"\" srcset=\"https:\/\/fmp-components.com\/wp-content\/uploads\/2025\/03\/Forging-Bevel-Gears-product-3.webp 400w, https:\/\/fmp-components.com\/wp-content\/uploads\/2025\/03\/Forging-Bevel-Gears-product-3-300x300.webp 300w, https:\/\/fmp-components.com\/wp-content\/uploads\/2025\/03\/Forging-Bevel-Gears-product-3-150x150.webp 150w, https:\/\/fmp-components.com\/wp-content\/uploads\/2025\/03\/Forging-Bevel-Gears-product-3-12x12.webp 12w, https:\/\/fmp-components.com\/wp-content\/uploads\/2025\/03\/Forging-Bevel-Gears-product-3-100x100.webp 100w\" sizes=\"(max-width: 400px) 100vw, 400px\" \/><\/td>\n<\/tr>\n<tr style=\"height: 14.40pt;\">\n<td style=\"height: 14.4pt; width: 50.7937%;\" height=\"24\"><img loading=\"lazy\" decoding=\"async\" class=\"size-full wp-image-7137 aligncenter\" src=\"https:\/\/fmp-components.com\/wp-content\/uploads\/2025\/03\/Forging-Bevel-Gears-product-2.webp\" alt=\"B\u00e1nh r\u0103ng c\u00f4n r\u00e8n\" width=\"400\" height=\"400\" title=\"\" srcset=\"https:\/\/fmp-components.com\/wp-content\/uploads\/2025\/03\/Forging-Bevel-Gears-product-2.webp 400w, https:\/\/fmp-components.com\/wp-content\/uploads\/2025\/03\/Forging-Bevel-Gears-product-2-300x300.webp 300w, https:\/\/fmp-components.com\/wp-content\/uploads\/2025\/03\/Forging-Bevel-Gears-product-2-150x150.webp 150w, https:\/\/fmp-components.com\/wp-content\/uploads\/2025\/03\/Forging-Bevel-Gears-product-2-12x12.webp 12w, https:\/\/fmp-components.com\/wp-content\/uploads\/2025\/03\/Forging-Bevel-Gears-product-2-100x100.webp 100w\" sizes=\"(max-width: 400px) 100vw, 400px\" \/><\/td>\n<td style=\"width: 52.2222%;\" align=\"right\"><img loading=\"lazy\" decoding=\"async\" class=\"size-full wp-image-7138 aligncenter\" src=\"https:\/\/fmp-components.com\/wp-content\/uploads\/2025\/03\/Forging-Bevel-Gears-product-1.webp\" alt=\"B\u00e1nh r\u0103ng c\u00f4n r\u00e8n\" width=\"400\" height=\"400\" title=\"\" srcset=\"https:\/\/fmp-components.com\/wp-content\/uploads\/2025\/03\/Forging-Bevel-Gears-product-1.webp 400w, https:\/\/fmp-components.com\/wp-content\/uploads\/2025\/03\/Forging-Bevel-Gears-product-1-300x300.webp 300w, https:\/\/fmp-components.com\/wp-content\/uploads\/2025\/03\/Forging-Bevel-Gears-product-1-150x150.webp 150w, https:\/\/fmp-components.com\/wp-content\/uploads\/2025\/03\/Forging-Bevel-Gears-product-1-12x12.webp 12w, https:\/\/fmp-components.com\/wp-content\/uploads\/2025\/03\/Forging-Bevel-Gears-product-1-100x100.webp 100w\" sizes=\"(max-width: 400px) 100vw, 400px\" \/><\/td>\n<\/tr>\n<\/tbody>\n<\/table>\n<h2>\u0110\u1eb7c \u0111i\u1ec3m c\u1ee7a b\u00e1nh r\u0103ng c\u00f4n r\u00e8n<\/h2>\n<p>B\u00e1nh r\u0103ng c\u00f4n r\u00e8n l\u00e0 th\u00e0nh ph\u1ea7n quan tr\u1ecdng trong c\u00e1c h\u1ec7 th\u1ed1ng c\u01a1 kh\u00ed ch\u1ecbu t\u1ea3i n\u1eb7ng, mang l\u1ea1i nh\u1eefng l\u1ee3i th\u1ebf v\u01b0\u1ee3t tr\u1ed9i so v\u1edbi c\u00e1c l\u1ef1a ch\u1ecdn \u0111\u00fac ho\u1eb7c gia c\u00f4ng. D\u01b0\u1edbi \u0111\u00e2y l\u00e0 nh\u1eefng \u0111\u1eb7c \u0111i\u1ec3m n\u1ed5i b\u1eadt khi\u1ebfn ch\u00fang tr\u1edf n\u00ean l\u00fd t\u01b0\u1edfng cho c\u00e1c \u1ee9ng d\u1ee5ng hi\u1ec7u su\u1ea5t cao:<\/p>\n<p><strong>S\u1ee9c m\u1ea1nh v\u00e0 \u0111\u1ed9 b\u1ec1n v\u01b0\u1ee3t tr\u1ed9i<\/strong><\/p>\n<ul>\n<li><strong>C\u0103n ch\u1ec9nh c\u1ea5u tr\u00fac h\u1ea1t<\/strong>:Qu\u00e1 tr\u00ecnh r\u00e8n n\u00e9n v\u00e0 c\u0103n ch\u1ec9nh c\u1ea5u tr\u00fac h\u1ea1t kim lo\u1ea1i, t\u0103ng c\u01b0\u1eddng \u0111\u1ed9 b\u1ec1n k\u00e9o v\u00e0 kh\u1ea3 n\u0103ng ch\u1ed1ng m\u1ecfi.<\/li>\n<li><strong>Kh\u1ea3 n\u0103ng ch\u1ecbu t\u1ea3i cao<\/strong>: Ch\u1ecbu \u0111\u01b0\u1ee3c m\u00f4-men xo\u1eafn c\u1ef1c \u0111\u1ea1i, t\u1ea3i tr\u1ecdng va \u0111\u1eadp v\u00e0 \u1ee9ng su\u1ea5t l\u1eb7p \u0111i l\u1eb7p l\u1ea1i m\u00e0 kh\u00f4ng b\u1ecb bi\u1ebfn d\u1ea1ng.<\/li>\n<li><strong>T\u00ednh to\u00e0n v\u1eb9n c\u1ee7a v\u1eadt li\u1ec7u<\/strong>: Lo\u1ea1i b\u1ecf \u0111\u1ed9 x\u1ed1p, l\u1ed7 r\u1ed7ng v\u00e0 t\u1ea1p ch\u1ea5t th\u01b0\u1eddng th\u1ea5y trong b\u00e1nh r\u0103ng \u0111\u00fac, \u0111\u1ea3m b\u1ea3o \u0111\u1ed9 tin c\u1eady l\u00e2u d\u00e0i.<\/li>\n<\/ul>\n<p><strong>\u0110\u1ed9 ch\u00ednh x\u00e1c v\u00e0 hi\u1ec7u su\u1ea5t \u0111\u01b0\u1ee3c c\u1ea3i thi\u1ec7n<\/strong><\/p>\n<ul>\n<li><strong>\u0110\u1ed9 ch\u00ednh x\u00e1c k\u00edch th\u01b0\u1edbc ch\u1eb7t ch\u1ebd<\/strong>: R\u00e8n cho ph\u00e9p s\u1ea3n xu\u1ea5t g\u1ea7n nh\u01b0 theo h\u00ecnh d\u1ea1ng l\u01b0\u1edbi, gi\u1ea3m thi\u1ec3u qu\u00e1 tr\u00ecnh x\u1eed l\u00fd sau v\u00e0 \u0111\u1ea3m b\u1ea3o h\u00ecnh d\u1ea1ng r\u0103ng \u0111\u1ed3ng nh\u1ea5t.<\/li>\n<li><strong>Ho\u00e0n thi\u1ec7n b\u1ec1 m\u1eb7t t\u1ed1i \u01b0u<\/strong>: Gi\u1ea3m nhu c\u1ea7u m\u00e0i\/\u0111\u00e1nh b\u00f3ng, duy tr\u00ec t\u00ednh to\u00e0n v\u1eb9n c\u1ee7a c\u1ea5u tr\u00fac trong khi v\u1eabn \u0111\u1ea3m b\u1ea3o ho\u1ea1t \u0111\u1ed9ng tr\u01a1n tru.<\/li>\n<li><strong>Gi\u1ea3m ti\u1ebfng \u1ed3n<\/strong>: R\u0103ng \u0111\u01b0\u1ee3c r\u00e8n ch\u00ednh x\u00e1c \u0103n kh\u1edbp li\u1ec1n m\u1ea1ch, gi\u1ea3m rung \u0111\u1ed9ng v\u00e0 ti\u1ebfng \u1ed3n khi v\u1eadn h\u00e0nh.<\/li>\n<\/ul>\n<p><strong>Kh\u1ea3 n\u0103ng ch\u1ed1ng m\u00e0i m\u00f2n v\u00e0 \u0103n m\u00f2n<\/strong><\/p>\n<ul>\n<li><strong>Kh\u1ea3 n\u0103ng t\u01b0\u01a1ng th\u00edch x\u1eed l\u00fd nhi\u1ec7t<\/strong>:B\u00e1nh r\u0103ng r\u00e8n c\u00f3 th\u1ec3 tr\u1ea3i qua qu\u00e1 tr\u00ecnh t\u00f4i luy\u1ec7n (v\u00ed d\u1ee5 nh\u01b0 th\u1ea5m cacbon, t\u00f4i luy\u1ec7n c\u1ea3m \u1ee9ng) \u0111\u1ec3 c\u1ea3i thi\u1ec7n \u0111\u1ed9 c\u1ee9ng b\u1ec1 m\u1eb7t v\u00e0 kh\u1ea3 n\u0103ng ch\u1ed1ng m\u00e0i m\u00f2n.<\/li>\n<li><strong>T\u00ednh linh ho\u1ea1t c\u1ee7a v\u1eadt li\u1ec7u<\/strong>: T\u01b0\u01a1ng th\u00edch v\u1edbi h\u1ee3p kim c\u00f3 \u0111\u1ed9 b\u1ec1n cao (v\u00ed d\u1ee5: AISI 4140, 4340) v\u00e0 th\u00e9p kh\u00f4ng g\u1ec9 cho m\u00f4i tr\u01b0\u1eddng \u0103n m\u00f2n.<\/li>\n<\/ul>\n<p><strong>Hi\u1ec7u qu\u1ea3 chi ph\u00ed theo th\u1eddi gian<\/strong><\/p>\n<ul>\n<li><strong>Tu\u1ed5i th\u1ecd d\u00e0i h\u01a1n<\/strong>: Gi\u1ea3m t\u1ef7 l\u1ec7 hao m\u00f2n v\u00e0 h\u1ecfng h\u00f3c, gi\u1ea3m chi ph\u00ed b\u1ea3o tr\u00ec v\u00e0 th\u1eddi gian ng\u1eebng ho\u1ea1t \u0111\u1ed9ng.<\/li>\n<li><strong>Hi\u1ec7u qu\u1ea3 t\u0103ng l\u00ean<\/strong>:S\u1ea3n xu\u1ea5t ch\u00ednh x\u00e1c gi\u00fap gi\u1ea3m thi\u1ec3u t\u1ed5n th\u1ea5t n\u0103ng l\u01b0\u1ee3ng do ma s\u00e1t, c\u1ea3i thi\u1ec7n hi\u1ec7u qu\u1ea3 h\u1ec7 th\u1ed1ng.<\/li>\n<\/ul>\n<h3>T\u1ea1i sao n\u00ean ch\u1ecdn b\u00e1nh r\u0103ng c\u00f4n r\u00e8n thay v\u00ec b\u00e1nh r\u0103ng \u0111\u00fac\/gia c\u00f4ng?<\/h3>\n<p>R\u00e8n \u0111\u1ea3m b\u1ea3o c\u1ea5u tr\u00fac \u0111\u1ed3ng nh\u1ea5t, d\u00e0y \u0111\u1eb7c, v\u01b0\u1ee3t tr\u1ed9i h\u01a1n b\u00e1nh r\u0103ng \u0111\u00fac v\u1ec1 \u0111\u1ed9 b\u1ec1n v\u00e0 hi\u1ec7u qu\u1ea3 chi ph\u00ed cho c\u00e1c \u1ee9ng d\u1ee5ng ch\u1ecbu \u1ee9ng su\u1ea5t cao. Kh\u1ea3 n\u0103ng ch\u1ecbu \u0111\u01b0\u1ee3c \u0111i\u1ec1u ki\u1ec7n kh\u1eafc nghi\u1ec7t m\u00e0 v\u1eabn duy tr\u00ec \u0111\u1ed9 ch\u00ednh x\u00e1c khi\u1ebfn ch\u00fang tr\u1edf n\u00ean kh\u00f4ng th\u1ec3 thi\u1ebfu trong c\u00e1c ng\u00e0nh c\u00f4ng nghi\u1ec7p quan tr\u1ecdng.<\/p>\n<p>&nbsp;<\/p>\n<p><img loading=\"lazy\" decoding=\"async\" class=\"alignnone size-full wp-image-7139\" src=\"https:\/\/fmp-components.com\/wp-content\/uploads\/2025\/03\/Forging-Bevel-Gears-product-5.webp\" alt=\"B\u00e1nh r\u0103ng c\u00f4n r\u00e8n\" width=\"700\" height=\"395\" title=\"\" srcset=\"https:\/\/fmp-components.com\/wp-content\/uploads\/2025\/03\/Forging-Bevel-Gears-product-5.webp 700w, https:\/\/fmp-components.com\/wp-content\/uploads\/2025\/03\/Forging-Bevel-Gears-product-5-480x271.webp 480w\" sizes=\"(min-width: 0px) and (max-width: 480px) 480px, (min-width: 481px) 700px, 100vw\" \/><\/p>\n<h3>S\u1ea3n ph\u1ea9m li\u00ean quan<\/h3>\n<p><img loading=\"lazy\" decoding=\"async\" class=\"alignnone size-full wp-image-7140\" src=\"https:\/\/fmp-components.com\/wp-content\/uploads\/2025\/03\/Forging-Bevel-Gears-product-6.webp\" alt=\"B\u00e1nh r\u0103ng c\u00f4n r\u00e8n\" width=\"887\" height=\"652\" title=\"\" srcset=\"https:\/\/fmp-components.com\/wp-content\/uploads\/2025\/03\/Forging-Bevel-Gears-product-6.webp 887w, https:\/\/fmp-components.com\/wp-content\/uploads\/2025\/03\/Forging-Bevel-Gears-product-6-480x353.webp 480w\" sizes=\"(min-width: 0px) and (max-width: 480px) 480px, (min-width: 481px) 887px, 100vw\" \/><\/p>","protected":false},"excerpt":{"rendered":"<p>B\u00e1nh r\u0103ng c\u00f4n r\u00e8n ch\u00ednh x\u00e1c theo y\u00eau c\u1ea7u c\u1ee7a b\u1ea1n T\u1ea1i FMP, ch\u00fang t\u00f4i chuy\u00ean s\u1ea3n xu\u1ea5t b\u00e1nh r\u0103ng c\u00f4n r\u00e8n hi\u1ec7u su\u1ea5t cao v\u1edbi nhi\u1ec1u lo\u1ea1i v\u00e0 th\u00f4ng s\u1ed1 k\u1ef9 thu\u1eadt kh\u00e1c nhau, \u0111\u01b0\u1ee3c thi\u1ebft k\u1ebf \u0111\u1ec3 \u0111\u00e1p \u1ee9ng nhu c\u1ea7u \u0111a d\u1ea1ng c\u1ee7a ng\u00e0nh c\u00f4ng nghi\u1ec7p. Danh m\u1ee5c s\u1ea3n ph\u1ea9m c\u1ee7a ch\u00fang t\u00f4i bao g\u1ed3m b\u00e1nh r\u0103ng c\u00f4n th\u1eb3ng, xo\u1eafn \u1ed1c v\u00e0 hypoid, t\u1ea5t c\u1ea3 \u0111\u1ec1u \u0111\u01b0\u1ee3c ch\u1ebf t\u1ea1o ch\u00ednh x\u00e1c b\u1eb1ng c\u00e1c k\u1ef9 thu\u1eadt r\u00e8n ti\u00ean ti\u1ebfn \u0111\u1ec3 \u0111\u1ea3m b\u1ea3o \u0111\u1ed9 b\u1ec1n, s\u1ee9c m\u1ea1nh v\u01b0\u1ee3t tr\u1ed9i v\u00e0 kh\u1ea3 n\u0103ng t\u00edch h\u1ee3p li\u1ec1n m\u1ea1ch [\u2026]<\/p>","protected":false},"featured_media":7133,"comment_status":"open","ping_status":"closed","template":"","meta":{"_et_pb_use_builder":"","_et_pb_old_content":"","_et_gb_content_width":""},"product_brand":[],"product_cat":[106],"product_tag":[],"class_list":{"0":"post-7132","1":"product","2":"type-product","3":"status-publish","4":"has-post-thumbnail","6":"product_cat-bevel-gears","8":"first","9":"instock","10":"shipping-taxable","11":"product-type-simple"},"_links":{"self":[{"href":"https:\/\/fmp-components.com\/vi\/wp-json\/wp\/v2\/product\/7132","targetHints":{"allow":["GET"]}}],"collection":[{"href":"https:\/\/fmp-components.com\/vi\/wp-json\/wp\/v2\/product"}],"about":[{"href":"https:\/\/fmp-components.com\/vi\/wp-json\/wp\/v2\/types\/product"}],"replies":[{"embeddable":true,"href":"https:\/\/fmp-components.com\/vi\/wp-json\/wp\/v2\/comments?post=7132"}],"wp:featuredmedia":[{"embeddable":true,"href":"https:\/\/fmp-components.com\/vi\/wp-json\/wp\/v2\/media\/7133"}],"wp:attachment":[{"href":"https:\/\/fmp-components.com\/vi\/wp-json\/wp\/v2\/media?parent=7132"}],"wp:term":[{"taxonomy":"product_brand","embeddable":true,"href":"https:\/\/fmp-components.com\/vi\/wp-json\/wp\/v2\/product_brand?post=7132"},{"taxonomy":"product_cat","embeddable":true,"href":"https:\/\/fmp-components.com\/vi\/wp-json\/wp\/v2\/product_cat?post=7132"},{"taxonomy":"product_tag","embeddable":true,"href":"https:\/\/fmp-components.com\/vi\/wp-json\/wp\/v2\/product_tag?post=7132"}],"curies":[{"name":"wp","href":"https:\/\/api.w.org\/{rel}","templated":true}]}}