{"id":7105,"date":"2025-03-18T06:43:13","date_gmt":"2025-03-18T06:43:13","guid":{"rendered":"https:\/\/fmp-components.com\/?post_type=product&#038;p=7105"},"modified":"2025-03-27T01:23:53","modified_gmt":"2025-03-27T01:23:53","slug":"spiral-bevel-gears-helical-bevel-gear","status":"publish","type":"product","link":"https:\/\/fmp-components.com\/vi\/product\/spiral-bevel-gears-helical-bevel-gear\/","title":{"rendered":"B\u00e1nh r\u0103ng c\u00f4n xo\u1eafn (Helical Bevel Gear)"},"content":{"rendered":"<p><img loading=\"lazy\" decoding=\"async\" class=\"size-full wp-image-7130 aligncenter\" src=\"https:\/\/fmp-components.com\/wp-content\/uploads\/2025\/03\/spiral-bevel-gear-product-1.webp\" alt=\"b\u00e1nh r\u0103ng c\u00f4n xo\u1eafn\" width=\"1800\" height=\"1201\" title=\"\" srcset=\"https:\/\/fmp-components.com\/wp-content\/uploads\/2025\/03\/spiral-bevel-gear-product-1.webp 1800w, https:\/\/fmp-components.com\/wp-content\/uploads\/2025\/03\/spiral-bevel-gear-product-1-1280x854.webp 1280w, https:\/\/fmp-components.com\/wp-content\/uploads\/2025\/03\/spiral-bevel-gear-product-1-980x654.webp 980w, https:\/\/fmp-components.com\/wp-content\/uploads\/2025\/03\/spiral-bevel-gear-product-1-480x320.webp 480w\" sizes=\"(min-width: 0px) and (max-width: 480px) 480px, (min-width: 481px) and (max-width: 980px) 980px, (min-width: 981px) and (max-width: 1280px) 1280px, (min-width: 1281px) 1800px, 100vw\" \/><\/p>\n<p>B\u00e1nh r\u0103ng c\u00f4n xo\u1eafn (b\u00e1nh r\u0103ng c\u00f4n xo\u1eafn) l\u00e0 lo\u1ea1i b\u00e1nh r\u0103ng ti\u00ean ti\u1ebfn, hi\u1ec7u su\u1ea5t cao v\u1edbi r\u0103ng cong, xo\u1eafn \u1ed1c, \u0111\u1ea3m b\u1ea3o ho\u1ea1t \u0111\u1ed9ng tr\u01a1n tru v\u00e0 \u00eam \u00e1i h\u01a1n, \u0111\u1ed3ng th\u1eddi truy\u1ec1n l\u1ef1c hi\u1ec7u qu\u1ea3 gi\u1eefa c\u00e1c tr\u1ee5c giao nhau, l\u00fd t\u01b0\u1edfng cho c\u00e1c \u1ee9ng d\u1ee5ng \u0111\u00f2i h\u1ecfi kh\u1eaft khe nh\u01b0 \u00f4 t\u00f4, h\u00e0ng kh\u00f4ng v\u0169 tr\u1ee5 v\u00e0 m\u00e1y m\u00f3c c\u00f4ng nghi\u1ec7p. T\u1ea1i C\u00f4ng ty FMP, ch\u00fang t\u00f4i chuy\u00ean s\u1ea3n xu\u1ea5t \u0111a d\u1ea1ng c\u00e1c lo\u1ea1i b\u00e1nh r\u0103ng c\u00f4n xo\u1eafn. <a href=\"https:\/\/fmp-components.com\/vi\/bevel-gear-2\/\">B\u00e1nh r\u0103ng c\u00f4n<\/a> (B\u00e1nh r\u0103ng c\u00f4n xo\u1eafn), \u0111\u01b0\u1ee3c ch\u1ebf t\u1ea1o \u0111\u1ec3 \u0111\u00e1p \u1ee9ng nhi\u1ec1u th\u00f4ng s\u1ed1 k\u1ef9 thu\u1eadt kh\u00e1c nhau, v\u00e0 ch\u00fang t\u00f4i c\u0169ng cung c\u1ea5p d\u1ecbch v\u1ee5 s\u1ea3n xu\u1ea5t theo y\u00eau c\u1ea7u ri\u00eang c\u1ee7a b\u1ea1n. N\u1ebfu m\u1eabu c\u1ee5 th\u1ec3 b\u1ea1n c\u1ea7n kh\u00f4ng c\u00f3 trong danh m\u1ee5c s\u1ea3n ph\u1ea9m c\u1ee7a ch\u00fang t\u00f4i, \u0111\u1eebng lo l\u1eafng - c\u00f3 th\u1ec3 n\u00f3 ch\u1ec9 \u0111ang ch\u1edd t\u1ea3i l\u00ean; ch\u1ec9 c\u1ea7n g\u1eedi email cho ch\u00fang t\u00f4i th\u00f4ng s\u1ed1 k\u1ef9 thu\u1eadt mong mu\u1ed1n, v\u00e0 c\u00e1c k\u1ef9 s\u01b0 chuy\u00ean gia c\u1ee7a ch\u00fang t\u00f4i s\u1ebd li\u00ean h\u1ec7 l\u1ea1i v\u1edbi b\u1ea1n trong v\u00f2ng 24 gi\u1edd v\u1edbi c\u00e1c gi\u1ea3i ph\u00e1p ph\u00f9 h\u1ee3p.<\/p>\n<table style=\"width: 100%; height: 24px;\" border=\"1\" width=\"100%\" cellspacing=\"0\" cellpadding=\"0\">\n<tbody>\n<tr style=\"height: 14.40pt;\">\n<td style=\"height: 10px; width: 49.8pt; text-align: center;\" width=\"83\" height=\"24\"><img loading=\"lazy\" decoding=\"async\" class=\"alignnone wp-image-7109\" src=\"https:\/\/fmp-components.com\/wp-content\/uploads\/2025\/03\/chache.webp\" alt=\"B\u00e1nh r\u0103ng c\u00f4n xo\u1eafn \u1ed1c\" width=\"323\" height=\"214\" title=\"\" srcset=\"https:\/\/fmp-components.com\/wp-content\/uploads\/2025\/03\/chache.webp 198w, https:\/\/fmp-components.com\/wp-content\/uploads\/2025\/03\/chache-18x12.webp 18w\" sizes=\"(max-width: 323px) 100vw, 323px\" \/> \u00a0 H\u1ed9p s\u1ed1 b\u00e1nh r\u0103ng c\u00f4n xo\u1eafn<\/td>\n<td style=\"width: 48pt; height: 10px;\" align=\"right\" width=\"80\">\n<p style=\"text-align: center;\"><img loading=\"lazy\" decoding=\"async\" class=\"alignnone size-full wp-image-7110\" src=\"https:\/\/fmp-components.com\/wp-content\/uploads\/2025\/03\/JCY300-1.webp\" alt=\"B\u00e1nh r\u0103ng c\u00f4n xo\u1eafn \u1ed1c\" width=\"1024\" height=\"674\" title=\"\" srcset=\"https:\/\/fmp-components.com\/wp-content\/uploads\/2025\/03\/JCY300-1.webp 1024w, https:\/\/fmp-components.com\/wp-content\/uploads\/2025\/03\/JCY300-1-980x645.webp 980w, https:\/\/fmp-components.com\/wp-content\/uploads\/2025\/03\/JCY300-1-480x316.webp 480w\" sizes=\"(min-width: 0px) and (max-width: 480px) 480px, (min-width: 481px) and (max-width: 980px) 980px, (min-width: 981px) 1024px, 100vw\" \/>Xe t\u1ea3i b\u00e1nh r\u0103ng c\u00f4n xo\u1eafn \u1ed1c<\/p>\n<\/td>\n<\/tr>\n<tr style=\"height: 14.40pt;\">\n<td style=\"height: 14px; text-align: center;\" height=\"24\"><img loading=\"lazy\" decoding=\"async\" class=\"alignnone wp-image-7112\" src=\"https:\/\/fmp-components.com\/wp-content\/uploads\/2025\/03\/zhiji.webp\" alt=\"B\u00e1nh r\u0103ng c\u00f4n xo\u1eafn \u1ed1c\" width=\"326\" height=\"216\" title=\"\" srcset=\"https:\/\/fmp-components.com\/wp-content\/uploads\/2025\/03\/zhiji.webp 198w, https:\/\/fmp-components.com\/wp-content\/uploads\/2025\/03\/zhiji-18x12.webp 18w\" sizes=\"(max-width: 326px) 100vw, 326px\" \/>M\u00e1y m\u00f3c b\u00e1nh r\u0103ng c\u00f4n xo\u1eafn<\/td>\n<td style=\"height: 14px; text-align: center;\" align=\"right\"><img loading=\"lazy\" decoding=\"async\" class=\"alignnone size-full wp-image-7111\" src=\"https:\/\/fmp-components.com\/wp-content\/uploads\/2025\/03\/tihua-1.webp\" alt=\"B\u00e1nh r\u0103ng c\u00f4n xo\u1eafn \u1ed1c\" width=\"1024\" height=\"676\" title=\"\" srcset=\"https:\/\/fmp-components.com\/wp-content\/uploads\/2025\/03\/tihua-1.webp 1024w, https:\/\/fmp-components.com\/wp-content\/uploads\/2025\/03\/tihua-1-980x647.webp 980w, https:\/\/fmp-components.com\/wp-content\/uploads\/2025\/03\/tihua-1-480x317.webp 480w\" sizes=\"(min-width: 0px) and (max-width: 480px) 480px, (min-width: 481px) and (max-width: 980px) 980px, (min-width: 981px) 1024px, 100vw\" \/>B\u00e1nh r\u0103ng c\u00f4n xo\u1eafn B\u1ed9 gi\u1ea3m t\u1ed1c<\/td>\n<\/tr>\n<\/tbody>\n<\/table>\n<h3>B\u00e1nh r\u0103ng c\u00f4n xo\u1eafn so v\u1edbi b\u00e1nh r\u0103ng Hypoid<\/h3>\n<table style=\"width: 100%;\" border=\"1\" width=\"100%\" cellspacing=\"0\" cellpadding=\"0\">\n<tbody>\n<tr style=\"height: 14.40pt;\">\n<td style=\"height: 14.4pt; width: 49.8pt; text-align: center;\" width=\"83\" height=\"24\"><strong>B\u00e1nh r\u0103ng c\u00f4n xo\u1eafn \u1ed1c<\/strong><\/td>\n<td style=\"width: 48pt; text-align: center;\" align=\"right\" width=\"80\"><strong>B\u00e1nh r\u0103ng Hypoid<\/strong><\/td>\n<\/tr>\n<tr style=\"height: 14.40pt;\">\n<td style=\"height: 14.40pt;\" height=\"24\"><img loading=\"lazy\" decoding=\"async\" class=\"alignnone size-full wp-image-7116\" src=\"https:\/\/fmp-components.com\/wp-content\/uploads\/2025\/03\/Hypoid-Gear-Vs-Spiral-Bevel.webp\" alt=\"B\u00e1nh r\u0103ng Hypoid so v\u1edbi b\u00e1nh r\u0103ng xo\u1eafn \u1ed1c\" width=\"534\" height=\"467\" title=\"\" srcset=\"https:\/\/fmp-components.com\/wp-content\/uploads\/2025\/03\/Hypoid-Gear-Vs-Spiral-Bevel.webp 534w, https:\/\/fmp-components.com\/wp-content\/uploads\/2025\/03\/Hypoid-Gear-Vs-Spiral-Bevel-480x420.webp 480w\" sizes=\"(min-width: 0px) and (max-width: 480px) 480px, (min-width: 481px) 534px, 100vw\" \/><\/td>\n<td align=\"right\"><img loading=\"lazy\" decoding=\"async\" class=\"alignnone size-full wp-image-7131\" src=\"https:\/\/fmp-components.com\/wp-content\/uploads\/2025\/03\/Hypoid-bevel-gearset1-1_1.webp\" alt=\"B\u1ed9 b\u00e1nh r\u0103ng c\u00f4n Hypoid\" width=\"534\" height=\"467\" title=\"\" srcset=\"https:\/\/fmp-components.com\/wp-content\/uploads\/2025\/03\/Hypoid-bevel-gearset1-1_1.webp 534w, https:\/\/fmp-components.com\/wp-content\/uploads\/2025\/03\/Hypoid-bevel-gearset1-1_1-480x420.webp 480w\" sizes=\"(min-width: 0px) and (max-width: 480px) 480px, (min-width: 481px) 534px, 100vw\" \/><\/td>\n<\/tr>\n<\/tbody>\n<\/table>\n<h2>\u1ee8ng d\u1ee5ng b\u00e1nh r\u0103ng c\u00f4n xo\u1eafn<\/h2>\n<p>B\u00e1nh r\u0103ng c\u00f4n \u0111\u01b0\u1ee3c \u1ee9ng d\u1ee5ng trong nhi\u1ec1u ng\u00e0nh c\u00f4ng nghi\u1ec7p kh\u00e1c nhau, t\u1eeb h\u00e0ng kh\u00f4ng v\u0169 tr\u1ee5 (b\u00e1nh r\u0103ng c\u00f4n th\u1eb3ng v\u00e0 c\u00f4n xo\u1eafn t\u1ed1c \u0111\u1ed9 cao, th\u00e9p chuy\u00ean d\u1ee5ng, b\u1ed9 gia nhi\u1ec7t kh\u00f4ng kh\u00ed, v.v.) \u0111\u1ebfn ho\u1ea1t \u0111\u1ed9ng khai th\u00e1c m\u1ecf (b\u1ed9 truy\u1ec1n \u0111\u1ed9ng m\u00e1y x\u1ebfp ch\u1ed3ng v\u00e0 m\u00e1y x\u00fac, m\u00e1y \u0111\u00e0o b\u00e1nh l\u1ed1p, m\u00e1y n\u1ea1o v\u00e9t, h\u1ec7 th\u1ed1ng b\u0103ng t\u1ea3i, b\u1ed9 truy\u1ec1n \u0111\u1ed9ng m\u00e1y nghi\u1ec1n, v.v.).<\/p>\n<p>Ch\u00fang th\u01b0\u1eddng \u0111\u01b0\u1ee3c t\u00ecm th\u1ea5y trong m\u00e1y tr\u1ed9n c\u00e1t, m\u00e1y nghi\u1ec1n h\u00ecnh n\u00f3n, th\u00e1p gi\u1ea3i nhi\u1ec7t, xe n\u00e2ng, b\u1ed9 truy\u1ec1n \u0111\u1ed9ng v\u00e0 ch\u00e2n v\u1ecbt t\u00e0u, thi\u1ebft b\u1ecb \u0111\u00f3ng g\u00f3i d\u01b0\u1ee3c ph\u1ea9m, m\u00e1y in offset t\u1ed1c \u0111\u1ed9 cao, s\u1ea3n xu\u1ea5t t\u1ea5m polyethylene, linh ki\u1ec7n \u00f4 t\u00f4 v\u00e0 truy\u1ec1n \u0111\u1ed9ng \u0111\u01b0\u1eddng s\u1eaft.<\/p>\n<p>Trong ng\u00e0nh robot, b\u00e1nh r\u0103ng c\u00f4n g\u00f3c l\u00fd t\u01b0\u1edfng cho kh\u00f4ng gian nh\u1ecf g\u1ecdn, trong khi trong ng\u00e0nh luy\u1ec7n kim \u0111en, ch\u00fang h\u1ed7 tr\u1ee3 c\u00e1c c\u1ea5u tr\u00fac m\u00e1y c\u00e1n th\u1eb3ng \u0111\u1ee9ng.<br \/>\nTrong ch\u1ebf bi\u1ebfn th\u1ef1c ph\u1ea9m, b\u00e1nh r\u0103ng c\u00f4n r\u1ea5t quan tr\u1ecdng \u0111\u1ed1i v\u1edbi c\u00e1c c\u00f4ng c\u1ee5 s\u1ea3n xu\u1ea5t th\u1ef1c ph\u1ea9m, \u0111\u00f3ng g\u00f3i v\u00e0 l\u00e0m lon.<\/p>\n<p>\u0110\u1ed1i v\u1edbi c\u00e1c tr\u01b0\u1eddng h\u1ee3p t\u1ed1c \u0111\u1ed9 th\u1ea5p, t\u1ea3i tr\u1ecdng th\u1ea5p, b\u00e1nh r\u0103ng c\u00f4n truy\u1ec1n l\u1ef1c v\u00e0 chuy\u1ec3n \u0111\u1ed9ng hi\u1ec7u qu\u1ea3 gi\u1eefa hai tr\u1ee5c.<br \/>\nB\u00e1nh r\u0103ng c\u00f4n Hypoid \u0111\u01b0\u1ee3c s\u1eed d\u1ee5ng trong c\u00e1c h\u1ec7 th\u1ed1ng \u00f4 t\u00f4, ch\u1eb3ng h\u1ea1n nh\u01b0 b\u1ed9 truy\u1ec1n \u0111\u1ed9ng vi sai c\u1ee7a xe.<br \/>\nB\u00e1nh r\u0103ng c\u00f4n c\u0169ng r\u1ea5t quan tr\u1ecdng trong c\u01a1 ch\u1ebf ho\u1ea1t \u0111\u1ed9ng c\u1ee7a m\u00e1y khoan c\u1ea7m tay.<br \/>\nTrong m\u00e1y kh\u00e2u, b\u00e1nh r\u0103ng c\u00f4n xo\u1eafn l\u00e0 b\u1ed9 ph\u1eadn quan tr\u1ecdng.<\/p>\n<table style=\"width: 104.127%; height: 626px;\" border=\"1\" width=\"100%\" cellspacing=\"0\" cellpadding=\"0\">\n<tbody>\n<tr style=\"height: 14.40pt;\">\n<td style=\"height: 14.4pt; width: 25.1524%;\" width=\"83\" height=\"24\">\u00a0<img loading=\"lazy\" decoding=\"async\" class=\"size-full wp-image-7119 aligncenter\" src=\"https:\/\/fmp-components.com\/wp-content\/uploads\/2025\/03\/Spiral-Bevel-Gear-Uses-Packaging.webp\" alt=\"B\u00e1nh r\u0103ng c\u00f4n xo\u1eafn s\u1eed d\u1ee5ng bao b\u00ec\" width=\"800\" height=\"600\" title=\"\" srcset=\"https:\/\/fmp-components.com\/wp-content\/uploads\/2025\/03\/Spiral-Bevel-Gear-Uses-Packaging.webp 800w, https:\/\/fmp-components.com\/wp-content\/uploads\/2025\/03\/Spiral-Bevel-Gear-Uses-Packaging-480x360.webp 480w\" sizes=\"(min-width: 0px) and (max-width: 480px) 480px, (min-width: 481px) 800px, 100vw\" \/><\/td>\n<td style=\"width: 25.3049%;\" align=\"right\" width=\"80\"><img loading=\"lazy\" decoding=\"async\" class=\"size-full wp-image-7124 aligncenter\" src=\"https:\/\/fmp-components.com\/wp-content\/uploads\/2025\/03\/Railways.webp\" alt=\"\u0110\u01b0\u1eddng s\u1eaft\" width=\"800\" height=\"600\" title=\"\" srcset=\"https:\/\/fmp-components.com\/wp-content\/uploads\/2025\/03\/Railways.webp 800w, https:\/\/fmp-components.com\/wp-content\/uploads\/2025\/03\/Railways-480x360.webp 480w\" sizes=\"(min-width: 0px) and (max-width: 480px) 480px, (min-width: 481px) 800px, 100vw\" \/><\/td>\n<td style=\"width: 24.6952%;\" align=\"right\" width=\"154\"><img loading=\"lazy\" decoding=\"async\" class=\"size-full wp-image-7118 aligncenter\" src=\"https:\/\/fmp-components.com\/wp-content\/uploads\/2025\/03\/Spiral-Bevel-Gear-Uses-Printing.webp\" alt=\"B\u00e1nh r\u0103ng c\u00f4n xo\u1eafn s\u1eed d\u1ee5ng c\u00f4ng ngh\u1ec7 in\" width=\"800\" height=\"600\" title=\"\" srcset=\"https:\/\/fmp-components.com\/wp-content\/uploads\/2025\/03\/Spiral-Bevel-Gear-Uses-Printing.webp 800w, https:\/\/fmp-components.com\/wp-content\/uploads\/2025\/03\/Spiral-Bevel-Gear-Uses-Printing-480x360.webp 480w\" sizes=\"(min-width: 0px) and (max-width: 480px) 480px, (min-width: 481px) 800px, 100vw\" \/><\/td>\n<td style=\"width: 24.5426%;\" width=\"80\"><img loading=\"lazy\" decoding=\"async\" class=\"size-full wp-image-7125 aligncenter\" src=\"https:\/\/fmp-components.com\/wp-content\/uploads\/2025\/03\/milling.webp\" alt=\"xay x\u00e1t\" width=\"800\" height=\"600\" title=\"\" srcset=\"https:\/\/fmp-components.com\/wp-content\/uploads\/2025\/03\/milling.webp 800w, https:\/\/fmp-components.com\/wp-content\/uploads\/2025\/03\/milling-480x360.webp 480w\" sizes=\"(min-width: 0px) and (max-width: 480px) 480px, (min-width: 481px) 800px, 100vw\" \/><\/td>\n<\/tr>\n<tr style=\"height: 14.40pt;\">\n<td style=\"height: 14.4pt; width: 25.1524%;\" height=\"24\"><img loading=\"lazy\" decoding=\"async\" class=\"size-full wp-image-7122 aligncenter\" src=\"https:\/\/fmp-components.com\/wp-content\/uploads\/2025\/03\/Spiral-Bevel-Gear-Uses-Packaging-1.webp\" alt=\"B\u00e1nh r\u0103ng c\u00f4n xo\u1eafn s\u1eed d\u1ee5ng bao b\u00ec 1\" width=\"800\" height=\"600\" title=\"\" srcset=\"https:\/\/fmp-components.com\/wp-content\/uploads\/2025\/03\/Spiral-Bevel-Gear-Uses-Packaging-1.webp 800w, https:\/\/fmp-components.com\/wp-content\/uploads\/2025\/03\/Spiral-Bevel-Gear-Uses-Packaging-1-480x360.webp 480w\" sizes=\"(min-width: 0px) and (max-width: 480px) 480px, (min-width: 481px) 800px, 100vw\" \/><\/td>\n<td style=\"width: 25.3049%;\" align=\"right\"><img loading=\"lazy\" decoding=\"async\" class=\"size-full wp-image-7120 aligncenter\" src=\"https:\/\/fmp-components.com\/wp-content\/uploads\/2025\/03\/Spiral-Bevel-Gear-Uses-Railways-1.webp\" alt=\"B\u00e1nh r\u0103ng c\u00f4n xo\u1eafn s\u1eed d\u1ee5ng trong \u0111\u01b0\u1eddng s\u1eaft 1\" width=\"800\" height=\"600\" title=\"\" srcset=\"https:\/\/fmp-components.com\/wp-content\/uploads\/2025\/03\/Spiral-Bevel-Gear-Uses-Railways-1.webp 800w, https:\/\/fmp-components.com\/wp-content\/uploads\/2025\/03\/Spiral-Bevel-Gear-Uses-Railways-1-480x360.webp 480w\" sizes=\"(min-width: 0px) and (max-width: 480px) 480px, (min-width: 481px) 800px, 100vw\" \/><\/td>\n<td style=\"width: 24.6952%;\" align=\"right\"><img loading=\"lazy\" decoding=\"async\" class=\"size-full wp-image-7121 aligncenter\" src=\"https:\/\/fmp-components.com\/wp-content\/uploads\/2025\/03\/Spiral-Bevel-Gear-Uses-Printing-1.webp\" alt=\"B\u00e1nh r\u0103ng c\u00f4n xo\u1eafn s\u1eed d\u1ee5ng c\u00f4ng ngh\u1ec7 in 1\" width=\"800\" height=\"600\" title=\"\" srcset=\"https:\/\/fmp-components.com\/wp-content\/uploads\/2025\/03\/Spiral-Bevel-Gear-Uses-Printing-1.webp 800w, https:\/\/fmp-components.com\/wp-content\/uploads\/2025\/03\/Spiral-Bevel-Gear-Uses-Printing-1-480x360.webp 480w\" sizes=\"(min-width: 0px) and (max-width: 480px) 480px, (min-width: 481px) 800px, 100vw\" \/><\/td>\n<td style=\"width: 24.5426%;\"><img loading=\"lazy\" decoding=\"async\" class=\"size-full wp-image-7123 aligncenter\" src=\"https:\/\/fmp-components.com\/wp-content\/uploads\/2025\/03\/Spiral-Bevel-Gear-Uses-Mining-2.webp\" alt=\"B\u00e1nh r\u0103ng c\u00f4n xo\u1eafn s\u1eed d\u1ee5ng trong khai th\u00e1c m\u1ecf 2\" width=\"800\" height=\"600\" title=\"\" srcset=\"https:\/\/fmp-components.com\/wp-content\/uploads\/2025\/03\/Spiral-Bevel-Gear-Uses-Mining-2.webp 800w, https:\/\/fmp-components.com\/wp-content\/uploads\/2025\/03\/Spiral-Bevel-Gear-Uses-Mining-2-480x360.webp 480w\" sizes=\"(min-width: 0px) and (max-width: 480px) 480px, (min-width: 481px) 800px, 100vw\" \/><\/td>\n<\/tr>\n<tr style=\"height: 14.40pt;\">\n<td style=\"height: 14.4pt; width: 25.1524%;\" height=\"24\">\n<div class=\"ptitle\"><strong>\u0110\u00f3ng g\u00f3i &amp; Ch\u1ebf bi\u1ebfn th\u1ef1c ph\u1ea9m<\/strong><\/div>\n<ul class=\"myp1\">\n<li>M\u00e1y \u0111\u00f3ng g\u00f3i d\u01b0\u1ee3c ph\u1ea9m<\/li>\n<li>Thi\u1ebft b\u1ecb s\u1ea3n xu\u1ea5t lon<\/li>\n<li>S\u1ea3n xu\u1ea5t m\u00e0ng polythene<\/li>\n<li>H\u1ed9p s\u1ed1 \u0111\u01b0\u1ee3c thi\u1ebft k\u1ebf \u0111\u1eb7c bi\u1ec7t<\/li>\n<\/ul>\n<\/td>\n<td style=\"width: 25.3049%;\" align=\"right\">\n<div class=\"ptitle\" style=\"text-align: left;\"><strong>\u0110\u01b0\u1eddng s\u1eaft<\/strong><\/div>\n<ul class=\"myp1\">\n<li style=\"text-align: left;\">Nh\u00e0 cung c\u1ea5p \u0111\u00e3 \u0111\u0103ng k\u00fd cho \u0110\u01b0\u1eddng s\u1eaft \u1ea4n \u0110\u1ed9<\/li>\n<li style=\"text-align: left;\">Tr\u1ea3i nghi\u1ec7m \u0111\u1ea1i tu\/x\u00e2y d\u1ef1ng l\u1ea1i<\/li>\n<li style=\"text-align: left;\">Kinh nghi\u1ec7m thi\u1ebft k\u1ebf ng\u01b0\u1ee3c h\u1ec7 th\u1ed1ng truy\u1ec1n \u0111\u1ed9ng cu\u1ed1i v\u00e0 h\u1ec7 th\u1ed1ng truy\u1ec1n \u0111\u1ed9ng th\u1ee9 c\u1ea5p c\u1ee7a \u0111\u1ea7u m\u00e1y xe l\u1eeda diesel.<\/li>\n<\/ul>\n<\/td>\n<td style=\"width: 24.6952%;\" align=\"right\">\n<div class=\"ptitle\" style=\"text-align: left;\"><strong>In \u1ea5n<\/strong><\/div>\n<ul class=\"myp1\">\n<li style=\"text-align: left;\">B\u00e1nh r\u0103ng in offset t\u1ed1c \u0111\u1ed9 cao<\/li>\n<\/ul>\n<\/td>\n<td style=\"width: 24.5426%;\">\n<div class=\"ptitle\"><strong>Khai th\u00e1c:<\/strong><\/div>\n<ul class=\"myp1\">\n<li>M\u00e1y \u0111\u00e0o g\u1ea7u b\u00e1nh l\u1ed1p<\/li>\n<li>\u1ed4 \u0111\u0129a x\u1ebfp ch\u1ed3ng\/thu h\u1ed3i<\/li>\n<li>\u1ed4 \u0111\u0129a t\u00e0u n\u1ea1o v\u00e9t<\/li>\n<li>Truy\u1ec1n \u0111\u1ed9ng m\u00e1y nghi\u1ec1n<\/li>\n<li>B\u0103ng t\u1ea3i<\/li>\n<\/ul>\n<\/td>\n<\/tr>\n<\/tbody>\n<\/table>\n<div>\n<h2>Quy tr\u00ecnh s\u1ea3n xu\u1ea5t b\u00e1nh r\u0103ng c\u00f4n xo\u1eafn<\/h2>\n<p class=\"break-words\">Qu\u00e1 tr\u00ecnh ch\u1ebf t\u1ea1o b\u00e1nh r\u0103ng c\u00f4n b\u1eaft \u0111\u1ea7u b\u1eb1ng vi\u1ec7c t\u1ea1o h\u00ecnh ph\u00f4i, c\u00f3 ho\u1eb7c kh\u00f4ng c\u00f3 r\u0103ng, sau \u0111\u00f3 \u1ee7 n\u1ebfu v\u1eadt li\u1ec7u l\u00e0 th\u00e9p \u0111\u00fac ho\u1eb7c th\u00e9p r\u00e8n, \u0111\u1ec3 l\u00e0m m\u1ec1m v\u1eadt li\u1ec7u tr\u01b0\u1edbc khi gia c\u00f4ng ti\u1ebfp. Ph\u00f4i sau \u0111\u00f3 \u0111\u01b0\u1ee3c gia c\u00f4ng theo k\u00edch th\u01b0\u1edbc ch\u00ednh x\u00e1c, \u0111\u1ecbnh h\u00ecnh r\u0103ng ho\u1eb7c tinh ch\u1ec9nh r\u0103ng \u0111\u00e3 t\u1ea1o h\u00ecnh s\u1eb5n n\u1ebfu c\u1ea7n.<\/p>\n<p class=\"break-words\">Ti\u1ebfp theo, r\u0103ng b\u00e1nh r\u0103ng c\u00f3 th\u1ec3 \u0111\u01b0\u1ee3c t\u00f4i b\u1ec1 m\u1eb7t ho\u1eb7c t\u00f4i to\u00e0n b\u1ed9 \u0111\u1ec3 t\u0103ng \u0111\u1ed9 b\u1ec1n, t\u00f9y thu\u1ed9c v\u00e0o m\u1ee5c \u0111\u00edch s\u1eed d\u1ee5ng. Sau khi t\u00f4i, r\u0103ng \u0111\u01b0\u1ee3c ho\u00e0n thi\u1ec7n b\u1eb1ng c\u00e1ch m\u00e0i ho\u1eb7c b\u00e0o \u0111\u1ec3 \u0111\u1ea3m b\u1ea3o \u0111\u1ed9 m\u1ecbn v\u00e0 \u0111\u1ed9 ch\u00ednh x\u00e1c.<\/p>\n<p class=\"break-words\">Cu\u1ed1i c\u00f9ng, b\u00e1nh r\u0103ng c\u00f4n ho\u00e0n thi\u1ec7n \u0111\u01b0\u1ee3c ki\u1ec3m tra c\u1ea9n th\u1eadn \u0111\u1ec3 x\u00e1c nh\u1eadn n\u00f3 \u0111\u00e1p \u1ee9ng m\u1ecdi ti\u00eau chu\u1ea9n thi\u1ebft k\u1ebf v\u00e0 hi\u1ec7u su\u1ea5t, \u0111\u1ea3m b\u1ea3o ch\u1ea5t l\u01b0\u1ee3ng v\u00e0 \u0111\u1ed9 tin c\u1eady cho c\u00e1c \u1ee9ng d\u1ee5ng th\u1ef1c t\u1ebf.<\/p>\n<table style=\"width: 103.016%; height: 65px;\" border=\"1\" width=\"100%\" cellspacing=\"0\" cellpadding=\"0\">\n<tbody>\n<tr style=\"height: 23px;\">\n<td style=\"width: 50.4762%; text-align: center; height: 23px;\"><strong>C\u1eaft b\u00e1nh r\u0103ng c\u00f4n xo\u1eafn<\/strong><\/td>\n<td style=\"width: 49.2064%; text-align: center; height: 23px;\" align=\"right\" width=\"80\"><strong>M\u00e0i b\u00e1nh r\u0103ng c\u00f4n xo\u1eafn<\/strong><\/td>\n<\/tr>\n<tr style=\"height: 14.40pt;\">\n<td style=\"height: 14px; width: 50.4762%;\" height=\"24\"><img loading=\"lazy\" decoding=\"async\" class=\"size-full wp-image-7127 aligncenter\" src=\"https:\/\/fmp-components.com\/wp-content\/uploads\/2025\/03\/Spiral-Bevel-Gear-Cutting.webp\" alt=\"C\u1eaft b\u00e1nh r\u0103ng c\u00f4n xo\u1eafn\" width=\"500\" height=\"210\" title=\"\" srcset=\"https:\/\/fmp-components.com\/wp-content\/uploads\/2025\/03\/Spiral-Bevel-Gear-Cutting.webp 500w, https:\/\/fmp-components.com\/wp-content\/uploads\/2025\/03\/Spiral-Bevel-Gear-Cutting-480x202.webp 480w\" sizes=\"(min-width: 0px) and (max-width: 480px) 480px, (min-width: 481px) 500px, 100vw\" \/><\/td>\n<td style=\"width: 49.2064%; height: 14px;\" align=\"right\"><img loading=\"lazy\" decoding=\"async\" class=\"size-full wp-image-7126 aligncenter\" src=\"https:\/\/fmp-components.com\/wp-content\/uploads\/2025\/03\/Spiral-Bevel-Gear-Grinding.webp\" alt=\"M\u00e0i b\u00e1nh r\u0103ng c\u00f4n xo\u1eafn\" width=\"500\" height=\"210\" title=\"\" srcset=\"https:\/\/fmp-components.com\/wp-content\/uploads\/2025\/03\/Spiral-Bevel-Gear-Grinding.webp 500w, https:\/\/fmp-components.com\/wp-content\/uploads\/2025\/03\/Spiral-Bevel-Gear-Grinding-480x202.webp 480w\" sizes=\"(min-width: 0px) and (max-width: 480px) 480px, (min-width: 481px) 500px, 100vw\" \/><\/td>\n<\/tr>\n<tr style=\"height: 14.40pt;\">\n<td style=\"height: 14px; width: 50.4762%; text-align: center;\" height=\"24\"><strong>Phay b\u00e1nh r\u0103ng c\u00f4n xo\u1eafn<\/strong><\/td>\n<td style=\"width: 49.2064%; text-align: center; height: 14px;\" align=\"right\"><strong>Ki\u1ec3m tra b\u00e1nh r\u0103ng c\u00f4n xo\u1eafn<\/strong><\/td>\n<\/tr>\n<tr style=\"height: 14.40pt;\">\n<td style=\"height: 14px; width: 50.4762%;\" height=\"24\"><img loading=\"lazy\" decoding=\"async\" class=\"alignnone size-full wp-image-7129\" src=\"https:\/\/fmp-components.com\/wp-content\/uploads\/2025\/03\/Spiral-Bevel-Gear-Milling.webp\" alt=\"Phay b\u00e1nh r\u0103ng c\u00f4n xo\u1eafn\" width=\"500\" height=\"210\" title=\"\" srcset=\"https:\/\/fmp-components.com\/wp-content\/uploads\/2025\/03\/Spiral-Bevel-Gear-Milling.webp 500w, https:\/\/fmp-components.com\/wp-content\/uploads\/2025\/03\/Spiral-Bevel-Gear-Milling-480x202.webp 480w\" sizes=\"(min-width: 0px) and (max-width: 480px) 480px, (min-width: 481px) 500px, 100vw\" \/><\/td>\n<td style=\"width: 49.2064%; height: 14px;\" align=\"right\"><img loading=\"lazy\" decoding=\"async\" class=\"alignnone size-full wp-image-7128\" src=\"https:\/\/fmp-components.com\/wp-content\/uploads\/2025\/03\/Spiral-Bevel-Gear-Model.webp\" alt=\"M\u00f4 h\u00ecnh b\u00e1nh r\u0103ng c\u00f4n xo\u1eafn\" width=\"500\" height=\"210\" title=\"\" srcset=\"https:\/\/fmp-components.com\/wp-content\/uploads\/2025\/03\/Spiral-Bevel-Gear-Model.webp 500w, https:\/\/fmp-components.com\/wp-content\/uploads\/2025\/03\/Spiral-Bevel-Gear-Model-480x202.webp 480w\" sizes=\"(min-width: 0px) and (max-width: 480px) 480px, (min-width: 481px) 500px, 100vw\" \/><\/td>\n<\/tr>\n<\/tbody>\n<\/table>\n<\/div>","protected":false},"excerpt":{"rendered":"<p>Spiral Bevel Gears (Helical Bevel Gears) are advanced, high-performance gears featuring curved, helical teeth that ensure smoother and quieter operation while efficiently transmitting power between intersecting shafts, making them ideal for demanding applications like automotive, aerospace, and industrial machinery. At FMP Company, we specialize in producing a diverse range of Spiral Bevel Gears (Helical Bevel [&hellip;]<\/p>","protected":false},"featured_media":7114,"comment_status":"open","ping_status":"closed","template":"","meta":{"_et_pb_use_builder":"","_et_pb_old_content":"","_et_gb_content_width":""},"product_brand":[],"product_cat":[106],"product_tag":[],"class_list":{"0":"post-7105","1":"product","2":"type-product","3":"status-publish","4":"has-post-thumbnail","6":"product_cat-bevel-gears","8":"first","9":"instock","10":"shipping-taxable","11":"product-type-simple"},"_links":{"self":[{"href":"https:\/\/fmp-components.com\/vi\/wp-json\/wp\/v2\/product\/7105","targetHints":{"allow":["GET"]}}],"collection":[{"href":"https:\/\/fmp-components.com\/vi\/wp-json\/wp\/v2\/product"}],"about":[{"href":"https:\/\/fmp-components.com\/vi\/wp-json\/wp\/v2\/types\/product"}],"replies":[{"embeddable":true,"href":"https:\/\/fmp-components.com\/vi\/wp-json\/wp\/v2\/comments?post=7105"}],"wp:featuredmedia":[{"embeddable":true,"href":"https:\/\/fmp-components.com\/vi\/wp-json\/wp\/v2\/media\/7114"}],"wp:attachment":[{"href":"https:\/\/fmp-components.com\/vi\/wp-json\/wp\/v2\/media?parent=7105"}],"wp:term":[{"taxonomy":"product_brand","embeddable":true,"href":"https:\/\/fmp-components.com\/vi\/wp-json\/wp\/v2\/product_brand?post=7105"},{"taxonomy":"product_cat","embeddable":true,"href":"https:\/\/fmp-components.com\/vi\/wp-json\/wp\/v2\/product_cat?post=7105"},{"taxonomy":"product_tag","embeddable":true,"href":"https:\/\/fmp-components.com\/vi\/wp-json\/wp\/v2\/product_tag?post=7105"}],"curies":[{"name":"wp","href":"https:\/\/api.w.org\/{rel}","templated":true}]}}