{"id":7097,"date":"2025-03-18T03:11:18","date_gmt":"2025-03-18T03:11:18","guid":{"rendered":"https:\/\/fmp-components.com\/?post_type=product&#038;p=7097"},"modified":"2025-03-27T01:24:20","modified_gmt":"2025-03-27T01:24:20","slug":"bevel-gears-european-standard","status":"publish","type":"product","link":"https:\/\/fmp-components.com\/vi\/product\/bevel-gears-european-standard\/","title":{"rendered":"B\u00e1nh r\u0103ng c\u00f4n (Ti\u00eau chu\u1ea9n Ch\u00e2u \u00c2u)"},"content":{"rendered":"<p>B\u00e1nh r\u0103ng c\u00f4n (Ti\u00eau chu\u1ea9n Ch\u00e2u \u00c2u) l\u00e0 b\u00e1nh r\u0103ng \u0111\u01b0\u1ee3c thi\u1ebft k\u1ebf ch\u00ednh x\u00e1c \u0111\u1ec3 truy\u1ec1n l\u1ef1c gi\u1eefa c\u00e1c tr\u1ee5c giao nhau, th\u01b0\u1eddng \u1edf g\u00f3c 90\u00b0, tu\u00e2n th\u1ee7 c\u00e1c ti\u00eau chu\u1ea9n ch\u1ea5t l\u01b0\u1ee3ng v\u00e0 k\u00edch th\u01b0\u1edbc nghi\u00eam ng\u1eb7t c\u1ee7a Ch\u00e2u \u00c2u \u0111\u1ec3 \u0111\u1ea1t hi\u1ec7u su\u1ea5t t\u1ed1i \u01b0u trong m\u00e1y m\u00f3c v\u00e0 c\u00e1c \u1ee9ng d\u1ee5ng c\u00f4ng nghi\u1ec7p. T\u1ea1i C\u00f4ng ty FMP, ch\u00fang t\u00f4i t\u1ef1 h\u00e0o s\u1ea3n xu\u1ea5t nhi\u1ec1u lo\u1ea1i b\u00e1nh r\u0103ng c\u00f4n. <a href=\"https:\/\/fmp-components.com\/vi\/bevel-gear-2\/\">B\u00e1nh r\u0103ng c\u00f4n<\/a>, bao g\u1ed3m c\u00e1c lo\u1ea1i th\u1eb3ng, xo\u1eafn \u1ed1c v\u00e0 hypoid, v\u00e0 cung c\u1ea5p c\u00e1c gi\u1ea3i ph\u00e1p ho\u00e0n to\u00e0n t\u00f9y ch\u1ec9nh theo nhu c\u1ea7u c\u1ee5 th\u1ec3 c\u1ee7a b\u1ea1n. N\u1ebfu b\u1ea1n kh\u00f4ng th\u1ea5y m\u1eabu b\u1ea1n c\u1ea7n trong danh s\u00e1ch s\u1ea3n ph\u1ea9m c\u1ee7a ch\u00fang t\u00f4i, \u0111i\u1ec1u \u0111\u00f3 c\u00f3 ngh\u0129a l\u00e0 ch\u00fang t\u00f4i ch\u01b0a t\u1ea3i n\u00f3 l\u00ean\u2014vui l\u00f2ng g\u1eedi email cho ch\u00fang t\u00f4i k\u00e8m theo y\u00eau c\u1ea7u c\u1ee7a b\u1ea1n v\u00e0 c\u00e1c k\u1ef9 s\u01b0 l\u00e0nh ngh\u1ec1 c\u1ee7a ch\u00fang t\u00f4i s\u1ebd ph\u1ea3n h\u1ed3i trong v\u00f2ng 24 gi\u1edd \u0111\u1ec3 h\u1ed7 tr\u1ee3 b\u1ea1n.<\/p>\n<h2>B\u00e1nh r\u0103ng c\u00f4n lo\u1ea1i A: 1:1, 1:2, 1:3, 1:4\u00a0<img loading=\"lazy\" decoding=\"async\" class=\"alignnone size-full wp-image-7100\" src=\"https:\/\/fmp-components.com\/wp-content\/uploads\/2025\/03\/bevel-gear-2-1.webp\" alt=\"b\u00e1nh r\u0103ng c\u00f4n\" width=\"739\" height=\"930\" title=\"\" srcset=\"https:\/\/fmp-components.com\/wp-content\/uploads\/2025\/03\/bevel-gear-2-1.webp 739w, https:\/\/fmp-components.com\/wp-content\/uploads\/2025\/03\/bevel-gear-2-1-480x604.webp 480w\" sizes=\"(min-width: 0px) and (max-width: 480px) 480px, (min-width: 481px) 739px, 100vw\" \/> <img loading=\"lazy\" decoding=\"async\" class=\"alignnone size-full wp-image-7101\" src=\"https:\/\/fmp-components.com\/wp-content\/uploads\/2025\/03\/bevel-gear-1_1.webp\" alt=\"b\u00e1nh r\u0103ng c\u00f4n\" width=\"717\" height=\"943\" title=\"\" srcset=\"https:\/\/fmp-components.com\/wp-content\/uploads\/2025\/03\/bevel-gear-1_1.webp 717w, https:\/\/fmp-components.com\/wp-content\/uploads\/2025\/03\/bevel-gear-1_1-480x631.webp 480w\" sizes=\"(min-width: 0px) and (max-width: 480px) 480px, (min-width: 481px) 717px, 100vw\" \/><\/h2>\n<h2>B\u00e1nh r\u0103ng c\u00f4n lo\u1ea1i B: 1:1, 1:2, 1:3, 1:4<\/h2>\n<p><img loading=\"lazy\" decoding=\"async\" class=\"alignnone size-full wp-image-7099\" src=\"https:\/\/fmp-components.com\/wp-content\/uploads\/2025\/03\/bevel-gear-3-1_1.webp\" alt=\"b\u00e1nh r\u0103ng c\u00f4n\" width=\"722\" height=\"931\" title=\"\" srcset=\"https:\/\/fmp-components.com\/wp-content\/uploads\/2025\/03\/bevel-gear-3-1_1.webp 722w, https:\/\/fmp-components.com\/wp-content\/uploads\/2025\/03\/bevel-gear-3-1_1-480x619.webp 480w\" sizes=\"(min-width: 0px) and (max-width: 480px) 480px, (min-width: 481px) 722px, 100vw\" \/><\/p>\n<p><img loading=\"lazy\" decoding=\"async\" class=\"alignnone size-full wp-image-7098\" src=\"https:\/\/fmp-components.com\/wp-content\/uploads\/2025\/03\/bevel-gear-4-1.webp\" alt=\"b\u00e1nh r\u0103ng c\u00f4n\" width=\"711\" height=\"942\" title=\"\" srcset=\"https:\/\/fmp-components.com\/wp-content\/uploads\/2025\/03\/bevel-gear-4-1.webp 711w, https:\/\/fmp-components.com\/wp-content\/uploads\/2025\/03\/bevel-gear-4-1-480x636.webp 480w\" sizes=\"(min-width: 0px) and (max-width: 480px) 480px, (min-width: 481px) 711px, 100vw\" \/><\/p>\n<p>&nbsp;<\/p>","protected":false},"excerpt":{"rendered":"<p>Bevel Gears (European Standard) are precision-engineered gears designed to transmit power between intersecting shafts, typically at a 90\u00b0 angle, adhering to strict European quality and dimensional standards for optimal performance in machinery and industrial applications. At FMP Company, we proudly manufacture a wide range of Bevel Gears, including straight, spiral, and hypoid types, and offer [&hellip;]<\/p>","protected":false},"featured_media":7102,"comment_status":"open","ping_status":"closed","template":"","meta":{"_et_pb_use_builder":"on","_et_pb_old_content":"Bevel Gears (European Standard) are precision-engineered gears designed to transmit power between intersecting shafts, typically at a 90\u00b0 angle, adhering to strict European quality and dimensional standards for optimal performance in machinery and industrial applications. At FMP Company, we proudly manufacture a wide range of <a href=\"https:\/\/fmp-components.com\/en\/bevel-gear-2\">Bevel Gears<\/a>, including straight, spiral, and hypoid types, and offer fully customized solutions tailored to your specific needs. If you don\u2019t see the model you require in our product list, it simply means we haven\u2019t uploaded it yet\u2014please feel free to email us with your inquiry, and our skilled engineers will respond within 24 hours to assist you.\r\n<h2>Bevel Gears Type A: 1:1, 1:2, 1:3, 1:4\u00a0<img class=\"alignnone size-full wp-image-7100\" src=\"https:\/\/fmp-components.com\/wp-content\/uploads\/2025\/03\/bevel-gear-2-1.webp\" alt=\"bevel-gear\" width=\"739\" height=\"930\" \/> <img class=\"alignnone size-full wp-image-7101\" src=\"https:\/\/fmp-components.com\/wp-content\/uploads\/2025\/03\/bevel-gear-1_1.webp\" alt=\"bevel-gear\" width=\"717\" height=\"943\" \/><\/h2>\r\n<h2>Bevel Gears Type B: 1:1, 1:2, 1:3, 1:4<\/h2>\r\n<img class=\"alignnone size-full wp-image-7099\" src=\"https:\/\/fmp-components.com\/wp-content\/uploads\/2025\/03\/bevel-gear-3-1_1.webp\" alt=\"bevel-gear\" width=\"722\" height=\"931\" \/>\r\n\r\n<img class=\"alignnone size-full wp-image-7098\" src=\"https:\/\/fmp-components.com\/wp-content\/uploads\/2025\/03\/bevel-gear-4-1.webp\" alt=\"bevel-gear\" width=\"711\" height=\"942\" \/>\r\n\r\n&nbsp;","_et_gb_content_width":""},"product_brand":[],"product_cat":[106],"product_tag":[],"class_list":{"0":"post-7097","1":"product","2":"type-product","3":"status-publish","4":"has-post-thumbnail","6":"product_cat-bevel-gears","8":"first","9":"instock","10":"shipping-taxable","11":"product-type-simple"},"_links":{"self":[{"href":"https:\/\/fmp-components.com\/vi\/wp-json\/wp\/v2\/product\/7097","targetHints":{"allow":["GET"]}}],"collection":[{"href":"https:\/\/fmp-components.com\/vi\/wp-json\/wp\/v2\/product"}],"about":[{"href":"https:\/\/fmp-components.com\/vi\/wp-json\/wp\/v2\/types\/product"}],"replies":[{"embeddable":true,"href":"https:\/\/fmp-components.com\/vi\/wp-json\/wp\/v2\/comments?post=7097"}],"wp:featuredmedia":[{"embeddable":true,"href":"https:\/\/fmp-components.com\/vi\/wp-json\/wp\/v2\/media\/7102"}],"wp:attachment":[{"href":"https:\/\/fmp-components.com\/vi\/wp-json\/wp\/v2\/media?parent=7097"}],"wp:term":[{"taxonomy":"product_brand","embeddable":true,"href":"https:\/\/fmp-components.com\/vi\/wp-json\/wp\/v2\/product_brand?post=7097"},{"taxonomy":"product_cat","embeddable":true,"href":"https:\/\/fmp-components.com\/vi\/wp-json\/wp\/v2\/product_cat?post=7097"},{"taxonomy":"product_tag","embeddable":true,"href":"https:\/\/fmp-components.com\/vi\/wp-json\/wp\/v2\/product_tag?post=7097"}],"curies":[{"name":"wp","href":"https:\/\/api.w.org\/{rel}","templated":true}]}}