{"id":705,"date":"2024-12-18T01:55:14","date_gmt":"2024-12-18T01:55:14","guid":{"rendered":"https:\/\/fmp-components.com\/?page_id=8"},"modified":"2024-12-18T02:02:20","modified_gmt":"2024-12-18T02:02:20","slug":"split-barge-split-cylinder","status":"publish","type":"product","link":"https:\/\/fmp-components.com\/vi\/product\/split-barge-split-cylinder\/","title":{"rendered":"Xy lanh t\u00e1ch x\u00e0 lan"},"content":{"rendered":"<p style=\"text-align: center;\"><span style=\"font-size: 18pt;\">Xy lanh t\u00e1ch x\u00e0 lan<\/span><\/p>\n<p>Xy lanh t\u00e1ch x\u00e0 lan l\u00e0 m\u1ed9t b\u1ed9 ph\u1eadn th\u1ee7y l\u1ef1c chuy\u00ean d\u1ee5ng \u0111\u01b0\u1ee3c thi\u1ebft k\u1ebf \u0111\u1ec3 n\u00e2ng cao ch\u1ee9c n\u0103ng v\u00e0 hi\u1ec7u qu\u1ea3 c\u1ee7a x\u00e0 lan t\u00e1ch trong ho\u1ea1t \u0111\u1ed9ng h\u00e0ng h\u1ea3i. Xy lanh n\u00e0y \u0111\u01b0\u1ee3c thi\u1ebft k\u1ebf \u0111\u1ec3 cung c\u1ea5p l\u1ef1c c\u1ea7n thi\u1ebft cho vi\u1ec7c t\u00e1ch c\u00e1c ph\u1ea7n x\u00e0 lan, t\u1ea1o \u0111i\u1ec1u ki\u1ec7n thu\u1eadn l\u1ee3i cho vi\u1ec7c x\u1ebfp d\u1ee1 h\u00e0ng h\u00f3a d\u1ec5 d\u00e0ng, \u0111\u1ed3ng th\u1eddi c\u1ea3i thi\u1ec7n kh\u1ea3 n\u0103ng c\u01a1 \u0111\u1ed9ng c\u1ee7a t\u00e0u.<\/p>\n<p>&nbsp;<\/p>\n<p><img loading=\"lazy\" decoding=\"async\" class=\"size-full wp-image-707 aligncenter\" src=\"https:\/\/fmp-components.com\/wp-content\/uploads\/2024\/12\/Split-Barge-Split-Cylinder.webp\" alt=\"X\u00e0 lan t\u00e1ch \u0111\u00f4i\" width=\"600\" height=\"600\" title=\"\" srcset=\"https:\/\/fmp-components.com\/wp-content\/uploads\/2024\/12\/Split-Barge-Split-Cylinder.webp 600w, https:\/\/fmp-components.com\/wp-content\/uploads\/2024\/12\/Split-Barge-Split-Cylinder-480x480.webp 480w\" sizes=\"(min-width: 0px) and (max-width: 480px) 480px, (min-width: 481px) 600px, 100vw\" \/><\/p>\n<h4>C\u00e1c t\u00ednh n\u0103ng ch\u00ednh:<\/h4>\n<ul>\n<li><strong>C\u00f4ng su\u1ea5t \u0111\u1ea7u ra cao:<\/strong> C\u00f3 kh\u1ea3 n\u0103ng t\u1ea1o ra l\u1ef1c th\u1ee7y l\u1ef1c \u0111\u00e1ng k\u1ec3, xi lanh n\u00e0y \u0111\u1ea3m b\u1ea3o vi\u1ec7c t\u00e1ch c\u00e1c \u0111o\u1ea1n s\u00e0 lan di\u1ec5n ra tr\u01a1n tru v\u00e0 hi\u1ec7u qu\u1ea3, t\u1ed1i \u01b0u h\u00f3a ho\u1ea1t \u0111\u1ed9ng x\u1eed l\u00fd h\u00e0ng h\u00f3a.<\/li>\n<li><strong>K\u1ebft c\u1ea5u ch\u1eafc ch\u1eafn:<\/strong> \u0110\u01b0\u1ee3c l\u00e0m t\u1eeb v\u1eadt li\u1ec7u c\u00f3 \u0111\u1ed9 b\u1ec1n cao, s\u1ea3n ph\u1ea9m \u0111\u01b0\u1ee3c thi\u1ebft k\u1ebf \u0111\u1ec3 ch\u1ecbu \u0111\u01b0\u1ee3c m\u00f4i tr\u01b0\u1eddng bi\u1ec3n kh\u1eafc nghi\u1ec7t, \u0111\u1ea3m b\u1ea3o \u0111\u1ed9 b\u1ec1n v\u00e0 \u0111\u1ed9 tin c\u1eady ngay c\u1ea3 trong \u0111i\u1ec1u ki\u1ec7n kh\u1eafc nghi\u1ec7t.<\/li>\n<li><strong>Ki\u1ec3m so\u00e1t ch\u00ednh x\u00e1c:<\/strong> Thi\u1ebft k\u1ebf th\u1ee7y l\u1ef1c ti\u00ean ti\u1ebfn cho ph\u00e9p chuy\u1ec3n \u0111\u1ed9ng ch\u00ednh x\u00e1c v\u00e0 c\u00f3 ki\u1ec3m so\u00e1t, t\u0103ng c\u01b0\u1eddng an to\u00e0n trong qu\u00e1 tr\u00ecnh v\u1eadn h\u00e0nh v\u00e0 gi\u1ea3m thi\u1ec3u nguy c\u01a1 tai n\u1ea1n.<\/li>\n<li><strong>\u1ee8ng d\u1ee5ng \u0111a n\u0103ng:<\/strong> Th\u00edch h\u1ee3p cho nhi\u1ec1u t\u00ecnh hu\u1ed1ng v\u1eadn t\u1ea3i v\u00e0 h\u1eadu c\u1ea7n h\u00e0ng h\u1ea3i, xi lanh chia \u0111\u00f4i n\u00e0y h\u1ed7 tr\u1ee3 ho\u1ea1t \u0111\u1ed9ng hi\u1ec7u qu\u1ea3 trong c\u1ea3 qu\u00e1 tr\u00ecnh b\u1ed1c x\u1ebfp.<\/li>\n<li><strong>Y\u00eau c\u1ea7u b\u1ea3o tr\u00ec th\u1ea5p:<\/strong> \u0110\u01b0\u1ee3c thi\u1ebft k\u1ebf \u0111\u1ec3 gi\u1ea3m thi\u1ec3u hao m\u00f2n, xi lanh c\u1ea7n \u00edt b\u1ea3o tr\u00ec h\u01a1n, gi\u1ea3m th\u1eddi gian ch\u1ebft m\u00e1y v\u00e0 g\u00f3p ph\u1ea7n t\u0103ng hi\u1ec7u qu\u1ea3 ho\u1ea1t \u0111\u1ed9ng.<\/li>\n<\/ul>\n<p>Xi lanh t\u00e1ch x\u00e0 lan l\u00e0 m\u1ed9t th\u00e0nh ph\u1ea7n thi\u1ebft y\u1ebfu \u0111\u1ec3 t\u1ed1i \u01b0u h\u00f3a hi\u1ec7u su\u1ea5t c\u1ee7a x\u00e0 lan t\u00e1ch, c\u1ea3i thi\u1ec7n \u0111\u00e1ng k\u1ec3 hi\u1ec7u qu\u1ea3 v\u00e0 an to\u00e0n c\u1ee7a ho\u1ea1t \u0111\u1ed9ng v\u1eadn t\u1ea3i v\u00e0 h\u1eadu c\u1ea7n tr\u00ean bi\u1ec3n.<\/p>\n<h2>Th\u00f4ng s\u1ed1 k\u1ef9 thu\u1eadt c\u1ee7a xi lanh t\u00e1ch \u0111\u00f4i Split Barge:<\/h2>\n<table style=\"width: 94.7186%; height: 221px;\" border=\"1\" cellspacing=\"0\" cellpadding=\"0\">\n<tbody>\n<tr>\n<td>T\u00ean s\u1ea3n ph\u1ea9m<\/td>\n<td>Xy lanh t\u00e1ch x\u00e0 lan<\/td>\n<\/tr>\n<tr>\n<td>\u0110\u1eb7c tr\u01b0ng:<\/td>\n<td>Th\u00e2n t\u00e0u k\u00edn<\/td>\n<\/tr>\n<tr>\n<td>\u0110\u01b0\u1eddng k\u00ednh l\u1ed7 khoan:<\/td>\n<td>L\u00ean \u0111\u1ebfn 550mm<\/td>\n<\/tr>\n<tr>\n<td>\u0110\u01b0\u1eddng k\u00ednh thanh:<\/td>\n<td>L\u00ean \u0111\u1ebfn 280mm<br \/>\nH\u00e0nh tr\u00ecnh \u22641000mm<\/td>\n<\/tr>\n<tr>\n<td>L\u1ef1c k\u00e9o:<\/td>\n<td>L\u00ean \u0111\u1ebfn 6000KN<\/td>\n<\/tr>\n<tr>\n<td>\u00c1p l\u1ef1c:<\/td>\n<td>L\u00ean \u0111\u1ebfn 38MPa<\/td>\n<\/tr>\n<tr>\n<td>\u1ee8ng d\u1ee5ng:<\/td>\n<td>S\u00e0 lan t\u00e1ch \u0111\u00f4i<\/td>\n<\/tr>\n<\/tbody>\n<\/table>\n<h2>\u0110\u1eb7c \u0111i\u1ec3m c\u1ee7a xi lanh t\u00e1ch \u0111\u00f4i Split Barge<\/h2>\n<ol>\n<li><strong>C\u00f4ng su\u1ea5t \u0111\u1ea7u ra cao:<\/strong>\n<ul>\n<li>C\u00f3 kh\u1ea3 n\u0103ng t\u1ea1o ra l\u1ef1c th\u1ee7y l\u1ef1c l\u1edbn \u0111\u1ec3 t\u00e1ch c\u00e1c \u0111o\u1ea1n s\u00e0 lan m\u1ed9t c\u00e1ch hi\u1ec7u qu\u1ea3, \u0111\u1ea3m b\u1ea3o ho\u1ea1t \u0111\u1ed9ng tr\u01a1n tru trong qu\u00e1 tr\u00ecnh x\u1ebfp d\u1ee1.<\/li>\n<\/ul>\n<\/li>\n<li><strong>K\u1ebft c\u1ea5u ch\u1eafc ch\u1eafn:<\/strong>\n<ul>\n<li>\u0110\u01b0\u1ee3c ch\u1ebf t\u1ea1o t\u1eeb v\u1eadt li\u1ec7u c\u00f3 \u0111\u1ed9 b\u1ec1n cao, \u0111\u01b0\u1ee3c thi\u1ebft k\u1ebf \u0111\u1ec3 ch\u1ecbu \u0111\u01b0\u1ee3c m\u00f4i tr\u01b0\u1eddng bi\u1ec3n kh\u1eafc nghi\u1ec7t, mang l\u1ea1i \u0111\u1ed9 b\u1ec1n v\u00e0 \u0111\u1ed9 tin c\u1eady trong \u0111i\u1ec1u ki\u1ec7n kh\u1eafc nghi\u1ec7t.<\/li>\n<\/ul>\n<\/li>\n<li><strong>Ki\u1ec3m so\u00e1t ch\u00ednh x\u00e1c:<\/strong>\n<ul>\n<li>Thi\u1ebft k\u1ebf th\u1ee7y l\u1ef1c ti\u00ean ti\u1ebfn cho ph\u00e9p chuy\u1ec3n \u0111\u1ed9ng ch\u00ednh x\u00e1c v\u00e0 c\u00f3 ki\u1ec3m so\u00e1t, t\u0103ng c\u01b0\u1eddng an to\u00e0n v\u00e0 gi\u1ea3m thi\u1ec3u nguy c\u01a1 tai n\u1ea1n v\u1eadn h\u00e0nh.<\/li>\n<\/ul>\n<\/li>\n<li><strong>\u1ee8ng d\u1ee5ng \u0111a n\u0103ng:<\/strong>\n<ul>\n<li>Ph\u00f9 h\u1ee3p v\u1edbi nhi\u1ec1u t\u00ecnh hu\u1ed1ng h\u1eadu c\u1ea7n h\u00e0ng h\u1ea3i kh\u00e1c nhau, t\u1ea1o \u0111i\u1ec1u ki\u1ec7n x\u1eed l\u00fd h\u00e0ng h\u00f3a hi\u1ec7u qu\u1ea3 trong nhi\u1ec1u quy tr\u00ecnh b\u1ed1c x\u1ebfp kh\u00e1c nhau.<\/li>\n<\/ul>\n<\/li>\n<li><strong>Y\u00eau c\u1ea7u b\u1ea3o tr\u00ec th\u1ea5p:<\/strong>\n<ul>\n<li>\u0110\u01b0\u1ee3c thi\u1ebft k\u1ebf \u0111\u1ec3 gi\u1ea3m thi\u1ec3u hao m\u00f2n, xi lanh n\u00e0y c\u1ea7n \u00edt b\u1ea3o tr\u00ec h\u01a1n, gi\u1ea3m th\u1eddi gian ch\u1ebft m\u00e1y v\u00e0 t\u0103ng hi\u1ec7u qu\u1ea3 ho\u1ea1t \u0111\u1ed9ng t\u1ed5ng th\u1ec3.<\/li>\n<\/ul>\n<\/li>\n<li><strong>Kh\u1ea3 n\u0103ng ch\u1ed1ng \u0103n m\u00f2n:<\/strong>\n<ul>\n<li>\u0110\u01b0\u1ee3c x\u1eed l\u00fd ho\u1eb7c ph\u1ee7 l\u1edbp ch\u1ed1ng \u0103n m\u00f2n t\u1eeb n\u01b0\u1edbc m\u1eb7n v\u00e0 c\u00e1c y\u1ebfu t\u1ed1 bi\u1ec3n kh\u00e1c, \u0111\u1ea3m b\u1ea3o \u0111\u1ed9 b\u1ec1n v\u00e0 hi\u1ec7u su\u1ea5t \u0111\u00e1ng tin c\u1eady.<\/li>\n<\/ul>\n<\/li>\n<li><strong>Thi\u1ebft k\u1ebf nh\u1ecf g\u1ecdn:<\/strong>\n<ul>\n<li>Thi\u1ebft k\u1ebf ti\u1ebft ki\u1ec7m kh\u00f4ng gian cho ph\u00e9p d\u1ec5 d\u00e0ng t\u00edch h\u1ee3p v\u00e0o h\u1ec7 th\u1ed1ng s\u00e0 lan hi\u1ec7n c\u00f3 m\u00e0 kh\u00f4ng \u1ea3nh h\u01b0\u1edfng \u0111\u1ebfn t\u00ednh to\u00e0n v\u1eb9n c\u1ee7a c\u1ea5u tr\u00fac.<\/li>\n<\/ul>\n<\/li>\n<li><strong>T\u00ednh n\u0103ng an to\u00e0n:<\/strong>\n<ul>\n<li>\u0110\u01b0\u1ee3c trang b\u1ecb c\u01a1 ch\u1ebf an to\u00e0n t\u00edch h\u1ee3p \u0111\u1ec3 ng\u0103n ng\u1eeba vi\u1ec7c k\u00edch ho\u1ea1t ho\u1eb7c h\u1ecfng h\u00f3c ngo\u00e0i \u00fd mu\u1ed1n, n\u00e2ng cao \u0111\u1ed9 tin c\u1eady khi v\u1eadn h\u00e0nh.<\/li>\n<\/ul>\n<\/li>\n<li><strong>C\u00e0i \u0111\u1eb7t d\u1ec5 d\u00e0ng:<\/strong>\n<ul>\n<li>\u0110\u01b0\u1ee3c thi\u1ebft k\u1ebf \u0111\u1ec3 l\u1eafp \u0111\u1eb7t v\u00e0 thay th\u1ebf d\u1ec5 d\u00e0ng, gi\u1ea3m thi\u1ec3u th\u1eddi gian ng\u1eebng ho\u1ea1t \u0111\u1ed9ng trong qu\u00e1 tr\u00ecnh b\u1ea3o tr\u00ec ho\u1eb7c n\u00e2ng c\u1ea5p.<\/li>\n<\/ul>\n<\/li>\n<li><strong>Kh\u1ea3 n\u0103ng c\u01a1 \u0111\u1ed9ng \u0111\u01b0\u1ee3c c\u1ea3i thi\u1ec7n:<\/strong>\n<ul>\n<li>C\u1ea3i thi\u1ec7n kh\u1ea3 n\u0103ng c\u01a1 \u0111\u1ed9ng c\u1ee7a x\u00e0 lan t\u00e1ch \u0111\u00f4i, cho ph\u00e9p \u0111i\u1ec1u h\u01b0\u1edbng v\u00e0 x\u1eed l\u00fd t\u1ed1t h\u01a1n trong m\u00f4i tr\u01b0\u1eddng bi\u1ec3n \u0111\u00f4ng \u0111\u00fac ho\u1eb7c \u0111\u1ea7y th\u00e1ch th\u1ee9c.<\/li>\n<\/ul>\n<\/li>\n<\/ol>\n<p>Nh\u1eefng t\u00ednh n\u0103ng n\u00e0y l\u00e0m cho Xi lanh t\u00e1ch x\u00e0 lan tr\u1edf th\u00e0nh m\u1ed9t th\u00e0nh ph\u1ea7n thi\u1ebft y\u1ebfu \u0111\u1ec3 t\u1ed1i \u01b0u h\u00f3a hi\u1ec7u qu\u1ea3 v\u00e0 an to\u00e0n c\u1ee7a ho\u1ea1t \u0111\u1ed9ng v\u1eadn t\u1ea3i v\u00e0 h\u1eadu c\u1ea7n h\u00e0ng h\u1ea3i.<\/p>\n<p><img loading=\"lazy\" decoding=\"async\" class=\"alignnone size-full wp-image-708\" src=\"https:\/\/fmp-components.com\/wp-content\/uploads\/2024\/12\/Split-Barge-Split-Cylinder-Applications.webp\" alt=\"\u1ee8ng d\u1ee5ng t\u00e1ch x\u00e0 lan t\u00e1ch xi lanh\" width=\"1024\" height=\"573\" title=\"\" srcset=\"https:\/\/fmp-components.com\/wp-content\/uploads\/2024\/12\/Split-Barge-Split-Cylinder-Applications.webp 1024w, https:\/\/fmp-components.com\/wp-content\/uploads\/2024\/12\/Split-Barge-Split-Cylinder-Applications-980x548.webp 980w, https:\/\/fmp-components.com\/wp-content\/uploads\/2024\/12\/Split-Barge-Split-Cylinder-Applications-480x269.webp 480w\" sizes=\"(min-width: 0px) and (max-width: 480px) 480px, (min-width: 481px) and (max-width: 980px) 980px, (min-width: 981px) 1024px, 100vw\" \/><\/p>\n<h2>\u1ee8ng d\u1ee5ng c\u1ee7a xi lanh t\u00e1ch x\u00e0 lan<\/h2>\n<ol>\n<li><strong>H\u1eadu c\u1ea7n h\u00e0ng h\u1ea3i:<\/strong>\n<ul>\n<li>\u0110\u01b0\u1ee3c s\u1eed d\u1ee5ng trong vi\u1ec7c x\u1ebfp d\u1ee1 h\u00e0ng h\u00f3a tr\u00ean x\u00e0 lan t\u00e1ch \u0111\u00f4i, n\u00e2ng cao hi\u1ec7u qu\u1ea3 ho\u1ea1t \u0111\u1ed9ng trong vi\u1ec7c v\u1eadn chuy\u1ec3n h\u00e0ng h\u00f3a tr\u00ean m\u1eb7t n\u01b0\u1edbc.<\/li>\n<\/ul>\n<\/li>\n<li><strong>X\u1eed l\u00fd h\u00e0ng h\u00f3a:<\/strong>\n<ul>\n<li>T\u1ea1o \u0111i\u1ec1u ki\u1ec7n t\u00e1ch c\u00e1c ph\u1ea7n s\u00e0 lan \u0111\u1ec3 d\u1ec5 d\u00e0ng ti\u1ebfp c\u1eadn khoang h\u00e0ng, c\u1ea3i thi\u1ec7n t\u1ed1c \u0111\u1ed9 v\u00e0 \u0111\u1ed9 an to\u00e0n c\u1ee7a ho\u1ea1t \u0111\u1ed9ng v\u1eadn chuy\u1ec3n h\u00e0ng h\u00f3a.<\/li>\n<\/ul>\n<\/li>\n<li><strong>Ho\u1ea1t \u0111\u1ed9ng n\u1ea1o v\u00e9t:<\/strong>\n<ul>\n<li>\u0110\u01b0\u1ee3c s\u1eed d\u1ee5ng trong c\u00e1c \u1ee9ng d\u1ee5ng n\u1ea1o v\u00e9t, trong \u0111\u00f3 x\u00e0 lan t\u00e1ch \u0111\u00f4i \u0111\u01b0\u1ee3c s\u1eed d\u1ee5ng \u0111\u1ec3 v\u1eadn chuy\u1ec3n v\u1eadt li\u1ec7u n\u1ea1o v\u00e9t, cho ph\u00e9p qu\u1ea3n l\u00fd hi\u1ec7u qu\u1ea3 vi\u1ec7c lo\u1ea1i b\u1ecf tr\u1ea7m t\u00edch.<\/li>\n<\/ul>\n<\/li>\n<li><strong>B\u1ea3o tr\u00ec v\u00e0 s\u1eeda ch\u1eefa:<\/strong>\n<ul>\n<li>H\u1ed7 tr\u1ee3 b\u1ea3o tr\u00ec s\u00e0 lan t\u00e1ch r\u1eddi b\u1eb1ng c\u00e1ch cho ph\u00e9p ti\u1ebfp c\u1eadn c\u00e1c b\u1ed9 ph\u1eadn b\u00ean trong \u0111\u1ec3 ki\u1ec3m tra v\u00e0 s\u1eeda ch\u1eefa, n\u00e2ng cao hi\u1ec7u qu\u1ea3 b\u1ea3o tr\u00ec t\u00e0u n\u00f3i chung.<\/li>\n<\/ul>\n<\/li>\n<li><strong>D\u1ef1 \u00e1n x\u00e2y d\u1ef1ng:<\/strong>\n<ul>\n<li>\u0110\u01b0\u1ee3c s\u1eed d\u1ee5ng trong c\u00e1c ho\u1ea1t \u0111\u1ed9ng h\u00e0ng h\u1ea3i li\u00ean quan \u0111\u1ebfn x\u00e2y d\u1ef1ng, n\u01a1i c\u1ea7n c\u00f3 x\u00e0 lan \u0111\u1ec3 v\u1eadn chuy\u1ec3n v\u1eadt li\u1ec7u v\u00e0 thi\u1ebft b\u1ecb n\u1eb7ng \u0111\u1ebfn c\u00e1c c\u00f4ng tr\u01b0\u1eddng x\u00e2y d\u1ef1ng.<\/li>\n<\/ul>\n<\/li>\n<li><strong>V\u1ec7 sinh m\u00f4i tr\u01b0\u1eddng:<\/strong>\n<ul>\n<li>H\u1ed7 tr\u1ee3 ho\u1ea1t \u0111\u1ed9ng trong c\u00e1c d\u1ef1 \u00e1n kh\u1eafc ph\u1ee5c m\u00f4i tr\u01b0\u1eddng, trong \u0111\u00f3 x\u00e0 lan t\u00e1ch \u0111\u00f4i \u0111\u01b0\u1ee3c s\u1eed d\u1ee5ng \u0111\u1ec3 v\u1eadn chuy\u1ec3n v\u1eadt li\u1ec7u th\u1ea3i ho\u1eb7c thi\u1ebft b\u1ecb ph\u1ee5c v\u1ee5 c\u00f4ng t\u00e1c d\u1ecdn d\u1eb9p.<\/li>\n<\/ul>\n<\/li>\n<li><strong>Ho\u1ea1t \u0111\u1ed9ng ngo\u00e0i kh\u01a1i:<\/strong>\n<ul>\n<li>\u0110\u01b0\u1ee3c \u00e1p d\u1ee5ng trong c\u00e1c ho\u1ea1t \u0111\u1ed9ng khoan v\u00e0 th\u0103m d\u00f2 ngo\u00e0i kh\u01a1i, n\u01a1i x\u00e0 lan t\u00e1ch \u0111\u00f4i c\u00f3 th\u1ec3 \u0111\u01b0\u1ee3c s\u1eed d\u1ee5ng \u0111\u1ec3 v\u1eadn chuy\u1ec3n thi\u1ebft b\u1ecb v\u00e0 nh\u00e2n s\u1ef1 m\u1ed9t c\u00e1ch hi\u1ec7u qu\u1ea3.<\/li>\n<\/ul>\n<\/li>\n<li><strong>X\u01b0\u1edfng \u0111\u00f3ng t\u00e0u v\u00e0 s\u1eeda ch\u1eefa:<\/strong>\n<ul>\n<li>\u0110\u01b0\u1ee3c s\u1eed d\u1ee5ng trong c\u00e1c x\u01b0\u1edfng \u0111\u00f3ng t\u00e0u \u0111\u1ec3 v\u1eadn chuy\u1ec3n v\u1eadt li\u1ec7u v\u00e0 linh ki\u1ec7n c\u1ea7n thi\u1ebft cho vi\u1ec7c \u0111\u00f3ng ho\u1eb7c s\u1eeda ch\u1eefa t\u00e0u, t\u1ea1o \u0111i\u1ec1u ki\u1ec7n cho ho\u1ea1t \u0111\u1ed9ng h\u1eadu c\u1ea7n hi\u1ec7u qu\u1ea3.<\/li>\n<\/ul>\n<\/li>\n<li><strong>Ph\u1ea3n \u1ee9ng kh\u1ea9n c\u1ea5p:<\/strong>\n<ul>\n<li>H\u1ed7 tr\u1ee3 tri\u1ec3n khai nhanh ch\u00f3ng c\u00e1c ngu\u1ed3n l\u1ef1c trong tr\u01b0\u1eddng h\u1ee3p kh\u1ea9n c\u1ea5p tr\u00ean bi\u1ec3n, cho ph\u00e9p ti\u1ebfp c\u1eadn nhanh ch\u00f3ng c\u00e1c thi\u1ebft b\u1ecb v\u00e0 v\u1eadt t\u01b0 thi\u1ebft y\u1ebfu.<\/li>\n<\/ul>\n<\/li>\n<li><strong>D\u1ecbch v\u1ee5 ph\u00e0:<\/strong>\n<ul>\n<li>N\u00e2ng cao ch\u1ee9c n\u0103ng c\u1ee7a ph\u00e0 t\u00e1ch \u0111\u00f4i, c\u1ea3i thi\u1ec7n hi\u1ec7u qu\u1ea3 v\u1eadn chuy\u1ec3n xe c\u1ed9 v\u00e0 h\u00e0nh kh\u00e1ch tr\u00ean m\u1eb7t n\u01b0\u1edbc.<\/li>\n<\/ul>\n<\/li>\n<\/ol>\n<p>C\u00e1c \u1ee9ng d\u1ee5ng n\u00e0y ch\u1ee9ng minh t\u00ednh linh ho\u1ea1t v\u00e0 t\u1ea7m quan tr\u1ecdng c\u1ee7a Xi lanh t\u00e1ch x\u00e0 lan trong nhi\u1ec1u ho\u1ea1t \u0111\u1ed9ng h\u00e0ng h\u1ea3i v\u00e0 h\u1eadu c\u1ea7n, g\u00f3p ph\u1ea7n n\u00e2ng cao hi\u1ec7u qu\u1ea3 v\u00e0 an to\u00e0n trong ng\u00e0nh h\u00e0ng h\u1ea3i.<\/p>\n<p><img loading=\"lazy\" decoding=\"async\" class=\"alignnone size-full wp-image-709\" src=\"https:\/\/fmp-components.com\/wp-content\/uploads\/2024\/12\/Split-Barge-Split-Cylinder-Features.webp\" alt=\"T\u00ednh n\u0103ng t\u00e1ch r\u1eddi c\u1ee7a x\u00e0 lan v\u00e0 xi lanh\" width=\"1000\" height=\"390\" title=\"\" srcset=\"https:\/\/fmp-components.com\/wp-content\/uploads\/2024\/12\/Split-Barge-Split-Cylinder-Features.webp 1000w, https:\/\/fmp-components.com\/wp-content\/uploads\/2024\/12\/Split-Barge-Split-Cylinder-Features-980x382.webp 980w, https:\/\/fmp-components.com\/wp-content\/uploads\/2024\/12\/Split-Barge-Split-Cylinder-Features-480x187.webp 480w\" sizes=\"(min-width: 0px) and (max-width: 480px) 480px, (min-width: 481px) and (max-width: 980px) 980px, (min-width: 981px) 1000px, 100vw\" \/><\/p>\n<h3>Gi\u1edbi thi\u1ec7u v\u1ec1 FMP<\/h3>\n<p>FMP l\u00e0 m\u1ed9t c\u00f4ng ty s\u1ea3n xu\u1ea5t c\u01a1 kh\u00ed chuy\u00ean bi\u1ec7t, chuy\u00ean s\u1ea3n xu\u1ea5t xi lanh th\u1ee7y l\u1ef1c. K\u1ec3 t\u1eeb khi th\u00e0nh l\u1eadp, c\u00f4ng ty \u0111\u00e3 t\u1eadp trung v\u00e0o nghi\u00ean c\u1ee9u v\u00e0 s\u1ea3n xu\u1ea5t c\u00f4ng ngh\u1ec7 th\u1ee7y l\u1ef1c, chuy\u1ec3n \u0111\u1ed5i th\u00e0nh c\u00f4ng t\u1eeb danh m\u1ee5c s\u1ea3n ph\u1ea9m \u0111a d\u1ea1ng, bao g\u1ed3m m\u00e1y m\u00f3c thu ho\u1ea1ch v\u00e0 x\u00e2y d\u1ef1ng, sang chuy\u00ean v\u1ec1 linh ki\u1ec7n m\u00e1y k\u00e9o n\u00f4ng nghi\u1ec7p. V\u1edbi h\u01a1n m\u1ed9t th\u1eadp k\u1ef7 kinh nghi\u1ec7m trong s\u1ea3n xu\u1ea5t v\u00e0 qu\u1ea3n l\u00fd, FMP \u0111\u1ea3m b\u1ea3o s\u1ea3n ph\u1ea9m ch\u1ea5t l\u01b0\u1ee3ng cao th\u00f4ng qua c\u00e1c k\u1ef9 thu\u1eadt s\u1ea3n xu\u1ea5t ti\u00ean ti\u1ebfn.<\/p>\n<p>Trong qu\u00e1 tr\u00ecnh ph\u00e1t tri\u1ec3n, c\u00f4ng ty \u0111\u00e3 x\u00e2y d\u1ef1ng \u0111\u01b0\u1ee3c d\u00e2y chuy\u1ec1n s\u1ea3n xu\u1ea5t gia c\u00f4ng, d\u00e2y chuy\u1ec1n l\u1eafp r\u00e1p v\u00e0 d\u00e2y chuy\u1ec1n s\u01a1n ph\u1ee7 to\u00e0n di\u1ec7n. \u0110\u1ed9i ng\u0169 c\u1ee7a ch\u00fang t\u00f4i bao g\u1ed3m \u0111\u1ed9i ng\u0169 qu\u1ea3n l\u00fd l\u00e0nh ngh\u1ec1, \u0111\u1ed9i ng\u0169 thi\u1ebft k\u1ebf c\u01a1 kh\u00ed gi\u00e0u kinh nghi\u1ec7m v\u00e0 \u0111\u1ed9i ng\u0169 k\u1ef9 thu\u1eadt vi\u00ean \u0111\u01b0\u1ee3c \u0111\u00e0o t\u1ea1o b\u00e0i b\u1ea3n, c\u00f9ng nhau duy tr\u00ec ch\u1ea5t l\u01b0\u1ee3ng s\u1ea3n xu\u1ea5t \u1ed5n \u0111\u1ecbnh, \u0111\u1ed3ng th\u1eddi ki\u1ec3m so\u00e1t hi\u1ec7u qu\u1ea3 t\u00ednh li\u00ean t\u1ee5c v\u00e0 hi\u1ec7u qu\u1ea3 c\u1ee7a quy tr\u00ecnh.<\/p>\n<p>FMP duy tr\u00ec tri\u1ebft l\u00fd \u201c\u0110\u1ed5i m\u1edbi c\u00f4ng ngh\u1ec7 th\u00fac \u0111\u1ea9y ti\u1ebfn b\u1ed9, Ch\u1ea5t l\u01b0\u1ee3ng t\u1ea1o n\u00ean th\u01b0\u01a1ng hi\u1ec7u, Tay ngh\u1ec1 \u0111\u1ea3m b\u1ea3o ch\u1ea5t l\u01b0\u1ee3ng v\u00e0 X\u00e2y d\u1ef1ng m\u1ed1i quan h\u1ec7 \u0111\u00f4i b\u00ean c\u00f9ng c\u00f3 l\u1ee3i l\u00e2u d\u00e0i\u201d. Cam k\u1ebft cung c\u1ea5p s\u1ea3n ph\u1ea9m ch\u1ea5t l\u01b0\u1ee3ng cao v\u00e0 d\u1ecbch v\u1ee5 kh\u00e1ch h\u00e0ng v\u01b0\u1ee3t tr\u1ed9i v\u1eabn l\u00e0 m\u1ee5c ti\u00eau c\u1ed1t l\u00f5i khi ch\u00fang t\u00f4i ti\u1ebfp t\u1ee5c \u0111\u00e1p \u1ee9ng nhu c\u1ea7u ng\u00e0y c\u00e0ng thay \u0111\u1ed5i c\u1ee7a th\u1ecb tr\u01b0\u1eddng.<\/p>\n<p><img loading=\"lazy\" decoding=\"async\" class=\"alignnone size-full wp-image-426\" src=\"https:\/\/fmp-components.com\/wp-content\/uploads\/2024\/12\/Sanitation-Machinery-Locking-Hydraulic-Cylinder-factory.webp\" sizes=\"(min-width: 0px) and (max-width: 480px) 480px, (min-width: 481px) and (max-width: 980px) 980px, (min-width: 981px) and (max-width: 1280px) 1280px, (min-width: 1281px) 1414px, 100vw\" srcset=\"https:\/\/fmp-components.com\/wp-content\/uploads\/2024\/12\/Sanitation-Machinery-Locking-Hydraulic-Cylinder-factory.webp 1414w, https:\/\/fmp-components.com\/wp-content\/uploads\/2024\/12\/Sanitation-Machinery-Locking-Hydraulic-Cylinder-factory-1280x529.webp 1280w, https:\/\/fmp-components.com\/wp-content\/uploads\/2024\/12\/Sanitation-Machinery-Locking-Hydraulic-Cylinder-factory-980x405.webp 980w, https:\/\/fmp-components.com\/wp-content\/uploads\/2024\/12\/Sanitation-Machinery-Locking-Hydraulic-Cylinder-factory-480x198.webp 480w\" alt=\"Nh\u00e0 m\u00e1y xi lanh th\u1ee7y l\u1ef1c kh\u00f3a m\u00e1y v\u1ec7 sinh\" width=\"1414\" height=\"584\" title=\"\"><\/p>\n<p>T\u00e1c gi\u1ea3: CX<\/p>","protected":false},"excerpt":{"rendered":"<p>Xy lanh t\u00e1ch x\u00e0 lan l\u00e0 m\u1ed9t b\u1ed9 ph\u1eadn th\u1ee7y l\u1ef1c chuy\u00ean d\u1ee5ng \u0111\u01b0\u1ee3c thi\u1ebft k\u1ebf \u0111\u1ec3 h\u1ed7 tr\u1ee3 v\u1eadn h\u00e0nh hi\u1ec7u qu\u1ea3 c\u00e1c s\u00e0 lan t\u00e1ch \u0111\u00f4i trong c\u00e1c \u1ee9ng d\u1ee5ng h\u00e0ng h\u1ea3i. Xy lanh n\u00e0y cung c\u1ea5p l\u1ef1c c\u1ea7n thi\u1ebft \u0111\u1ec3 t\u00e1ch ho\u1eb7c chia t\u00e1ch c\u00e1c ph\u1ea7n c\u1ee7a x\u00e0 lan, cho ph\u00e9p d\u1ec5 d\u00e0ng b\u1ed1c d\u1ee1 h\u00e0ng h\u00f3a \u0111\u1ed3ng th\u1eddi t\u0103ng c\u01b0\u1eddng kh\u1ea3 n\u0103ng c\u01a1 \u0111\u1ed9ng. \u0110\u01b0\u1ee3c ch\u1ebf t\u1ea1o t\u1eeb v\u1eadt li\u1ec7u c\u00f3 \u0111\u1ed9 b\u1ec1n cao, n\u00f3 \u0111\u01b0\u1ee3c thi\u1ebft k\u1ebf \u0111\u1ec3 ch\u1ecbu \u0111\u01b0\u1ee3c m\u00f4i tr\u01b0\u1eddng bi\u1ec3n kh\u1eafc nghi\u1ec7t, \u0111\u1ea3m b\u1ea3o \u0111\u1ed9 b\u1ec1n v\u00e0 \u0111\u1ed9 tin c\u1eady trong \u0111i\u1ec1u ki\u1ec7n kh\u1eafc nghi\u1ec7t. Ho\u1ea1t \u0111\u1ed9ng th\u1ee7y l\u1ef1c m\u01b0\u1ee3t m\u00e0 cho ph\u00e9p ki\u1ec3m so\u00e1t ch\u00ednh x\u00e1c trong qu\u00e1 tr\u00ecnh v\u1eadn h\u00e0nh, c\u1ea3i thi\u1ec7n hi\u1ec7u qu\u1ea3 v\u00e0 an to\u00e0n t\u1ed5ng th\u1ec3 trong vi\u1ec7c x\u1eed l\u00fd x\u00e0 lan. Xy lanh t\u00e1ch \u0111\u00f4i n\u00e0y r\u1ea5t c\u1ea7n thi\u1ebft \u0111\u1ec3 t\u1ed1i \u01b0u h\u00f3a ch\u1ee9c n\u0103ng c\u1ee7a x\u00e0 lan t\u00e1ch \u0111\u00f4i, g\u00f3p ph\u1ea7n \u0111\u00e1ng k\u1ec3 v\u00e0o hi\u1ec7u qu\u1ea3 h\u1eadu c\u1ea7n v\u00e0 v\u1eadn t\u1ea3i bi\u1ec3n.<\/p>","protected":false},"featured_media":707,"comment_status":"open","ping_status":"closed","template":"","meta":{"_et_pb_use_builder":"","_et_pb_old_content":"","_et_gb_content_width":""},"product_brand":[],"product_cat":[28],"product_tag":[],"class_list":{"0":"post-705","1":"product","2":"type-product","3":"status-publish","4":"has-post-thumbnail","6":"product_cat-offshore-hydraulic-cylinders","8":"first","9":"instock","10":"shipping-taxable","11":"product-type-simple"},"_links":{"self":[{"href":"https:\/\/fmp-components.com\/vi\/wp-json\/wp\/v2\/product\/705","targetHints":{"allow":["GET"]}}],"collection":[{"href":"https:\/\/fmp-components.com\/vi\/wp-json\/wp\/v2\/product"}],"about":[{"href":"https:\/\/fmp-components.com\/vi\/wp-json\/wp\/v2\/types\/product"}],"replies":[{"embeddable":true,"href":"https:\/\/fmp-components.com\/vi\/wp-json\/wp\/v2\/comments?post=705"}],"wp:featuredmedia":[{"embeddable":true,"href":"https:\/\/fmp-components.com\/vi\/wp-json\/wp\/v2\/media\/707"}],"wp:attachment":[{"href":"https:\/\/fmp-components.com\/vi\/wp-json\/wp\/v2\/media?parent=705"}],"wp:term":[{"taxonomy":"product_brand","embeddable":true,"href":"https:\/\/fmp-components.com\/vi\/wp-json\/wp\/v2\/product_brand?post=705"},{"taxonomy":"product_cat","embeddable":true,"href":"https:\/\/fmp-components.com\/vi\/wp-json\/wp\/v2\/product_cat?post=705"},{"taxonomy":"product_tag","embeddable":true,"href":"https:\/\/fmp-components.com\/vi\/wp-json\/wp\/v2\/product_tag?post=705"}],"curies":[{"name":"wp","href":"https:\/\/api.w.org\/{rel}","templated":true}]}}