{"id":7035,"date":"2025-03-14T08:21:41","date_gmt":"2025-03-14T08:21:41","guid":{"rendered":"https:\/\/fmp-components.com\/?post_type=product&#038;p=7035"},"modified":"2025-03-27T01:24:36","modified_gmt":"2025-03-27T01:24:36","slug":"miter-gears","status":"publish","type":"product","link":"https:\/\/fmp-components.com\/vi\/product\/miter-gears\/","title":{"rendered":"B\u00e1nh r\u0103ng g\u00f3c nghi\u00eang"},"content":{"rendered":"<p>B\u00e1nh r\u0103ng g\u00f3c l\u00e0 m\u1ed9t lo\u1ea1i <a href=\"https:\/\/fmp-components.com\/vi\/bevel-gear-2\/\">b\u00e1nh r\u0103ng c\u00f4n<\/a> \u0110\u01b0\u1ee3c thi\u1ebft k\u1ebf \u0111\u1ec3 truy\u1ec1n l\u1ef1c gi\u1eefa c\u00e1c tr\u1ee5c giao nhau, th\u01b0\u1eddng \u1edf g\u00f3c 90 \u0111\u1ed9, v\u1edbi t\u1ef7 s\u1ed1 truy\u1ec1n 1:1, mang l\u1ea1i kh\u1ea3 n\u0103ng truy\u1ec1n chuy\u1ec3n \u0111\u1ed9ng hi\u1ec7u qu\u1ea3 v\u00e0 ch\u00ednh x\u00e1c trong nhi\u1ec1u \u1ee9ng d\u1ee5ng c\u01a1 kh\u00ed kh\u00e1c nhau. T\u1ea1i C\u00f4ng ty FMP, ch\u00fang t\u00f4i s\u1ea3n xu\u1ea5t \u0111a d\u1ea1ng c\u00e1c lo\u1ea1i B\u00e1nh r\u0103ng g\u00f3c nghi\u00eang v\u00e0 cung c\u1ea5p d\u1ecbch v\u1ee5 t\u00f9y ch\u1ec9nh \u0111\u1ec3 \u0111\u00e1p \u1ee9ng c\u00e1c y\u00eau c\u1ea7u c\u1ee5 th\u1ec3 c\u1ee7a b\u1ea1n. N\u1ebfu m\u1eabu b\u1ea1n c\u1ea7n kh\u00f4ng c\u00f3 trong danh m\u1ee5c s\u1ea3n ph\u1ea9m c\u1ee7a ch\u00fang t\u00f4i, c\u00f3 th\u1ec3 m\u1eabu \u0111\u00f3 ch\u01b0a \u0111\u01b0\u1ee3c c\u1eadp nh\u1eadt\u2014vui l\u00f2ng g\u1eedi email cho ch\u00fang t\u00f4i k\u00e8m theo th\u00f4ng s\u1ed1 k\u1ef9 thu\u1eadt mong mu\u1ed1n v\u00e0 c\u00e1c k\u1ef9 s\u01b0 c\u1ee7a ch\u00fang t\u00f4i s\u1ebd ph\u1ea3n h\u1ed3i trong v\u00f2ng 24 gi\u1edd.<\/p>\n<div>\n<h3>Th\u00f4ng s\u1ed1 k\u1ef9 thu\u1eadt s\u1ea3n ph\u1ea9m b\u00e1nh r\u0103ng g\u00f3c nghi\u00eang<\/h3>\n<p class=\"break-words\">Kh\u00e1m ph\u00e1 d\u00f2ng s\u1ea3n ph\u1ea9m b\u00e1nh r\u0103ng g\u00f3c nghi\u00eang ch\u1ea5t l\u01b0\u1ee3ng cao c\u1ee7a ch\u00fang t\u00f4i, \u0111\u01b0\u1ee3c thi\u1ebft k\u1ebf \u0111\u1ec3 truy\u1ec1n l\u1ef1c hi\u1ec7u qu\u1ea3 \u1edf g\u00f3c tr\u1ee5c 90\u00b0 v\u1edbi t\u1ef7 s\u1ed1 truy\u1ec1n 1:1. C\u00f3 s\u1eb5n v\u1edbi nhi\u1ec1u lo\u1ea1i v\u1eadt li\u1ec7u, lo\u1ea1i r\u0103ng v\u00e0 k\u00edch th\u01b0\u1edbc module kh\u00e1c nhau, nh\u1eefng b\u00e1nh r\u0103ng g\u00f3c nghi\u00eang n\u00e0y ho\u00e0n h\u1ea3o cho c\u00e1c \u1ee9ng d\u1ee5ng c\u00f4ng nghi\u1ec7p, m\u00e1y m\u00f3c v\u00e0 c\u00e1c d\u1ef1 \u00e1n k\u1ef9 thu\u1eadt t\u00f9y ch\u1ec9nh.<\/p>\n<div class=\"overflow-x-auto my-2\">\n<table style=\"width: 100%;\" border=\"1\" width=\"100%\" cellspacing=\"0\" cellpadding=\"0\">\n<thead class=\"border-b border-primary\/20\">\n<tr class=\"border-primary\/10\">\n<th class=\"break-words\" style=\"width: 17.3016%;\"><strong>M\u00f4 h\u00ecnh s\u1ea3n ph\u1ea9m<\/strong><\/th>\n<th class=\"break-words\" style=\"width: 7.46029%;\"><strong>V\u1eadt li\u1ec7u<\/strong><\/th>\n<th class=\"break-words\" style=\"width: 7.93651%;\"><strong>M\u00f4-\u0111un<\/strong><\/th>\n<th class=\"break-words\" style=\"width: 12.2222%;\"><strong>S\u1ed1 l\u01b0\u1ee3ng r\u0103ng<\/strong><\/th>\n<th class=\"break-words\" style=\"width: 13.0158%;\"><strong>\u0110\u01b0\u1eddng k\u00ednh l\u1ed7 khoan (mm)<\/strong><\/th>\n<th class=\"break-words\" style=\"width: 10.9524%;\"><strong>Lo\u1ea1i r\u0103ng<\/strong><\/th>\n<th class=\"break-words\" style=\"width: 12.381%;\"><strong>G\u00f3c \u00e1p su\u1ea5t<\/strong><\/th>\n<th class=\"break-words\" style=\"width: 8.88889%;\"><strong>G\u00f3c tr\u1ee5c<\/strong><\/th>\n<th class=\"break-words\" style=\"width: 9.52381%;\"><strong>C\u00e2n n\u1eb7ng (kg)<\/strong><\/th>\n<\/tr>\n<\/thead>\n<tbody>\n<tr class=\"border-primary\/10\">\n<td class=\"break-words\" style=\"width: 17.3016%;\">MG-ST-101<\/td>\n<td class=\"break-words\" style=\"width: 7.46029%;\">Th\u00e9p<\/td>\n<td class=\"break-words\" style=\"width: 7.93651%;\">1.0<\/td>\n<td class=\"break-words\" style=\"width: 12.2222%;\">20<\/td>\n<td class=\"break-words\" style=\"width: 13.0158%;\">8<\/td>\n<td class=\"break-words\" style=\"width: 10.9524%;\">Th\u1eb3ng<\/td>\n<td class=\"break-words\" style=\"width: 12.381%;\">20\u00b0<\/td>\n<td class=\"break-words\" style=\"width: 8.88889%;\">90\u00b0<\/td>\n<td class=\"break-words\" style=\"width: 9.52381%;\">0.15<\/td>\n<\/tr>\n<tr class=\"border-primary\/10\">\n<td class=\"break-words\" style=\"width: 17.3016%;\">MG-SP-152<\/td>\n<td class=\"break-words\" style=\"width: 7.46029%;\">Th\u00e9p kh\u00f4ng g\u1ec9<\/td>\n<td class=\"break-words\" style=\"width: 7.93651%;\">1.5<\/td>\n<td class=\"break-words\" style=\"width: 12.2222%;\">25<\/td>\n<td class=\"break-words\" style=\"width: 13.0158%;\">10<\/td>\n<td class=\"break-words\" style=\"width: 10.9524%;\">Xo\u1eafn \u1ed1c<\/td>\n<td class=\"break-words\" style=\"width: 12.381%;\">20\u00b0<\/td>\n<td class=\"break-words\" style=\"width: 8.88889%;\">90\u00b0<\/td>\n<td class=\"break-words\" style=\"width: 9.52381%;\">0.25<\/td>\n<\/tr>\n<tr class=\"border-primary\/10\">\n<td class=\"break-words\" style=\"width: 17.3016%;\">MG-PL-203<\/td>\n<td class=\"break-words\" style=\"width: 7.46029%;\">Nh\u1ef1a (Nylon)<\/td>\n<td class=\"break-words\" style=\"width: 7.93651%;\">2.0<\/td>\n<td class=\"break-words\" style=\"width: 12.2222%;\">30<\/td>\n<td class=\"break-words\" style=\"width: 13.0158%;\">12<\/td>\n<td class=\"break-words\" style=\"width: 10.9524%;\">Th\u1eb3ng<\/td>\n<td class=\"break-words\" style=\"width: 12.381%;\">20\u00b0<\/td>\n<td class=\"break-words\" style=\"width: 8.88889%;\">90\u00b0<\/td>\n<td class=\"break-words\" style=\"width: 9.52381%;\">0.10<\/td>\n<\/tr>\n<tr class=\"border-primary\/10\">\n<td class=\"break-words\" style=\"width: 17.3016%;\">MG-ST-254<\/td>\n<td class=\"break-words\" style=\"width: 7.46029%;\">Th\u00e9p<\/td>\n<td class=\"break-words\" style=\"width: 7.93651%;\">2.5<\/td>\n<td class=\"break-words\" style=\"width: 12.2222%;\">20<\/td>\n<td class=\"break-words\" style=\"width: 13.0158%;\">15<\/td>\n<td class=\"break-words\" style=\"width: 10.9524%;\">Th\u1eb3ng<\/td>\n<td class=\"break-words\" style=\"width: 12.381%;\">20\u00b0<\/td>\n<td class=\"break-words\" style=\"width: 8.88889%;\">90\u00b0<\/td>\n<td class=\"break-words\" style=\"width: 9.52381%;\">0.35<\/td>\n<\/tr>\n<tr class=\"border-primary\/10\">\n<td class=\"break-words\" style=\"width: 17.3016%;\">MG-SP-305<\/td>\n<td class=\"break-words\" style=\"width: 7.46029%;\">Th\u00e9p kh\u00f4ng g\u1ec9<\/td>\n<td class=\"break-words\" style=\"width: 7.93651%;\">3.0<\/td>\n<td class=\"break-words\" style=\"width: 12.2222%;\">25<\/td>\n<td class=\"break-words\" style=\"width: 13.0158%;\">20<\/td>\n<td class=\"break-words\" style=\"width: 10.9524%;\">Xo\u1eafn \u1ed1c<\/td>\n<td class=\"break-words\" style=\"width: 12.381%;\">20\u00b0<\/td>\n<td class=\"break-words\" style=\"width: 8.88889%;\">90\u00b0<\/td>\n<td class=\"break-words\" style=\"width: 9.52381%;\">0.50<\/td>\n<\/tr>\n<tr class=\"border-primary\/10\">\n<td class=\"break-words\" style=\"width: 17.3016%;\">MG-AN-451<\/td>\n<td class=\"break-words\" style=\"width: 7.46029%;\">Nh\u00f4m<\/td>\n<td class=\"break-words\" style=\"width: 7.93651%;\">4.0<\/td>\n<td class=\"break-words\" style=\"width: 12.2222%;\">30<\/td>\n<td class=\"break-words\" style=\"width: 13.0158%;\">25<\/td>\n<td class=\"break-words\" style=\"width: 10.9524%;\">Th\u1eb3ng<\/td>\n<td class=\"break-words\" style=\"width: 12.381%;\">20\u00b0<\/td>\n<td class=\"break-words\" style=\"width: 8.88889%;\">45\u00b0<\/td>\n<td class=\"break-words\" style=\"width: 9.52381%;\">0.40<\/td>\n<\/tr>\n<tr class=\"border-primary\/10\">\n<td class=\"break-words\" style=\"width: 17.3016%;\">MG-CH-502<\/td>\n<td class=\"break-words\" style=\"width: 7.46029%;\">Th\u00e9p cacbon h\u00f3a<\/td>\n<td class=\"break-words\" style=\"width: 7.93651%;\">5.0<\/td>\n<td class=\"break-words\" style=\"width: 12.2222%;\">20<\/td>\n<td class=\"break-words\" style=\"width: 13.0158%;\">30<\/td>\n<td class=\"break-words\" style=\"width: 10.9524%;\">Xo\u1eafn \u1ed1c<\/td>\n<td class=\"break-words\" style=\"width: 12.381%;\">20\u00b0<\/td>\n<td class=\"break-words\" style=\"width: 8.88889%;\">90\u00b0<\/td>\n<td class=\"break-words\" style=\"width: 9.52381%;\">0.75<\/td>\n<\/tr>\n<\/tbody>\n<\/table>\n<h2>S\u1ea3n ph\u1ea9m li\u00ean quan<\/h2>\n<p><img loading=\"lazy\" decoding=\"async\" class=\"alignnone size-full wp-image-7104\" src=\"https:\/\/fmp-components.com\/wp-content\/uploads\/2025\/03\/miter-gear-product.webp\" alt=\"s\u1ea3n ph\u1ea9m b\u00e1nh r\u0103ng c\u1eaft g\u00f3c\" width=\"1000\" height=\"800\" title=\"\" srcset=\"https:\/\/fmp-components.com\/wp-content\/uploads\/2025\/03\/miter-gear-product.webp 1000w, https:\/\/fmp-components.com\/wp-content\/uploads\/2025\/03\/miter-gear-product-980x784.webp 980w, https:\/\/fmp-components.com\/wp-content\/uploads\/2025\/03\/miter-gear-product-480x384.webp 480w\" sizes=\"(min-width: 0px) and (max-width: 480px) 480px, (min-width: 481px) and (max-width: 980px) 980px, (min-width: 981px) 1000px, 100vw\" \/><\/p>\n<\/div>\n<\/div>\n<h2>\u0110\u1eb7c \u0111i\u1ec3m c\u1ee7a b\u00e1nh r\u0103ng Miter<\/h2>\n<div>\n<ul>\n<li class=\"break-words\"><strong>Truy\u1ec1n \u0111\u1ed9ng g\u00f3c ph\u1ea3i<\/strong>:B\u00e1nh r\u0103ng g\u00f3c nghi\u00eang \u0111\u01b0\u1ee3c thi\u1ebft k\u1ebf \u0111\u1eb7c bi\u1ec7t \u0111\u1ec3 truy\u1ec1n l\u1ef1c v\u00e0 chuy\u1ec3n \u0111\u1ed9ng gi\u1eefa hai tr\u1ee5c giao nhau \u1edf g\u00f3c 90 \u0111\u1ed9, khi\u1ebfn ch\u00fang tr\u1edf n\u00ean l\u00fd t\u01b0\u1edfng cho c\u00e1c b\u1ed1 c\u1ee5c nh\u1ecf g\u1ecdn.<\/li>\n<li class=\"break-words\"><strong>T\u1ef7 s\u1ed1 truy\u1ec1n 1:1<\/strong>:C\u00e1c b\u00e1nh r\u0103ng n\u00e0y duy tr\u00ec t\u1ef7 s\u1ed1 t\u1ed1c \u0111\u1ed9 b\u1eb1ng nhau gi\u1eefa tr\u1ee5c d\u1eabn \u0111\u1ed9ng v\u00e0 tr\u1ee5c b\u1ecb d\u1eabn \u0111\u1ed9ng, \u0111\u1ea3m b\u1ea3o t\u1ed1c \u0111\u1ed9 quay \u1ed5n \u0111\u1ecbnh m\u00e0 kh\u00f4ng t\u0103ng t\u1ed1c ho\u1eb7c gi\u1ea3m t\u1ed1c.<\/li>\n<li class=\"break-words\"><strong>Thi\u1ebft k\u1ebf r\u0103ng th\u1eb3ng<\/strong>: Th\u00f4ng th\u01b0\u1eddng c\u00f3 r\u0103ng c\u1eaft th\u1eb3ng, B\u00e1nh r\u0103ng Miter cung c\u1ea5p s\u1ef1 k\u1ebft h\u1ee3p \u0111\u01a1n gi\u1ea3n nh\u01b0ng hi\u1ec7u qu\u1ea3 \u0111\u1ec3 v\u1eadn h\u00e0nh tr\u01a1n tru v\u00e0 \u0111\u00e1ng tin c\u1eady trong nhi\u1ec1u \u1ee9ng d\u1ee5ng kh\u00e1c nhau.<\/li>\n<li class=\"break-words\"><strong>\u1ee8ng d\u1ee5ng \u0111a n\u0103ng<\/strong>:Do thi\u1ebft k\u1ebf c\u1ee7a m\u00ecnh, B\u00e1nh r\u0103ng g\u00f3c nghi\u00eang \u0111\u01b0\u1ee3c s\u1eed d\u1ee5ng r\u1ed9ng r\u00e3i trong c\u00e1c m\u00e1y m\u00f3c nh\u01b0 robot, h\u1ec7 th\u1ed1ng \u00f4 t\u00f4 v\u00e0 thi\u1ebft b\u1ecb c\u00f4ng nghi\u1ec7p \u0111\u00f2i h\u1ecfi s\u1ef1 thay \u0111\u1ed5i h\u01b0\u1edbng ch\u00ednh x\u00e1c.<\/li>\n<li class=\"break-words\"><strong>\u0110\u1ed9 b\u1ec1n v\u00e0 \u0111\u1ed9 b\u1ec1n cao<\/strong>: \u0110\u01b0\u1ee3c s\u1ea3n xu\u1ea5t t\u1eeb \u200b\u200bv\u1eadt li\u1ec7u b\u1ec1n ch\u1eafc, B\u00e1nh r\u0103ng g\u00f3c nghi\u00eang \u0111\u01b0\u1ee3c thi\u1ebft k\u1ebf \u0111\u1ec3 ch\u1ecbu \u0111\u01b0\u1ee3c \u1ee9ng su\u1ea5t c\u01a1 h\u1ecdc \u0111\u00e1ng k\u1ec3, mang l\u1ea1i hi\u1ec7u su\u1ea5t v\u00e0 \u0111\u1ed9 tin c\u1eady l\u00e2u d\u00e0i.<\/li>\n<\/ul>\n<h2>Gi\u1edbi thi\u1ec7u v\u1ec1 FMP<\/h2>\n<p>FMP l\u00e0 nh\u00e0 s\u1ea3n xu\u1ea5t b\u00e1nh r\u0103ng v\u00e0 thanh r\u0103ng h\u00e0ng \u0111\u1ea7u c\u1ee7a \u00dd, n\u1ed5i ti\u1ebfng v\u1edbi chuy\u00ean m\u00f4n trong vi\u1ec7c s\u1ea3n xu\u1ea5t c\u1ea3 linh ki\u1ec7n ti\u00eau chu\u1ea9n v\u00e0 c\u00e1c gi\u1ea3i ph\u00e1p t\u00f9y ch\u1ec9nh. Ngo\u00e0i c\u00e1c linh ki\u1ec7n ti\u00eau chu\u1ea9n, FMP c\u00f2n chuy\u00ean ch\u1ebf t\u1ea1o b\u00e1nh r\u0103ng ti\u00eau chu\u1ea9n v\u00e0 chuy\u00ean d\u1ee5ng d\u1ef1a tr\u00ean b\u1ea3n v\u1ebd ho\u1eb7c m\u1eabu do kh\u00e1ch h\u00e0ng cung c\u1ea5p. B\u00e1nh r\u0103ng c\u1ee7a ch\u00fang t\u00f4i c\u00f3 s\u1eb5n trong nhi\u1ec1u lo\u1ea1i v\u1eadt li\u1ec7u, bao g\u1ed3m th\u00e9p cacbon, th\u00e9p kh\u00f4ng g\u1ec9, nh\u00f4m, \u0111\u1ed3ng, \u0111\u1ed3ng thau v\u00e0 nh\u1ef1a, d\u1ea1ng xo\u1eafn \u1ed1c ho\u1eb7c d\u1ea1ng r\u0103ng th\u1eb3ng. N\u1ebfu b\u1ea1n c\u00f3 b\u1ea5t k\u1ef3 y\u00eau c\u1ea7u n\u00e0o v\u1ec1 s\u1ea3n ph\u1ea9m b\u00e1nh r\u0103ng t\u00f9y ch\u1ec9nh, vui l\u00f2ng li\u00ean h\u1ec7 v\u1edbi ch\u00fang t\u00f4i qua email. \u0110\u1ed9i ng\u0169 k\u1ef9 s\u01b0 chuy\u00ean nghi\u1ec7p t\u1eadn t\u00e2m c\u1ee7a FMP s\u1ebd ph\u1ea3n h\u1ed3i y\u00eau c\u1ea7u c\u1ee7a b\u1ea1n trong v\u00f2ng 24 gi\u1edd.<\/p>\n<p><img loading=\"lazy\" decoding=\"async\" class=\"alignnone size-full wp-image-7010\" src=\"https:\/\/fmp-components.com\/wp-content\/uploads\/2025\/03\/bevel-gear-3.webp\" alt=\"b\u00e1nh r\u0103ng c\u00f4n\" width=\"1076\" height=\"721\" title=\"\" srcset=\"https:\/\/fmp-components.com\/wp-content\/uploads\/2025\/03\/bevel-gear-3.webp 1076w, https:\/\/fmp-components.com\/wp-content\/uploads\/2025\/03\/bevel-gear-3-980x657.webp 980w, https:\/\/fmp-components.com\/wp-content\/uploads\/2025\/03\/bevel-gear-3-480x322.webp 480w\" sizes=\"(min-width: 0px) and (max-width: 480px) 480px, (min-width: 481px) and (max-width: 980px) 980px, (min-width: 981px) 1076px, 100vw\" \/><\/p>\n<\/div>","protected":false},"excerpt":{"rendered":"<p>Miter Gears are a type of bevel gear designed to transmit power between intersecting shafts, typically at a 90-degree angle, with a 1:1 gear ratio, providing efficient and precise motion transfer in various mechanical applications. At FMP Company, we produce a diverse range of Miter Gears and offer customization to meet your specific requirements. If [&hellip;]<\/p>","protected":false},"featured_media":4722,"comment_status":"open","ping_status":"closed","template":"","meta":{"_et_pb_use_builder":"","_et_pb_old_content":"","_et_gb_content_width":""},"product_brand":[],"product_cat":[106],"product_tag":[],"class_list":{"0":"post-7035","1":"product","2":"type-product","3":"status-publish","4":"has-post-thumbnail","6":"product_cat-bevel-gears","8":"first","9":"instock","10":"shipping-taxable","11":"product-type-simple"},"_links":{"self":[{"href":"https:\/\/fmp-components.com\/vi\/wp-json\/wp\/v2\/product\/7035","targetHints":{"allow":["GET"]}}],"collection":[{"href":"https:\/\/fmp-components.com\/vi\/wp-json\/wp\/v2\/product"}],"about":[{"href":"https:\/\/fmp-components.com\/vi\/wp-json\/wp\/v2\/types\/product"}],"replies":[{"embeddable":true,"href":"https:\/\/fmp-components.com\/vi\/wp-json\/wp\/v2\/comments?post=7035"}],"wp:featuredmedia":[{"embeddable":true,"href":"https:\/\/fmp-components.com\/vi\/wp-json\/wp\/v2\/media\/4722"}],"wp:attachment":[{"href":"https:\/\/fmp-components.com\/vi\/wp-json\/wp\/v2\/media?parent=7035"}],"wp:term":[{"taxonomy":"product_brand","embeddable":true,"href":"https:\/\/fmp-components.com\/vi\/wp-json\/wp\/v2\/product_brand?post=7035"},{"taxonomy":"product_cat","embeddable":true,"href":"https:\/\/fmp-components.com\/vi\/wp-json\/wp\/v2\/product_cat?post=7035"},{"taxonomy":"product_tag","embeddable":true,"href":"https:\/\/fmp-components.com\/vi\/wp-json\/wp\/v2\/product_tag?post=7035"}],"curies":[{"name":"wp","href":"https:\/\/api.w.org\/{rel}","templated":true}]}}