{"id":7030,"date":"2025-03-14T07:40:07","date_gmt":"2025-03-14T07:40:07","guid":{"rendered":"https:\/\/fmp-components.com\/?post_type=product&#038;p=7030"},"modified":"2025-03-27T01:25:11","modified_gmt":"2025-03-27T01:25:11","slug":"straight-bevel-gear","status":"publish","type":"product","link":"https:\/\/fmp-components.com\/vi\/product\/straight-bevel-gear\/","title":{"rendered":"B\u00e1nh r\u0103ng c\u00f4n th\u1eb3ng"},"content":{"rendered":"<p>B\u00e1nh r\u0103ng c\u00f4n th\u1eb3ng l\u00e0 m\u1ed9t lo\u1ea1i <a href=\"https:\/\/fmp-components.com\/vi\/bevel-gear-2\/\">b\u00e1nh r\u0103ng c\u00f4n<\/a> v\u1edbi c\u00e1c r\u0103ng th\u1eb3ng, thon \u0111\u01b0\u1ee3c c\u1eaft d\u1ecdc theo b\u1ec1 m\u1eb7t c\u00f4n c\u1ee7a b\u00e1nh r\u0103ng, \u0111\u01b0\u1ee3c thi\u1ebft k\u1ebf \u0111\u1ec3 truy\u1ec1n l\u1ef1c hi\u1ec7u qu\u1ea3 gi\u1eefa c\u00e1c tr\u1ee5c giao nhau, th\u01b0\u1eddng \u1edf g\u00f3c 90 \u0111\u1ed9, mang l\u1ea1i s\u1ef1 \u0111\u01a1n gi\u1ea3n v\u00e0 \u0111\u1ed9 tin c\u1eady trong c\u00e1c \u1ee9ng d\u1ee5ng nh\u01b0 b\u1ed9 vi sai \u00f4 t\u00f4 v\u00e0 m\u00e1y m\u00f3c. T\u1ea1i C\u00f4ng ty FMP, ch\u00fang t\u00f4i t\u1ef1 h\u00e0o s\u1ea3n xu\u1ea5t \u0111a d\u1ea1ng c\u00e1c lo\u1ea1i b\u00e1nh r\u0103ng c\u00f4n, bao g\u1ed3m c\u00e1c lo\u1ea1i th\u1eb3ng, xo\u1eafn \u1ed1c v\u00e0 xo\u1eafn \u1ed1c, \u0111\u1ed3ng th\u1eddi cung c\u1ea5p c\u00e1c gi\u1ea3i ph\u00e1p t\u00f9y ch\u1ec9nh \u0111\u1ec3 \u0111\u00e1p \u1ee9ng nhu c\u1ea7u c\u1ee5 th\u1ec3 c\u1ee7a b\u1ea1n. N\u1ebfu b\u1ea1n kh\u00f4ng t\u00ecm th\u1ea5y m\u1eabu s\u1ea3n ph\u1ea9m m\u00ecnh c\u1ea7n trong danh s\u00e1ch s\u1ea3n ph\u1ea9m c\u1ee7a ch\u00fang t\u00f4i, \u0111i\u1ec1u \u0111\u00f3 c\u00f3 ngh\u0129a l\u00e0 ch\u00fang t\u00f4i ch\u01b0a c\u00f3 c\u01a1 h\u1ed9i c\u1eadp nh\u1eadt\u2014vui l\u00f2ng g\u1eedi email cho ch\u00fang t\u00f4i v\u1edbi th\u00f4ng s\u1ed1 k\u1ef9 thu\u1eadt mong mu\u1ed1n c\u1ee7a b\u1ea1n v\u00e0 c\u00e1c k\u1ef9 s\u01b0 c\u1ee7a ch\u00fang t\u00f4i s\u1ebd ph\u1ea3n h\u1ed3i trong v\u00f2ng 24 gi\u1edd v\u1edbi s\u1ef1 h\u1ed7 tr\u1ee3 ph\u00f9 h\u1ee3p.<\/p>\n<h2>\u0110\u1eb7c \u0111i\u1ec3m k\u1ef9 thu\u1eadt<\/h2>\n<table class=\"table\" border=\"1\" width=\"100%\" cellspacing=\"0\" cellpadding=\"0\">\n<tbody>\n<tr class=\"firstRow\">\n<td valign=\"center\" width=\"132\">S\u1ed1 hi\u1ec7u m\u1eabu<\/td>\n<td valign=\"center\" width=\"491\">M3, M4, M5, M8, M12, v.v.<\/td>\n<\/tr>\n<tr>\n<td valign=\"center\" width=\"132\">V\u1eadt li\u1ec7u<\/td>\n<td valign=\"center\" width=\"491\">\u0110\u1ed3ng thau, th\u00e9p C45, th\u00e9p kh\u00f4ng g\u1ec9, \u0111\u1ed3ng, POM, nh\u00f4m, h\u1ee3p kim, v.v.<\/td>\n<\/tr>\n<tr>\n<td valign=\"center\" width=\"132\">X\u1eed l\u00fd b\u1ec1 m\u1eb7t<\/td>\n<td valign=\"center\" width=\"491\">M\u1ea1 k\u1ebdm, m\u1ea1 niken, th\u1ee5 \u0111\u1ed9ng h\u00f3a, oxy h\u00f3a, anot h\u00f3a,<br \/>\nGeomet, Dacromet, Oxit \u0111en, Phosphat h\u00f3a, S\u01a1n t\u0129nh \u0111i\u1ec7n v\u00e0 \u0110i\u1ec7n di<\/td>\n<\/tr>\n<tr>\n<td valign=\"center\" width=\"132\">Ti\u00eau chu\u1ea9n<\/td>\n<td valign=\"center\" width=\"491\">ISO, DIN, ANSI, JIS, BS v\u00e0 Phi ti\u00eau chu\u1ea9n.<\/td>\n<\/tr>\n<tr>\n<td valign=\"center\" width=\"132\">\u0110\u1ed9 ch\u00ednh x\u00e1c<\/td>\n<td valign=\"center\" width=\"491\">DIN6, DIN7, DIN8, DIN9.<\/td>\n<\/tr>\n<tr>\n<td valign=\"center\" width=\"132\">\u0110i\u1ec1u tr\u1ecb r\u0103ng<\/td>\n<td valign=\"center\" width=\"491\">L\u00e0m c\u1ee9ng, nghi\u1ec1n ho\u1eb7c xay<\/td>\n<\/tr>\n<tr>\n<td valign=\"center\" width=\"132\">S\u1ee9c ch\u1ecbu \u0111\u1ef1ng<\/td>\n<td valign=\"center\" width=\"491\">0,001mm-0,01mm-0,1mm<\/td>\n<\/tr>\n<tr>\n<td valign=\"center\" width=\"132\">Ho\u00e0n th\u00e0nh<\/td>\n<td valign=\"center\" width=\"491\">phun c\u00e1t, x\u1eed l\u00fd nhi\u1ec7t, \u1ee7, ram, \u0111\u00e1nh b\u00f3ng, anot h\u00f3a, m\u1ea1 k\u1ebdm<\/td>\n<\/tr>\n<tr>\n<td valign=\"center\" width=\"132\">\u0110\u00f3ng g\u00f3i c\u00e1c m\u1eb7t h\u00e0ng<\/td>\n<td valign=\"center\" width=\"491\">T\u00fai nh\u1ef1a + Th\u00f9ng carton ho\u1eb7c Bao b\u00ec b\u1eb1ng g\u1ed7<\/td>\n<\/tr>\n<tr>\n<td valign=\"center\" width=\"132\">\u0110i\u1ec1u kho\u1ea3n thanh to\u00e1n<\/td>\n<td valign=\"center\" width=\"491\">T\/T, L\/C<\/td>\n<\/tr>\n<tr>\n<td valign=\"center\" width=\"132\">Th\u1eddi gian s\u1ea3n xu\u1ea5t<\/td>\n<td valign=\"center\" width=\"491\">20 ng\u00e0y l\u00e0m vi\u1ec7c cho m\u1eabu, 25 ng\u00e0y cho s\u1ed1 l\u01b0\u1ee3ng l\u1edbn<\/td>\n<\/tr>\n<tr>\n<td valign=\"center\" width=\"132\">M\u1eabu<\/td>\n<td valign=\"center\" width=\"491\">Gi\u00e1 m\u1eabu dao \u0111\u1ed9ng t\u1eeb $2 \u0111\u1ebfn $100.<br \/>\nm\u1eabu y\u00eau c\u1ea7u chuy\u1ec3n ph\u00e1t nhanh \u0111\u01b0\u1ee3c kh\u00e1ch h\u00e0ng thanh to\u00e1n<\/td>\n<\/tr>\n<tr>\n<td valign=\"center\" width=\"132\">\u1ee8ng d\u1ee5ng<\/td>\n<td valign=\"center\" width=\"491\">1. M\u00e1y \u0111i\u1ec1u khi\u1ec3n t\u1ef1 \u0111\u1ed9ng<br \/>\n2. Ng\u00e0nh c\u00f4ng nghi\u1ec7p b\u00e1n d\u1eabn<br \/>\n3. M\u00e1y m\u00f3c c\u00f4ng nghi\u1ec7p n\u00f3i chung<br \/>\n4. Thi\u1ebft b\u1ecb y t\u1ebf<br \/>\n5. Thi\u1ebft b\u1ecb n\u0103ng l\u01b0\u1ee3ng m\u1eb7t tr\u1eddi<br \/>\n6. M\u00e1y c\u00f4ng c\u1ee5<br \/>\n7. H\u1ec7 th\u1ed1ng \u0111\u1ed7 xe<br \/>\n8. Thi\u1ebft b\u1ecb v\u1eadn t\u1ea3i \u0111\u01b0\u1eddng s\u1eaft cao t\u1ed1c v\u00e0 h\u00e0ng kh\u00f4ng, v.v.<\/td>\n<\/tr>\n<\/tbody>\n<\/table>\n<h2>\u0110\u1eb7c \u0111i\u1ec3m c\u1ee7a b\u00e1nh r\u0103ng c\u00f4n th\u1eb3ng<\/h2>\n<div>\n<ul>\n<li class=\"break-words\"><strong>Thi\u1ebft k\u1ebf r\u0103ng th\u1eb3ng<\/strong>:B\u00e1nh r\u0103ng c\u00f4n th\u1eb3ng c\u00f3 r\u0103ng \u0111\u01b0\u1ee3c c\u1eaft th\u1eb3ng v\u00e0 thon d\u1ecdc theo b\u1ec1 m\u1eb7t h\u00ecnh n\u00f3n, mang l\u1ea1i thi\u1ebft k\u1ebf \u0111\u01a1n gi\u1ea3n v\u00e0 hi\u1ec7u qu\u1ea3 \u0111\u1ec3 truy\u1ec1n l\u1ef1c gi\u1eefa c\u00e1c tr\u1ee5c giao nhau.<\/li>\n<li class=\"break-words\"><strong>Truy\u1ec1n t\u1ea3i \u0111i\u1ec7n n\u0103ng hi\u1ec7u qu\u1ea3<\/strong>:C\u00e1c b\u00e1nh r\u0103ng n\u00e0y \u0111\u01b0\u1ee3c thi\u1ebft k\u1ebf \u0111\u1ec3 truy\u1ec1n m\u00f4-men xo\u1eafn m\u1ed9t c\u00e1ch tr\u01a1n tru v\u00e0 \u0111\u00e1ng tin c\u1eady, th\u01b0\u1eddng \u1edf g\u00f3c 90 \u0111\u1ed9, khi\u1ebfn ch\u00fang ph\u00f9 h\u1ee3p v\u1edbi c\u00e1c \u1ee9ng d\u1ee5ng nh\u01b0 b\u1ed9 vi sai \u00f4 t\u00f4 v\u00e0 m\u00e1y m\u00f3c c\u01a1 b\u1ea3n.<\/li>\n<li class=\"break-words\"><strong>S\u1ea3n xu\u1ea5t ti\u1ebft ki\u1ec7m chi ph\u00ed<\/strong>:H\u00ecnh d\u1ea1ng r\u0103ng \u0111\u01a1n gi\u1ea3n cho ph\u00e9p s\u1ea3n xu\u1ea5t d\u1ec5 d\u00e0ng h\u01a1n v\u00e0 \u00edt t\u1ed1n k\u00e9m h\u01a1n so v\u1edbi b\u00e1nh r\u0103ng c\u00f4n xo\u1eafn ho\u1eb7c b\u00e1nh r\u0103ng c\u00f4n xo\u1eafn, mang \u0111\u1ebfn l\u1ef1a ch\u1ecdn ti\u1ebft ki\u1ec7m cho nhi\u1ec1u h\u1ec7 th\u1ed1ng.<\/li>\n<li class=\"break-words\"><strong>T\u1ea3i tr\u1ecdng v\u1eeba ph\u1ea3i<\/strong>:M\u1eb7c d\u00f9 c\u00f3 kh\u1ea3 n\u0103ng ch\u1ecbu t\u1ea3i tr\u1ecdng v\u1eeba ph\u1ea3i, b\u00e1nh r\u0103ng c\u00f4n th\u1eb3ng c\u00f3 di\u1ec7n t\u00edch ti\u1ebfp x\u00fac r\u0103ng nh\u1ecf h\u01a1n so v\u1edbi thi\u1ebft k\u1ebf xo\u1eafn \u1ed1c, khi\u1ebfn ch\u00fang ph\u00f9 h\u1ee3p nh\u1ea5t cho c\u00e1c \u1ee9ng d\u1ee5ng c\u00f3 y\u00eau c\u1ea7u v\u1ec1 m\u00f4-men xo\u1eafn ho\u1eb7c t\u1ed1c \u0111\u1ed9 th\u1ea5p h\u01a1n.<\/li>\n<li class=\"break-words\"><strong>Nh\u1ecf g\u1ecdn v\u00e0 \u0111a n\u0103ng<\/strong>:H\u00ecnh d\u1ea1ng h\u00ecnh n\u00f3n c\u1ee7a ch\u00fang cho ph\u00e9p t\u00edch h\u1ee3p nh\u1ecf g\u1ecdn v\u00e0o c\u00e1c h\u1ec7 th\u1ed1ng c\u01a1 kh\u00ed, mang l\u1ea1i t\u00ednh linh ho\u1ea1t trong c\u00e1c b\u1ed1 tr\u00ed c\u00f3 kh\u00f4ng gian h\u1ea1n ch\u1ebf, m\u1eb7c d\u00f9 ch\u00fang c\u00f3 th\u1ec3 t\u1ea1o ra nhi\u1ec1u ti\u1ebfng \u1ed3n v\u00e0 \u0111\u1ed9 rung h\u01a1n trong \u0111i\u1ec1u ki\u1ec7n t\u1ed1c \u0111\u1ed9 cao.<\/li>\n<\/ul>\n<p><img loading=\"lazy\" decoding=\"async\" class=\"alignnone size-full wp-image-7031\" src=\"https:\/\/fmp-components.com\/wp-content\/uploads\/2025\/03\/Straight-Bevel-Gear-1.webp\" alt=\"B\u00e1nh r\u0103ng c\u00f4n th\u1eb3ng\" width=\"969\" height=\"648\" title=\"\" srcset=\"https:\/\/fmp-components.com\/wp-content\/uploads\/2025\/03\/Straight-Bevel-Gear-1.webp 969w, https:\/\/fmp-components.com\/wp-content\/uploads\/2025\/03\/Straight-Bevel-Gear-1-480x321.webp 480w\" sizes=\"(min-width: 0px) and (max-width: 480px) 480px, (min-width: 481px) 969px, 100vw\" \/><\/p>\n<\/div>\n<h2>Gi\u1edbi thi\u1ec7u v\u1ec1 FMP<\/h2>\n<p>FMP l\u00e0 nh\u00e0 s\u1ea3n xu\u1ea5t b\u00e1nh r\u0103ng v\u00e0 thanh r\u0103ng h\u00e0ng \u0111\u1ea7u c\u1ee7a \u00dd, n\u1ed5i ti\u1ebfng v\u1edbi chuy\u00ean m\u00f4n trong vi\u1ec7c s\u1ea3n xu\u1ea5t c\u1ea3 linh ki\u1ec7n ti\u00eau chu\u1ea9n v\u00e0 c\u00e1c gi\u1ea3i ph\u00e1p t\u00f9y ch\u1ec9nh. Ngo\u00e0i c\u00e1c linh ki\u1ec7n ti\u00eau chu\u1ea9n, FMP c\u00f2n chuy\u00ean ch\u1ebf t\u1ea1o b\u00e1nh r\u0103ng ti\u00eau chu\u1ea9n v\u00e0 chuy\u00ean d\u1ee5ng d\u1ef1a tr\u00ean b\u1ea3n v\u1ebd ho\u1eb7c m\u1eabu do kh\u00e1ch h\u00e0ng cung c\u1ea5p. B\u00e1nh r\u0103ng c\u1ee7a ch\u00fang t\u00f4i c\u00f3 s\u1eb5n trong nhi\u1ec1u lo\u1ea1i v\u1eadt li\u1ec7u, bao g\u1ed3m th\u00e9p cacbon, th\u00e9p kh\u00f4ng g\u1ec9, nh\u00f4m, \u0111\u1ed3ng, \u0111\u1ed3ng thau v\u00e0 nh\u1ef1a, d\u1ea1ng xo\u1eafn \u1ed1c ho\u1eb7c d\u1ea1ng r\u0103ng th\u1eb3ng. N\u1ebfu b\u1ea1n c\u00f3 b\u1ea5t k\u1ef3 y\u00eau c\u1ea7u n\u00e0o v\u1ec1 s\u1ea3n ph\u1ea9m b\u00e1nh r\u0103ng t\u00f9y ch\u1ec9nh, vui l\u00f2ng li\u00ean h\u1ec7 v\u1edbi ch\u00fang t\u00f4i qua email. \u0110\u1ed9i ng\u0169 k\u1ef9 s\u01b0 chuy\u00ean nghi\u1ec7p t\u1eadn t\u00e2m c\u1ee7a FMP s\u1ebd ph\u1ea3n h\u1ed3i y\u00eau c\u1ea7u c\u1ee7a b\u1ea1n trong v\u00f2ng 24 gi\u1edd.<\/p>\n<p><img loading=\"lazy\" decoding=\"async\" class=\"alignnone size-full wp-image-7010\" src=\"https:\/\/fmp-components.com\/wp-content\/uploads\/2025\/03\/bevel-gear-3.webp\" alt=\"b\u00e1nh r\u0103ng c\u00f4n\" width=\"1076\" height=\"721\" title=\"\" srcset=\"https:\/\/fmp-components.com\/wp-content\/uploads\/2025\/03\/bevel-gear-3.webp 1076w, https:\/\/fmp-components.com\/wp-content\/uploads\/2025\/03\/bevel-gear-3-980x657.webp 980w, https:\/\/fmp-components.com\/wp-content\/uploads\/2025\/03\/bevel-gear-3-480x322.webp 480w\" sizes=\"(min-width: 0px) and (max-width: 480px) 480px, (min-width: 481px) and (max-width: 980px) 980px, (min-width: 981px) 1076px, 100vw\" \/><\/p>","protected":false},"excerpt":{"rendered":"<p>A straight bevel gear is a type of bevel gear with straight, tapered teeth cut along the gear\u2019s conical surface, designed to transmit power efficiently between intersecting shafts, typically at a 90-degree angle, offering simplicity and reliability in applications like automotive differentials and machinery. At FMP Company, we proudly manufacture a wide range of bevel [&hellip;]<\/p>","protected":false},"featured_media":4345,"comment_status":"open","ping_status":"closed","template":"","meta":{"_et_pb_use_builder":"","_et_pb_old_content":"","_et_gb_content_width":""},"product_brand":[],"product_cat":[106],"product_tag":[],"class_list":{"0":"post-7030","1":"product","2":"type-product","3":"status-publish","4":"has-post-thumbnail","6":"product_cat-bevel-gears","8":"first","9":"instock","10":"shipping-taxable","11":"product-type-simple"},"_links":{"self":[{"href":"https:\/\/fmp-components.com\/vi\/wp-json\/wp\/v2\/product\/7030","targetHints":{"allow":["GET"]}}],"collection":[{"href":"https:\/\/fmp-components.com\/vi\/wp-json\/wp\/v2\/product"}],"about":[{"href":"https:\/\/fmp-components.com\/vi\/wp-json\/wp\/v2\/types\/product"}],"replies":[{"embeddable":true,"href":"https:\/\/fmp-components.com\/vi\/wp-json\/wp\/v2\/comments?post=7030"}],"wp:featuredmedia":[{"embeddable":true,"href":"https:\/\/fmp-components.com\/vi\/wp-json\/wp\/v2\/media\/4345"}],"wp:attachment":[{"href":"https:\/\/fmp-components.com\/vi\/wp-json\/wp\/v2\/media?parent=7030"}],"wp:term":[{"taxonomy":"product_brand","embeddable":true,"href":"https:\/\/fmp-components.com\/vi\/wp-json\/wp\/v2\/product_brand?post=7030"},{"taxonomy":"product_cat","embeddable":true,"href":"https:\/\/fmp-components.com\/vi\/wp-json\/wp\/v2\/product_cat?post=7030"},{"taxonomy":"product_tag","embeddable":true,"href":"https:\/\/fmp-components.com\/vi\/wp-json\/wp\/v2\/product_tag?post=7030"}],"curies":[{"name":"wp","href":"https:\/\/api.w.org\/{rel}","templated":true}]}}