{"id":7026,"date":"2025-03-14T07:30:53","date_gmt":"2025-03-14T07:30:53","guid":{"rendered":"https:\/\/fmp-components.com\/?post_type=product&#038;p=7026"},"modified":"2025-03-27T01:25:36","modified_gmt":"2025-03-27T01:25:36","slug":"helical-bevel-gear","status":"publish","type":"product","link":"https:\/\/fmp-components.com\/vi\/product\/helical-bevel-gear\/","title":{"rendered":"B\u00e1nh r\u0103ng c\u00f4n xo\u1eafn"},"content":{"rendered":"<table style=\"border-collapse: collapse; width: 99.2%; height: 7px;\" border=\"0\" width=\"163\" cellspacing=\"0\" cellpadding=\"0\">\n<tbody>\n<tr style=\"height: 14.40pt;\">\n<td style=\"height: 14.40pt; width: 49.80pt;\" width=\"83\" height=\"24\"><img loading=\"lazy\" decoding=\"async\" class=\"alignnone size-full wp-image-7027\" src=\"https:\/\/fmp-components.com\/wp-content\/uploads\/2025\/03\/helical-bevel-gear-3.webp\" alt=\"b\u00e1nh r\u0103ng c\u00f4n xo\u1eafn\" width=\"850\" height=\"589\" title=\"\" srcset=\"https:\/\/fmp-components.com\/wp-content\/uploads\/2025\/03\/helical-bevel-gear-3.webp 850w, https:\/\/fmp-components.com\/wp-content\/uploads\/2025\/03\/helical-bevel-gear-3-480x333.webp 480w\" sizes=\"(min-width: 0px) and (max-width: 480px) 480px, (min-width: 481px) 850px, 100vw\" \/><\/td>\n<td style=\"width: 48.00pt;\" align=\"right\" width=\"80\"><img loading=\"lazy\" decoding=\"async\" class=\"alignnone size-full wp-image-7028\" src=\"https:\/\/fmp-components.com\/wp-content\/uploads\/2025\/03\/helical-bevel-gear-2.webp\" alt=\"b\u00e1nh r\u0103ng c\u00f4n xo\u1eafn\" width=\"835\" height=\"612\" title=\"\" srcset=\"https:\/\/fmp-components.com\/wp-content\/uploads\/2025\/03\/helical-bevel-gear-2.webp 835w, https:\/\/fmp-components.com\/wp-content\/uploads\/2025\/03\/helical-bevel-gear-2-480x352.webp 480w\" sizes=\"(min-width: 0px) and (max-width: 480px) 480px, (min-width: 481px) 835px, 100vw\" \/><\/td>\n<\/tr>\n<\/tbody>\n<\/table>\n<table class=\"table\" border=\"1\" width=\"100%\" cellspacing=\"0\" cellpadding=\"0\">\n<tbody>\n<tr class=\"firstRow\">\n<td valign=\"center\" width=\"132\">S\u1ed1 hi\u1ec7u m\u1eabu<\/td>\n<td valign=\"center\" width=\"491\">M3, M4, M5, M8, M12, v.v.<\/td>\n<\/tr>\n<tr>\n<td valign=\"center\" width=\"132\">V\u1eadt li\u1ec7u<\/td>\n<td valign=\"center\" width=\"491\">\u0110\u1ed3ng thau, th\u00e9p C45, th\u00e9p kh\u00f4ng g\u1ec9, \u0111\u1ed3ng, POM, nh\u00f4m, h\u1ee3p kim, v.v.<\/td>\n<\/tr>\n<tr>\n<td valign=\"center\" width=\"132\">X\u1eed l\u00fd b\u1ec1 m\u1eb7t<\/td>\n<td valign=\"center\" width=\"491\">M\u1ea1 k\u1ebdm, m\u1ea1 niken, th\u1ee5 \u0111\u1ed9ng h\u00f3a, oxy h\u00f3a, anot h\u00f3a,<br \/>\nGeomet, Dacromet, Oxit \u0111en, Phosphat h\u00f3a, S\u01a1n t\u0129nh \u0111i\u1ec7n v\u00e0 \u0110i\u1ec7n di<\/td>\n<\/tr>\n<tr>\n<td valign=\"center\" width=\"132\">Ti\u00eau chu\u1ea9n<\/td>\n<td valign=\"center\" width=\"491\">ISO, DIN, ANSI, JIS, BS v\u00e0 Phi ti\u00eau chu\u1ea9n.<\/td>\n<\/tr>\n<tr>\n<td valign=\"center\" width=\"132\">\u0110\u1ed9 ch\u00ednh x\u00e1c<\/td>\n<td valign=\"center\" width=\"491\">DIN6, DIN7, DIN8, DIN9.<\/td>\n<\/tr>\n<tr>\n<td valign=\"center\" width=\"132\">\u0110i\u1ec1u tr\u1ecb r\u0103ng<\/td>\n<td valign=\"center\" width=\"491\">L\u00e0m c\u1ee9ng, nghi\u1ec1n ho\u1eb7c xay<\/td>\n<\/tr>\n<tr>\n<td valign=\"center\" width=\"132\">S\u1ee9c ch\u1ecbu \u0111\u1ef1ng<\/td>\n<td valign=\"center\" width=\"491\">0,001mm-0,01mm-0,1mm<\/td>\n<\/tr>\n<tr>\n<td valign=\"center\" width=\"132\">Ho\u00e0n th\u00e0nh<\/td>\n<td valign=\"center\" width=\"491\">phun c\u00e1t, x\u1eed l\u00fd nhi\u1ec7t, \u1ee7, ram, \u0111\u00e1nh b\u00f3ng, anot h\u00f3a, m\u1ea1 k\u1ebdm<\/td>\n<\/tr>\n<tr>\n<td valign=\"center\" width=\"132\">\u0110\u00f3ng g\u00f3i c\u00e1c m\u1eb7t h\u00e0ng<\/td>\n<td valign=\"center\" width=\"491\">T\u00fai nh\u1ef1a + Th\u00f9ng carton ho\u1eb7c Bao b\u00ec b\u1eb1ng g\u1ed7<\/td>\n<\/tr>\n<tr>\n<td valign=\"center\" width=\"132\">\u0110i\u1ec1u kho\u1ea3n thanh to\u00e1n<\/td>\n<td valign=\"center\" width=\"491\">T\/T, L\/C<\/td>\n<\/tr>\n<tr>\n<td valign=\"center\" width=\"132\">Th\u1eddi gian s\u1ea3n xu\u1ea5t<\/td>\n<td valign=\"center\" width=\"491\">20 ng\u00e0y l\u00e0m vi\u1ec7c cho m\u1eabu, 25 ng\u00e0y cho s\u1ed1 l\u01b0\u1ee3ng l\u1edbn<\/td>\n<\/tr>\n<tr>\n<td valign=\"center\" width=\"132\">M\u1eabu<\/td>\n<td valign=\"center\" width=\"491\">Gi\u00e1 m\u1eabu dao \u0111\u1ed9ng t\u1eeb $2 \u0111\u1ebfn $100.<br \/>\nm\u1eabu y\u00eau c\u1ea7u chuy\u1ec3n ph\u00e1t nhanh \u0111\u01b0\u1ee3c kh\u00e1ch h\u00e0ng thanh to\u00e1n<\/td>\n<\/tr>\n<tr>\n<td valign=\"center\" width=\"132\">\u1ee8ng d\u1ee5ng<\/td>\n<td valign=\"center\" width=\"491\">1. M\u00e1y \u0111i\u1ec1u khi\u1ec3n t\u1ef1 \u0111\u1ed9ng<br \/>\n2. Ng\u00e0nh c\u00f4ng nghi\u1ec7p b\u00e1n d\u1eabn<br \/>\n3. M\u00e1y m\u00f3c c\u00f4ng nghi\u1ec7p n\u00f3i chung<br \/>\n4. Thi\u1ebft b\u1ecb y t\u1ebf<br \/>\n5. Thi\u1ebft b\u1ecb n\u0103ng l\u01b0\u1ee3ng m\u1eb7t tr\u1eddi<br \/>\n6. M\u00e1y c\u00f4ng c\u1ee5<br \/>\n7. H\u1ec7 th\u1ed1ng \u0111\u1ed7 xe<br \/>\n8. Thi\u1ebft b\u1ecb v\u1eadn t\u1ea3i \u0111\u01b0\u1eddng s\u1eaft cao t\u1ed1c v\u00e0 h\u00e0ng kh\u00f4ng, v.v.<\/td>\n<\/tr>\n<\/tbody>\n<\/table>\n<h2>\u0110\u1eb7c \u0111i\u1ec3m c\u1ee7a b\u00e1nh r\u0103ng c\u00f4n xo\u1eafn<\/h2>\n<div>\n<ul>\n<li class=\"break-words\"><strong>C\u1ea5u h\u00ecnh r\u0103ng xo\u1eafn \u1ed1c<\/strong>:B\u00e1nh r\u0103ng c\u00f4n xo\u1eafn k\u1ebft h\u1ee3p c\u00e1c r\u0103ng g\u00f3c c\u1ea1nh c\u1ee7a <a href=\"https:\/\/fmp-components.com\/vi\/bevel-gear-2\/\">b\u00e1nh r\u0103ng c\u00f4n<\/a> v\u1edbi \u0111\u01b0\u1eddng xo\u1eafn \u1ed1c, trong \u0111\u00f3 c\u00e1c r\u0103ng cong v\u00e0 nghi\u00eang, cho ph\u00e9p ti\u1ebfp x\u00fac d\u1ea7n d\u1ea7n v\u00e0 \u0103n kh\u1edbp m\u01b0\u1ee3t m\u00e0 h\u01a1n so v\u1edbi b\u00e1nh r\u0103ng c\u00f4n th\u1eb3ng.<\/li>\n<li class=\"break-words\"><strong>Kh\u1ea3 n\u0103ng ch\u1ecbu t\u1ea3i \u0111\u01b0\u1ee3c c\u1ea3i thi\u1ec7n<\/strong>:Thi\u1ebft k\u1ebf xo\u1eafn \u1ed1c ph\u00e2n b\u1ed5 l\u1ef1c tr\u00ean nhi\u1ec1u r\u0103ng trong qu\u00e1 tr\u00ecnh \u0103n kh\u1edbp, t\u0103ng c\u01b0\u1eddng kh\u1ea3 n\u0103ng ch\u1ecbu t\u1ea3i tr\u1ecdng v\u00e0 m\u00f4-men xo\u1eafn cao h\u01a1n c\u1ee7a b\u00e1nh r\u0103ng, khi\u1ebfn b\u00e1nh r\u0103ng ph\u00f9 h\u1ee3p v\u1edbi c\u00e1c \u1ee9ng d\u1ee5ng c\u00f4ng nghi\u1ec7p v\u00e0 \u00f4 t\u00f4 h\u1ea1ng n\u1eb7ng.<\/li>\n<li class=\"break-words\"><strong>Gi\u1ea3m ti\u1ebfng \u1ed3n v\u00e0 \u0111\u1ed9 rung<\/strong>: S\u1ef1 \u0103n kh\u1edbp d\u1ea7n d\u1ea7n c\u1ee7a r\u0103ng do g\u00f3c xo\u1eafn \u1ed1c gi\u00fap gi\u1ea3m thi\u1ec3u t\u00e1c \u0111\u1ed9ng v\u00e0 tr\u01b0\u1ee3t, mang l\u1ea1i ho\u1ea1t \u0111\u1ed9ng \u00eam h\u01a1n v\u00e0 \u0111\u1ed9 rung th\u1ea5p h\u01a1n, l\u00fd t\u01b0\u1edfng cho m\u00e1y m\u00f3c ch\u00ednh x\u00e1c v\u00e0 h\u1ed9p s\u1ed1 xe.<\/li>\n<li class=\"break-words\"><strong>Truy\u1ec1n l\u1ef1c g\u00f3c c\u1ea1nh<\/strong>: Gi\u1ed1ng nh\u01b0 c\u00e1c b\u00e1nh r\u0103ng c\u00f4n kh\u00e1c, b\u00e1nh r\u0103ng c\u00f4n xo\u1eafn truy\u1ec1n l\u1ef1c gi\u1eefa c\u00e1c tr\u1ee5c giao nhau (th\u01b0\u1eddng \u1edf g\u00f3c 90 \u0111\u1ed9), mang l\u1ea1i t\u00ednh linh ho\u1ea1t trong c\u00e1c b\u1ed1 c\u1ee5c nh\u1ecf g\u1ecdn nh\u01b0 h\u1ed9p s\u1ed1 v\u00e0 h\u1ec7 th\u1ed1ng vi sai.<\/li>\n<li class=\"break-words\"><strong>Hi\u1ec7u qu\u1ea3 v\u00e0 \u0111\u1ed9 b\u1ec1n cao<\/strong>:\u0110\u01b0\u1ee3c ch\u1ebf t\u1ea1o t\u1eeb v\u1eadt li\u1ec7u b\u1ec1n ch\u1eafc nh\u01b0 th\u00e9p c\u1ee9ng v\u00e0 k\u1ebft h\u1ee3p v\u1edbi ch\u1ea5t b\u00f4i tr\u01a1n th\u00edch h\u1ee3p, c\u00e1c b\u00e1nh r\u0103ng n\u00e0y mang l\u1ea1i hi\u1ec7u qu\u1ea3 tuy\u1ec7t v\u1eddi v\u00e0 \u0111\u1ed9 b\u1ec1n l\u00e2u d\u00e0i trong \u0111i\u1ec1u ki\u1ec7n kh\u1eafc nghi\u1ec7t, c\u00e2n b\u1eb1ng gi\u1eefa hi\u1ec7u su\u1ea5t v\u00e0 kh\u1ea3 n\u0103ng ch\u1ed1ng m\u00e0i m\u00f2n.<\/li>\n<\/ul>\n<\/div>\n<p><img loading=\"lazy\" decoding=\"async\" class=\"alignnone size-full wp-image-7029\" src=\"https:\/\/fmp-components.com\/wp-content\/uploads\/2025\/03\/helical-bevel-gear-1.webp\" alt=\"b\u00e1nh r\u0103ng c\u00f4n xo\u1eafn\" width=\"1000\" height=\"1000\" title=\"\" srcset=\"https:\/\/fmp-components.com\/wp-content\/uploads\/2025\/03\/helical-bevel-gear-1.webp 1000w, https:\/\/fmp-components.com\/wp-content\/uploads\/2025\/03\/helical-bevel-gear-1-980x980.webp 980w, https:\/\/fmp-components.com\/wp-content\/uploads\/2025\/03\/helical-bevel-gear-1-480x480.webp 480w\" sizes=\"(min-width: 0px) and (max-width: 480px) 480px, (min-width: 481px) and (max-width: 980px) 980px, (min-width: 981px) 1000px, 100vw\" \/><\/p>\n<h2>Gi\u1edbi thi\u1ec7u v\u1ec1 FMP<\/h2>\n<p>FMP l\u00e0 nh\u00e0 s\u1ea3n xu\u1ea5t b\u00e1nh r\u0103ng v\u00e0 thanh r\u0103ng h\u00e0ng \u0111\u1ea7u c\u1ee7a \u00dd, n\u1ed5i ti\u1ebfng v\u1edbi chuy\u00ean m\u00f4n trong vi\u1ec7c s\u1ea3n xu\u1ea5t c\u1ea3 linh ki\u1ec7n ti\u00eau chu\u1ea9n v\u00e0 c\u00e1c gi\u1ea3i ph\u00e1p t\u00f9y ch\u1ec9nh. Ngo\u00e0i c\u00e1c linh ki\u1ec7n ti\u00eau chu\u1ea9n, FMP c\u00f2n chuy\u00ean ch\u1ebf t\u1ea1o b\u00e1nh r\u0103ng ti\u00eau chu\u1ea9n v\u00e0 chuy\u00ean d\u1ee5ng d\u1ef1a tr\u00ean b\u1ea3n v\u1ebd ho\u1eb7c m\u1eabu do kh\u00e1ch h\u00e0ng cung c\u1ea5p. B\u00e1nh r\u0103ng c\u1ee7a ch\u00fang t\u00f4i c\u00f3 s\u1eb5n trong nhi\u1ec1u lo\u1ea1i v\u1eadt li\u1ec7u, bao g\u1ed3m th\u00e9p cacbon, th\u00e9p kh\u00f4ng g\u1ec9, nh\u00f4m, \u0111\u1ed3ng, \u0111\u1ed3ng thau v\u00e0 nh\u1ef1a, d\u1ea1ng xo\u1eafn \u1ed1c ho\u1eb7c d\u1ea1ng r\u0103ng th\u1eb3ng. N\u1ebfu b\u1ea1n c\u00f3 b\u1ea5t k\u1ef3 y\u00eau c\u1ea7u n\u00e0o v\u1ec1 s\u1ea3n ph\u1ea9m b\u00e1nh r\u0103ng t\u00f9y ch\u1ec9nh, vui l\u00f2ng li\u00ean h\u1ec7 v\u1edbi ch\u00fang t\u00f4i qua email. \u0110\u1ed9i ng\u0169 k\u1ef9 s\u01b0 chuy\u00ean nghi\u1ec7p t\u1eadn t\u00e2m c\u1ee7a FMP s\u1ebd ph\u1ea3n h\u1ed3i y\u00eau c\u1ea7u c\u1ee7a b\u1ea1n trong v\u00f2ng 24 gi\u1edd.<\/p>\n<p><img loading=\"lazy\" decoding=\"async\" class=\"alignnone size-full wp-image-7010\" src=\"https:\/\/fmp-components.com\/wp-content\/uploads\/2025\/03\/bevel-gear-3.webp\" alt=\"b\u00e1nh r\u0103ng c\u00f4n\" width=\"1076\" height=\"721\" title=\"\" srcset=\"https:\/\/fmp-components.com\/wp-content\/uploads\/2025\/03\/bevel-gear-3.webp 1076w, https:\/\/fmp-components.com\/wp-content\/uploads\/2025\/03\/bevel-gear-3-980x657.webp 980w, https:\/\/fmp-components.com\/wp-content\/uploads\/2025\/03\/bevel-gear-3-480x322.webp 480w\" sizes=\"(min-width: 0px) and (max-width: 480px) 480px, (min-width: 481px) and (max-width: 980px) 980px, (min-width: 981px) 1076px, 100vw\" \/><\/p>","protected":false},"excerpt":{"rendered":"<p>Model Number M3,M4,M5,M8,M12 and etc. Material Brass, C45 steel, Stainless steel, Copper, POM, Aluminum, Alloy, and so on Surface treatment Zinc-plated, Nickel plated, Passivation, Oxidation, Anodization, Geomet, Dacromet, Black Oxide, Phosphatizing, Powder Coating, and Electrophoresis Standard ISO, DIN, ANSI, JIS, BS, and Non-standard. Precision DIN6,DIN7,DIN8,DIN9. Teeth treatment Hardened, Milled, or Ground Tolerance 0.001mm-0.01mm-0.1mm Finish shot\/sandblast, [&hellip;]<\/p>","protected":false},"featured_media":4335,"comment_status":"open","ping_status":"closed","template":"","meta":{"_et_pb_use_builder":"","_et_pb_old_content":"","_et_gb_content_width":""},"product_brand":[],"product_cat":[106],"product_tag":[],"class_list":{"0":"post-7026","1":"product","2":"type-product","3":"status-publish","4":"has-post-thumbnail","6":"product_cat-bevel-gears","8":"first","9":"instock","10":"shipping-taxable","11":"product-type-simple"},"_links":{"self":[{"href":"https:\/\/fmp-components.com\/vi\/wp-json\/wp\/v2\/product\/7026","targetHints":{"allow":["GET"]}}],"collection":[{"href":"https:\/\/fmp-components.com\/vi\/wp-json\/wp\/v2\/product"}],"about":[{"href":"https:\/\/fmp-components.com\/vi\/wp-json\/wp\/v2\/types\/product"}],"replies":[{"embeddable":true,"href":"https:\/\/fmp-components.com\/vi\/wp-json\/wp\/v2\/comments?post=7026"}],"wp:featuredmedia":[{"embeddable":true,"href":"https:\/\/fmp-components.com\/vi\/wp-json\/wp\/v2\/media\/4335"}],"wp:attachment":[{"href":"https:\/\/fmp-components.com\/vi\/wp-json\/wp\/v2\/media?parent=7026"}],"wp:term":[{"taxonomy":"product_brand","embeddable":true,"href":"https:\/\/fmp-components.com\/vi\/wp-json\/wp\/v2\/product_brand?post=7026"},{"taxonomy":"product_cat","embeddable":true,"href":"https:\/\/fmp-components.com\/vi\/wp-json\/wp\/v2\/product_cat?post=7026"},{"taxonomy":"product_tag","embeddable":true,"href":"https:\/\/fmp-components.com\/vi\/wp-json\/wp\/v2\/product_tag?post=7026"}],"curies":[{"name":"wp","href":"https:\/\/api.w.org\/{rel}","templated":true}]}}