{"id":7021,"date":"2025-03-14T06:47:26","date_gmt":"2025-03-14T06:47:26","guid":{"rendered":"https:\/\/fmp-components.com\/?post_type=product&#038;p=7021"},"modified":"2025-03-14T06:47:27","modified_gmt":"2025-03-14T06:47:27","slug":"zero-degree-spiral-bevel-gear","status":"publish","type":"product","link":"https:\/\/fmp-components.com\/vi\/product\/zero-degree-spiral-bevel-gear\/","title":{"rendered":"B\u00e1nh r\u0103ng c\u00f4n xo\u1eafn kh\u00f4ng \u0111\u1ed9"},"content":{"rendered":"<h2>\u0110\u1eb7c \u0111i\u1ec3m k\u1ef9 thu\u1eadt<\/h2>\n<table class=\"table\" border=\"1\" width=\"100%\" cellspacing=\"0\" cellpadding=\"0\">\n<tbody>\n<tr class=\"firstRow\">\n<td valign=\"center\" width=\"132\">S\u1ed1 hi\u1ec7u m\u1eabu<\/td>\n<td valign=\"center\" width=\"491\">M3, M4, M5, M8, M12, v.v.<\/td>\n<\/tr>\n<tr>\n<td valign=\"center\" width=\"132\">V\u1eadt li\u1ec7u<\/td>\n<td valign=\"center\" width=\"491\">\u0110\u1ed3ng thau, th\u00e9p C45, th\u00e9p kh\u00f4ng g\u1ec9, \u0111\u1ed3ng, POM, nh\u00f4m, h\u1ee3p kim, v.v.<\/td>\n<\/tr>\n<tr>\n<td valign=\"center\" width=\"132\">X\u1eed l\u00fd b\u1ec1 m\u1eb7t<\/td>\n<td valign=\"center\" width=\"491\">M\u1ea1 k\u1ebdm, m\u1ea1 niken, th\u1ee5 \u0111\u1ed9ng h\u00f3a, oxy h\u00f3a, anot h\u00f3a,<br \/>\nGeomet, Dacromet, Oxit \u0111en, Phosphat h\u00f3a, S\u01a1n t\u0129nh \u0111i\u1ec7n v\u00e0 \u0110i\u1ec7n di<\/td>\n<\/tr>\n<tr>\n<td valign=\"center\" width=\"132\">Ti\u00eau chu\u1ea9n<\/td>\n<td valign=\"center\" width=\"491\">ISO, DIN, ANSI, JIS, BS v\u00e0 Phi ti\u00eau chu\u1ea9n.<\/td>\n<\/tr>\n<tr>\n<td valign=\"center\" width=\"132\">\u0110\u1ed9 ch\u00ednh x\u00e1c<\/td>\n<td valign=\"center\" width=\"491\">DIN6, DIN7, DIN8, DIN9.<\/td>\n<\/tr>\n<tr>\n<td valign=\"center\" width=\"132\">\u0110i\u1ec1u tr\u1ecb r\u0103ng<\/td>\n<td valign=\"center\" width=\"491\">L\u00e0m c\u1ee9ng, nghi\u1ec1n ho\u1eb7c xay<\/td>\n<\/tr>\n<tr>\n<td valign=\"center\" width=\"132\">S\u1ee9c ch\u1ecbu \u0111\u1ef1ng<\/td>\n<td valign=\"center\" width=\"491\">0,001mm-0,01mm-0,1mm<\/td>\n<\/tr>\n<tr>\n<td valign=\"center\" width=\"132\">Ho\u00e0n th\u00e0nh<\/td>\n<td valign=\"center\" width=\"491\">phun c\u00e1t, x\u1eed l\u00fd nhi\u1ec7t, \u1ee7, ram, \u0111\u00e1nh b\u00f3ng, anot h\u00f3a, m\u1ea1 k\u1ebdm<\/td>\n<\/tr>\n<tr>\n<td valign=\"center\" width=\"132\">\u0110\u00f3ng g\u00f3i c\u00e1c m\u1eb7t h\u00e0ng<\/td>\n<td valign=\"center\" width=\"491\">T\u00fai nh\u1ef1a + Th\u00f9ng carton ho\u1eb7c Bao b\u00ec b\u1eb1ng g\u1ed7<\/td>\n<\/tr>\n<tr>\n<td valign=\"center\" width=\"132\">\u0110i\u1ec1u kho\u1ea3n thanh to\u00e1n<\/td>\n<td valign=\"center\" width=\"491\">T\/T, L\/C<\/td>\n<\/tr>\n<tr>\n<td valign=\"center\" width=\"132\">Th\u1eddi gian s\u1ea3n xu\u1ea5t<\/td>\n<td valign=\"center\" width=\"491\">20 ng\u00e0y l\u00e0m vi\u1ec7c cho m\u1eabu, 25 ng\u00e0y cho s\u1ed1 l\u01b0\u1ee3ng l\u1edbn<\/td>\n<\/tr>\n<tr>\n<td valign=\"center\" width=\"132\">M\u1eabu<\/td>\n<td valign=\"center\" width=\"491\">Gi\u00e1 m\u1eabu dao \u0111\u1ed9ng t\u1eeb $2 \u0111\u1ebfn $100.<br \/>\nm\u1eabu y\u00eau c\u1ea7u chuy\u1ec3n ph\u00e1t nhanh \u0111\u01b0\u1ee3c kh\u00e1ch h\u00e0ng thanh to\u00e1n<\/td>\n<\/tr>\n<tr>\n<td valign=\"center\" width=\"132\">\u1ee8ng d\u1ee5ng<\/td>\n<td valign=\"center\" width=\"491\">1. M\u00e1y \u0111i\u1ec1u khi\u1ec3n t\u1ef1 \u0111\u1ed9ng<br \/>\n2. Ng\u00e0nh c\u00f4ng nghi\u1ec7p b\u00e1n d\u1eabn<br \/>\n3. M\u00e1y m\u00f3c c\u00f4ng nghi\u1ec7p n\u00f3i chung<br \/>\n4. Thi\u1ebft b\u1ecb y t\u1ebf<br \/>\n5. Thi\u1ebft b\u1ecb n\u0103ng l\u01b0\u1ee3ng m\u1eb7t tr\u1eddi<br \/>\n6. M\u00e1y c\u00f4ng c\u1ee5<br \/>\n7. H\u1ec7 th\u1ed1ng \u0111\u1ed7 xe<br \/>\n8. Thi\u1ebft b\u1ecb v\u1eadn t\u1ea3i \u0111\u01b0\u1eddng s\u1eaft cao t\u1ed1c v\u00e0 h\u00e0ng kh\u00f4ng, v.v.<\/td>\n<\/tr>\n<\/tbody>\n<\/table>\n<h2>\u0110\u1eb7c \u0111i\u1ec3m c\u1ee7a b\u00e1nh r\u0103ng c\u00f4n xo\u1eafn kh\u00f4ng \u0111\u1ed9<\/h2>\n<div>\n<ul>\n<li class=\"break-words\"><strong>H\u00ecnh h\u1ecdc r\u0103ng th\u1eb3ng<\/strong>:Kh\u00f4ng gi\u1ed1ng nh\u01b0 b\u00e1nh r\u0103ng c\u00f4n xo\u1eafn th\u00f4ng th\u01b0\u1eddng c\u00f3 r\u0103ng cong, b\u00e1nh r\u0103ng c\u00f4n xo\u1eafn 0 \u0111\u1ed9 c\u00f3 r\u0103ng th\u1eb3ng \u0111\u01b0\u1ee3c c\u0103n ch\u1ec9nh theo g\u00f3c xo\u1eafn 0 \u0111\u1ed9, gi\u1ed1ng nh\u01b0 b\u00e1nh r\u0103ng c\u00f4n th\u1eb3ng nh\u01b0ng c\u00f3 h\u00ecnh n\u00f3n \u0111\u1ec3 giao nhau v\u1edbi c\u00e1c tr\u1ee5c.<\/li>\n<li class=\"break-words\"><strong>Truy\u1ec1n t\u1ea3i \u0111i\u1ec7n hi\u1ec7u qu\u1ea3<\/strong>:C\u00e1c b\u00e1nh r\u0103ng n\u00e0y cung c\u1ea5p kh\u1ea3 n\u0103ng truy\u1ec1n m\u00f4-men xo\u1eafn tr\u01a1n tru v\u00e0 hi\u1ec7u qu\u1ea3 gi\u1eefa c\u00e1c tr\u1ee5c theo m\u1ed9t g\u00f3c (th\u01b0\u1eddng l\u00e0 90 \u0111\u1ed9), khi\u1ebfn ch\u00fang ph\u00f9 h\u1ee3p v\u1edbi c\u00e1c \u1ee9ng d\u1ee5ng \u00f4 t\u00f4 v\u00e0 c\u00f4ng nghi\u1ec7p \u0111\u00f2i h\u1ecfi ph\u1ea3i thay \u0111\u1ed5i h\u01b0\u1edbng ch\u00ednh x\u00e1c.<\/li>\n<li class=\"break-words\"><strong>Gi\u1ea3m ti\u1ebfng \u1ed3n v\u00e0 \u0111\u1ed9 rung<\/strong>: Thi\u1ebft k\u1ebf g\u00f3c 0 \u0111\u1ed9 gi\u1ea3m thi\u1ec3u ti\u1ebfp x\u00fac tr\u01b0\u1ee3t gi\u1eefa c\u00e1c r\u0103ng so v\u1edbi g\u00f3c xo\u1eafn \u1ed1c cao h\u01a1n, gi\u00fap ho\u1ea1t \u0111\u1ed9ng \u00eam h\u01a1n v\u00e0 \u0111\u1ed9 rung th\u1ea5p h\u01a1n, l\u00fd t\u01b0\u1edfng cho m\u00f4i tr\u01b0\u1eddng nh\u1ea1y c\u1ea3m v\u1edbi ti\u1ebfng \u1ed3n.<\/li>\n<li class=\"break-words\"><strong>S\u1ea3n xu\u1ea5t \u0111\u01a1n gi\u1ea3n h\u00f3a<\/strong>:V\u1edbi r\u0103ng th\u1eb3ng v\u00e0 kh\u00f4ng c\u00f3 \u0111\u1ed9 cong xo\u1eafn \u1ed1c, b\u00e1nh r\u0103ng c\u00f4n xo\u1eafn kh\u00f4ng \u0111\u1ed9 d\u1ec5 s\u1ea3n xu\u1ea5t h\u01a1n v\u00e0 \u00edt t\u1ed1n k\u00e9m h\u01a1n so v\u1edbi b\u00e1nh r\u0103ng c\u00f4n xo\u1eafn truy\u1ec1n th\u1ed1ng, \u0111\u1ed3ng th\u1eddi v\u1eabn mang l\u1ea1i hi\u1ec7u su\u1ea5t m\u1ea1nh m\u1ebd.<\/li>\n<li class=\"break-words\"><strong>Kh\u1ea3 n\u0103ng ch\u1ecbu t\u1ea3i cao<\/strong>:M\u1eb7c d\u00f9 c\u00f3 thi\u1ebft k\u1ebf \u0111\u01a1n gi\u1ea3n h\u01a1n, c\u00e1c b\u00e1nh r\u0103ng n\u00e0y \u0111\u01b0\u1ee3c ch\u1ebf t\u1ea1o t\u1eeb v\u1eadt li\u1ec7u b\u1ec1n nh\u01b0 th\u00e9p c\u1ee9ng, cho ph\u00e9p ch\u00fang ch\u1ecbu \u0111\u01b0\u1ee3c t\u1ea3i tr\u1ecdng v\u00e0 \u1ee9ng su\u1ea5t \u0111\u00e1ng k\u1ec3 trong c\u00e1c h\u1ec7 th\u1ed1ng nh\u01b0 b\u1ed9 vi sai ho\u1eb7c h\u1ed9p s\u1ed1.<\/li>\n<\/ul>\n<div>\n<div>\n<h3>Nh\u00e0 cung c\u1ea5p b\u00e1nh r\u0103ng c\u00f4n nh\u1ef1a<\/h3>\n<p>FMP c\u00f3 t\u1ea5t c\u1ea3 c\u00e1c lo\u1ea1i b\u00e1nh r\u0103ng nh\u1ef1a b\u1ea1n c\u1ea7n. Ch\u00fang t\u00f4i cung c\u1ea5p b\u00e1nh r\u0103ng tr\u1ee5 ch\u00ednh x\u00e1c b\u1eb1ng nh\u1ef1a, thanh r\u0103ng nh\u1ef1a, b\u00e1nh r\u0103ng xo\u1eafn v\u00e0 b\u00e1nh r\u0103ng c\u00f4n b\u1eb1ng nh\u1ef1a, b\u00e1nh r\u0103ng tr\u1ee5c v\u00edt v\u00e0 tr\u1ee5c v\u00edt b\u1eb1ng nh\u1ef1a, b\u00e1nh r\u0103ng c\u00f4n b\u1eb1ng nh\u1ef1a, b\u00e1nh r\u0103ng nh\u1ef1a, b\u00e1nh r\u0103ng pignon v\u00e0 thanh r\u0103ng nh\u1ef1a.<\/p>\n<p>H\u00e3y g\u1ecdi \u0111\u1ec3 \u0111\u01b0\u1ee3c h\u1ed7 tr\u1ee3 t\u00ecm thi\u1ebft b\u1ecb ph\u00f9 h\u1ee3p ho\u1eb7c s\u1eeda \u0111\u1ed5i s\u1ea3n ph\u1ea9m ti\u00eau chu\u1ea9n trong danh m\u1ee5c ho\u1eb7c thi\u1ebft k\u1ebf t\u00f9y ch\u1ec9nh; c\u00e1c k\u1ef9 s\u01b0 c\u1ee7a ch\u00fang t\u00f4i s\u1ebd cung c\u1ea5p gi\u1ea3i ph\u00e1p t\u1ed1t nh\u1ea5t cho \u1ee9ng d\u1ee5ng c\u1ee7a b\u1ea1n.<\/p>\n<p><img loading=\"lazy\" decoding=\"async\" class=\"alignnone size-full wp-image-7019\" src=\"https:\/\/fmp-components.com\/wp-content\/uploads\/2025\/03\/Plastic-Bevel-Gears-Supplier1.webp\" alt=\"Nh\u00e0 cung c\u1ea5p b\u00e1nh r\u0103ng c\u00f4n nh\u1ef1a\" width=\"1200\" height=\"1000\" title=\"\" srcset=\"https:\/\/fmp-components.com\/wp-content\/uploads\/2025\/03\/Plastic-Bevel-Gears-Supplier1.webp 1200w, https:\/\/fmp-components.com\/wp-content\/uploads\/2025\/03\/Plastic-Bevel-Gears-Supplier1-980x817.webp 980w, https:\/\/fmp-components.com\/wp-content\/uploads\/2025\/03\/Plastic-Bevel-Gears-Supplier1-480x400.webp 480w\" sizes=\"(min-width: 0px) and (max-width: 480px) 480px, (min-width: 481px) and (max-width: 980px) 980px, (min-width: 981px) 1200px, 100vw\" \/><\/p>\n<\/div>\n<\/div>\n<div class=\"table-responsive\">\n<h2>Gi\u1edbi thi\u1ec7u v\u1ec1 FMP<\/h2>\n<p>FMP l\u00e0 nh\u00e0 s\u1ea3n xu\u1ea5t b\u00e1nh r\u0103ng v\u00e0 thanh r\u0103ng h\u00e0ng \u0111\u1ea7u c\u1ee7a \u00dd, n\u1ed5i ti\u1ebfng v\u1edbi chuy\u00ean m\u00f4n trong vi\u1ec7c s\u1ea3n xu\u1ea5t c\u1ea3 linh ki\u1ec7n ti\u00eau chu\u1ea9n v\u00e0 c\u00e1c gi\u1ea3i ph\u00e1p t\u00f9y ch\u1ec9nh. Ngo\u00e0i c\u00e1c linh ki\u1ec7n ti\u00eau chu\u1ea9n, FMP c\u00f2n chuy\u00ean ch\u1ebf t\u1ea1o b\u00e1nh r\u0103ng ti\u00eau chu\u1ea9n v\u00e0 chuy\u00ean d\u1ee5ng d\u1ef1a tr\u00ean b\u1ea3n v\u1ebd ho\u1eb7c m\u1eabu do kh\u00e1ch h\u00e0ng cung c\u1ea5p. B\u00e1nh r\u0103ng c\u1ee7a ch\u00fang t\u00f4i c\u00f3 s\u1eb5n trong nhi\u1ec1u lo\u1ea1i v\u1eadt li\u1ec7u, bao g\u1ed3m th\u00e9p cacbon, th\u00e9p kh\u00f4ng g\u1ec9, nh\u00f4m, \u0111\u1ed3ng, \u0111\u1ed3ng thau v\u00e0 nh\u1ef1a, d\u1ea1ng xo\u1eafn \u1ed1c ho\u1eb7c d\u1ea1ng r\u0103ng th\u1eb3ng. N\u1ebfu b\u1ea1n c\u00f3 b\u1ea5t k\u1ef3 y\u00eau c\u1ea7u n\u00e0o v\u1ec1 s\u1ea3n ph\u1ea9m b\u00e1nh r\u0103ng t\u00f9y ch\u1ec9nh, vui l\u00f2ng li\u00ean h\u1ec7 v\u1edbi ch\u00fang t\u00f4i qua email. \u0110\u1ed9i ng\u0169 k\u1ef9 s\u01b0 chuy\u00ean nghi\u1ec7p t\u1eadn t\u00e2m c\u1ee7a FMP s\u1ebd ph\u1ea3n h\u1ed3i y\u00eau c\u1ea7u c\u1ee7a b\u1ea1n trong v\u00f2ng 24 gi\u1edd.<\/p>\n<p><img loading=\"lazy\" decoding=\"async\" class=\"alignnone size-full wp-image-7010\" src=\"https:\/\/fmp-components.com\/wp-content\/uploads\/2025\/03\/bevel-gear-3.webp\" alt=\"b\u00e1nh r\u0103ng c\u00f4n\" width=\"1076\" height=\"721\" title=\"\" srcset=\"https:\/\/fmp-components.com\/wp-content\/uploads\/2025\/03\/bevel-gear-3.webp 1076w, https:\/\/fmp-components.com\/wp-content\/uploads\/2025\/03\/bevel-gear-3-980x657.webp 980w, https:\/\/fmp-components.com\/wp-content\/uploads\/2025\/03\/bevel-gear-3-480x322.webp 480w\" sizes=\"(min-width: 0px) and (max-width: 480px) 480px, (min-width: 481px) and (max-width: 980px) 980px, (min-width: 981px) 1076px, 100vw\" \/><\/p>\n<\/div>\n<\/div>","protected":false},"excerpt":{"rendered":"<p>Th\u00f4ng s\u1ed1 k\u1ef9 thu\u1eadt S\u1ed1 hi\u1ec7u m\u1eabu M3, M4, M5, M8, M12, v.v. V\u1eadt li\u1ec7u \u0110\u1ed3ng thau, th\u00e9p C45, th\u00e9p kh\u00f4ng g\u1ec9, \u0111\u1ed3ng, POM, nh\u00f4m, h\u1ee3p kim, v.v. X\u1eed l\u00fd b\u1ec1 m\u1eb7t M\u1ea1 k\u1ebdm, M\u1ea1 niken, Th\u1ee5 \u0111\u1ed9ng h\u00f3a, Oxy h\u00f3a, Anod h\u00f3a, Geomet, Dacromet, Oxit \u0111en, Phosphat h\u00f3a, S\u01a1n t\u0129nh \u0111i\u1ec7n v\u00e0 \u0110i\u1ec7n di Ti\u00eau chu\u1ea9n ISO, DIN, ANSI, JIS, BS v\u00e0 Kh\u00f4ng chu\u1ea9n. \u0110\u1ed9 ch\u00ednh x\u00e1c DIN6, DIN7, DIN8, DIN9. X\u1eed l\u00fd r\u0103ng: L\u00e0m c\u1ee9ng, Phay ho\u1eb7c M\u00e0i Dung sai ho\u00e0n thi\u1ec7n 0,001mm-0,01mm-0,1mm [\u2026]<\/p>","protected":false},"featured_media":4346,"comment_status":"open","ping_status":"closed","template":"","meta":{"_et_pb_use_builder":"","_et_pb_old_content":"","_et_gb_content_width":""},"product_brand":[],"product_cat":[106],"product_tag":[],"class_list":{"0":"post-7021","1":"product","2":"type-product","3":"status-publish","4":"has-post-thumbnail","6":"product_cat-bevel-gears","8":"first","9":"instock","10":"shipping-taxable","11":"product-type-simple"},"_links":{"self":[{"href":"https:\/\/fmp-components.com\/vi\/wp-json\/wp\/v2\/product\/7021","targetHints":{"allow":["GET"]}}],"collection":[{"href":"https:\/\/fmp-components.com\/vi\/wp-json\/wp\/v2\/product"}],"about":[{"href":"https:\/\/fmp-components.com\/vi\/wp-json\/wp\/v2\/types\/product"}],"replies":[{"embeddable":true,"href":"https:\/\/fmp-components.com\/vi\/wp-json\/wp\/v2\/comments?post=7021"}],"wp:featuredmedia":[{"embeddable":true,"href":"https:\/\/fmp-components.com\/vi\/wp-json\/wp\/v2\/media\/4346"}],"wp:attachment":[{"href":"https:\/\/fmp-components.com\/vi\/wp-json\/wp\/v2\/media?parent=7021"}],"wp:term":[{"taxonomy":"product_brand","embeddable":true,"href":"https:\/\/fmp-components.com\/vi\/wp-json\/wp\/v2\/product_brand?post=7021"},{"taxonomy":"product_cat","embeddable":true,"href":"https:\/\/fmp-components.com\/vi\/wp-json\/wp\/v2\/product_cat?post=7021"},{"taxonomy":"product_tag","embeddable":true,"href":"https:\/\/fmp-components.com\/vi\/wp-json\/wp\/v2\/product_tag?post=7021"}],"curies":[{"name":"wp","href":"https:\/\/api.w.org\/{rel}","templated":true}]}}