{"id":7020,"date":"2025-03-14T06:42:58","date_gmt":"2025-03-14T06:42:58","guid":{"rendered":"https:\/\/fmp-components.com\/?post_type=product&#038;p=7020"},"modified":"2025-03-27T01:27:19","modified_gmt":"2025-03-27T01:27:19","slug":"industrial-bevel-gears","status":"publish","type":"product","link":"https:\/\/fmp-components.com\/vi\/product\/industrial-bevel-gears\/","title":{"rendered":"B\u00e1nh r\u0103ng c\u00f4n c\u00f4ng nghi\u1ec7p"},"content":{"rendered":"<p><a href=\"https:\/\/fmp-components.com\/vi\/bevel-gear-2\/\">B\u00e1nh r\u0103ng c\u00f4n<\/a> \u0110\u01b0\u1eddng k\u00ednh M3-M20 trong v\u00f2ng 1200mm \u0110\u01b0\u1ee3c l\u00e0m b\u1eb1ng 20crmiti\/20crmnmo\/42CrMo cho B\u1ed9 gi\u1ea3m t\u1ed1c\/ M\u00e1y d\u1ea7u\/ M\u00e1y x\u00e2y d\u1ef1ng\/ Xe t\u1ea3i\/ M\u00e1y n\u00f4ng nghi\u1ec7p<\/p>\n<h2>Th\u00f4ng s\u1ed1 k\u1ef9 thu\u1eadt s\u1ea3n ph\u1ea9m<\/h2>\n<div class=\"table-responsive\">\n<table class=\"table\" style=\"width: 99.8343%; height: 197px;\" border=\"1\">\n<tbody>\n<tr>\n<td style=\"width: 29.443%;\">\u1ee8ng d\u1ee5ng:<\/td>\n<td style=\"width: 75.199%;\">M\u00e1y m\u00f3c, H\u00e0ng h\u1ea3i, M\u00e1y m\u00f3c n\u00f4ng nghi\u1ec7p, M\u00e1y m\u00f3c d\u1ea7u kh\u00ed<\/td>\n<\/tr>\n<tr>\n<td style=\"width: 29.443%;\">\u0110\u1ed9 c\u1ee9ng:<\/td>\n<td style=\"width: 75.199%;\">B\u1ec1 m\u1eb7t r\u0103ng c\u1ee9ng<\/td>\n<\/tr>\n<tr>\n<td style=\"width: 29.443%;\">V\u1ecb tr\u00ed b\u00e1nh r\u0103ng:<\/td>\n<td style=\"width: 75.199%;\">B\u00e1nh r\u0103ng ngo\u00e0i<\/td>\n<\/tr>\n<tr>\n<td style=\"width: 29.443%;\">Ph\u01b0\u01a1ng ph\u00e1p s\u1ea3n xu\u1ea5t:<\/td>\n<td style=\"width: 75.199%;\">Thi\u1ebft b\u1ecb m\u00e0i<\/td>\n<\/tr>\n<tr>\n<td style=\"width: 29.443%;\">H\u00ecnh d\u1ea1ng ph\u1ea7n r\u0103ng c\u01b0a:<\/td>\n<td style=\"width: 75.199%;\">B\u00e1nh xe v\u00e1t<\/td>\n<\/tr>\n<tr>\n<td style=\"width: 29.443%;\">V\u1eadt li\u1ec7u:<\/td>\n<td style=\"width: 75.199%;\">20crmnti<\/td>\n<\/tr>\n<\/tbody>\n<tbody>\n<tr>\n<td>M\u00f4 h\u00ecnh tr\u1ee5c b\u00e1nh r\u0103ng<\/td>\n<td>Thi\u1ebft b\u1ecb t\u00f9y ch\u1ec9nh theo m\u1eabu ho\u1eb7c b\u1ea3n v\u1ebd c\u1ee7a kh\u00e1ch h\u00e0ng<\/td>\n<\/tr>\n<tr>\n<td>M\u00e1y ch\u1ebf bi\u1ebfn<\/td>\n<td>M\u00e1y CNC<\/td>\n<\/tr>\n<tr>\n<td>V\u1eadt li\u1ec7u<\/td>\n<td>20CrMnTi\/ 20CrMnMo\/ 42CrMo\/ 45#steel\/ 40Cr\/ 20CrNi2MoA<\/td>\n<\/tr>\n<tr>\n<td>X\u1eed l\u00fd nhi\u1ec7t<\/td>\n<td>Th\u1ea5m cacbon v\u00e0 t\u00f4i\/ Ram\/ Th\u1ea5m nit\u01a1\/ Th\u1ea5m cacbon\/ L\u00e0m c\u1ee9ng c\u1ea3m \u1ee9ng<\/td>\n<\/tr>\n<tr>\n<td>\u0110\u1ed9 c\u1ee9ng<\/td>\n<td>58-62HRC<\/td>\n<\/tr>\n<tr>\n<td>Ti\u00eau chu\u1ea9n ch\u1ea5t l\u01b0\u1ee3ng<\/td>\n<td>GB\/ DIN\/ JIS\/ AGMA<\/td>\n<\/tr>\n<tr>\n<td>L\u1edbp ch\u00ednh x\u00e1c<\/td>\n<td>L\u1edbp 5-8<\/td>\n<\/tr>\n<tr>\n<td>V\u1eadn chuy\u1ec3n<\/td>\n<td>V\u1eadn chuy\u1ec3n \u0111\u01b0\u1eddng bi\u1ec3n\/ V\u1eadn chuy\u1ec3n h\u00e0ng kh\u00f4ng\/ Chuy\u1ec3n ph\u00e1t nhanh<\/td>\n<\/tr>\n<tr>\n<td>Th\u1eddi gian giao h\u00e0ng<\/td>\n<td>30 ng\u00e0y<\/td>\n<\/tr>\n<\/tbody>\n<\/table>\n<h2>Gi\u1edbi thi\u1ec7u v\u1ec1 FMP<\/h2>\n<p>FMP l\u00e0 nh\u00e0 s\u1ea3n xu\u1ea5t b\u00e1nh r\u0103ng v\u00e0 thanh r\u0103ng h\u00e0ng \u0111\u1ea7u c\u1ee7a \u00dd, n\u1ed5i ti\u1ebfng v\u1edbi chuy\u00ean m\u00f4n trong vi\u1ec7c s\u1ea3n xu\u1ea5t c\u1ea3 linh ki\u1ec7n ti\u00eau chu\u1ea9n v\u00e0 c\u00e1c gi\u1ea3i ph\u00e1p t\u00f9y ch\u1ec9nh. Ngo\u00e0i c\u00e1c linh ki\u1ec7n ti\u00eau chu\u1ea9n, FMP c\u00f2n chuy\u00ean ch\u1ebf t\u1ea1o b\u00e1nh r\u0103ng ti\u00eau chu\u1ea9n v\u00e0 chuy\u00ean d\u1ee5ng d\u1ef1a tr\u00ean b\u1ea3n v\u1ebd ho\u1eb7c m\u1eabu do kh\u00e1ch h\u00e0ng cung c\u1ea5p. B\u00e1nh r\u0103ng c\u1ee7a ch\u00fang t\u00f4i c\u00f3 s\u1eb5n trong nhi\u1ec1u lo\u1ea1i v\u1eadt li\u1ec7u, bao g\u1ed3m th\u00e9p cacbon, th\u00e9p kh\u00f4ng g\u1ec9, nh\u00f4m, \u0111\u1ed3ng, \u0111\u1ed3ng thau v\u00e0 nh\u1ef1a, d\u1ea1ng xo\u1eafn \u1ed1c ho\u1eb7c d\u1ea1ng r\u0103ng th\u1eb3ng. N\u1ebfu b\u1ea1n c\u00f3 b\u1ea5t k\u1ef3 y\u00eau c\u1ea7u n\u00e0o v\u1ec1 s\u1ea3n ph\u1ea9m b\u00e1nh r\u0103ng t\u00f9y ch\u1ec9nh, vui l\u00f2ng li\u00ean h\u1ec7 v\u1edbi ch\u00fang t\u00f4i qua email. \u0110\u1ed9i ng\u0169 k\u1ef9 s\u01b0 chuy\u00ean nghi\u1ec7p t\u1eadn t\u00e2m c\u1ee7a FMP s\u1ebd ph\u1ea3n h\u1ed3i y\u00eau c\u1ea7u c\u1ee7a b\u1ea1n trong v\u00f2ng 24 gi\u1edd.<\/p>\n<p><img loading=\"lazy\" decoding=\"async\" class=\"alignnone size-full wp-image-7010\" src=\"https:\/\/fmp-components.com\/wp-content\/uploads\/2025\/03\/bevel-gear-3.webp\" alt=\"b\u00e1nh r\u0103ng c\u00f4n\" width=\"1076\" height=\"721\" title=\"\" srcset=\"https:\/\/fmp-components.com\/wp-content\/uploads\/2025\/03\/bevel-gear-3.webp 1076w, https:\/\/fmp-components.com\/wp-content\/uploads\/2025\/03\/bevel-gear-3-980x657.webp 980w, https:\/\/fmp-components.com\/wp-content\/uploads\/2025\/03\/bevel-gear-3-480x322.webp 480w\" sizes=\"(min-width: 0px) and (max-width: 480px) 480px, (min-width: 481px) and (max-width: 980px) 980px, (min-width: 981px) 1076px, 100vw\" \/><\/p>\n<\/div>","protected":false},"excerpt":{"rendered":"<p>Bevel Gear M3-M20 Diameter Within 1200mm Made of 20crmiti\/20crmnmo\/42CrMo for Reducer\/ Oil Machine\/ Construction Machinery\/ Truck\/ Agricultural Machinery Product Specification Application: Machinery, Marine, Agricultural Machinery, Oil Machinery Hardness: Hardened Tooth Surface Gear Position: External Gear Manufacturing Method: Grinding Gear Toothed Portion Shape: Bevel Wheel Material: 20crmnti Gear shaft model Customized gear accoding to customers sample [&hellip;]<\/p>","protected":false},"featured_media":4336,"comment_status":"open","ping_status":"closed","template":"","meta":{"_et_pb_use_builder":"","_et_pb_old_content":"","_et_gb_content_width":""},"product_brand":[],"product_cat":[106],"product_tag":[],"class_list":{"0":"post-7020","1":"product","2":"type-product","3":"status-publish","4":"has-post-thumbnail","6":"product_cat-bevel-gears","8":"first","9":"instock","10":"shipping-taxable","11":"product-type-simple"},"_links":{"self":[{"href":"https:\/\/fmp-components.com\/vi\/wp-json\/wp\/v2\/product\/7020","targetHints":{"allow":["GET"]}}],"collection":[{"href":"https:\/\/fmp-components.com\/vi\/wp-json\/wp\/v2\/product"}],"about":[{"href":"https:\/\/fmp-components.com\/vi\/wp-json\/wp\/v2\/types\/product"}],"replies":[{"embeddable":true,"href":"https:\/\/fmp-components.com\/vi\/wp-json\/wp\/v2\/comments?post=7020"}],"wp:featuredmedia":[{"embeddable":true,"href":"https:\/\/fmp-components.com\/vi\/wp-json\/wp\/v2\/media\/4336"}],"wp:attachment":[{"href":"https:\/\/fmp-components.com\/vi\/wp-json\/wp\/v2\/media?parent=7020"}],"wp:term":[{"taxonomy":"product_brand","embeddable":true,"href":"https:\/\/fmp-components.com\/vi\/wp-json\/wp\/v2\/product_brand?post=7020"},{"taxonomy":"product_cat","embeddable":true,"href":"https:\/\/fmp-components.com\/vi\/wp-json\/wp\/v2\/product_cat?post=7020"},{"taxonomy":"product_tag","embeddable":true,"href":"https:\/\/fmp-components.com\/vi\/wp-json\/wp\/v2\/product_tag?post=7020"}],"curies":[{"name":"wp","href":"https:\/\/api.w.org\/{rel}","templated":true}]}}