{"id":7016,"date":"2025-03-14T06:40:35","date_gmt":"2025-03-14T06:40:35","guid":{"rendered":"https:\/\/fmp-components.com\/?post_type=product&#038;p=7016"},"modified":"2025-03-27T01:30:16","modified_gmt":"2025-03-27T01:30:16","slug":"automotive-bevel-gear","status":"publish","type":"product","link":"https:\/\/fmp-components.com\/vi\/product\/automotive-bevel-gear\/","title":{"rendered":"B\u00e1nh r\u0103ng c\u00f4n \u00f4 t\u00f4"},"content":{"rendered":"<p>K\u00edch th\u01b0\u1edbc: \u03a63mm- \u03a6120mm<br \/>\nM\u00f4-\u0111un: M2.2<br \/>\nLo\u1ea1i v\u1eadt li\u1ec7u: Kim lo\u1ea1i theo y\u00eau c\u1ea7u c\u1ee7a kh\u00e1ch h\u00e0ng<\/p>\n<h2>Th\u00f4ng s\u1ed1 k\u1ef9 thu\u1eadt s\u1ea3n ph\u1ea9m<\/h2>\n<div class=\"table-responsive\">\n<table class=\"table\" style=\"width: 100.25%; height: 353px;\" border=\"1\">\n<tbody>\n<tr>\n<td colspan=\"2\">B\u00e1nh r\u0103ng c\u00f4n \u00f4 t\u00f4<\/td>\n<\/tr>\n<tr>\n<td>K\u00edch th\u01b0\u1edbc<\/td>\n<td>\u03a612mm<\/td>\n<\/tr>\n<tr>\n<td>M\u00f4-\u0111un<\/td>\n<td>M0.15-M2.2<\/td>\n<\/tr>\n<tr>\n<td>Lo\u1ea1i v\u1eadt li\u1ec7u<\/td>\n<td>Kim lo\u1ea1i, \u0110\u1ed3ng, Th\u00e9p, H\u1ee3p kim, POM, K\u1ebdm, Nh\u00f4m, S\u1eaft, Kh\u00f4ng g\u1ec9, \u0110\u1ed3ng thau, \u0110\u1ed3ng<\/td>\n<\/tr>\n<tr>\n<td>C\u1ea5p \u0111\u1ed9 l\u01b0\u1edbi<\/td>\n<td>JGMA 1, JIS 6, AGMA 13, DIN 6,Din5,AGMA12<\/td>\n<\/tr>\n<tr>\n<td>\u1ee8ng d\u1ee5ng<\/td>\n<td>\u00d4 t\u00f4, Qu\u00e2n s\u1ef1, M\u00e1y bay, C\u01a1 kh\u00ed, C\u00f4ng nghi\u1ec7p, Y t\u1ebf<\/td>\n<\/tr>\n<tr>\n<td>T\u00f9y ch\u1ec9nh<\/td>\n<td>ODM\/OEM<\/td>\n<\/tr>\n<tr>\n<td>V\u1eadt m\u1eabu<\/td>\n<td>M\u1eabu c\u00f3 s\u1eb5n<\/td>\n<\/tr>\n<tr>\n<td>C\u00e1c ch\u1ebf \u0111\u1ed9 \u0111\u00f3ng g\u00f3i<\/td>\n<td>\u0110\u00f3ng g\u00f3i ch\u00e2n kh\u00f4ng v\u1edbi khay nh\u1ef1a<\/td>\n<\/tr>\n<tr>\n<td>Ph\u01b0\u01a1ng th\u1ee9c giao h\u00e0ng<\/td>\n<td>DHL v\u00e0 UPS<\/td>\n<\/tr>\n<tr>\n<td>Gi\u1ea5y ch\u1ee9ng nh\u1eadn<\/td>\n<td>ISO 9001: 2008\/TS16949<\/td>\n<\/tr>\n<\/tbody>\n<\/table>\n<\/div>\n<h2>\u0110\u1eb7c \u0111i\u1ec3m c\u1ee7a b\u00e1nh r\u0103ng c\u00f4n \u00f4 t\u00f4<\/h2>\n<div>\n<ul>\n<li class=\"break-words\"><strong>Truy\u1ec1n l\u1ef1c g\u00f3c c\u1ea1nh<\/strong>: <a href=\"https:\/\/fmp-components.com\/vi\/bevel-gear-2\/\">B\u00e1nh r\u0103ng c\u00f4n<\/a> \u0111\u01b0\u1ee3c thi\u1ebft k\u1ebf \u0111\u1ec3 truy\u1ec1n l\u1ef1c gi\u1eefa c\u00e1c tr\u1ee5c giao nhau \u1edf m\u1ed9t g\u00f3c, th\u01b0\u1eddng l\u00e0 90 \u0111\u1ed9, khi\u1ebfn ch\u00fang tr\u1edf n\u00ean l\u00fd t\u01b0\u1edfng cho c\u00e1c \u1ee9ng d\u1ee5ng nh\u01b0 b\u1ed9 vi sai trong xe khi c\u1ea7n thay \u0111\u1ed5i h\u01b0\u1edbng m\u00f4-men xo\u1eafn.<\/li>\n<li class=\"break-words\"><strong>Kh\u1ea3 n\u0103ng ch\u1ecbu t\u1ea3i cao<\/strong>:C\u00e1c b\u00e1nh r\u0103ng n\u00e0y \u0111\u01b0\u1ee3c thi\u1ebft k\u1ebf \u0111\u1ec3 x\u1eed l\u00fd m\u00f4-men xo\u1eafn v\u00e0 t\u1ea3i tr\u1ecdng \u0111\u00e1ng k\u1ec3, \u0111\u1ea3m b\u1ea3o \u0111\u1ed9 b\u1ec1n v\u00e0 \u0111\u1ed9 tin c\u1eady d\u01b0\u1edbi \u00e1p l\u1ef1c c\u1ee7a ho\u1ea1t \u0111\u1ed9ng \u00f4 t\u00f4, ch\u1eb3ng h\u1ea1n nh\u01b0 trong h\u1ec7 th\u1ed1ng d\u1eabn \u0111\u1ed9ng c\u1ea7u sau ho\u1eb7c t\u1ea5t c\u1ea3 c\u00e1c b\u00e1nh xe.<\/li>\n<li class=\"break-words\"><strong>Thi\u1ebft k\u1ebf r\u0103ng ch\u00ednh x\u00e1c<\/strong>:R\u0103ng c\u1ee7a b\u00e1nh r\u0103ng c\u00f4n \u0111\u01b0\u1ee3c c\u1eaft theo m\u1ed9t g\u00f3c (th\u1eb3ng, xo\u1eafn \u1ed1c ho\u1eb7c hypoid), cho ph\u00e9p \u0103n kh\u1edbp tr\u01a1n tru v\u00e0 truy\u1ec1n l\u1ef1c hi\u1ec7u qu\u1ea3 \u0111\u1ed3ng th\u1eddi gi\u1ea3m ti\u1ebfng \u1ed3n v\u00e0 \u0111\u1ed9 rung trong qu\u00e1 tr\u00ecnh v\u1eadn h\u00e0nh.<\/li>\n<li class=\"break-words\"><strong>Nh\u1ecf g\u1ecdn v\u00e0 \u0111a n\u0103ng<\/strong>:B\u00e1nh r\u0103ng c\u00f4n cho ph\u00e9p thi\u1ebft k\u1ebf nh\u1ecf g\u1ecdn trong c\u00e1c h\u1ec7 th\u1ed1ng \u00f4 t\u00f4, ch\u1eb3ng h\u1ea1n nh\u01b0 tr\u1ee5c v\u00e0 c\u01a1 c\u1ea5u l\u00e1i, do kh\u1ea3 n\u0103ng l\u1eafp v\u1eeba v\u00e0o kh\u00f4ng gian ch\u1eadt h\u1eb9p trong khi v\u1eabn duy tr\u00ec ch\u1ee9c n\u0103ng tr\u00ean nhi\u1ec1u t\u1ef7 s\u1ed1 truy\u1ec1n kh\u00e1c nhau.<\/li>\n<li class=\"break-words\"><strong>Kh\u1ea3 n\u0103ng ch\u1ed1ng m\u00e0i m\u00f2n<\/strong>:\u0110\u01b0\u1ee3c l\u00e0m t\u1eeb v\u1eadt li\u1ec7u ch\u1eafc ch\u1eafn nh\u01b0 th\u00e9p c\u1ee9ng ho\u1eb7c h\u1ee3p kim, v\u00e0 th\u01b0\u1eddng \u0111\u01b0\u1ee3c k\u1ebft h\u1ee3p v\u1edbi h\u1ec7 th\u1ed1ng b\u00f4i tr\u01a1n, b\u00e1nh r\u0103ng c\u00f4n \u00f4 t\u00f4 \u0111\u01b0\u1ee3c ch\u1ebf t\u1ea1o \u0111\u1ec3 ch\u1ed1ng m\u00e0i m\u00f2n v\u00e0 k\u00e9o d\u00e0i tu\u1ed5i th\u1ecd trong \u0111i\u1ec1u ki\u1ec7n t\u1ed1c \u0111\u1ed9 cao v\u00e0 \u00e1p su\u1ea5t cao.<\/li>\n<\/ul>\n<\/div>\n<div class=\"table-responsive\">\n<h2>Gi\u1edbi thi\u1ec7u v\u1ec1 FMP<\/h2>\n<p>FMP l\u00e0 nh\u00e0 s\u1ea3n xu\u1ea5t b\u00e1nh r\u0103ng v\u00e0 thanh r\u0103ng h\u00e0ng \u0111\u1ea7u c\u1ee7a \u00dd, n\u1ed5i ti\u1ebfng v\u1edbi chuy\u00ean m\u00f4n trong vi\u1ec7c s\u1ea3n xu\u1ea5t c\u1ea3 linh ki\u1ec7n ti\u00eau chu\u1ea9n v\u00e0 c\u00e1c gi\u1ea3i ph\u00e1p t\u00f9y ch\u1ec9nh. Ngo\u00e0i c\u00e1c linh ki\u1ec7n ti\u00eau chu\u1ea9n, FMP c\u00f2n chuy\u00ean ch\u1ebf t\u1ea1o b\u00e1nh r\u0103ng ti\u00eau chu\u1ea9n v\u00e0 chuy\u00ean d\u1ee5ng d\u1ef1a tr\u00ean b\u1ea3n v\u1ebd ho\u1eb7c m\u1eabu do kh\u00e1ch h\u00e0ng cung c\u1ea5p. B\u00e1nh r\u0103ng c\u1ee7a ch\u00fang t\u00f4i c\u00f3 s\u1eb5n trong nhi\u1ec1u lo\u1ea1i v\u1eadt li\u1ec7u, bao g\u1ed3m th\u00e9p cacbon, th\u00e9p kh\u00f4ng g\u1ec9, nh\u00f4m, \u0111\u1ed3ng, \u0111\u1ed3ng thau v\u00e0 nh\u1ef1a, d\u1ea1ng xo\u1eafn \u1ed1c ho\u1eb7c d\u1ea1ng r\u0103ng th\u1eb3ng. N\u1ebfu b\u1ea1n c\u00f3 b\u1ea5t k\u1ef3 y\u00eau c\u1ea7u n\u00e0o v\u1ec1 s\u1ea3n ph\u1ea9m b\u00e1nh r\u0103ng t\u00f9y ch\u1ec9nh, vui l\u00f2ng li\u00ean h\u1ec7 v\u1edbi ch\u00fang t\u00f4i qua email. \u0110\u1ed9i ng\u0169 k\u1ef9 s\u01b0 chuy\u00ean nghi\u1ec7p t\u1eadn t\u00e2m c\u1ee7a FMP s\u1ebd ph\u1ea3n h\u1ed3i y\u00eau c\u1ea7u c\u1ee7a b\u1ea1n trong v\u00f2ng 24 gi\u1edd.<\/p>\n<p><img loading=\"lazy\" decoding=\"async\" class=\"alignnone size-full wp-image-7010\" src=\"https:\/\/fmp-components.com\/wp-content\/uploads\/2025\/03\/bevel-gear-3.webp\" alt=\"b\u00e1nh r\u0103ng c\u00f4n\" width=\"1076\" height=\"721\" title=\"\" srcset=\"https:\/\/fmp-components.com\/wp-content\/uploads\/2025\/03\/bevel-gear-3.webp 1076w, https:\/\/fmp-components.com\/wp-content\/uploads\/2025\/03\/bevel-gear-3-980x657.webp 980w, https:\/\/fmp-components.com\/wp-content\/uploads\/2025\/03\/bevel-gear-3-480x322.webp 480w\" sizes=\"(min-width: 0px) and (max-width: 480px) 480px, (min-width: 481px) and (max-width: 980px) 980px, (min-width: 981px) 1076px, 100vw\" \/><\/p>\n<\/div>","protected":false},"excerpt":{"rendered":"<p>Dimension:\u03a63mm- \u03a6120mm Module: M2.2 Material Type: Metal as customer required Product Specification Automotive Bevel Gear Dimension \u03a612mm Module M0.15-M2.2 Material Type Metal, Bronze, Steel, Alloy, POM, Zinc, Aluminum, Iron, Stainless, Brass, Copper Meshing Grade JGMA 1, JIS 6, AGMA 13, DIN 6,Din5,AGMA12 Application Automotive, Military, Aircraft, Mechanical, industrial, Medical Customized ODM\/OEM Sample Sample available Modes [&hellip;]<\/p>","protected":false},"featured_media":4331,"comment_status":"open","ping_status":"closed","template":"","meta":{"_et_pb_use_builder":"","_et_pb_old_content":"","_et_gb_content_width":""},"product_brand":[],"product_cat":[106],"product_tag":[],"class_list":{"0":"post-7016","1":"product","2":"type-product","3":"status-publish","4":"has-post-thumbnail","6":"product_cat-bevel-gears","8":"first","9":"instock","10":"shipping-taxable","11":"product-type-simple"},"_links":{"self":[{"href":"https:\/\/fmp-components.com\/vi\/wp-json\/wp\/v2\/product\/7016","targetHints":{"allow":["GET"]}}],"collection":[{"href":"https:\/\/fmp-components.com\/vi\/wp-json\/wp\/v2\/product"}],"about":[{"href":"https:\/\/fmp-components.com\/vi\/wp-json\/wp\/v2\/types\/product"}],"replies":[{"embeddable":true,"href":"https:\/\/fmp-components.com\/vi\/wp-json\/wp\/v2\/comments?post=7016"}],"wp:featuredmedia":[{"embeddable":true,"href":"https:\/\/fmp-components.com\/vi\/wp-json\/wp\/v2\/media\/4331"}],"wp:attachment":[{"href":"https:\/\/fmp-components.com\/vi\/wp-json\/wp\/v2\/media?parent=7016"}],"wp:term":[{"taxonomy":"product_brand","embeddable":true,"href":"https:\/\/fmp-components.com\/vi\/wp-json\/wp\/v2\/product_brand?post=7016"},{"taxonomy":"product_cat","embeddable":true,"href":"https:\/\/fmp-components.com\/vi\/wp-json\/wp\/v2\/product_cat?post=7016"},{"taxonomy":"product_tag","embeddable":true,"href":"https:\/\/fmp-components.com\/vi\/wp-json\/wp\/v2\/product_tag?post=7016"}],"curies":[{"name":"wp","href":"https:\/\/api.w.org\/{rel}","templated":true}]}}