{"id":7012,"date":"2025-03-14T06:22:07","date_gmt":"2025-03-14T06:22:07","guid":{"rendered":"https:\/\/fmp-components.com\/?post_type=product&#038;p=7012"},"modified":"2025-03-27T01:30:42","modified_gmt":"2025-03-27T01:30:42","slug":"plastic-bevel-gears","status":"publish","type":"product","link":"https:\/\/fmp-components.com\/vi\/product\/plastic-bevel-gears\/","title":{"rendered":"B\u00e1nh r\u0103ng c\u00f4n nh\u1ef1a"},"content":{"rendered":"<h2>M\u00f4 t\u1ea3 b\u00e1nh r\u0103ng c\u00f4n nh\u1ef1a<\/h2>\n<p>K\u00edch th\u01b0\u1edbc: \u03a612<br \/>\nM\u00f4-\u0111un: M0.25<br \/>\nLo\u1ea1i v\u1eadt li\u1ec7u: Nh\u1ef1a, POM, Nylon\u2026theo y\u00eau c\u1ea7u c\u1ee7a kh\u00e1ch h\u00e0ng<br \/>\nT\u1ef7 l\u1ec7: 1:1, 2:1, 3:1, 4:1, 5:1<br \/>\nNhi\u1ec7t \u0111\u1ed9 ho\u1ea1t \u0111\u1ed9ng: -40\u00b0C \u0111\u1ebfn 80\u00b0C<\/p>\n<table style=\"border-collapse: collapse; width: 102.442%; height: 315px;\" border=\"0\" width=\"163\" cellspacing=\"0\" cellpadding=\"0\">\n<tbody>\n<tr style=\"height: 14.40pt;\">\n<td style=\"height: 14.40pt; width: 49.80pt;\" align=\"right\" width=\"83\" height=\"24\"><img loading=\"lazy\" decoding=\"async\" class=\"alignnone size-full wp-image-7014\" src=\"https:\/\/fmp-components.com\/wp-content\/uploads\/2025\/03\/Plastic-Bevel-Gears-1.webp\" alt=\"B\u00e1nh r\u0103ng c\u00f4n nh\u1ef1a\" width=\"520\" height=\"360\" title=\"\" srcset=\"https:\/\/fmp-components.com\/wp-content\/uploads\/2025\/03\/Plastic-Bevel-Gears-1.webp 520w, https:\/\/fmp-components.com\/wp-content\/uploads\/2025\/03\/Plastic-Bevel-Gears-1-480x332.webp 480w\" sizes=\"(min-width: 0px) and (max-width: 480px) 480px, (min-width: 481px) 520px, 100vw\" \/><\/td>\n<td style=\"width: 48.00pt;\" align=\"right\" width=\"80\"><img loading=\"lazy\" decoding=\"async\" class=\"alignnone size-full wp-image-7013\" src=\"https:\/\/fmp-components.com\/wp-content\/uploads\/2025\/03\/Plastic-Bevel-Gears.webp\" alt=\"B\u00e1nh r\u0103ng c\u00f4n nh\u1ef1a\" width=\"520\" height=\"360\" title=\"\" srcset=\"https:\/\/fmp-components.com\/wp-content\/uploads\/2025\/03\/Plastic-Bevel-Gears.webp 520w, https:\/\/fmp-components.com\/wp-content\/uploads\/2025\/03\/Plastic-Bevel-Gears-480x332.webp 480w\" sizes=\"(min-width: 0px) and (max-width: 480px) 480px, (min-width: 481px) 520px, 100vw\" \/><\/td>\n<\/tr>\n<\/tbody>\n<\/table>\n<table style=\"width: 101.183%; height: 1072px;\" border=\"1\" cellspacing=\"0\" cellpadding=\"0\">\n<thead>\n<tr>\n<th rowspan=\"2\">Ph\u1ea7n s\u1ed1<br \/>\n(Li\u00ean k\u1ebft)<\/th>\n<td rowspan=\"2\">S\u00e2n b\u00f3ng \u0111\u00e1<br \/>\n(s\u1eeda \u0111\u1ed5i)<\/td>\n<th rowspan=\"2\">KH\u00d4NG.<br \/>\nc\u1ee7a<br \/>\nR\u0103ng<\/th>\n<th colspan=\"9\" align=\"left\">T\u1ea5t c\u1ea3 c\u00e1c k\u00edch th\u01b0\u1edbc t\u00ednh b\u1eb1ng mm<\/th>\n<th rowspan=\"2\">Thau<br \/>\nCh\u00e8n<br \/>\nV\u00e0<br \/>\nB\u1ed9<br \/>\nV\u00edt<\/th>\n<\/tr>\n<tr>\n<th>Ngo\u00e0i<br \/>\n\u0110\u01b0\u1eddng k\u00ednh<\/th>\n<th>S\u00e2n b\u00f3ng \u0111\u00e1<br \/>\n\u0110\u01b0\u1eddng k\u00ednh<\/th>\n<th>Khoan<br \/>\n\u0110\u01b0\u1eddng k\u00ednh<br \/>\n\u201cB\u201d<\/th>\n<td>'\u0110\u0128A CD'<\/td>\n<td>Trung t\u00e2m<br \/>\ndia 'C'<\/td>\n<td>\u00d4ng ch\u1ee7<br \/>\nChi\u1ec1u d\u00e0i 'E'<\/td>\n<td>R\u0103ng<br \/>\nChi\u1ec1u r\u1ed9ng 'F'<\/td>\n<td>Chi\u1ec1u d\u00e0i<br \/>\n'G'<\/td>\n<td>Chi\u1ec1u d\u00e0i<br \/>\n'H'<\/td>\n<\/tr>\n<tr>\n<td colspan=\"13\">T\u1ef7 l\u1ec7 1:1<\/td>\n<\/tr>\n<\/thead>\n<tbody>\n<tr>\n<td>GB05M016<\/td>\n<td>0.5<\/td>\n<td>16<\/td>\n<td>8.7<\/td>\n<td>8.0<\/td>\n<td>3.0<\/td>\n<td>10.5<\/td>\n<td>7.0<\/td>\n<td>6.0<\/td>\n<td>2.0<\/td>\n<td>8.0<\/td>\n<td>8.0<\/td>\n<td><img decoding=\"async\" src=\"https:\/\/www.motionco.co.uk\/image\/data\/motionco\/no_icon_back.png\" alt=\"KH\u00d4NG\" title=\"\"><\/td>\n<\/tr>\n<tr>\n<td><\/td>\n<td><\/td>\n<td><\/td>\n<td><\/td>\n<td><\/td>\n<td><\/td>\n<td><\/td>\n<td><\/td>\n<td><\/td>\n<td><\/td>\n<td><\/td>\n<td><\/td>\n<td><\/td>\n<\/tr>\n<tr>\n<td>GB1M016<\/td>\n<td>1<\/td>\n<td>16<\/td>\n<td>17.6<\/td>\n<td>16<\/td>\n<td>5.0<\/td>\n<td>18.4<\/td>\n<td>12.0<\/td>\n<td>8.0<\/td>\n<td>4.7<\/td>\n<td>13.6<\/td>\n<td>13.6<\/td>\n<td><img decoding=\"async\" src=\"https:\/\/www.motionco.co.uk\/image\/data\/motionco\/no_icon_back.png\" alt=\"KH\u00d4NG\" title=\"\"><\/td>\n<\/tr>\n<tr>\n<td><\/td>\n<td><\/td>\n<td><\/td>\n<td><\/td>\n<td><\/td>\n<td><\/td>\n<td><\/td>\n<td><\/td>\n<td><\/td>\n<td><\/td>\n<td><\/td>\n<td><\/td>\n<td><\/td>\n<\/tr>\n<tr>\n<td>GB1M016BS<\/td>\n<td>1<\/td>\n<td>16<\/td>\n<td>17.6<\/td>\n<td>16<\/td>\n<td>5.0<\/td>\n<td>18.4<\/td>\n<td>16.0<\/td>\n<td>8.0<\/td>\n<td>4.7<\/td>\n<td>13.6<\/td>\n<td>13.6<\/td>\n<td><img decoding=\"async\" src=\"https:\/\/www.motionco.co.uk\/image\/data\/motionco\/affirmative.png\" alt=\"\u0110\u00fang\" title=\"\"><\/td>\n<\/tr>\n<\/tbody>\n<thead>\n<tr>\n<td colspan=\"13\">T\u1ef7 l\u1ec7 2:1<\/td>\n<\/tr>\n<\/thead>\n<tbody>\n<tr>\n<td rowspan=\"2\">GB1M215030<\/td>\n<td rowspan=\"2\">1<\/td>\n<td>15<\/td>\n<td>16.8<\/td>\n<td>15.0<\/td>\n<td>5.0<\/td>\n<td>26.4<\/td>\n<td>12.2<\/td>\n<td>10.6<\/td>\n<td>6.6<\/td>\n<td>17.0<\/td>\n<td>17.0<\/td>\n<td><img decoding=\"async\" src=\"https:\/\/www.motionco.co.uk\/image\/data\/motionco\/no_icon_back.png\" alt=\"KH\u00d4NG\" title=\"\"><\/td>\n<\/tr>\n<tr>\n<td>30<\/td>\n<td>31.1<\/td>\n<td>30.0<\/td>\n<td>8.0<\/td>\n<td>20.9<\/td>\n<td>18.0<\/td>\n<td>9.1<\/td>\n<td>6.6<\/td>\n<td>14.8<\/td>\n<td>16.2<\/td>\n<td><img decoding=\"async\" src=\"https:\/\/www.motionco.co.uk\/image\/data\/motionco\/no_icon_back.png\" alt=\"KH\u00d4NG\" title=\"\"><\/td>\n<\/tr>\n<tr>\n<td><\/td>\n<td><\/td>\n<td><\/td>\n<td><\/td>\n<td><\/td>\n<td><\/td>\n<td><\/td>\n<td><\/td>\n<td><\/td>\n<td><\/td>\n<td><\/td>\n<td><\/td>\n<td><\/td>\n<\/tr>\n<tr>\n<td rowspan=\"2\">GB1M215030BS<\/td>\n<td rowspan=\"2\">1<\/td>\n<td>15<\/td>\n<td>16.8<\/td>\n<td>15.0<\/td>\n<td>5.0<\/td>\n<td>26.4<\/td>\n<td>16.0<\/td>\n<td>10.6<\/td>\n<td>6.6<\/td>\n<td>17.0<\/td>\n<td>17.0<\/td>\n<td><img decoding=\"async\" src=\"https:\/\/www.motionco.co.uk\/image\/data\/motionco\/affirmative.png\" alt=\"\u0110\u00fang\" title=\"\"><\/td>\n<\/tr>\n<tr>\n<td>30<\/td>\n<td>31.1<\/td>\n<td>30.0<\/td>\n<td>4.0<\/td>\n<td>20.9<\/td>\n<td>18.0<\/td>\n<td>9.1<\/td>\n<td>6.6<\/td>\n<td>14.8<\/td>\n<td>16.2<\/td>\n<td><img decoding=\"async\" src=\"https:\/\/www.motionco.co.uk\/image\/data\/motionco\/affirmative.png\" alt=\"\u0110\u00fang\" title=\"\"><\/td>\n<\/tr>\n<\/tbody>\n<thead>\n<tr>\n<td colspan=\"13\">T\u1ef7 l\u1ec7 3:1<\/td>\n<\/tr>\n<\/thead>\n<tbody>\n<tr>\n<td rowspan=\"2\">GB1M315045<\/td>\n<td rowspan=\"2\">1<\/td>\n<td>15<\/td>\n<td>16.6<\/td>\n<td>15.0<\/td>\n<td>5.0<\/td>\n<td>34.3<\/td>\n<td>12.3<\/td>\n<td>11.0<\/td>\n<td>9.2<\/td>\n<td><\/td>\n<td>20.4<\/td>\n<td><img decoding=\"async\" src=\"https:\/\/www.motionco.co.uk\/image\/data\/motionco\/no_icon_back.png\" alt=\"KH\u00d4NG\" title=\"\"><\/td>\n<\/tr>\n<tr>\n<td>45<\/td>\n<td>46.1<\/td>\n<td>45.0<\/td>\n<td>10.0<\/td>\n<td>22.7<\/td>\n<td>23.4<\/td>\n<td>9.6<\/td>\n<td>9.2<\/td>\n<td>16.5<\/td>\n<td>18.2<\/td>\n<td><img decoding=\"async\" src=\"https:\/\/www.motionco.co.uk\/image\/data\/motionco\/no_icon_back.png\" alt=\"KH\u00d4NG\" title=\"\"><\/td>\n<\/tr>\n<tr>\n<td><\/td>\n<td><\/td>\n<td><\/td>\n<td><\/td>\n<td><\/td>\n<td><\/td>\n<td><\/td>\n<td><\/td>\n<td><\/td>\n<td><\/td>\n<td><\/td>\n<td><\/td>\n<td><\/td>\n<\/tr>\n<tr>\n<td rowspan=\"2\">GB1M315045BS<\/td>\n<td rowspan=\"2\">1<\/td>\n<td>15<\/td>\n<td>16.6<\/td>\n<td>15.0<\/td>\n<td>5.0<\/td>\n<td>34.3<\/td>\n<td>16.0<\/td>\n<td>11.0<\/td>\n<td>9.2<\/td>\n<td><\/td>\n<td>20.4<\/td>\n<td><img decoding=\"async\" src=\"https:\/\/www.motionco.co.uk\/image\/data\/motionco\/affirmative.png\" alt=\"\u0110\u00fang\" title=\"\"><\/td>\n<\/tr>\n<tr>\n<td>45<\/td>\n<td>46.1<\/td>\n<td>45.0<\/td>\n<td>6.0<\/td>\n<td>22.7<\/td>\n<td>23.4<\/td>\n<td>9.6<\/td>\n<td>9.2<\/td>\n<td>16.5<\/td>\n<td>18.2<\/td>\n<td><img decoding=\"async\" src=\"https:\/\/www.motionco.co.uk\/image\/data\/motionco\/affirmative.png\" alt=\"\u0110\u00fang\" title=\"\"><\/td>\n<\/tr>\n<\/tbody>\n<thead>\n<tr>\n<td colspan=\"13\">T\u1ef7 l\u1ec7 4:1<\/td>\n<\/tr>\n<\/thead>\n<tbody>\n<tr>\n<td rowspan=\"2\">GB1M410040<\/td>\n<td rowspan=\"2\">1<\/td>\n<td>10<\/td>\n<td>12.0<\/td>\n<td>10.0<\/td>\n<td>4.0<\/td>\n<td>30.1<\/td>\n<td>7.8<\/td>\n<td>9.3<\/td>\n<td>8.2<\/td>\n<td><\/td>\n<td>17.7<\/td>\n<td><img decoding=\"async\" src=\"https:\/\/www.motionco.co.uk\/image\/data\/motionco\/no_icon_back.png\" alt=\"KH\u00d4NG\" title=\"\"><\/td>\n<\/tr>\n<tr>\n<td>40<\/td>\n<td>40.8<\/td>\n<td>40.0<\/td>\n<td>10.0<\/td>\n<td>20.1<\/td>\n<td>23.4<\/td>\n<td>10.8<\/td>\n<td>8.2<\/td>\n<td>15.7<\/td>\n<td>17.0<\/td>\n<td><img decoding=\"async\" src=\"https:\/\/www.motionco.co.uk\/image\/data\/motionco\/no_icon_back.png\" alt=\"KH\u00d4NG\" title=\"\"><\/td>\n<\/tr>\n<tr>\n<td><\/td>\n<td><\/td>\n<td><\/td>\n<td><\/td>\n<td><\/td>\n<td><\/td>\n<td><\/td>\n<td><\/td>\n<td><\/td>\n<td><\/td>\n<td><\/td>\n<td><\/td>\n<td><\/td>\n<\/tr>\n<tr>\n<td rowspan=\"2\">GB1M410040BS<\/td>\n<td rowspan=\"2\">1<\/td>\n<td>10<\/td>\n<td>12.0<\/td>\n<td>10.0<\/td>\n<td>4.0<\/td>\n<td>30.1<\/td>\n<td>12.7<\/td>\n<td>9.3<\/td>\n<td>8.2<\/td>\n<td><\/td>\n<td>17.7<\/td>\n<td><img decoding=\"async\" src=\"https:\/\/www.motionco.co.uk\/image\/data\/motionco\/affirmative.png\" alt=\"\u0110\u00fang\" title=\"\"><\/td>\n<\/tr>\n<tr>\n<td>40<\/td>\n<td>40.8<\/td>\n<td>40.0<\/td>\n<td>6.0<\/td>\n<td>20.1<\/td>\n<td>23.4<\/td>\n<td>10.8<\/td>\n<td>8.2<\/td>\n<td>15.7<\/td>\n<td>17.0<\/td>\n<td><img decoding=\"async\" src=\"https:\/\/www.motionco.co.uk\/image\/data\/motionco\/affirmative.png\" alt=\"\u0110\u00fang\" title=\"\"><\/td>\n<\/tr>\n<\/tbody>\n<thead>\n<tr>\n<td colspan=\"13\">T\u1ef7 l\u1ec7 5:1<\/td>\n<\/tr>\n<\/thead>\n<tbody>\n<tr>\n<td rowspan=\"2\">GB1M512060<\/td>\n<td rowspan=\"2\">1<\/td>\n<td>12<\/td>\n<td>13.7<\/td>\n<td>12.0<\/td>\n<td>4.0<\/td>\n<td>40.5<\/td>\n<td>9.5<\/td>\n<td>10.0<\/td>\n<td>9.5<\/td>\n<td><\/td>\n<td>20.3<\/td>\n<td><img decoding=\"async\" src=\"https:\/\/www.motionco.co.uk\/image\/data\/motionco\/no_icon_back.png\" alt=\"KH\u00d4NG\" title=\"\"><\/td>\n<\/tr>\n<tr>\n<td>60<\/td>\n<td>60.4<\/td>\n<td>60<\/td>\n<td>10.0<\/td>\n<td>21.0<\/td>\n<td>20.5<\/td>\n<td>11.0<\/td>\n<td>9.5<\/td>\n<td>15.5<\/td>\n<td>17.4<\/td>\n<td><img decoding=\"async\" src=\"https:\/\/www.motionco.co.uk\/image\/data\/motionco\/no_icon_back.png\" alt=\"KH\u00d4NG\" title=\"\"><\/td>\n<\/tr>\n<tr>\n<td><\/td>\n<td><\/td>\n<td><\/td>\n<td><\/td>\n<td><\/td>\n<td><\/td>\n<td><\/td>\n<td><\/td>\n<td><\/td>\n<td><\/td>\n<td><\/td>\n<td><\/td>\n<td><\/td>\n<\/tr>\n<tr>\n<td rowspan=\"2\">GB1M512060BS<\/td>\n<td rowspan=\"2\">1<\/td>\n<td>12<\/td>\n<td>13.7<\/td>\n<td>12.0<\/td>\n<td>4.0<\/td>\n<td>40.5<\/td>\n<td>14.3<\/td>\n<td>10.0<\/td>\n<td>9.5<\/td>\n<td><\/td>\n<td>20.3<\/td>\n<td><img decoding=\"async\" src=\"https:\/\/www.motionco.co.uk\/image\/data\/motionco\/affirmative.png\" alt=\"\u0110\u00fang\" title=\"\"><\/td>\n<\/tr>\n<tr>\n<td>60<\/td>\n<td>60.4<\/td>\n<td>60<\/td>\n<td>6.0<\/td>\n<td>21.0<\/td>\n<td>20.5<\/td>\n<td>11.0<\/td>\n<td>9.5<\/td>\n<td>15.5<\/td>\n<td>17.4<\/td>\n<td><img decoding=\"async\" src=\"https:\/\/www.motionco.co.uk\/image\/data\/motionco\/affirmative.png\" alt=\"\u0110\u00fang\" title=\"\"><\/td>\n<\/tr>\n<tr>\n<td><\/td>\n<td><\/td>\n<td><\/td>\n<td><\/td>\n<td><\/td>\n<td><\/td>\n<td><\/td>\n<td><\/td>\n<td><\/td>\n<td><\/td>\n<td><\/td>\n<td><\/td>\n<td><\/td>\n<\/tr>\n<tr>\n<td>GB1M512*<\/td>\n<td>1<\/td>\n<td>12<\/td>\n<td>13.7<\/td>\n<td>12.0<\/td>\n<td>4.0<\/td>\n<td>40.5<\/td>\n<td>9.5<\/td>\n<td>10.0<\/td>\n<td>9.5<\/td>\n<td><\/td>\n<td>20.3<\/td>\n<td><img decoding=\"async\" src=\"https:\/\/www.motionco.co.uk\/image\/data\/motionco\/no_icon_back.png\" alt=\"KH\u00d4NG\" title=\"\"><\/td>\n<\/tr>\n<tr>\n<td>GB1M512BS*<\/td>\n<td>1<\/td>\n<td>12<\/td>\n<td>13.7<\/td>\n<td>12.0<\/td>\n<td>4.0<\/td>\n<td>40.5<\/td>\n<td>14.3<\/td>\n<td>10.0<\/td>\n<td>9.5<\/td>\n<td><\/td>\n<td>20.3<\/td>\n<td><img decoding=\"async\" src=\"https:\/\/www.motionco.co.uk\/image\/data\/motionco\/affirmative.png\" alt=\"\u0110\u00fang\" title=\"\"><\/td>\n<\/tr>\n<\/tbody>\n<thead>\n<tr>\n<td colspan=\"13\">*L\u01b0u \u00fd: C\u00e1c b\u00e1nh r\u0103ng n\u00e0y ch\u1ec9 ph\u00f9 h\u1ee3p v\u1edbi b\u00e1nh r\u0103ng c\u00f4n 60 r\u0103ng. H\u00ecnh d\u1ea1ng c\u1ee7a ch\u00fang kh\u00f4ng t\u01b0\u01a1ng th\u00edch v\u1edbi c\u00e1c b\u00e1nh r\u0103ng kh\u00e1c.<\/td>\n<\/tr>\n<\/thead>\n<\/table>\n<h2>Th\u00f4ng s\u1ed1 k\u1ef9 thu\u1eadt b\u00e1nh r\u0103ng c\u00f4n nh\u1ef1a<\/h2>\n<div class=\"table-responsive\">\n<table class=\"table\" style=\"width: 102.218%; height: 370px;\" border=\"1\" cellspacing=\"0\" cellpadding=\"0\">\n<tbody>\n<tr>\n<td style=\"width: 99.7543%;\" colspan=\"2\">B\u00e1nh r\u0103ng c\u00f4n nh\u1ef1a<\/td>\n<\/tr>\n<tr>\n<td style=\"width: 21.7445%;\">K\u00edch th\u01b0\u1edbc<\/td>\n<td style=\"width: 78.0098%;\">\u03a63mm- \u03a6120mm<\/td>\n<\/tr>\n<tr>\n<td style=\"width: 21.7445%;\">M\u00f4-\u0111un<\/td>\n<td style=\"width: 78.0098%;\">M0,15, M0,2, M0,25-M0,8, M0,8<br \/>\nM1.5<\/td>\n<\/tr>\n<tr>\n<td style=\"width: 21.7445%;\">Lo\u1ea1i v\u1eadt li\u1ec7u<\/td>\n<td style=\"width: 78.0098%;\">POM, PA, PPA, PBT PEEK theo y\u00eau c\u1ea7u<\/td>\n<\/tr>\n<tr>\n<td style=\"width: 21.7445%;\">C\u1ea5p \u0111\u1ed9 l\u01b0\u1edbi<\/td>\n<td style=\"width: 78.0098%;\">GB 6, ISO 6, JGMA 1, JIS 6, AGMA 13, DIN 6,DIN5<\/td>\n<\/tr>\n<tr>\n<td style=\"width: 21.7445%;\">\u1ee8ng d\u1ee5ng<\/td>\n<td style=\"width: 78.0098%;\">Y t\u1ebf, C\u00f4ng nghi\u1ec7p, \u00d4 t\u00f4, Qu\u00e2n s\u1ef1, M\u00e1y bay, C\u01a1 kh\u00ed, \u00d4 t\u00f4<\/td>\n<\/tr>\n<tr>\n<td style=\"width: 21.7445%;\">T\u00f9y ch\u1ec9nh<\/td>\n<td style=\"width: 78.0098%;\">ODM\/OEM<\/td>\n<\/tr>\n<tr>\n<td style=\"width: 21.7445%;\">V\u1eadt m\u1eabu<\/td>\n<td style=\"width: 78.0098%;\">M\u1eabu c\u00f3 s\u1eb5n<\/td>\n<\/tr>\n<tr>\n<td style=\"width: 21.7445%;\">C\u00e1c ch\u1ebf \u0111\u1ed9 \u0111\u00f3ng g\u00f3i<\/td>\n<td style=\"width: 78.0098%;\">\u0110\u00f3ng g\u00f3i ch\u00e2n kh\u00f4ng v\u1edbi khay nh\u1ef1a<\/td>\n<\/tr>\n<tr>\n<td style=\"width: 21.7445%;\">Ph\u01b0\u01a1ng th\u1ee9c giao h\u00e0ng<\/td>\n<td style=\"width: 78.0098%;\">DHL &amp; TNT &amp; FedEx &amp; UPS<\/td>\n<\/tr>\n<tr>\n<td style=\"width: 21.7445%;\">Gi\u1ea5y ch\u1ee9ng nh\u1eadn<\/td>\n<td style=\"width: 78.0098%;\">ISO 9001: 2008\/TS16949<\/td>\n<\/tr>\n<\/tbody>\n<\/table>\n<h2>\u0110\u1eb7c \u0111i\u1ec3m c\u1ee7a b\u00e1nh r\u0103ng c\u00f4n nh\u1ef1a<\/h2>\n<\/div>\n<div>\n<ul>\n<li class=\"break-words\"><strong>K\u1ebft c\u1ea5u nh\u1eb9<\/strong>: Nh\u1ef1a <a href=\"https:\/\/fmp-components.com\/vi\/bevel-gear-2\/\">b\u00e1nh r\u0103ng c\u00f4n<\/a> nh\u1eb9 h\u01a1n \u0111\u00e1ng k\u1ec3 so v\u1edbi c\u00e1c s\u1ea3n ph\u1ea9m kim lo\u1ea1i c\u00f9ng lo\u1ea1i nh\u1edd s\u1eed d\u1ee5ng c\u00e1c v\u1eadt li\u1ec7u nh\u01b0 nylon, acetal ho\u1eb7c polycarbonate. \u0110i\u1ec1u n\u00e0y gi\u00fap gi\u1ea3m t\u1ed5ng tr\u1ecdng l\u01b0\u1ee3ng c\u1ee7a m\u00e1y m\u00f3c v\u00e0 c\u1ea3i thi\u1ec7n hi\u1ec7u qu\u1ea3 trong c\u00e1c \u1ee9ng d\u1ee5ng \u0111\u00f2i h\u1ecfi y\u1ebfu t\u1ed1 tr\u1ecdng l\u01b0\u1ee3ng.<\/li>\n<li class=\"break-words\"><strong>Kh\u1ea3 n\u0103ng ch\u1ed1ng \u0103n m\u00f2n<\/strong>:Kh\u00f4ng gi\u1ed1ng nh\u01b0 b\u00e1nh r\u0103ng kim lo\u1ea1i, b\u00e1nh r\u0103ng c\u00f4n nh\u1ef1a c\u00f3 kh\u1ea3 n\u0103ng ch\u1ed1ng \u0103n m\u00f2n v\u00e0 g\u1ec9 s\u00e9t cao, khi\u1ebfn ch\u00fang tr\u1edf n\u00ean l\u00fd t\u01b0\u1edfng \u0111\u1ec3 s\u1eed d\u1ee5ng trong m\u00f4i tr\u01b0\u1eddng \u1ea9m \u01b0\u1edbt ho\u1eb7c c\u00f3 t\u00ednh \u0103n m\u00f2n h\u00f3a h\u1ecdc m\u00e0 kh\u00f4ng c\u1ea7n l\u1edbp ph\u1ee7 b\u1ea3o v\u1ec7 b\u1ed5 sung.<\/li>\n<li class=\"break-words\"><strong>Ho\u1ea1t \u0111\u1ed9ng \u00edt ti\u1ebfng \u1ed3n<\/strong>: \u0110\u1eb7c t\u00ednh gi\u1ea3m ch\u1ea5n v\u1ed1n c\u00f3 c\u1ee7a v\u1eadt li\u1ec7u nh\u1ef1a gi\u00fap b\u00e1nh r\u0103ng ho\u1ea1t \u0111\u1ed9ng \u00eam h\u01a1n so v\u1edbi b\u00e1nh r\u0103ng kim lo\u1ea1i. \u0110i\u1ec1u n\u00e0y l\u00e0m cho ch\u00fang ph\u00f9 h\u1ee3p cho c\u00e1c \u1ee9ng d\u1ee5ng \u01b0u ti\u00ean gi\u1ea3m ti\u1ebfng \u1ed3n, ch\u1eb3ng h\u1ea1n nh\u01b0 trong c\u00e1c thi\u1ebft b\u1ecb gia d\u1ee5ng ho\u1eb7c thi\u1ebft b\u1ecb v\u0103n ph\u00f2ng.<\/li>\n<li class=\"break-words\"><strong>S\u1ea3n xu\u1ea5t ti\u1ebft ki\u1ec7m chi ph\u00ed<\/strong>: B\u00e1nh r\u0103ng c\u00f4n nh\u1ef1a c\u00f3 th\u1ec3 \u0111\u01b0\u1ee3c s\u1ea3n xu\u1ea5t h\u00e0ng lo\u1ea1t b\u1eb1ng ph\u01b0\u01a1ng ph\u00e1p \u00e9p phun ho\u1eb7c c\u00e1c quy tr\u00ecnh s\u1ea3n xu\u1ea5t ti\u1ebft ki\u1ec7m kh\u00e1c, gi\u00fap gi\u1ea3m chi ph\u00ed s\u1ea3n xu\u1ea5t v\u00e0 tr\u1edf th\u00e0nh l\u1ef1a ch\u1ecdn ph\u00f9 h\u1ee3p v\u1edbi nhi\u1ec1u ng\u00e0nh c\u00f4ng nghi\u1ec7p.<\/li>\n<li class=\"break-words\"><strong>T\u00ednh ch\u1ea5t t\u1ef1 b\u00f4i tr\u01a1n<\/strong>:Nhi\u1ec1u v\u1eadt li\u1ec7u nh\u1ef1a \u0111\u01b0\u1ee3c s\u1eed d\u1ee5ng trong b\u00e1nh r\u0103ng c\u00f4n, ch\u1eb3ng h\u1ea1n nh\u01b0 nh\u1ef1a nylon ho\u1eb7c nh\u1ef1a pha PTFE, c\u00f3 kh\u1ea3 n\u0103ng b\u00f4i tr\u01a1n t\u1ef1 nhi\u00ean, gi\u00fap gi\u1ea3m nhu c\u1ea7u b\u00f4i tr\u01a1n b\u00ean ngo\u00e0i v\u00e0 gi\u1ea3m thi\u1ec3u y\u00eau c\u1ea7u b\u1ea3o tr\u00ec trong h\u1ec7 th\u1ed1ng c\u01a1 kh\u00ed.<\/li>\n<\/ul>\n<div>\n<h3>\u1ee8ng d\u1ee5ng c\u1ee7a b\u00e1nh r\u0103ng c\u00f4n nh\u1ef1a<\/h3>\n<p class=\"break-words\">B\u00e1nh r\u0103ng c\u00f4n nh\u1ef1a, tuy k\u00e9m b\u1ec1n h\u01a1n b\u00e1nh r\u0103ng th\u00e9p, nh\u01b0ng l\u1ea1i c\u00f3 kh\u1ea3 n\u0103ng ch\u1ed1ng m\u00e0i m\u00f2n v\u00e0 v\u1eadn h\u00e0nh \u00eam \u00e1i. Ch\u00fang l\u00fd t\u01b0\u1edfng cho:<\/p>\n<ol class=\"marker:text-secondary\">\n<li class=\"break-words\"><strong>Thi\u1ebft b\u1ecb t\u1ef1 \u0111\u1ed9ng h\u00f3a v\u0103n ph\u00f2ng<\/strong>: \u0110\u01b0\u1ee3c s\u1eed d\u1ee5ng trong m\u00e1y in v\u00e0 m\u00e1y photocopy \u0111\u1ec3 c\u00f3 h\u1ec7 th\u1ed1ng truy\u1ec1n \u0111\u1ed9ng \u00eam \u00e1i, kh\u00f4ng g\u00e2y ti\u1ebfng \u1ed3n.<\/li>\n<li class=\"break-words\"><strong>M\u00e1y n\u1ea1p h\u00e0ng \u0111i\u1ec7n t\u1eed<\/strong>: C\u00f3 trong \u0111\u1ea7u \u0111\u0129a DVD v\u00e0 c\u00e1c thi\u1ebft b\u1ecb nh\u1ecf gi\u00fap chuy\u1ec3n \u0111\u1ed9ng nh\u1eb9 nh\u00e0ng v\u00e0 \u0111\u00e1ng tin c\u1eady.<\/li>\n<li class=\"break-words\"><strong>\u0110\u1ed3 ch\u01a1i<\/strong>: Ph\u1ed5 bi\u1ebfn trong xe \u0111\u1ed3 ch\u01a1i v\u00e0 r\u00f4-b\u1ed1t, c\u00e2n b\u1eb1ng gi\u1eefa chi ph\u00ed, \u0111\u1ed9 b\u1ec1n v\u00e0 ti\u1ebfng \u1ed3n th\u1ea5p.<\/li>\n<\/ol>\n<p class=\"break-words\">\u0110i\u1ec3m m\u1ea1nh c\u1ee7a ch\u00fang ph\u00f9 h\u1ee3p v\u1edbi nh\u1eefng m\u1ee5c \u0111\u00edch s\u1eed d\u1ee5ng nh\u1eb9 h\u01a1n, khi hi\u1ec7u qu\u1ea3 quan tr\u1ecdng h\u01a1n nhu c\u1ea7u v\u1ec1 \u0111\u1ed9 b\u1ec1n cao.<\/p>\n<table style=\"border-collapse: collapse; width: 102.488%; height: 329px;\" border=\"0\" width=\"163\" cellspacing=\"0\" cellpadding=\"0\">\n<tbody>\n<tr style=\"height: 14.40pt;\">\n<td style=\"height: 14.4pt; width: 49.8775%;\" width=\"83\" height=\"24\"><img loading=\"lazy\" decoding=\"async\" class=\"wp-image-7018 aligncenter\" src=\"https:\/\/fmp-components.com\/wp-content\/uploads\/2025\/03\/Plastic-Bevel-Gears-Applications-1.webp\" alt=\"\u1ee8ng d\u1ee5ng b\u00e1nh r\u0103ng c\u00f4n nh\u1ef1a\" width=\"413\" height=\"295\" title=\"\"><\/td>\n<td style=\"width: 50%;\" align=\"right\" width=\"80\"><img loading=\"lazy\" decoding=\"async\" class=\"wp-image-7017 aligncenter\" src=\"https:\/\/fmp-components.com\/wp-content\/uploads\/2025\/03\/Plastic-Bevel-Gears-Applications.webp\" alt=\"\u1ee8ng d\u1ee5ng b\u00e1nh r\u0103ng c\u00f4n nh\u1ef1a\" width=\"405\" height=\"289\" title=\"\"><\/td>\n<\/tr>\n<\/tbody>\n<\/table>\n<h3>Nh\u00e0 cung c\u1ea5p b\u00e1nh r\u0103ng c\u00f4n nh\u1ef1a<\/h3>\n<p>FMP c\u00f3 t\u1ea5t c\u1ea3 c\u00e1c lo\u1ea1i b\u00e1nh r\u0103ng nh\u1ef1a b\u1ea1n c\u1ea7n. Ch\u00fang t\u00f4i cung c\u1ea5p b\u00e1nh r\u0103ng tr\u1ee5 ch\u00ednh x\u00e1c b\u1eb1ng nh\u1ef1a, thanh r\u0103ng nh\u1ef1a, b\u00e1nh r\u0103ng xo\u1eafn v\u00e0 b\u00e1nh r\u0103ng c\u00f4n b\u1eb1ng nh\u1ef1a, b\u00e1nh r\u0103ng tr\u1ee5c v\u00edt v\u00e0 tr\u1ee5c v\u00edt b\u1eb1ng nh\u1ef1a, b\u00e1nh r\u0103ng c\u00f4n b\u1eb1ng nh\u1ef1a, b\u00e1nh r\u0103ng nh\u1ef1a, b\u00e1nh r\u0103ng pignon v\u00e0 thanh r\u0103ng nh\u1ef1a.<\/p>\n<p>H\u00e3y g\u1ecdi \u0111\u1ec3 \u0111\u01b0\u1ee3c h\u1ed7 tr\u1ee3 t\u00ecm thi\u1ebft b\u1ecb ph\u00f9 h\u1ee3p ho\u1eb7c s\u1eeda \u0111\u1ed5i s\u1ea3n ph\u1ea9m ti\u00eau chu\u1ea9n trong danh m\u1ee5c ho\u1eb7c thi\u1ebft k\u1ebf t\u00f9y ch\u1ec9nh; c\u00e1c k\u1ef9 s\u01b0 c\u1ee7a ch\u00fang t\u00f4i s\u1ebd cung c\u1ea5p gi\u1ea3i ph\u00e1p t\u1ed1t nh\u1ea5t cho \u1ee9ng d\u1ee5ng c\u1ee7a b\u1ea1n.<\/p>\n<p><img loading=\"lazy\" decoding=\"async\" class=\"alignnone size-full wp-image-7019\" src=\"https:\/\/fmp-components.com\/wp-content\/uploads\/2025\/03\/Plastic-Bevel-Gears-Supplier1.webp\" alt=\"Nh\u00e0 cung c\u1ea5p b\u00e1nh r\u0103ng c\u00f4n nh\u1ef1a\" width=\"1200\" height=\"1000\" title=\"\" srcset=\"https:\/\/fmp-components.com\/wp-content\/uploads\/2025\/03\/Plastic-Bevel-Gears-Supplier1.webp 1200w, https:\/\/fmp-components.com\/wp-content\/uploads\/2025\/03\/Plastic-Bevel-Gears-Supplier1-980x817.webp 980w, https:\/\/fmp-components.com\/wp-content\/uploads\/2025\/03\/Plastic-Bevel-Gears-Supplier1-480x400.webp 480w\" sizes=\"(min-width: 0px) and (max-width: 480px) 480px, (min-width: 481px) and (max-width: 980px) 980px, (min-width: 981px) 1200px, 100vw\" \/><\/p>\n<\/div>\n<\/div>\n<div class=\"table-responsive\">\n<h2>Gi\u1edbi thi\u1ec7u v\u1ec1 FMP<\/h2>\n<p>FMP l\u00e0 nh\u00e0 s\u1ea3n xu\u1ea5t b\u00e1nh r\u0103ng v\u00e0 thanh r\u0103ng h\u00e0ng \u0111\u1ea7u c\u1ee7a \u00dd, n\u1ed5i ti\u1ebfng v\u1edbi chuy\u00ean m\u00f4n trong vi\u1ec7c s\u1ea3n xu\u1ea5t c\u1ea3 linh ki\u1ec7n ti\u00eau chu\u1ea9n v\u00e0 c\u00e1c gi\u1ea3i ph\u00e1p t\u00f9y ch\u1ec9nh. Ngo\u00e0i c\u00e1c linh ki\u1ec7n ti\u00eau chu\u1ea9n, FMP c\u00f2n chuy\u00ean ch\u1ebf t\u1ea1o b\u00e1nh r\u0103ng ti\u00eau chu\u1ea9n v\u00e0 chuy\u00ean d\u1ee5ng d\u1ef1a tr\u00ean b\u1ea3n v\u1ebd ho\u1eb7c m\u1eabu do kh\u00e1ch h\u00e0ng cung c\u1ea5p. B\u00e1nh r\u0103ng c\u1ee7a ch\u00fang t\u00f4i c\u00f3 s\u1eb5n trong nhi\u1ec1u lo\u1ea1i v\u1eadt li\u1ec7u, bao g\u1ed3m th\u00e9p cacbon, th\u00e9p kh\u00f4ng g\u1ec9, nh\u00f4m, \u0111\u1ed3ng, \u0111\u1ed3ng thau v\u00e0 nh\u1ef1a, d\u1ea1ng xo\u1eafn \u1ed1c ho\u1eb7c d\u1ea1ng r\u0103ng th\u1eb3ng. N\u1ebfu b\u1ea1n c\u00f3 b\u1ea5t k\u1ef3 y\u00eau c\u1ea7u n\u00e0o v\u1ec1 s\u1ea3n ph\u1ea9m b\u00e1nh r\u0103ng t\u00f9y ch\u1ec9nh, vui l\u00f2ng li\u00ean h\u1ec7 v\u1edbi ch\u00fang t\u00f4i qua email. \u0110\u1ed9i ng\u0169 k\u1ef9 s\u01b0 chuy\u00ean nghi\u1ec7p t\u1eadn t\u00e2m c\u1ee7a FMP s\u1ebd ph\u1ea3n h\u1ed3i y\u00eau c\u1ea7u c\u1ee7a b\u1ea1n trong v\u00f2ng 24 gi\u1edd.<\/p>\n<p><img loading=\"lazy\" decoding=\"async\" class=\"alignnone size-full wp-image-7010\" src=\"https:\/\/fmp-components.com\/wp-content\/uploads\/2025\/03\/bevel-gear-3.webp\" alt=\"b\u00e1nh r\u0103ng c\u00f4n\" width=\"1076\" height=\"721\" title=\"\" srcset=\"https:\/\/fmp-components.com\/wp-content\/uploads\/2025\/03\/bevel-gear-3.webp 1076w, https:\/\/fmp-components.com\/wp-content\/uploads\/2025\/03\/bevel-gear-3-980x657.webp 980w, https:\/\/fmp-components.com\/wp-content\/uploads\/2025\/03\/bevel-gear-3-480x322.webp 480w\" sizes=\"(min-width: 0px) and (max-width: 480px) 480px, (min-width: 481px) and (max-width: 980px) 980px, (min-width: 981px) 1076px, 100vw\" \/><\/p>\n<\/div>","protected":false},"excerpt":{"rendered":"<p>Plastic Bevel Gears Description Dimension:\u03a612 Module: M0.25 Material Type: Plastic, POM, Nylon\u2026as the customer required Ratios: 1:1, 2:1, 3:1, 4:1, 5:1 Operating temperature: -40\u00b0C to 80\u00b0C Part no (Link) Pitch (mod) No. of Teeth All dimensions in mm Brass Insert and Set Screw Outside Dia. Pitch Dia. Bore Dia. &#8220;B&#8221; &#8216;CD&#8217; Hub dia &#8216;C&#8217; Boss [&hellip;]<\/p>","protected":false},"featured_media":4659,"comment_status":"open","ping_status":"closed","template":"","meta":{"_et_pb_use_builder":"","_et_pb_old_content":"","_et_gb_content_width":""},"product_brand":[],"product_cat":[106],"product_tag":[],"class_list":{"0":"post-7012","1":"product","2":"type-product","3":"status-publish","4":"has-post-thumbnail","6":"product_cat-bevel-gears","8":"first","9":"instock","10":"shipping-taxable","11":"product-type-simple"},"_links":{"self":[{"href":"https:\/\/fmp-components.com\/vi\/wp-json\/wp\/v2\/product\/7012","targetHints":{"allow":["GET"]}}],"collection":[{"href":"https:\/\/fmp-components.com\/vi\/wp-json\/wp\/v2\/product"}],"about":[{"href":"https:\/\/fmp-components.com\/vi\/wp-json\/wp\/v2\/types\/product"}],"replies":[{"embeddable":true,"href":"https:\/\/fmp-components.com\/vi\/wp-json\/wp\/v2\/comments?post=7012"}],"wp:featuredmedia":[{"embeddable":true,"href":"https:\/\/fmp-components.com\/vi\/wp-json\/wp\/v2\/media\/4659"}],"wp:attachment":[{"href":"https:\/\/fmp-components.com\/vi\/wp-json\/wp\/v2\/media?parent=7012"}],"wp:term":[{"taxonomy":"product_brand","embeddable":true,"href":"https:\/\/fmp-components.com\/vi\/wp-json\/wp\/v2\/product_brand?post=7012"},{"taxonomy":"product_cat","embeddable":true,"href":"https:\/\/fmp-components.com\/vi\/wp-json\/wp\/v2\/product_cat?post=7012"},{"taxonomy":"product_tag","embeddable":true,"href":"https:\/\/fmp-components.com\/vi\/wp-json\/wp\/v2\/product_tag?post=7012"}],"curies":[{"name":"wp","href":"https:\/\/api.w.org\/{rel}","templated":true}]}}