{"id":7006,"date":"2025-03-14T06:03:43","date_gmt":"2025-03-14T06:03:43","guid":{"rendered":"https:\/\/fmp-components.com\/?post_type=product&#038;p=7006"},"modified":"2025-03-27T01:32:14","modified_gmt":"2025-03-27T01:32:14","slug":"aircraft-bevel-gear","status":"publish","type":"product","link":"https:\/\/fmp-components.com\/vi\/product\/aircraft-bevel-gear\/","title":{"rendered":"B\u00e1nh r\u0103ng c\u00f4n m\u00e1y bay"},"content":{"rendered":"<p>K\u00edch th\u01b0\u1edbc: \u03a63mm- \u03a6120mm<br \/>\nM\u00f4-\u0111un: M2.0<br \/>\nLo\u1ea1i v\u1eadt li\u1ec7u: Kim lo\u1ea1i theo y\u00eau c\u1ea7u c\u1ee7a kh\u00e1ch h\u00e0ng<\/p>\n<h2>Th\u00f4ng s\u1ed1 k\u1ef9 thu\u1eadt s\u1ea3n ph\u1ea9m<\/h2>\n<div class=\"table-responsive\">\n<table class=\"table\" style=\"width: 99.125%; height: 352px;\" border=\"1\">\n<tbody>\n<tr>\n<td style=\"width: 99.2395%;\" colspan=\"2\">B\u00e1nh r\u0103ng c\u00f4n m\u00e1y bay<\/td>\n<\/tr>\n<tr>\n<td style=\"width: 18.5044%;\">K\u00edch th\u01b0\u1edbc<\/td>\n<td style=\"width: 80.7351%;\">\u03a610mm<\/td>\n<\/tr>\n<tr>\n<td style=\"width: 18.5044%;\">M\u00f4-\u0111un<\/td>\n<td style=\"width: 80.7351%;\">M0.15-M2.2<\/td>\n<\/tr>\n<tr>\n<td style=\"width: 18.5044%;\">Lo\u1ea1i v\u1eadt li\u1ec7u<\/td>\n<td style=\"width: 80.7351%;\">Kim lo\u1ea1i, \u0110\u1ed3ng, Th\u00e9p, H\u1ee3p kim, POM, K\u1ebdm, Nh\u00f4m, S\u1eaft, Kh\u00f4ng g\u1ec9, \u0110\u1ed3ng thau, \u0110\u1ed3ng<\/td>\n<\/tr>\n<tr>\n<td style=\"width: 18.5044%;\">C\u1ea5p \u0111\u1ed9 l\u01b0\u1edbi<\/td>\n<td style=\"width: 80.7351%;\">JGMA 1, JIS 6, AGMA 13, DIN 6,Din5,AGMA12<\/td>\n<\/tr>\n<tr>\n<td style=\"width: 18.5044%;\">\u1ee8ng d\u1ee5ng<\/td>\n<td style=\"width: 80.7351%;\">\u00d4 t\u00f4, Qu\u00e2n s\u1ef1, M\u00e1y bay, C\u01a1 kh\u00ed, C\u00f4ng nghi\u1ec7p, Y t\u1ebf<\/td>\n<\/tr>\n<tr>\n<td style=\"width: 18.5044%;\">T\u00f9y ch\u1ec9nh<\/td>\n<td style=\"width: 80.7351%;\">ODM\/OEM<\/td>\n<\/tr>\n<tr>\n<td style=\"width: 18.5044%;\">V\u1eadt m\u1eabu<\/td>\n<td style=\"width: 80.7351%;\">M\u1eabu c\u00f3 s\u1eb5n<\/td>\n<\/tr>\n<tr>\n<td style=\"width: 18.5044%;\">C\u00e1c ch\u1ebf \u0111\u1ed9 \u0111\u00f3ng g\u00f3i<\/td>\n<td style=\"width: 80.7351%;\">\u0110\u00f3ng g\u00f3i ch\u00e2n kh\u00f4ng v\u1edbi khay nh\u1ef1a<\/td>\n<\/tr>\n<tr>\n<td style=\"width: 18.5044%;\">Ph\u01b0\u01a1ng th\u1ee9c giao h\u00e0ng<\/td>\n<td style=\"width: 80.7351%;\">DHL v\u00e0 UPS<\/td>\n<\/tr>\n<tr>\n<td style=\"width: 18.5044%;\">Gi\u1ea5y ch\u1ee9ng nh\u1eadn<\/td>\n<td style=\"width: 80.7351%;\">ISO 9001: 2008\/TS16949<\/td>\n<\/tr>\n<\/tbody>\n<\/table>\n<h2>\u0110\u1eb7c \u0111i\u1ec3m c\u1ee7a b\u00e1nh r\u0103ng c\u00f4n m\u00e1y bay<\/h2>\n<div>\n<ul>\n<li class=\"break-words\"><strong>Thi\u1ebft k\u1ebf r\u0103ng g\u00f3c c\u1ea1nh<\/strong>: C\u00e1i <a href=\"https:\/\/fmp-components.com\/vi\/bevel-gear-2\/\">b\u00e1nh r\u0103ng c\u00f4n<\/a> c\u00f3 r\u0103ng c\u1eaft theo m\u1ed9t g\u00f3c tr\u00ean b\u1ec1 m\u1eb7t h\u00ecnh n\u00f3n, cho ph\u00e9p n\u00f3 \u0103n kh\u1edbp v\u1edbi m\u1ed9t b\u00e1nh r\u0103ng kh\u00e1c \u0111\u1ec3 truy\u1ec1n l\u1ef1c gi\u1eefa c\u00e1c tr\u1ee5c giao nhau, th\u01b0\u1eddng \u1edf g\u00f3c 90 \u0111\u1ed9.<\/li>\n<li class=\"break-words\"><strong>\u0110\u1ed9 ch\u00ednh x\u00e1c cao<\/strong>: N\u00f3 \u0111\u01b0\u1ee3c thi\u1ebft k\u1ebf v\u1edbi dung sai ch\u1eb7t ch\u1ebd \u0111\u1ec3 \u0111\u1ea3m b\u1ea3o truy\u1ec1n l\u1ef1c tr\u01a1n tru, ch\u00ednh x\u00e1c v\u00e0 \u0111\u00e1ng tin c\u1eady, r\u1ea5t quan tr\u1ecdng \u0111\u1ed1i v\u1edbi nhu c\u1ea7u v\u1ec1 \u0111\u1ed9 ch\u00ednh x\u00e1c c\u1ee7a h\u1ec7 th\u1ed1ng m\u00e1y bay.<\/li>\n<li class=\"break-words\"><strong>Nh\u1ecf g\u1ecdn v\u00e0 nh\u1eb9<\/strong>:Thi\u1ebft k\u1ebf \u0111\u01b0\u1ee3c t\u1ed1i \u01b0u h\u00f3a \u0111\u1ec3 ti\u1ebft ki\u1ec7m kh\u00f4ng gian v\u00e0 nh\u1eb9, gi\u1ea3m t\u1ed5ng tr\u1ecdng l\u01b0\u1ee3ng m\u00e1y bay trong khi v\u1eabn duy tr\u00ec t\u00ednh to\u00e0n v\u1eb9n c\u1ee7a c\u1ea5u tr\u00fac trong kh\u00f4ng gian h\u1ea1n ch\u1ebf.<\/li>\n<li class=\"break-words\"><strong>Kh\u1ea3 n\u0103ng ch\u1ecbu t\u1ea3i<\/strong>: \u0110\u01b0\u1ee3c l\u00e0m t\u1eeb v\u1eadt li\u1ec7u b\u1ec1n nh\u01b0 th\u00e9p c\u1ee9ng ho\u1eb7c titan, n\u00f3 c\u00f3 th\u1ec3 ch\u1ecbu \u0111\u01b0\u1ee3c m\u00f4-men xo\u1eafn cao v\u00e0 t\u1ea3i tr\u1ecdng n\u1eb7ng, \u0111\u1ea3m b\u1ea3o hi\u1ec7u su\u1ea5t d\u01b0\u1edbi \u00e1p l\u1ef1c c\u1ee7a chuy\u1ebfn bay.<\/li>\n<li class=\"break-words\"><strong>T\u00ednh linh ho\u1ea1t<\/strong>: N\u00f3 h\u1ed7 tr\u1ee3 nhi\u1ec1u c\u1ea5u h\u00ecnh kh\u00e1c nhau (v\u00ed d\u1ee5: r\u0103ng th\u1eb3ng, r\u0103ng xo\u1eafn ho\u1eb7c r\u0103ng zerol), mang l\u1ea1i s\u1ef1 linh ho\u1ea1t ph\u00f9 h\u1ee3p v\u1edbi c\u00e1c \u1ee9ng d\u1ee5ng m\u00e1y bay kh\u00e1c nhau, ch\u1eb3ng h\u1ea1n nh\u01b0 \u0111\u1ed9ng c\u01a1 ho\u1eb7c c\u01a1 ch\u1ebf \u0111i\u1ec1u khi\u1ec3n, v\u1edbi \u0111\u1ed9 rung v\u00e0 ti\u1ebfng \u1ed3n t\u1ed1i thi\u1ec3u.<\/li>\n<\/ul>\n<p><img loading=\"lazy\" decoding=\"async\" class=\"size-full wp-image-4330 aligncenter\" src=\"https:\/\/fmp-components.com\/wp-content\/uploads\/2025\/01\/Aircraft-Bevel-Gear.webp\" alt=\"B\u00e1nh r\u0103ng c\u00f4n m\u00e1y bay\" width=\"600\" height=\"600\" title=\"\" srcset=\"https:\/\/fmp-components.com\/wp-content\/uploads\/2025\/01\/Aircraft-Bevel-Gear.webp 600w, https:\/\/fmp-components.com\/wp-content\/uploads\/2025\/01\/Aircraft-Bevel-Gear-480x480.webp 480w\" sizes=\"(min-width: 0px) and (max-width: 480px) 480px, (min-width: 481px) 600px, 100vw\" \/><\/p>\n<\/div>\n<\/div>\n<div class=\"table-responsive\">\n<h2>Gi\u1edbi thi\u1ec7u v\u1ec1 FMP<\/h2>\n<p>FMP l\u00e0 nh\u00e0 s\u1ea3n xu\u1ea5t b\u00e1nh r\u0103ng v\u00e0 thanh r\u0103ng h\u00e0ng \u0111\u1ea7u c\u1ee7a \u00dd, n\u1ed5i ti\u1ebfng v\u1edbi chuy\u00ean m\u00f4n trong vi\u1ec7c s\u1ea3n xu\u1ea5t c\u1ea3 linh ki\u1ec7n ti\u00eau chu\u1ea9n v\u00e0 c\u00e1c gi\u1ea3i ph\u00e1p t\u00f9y ch\u1ec9nh. Ngo\u00e0i c\u00e1c linh ki\u1ec7n ti\u00eau chu\u1ea9n, FMP c\u00f2n chuy\u00ean ch\u1ebf t\u1ea1o b\u00e1nh r\u0103ng ti\u00eau chu\u1ea9n v\u00e0 chuy\u00ean d\u1ee5ng d\u1ef1a tr\u00ean b\u1ea3n v\u1ebd ho\u1eb7c m\u1eabu do kh\u00e1ch h\u00e0ng cung c\u1ea5p. B\u00e1nh r\u0103ng c\u1ee7a ch\u00fang t\u00f4i c\u00f3 s\u1eb5n trong nhi\u1ec1u lo\u1ea1i v\u1eadt li\u1ec7u, bao g\u1ed3m th\u00e9p cacbon, th\u00e9p kh\u00f4ng g\u1ec9, nh\u00f4m, \u0111\u1ed3ng, \u0111\u1ed3ng thau v\u00e0 nh\u1ef1a, d\u1ea1ng xo\u1eafn \u1ed1c ho\u1eb7c d\u1ea1ng r\u0103ng th\u1eb3ng. N\u1ebfu b\u1ea1n c\u00f3 b\u1ea5t k\u1ef3 y\u00eau c\u1ea7u n\u00e0o v\u1ec1 s\u1ea3n ph\u1ea9m b\u00e1nh r\u0103ng t\u00f9y ch\u1ec9nh, vui l\u00f2ng li\u00ean h\u1ec7 v\u1edbi ch\u00fang t\u00f4i qua email. \u0110\u1ed9i ng\u0169 k\u1ef9 s\u01b0 chuy\u00ean nghi\u1ec7p t\u1eadn t\u00e2m c\u1ee7a FMP s\u1ebd ph\u1ea3n h\u1ed3i y\u00eau c\u1ea7u c\u1ee7a b\u1ea1n trong v\u00f2ng 24 gi\u1edd.<\/p>\n<p><img loading=\"lazy\" decoding=\"async\" class=\"alignnone size-full wp-image-7010\" src=\"https:\/\/fmp-components.com\/wp-content\/uploads\/2025\/03\/bevel-gear-3.webp\" alt=\"b\u00e1nh r\u0103ng c\u00f4n\" width=\"1076\" height=\"721\" title=\"\" srcset=\"https:\/\/fmp-components.com\/wp-content\/uploads\/2025\/03\/bevel-gear-3.webp 1076w, https:\/\/fmp-components.com\/wp-content\/uploads\/2025\/03\/bevel-gear-3-980x657.webp 980w, https:\/\/fmp-components.com\/wp-content\/uploads\/2025\/03\/bevel-gear-3-480x322.webp 480w\" sizes=\"(min-width: 0px) and (max-width: 480px) 480px, (min-width: 481px) and (max-width: 980px) 980px, (min-width: 981px) 1076px, 100vw\" \/><\/p>\n<\/div>","protected":false},"excerpt":{"rendered":"<p>Dimension:\u03a63mm- \u03a6120mm Module: M2.0 Material Type: Metal as customer required Product Specification Aircraft Bevel Gear Dimension \u03a610mm Module M0.15-M2.2 Material Type Metal, Bronze, Steel, Alloy, POM, Zinc, Aluminum, Iron, Stainless, Brass, Copper Meshing Grade JGMA 1, JIS 6, AGMA 13, DIN 6,Din5,AGMA12 Application Automotive, Military, Aircraft, Mechanical, industrial, Medical Customized ODM\/OEM Sample Sample available Modes [&hellip;]<\/p>","protected":false},"featured_media":4330,"comment_status":"open","ping_status":"closed","template":"","meta":{"_et_pb_use_builder":"","_et_pb_old_content":"","_et_gb_content_width":""},"product_brand":[],"product_cat":[106],"product_tag":[],"class_list":{"0":"post-7006","1":"product","2":"type-product","3":"status-publish","4":"has-post-thumbnail","6":"product_cat-bevel-gears","8":"first","9":"instock","10":"shipping-taxable","11":"product-type-simple"},"_links":{"self":[{"href":"https:\/\/fmp-components.com\/vi\/wp-json\/wp\/v2\/product\/7006","targetHints":{"allow":["GET"]}}],"collection":[{"href":"https:\/\/fmp-components.com\/vi\/wp-json\/wp\/v2\/product"}],"about":[{"href":"https:\/\/fmp-components.com\/vi\/wp-json\/wp\/v2\/types\/product"}],"replies":[{"embeddable":true,"href":"https:\/\/fmp-components.com\/vi\/wp-json\/wp\/v2\/comments?post=7006"}],"wp:featuredmedia":[{"embeddable":true,"href":"https:\/\/fmp-components.com\/vi\/wp-json\/wp\/v2\/media\/4330"}],"wp:attachment":[{"href":"https:\/\/fmp-components.com\/vi\/wp-json\/wp\/v2\/media?parent=7006"}],"wp:term":[{"taxonomy":"product_brand","embeddable":true,"href":"https:\/\/fmp-components.com\/vi\/wp-json\/wp\/v2\/product_brand?post=7006"},{"taxonomy":"product_cat","embeddable":true,"href":"https:\/\/fmp-components.com\/vi\/wp-json\/wp\/v2\/product_cat?post=7006"},{"taxonomy":"product_tag","embeddable":true,"href":"https:\/\/fmp-components.com\/vi\/wp-json\/wp\/v2\/product_tag?post=7006"}],"curies":[{"name":"wp","href":"https:\/\/api.w.org\/{rel}","templated":true}]}}