{"id":7005,"date":"2025-03-14T05:36:02","date_gmt":"2025-03-14T05:36:02","guid":{"rendered":"https:\/\/fmp-components.com\/?post_type=product&#038;p=7005"},"modified":"2025-03-27T01:32:34","modified_gmt":"2025-03-27T01:32:34","slug":"medical-bevel-gear","status":"publish","type":"product","link":"https:\/\/fmp-components.com\/vi\/product\/medical-bevel-gear\/","title":{"rendered":"B\u00e1nh r\u0103ng c\u00f4n y t\u1ebf"},"content":{"rendered":"<p>K\u00edch th\u01b0\u1edbc: \u03a63mm- \u03a6120mm<br \/>\nM\u00f4-\u0111un: M0.25<br \/>\nLo\u1ea1i v\u1eadt li\u1ec7u: Kim lo\u1ea1i theo y\u00eau c\u1ea7u c\u1ee7a kh\u00e1ch h\u00e0ng<\/p>\n<h2>Th\u00f4ng s\u1ed1 k\u1ef9 thu\u1eadt s\u1ea3n ph\u1ea9m<\/h2>\n<div class=\"table-responsive\">\n<table class=\"table\" style=\"width: 98.375%; height: 341px;\" border=\"1\">\n<tbody>\n<tr>\n<td colspan=\"2\">B\u00e1nh r\u0103ng c\u00f4n y t\u1ebf<\/td>\n<\/tr>\n<tr>\n<td>K\u00edch th\u01b0\u1edbc<\/td>\n<td>\u03a66mm<\/td>\n<\/tr>\n<tr>\n<td>M\u00f4-\u0111un<\/td>\n<td>M0.15-M2.2<\/td>\n<\/tr>\n<tr>\n<td>Lo\u1ea1i v\u1eadt li\u1ec7u<\/td>\n<td>Kim lo\u1ea1i, \u0110\u1ed3ng, Th\u00e9p, H\u1ee3p kim, POM, K\u1ebdm, Nh\u00f4m, S\u1eaft, Kh\u00f4ng g\u1ec9, \u0110\u1ed3ng thau, \u0110\u1ed3ng<\/td>\n<\/tr>\n<tr>\n<td>C\u1ea5p \u0111\u1ed9 l\u01b0\u1edbi<\/td>\n<td>ISO6, JGMA 1, JIS 6, AGMA 13, DIN 6,Din5,AGMA12<\/td>\n<\/tr>\n<tr>\n<td>\u1ee8ng d\u1ee5ng<\/td>\n<td>\u00d4 t\u00f4, Qu\u00e2n s\u1ef1, M\u00e1y bay, C\u01a1 kh\u00ed, C\u00f4ng nghi\u1ec7p, Y t\u1ebf<\/td>\n<\/tr>\n<tr>\n<td>T\u00f9y ch\u1ec9nh<\/td>\n<td>ODM\/OEM<\/td>\n<\/tr>\n<tr>\n<td>V\u1eadt m\u1eabu<\/td>\n<td>M\u1eabu c\u00f3 s\u1eb5n<\/td>\n<\/tr>\n<tr>\n<td>C\u00e1c ch\u1ebf \u0111\u1ed9 \u0111\u00f3ng g\u00f3i<\/td>\n<td>\u0110\u00f3ng g\u00f3i ch\u00e2n kh\u00f4ng v\u1edbi khay nh\u1ef1a<\/td>\n<\/tr>\n<tr>\n<td>Ph\u01b0\u01a1ng th\u1ee9c giao h\u00e0ng<\/td>\n<td>DHL v\u00e0 UPS<\/td>\n<\/tr>\n<tr>\n<td>Gi\u1ea5y ch\u1ee9ng nh\u1eadn<\/td>\n<td>ISO 9001: 2008\/TS16949<\/td>\n<\/tr>\n<\/tbody>\n<\/table>\n<p><img loading=\"lazy\" decoding=\"async\" class=\"size-full wp-image-4347 aligncenter\" src=\"https:\/\/fmp-components.com\/wp-content\/uploads\/2025\/01\/Medical-Bevel-Gear.webp\" alt=\"B\u00e1nh r\u0103ng c\u00f4n y t\u1ebf\" width=\"600\" height=\"600\" title=\"\" srcset=\"https:\/\/fmp-components.com\/wp-content\/uploads\/2025\/01\/Medical-Bevel-Gear.webp 600w, https:\/\/fmp-components.com\/wp-content\/uploads\/2025\/01\/Medical-Bevel-Gear-480x480.webp 480w\" sizes=\"(min-width: 0px) and (max-width: 480px) 480px, (min-width: 481px) 600px, 100vw\" \/><\/p>\n<h2>\u0110\u1eb7c \u0111i\u1ec3m c\u1ee7a b\u00e1nh r\u0103ng c\u00f4n y t\u1ebf<\/h2>\n<div>\n<ul>\n<li class=\"break-words\"><strong>K\u1ef9 thu\u1eadt ch\u00ednh x\u00e1c<\/strong>: Thu\u1ed9c v\u1ec1 y h\u1ecdc <a href=\"https:\/\/fmp-components.com\/vi\/bevel-gear-2\/\">b\u00e1nh r\u0103ng c\u00f4n<\/a> \u0111\u01b0\u1ee3c thi\u1ebft k\u1ebf v\u1edbi \u0111\u1ed9 ch\u00ednh x\u00e1c cao \u0111\u1ec3 \u0111\u1ea3m b\u1ea3o truy\u1ec1n chuy\u1ec3n \u0111\u1ed9ng v\u00e0 m\u00f4-men xo\u1eafn ch\u00ednh x\u00e1c, r\u1ea5t quan tr\u1ecdng \u0111\u1ed1i v\u1edbi c\u00e1c thi\u1ebft b\u1ecb y t\u1ebf nh\u01b0 d\u1ee5ng c\u1ee5 ph\u1eabu thu\u1eadt ho\u1eb7c thi\u1ebft b\u1ecb h\u00ecnh \u1ea3nh, n\u01a1i c\u1ea7n c\u00f3 chuy\u1ec3n \u0111\u1ed9ng ch\u00ednh x\u00e1c.<\/li>\n<li class=\"break-words\"><strong>Thi\u1ebft k\u1ebf nh\u1ecf g\u1ecdn<\/strong>:C\u00e1c b\u00e1nh r\u0103ng n\u00e0y c\u00f3 h\u00ecnh n\u00f3n cho ph\u00e9p ch\u00fang v\u1eeba kh\u00edt v\u1edbi kh\u00f4ng gian ch\u1eadt h\u1eb9p, l\u00fd t\u01b0\u1edfng cho c\u00e1c d\u1ee5ng c\u1ee5 y t\u1ebf nh\u1ecf g\u1ecdn c\u00f3 kh\u00f4ng gian h\u1ea1n ch\u1ebf, ch\u1eb3ng h\u1ea1n nh\u01b0 trong c\u00e1c thi\u1ebft b\u1ecb n\u1ed9i soi ho\u1eb7c h\u1ec7 th\u1ed1ng ph\u1eabu thu\u1eadt b\u1eb1ng robot.<\/li>\n<li class=\"break-words\"><strong>Ho\u1ea1t \u0111\u1ed9ng tr\u01a1n tru<\/strong>: Th\u01b0\u1eddng \u0111\u01b0\u1ee3c trang b\u1ecb r\u0103ng th\u1eb3ng, r\u0103ng xo\u1eafn ho\u1eb7c r\u0103ng zerol, b\u00e1nh r\u0103ng c\u00f4n y t\u1ebf mang l\u1ea1i ho\u1ea1t \u0111\u1ed9ng tr\u01a1n tru v\u00e0 y\u00ean t\u0129nh, gi\u1ea3m rung \u0111\u1ed9ng v\u00e0 ti\u1ebfng \u1ed3n\u2014quan tr\u1ecdng \u0111\u1ed1i v\u1edbi s\u1ef1 tho\u1ea3i m\u00e1i c\u1ee7a b\u1ec7nh nh\u00e2n v\u00e0 \u0111\u1ed9 ch\u00ednh x\u00e1c c\u1ea7n thi\u1ebft trong c\u00e1c quy tr\u00ecnh y t\u1ebf.<\/li>\n<li class=\"break-words\"><strong>\u0110\u1ed9 b\u1ec1n v\u00e0 ch\u1ea5t l\u01b0\u1ee3ng v\u1eadt li\u1ec7u<\/strong>:\u0110\u01b0\u1ee3c l\u00e0m t\u1eeb v\u1eadt li\u1ec7u t\u01b0\u01a1ng th\u00edch sinh h\u1ecdc v\u00e0 ch\u1ed1ng \u0103n m\u00f2n nh\u01b0 th\u00e9p kh\u00f4ng g\u1ec9 ho\u1eb7c h\u1ee3p kim chuy\u00ean d\u1ee5ng, c\u00e1c b\u00e1nh r\u0103ng n\u00e0y \u0111\u01b0\u1ee3c ch\u1ebf t\u1ea1o \u0111\u1ec3 ch\u1ecbu \u0111\u01b0\u1ee3c qu\u00e1 tr\u00ecnh kh\u1eed tr\u00f9ng v\u00e0 \u0111\u1ea3m b\u1ea3o \u0111\u1ed9 tin c\u1eady l\u00e2u d\u00e0i trong m\u00f4i tr\u01b0\u1eddng y t\u1ebf.<\/li>\n<li class=\"break-words\"><strong>T\u00ednh linh ho\u1ea1t theo h\u01b0\u1edbng<\/strong>: B\u00e1nh r\u0103ng c\u00f4n trong c\u00e1c \u1ee9ng d\u1ee5ng y t\u1ebf c\u00f3 th\u1ec3 truy\u1ec1n l\u1ef1c gi\u1eefa c\u00e1c tr\u1ee5c giao nhau, th\u01b0\u1eddng \u1edf g\u00f3c 90 \u0111\u1ed9, cho ph\u00e9p t\u1ea1o ra c\u00e1c c\u1ea5u h\u00ecnh c\u01a1 h\u1ecdc ph\u1ee9c t\u1ea1p trong c\u00e1c thi\u1ebft b\u1ecb nh\u01b0 m\u00e1y khoan nha khoa ho\u1eb7c d\u1ee5ng c\u1ee5 ch\u1ec9nh h\u00ecnh khi c\u1ea7n thay \u0111\u1ed5i h\u01b0\u1edbng.<\/li>\n<\/ul>\n<h2>Gi\u1edbi thi\u1ec7u v\u1ec1 FMP<\/h2>\n<p>FMP l\u00e0 nh\u00e0 s\u1ea3n xu\u1ea5t b\u00e1nh r\u0103ng v\u00e0 thanh r\u0103ng h\u00e0ng \u0111\u1ea7u c\u1ee7a \u00dd, n\u1ed5i ti\u1ebfng v\u1edbi chuy\u00ean m\u00f4n trong vi\u1ec7c s\u1ea3n xu\u1ea5t c\u1ea3 linh ki\u1ec7n ti\u00eau chu\u1ea9n v\u00e0 c\u00e1c gi\u1ea3i ph\u00e1p t\u00f9y ch\u1ec9nh. Ngo\u00e0i c\u00e1c linh ki\u1ec7n ti\u00eau chu\u1ea9n, FMP c\u00f2n chuy\u00ean ch\u1ebf t\u1ea1o b\u00e1nh r\u0103ng ti\u00eau chu\u1ea9n v\u00e0 chuy\u00ean d\u1ee5ng d\u1ef1a tr\u00ean b\u1ea3n v\u1ebd ho\u1eb7c m\u1eabu do kh\u00e1ch h\u00e0ng cung c\u1ea5p. B\u00e1nh r\u0103ng c\u1ee7a ch\u00fang t\u00f4i c\u00f3 s\u1eb5n trong nhi\u1ec1u lo\u1ea1i v\u1eadt li\u1ec7u, bao g\u1ed3m th\u00e9p cacbon, th\u00e9p kh\u00f4ng g\u1ec9, nh\u00f4m, \u0111\u1ed3ng, \u0111\u1ed3ng thau v\u00e0 nh\u1ef1a, d\u1ea1ng xo\u1eafn \u1ed1c ho\u1eb7c d\u1ea1ng r\u0103ng th\u1eb3ng. N\u1ebfu b\u1ea1n c\u00f3 b\u1ea5t k\u1ef3 y\u00eau c\u1ea7u n\u00e0o v\u1ec1 s\u1ea3n ph\u1ea9m b\u00e1nh r\u0103ng t\u00f9y ch\u1ec9nh, vui l\u00f2ng li\u00ean h\u1ec7 v\u1edbi ch\u00fang t\u00f4i qua email. \u0110\u1ed9i ng\u0169 k\u1ef9 s\u01b0 chuy\u00ean nghi\u1ec7p t\u1eadn t\u00e2m c\u1ee7a FMP s\u1ebd ph\u1ea3n h\u1ed3i y\u00eau c\u1ea7u c\u1ee7a b\u1ea1n trong v\u00f2ng 24 gi\u1edd.<\/p>\n<p><img loading=\"lazy\" decoding=\"async\" class=\"alignnone size-full wp-image-7010\" src=\"https:\/\/fmp-components.com\/wp-content\/uploads\/2025\/03\/bevel-gear-3.webp\" alt=\"b\u00e1nh r\u0103ng c\u00f4n\" width=\"1076\" height=\"721\" title=\"\" srcset=\"https:\/\/fmp-components.com\/wp-content\/uploads\/2025\/03\/bevel-gear-3.webp 1076w, https:\/\/fmp-components.com\/wp-content\/uploads\/2025\/03\/bevel-gear-3-980x657.webp 980w, https:\/\/fmp-components.com\/wp-content\/uploads\/2025\/03\/bevel-gear-3-480x322.webp 480w\" sizes=\"(min-width: 0px) and (max-width: 480px) 480px, (min-width: 481px) and (max-width: 980px) 980px, (min-width: 981px) 1076px, 100vw\" \/><\/p>\n<\/div>\n<\/div>","protected":false},"excerpt":{"rendered":"<p>Dimension:\u03a63mm- \u03a6120mm Module: M0.25 Material Type: Metal as customer required Product Specification Medical Bevel Gear Dimension \u03a66mm Module M0.15-M2.2 Material Type Metal, Bronze, Steel, Alloy, POM, Zinc, Aluminum, Iron, Stainless, Brass, Copper Meshing Grade ISO6, JGMA 1, JIS 6, AGMA 13, DIN 6,Din5,AGMA12 Application Automotive, Military, Aircraft, Mechanical, industrial, Medical Customized ODM\/OEM Sample Sample available [&hellip;]<\/p>","protected":false},"featured_media":4347,"comment_status":"open","ping_status":"closed","template":"","meta":{"_et_pb_use_builder":"","_et_pb_old_content":"","_et_gb_content_width":""},"product_brand":[],"product_cat":[106],"product_tag":[],"class_list":{"0":"post-7005","1":"product","2":"type-product","3":"status-publish","4":"has-post-thumbnail","6":"product_cat-bevel-gears","8":"first","9":"instock","10":"shipping-taxable","11":"product-type-simple"},"_links":{"self":[{"href":"https:\/\/fmp-components.com\/vi\/wp-json\/wp\/v2\/product\/7005","targetHints":{"allow":["GET"]}}],"collection":[{"href":"https:\/\/fmp-components.com\/vi\/wp-json\/wp\/v2\/product"}],"about":[{"href":"https:\/\/fmp-components.com\/vi\/wp-json\/wp\/v2\/types\/product"}],"replies":[{"embeddable":true,"href":"https:\/\/fmp-components.com\/vi\/wp-json\/wp\/v2\/comments?post=7005"}],"wp:featuredmedia":[{"embeddable":true,"href":"https:\/\/fmp-components.com\/vi\/wp-json\/wp\/v2\/media\/4347"}],"wp:attachment":[{"href":"https:\/\/fmp-components.com\/vi\/wp-json\/wp\/v2\/media?parent=7005"}],"wp:term":[{"taxonomy":"product_brand","embeddable":true,"href":"https:\/\/fmp-components.com\/vi\/wp-json\/wp\/v2\/product_brand?post=7005"},{"taxonomy":"product_cat","embeddable":true,"href":"https:\/\/fmp-components.com\/vi\/wp-json\/wp\/v2\/product_cat?post=7005"},{"taxonomy":"product_tag","embeddable":true,"href":"https:\/\/fmp-components.com\/vi\/wp-json\/wp\/v2\/product_tag?post=7005"}],"curies":[{"name":"wp","href":"https:\/\/api.w.org\/{rel}","templated":true}]}}