{"id":6946,"date":"2025-03-13T03:46:50","date_gmt":"2025-03-13T03:46:50","guid":{"rendered":"https:\/\/fmp-components.com\/?post_type=product&#038;p=6946"},"modified":"2025-03-27T01:34:39","modified_gmt":"2025-03-27T01:34:39","slug":"sintered-metal-bevel-gears","status":"publish","type":"product","link":"https:\/\/fmp-components.com\/vi\/product\/sintered-metal-bevel-gears\/","title":{"rendered":"B\u00e1nh r\u0103ng c\u00f4n kim lo\u1ea1i thi\u00eau k\u1ebft"},"content":{"rendered":"<div>\n<h3>Gi\u1edbi thi\u1ec7u v\u1ec1 b\u00e1nh r\u0103ng c\u00f4n kim lo\u1ea1i thi\u00eau k\u1ebft<\/h3>\n<p class=\"break-words\">Kim lo\u1ea1i thi\u00eau k\u1ebft <a href=\"https:\/\/fmp-components.com\/vi\/bevel-gear-2\/\">b\u00e1nh r\u0103ng c\u00f4n<\/a> l\u00e0 c\u00e1c linh ki\u1ec7n \u0111\u01b0\u1ee3c ch\u1ebf t\u1ea1o ch\u00ednh x\u00e1c th\u00f4ng qua quy tr\u00ecnh thi\u00eau k\u1ebft, trong \u0111\u00f3 b\u1ed9t kim lo\u1ea1i \u0111\u01b0\u1ee3c n\u00e9n ch\u1eb7t v\u00e0 nung n\u00f3ng \u0111\u1ec3 t\u1ea1o th\u00e0nh c\u00e1c b\u00e1nh r\u0103ng h\u00ecnh n\u00f3n ch\u1eafc ch\u1eafn, b\u1ec1n b\u1ec9. C\u00e1c b\u00e1nh r\u0103ng n\u00e0y \u0111\u01b0\u1ee3c s\u1eed d\u1ee5ng r\u1ed9ng r\u00e3i trong nhi\u1ec1u ng\u00e0nh c\u00f4ng nghi\u1ec7p kh\u00e1c nhau nh\u1edd kh\u1ea3 n\u0103ng truy\u1ec1n chuy\u1ec3n \u0111\u1ed9ng v\u00e0 c\u00f4ng su\u1ea5t gi\u1eefa c\u00e1c tr\u1ee5c giao nhau, th\u01b0\u1eddng \u1edf g\u00f3c 90 \u0111\u1ed9. Ch\u00fang mang l\u1ea1i nh\u1eefng \u01b0u \u0111i\u1ec3m nh\u01b0 \u0111\u1ed9 b\u1ec1n cao, kh\u1ea3 n\u0103ng ch\u1ed1ng m\u00e0i m\u00f2n v\u00e0 hi\u1ec7u qu\u1ea3 v\u1ec1 m\u1eb7t chi ph\u00ed nh\u1edd quy tr\u00ecnh luy\u1ec7n kim b\u1ed9t.<\/p>\n<p class=\"break-words\">T\u1ea1i C\u00f4ng ty FMP, ch\u00fang t\u00f4i chuy\u00ean s\u1ea3n xu\u1ea5t \u0111a d\u1ea1ng c\u00e1c lo\u1ea1i b\u00e1nh r\u0103ng c\u00f4n kim lo\u1ea1i thi\u00eau k\u1ebft \u0111\u00e1p \u1ee9ng nhu c\u1ea7u \u1ee9ng d\u1ee5ng \u0111a d\u1ea1ng. Ch\u00fang t\u00f4i c\u0169ng cung c\u1ea5p d\u1ecbch v\u1ee5 t\u00f9y ch\u1ec9nh \u0111\u1ec3 \u0111i\u1ec1u ch\u1ec9nh s\u1ea3n ph\u1ea9m theo y\u00eau c\u1ea7u c\u1ee5 th\u1ec3 c\u1ee7a b\u1ea1n. N\u1ebfu b\u1ea1n kh\u00f4ng t\u00ecm th\u1ea5y m\u1eabu ch\u00ednh x\u00e1c m\u00ecnh c\u1ea7n trong danh s\u00e1ch s\u1ea3n ph\u1ea9m c\u1ee7a ch\u00fang t\u00f4i, \u0111i\u1ec1u \u0111\u00f3 c\u00f3 ngh\u0129a l\u00e0 ch\u00fang t\u00f4i ch\u01b0a c\u00f3 th\u1eddi gian c\u1eadp nh\u1eadt. Vui l\u00f2ng g\u1eedi email cho ch\u00fang t\u00f4i th\u00f4ng s\u1ed1 k\u1ef9 thu\u1eadt mong mu\u1ed1n c\u1ee7a b\u1ea1n, v\u00e0 c\u00e1c k\u1ef9 s\u01b0 c\u1ee7a ch\u00fang t\u00f4i s\u1ebd ph\u1ea3n h\u1ed3i trong v\u00f2ng 24 gi\u1edd \u0111\u1ec3 h\u1ed7 tr\u1ee3 b\u1ea1n.\u00a0<img loading=\"lazy\" decoding=\"async\" class=\"alignnone size-full wp-image-6952\" src=\"https:\/\/fmp-components.com\/wp-content\/uploads\/2025\/03\/Sintered-Metal-bevel-gear-maintain.webp\" alt=\"B\u00e1nh r\u0103ng c\u00f4n kim lo\u1ea1i thi\u00eau k\u1ebft\" width=\"1300\" height=\"946\" title=\"\" srcset=\"https:\/\/fmp-components.com\/wp-content\/uploads\/2025\/03\/Sintered-Metal-bevel-gear-maintain.webp 1300w, https:\/\/fmp-components.com\/wp-content\/uploads\/2025\/03\/Sintered-Metal-bevel-gear-maintain-1280x931.webp 1280w, https:\/\/fmp-components.com\/wp-content\/uploads\/2025\/03\/Sintered-Metal-bevel-gear-maintain-980x713.webp 980w, https:\/\/fmp-components.com\/wp-content\/uploads\/2025\/03\/Sintered-Metal-bevel-gear-maintain-480x349.webp 480w\" sizes=\"(min-width: 0px) and (max-width: 480px) 480px, (min-width: 481px) and (max-width: 980px) 980px, (min-width: 981px) and (max-width: 1280px) 1280px, (min-width: 1281px) 1300px, 100vw\" \/><\/p>\n<h3>\u0110\u1eb7c \u0111i\u1ec3m k\u1ef9 thu\u1eadt<\/h3>\n<\/div>\n<table class=\"table\" border=\"1\" width=\"100%\" cellspacing=\"0\" cellpadding=\"0\">\n<tbody>\n<tr class=\"firstRow\">\n<td valign=\"center\" width=\"132\">S\u1ed1 hi\u1ec7u m\u1eabu<\/td>\n<td valign=\"center\" width=\"491\">M3, M4, M5, M8, M12, v.v.<\/td>\n<\/tr>\n<tr>\n<td valign=\"center\" width=\"132\">V\u1eadt li\u1ec7u<\/td>\n<td valign=\"center\" width=\"491\">\u0110\u1ed3ng thau, th\u00e9p C45, th\u00e9p kh\u00f4ng g\u1ec9, \u0111\u1ed3ng, POM, nh\u00f4m, h\u1ee3p kim, v.v.<\/td>\n<\/tr>\n<tr>\n<td valign=\"center\" width=\"132\">X\u1eed l\u00fd b\u1ec1 m\u1eb7t<\/td>\n<td valign=\"center\" width=\"491\">M\u1ea1 k\u1ebdm, m\u1ea1 niken, th\u1ee5 \u0111\u1ed9ng h\u00f3a, oxy h\u00f3a, anot h\u00f3a,<br \/>\nGeomet, Dacromet, Oxit \u0111en, Phosphat h\u00f3a, S\u01a1n t\u0129nh \u0111i\u1ec7n v\u00e0 \u0110i\u1ec7n di<\/td>\n<\/tr>\n<tr>\n<td valign=\"center\" width=\"132\">Ti\u00eau chu\u1ea9n<\/td>\n<td valign=\"center\" width=\"491\">ISO, DIN, ANSI, JIS, BS v\u00e0 Phi ti\u00eau chu\u1ea9n.<\/td>\n<\/tr>\n<tr>\n<td valign=\"center\" width=\"132\">\u0110\u1ed9 ch\u00ednh x\u00e1c<\/td>\n<td valign=\"center\" width=\"491\">DIN6, DIN7, DIN8, DIN9.<\/td>\n<\/tr>\n<tr>\n<td valign=\"center\" width=\"132\">\u0110i\u1ec1u tr\u1ecb r\u0103ng<\/td>\n<td valign=\"center\" width=\"491\">L\u00e0m c\u1ee9ng, nghi\u1ec1n ho\u1eb7c xay<\/td>\n<\/tr>\n<tr>\n<td valign=\"center\" width=\"132\">S\u1ee9c ch\u1ecbu \u0111\u1ef1ng<\/td>\n<td valign=\"center\" width=\"491\">0,001mm-0,01mm-0,1mm<\/td>\n<\/tr>\n<tr>\n<td valign=\"center\" width=\"132\">Ho\u00e0n th\u00e0nh<\/td>\n<td valign=\"center\" width=\"491\">phun c\u00e1t, x\u1eed l\u00fd nhi\u1ec7t, \u1ee7, ram, \u0111\u00e1nh b\u00f3ng, anot h\u00f3a, m\u1ea1 k\u1ebdm<\/td>\n<\/tr>\n<tr>\n<td valign=\"center\" width=\"132\">\u0110\u00f3ng g\u00f3i c\u00e1c m\u1eb7t h\u00e0ng<\/td>\n<td valign=\"center\" width=\"491\">T\u00fai nh\u1ef1a + Th\u00f9ng carton ho\u1eb7c Bao b\u00ec b\u1eb1ng g\u1ed7<\/td>\n<\/tr>\n<tr>\n<td valign=\"center\" width=\"132\">\u0110i\u1ec1u kho\u1ea3n thanh to\u00e1n<\/td>\n<td valign=\"center\" width=\"491\">T\/T, L\/C<\/td>\n<\/tr>\n<tr>\n<td valign=\"center\" width=\"132\">Th\u1eddi gian s\u1ea3n xu\u1ea5t<\/td>\n<td valign=\"center\" width=\"491\">20 ng\u00e0y l\u00e0m vi\u1ec7c cho m\u1eabu, 25 ng\u00e0y cho s\u1ed1 l\u01b0\u1ee3ng l\u1edbn<\/td>\n<\/tr>\n<tr>\n<td valign=\"center\" width=\"132\">M\u1eabu<\/td>\n<td valign=\"center\" width=\"491\">Gi\u00e1 m\u1eabu dao \u0111\u1ed9ng t\u1eeb $2 \u0111\u1ebfn $100.<br \/>\nm\u1eabu y\u00eau c\u1ea7u chuy\u1ec3n ph\u00e1t nhanh \u0111\u01b0\u1ee3c kh\u00e1ch h\u00e0ng thanh to\u00e1n<\/td>\n<\/tr>\n<tr>\n<td valign=\"center\" width=\"132\">\u1ee8ng d\u1ee5ng<\/td>\n<td valign=\"center\" width=\"491\">1. M\u00e1y \u0111i\u1ec1u khi\u1ec3n t\u1ef1 \u0111\u1ed9ng<br \/>\n2. Ng\u00e0nh c\u00f4ng nghi\u1ec7p b\u00e1n d\u1eabn<br \/>\n3. M\u00e1y m\u00f3c c\u00f4ng nghi\u1ec7p n\u00f3i chung<br \/>\n4. Thi\u1ebft b\u1ecb y t\u1ebf<br \/>\n5. Thi\u1ebft b\u1ecb n\u0103ng l\u01b0\u1ee3ng m\u1eb7t tr\u1eddi<br \/>\n6. M\u00e1y c\u00f4ng c\u1ee5<br \/>\n7. H\u1ec7 th\u1ed1ng \u0111\u1ed7 xe<br \/>\n8. Thi\u1ebft b\u1ecb v\u1eadn t\u1ea3i \u0111\u01b0\u1eddng s\u1eaft cao t\u1ed1c v\u00e0 h\u00e0ng kh\u00f4ng, v.v.<\/td>\n<\/tr>\n<\/tbody>\n<\/table>\n<p><img loading=\"lazy\" decoding=\"async\" class=\"alignnone wp-image-6953\" src=\"https:\/\/fmp-components.com\/wp-content\/uploads\/2025\/03\/Sintered-Metal-bevel-gear-work.webp\" alt=\"B\u00e1nh r\u0103ng c\u00f4n kim lo\u1ea1i thi\u00eau k\u1ebft\" width=\"772\" height=\"587\" title=\"\" srcset=\"https:\/\/fmp-components.com\/wp-content\/uploads\/2025\/03\/Sintered-Metal-bevel-gear-work.webp 772w, https:\/\/fmp-components.com\/wp-content\/uploads\/2025\/03\/Sintered-Metal-bevel-gear-work-480x365.webp 480w\" sizes=\"(min-width: 0px) and (max-width: 480px) 480px, (min-width: 481px) 772px, 100vw\" \/><\/p>","protected":false},"excerpt":{"rendered":"<p>Gi\u1edbi thi\u1ec7u v\u1ec1 b\u00e1nh r\u0103ng c\u00f4n kim lo\u1ea1i thi\u00eau k\u1ebft: B\u00e1nh r\u0103ng c\u00f4n kim lo\u1ea1i thi\u00eau k\u1ebft l\u00e0 c\u00e1c b\u1ed9 ph\u1eadn \u0111\u01b0\u1ee3c ch\u1ebf t\u1ea1o ch\u00ednh x\u00e1c th\u00f4ng qua quy tr\u00ecnh thi\u00eau k\u1ebft, trong \u0111\u00f3 b\u1ed9t kim lo\u1ea1i \u0111\u01b0\u1ee3c n\u00e9n ch\u1eb7t v\u00e0 nung n\u00f3ng \u0111\u1ec3 t\u1ea1o th\u00e0nh c\u00e1c b\u00e1nh r\u0103ng ch\u1eafc ch\u1eafn, b\u1ec1n b\u1ec9 v\u1edbi h\u00ecnh d\u1ea1ng h\u00ecnh n\u00f3n. Nh\u1eefng b\u00e1nh r\u0103ng n\u00e0y \u0111\u01b0\u1ee3c s\u1eed d\u1ee5ng r\u1ed9ng r\u00e3i trong nhi\u1ec1u ng\u00e0nh c\u00f4ng nghi\u1ec7p nh\u1edd kh\u1ea3 n\u0103ng truy\u1ec1n chuy\u1ec3n \u0111\u1ed9ng v\u00e0 c\u00f4ng su\u1ea5t gi\u1eefa c\u00e1c tr\u1ee5c giao nhau, th\u01b0\u1eddng \u1edf t\u1ed1c \u0111\u1ed9 [\u2026]<\/p>","protected":false},"featured_media":6951,"comment_status":"open","ping_status":"closed","template":"","meta":{"_et_pb_use_builder":"","_et_pb_old_content":"","_et_gb_content_width":""},"product_brand":[],"product_cat":[106],"product_tag":[],"class_list":{"0":"post-6946","1":"product","2":"type-product","3":"status-publish","4":"has-post-thumbnail","6":"product_cat-bevel-gears","8":"first","9":"instock","10":"shipping-taxable","11":"product-type-simple"},"_links":{"self":[{"href":"https:\/\/fmp-components.com\/vi\/wp-json\/wp\/v2\/product\/6946","targetHints":{"allow":["GET"]}}],"collection":[{"href":"https:\/\/fmp-components.com\/vi\/wp-json\/wp\/v2\/product"}],"about":[{"href":"https:\/\/fmp-components.com\/vi\/wp-json\/wp\/v2\/types\/product"}],"replies":[{"embeddable":true,"href":"https:\/\/fmp-components.com\/vi\/wp-json\/wp\/v2\/comments?post=6946"}],"wp:featuredmedia":[{"embeddable":true,"href":"https:\/\/fmp-components.com\/vi\/wp-json\/wp\/v2\/media\/6951"}],"wp:attachment":[{"href":"https:\/\/fmp-components.com\/vi\/wp-json\/wp\/v2\/media?parent=6946"}],"wp:term":[{"taxonomy":"product_brand","embeddable":true,"href":"https:\/\/fmp-components.com\/vi\/wp-json\/wp\/v2\/product_brand?post=6946"},{"taxonomy":"product_cat","embeddable":true,"href":"https:\/\/fmp-components.com\/vi\/wp-json\/wp\/v2\/product_cat?post=6946"},{"taxonomy":"product_tag","embeddable":true,"href":"https:\/\/fmp-components.com\/vi\/wp-json\/wp\/v2\/product_tag?post=6946"}],"curies":[{"name":"wp","href":"https:\/\/api.w.org\/{rel}","templated":true}]}}