{"id":6652,"date":"2025-03-11T06:36:21","date_gmt":"2025-03-11T06:36:21","guid":{"rendered":"https:\/\/fmp-components.com\/product\/professional-long-stroke-double-acting-small-dump-truck-multistage-hydraulic-cylinder"},"modified":"2025-03-12T08:24:10","modified_gmt":"2025-03-12T08:24:10","slug":"professional-long-stroke-double-acting-small-dump-truck-multistage-hydraulic-cylinder","status":"publish","type":"product","link":"https:\/\/fmp-components.com\/vi\/product\/professional-long-stroke-double-acting-small-dump-truck-multistage-hydraulic-cylinder\/","title":{"rendered":"Xi lanh th\u1ee7y l\u1ef1c \u0111a c\u1ea5p t\u00e1c \u0111\u1ed9ng k\u00e9p chuy\u00ean nghi\u1ec7p cho xe ben nh\u1ecf"},"content":{"rendered":"<h2>Xi lanh th\u1ee7y l\u1ef1c \u0111a c\u1ea5p t\u00e1c \u0111\u1ed9ng k\u00e9p chuy\u00ean nghi\u1ec7p cho xe ben nh\u1ecf<\/h2>\n<p>Xi lanh th\u1ee7y l\u1ef1c \u0111a c\u1ea5p t\u00e1c \u0111\u1ed9ng k\u00e9p chuy\u00ean nghi\u1ec7p cho xe ben c\u1ee1 nh\u1ecf c\u1ee7a ch\u00fang t\u00f4i l\u00e0 s\u1ea3n ph\u1ea9m m\u1edbi v\u1edbi ch\u1ebf \u0111\u1ed9 b\u1ea3o h\u00e0nh m\u1ed9t n\u0103m. S\u1ea3n ph\u1ea9m \u0111\u01b0\u1ee3c thi\u1ebft k\u1ebf \u0111\u1ec3 s\u1eed d\u1ee5ng trong nhi\u1ec1u ng\u00e0nh c\u00f4ng nghi\u1ec7p kh\u00e1c nhau nh\u01b0 x\u01b0\u1edfng s\u1eeda ch\u1eefa m\u00e1y m\u00f3c, trang tr\u1ea1i, n\u0103ng l\u01b0\u1ee3ng &amp; khai th\u00e1c m\u1ecf, s\u1ea3n xu\u1ea5t m\u00e1y m\u00f3c v\u00e0 nh\u00e0 m\u00e1y c\u01a1 kh\u00ed. \u0110\u01b0\u1ee3c l\u00e0m b\u1eb1ng th\u00e9p b\u1ec1n ch\u1eafc, xi lanh c\u00f3 l\u1ef1c \u0111\u1ea9y t\u1ed1i \u0111a 3000 v\u00e0 s\u1ee9c k\u00e9o t\u1ed1i \u0111a 20 t\u1ea5n. S\u1ea3n ph\u1ea9m c\u00f3 m\u00e0u \u0111en ti\u00eau chu\u1ea9n v\u00e0 \u0111\u01b0\u1ee3c ch\u1ee9ng nh\u1eadn ISO9001:2000.<\/p>\n<h2>Th\u00f4ng s\u1ed1 k\u1ef9 thu\u1eadt s\u1ea3n ph\u1ea9m<\/h2>\n<table style=\"width: 96.0953%;\" border=\"\">\n<tbody>\n<tr>\n<td style=\"width: 43.5028%;\"><strong>K\u00edch th\u01b0\u1edbc l\u1ed7 khoan<\/strong><\/td>\n<td style=\"width: 464.407%;\">2-6 inch<\/td>\n<\/tr>\n<tr>\n<td style=\"width: 43.5028%;\"><strong>K\u00edch th\u01b0\u1edbc thanh<\/strong><\/td>\n<td style=\"width: 464.407%;\">1,125-4 inch<\/td>\n<\/tr>\n<tr>\n<td style=\"width: 43.5028%;\"><strong>K\u00edch th\u01b0\u1edbc n\u00e9t v\u1ebd<\/strong><\/td>\n<td style=\"width: 464.407%;\">4-100 inch<\/td>\n<\/tr>\n<tr>\n<td style=\"width: 43.5028%;\"><strong>K\u00edch th\u01b0\u1edbc ch\u00e2n c\u1eafm<\/strong><\/td>\n<td style=\"width: 464.407%;\">0,5-2 inch<\/td>\n<\/tr>\n<tr>\n<td style=\"width: 43.5028%;\"><strong>C\u1ed5ng<\/strong><\/td>\n<td style=\"width: 464.407%;\">G\/SAE\/NPT\/M<\/td>\n<\/tr>\n<\/tbody>\n<\/table>\n<h2>C\u00e1c t\u00ednh n\u0103ng v\u00e0 l\u1ee3i th\u1ebf \u0111\u1ed9c \u0111\u00e1o<\/h2>\n<ul>\n<li>Ti\u1ebft ki\u1ec7m n\u0103ng l\u01b0\u1ee3ng<\/li>\n<li>Hi\u1ec7u qu\u1ea3 cao<\/li>\n<li>An to\u00e0n khi s\u1eed d\u1ee5ng<\/li>\n<\/ul>\n<h2>Nguy\u00ean l\u00fd ho\u1ea1t \u0111\u1ed9ng v\u00e0 \u1ee9ng d\u1ee5ng<\/h2>\n<p>Xi lanh th\u1ee7y l\u1ef1c ho\u1ea1t \u0111\u1ed9ng d\u1ef1a tr\u00ean nguy\u00ean l\u00fd c\u01a1 b\u1ea3n l\u00e0 chuy\u1ec3n \u0111\u1ed5i n\u0103ng l\u01b0\u1ee3ng th\u1ee7y l\u1ef1c th\u00e0nh chuy\u1ec3n \u0111\u1ed9ng c\u01a1 h\u1ecdc th\u00f4ng qua \u00e1p su\u1ea5t. Qu\u00e1 tr\u00ecnh n\u00e0y b\u1eaft \u0111\u1ea7u khi ch\u1ea5t l\u1ecfng th\u1ee7y l\u1ef1c \u0111\u01b0\u1ee3c n\u00e9n, th\u01b0\u1eddng l\u00e0 b\u1eb1ng b\u01a1m th\u1ee7y l\u1ef1c. Ch\u1ea5t l\u1ecfng \u0111\u01b0\u1ee3c n\u00e9n sau \u0111\u00f3 \u0111\u01b0\u1ee3c d\u1eabn v\u00e0o xi lanh, t\u1ea1i \u0111\u00f3 n\u00f3 t\u00e1c d\u1ee5ng l\u1ef1c l\u00ean piston b\u00ean trong. Khi ch\u1ea5t l\u1ecfng \u0111i v\u00e0o xi lanh, n\u00f3 \u0111\u1ea9y piston, khi\u1ebfn piston chuy\u1ec3n \u0111\u1ed9ng theo h\u01b0\u1edbng th\u1eb3ng. Chuy\u1ec3n \u0111\u1ed9ng n\u00e0y c\u00f3 th\u1ec3 \u0111\u01b0\u1ee3c khai th\u00e1c \u0111\u1ec3 th\u1ef1c hi\u1ec7n nhi\u1ec1u t\u00e1c v\u1ee5 c\u01a1 h\u1ecdc kh\u00e1c nhau, ch\u1eb3ng h\u1ea1n nh\u01b0 n\u00e2ng, \u0111\u1ea9y ho\u1eb7c k\u00e9o v\u1eadt n\u1eb7ng.<\/p>\n<p>Hi\u1ec7u qu\u1ea3 c\u1ee7a xi lanh th\u1ee7y l\u1ef1c n\u1eb1m \u1edf kh\u1ea3 n\u0103ng truy\u1ec1n l\u1ef1c tr\u00ean kho\u1ea3ng c\u00e1ch xa m\u00e0 kh\u00f4ng b\u1ecb m\u1ea5t n\u0103ng l\u01b0\u1ee3ng \u0111\u00e1ng k\u1ec3. T\u00ednh kh\u00f4ng n\u00e9n c\u1ee7a ch\u1ea5t l\u1ecfng th\u1ee7y l\u1ef1c cho ph\u00e9p ki\u1ec3m so\u00e1t chuy\u1ec3n \u0111\u1ed9ng ch\u00ednh x\u00e1c, cho ph\u00e9p ng\u01b0\u1eddi v\u1eadn h\u00e0nh \u0111i\u1ec1u ch\u1ec9nh t\u1ed1c \u0111\u1ed9 v\u00e0 v\u1ecb tr\u00ed c\u1ee7a piston v\u1edbi \u0111\u1ed9 ch\u00ednh x\u00e1c \u0111\u00e1ng kinh ng\u1ea1c. Kh\u1ea3 n\u0103ng n\u00e0y gi\u00fap h\u1ec7 th\u1ed1ng th\u1ee7y l\u1ef1c tr\u1edf n\u00ean linh ho\u1ea1t v\u00e0 \u0111\u00e1ng tin c\u1eady cho nhi\u1ec1u \u1ee9ng d\u1ee5ng, \u0111\u00f2i h\u1ecfi l\u1ef1c \u0111\u1ea7u ra l\u1edbn trong m\u1ed9t thi\u1ebft k\u1ebf nh\u1ecf g\u1ecdn.<\/p>\n<p><img loading=\"lazy\" decoding=\"async\" class=\"alignnone  wp-image-6659\" src=\"https:\/\/fmp-components.com\/wp-content\/uploads\/2025\/03\/telescopic-hydraulic-cylinder-12.webp\" alt=\"xi lanh th\u1ee7y l\u1ef1c d\u1ea1ng \u1ed1ng l\u1ed3ng\" width=\"926\" height=\"926\" title=\"\" srcset=\"https:\/\/fmp-components.com\/wp-content\/uploads\/2025\/03\/telescopic-hydraulic-cylinder-12.webp 926w, https:\/\/fmp-components.com\/wp-content\/uploads\/2025\/03\/telescopic-hydraulic-cylinder-12-480x480.webp 480w\" sizes=\"(min-width: 0px) and (max-width: 480px) 480px, (min-width: 481px) 926px, 100vw\" \/><\/p>\n<h2>\u1ee8ng d\u1ee5ng<\/h2>\n<p>Xi lanh th\u1ee7y l\u1ef1c \u0111\u01b0\u1ee3c s\u1eed d\u1ee5ng trong nhi\u1ec1u ng\u00e0nh c\u00f4ng nghi\u1ec7p v\u00e0 \u1ee9ng d\u1ee5ng, th\u1ec3 hi\u1ec7n t\u00ednh linh ho\u1ea1t v\u00e0 hi\u1ec7u qu\u1ea3 c\u1ee7a ch\u00fang:<\/p>\n<ul>\n<li><strong>Xe t\u1ea3i ben:<\/strong> Trong l\u0129nh v\u1ef1c v\u1eadn t\u1ea3i, xi lanh th\u1ee7y l\u1ef1c l\u00e0 thi\u1ebft b\u1ecb thi\u1ebft y\u1ebfu cho ho\u1ea1t \u0111\u1ed9ng c\u1ee7a xe ben. Ch\u00fang h\u1ed7 tr\u1ee3 c\u01a1 ch\u1ebf \u0111\u1ed5, cho ph\u00e9p n\u00e2ng v\u00e0 nghi\u00eang th\u00f9ng xe \u0111\u1ec3 \u0111\u1ed5 v\u1eadt li\u1ec7u nh\u01b0 \u0111\u1ea5t, s\u1ecfi v\u00e0 m\u1ea3nh v\u1ee5n m\u1ed9t c\u00e1ch hi\u1ec7u qu\u1ea3.<\/li>\n<li><strong>S\u1ea3n xu\u1ea5t m\u00e1y m\u00f3c:<\/strong> Trong m\u00f4i tr\u01b0\u1eddng s\u1ea3n xu\u1ea5t, xi lanh th\u1ee7y l\u1ef1c \u0111\u00f3ng vai tr\u00f2 quan tr\u1ecdng trong vi\u1ec7c l\u1eafp r\u00e1p v\u00e0 v\u1eadn h\u00e0nh m\u00e1y m\u00f3c. Ch\u00fang \u0111\u01b0\u1ee3c s\u1eed d\u1ee5ng cho c\u00e1c nhi\u1ec7m v\u1ee5 nh\u01b0 \u00e9p c\u00e1c chi ti\u1ebft kim lo\u1ea1i, n\u00e2ng c\u00e1c b\u1ed9 ph\u1eadn n\u1eb7ng v\u00e0 cung c\u1ea5p l\u1ef1c c\u1ea7n thi\u1ebft cho c\u00e1c quy tr\u00ecnh t\u1ef1 \u0111\u1ed9ng tr\u00ean d\u00e2y chuy\u1ec1n l\u1eafp r\u00e1p.<\/li>\n<li><strong>S\u1ef1 thi c\u00f4ng:<\/strong> Xi lanh th\u1ee7y l\u1ef1c l\u00e0 m\u1ed9t ph\u1ea7n kh\u00f4ng th\u1ec3 thi\u1ebfu c\u1ee7a nhi\u1ec1u thi\u1ebft b\u1ecb x\u00e2y d\u1ef1ng, bao g\u1ed3m m\u00e1y \u0111\u00e0o, m\u00e1y x\u00fac l\u1eadt v\u00e0 m\u00e1y \u1ee7i. Ch\u00fang cung c\u1ea5p n\u0103ng l\u01b0\u1ee3ng c\u1ea7n thi\u1ebft \u0111\u1ec3 \u0111\u00e0o, n\u00e2ng v\u00e0 di chuy\u1ec3n v\u1eadt li\u1ec7u n\u1eb7ng, khi\u1ebfn ch\u00fang tr\u1edf n\u00ean kh\u00f4ng th\u1ec3 thi\u1ebfu tr\u00ean c\u00e1c c\u00f4ng tr\u01b0\u1eddng x\u00e2y d\u1ef1ng.<\/li>\n<li><strong>Thi\u1ebft b\u1ecb n\u00f4ng nghi\u1ec7p:<\/strong> Trong n\u00f4ng nghi\u1ec7p, xi lanh th\u1ee7y l\u1ef1c \u0111\u01b0\u1ee3c s\u1eed d\u1ee5ng trong m\u00e1y k\u00e9o, m\u00e1y c\u00e0y v\u00e0 m\u00e1y g\u1eb7t. Ch\u00fang h\u1ed7 tr\u1ee3 c\u00e1c c\u00f4ng vi\u1ec7c nh\u01b0 n\u00e2ng v\u00e0 h\u1ea1 d\u1ee5ng c\u1ee5, c\u1ea3i thi\u1ec7n hi\u1ec7u su\u1ea5t v\u00e0 hi\u1ec7u su\u1ea5t c\u1ee7a ho\u1ea1t \u0111\u1ed9ng n\u00f4ng nghi\u1ec7p.<\/li>\n<li><strong>Ng\u00e0nh khai th\u00e1c m\u1ecf:<\/strong> Xi lanh th\u1ee7y l\u1ef1c \u0111\u01b0\u1ee3c s\u1eed d\u1ee5ng trong m\u00e1y m\u00f3c khai th\u00e1c m\u1ecf \u0111\u1ec3 khoan, \u0111\u00e0o v\u00e0 v\u1eadn chuy\u1ec3n v\u1eadt li\u1ec7u. Thi\u1ebft k\u1ebf ch\u1eafc ch\u1eafn c\u1ee7a ch\u00fang cho ph\u00e9p ch\u00fang ho\u1ea1t \u0111\u1ed9ng \u0111\u00e1ng tin c\u1eady trong m\u00f4i tr\u01b0\u1eddng kh\u1eafc nghi\u1ec7t, n\u01a1i l\u1ef1c v\u00e0 \u0111\u1ed9 b\u1ec1n cao l\u00e0 y\u1ebfu t\u1ed1 quan tr\u1ecdng.<\/li>\n<li><strong>X\u1eed l\u00fd v\u1eadt li\u1ec7u:<\/strong> Trong c\u00e1c nh\u00e0 kho v\u00e0 trung t\u00e2m ph\u00e2n ph\u1ed1i, xi lanh th\u1ee7y l\u1ef1c \u0111\u01b0\u1ee3c s\u1eed d\u1ee5ng trong xe n\u00e2ng v\u00e0 b\u00e0n n\u00e2ng \u0111\u1ec3 di chuy\u1ec3n v\u00e0 \u0111\u1ecbnh v\u1ecb c\u00e1c v\u1eadt n\u1eb7ng, n\u00e2ng cao hi\u1ec7u qu\u1ea3 ho\u1ea1t \u0111\u1ed9ng v\u00e0 an to\u00e0n cho ng\u01b0\u1eddi lao \u0111\u1ed9ng.<\/li>\n<\/ul>\n<p>Vi\u1ec7c s\u1eed d\u1ee5ng r\u1ed9ng r\u00e3i xi lanh th\u1ee7y l\u1ef1c trong nhi\u1ec1u \u1ee9ng d\u1ee5ng \u0111a d\u1ea1ng n\u00e0y nh\u1ea5n m\u1ea1nh t\u1ea7m quan tr\u1ecdng c\u1ee7a ch\u00fang trong k\u1ef9 thu\u1eadt hi\u1ec7n \u0111\u1ea1i v\u00e0 c\u00e1c quy tr\u00ecnh c\u00f4ng nghi\u1ec7p. Kh\u1ea3 n\u0103ng cung c\u1ea5p chuy\u1ec3n \u0111\u1ed9ng m\u1ea1nh m\u1ebd v\u00e0 \u0111\u01b0\u1ee3c ki\u1ec3m so\u00e1t khi\u1ebfn ch\u00fang tr\u1edf th\u00e0nh c\u00f4ng c\u1ee5 thi\u1ebft y\u1ebfu trong nhi\u1ec1u l\u0129nh v\u1ef1c, th\u00fac \u0111\u1ea9y n\u0103ng su\u1ea5t v\u00e0 \u0111\u1ed5i m\u1edbi.<\/p>\n<h3>Gi\u1edbi thi\u1ec7u v\u1ec1 FMP<\/h3>\n<p>FMP l\u00e0 nh\u00e0 s\u1ea3n xu\u1ea5t h\u00e0ng \u0111\u1ea7u c\u1ee7a \u00dd, n\u1ed5i ti\u1ebfng v\u1edbi chuy\u00ean m\u00f4n trong thi\u1ebft k\u1ebf, ph\u00e1t tri\u1ec3n v\u00e0 s\u1ea3n xu\u1ea5t xi lanh th\u1ee7y l\u1ef1c ch\u1ea5t l\u01b0\u1ee3ng cao. V\u1edbi h\u00e0ng th\u1eadp k\u1ef7 kinh nghi\u1ec7m trong ng\u00e0nh, ch\u00fang t\u00f4i k\u1ebft h\u1ee3p nhu\u1ea7n nhuy\u1ec5n gi\u1eefa k\u1ef9 thu\u1eadt th\u1ee7 c\u00f4ng truy\u1ec1n th\u1ed1ng c\u1ee7a \u00dd v\u1edbi c\u00f4ng ngh\u1ec7 ti\u00ean ti\u1ebfn \u0111\u1ec3 mang \u0111\u1ebfn c\u00e1c gi\u1ea3i ph\u00e1p th\u1ee7y l\u1ef1c v\u01b0\u1ee3t tr\u1ed9i, \u0111\u00e1p \u1ee9ng nhu c\u1ea7u \u0111a d\u1ea1ng c\u1ee7a kh\u00e1ch h\u00e0ng to\u00e0n c\u1ea7u. T\u1ecda l\u1ea1c t\u1ea1i \u00dd, m\u1ed9t trung t\u00e2m k\u1ef9 thu\u1eadt xu\u1ea5t s\u1eafc, FMP \u0111\u00e3 kh\u1eb3ng \u0111\u1ecbnh v\u1ecb th\u1ebf l\u00e0 m\u1ed9t th\u01b0\u01a1ng hi\u1ec7u uy t\u00edn trong l\u0129nh v\u1ef1c th\u1ee7y l\u1ef1c, chuy\u00ean cung c\u1ea5p c\u00e1c s\u1ea3n ph\u1ea9m \u0111\u00e1ng tin c\u1eady, b\u1ec1n b\u1ec9 v\u00e0 s\u00e1ng t\u1ea1o, h\u1ed7 tr\u1ee3 c\u00e1c doanh nghi\u1ec7p tr\u00ean to\u00e0n th\u1ebf gi\u1edbi.<\/p>\n<p>C\u00f4ng ty ch\u00fang t\u00f4i k\u1ebft h\u1ee3p nh\u1eefng ph\u01b0\u01a1ng ph\u00e1p s\u1ea3n xu\u1ea5t ti\u00ean ti\u1ebfn nh\u1ea5t v\u1edbi ph\u01b0\u01a1ng ph\u00e1p ti\u1ebfp c\u1eadn h\u01b0\u1edbng \u0111\u1ebfn t\u01b0\u01a1ng lai. T\u1eadn d\u1ee5ng nhi\u1ec1u n\u0103m kinh nghi\u1ec7m trong l\u0129nh v\u1ef1c h\u1ec7 th\u1ed1ng th\u1ee7y l\u1ef1c, FMP \u0111\u00e3 ph\u00e1t tri\u1ec3n th\u00e0nh m\u1ed9t doanh nghi\u1ec7p hi\u1ec7n \u0111\u1ea1i, ti\u00ean ti\u1ebfn trong nghi\u00ean c\u1ee9u, thi\u1ebft k\u1ebf v\u00e0 s\u1ea3n xu\u1ea5t. Ch\u00fang t\u00f4i cung c\u1ea5p \u0111a d\u1ea1ng c\u00e1c lo\u1ea1i xi lanh th\u1ee7y l\u1ef1c, bao g\u1ed3m xi lanh t\u00e1c \u0111\u1ed9ng k\u00e9p, xi lanh n\u00e2ng \u00f4 t\u00f4, xi lanh m\u00e1y m\u00f3c n\u00f4ng nghi\u1ec7p v\u00e0 c\u00e1c gi\u1ea3i ph\u00e1p thi\u1ebft k\u1ebf ri\u00eang cho nhi\u1ec1u \u1ee9ng d\u1ee5ng c\u00f4ng nghi\u1ec7p kh\u00e1c nhau. D\u00f9 l\u00e0 cho x\u00e2y d\u1ef1ng, l\u1eafp \u0111\u1eb7t c\u00f4ng nghi\u1ec7p, n\u00f4ng nghi\u1ec7p hay m\u00e1y m\u00f3c h\u1ea1ng n\u1eb7ng, xi lanh th\u1ee7y l\u1ef1c c\u1ee7a ch\u00fang t\u00f4i \u0111\u01b0\u1ee3c thi\u1ebft k\u1ebf \u0111\u1ec3 ho\u1ea1t \u0111\u1ed9ng trong nh\u1eefng \u0111i\u1ec1u ki\u1ec7n kh\u1eafc nghi\u1ec7t nh\u1ea5t, \u0111\u1ea3m b\u1ea3o an to\u00e0n, hi\u1ec7u qu\u1ea3 v\u00e0 tu\u1ed5i th\u1ecd cao.<\/p>\n<p>T\u1ea1i FMP, ch\u00fang t\u00f4i t\u1ef1 h\u00e0o s\u1edf h\u1eefu c\u01a1 s\u1edf s\u1ea3n xu\u1ea5t hi\u1ec7n \u0111\u1ea1i, \u0111\u01b0\u1ee3c trang b\u1ecb m\u00e1y m\u00f3c ch\u00ednh x\u00e1c v\u00e0 h\u1ec7 th\u1ed1ng ki\u1ec3m tra ti\u00ean ti\u1ebfn. Quy tr\u00ecnh s\u1ea3n xu\u1ea5t c\u1ee7a ch\u00fang t\u00f4i tu\u00e2n th\u1ee7 c\u00e1c ti\u00eau chu\u1ea9n qu\u1ed1c gia v\u00e0 qu\u1ed1c t\u1ebf nghi\u00eam ng\u1eb7t, \u0111\u1ea3m b\u1ea3o m\u1ed7i xi lanh th\u1ee7y l\u1ef1c \u0111\u01b0\u1ee3c s\u1ea3n xu\u1ea5t \u0111\u1ec1u \u0111\u00e1p \u1ee9ng c\u00e1c ti\u00eau chu\u1ea9n ch\u1ea5t l\u01b0\u1ee3ng v\u00e0 \u0111\u1ed9 tin c\u1eady cao nh\u1ea5t. V\u1edbi \u0111\u1ed9i ng\u0169 k\u1ef9 thu\u1eadt l\u00e0nh ngh\u1ec1 v\u00e0 thi\u1ebft b\u1ecb hi\u1ec7n \u0111\u1ea1i, ch\u00fang t\u00f4i duy tr\u00ec quy tr\u00ecnh ki\u1ec3m so\u00e1t ch\u1ea5t l\u01b0\u1ee3ng nghi\u00eam ng\u1eb7t \u1edf m\u1ecdi giai \u0111o\u1ea1n s\u1ea3n xu\u1ea5t, t\u1eeb kh\u00e2u l\u1ef1a ch\u1ecdn nguy\u00ean li\u1ec7u th\u00f4 \u0111\u1ebfn kh\u00e2u ki\u1ec3m tra cu\u1ed1i c\u00f9ng. Cam k\u1ebft v\u1ec1 s\u1ef1 xu\u1ea5t s\u1eafc n\u00e0y \u0111\u00e3 mang l\u1ea1i cho ch\u00fang t\u00f4i c\u00e1c ch\u1ee9ng nh\u1eadn v\u00e0 s\u1ef1 c\u00f4ng nh\u1eadn t\u1eeb c\u00e1c c\u01a1 quan qu\u1ea3n l\u00fd trong ng\u00e0nh, c\u1ee7ng c\u1ed1 danh ti\u1ebfng l\u00e0 m\u1ed9t \u0111\u1ed1i t\u00e1c \u0111\u00e1ng tin c\u1eady.<\/p>\n<p><img loading=\"lazy\" decoding=\"async\" class=\"alignnone size-full wp-image-6720\" src=\"https:\/\/fmp-components.com\/wp-content\/uploads\/2025\/03\/hydraulic-cylinder-8.webp\" alt=\"Xi lanh th\u1ee7y l\u1ef1c d\u1ea1ng \u1ed1ng l\u1ed3ng\" width=\"933\" height=\"526\" title=\"\" srcset=\"https:\/\/fmp-components.com\/wp-content\/uploads\/2025\/03\/hydraulic-cylinder-8.webp 933w, https:\/\/fmp-components.com\/wp-content\/uploads\/2025\/03\/hydraulic-cylinder-8-480x271.webp 480w\" sizes=\"(min-width: 0px) and (max-width: 480px) 480px, (min-width: 481px) 933px, 100vw\" \/><\/p>\n<p>S\u1ee9 m\u1ec7nh c\u1ee7a ch\u00fang t\u00f4i v\u1eeba th\u1eb3ng th\u1eafn v\u1eeba \u0111\u1ea7y tham v\u1ecdng: cung c\u1ea5p cho kh\u00e1ch h\u00e0ng nh\u1eefng xi lanh th\u1ee7y l\u1ef1c v\u01b0\u1ee3t qua m\u1ecdi k\u1ef3 v\u1ecdng v\u1ec1 hi\u1ec7u su\u1ea5t, \u0111\u1ed9 b\u1ec1n v\u00e0 gi\u00e1 tr\u1ecb. Ch\u00fang t\u00f4i tu\u00e2n th\u1ee7 c\u00e1c nguy\u00ean t\u1eafc c\u1ed1t l\u00f5i v\u1ec1 t\u00ednh chuy\u00ean nghi\u1ec7p, ch\u00ednh tr\u1ef1c v\u00e0 l\u1ea5y kh\u00e1ch h\u00e0ng l\u00e0m tr\u1ecdng t\u00e2m. B\u1eb1ng c\u00e1ch nu\u00f4i d\u01b0\u1ee1ng v\u0103n h\u00f3a \u0111\u1ed5i m\u1edbi v\u00e0 ch\u00ednh x\u00e1c, ch\u00fang t\u00f4i li\u00ean t\u1ee5c c\u1ea3i ti\u1ebfn s\u1ea3n ph\u1ea9m \u0111\u1ec3 lu\u00f4n d\u1eabn \u0111\u1ea7u trong th\u1ecb tr\u01b0\u1eddng c\u1ea1nh tranh. Danh m\u1ee5c s\u1ea3n ph\u1ea9m \u0111a d\u1ea1ng v\u00e0 kh\u1ea3 n\u0103ng cung c\u1ea5p c\u00e1c gi\u1ea3i ph\u00e1p ph\u00f9 h\u1ee3p gi\u00fap ch\u00fang t\u00f4i tr\u1edf th\u00e0nh l\u1ef1a ch\u1ecdn \u01b0u ti\u00ean cho c\u00e1c doanh nghi\u1ec7p \u0111ang t\u00ecm ki\u1ebfm xi lanh th\u1ee7y l\u1ef1c hi\u1ec7u su\u1ea5t cao.<\/p>\n<p>FMP kh\u00f4ng ch\u1ec9 l\u00e0 m\u1ed9t nh\u00e0 s\u1ea3n xu\u1ea5t; ch\u00fang t\u00f4i c\u00f2n l\u00e0 \u0111\u1ed1i t\u00e1c t\u1eadn t\u00e2m trong th\u00e0nh c\u00f4ng c\u1ee7a b\u1ea1n. Ch\u00fang t\u00f4i hi\u1ec3u r\u1eb1ng kh\u00e1ch h\u00e0ng tin t\u01b0\u1edfng v\u00e0o ch\u00fang t\u00f4i \u0111\u1ec3 cung c\u1ea5p c\u00e1c c\u00f4ng c\u1ee5 n\u00e2ng cao n\u0103ng su\u1ea5t v\u00e0 an to\u00e0n. \u0110\u00f3 l\u00e0 l\u00fd do t\u1ea1i sao ch\u00fang t\u00f4i cam k\u1ebft kh\u00f4ng ch\u1ec9 cung c\u1ea5p c\u00e1c s\u1ea3n ph\u1ea9m h\u00e0ng \u0111\u1ea7u m\u00e0 c\u00f2n c\u1ea3 d\u1ecbch v\u1ee5 xu\u1ea5t s\u1eafc. T\u1eeb kh\u00e2u t\u01b0 v\u1ea5n ban \u0111\u1ea7u \u0111\u1ebfn h\u1ed7 tr\u1ee3 sau b\u00e1n h\u00e0ng, ch\u00fang t\u00f4i h\u1ee3p t\u00e1c ch\u1eb7t ch\u1ebd v\u1edbi kh\u00e1ch h\u00e0ng \u0111\u1ec3 \u0111\u1ea3m b\u1ea3o nhu c\u1ea7u c\u1ee7a h\u1ecd \u0111\u01b0\u1ee3c \u0111\u00e1p \u1ee9ng m\u1ed9t c\u00e1ch chuy\u00ean nghi\u1ec7p v\u00e0 t\u1eadn t\u00e2m. Gi\u00e1 c\u1ea3 c\u1ea1nh tranh, c\u00f9ng v\u1edbi cam k\u1ebft ch\u1ea5t l\u01b0\u1ee3ng v\u1eefng ch\u1eafc, FMP l\u00e0 l\u1ef1a ch\u1ecdn th\u00f4ng minh cho c\u00e1c c\u00f4ng ty \u0111ang t\u00ecm ki\u1ebfm gi\u1ea3i ph\u00e1p th\u1ee7y l\u1ef1c \u0111\u00e1ng tin c\u1eady.<\/p>","protected":false},"excerpt":{"rendered":"<p>Professional Long Stroke Double Acting Small Dump Truck Multistage Hydraulic Cylinder Our professional long stroke double acting small dump truck multistage hydraulic cylinder is a new product with a one-year warranty. It is designed for use in various industries such as machinery repair shops, farms, energy &amp; mining, machinery manufacturing, and machinery factories. Made of [&hellip;]<\/p>","protected":false},"featured_media":6762,"comment_status":"closed","ping_status":"closed","template":"","meta":{"_et_pb_use_builder":"","_et_pb_old_content":"","_et_gb_content_width":""},"product_brand":[],"product_cat":[103],"product_tag":[34,105],"class_list":{"0":"post-6652","1":"product","2":"type-product","3":"status-publish","4":"has-post-thumbnail","6":"product_cat-telescopic-hydraulic-cylinders","7":"product_tag-hydraulic-cylinder","8":"product_tag-telescopic-hydraulic-cylinders","10":"first","11":"instock","12":"product-type-simple"},"_links":{"self":[{"href":"https:\/\/fmp-components.com\/vi\/wp-json\/wp\/v2\/product\/6652","targetHints":{"allow":["GET"]}}],"collection":[{"href":"https:\/\/fmp-components.com\/vi\/wp-json\/wp\/v2\/product"}],"about":[{"href":"https:\/\/fmp-components.com\/vi\/wp-json\/wp\/v2\/types\/product"}],"replies":[{"embeddable":true,"href":"https:\/\/fmp-components.com\/vi\/wp-json\/wp\/v2\/comments?post=6652"}],"wp:featuredmedia":[{"embeddable":true,"href":"https:\/\/fmp-components.com\/vi\/wp-json\/wp\/v2\/media\/6762"}],"wp:attachment":[{"href":"https:\/\/fmp-components.com\/vi\/wp-json\/wp\/v2\/media?parent=6652"}],"wp:term":[{"taxonomy":"product_brand","embeddable":true,"href":"https:\/\/fmp-components.com\/vi\/wp-json\/wp\/v2\/product_brand?post=6652"},{"taxonomy":"product_cat","embeddable":true,"href":"https:\/\/fmp-components.com\/vi\/wp-json\/wp\/v2\/product_cat?post=6652"},{"taxonomy":"product_tag","embeddable":true,"href":"https:\/\/fmp-components.com\/vi\/wp-json\/wp\/v2\/product_tag?post=6652"}],"curies":[{"name":"wp","href":"https:\/\/api.w.org\/{rel}","templated":true}]}}