{"id":6625,"date":"2025-03-11T06:33:57","date_gmt":"2025-03-11T06:33:57","guid":{"rendered":"https:\/\/fmp-components.com\/product\/professional-small-dump-truck-hydraulic-hoist-cylinder-multistage-hydraulic-cylinder"},"modified":"2025-03-14T01:51:38","modified_gmt":"2025-03-14T01:51:38","slug":"professional-small-dump-truck-hydraulic-hoist-cylinder-multistage-hydraulic-cylinder","status":"publish","type":"product","link":"https:\/\/fmp-components.com\/vi\/product\/professional-small-dump-truck-hydraulic-hoist-cylinder-multistage-hydraulic-cylinder\/","title":{"rendered":"Xi lanh th\u1ee7y l\u1ef1c xe ben nh\u1ecf chuy\u00ean nghi\u1ec7p Xi lanh th\u1ee7y l\u1ef1c \u0111a t\u1ea7ng"},"content":{"rendered":"<h2>Xi lanh th\u1ee7y l\u1ef1c xe ben nh\u1ecf chuy\u00ean nghi\u1ec7p Xi lanh th\u1ee7y l\u1ef1c \u0111a t\u1ea7ng<\/h2>\n<p>Xi lanh th\u1ee7y l\u1ef1c \u0111a c\u1ea5p chuy\u00ean nghi\u1ec7p cho xe ben nh\u1ecf c\u1ee7a ch\u00fang t\u00f4i l\u00e0 s\u1ea3n ph\u1ea9m ti\u00ean ti\u1ebfn, mang \u0111\u1ebfn ch\u1ea5t l\u01b0\u1ee3ng v\u00e0 hi\u1ec7u su\u1ea5t v\u01b0\u1ee3t tr\u1ed9i. \u0110\u01b0\u1ee3c thi\u1ebft k\u1ebf ch\u00fa tr\u1ecdng \u0111\u1ebfn hi\u1ec7u qu\u1ea3 v\u00e0 \u0111\u1ed9 tin c\u1eady, xi lanh th\u1ee7y l\u1ef1c n\u00e0y ho\u00e0n h\u1ea3o cho nhi\u1ec1u \u1ee9ng d\u1ee5ng kh\u00e1c nhau trong c\u00e1c x\u01b0\u1edfng s\u1eeda ch\u1eefa m\u00e1y m\u00f3c, trang tr\u1ea1i, ng\u00e0nh n\u0103ng l\u01b0\u1ee3ng v\u00e0 khai th\u00e1c m\u1ecf, c\u0169ng nh\u01b0 s\u1ea3n xu\u1ea5t v\u00e0 nh\u00e0 m\u00e1y m\u00e1y m\u00f3c.<\/p>\n<h3>C\u00e1c t\u00ednh n\u0103ng v\u00e0 l\u1ee3i \u00edch ch\u00ednh<\/h3>\n<ul>\n<li>S\u1ee9c m\u1ea1nh v\u01b0\u1ee3t tr\u1ed9i: V\u1edbi l\u1ef1c \u0111\u1ea9y t\u1ed1i \u0111a 3000 v\u00e0 kh\u1ea3 n\u0103ng k\u00e9o l\u00ean \u0111\u1ebfn 20 t\u1ea5n, xi lanh th\u1ee7y l\u1ef1c n\u00e0y c\u00f3 s\u1ee9c m\u1ea1nh v\u00e0 \u0111\u1ed9 b\u1ec1n v\u01b0\u1ee3t tr\u1ed9i.<\/li>\n<li>V\u1eadt li\u1ec7u ch\u1ea5t l\u01b0\u1ee3ng: \u0110\u01b0\u1ee3c l\u00e0m b\u1eb1ng th\u00e9p cao c\u1ea5p, \u0111\u1ea3m b\u1ea3o s\u1eed d\u1ee5ng l\u00e2u d\u00e0i v\u00e0 ch\u1ed1ng m\u00e0i m\u00f2n.<\/li>\n<li>Hi\u1ec7u qu\u1ea3 cao: T\u00ednh n\u0103ng nhi\u1ec1u giai \u0111o\u1ea1n cho ph\u00e9p t\u0103ng hi\u1ec7u qu\u1ea3 v\u00e0 ch\u1ee9c n\u0103ng trong nhi\u1ec1u nhi\u1ec7m v\u1ee5 kh\u00e1c nhau.<\/li>\n<li>Ti\u1ebft ki\u1ec7m n\u0103ng l\u01b0\u1ee3ng: Xi lanh th\u1ee7y l\u1ef1c c\u1ee7a ch\u00fang t\u00f4i \u0111\u01b0\u1ee3c thi\u1ebft k\u1ebf \u0111\u1ec3 s\u1eed d\u1ee5ng n\u0103ng l\u01b0\u1ee3ng hi\u1ec7u qu\u1ea3, gi\u1ea3m m\u1ee9c ti\u00eau th\u1ee5 n\u0103ng l\u01b0\u1ee3ng v\u00e0 chi ph\u00ed v\u1eadn h\u00e0nh.<\/li>\n<li>An to\u00e0n: S\u1ea3n ph\u1ea9m \u0111\u01b0\u1ee3c b\u1ea3o h\u00e0nh 1 n\u0103m, \u0111\u1ea3m b\u1ea3o t\u00ednh an to\u00e0n v\u00e0 hi\u1ec7u su\u1ea5t l\u00e2u d\u00e0i c\u1ee7a c\u00e1c th\u00e0nh ph\u1ea7n c\u1ed1t l\u00f5i.<\/li>\n<\/ul>\n<h3>Th\u00f4ng s\u1ed1 k\u1ef9 thu\u1eadt<\/h3>\n<table style=\"width: 95.5978%;\" border=\"\">\n<tbody>\n<tr>\n<td style=\"width: 42.8571%;\"><i>K\u00edch th\u01b0\u1edbc l\u1ed7 khoan<\/i><\/td>\n<td style=\"width: 386.857%;\">2-6 inch<\/td>\n<\/tr>\n<tr>\n<td style=\"width: 42.8571%;\"><i>K\u00edch th\u01b0\u1edbc thanh<\/i><\/td>\n<td style=\"width: 386.857%;\">1,125-4 inch<\/td>\n<\/tr>\n<tr>\n<td style=\"width: 42.8571%;\"><i>K\u00edch th\u01b0\u1edbc n\u00e9t v\u1ebd<\/i><\/td>\n<td style=\"width: 386.857%;\">4-100 inch<\/td>\n<\/tr>\n<tr>\n<td style=\"width: 42.8571%;\"><i>K\u00edch th\u01b0\u1edbc ch\u00e2n c\u1eafm<\/i><\/td>\n<td style=\"width: 386.857%;\">0,5-2 inch<\/td>\n<\/tr>\n<tr>\n<td style=\"width: 42.8571%;\"><i>C\u1ed5ng<\/i><\/td>\n<td style=\"width: 386.857%;\">G\/SAE\/NPT\/M<\/td>\n<\/tr>\n<\/tbody>\n<\/table>\n<h2>C\u00e1c t\u00ednh n\u0103ng v\u00e0 l\u1ee3i th\u1ebf \u0111\u1ed9c \u0111\u00e1o<\/h2>\n<ul>\n<li>Ti\u1ebft ki\u1ec7m n\u0103ng l\u01b0\u1ee3ng: Thi\u1ebft k\u1ebf v\u00e0 ho\u1ea1t \u0111\u1ed9ng c\u1ee7a xi lanh th\u1ee7y l\u1ef1c \u0111\u01b0\u1ee3c t\u1ed1i \u01b0u h\u00f3a \u0111\u1ec3 ti\u1ebft ki\u1ec7m n\u0103ng l\u01b0\u1ee3ng.<\/li>\n<li>Hi\u1ec7u qu\u1ea3 cao: Th\u1ef1c hi\u1ec7n nhi\u1ec7m v\u1ee5 v\u1edbi t\u1ed1c \u0111\u1ed9 v\u00e0 \u0111\u1ed9 ch\u00ednh x\u00e1c cao, khi\u1ebfn n\u00f3 tr\u1edf th\u00e0nh m\u1ed9t c\u00f4ng c\u1ee5 c\u00f3 hi\u1ec7u qu\u1ea3 cao.<\/li>\n<li>An to\u00e0n: \u0110\u01b0\u1ee3c trang b\u1ecb c\u00e1c t\u00ednh n\u0103ng an to\u00e0n \u0111\u1ec3 b\u1ea3o v\u1ec7 ng\u01b0\u1eddi s\u1eed d\u1ee5ng v\u00e0 m\u00e1y m\u00f3c v\u1eadn h\u00e0nh.<\/li>\n<\/ul>\n<h2>H\u1ec7 th\u1ed1ng th\u1ee7y l\u1ef1c v\u00e0 nguy\u00ean l\u00fd ho\u1ea1t \u0111\u1ed9ng<\/h2>\n<p>Xi lanh th\u1ee7y l\u1ef1c c\u1ee7a ch\u00fang t\u00f4i ho\u1ea1t \u0111\u1ed9ng d\u1ef1a tr\u00ean nguy\u00ean l\u00fd c\u01a1 b\u1ea3n l\u00e0 chuy\u1ec3n \u0111\u1ed5i n\u0103ng l\u01b0\u1ee3ng th\u1ee7y l\u1ef1c th\u00e0nh n\u0103ng l\u01b0\u1ee3ng c\u01a1 h\u1ecdc, m\u1ed9t qu\u00e1 tr\u00ecnh thi\u1ebft y\u1ebfu cho nhi\u1ec1u \u1ee9ng d\u1ee5ng c\u00f4ng nghi\u1ec7p. S\u1ef1 chuy\u1ec3n \u0111\u1ed5i n\u00e0y di\u1ec5n ra th\u00f4ng qua chuy\u1ec3n \u0111\u1ed9ng c\u1ee7a ch\u1ea5t l\u1ecfng th\u1ee7y l\u1ef1c \u0111\u01b0\u1ee3c \u0111i\u1ec1u \u00e1p, \u0111\u01b0\u1ee3c d\u1eabn v\u00e0o xi lanh. Khi ch\u1ea5t l\u1ecfng \u0111i v\u00e0o, n\u00f3 t\u00e1c \u0111\u1ed9ng l\u1ef1c l\u00ean piston n\u1eb1m b\u00ean trong xi lanh. L\u1ef1c n\u00e0y khi\u1ebfn piston chuy\u1ec3n \u0111\u1ed9ng, bi\u1ebfn n\u0103ng l\u01b0\u1ee3ng th\u1ee7y l\u1ef1c th\u00e0nh chuy\u1ec3n \u0111\u1ed9ng c\u01a1 h\u1ecdc.<\/p>\n<p>Chuy\u1ec3n \u0111\u1ed9ng c\u1ee7a piston c\u00f3 th\u1ec3 \u0111\u01b0\u1ee3c khai th\u00e1c \u0111\u1ec3 th\u1ef1c hi\u1ec7n c\u00e1c c\u00f4ng vi\u1ec7c h\u1eefu \u00edch, ch\u1eb3ng h\u1ea1n nh\u01b0 n\u00e2ng v\u1eadt n\u1eb7ng, v\u1eadn h\u00e0nh c\u00e1c b\u1ed9 ph\u1eadn m\u00e1y m\u00f3c, ho\u1eb7c th\u1eadm ch\u00ed th\u1ef1c hi\u1ec7n c\u00e1c nhi\u1ec7m v\u1ee5 ph\u1ee9c t\u1ea1p trong quy tr\u00ecnh s\u1ea3n xu\u1ea5t. Hi\u1ec7u qu\u1ea3 c\u1ee7a h\u1ec7 th\u1ed1ng n\u00e0y ph\u1ea7n l\u1edbn nh\u1edd v\u00e0o t\u00ednh kh\u00f4ng n\u00e9n c\u1ee7a ch\u1ea5t l\u1ecfng th\u1ee7y l\u1ef1c, cho ph\u00e9p khu\u1ebfch \u0111\u1ea1i l\u1ef1c m\u1ea1nh m\u1ebd. B\u1eb1ng c\u00e1ch s\u1eed d\u1ee5ng l\u1ef1c \u0111\u1ea7u v\u00e0o t\u01b0\u01a1ng \u0111\u1ed1i nh\u1ecf, xi lanh th\u1ee7y l\u1ef1c c\u1ee7a ch\u00fang t\u00f4i c\u00f3 th\u1ec3 t\u1ea1o ra l\u1ef1c \u0111\u1ea7u ra \u0111\u00e1ng k\u1ec3, khi\u1ebfn ch\u00fang tr\u1edf n\u00ean l\u00fd t\u01b0\u1edfng cho c\u00e1c nhi\u1ec7m v\u1ee5 \u0111\u00f2i h\u1ecfi s\u1ee9c m\u1ea1nh v\u00e0 \u0111\u1ed9 ch\u00ednh x\u00e1c.<\/p>\n<p>Nguy\u00ean l\u00fd ho\u1ea1t \u0111\u1ed9ng th\u1ee7y l\u1ef1c n\u00e0y kh\u00f4ng ch\u1ec9 hi\u1ec7u qu\u1ea3 m\u00e0 c\u00f2n mang l\u1ea1i m\u1ee9c \u0111\u1ed9 ki\u1ec3m so\u00e1t kh\u00f3 c\u00f3 th\u1ec3 \u0111\u1ea1t \u0111\u01b0\u1ee3c ch\u1ec9 v\u1edbi c\u00e1c h\u1ec7 th\u1ed1ng c\u01a1 kh\u00ed. Ng\u01b0\u1eddi v\u1eadn h\u00e0nh c\u00f3 th\u1ec3 d\u1ec5 d\u00e0ng \u0111i\u1ec1u ch\u1ec9nh \u00e1p su\u1ea5t v\u00e0 l\u01b0u l\u01b0\u1ee3ng c\u1ee7a ch\u1ea5t l\u1ecfng th\u1ee7y l\u1ef1c \u0111\u1ec3 tinh ch\u1ec9nh chuy\u1ec3n \u0111\u1ed9ng c\u1ee7a piston, cho ph\u00e9p v\u1eadn h\u00e0nh ch\u00ednh x\u00e1c trong nhi\u1ec1u m\u00f4i tr\u01b0\u1eddng kh\u00e1c nhau.<\/p>\n<p><img loading=\"lazy\" decoding=\"async\" class=\"alignnone  wp-image-6664\" src=\"https:\/\/fmp-components.com\/wp-content\/uploads\/2025\/03\/telescopic-hydraulic-cylinder-8.webp\" alt=\"xi lanh th\u1ee7y l\u1ef1c d\u1ea1ng \u1ed1ng l\u1ed3ng\" width=\"778\" height=\"778\" title=\"\" srcset=\"https:\/\/fmp-components.com\/wp-content\/uploads\/2025\/03\/telescopic-hydraulic-cylinder-8.webp 778w, https:\/\/fmp-components.com\/wp-content\/uploads\/2025\/03\/telescopic-hydraulic-cylinder-8-480x480.webp 480w\" sizes=\"(min-width: 0px) and (max-width: 480px) 480px, (min-width: 481px) 778px, 100vw\" \/><\/p>\n<h2>\u1ee8ng d\u1ee5ng c\u1ee7a xi lanh th\u1ee7y l\u1ef1c c\u1ee7a ch\u00fang t\u00f4i<\/h2>\n<p>Xi lanh th\u1ee7y l\u1ef1c c\u1ee7a ch\u00fang t\u00f4i c\u1ef1c k\u1ef3 linh ho\u1ea1t v\u00e0 c\u00f3 th\u1ec3 \u0111\u01b0\u1ee3c s\u1eed d\u1ee5ng trong nhi\u1ec1u \u1ee9ng d\u1ee5ng kh\u00e1c nhau trong nhi\u1ec1u ng\u00e0nh c\u00f4ng nghi\u1ec7p. M\u1ed9t trong nh\u1eefng \u1ee9ng d\u1ee5ng ch\u1ee7 y\u1ebfu l\u00e0 trong c\u00e1c x\u01b0\u1edfng s\u1eeda ch\u1eefa m\u00e1y m\u00f3c, n\u01a1i n\u00f3 h\u1ed7 tr\u1ee3 vi\u1ec7c n\u00e2ng v\u00e0 \u0111\u1ecbnh v\u1ecb thi\u1ebft b\u1ecb h\u1ea1ng n\u1eb7ng cho c\u00e1c c\u00f4ng vi\u1ec7c b\u1ea3o tr\u00ec v\u00e0 s\u1eeda ch\u1eefa. Kh\u1ea3 n\u0103ng n\u00e2ng v\u00e0 di chuy\u1ec3n c\u00e1c b\u1ed9 ph\u1eadn l\u1edbn m\u1ed9t c\u00e1ch an to\u00e0n v\u00e0 hi\u1ec7u qu\u1ea3 l\u00e0 r\u1ea5t quan tr\u1ecdng \u0111\u1ec3 \u0111\u1ea3m b\u1ea3o m\u00e1y m\u00f3c lu\u00f4n ho\u1ea1t \u0111\u1ed9ng v\u00e0 \u0111\u01b0\u1ee3c b\u1ea3o tr\u00ec t\u1ed1t.<\/p>\n<p>Trong l\u0129nh v\u1ef1c n\u00f4ng nghi\u1ec7p, xi lanh th\u1ee7y l\u1ef1c c\u1ee7a ch\u00fang t\u00f4i \u0111\u00f3ng vai tr\u00f2 thi\u1ebft y\u1ebfu trong vi\u1ec7c v\u1eadn h\u00e0nh c\u00e1c m\u00e1y m\u00f3c n\u00f4ng nghi\u1ec7p nh\u01b0 m\u00e1y k\u00e9o, m\u00e1y c\u00e0y v\u00e0 m\u00e1y g\u1eb7t. Ch\u00fang cho ph\u00e9p n\u00f4ng d\u00e2n th\u1ef1c hi\u1ec7n c\u00e1c c\u00f4ng vi\u1ec7c nh\u01b0 n\u00e2ng m\u00e1y c\u00e0y v\u00e0 \u0111i\u1ec1u ch\u1ec9nh thi\u1ebft b\u1ecb m\u1ed9t c\u00e1ch d\u1ec5 d\u00e0ng, n\u00e2ng cao \u0111\u00e1ng k\u1ec3 n\u0103ng su\u1ea5t v\u00e0 gi\u1ea3m thi\u1ec3u lao \u0111\u1ed9ng th\u1ee7 c\u00f4ng.<\/p>\n<p>Ng\u00e0nh n\u0103ng l\u01b0\u1ee3ng v\u00e0 khai kho\u00e1ng c\u0169ng \u0111\u01b0\u1ee3c h\u01b0\u1edfng l\u1ee3i t\u1eeb hi\u1ec7u su\u1ea5t m\u1ea1nh m\u1ebd c\u1ee7a xi lanh th\u1ee7y l\u1ef1c c\u1ee7a ch\u00fang t\u00f4i. Trong c\u00e1c l\u0129nh v\u1ef1c n\u00e0y, ch\u00fang \u0111\u01b0\u1ee3c s\u1eed d\u1ee5ng \u0111\u1ec3 v\u1eadn h\u00e0nh m\u00e1y m\u00f3c h\u1ea1ng n\u1eb7ng nh\u01b0 m\u00e1y \u0111\u00e0o v\u00e0 m\u00e1y khoan, h\u1ed7 tr\u1ee3 khai th\u00e1c v\u00e0 v\u1eadn chuy\u1ec3n v\u1eadt li\u1ec7u. S\u1ee9c m\u1ea1nh v\u00e0 \u0111\u1ed9 tin c\u1eady c\u1ee7a ch\u00fang trong \u0111i\u1ec1u ki\u1ec7n kh\u1eafc nghi\u1ec7t khi\u1ebfn ch\u00fang tr\u1edf n\u00ean kh\u00f4ng th\u1ec3 thi\u1ebfu trong nh\u1eefng m\u00f4i tr\u01b0\u1eddng kh\u1eafc nghi\u1ec7t n\u00e0y.<\/p>\n<p>Ngo\u00e0i ra, xi lanh th\u1ee7y l\u1ef1c c\u1ee7a ch\u00fang t\u00f4i c\u00f2n \u0111\u01b0\u1ee3c s\u1eed d\u1ee5ng r\u1ed9ng r\u00e3i trong s\u1ea3n xu\u1ea5t m\u00e1y m\u00f3c v\u00e0 nh\u00e0 m\u00e1y. Ch\u00fang r\u1ea5t quan tr\u1ecdng \u0111\u1ed1i v\u1edbi d\u00e2y chuy\u1ec1n l\u1eafp r\u00e1p, gi\u00fap vi\u1ec7c di chuy\u1ec3n v\u00e0 s\u1eafp x\u1ebfp linh ki\u1ec7n tr\u1edf n\u00ean d\u1ec5 d\u00e0ng, g\u00f3p ph\u1ea7n h\u1ee3p l\u00fd h\u00f3a quy tr\u00ecnh s\u1ea3n xu\u1ea5t. \u0110\u1ed9 ch\u00ednh x\u00e1c v\u00e0 c\u00f4ng su\u1ea5t m\u00e0 xi lanh th\u1ee7y l\u1ef1c c\u1ee7a ch\u00fang t\u00f4i mang l\u1ea1i gi\u00fap n\u00e2ng cao hi\u1ec7u qu\u1ea3 v\u1eadn h\u00e0nh t\u1ed5ng th\u1ec3, bi\u1ebfn ch\u00fang th\u00e0nh m\u1ed9t th\u00e0nh ph\u1ea7n thi\u1ebft y\u1ebfu trong s\u1ea3n xu\u1ea5t hi\u1ec7n \u0111\u1ea1i.<\/p>\n<p>T\u00f3m l\u1ea1i, xi lanh th\u1ee7y l\u1ef1c c\u1ee7a ch\u00fang t\u00f4i \u0111\u01b0\u1ee3c thi\u1ebft k\u1ebf \u0111\u1ec3 \u0111\u00e1p \u1ee9ng nhu c\u1ea7u \u0111a d\u1ea1ng c\u1ee7a nhi\u1ec1u ng\u00e0nh c\u00f4ng nghi\u1ec7p, cung c\u1ea5p c\u00e1c gi\u1ea3i ph\u00e1p \u0111\u00e1ng tin c\u1eady v\u00e0 hi\u1ec7u qu\u1ea3 cho vi\u1ec7c n\u00e2ng, di chuy\u1ec3n v\u00e0 v\u1eadn h\u00e0nh m\u00e1y m\u00f3c. Ph\u1ea1m vi \u1ee9ng d\u1ee5ng r\u1ed9ng r\u00e3i c\u1ee7a ch\u00fang nh\u1ea5n m\u1ea1nh t\u1ea7m quan tr\u1ecdng c\u1ee7a ch\u00fang trong vi\u1ec7c n\u00e2ng cao n\u0103ng su\u1ea5t v\u00e0 an to\u00e0n trong nhi\u1ec1u l\u0129nh v\u1ef1c.<\/p>\n<h2>Xi lanh th\u1ee7y l\u1ef1c v\u00e0 b\u1ed9 ngu\u1ed3n<\/h2>\n<p>Xi lanh th\u1ee7y l\u1ef1c v\u00e0 b\u1ed9 ngu\u1ed3n l\u00e0 nh\u1eefng th\u00e0nh ph\u1ea7n kh\u00f4ng th\u1ec3 thi\u1ebfu c\u1ee7a h\u1ec7 th\u1ed1ng th\u1ee7y l\u1ef1c. S\u1ef1 k\u1ebft h\u1ee3p c\u1ee7a ch\u00fang \u0111\u1ea3m b\u1ea3o \u1ee9ng d\u1ee5ng r\u1ed9ng r\u00e3i c\u1ee7a c\u00f4ng ngh\u1ec7 th\u1ee7y l\u1ef1c trong l\u0129nh v\u1ef1c c\u00f4ng nghi\u1ec7p, cung c\u1ea5p ngu\u1ed3n \u0111i\u1ec7n v\u00e0 h\u1ed7 tr\u1ee3 \u0111i\u1ec1u khi\u1ec3n \u0111\u00e1ng tin c\u1eady cho nhi\u1ec1u thi\u1ebft b\u1ecb k\u1ef9 thu\u1eadt v\u00e0 c\u01a1 kh\u00ed. L\u00e0 m\u1ed9t b\u1ed9 truy\u1ec1n \u0111\u1ed9ng, xi lanh th\u1ee7y l\u1ef1c c\u00f3 nhi\u1ec7m v\u1ee5 chuy\u1ec3n \u0111\u1ed5i n\u0103ng l\u01b0\u1ee3ng th\u1ee7y l\u1ef1c th\u00e0nh chuy\u1ec3n \u0111\u1ed9ng c\u01a1 h\u1ecdc, bi\u1ebfn \u00e1p su\u1ea5t th\u00e0nh l\u1ef1c. B\u1ed9 ngu\u1ed3n l\u00e0 c\u1ed1t l\u00f5i cung c\u1ea5p n\u0103ng l\u01b0\u1ee3ng v\u00e0 t\u00edn hi\u1ec7u \u0111i\u1ec1u khi\u1ec3n c\u1ea7n thi\u1ebft cho h\u1ec7 th\u1ed1ng th\u1ee7y l\u1ef1c.<\/p>\n<h2>C\u00e2u h\u1ecfi th\u01b0\u1eddng g\u1eb7p<\/h2>\n<dl>\n<dt>Q: B\u1ea1n l\u00e0 c\u00f4ng ty th\u01b0\u01a1ng m\u1ea1i hay nh\u00e0 s\u1ea3n xu\u1ea5t?<\/dt>\n<dd>A: Ch\u00fang t\u00f4i l\u00e0 nh\u00e0 s\u1ea3n xu\u1ea5t.<\/dd>\n<dt>Q: Th\u1eddi gian giao h\u00e0ng c\u1ee7a b\u1ea1n l\u00e0 bao l\u00e2u?<\/dt>\n<dd>A: Th\u00f4ng th\u01b0\u1eddng l\u00e0 25-35 ng\u00e0y.<\/dd>\n<dt>H: B\u1ea1n c\u00f3 cung c\u1ea5p m\u1eabu th\u1eed kh\u00f4ng? M\u1eabu mi\u1ec5n ph\u00ed hay t\u00ednh th\u00eam ph\u00ed?<\/dt>\n<dd>A: C\u00f3, ch\u00fang t\u00f4i c\u00f3 th\u1ec3 cung c\u1ea5p m\u1eabu nh\u01b0ng kh\u00f4ng mi\u1ec5n ph\u00ed.<\/dd>\n<\/dl>\n<h3>Gi\u1edbi thi\u1ec7u v\u1ec1 FMP<\/h3>\n<p class=\"break-words\">FMP l\u00e0 nh\u00e0 s\u1ea3n xu\u1ea5t h\u00e0ng \u0111\u1ea7u c\u1ee7a \u00dd, chuy\u00ean thi\u1ebft k\u1ebf, ph\u00e1t tri\u1ec3n v\u00e0 s\u1ea3n xu\u1ea5t xi lanh th\u1ee7y l\u1ef1c ch\u1ea5t l\u01b0\u1ee3ng cao. V\u1edbi di s\u1ea3n phong ph\u00fa \u0111\u01b0\u1ee3c t\u00edch l\u0169y qua nhi\u1ec1u th\u1eadp k\u1ef7 kinh nghi\u1ec7m, ch\u00fang t\u00f4i t\u1ef1 h\u00e0o k\u1ebft h\u1ee3p k\u1ef9 thu\u1eadt th\u1ee7 c\u00f4ng tinh x\u1ea3o c\u1ee7a \u00dd v\u1edbi c\u00f4ng ngh\u1ec7 ti\u00ean ti\u1ebfn \u0111\u1ec3 mang \u0111\u1ebfn c\u00e1c gi\u1ea3i ph\u00e1p th\u1ee7y l\u1ef1c v\u01b0\u1ee3t tr\u1ed9i, \u0111\u00e1p \u1ee9ng nhu c\u1ea7u \u0111a d\u1ea1ng c\u1ee7a kh\u00e1ch h\u00e0ng to\u00e0n c\u1ea7u. C\u00f3 tr\u1ee5 s\u1edf ch\u00ednh t\u1ea1i \u00dd, m\u1ed9t trung t\u00e2m k\u1ef9 thu\u1eadt xu\u1ea5t s\u1eafc, FMP l\u00e0 m\u1ed9t th\u01b0\u01a1ng hi\u1ec7u uy t\u00edn trong ng\u00e0nh th\u1ee7y l\u1ef1c, cam k\u1ebft cung c\u1ea5p c\u00e1c s\u1ea3n ph\u1ea9m \u0111\u00e1ng tin c\u1eady, b\u1ec1n b\u1ec9 v\u00e0 s\u00e1ng t\u1ea1o, h\u1ed7 tr\u1ee3 c\u00e1c doanh nghi\u1ec7p tr\u00ean to\u00e0n th\u1ebf gi\u1edbi.<\/p>\n<p class=\"break-words\">C\u00f4ng ty ch\u00fang t\u00f4i k\u1ebft h\u1ee3p nh\u1eefng tinh hoa c\u1ee7a truy\u1ec1n th\u1ed1ng s\u1ea3n xu\u1ea5t ti\u00ean ti\u1ebfn v\u1edbi ph\u01b0\u01a1ng ch\u00e2m h\u01b0\u1edbng \u0111\u1ebfn t\u01b0\u01a1ng lai. V\u1edbi nhi\u1ec1u n\u0103m kinh nghi\u1ec7m trong l\u0129nh v\u1ef1c h\u1ec7 th\u1ed1ng th\u1ee7y l\u1ef1c, FMP \u0111\u00e3 ph\u00e1t tri\u1ec3n th\u00e0nh m\u1ed9t doanh nghi\u1ec7p hi\u1ec7n \u0111\u1ea1i, ti\u00ean phong trong nghi\u00ean c\u1ee9u, thi\u1ebft k\u1ebf v\u00e0 s\u1ea3n xu\u1ea5t. Ch\u00fang t\u00f4i chuy\u00ean cung c\u1ea5p \u0111a d\u1ea1ng c\u00e1c lo\u1ea1i xi lanh th\u1ee7y l\u1ef1c, bao g\u1ed3m xi lanh t\u00e1c \u0111\u1ed9ng k\u00e9p, xi lanh n\u00e2ng h\u1ea1 \u00f4 t\u00f4, xi lanh m\u00e1y m\u00f3c n\u00f4ng nghi\u1ec7p v\u00e0 c\u00e1c gi\u1ea3i ph\u00e1p thi\u1ebft k\u1ebf ri\u00eang cho nhi\u1ec1u \u1ee9ng d\u1ee5ng c\u00f4ng nghi\u1ec7p kh\u00e1c nhau. D\u00f9 l\u00e0 cho x\u00e2y d\u1ef1ng, c\u00f4ng nghi\u1ec7p, n\u00f4ng nghi\u1ec7p hay m\u00e1y m\u00f3c h\u1ea1ng n\u1eb7ng, xi lanh th\u1ee7y l\u1ef1c c\u1ee7a ch\u00fang t\u00f4i \u0111\u1ec1u \u0111\u01b0\u1ee3c ch\u1ebf t\u1ea1o \u0111\u1ec3 ho\u1ea1t \u0111\u1ed9ng trong nh\u1eefng \u0111i\u1ec1u ki\u1ec7n kh\u1eafc nghi\u1ec7t nh\u1ea5t, \u0111\u1ea3m b\u1ea3o an to\u00e0n, hi\u1ec7u qu\u1ea3 v\u00e0 tu\u1ed5i th\u1ecd cao.<\/p>\n<p><img loading=\"lazy\" decoding=\"async\" class=\"alignnone size-full wp-image-6720\" src=\"https:\/\/fmp-components.com\/wp-content\/uploads\/2025\/03\/hydraulic-cylinder-8.webp\" alt=\"Xi lanh th\u1ee7y l\u1ef1c d\u1ea1ng \u1ed1ng l\u1ed3ng\" width=\"933\" height=\"526\" title=\"\" srcset=\"https:\/\/fmp-components.com\/wp-content\/uploads\/2025\/03\/hydraulic-cylinder-8.webp 933w, https:\/\/fmp-components.com\/wp-content\/uploads\/2025\/03\/hydraulic-cylinder-8-480x271.webp 480w\" sizes=\"(min-width: 0px) and (max-width: 480px) 480px, (min-width: 481px) 933px, 100vw\" \/><\/p>\n<p class=\"break-words\">T\u1ea1i FMP, ch\u00fang t\u00f4i t\u1ef1 h\u00e0o s\u1edf h\u1eefu c\u01a1 s\u1edf s\u1ea3n xu\u1ea5t hi\u1ec7n \u0111\u1ea1i, \u0111\u01b0\u1ee3c trang b\u1ecb m\u00e1y m\u00f3c ch\u00ednh x\u00e1c v\u00e0 h\u1ec7 th\u1ed1ng ki\u1ec3m tra ti\u00ean ti\u1ebfn. Quy tr\u00ecnh s\u1ea3n xu\u1ea5t c\u1ee7a ch\u00fang t\u00f4i tu\u00e2n th\u1ee7 c\u00e1c ti\u00eau chu\u1ea9n qu\u1ed1c gia v\u00e0 qu\u1ed1c t\u1ebf nghi\u00eam ng\u1eb7t, \u0111\u1ea3m b\u1ea3o m\u1ed7i xi lanh th\u1ee7y l\u1ef1c xu\u1ea5t x\u01b0\u1edfng \u0111\u1ec1u \u0111\u1ea1t ch\u1ea5t l\u01b0\u1ee3ng v\u00e0 \u0111\u1ed9 tin c\u1eady v\u01b0\u1ee3t tr\u1ed9i. \u0110\u1ed9i ng\u0169 k\u1ef9 thu\u1eadt l\u00e0nh ngh\u1ec1, k\u1ebft h\u1ee3p v\u1edbi thi\u1ebft b\u1ecb ti\u00ean ti\u1ebfn, cho ph\u00e9p ch\u00fang t\u00f4i duy tr\u00ec quy tr\u00ecnh ki\u1ec3m so\u00e1t ch\u1ea5t l\u01b0\u1ee3ng nghi\u00eam ng\u1eb7t \u1edf m\u1ecdi giai \u0111o\u1ea1n s\u1ea3n xu\u1ea5t\u2014t\u1eeb kh\u00e2u l\u1ef1a ch\u1ecdn nguy\u00ean li\u1ec7u th\u00f4 \u0111\u1ebfn kh\u00e2u ki\u1ec3m tra cu\u1ed1i c\u00f9ng. S\u1ef1 t\u1eadn t\u00e2m v\u1edbi ch\u1ea5t l\u01b0\u1ee3ng v\u01b0\u1ee3t tr\u1ed9i n\u00e0y \u0111\u00e3 mang l\u1ea1i cho ch\u00fang t\u00f4i c\u00e1c ch\u1ee9ng nh\u1eadn v\u00e0 s\u1ef1 c\u00f4ng nh\u1eadn t\u1eeb c\u00e1c c\u01a1 quan qu\u1ea3n l\u00fd trong ng\u00e0nh, g\u00f3p ph\u1ea7n c\u1ee7ng c\u1ed1 danh ti\u1ebfng c\u1ee7a ch\u00fang t\u00f4i nh\u01b0 m\u1ed9t \u0111\u1ed1i t\u00e1c \u0111\u00e1ng tin c\u1eady.<\/p>\n<p class=\"break-words\">S\u1ee9 m\u1ec7nh c\u1ee7a ch\u00fang t\u00f4i tuy \u0111\u01a1n gi\u1ea3n nh\u01b0ng \u0111\u1ea7y tham v\u1ecdng: cung c\u1ea5p cho kh\u00e1ch h\u00e0ng nh\u1eefng xi lanh th\u1ee7y l\u1ef1c v\u01b0\u1ee3t xa mong \u0111\u1ee3i v\u1ec1 hi\u1ec7u su\u1ea5t, \u0111\u1ed9 b\u1ec1n v\u00e0 gi\u00e1 tr\u1ecb. Ch\u00fang t\u00f4i ho\u1ea1t \u0111\u1ed9ng theo nguy\u00ean t\u1eafc chuy\u00ean nghi\u1ec7p, ch\u00ednh tr\u1ef1c v\u00e0 l\u1ea5y kh\u00e1ch h\u00e0ng l\u00e0m tr\u1ecdng t\u00e2m. B\u1eb1ng c\u00e1ch nu\u00f4i d\u01b0\u1ee1ng v\u0103n h\u00f3a \u0111\u1ed5i m\u1edbi v\u00e0 ch\u00ednh x\u00e1c, ch\u00fang t\u00f4i li\u00ean t\u1ee5c c\u1ea3i ti\u1ebfn s\u1ea3n ph\u1ea9m \u0111\u1ec3 lu\u00f4n d\u1eabn \u0111\u1ea7u trong th\u1ecb tr\u01b0\u1eddng c\u1ea1nh tranh. Danh m\u1ee5c s\u1ea3n ph\u1ea9m to\u00e0n di\u1ec7n v\u00e0 kh\u1ea3 n\u0103ng cung c\u1ea5p c\u00e1c gi\u1ea3i ph\u00e1p ph\u00f9 h\u1ee3p gi\u00fap ch\u00fang t\u00f4i tr\u1edf th\u00e0nh l\u1ef1a ch\u1ecdn h\u00e0ng \u0111\u1ea7u cho c\u00e1c doanh nghi\u1ec7p \u0111ang t\u00ecm ki\u1ebfm xi lanh th\u1ee7y l\u1ef1c hi\u1ec7u su\u1ea5t cao.<\/p>\n<p class=\"break-words\">FMP kh\u00f4ng ch\u1ec9 l\u00e0 m\u1ed9t nh\u00e0 s\u1ea3n xu\u1ea5t\u2014ch\u00fang t\u00f4i c\u00f2n l\u00e0 \u0111\u1ed1i t\u00e1c \u0111\u1ed3ng h\u00e0nh c\u00f9ng th\u00e0nh c\u00f4ng c\u1ee7a b\u1ea1n. Ch\u00fang t\u00f4i hi\u1ec3u r\u1eb1ng kh\u00e1ch h\u00e0ng tin t\u01b0\u1edfng ch\u00fang t\u00f4i s\u1ebd cung c\u1ea5p c\u00e1c c\u00f4ng c\u1ee5 gi\u00fap n\u00e2ng cao n\u0103ng su\u1ea5t v\u00e0 s\u1ef1 an to\u00e0n. \u0110\u00f3 l\u00e0 l\u00fd do t\u1ea1i sao ch\u00fang t\u00f4i cam k\u1ebft kh\u00f4ng ch\u1ec9 cung c\u1ea5p c\u00e1c s\u1ea3n ph\u1ea9m h\u00e0ng \u0111\u1ea7u m\u00e0 c\u00f2n c\u1ea3 d\u1ecbch v\u1ee5 xu\u1ea5t s\u1eafc. T\u1eeb kh\u00e2u t\u01b0 v\u1ea5n ban \u0111\u1ea7u \u0111\u1ebfn h\u1ed7 tr\u1ee3 sau b\u00e1n h\u00e0ng, ch\u00fang t\u00f4i h\u1ee3p t\u00e1c ch\u1eb7t ch\u1ebd v\u1edbi kh\u00e1ch h\u00e0ng \u0111\u1ec3 \u0111\u1ea3m b\u1ea3o nhu c\u1ea7u c\u1ee7a h\u1ecd \u0111\u01b0\u1ee3c \u0111\u00e1p \u1ee9ng m\u1ed9t c\u00e1ch chuy\u00ean nghi\u1ec7p v\u00e0 t\u1eadn t\u00e2m. Gi\u00e1 c\u1ea3 c\u1ea1nh tranh, c\u00f9ng v\u1edbi cam k\u1ebft v\u1eefng ch\u1eafc v\u1ec1 ch\u1ea5t l\u01b0\u1ee3ng, khi\u1ebfn FMP tr\u1edf th\u00e0nh l\u1ef1a ch\u1ecdn th\u00f4ng minh cho c\u00e1c c\u00f4ng ty \u0111ang t\u00ecm ki\u1ebfm gi\u1ea3i ph\u00e1p th\u1ee7y l\u1ef1c \u0111\u00e1ng tin c\u1eady.<\/p>","protected":false},"excerpt":{"rendered":"<p>Professional Small Dump Truck Hydraulic Hoist Cylinder Multistage Hydraulic Cylinder Our Professional Small Dump Truck Hydraulic Hoist Cylinder Multistage hydraulic cylinder is a state-of-the-art product that offers unparalleled quality and performance. Designed with efficiency and reliability in mind, this hydraulic cylinder is perfect for various applications in machinery repair shops, farms, energy and mining industries, [&hellip;]<\/p>","protected":false},"featured_media":6806,"comment_status":"closed","ping_status":"closed","template":"","meta":{"_et_pb_use_builder":"","_et_pb_old_content":"","_et_gb_content_width":""},"product_brand":[],"product_cat":[103],"product_tag":[34,105],"class_list":{"0":"post-6625","1":"product","2":"type-product","3":"status-publish","4":"has-post-thumbnail","6":"product_cat-telescopic-hydraulic-cylinders","7":"product_tag-hydraulic-cylinder","8":"product_tag-telescopic-hydraulic-cylinders","10":"first","11":"instock","12":"product-type-simple"},"_links":{"self":[{"href":"https:\/\/fmp-components.com\/vi\/wp-json\/wp\/v2\/product\/6625","targetHints":{"allow":["GET"]}}],"collection":[{"href":"https:\/\/fmp-components.com\/vi\/wp-json\/wp\/v2\/product"}],"about":[{"href":"https:\/\/fmp-components.com\/vi\/wp-json\/wp\/v2\/types\/product"}],"replies":[{"embeddable":true,"href":"https:\/\/fmp-components.com\/vi\/wp-json\/wp\/v2\/comments?post=6625"}],"wp:featuredmedia":[{"embeddable":true,"href":"https:\/\/fmp-components.com\/vi\/wp-json\/wp\/v2\/media\/6806"}],"wp:attachment":[{"href":"https:\/\/fmp-components.com\/vi\/wp-json\/wp\/v2\/media?parent=6625"}],"wp:term":[{"taxonomy":"product_brand","embeddable":true,"href":"https:\/\/fmp-components.com\/vi\/wp-json\/wp\/v2\/product_brand?post=6625"},{"taxonomy":"product_cat","embeddable":true,"href":"https:\/\/fmp-components.com\/vi\/wp-json\/wp\/v2\/product_cat?post=6625"},{"taxonomy":"product_tag","embeddable":true,"href":"https:\/\/fmp-components.com\/vi\/wp-json\/wp\/v2\/product_tag?post=6625"}],"curies":[{"name":"wp","href":"https:\/\/api.w.org\/{rel}","templated":true}]}}