{"id":6607,"date":"2025-03-11T06:33:57","date_gmt":"2025-03-11T06:33:57","guid":{"rendered":"https:\/\/fmp-components.com\/product\/italy-manufacturer-trailer-telescopic-multi-stages-hydraulic-cylinder-used-for-dump-truck-from-fmp"},"modified":"2025-03-14T01:44:52","modified_gmt":"2025-03-14T01:44:52","slug":"italy-manufacturer-trailer-telescopic-multi-stages-hydraulic-cylinder-used-for-dump-truck-from-fmp","status":"publish","type":"product","link":"https:\/\/fmp-components.com\/vi\/product\/italy-manufacturer-trailer-telescopic-multi-stages-hydraulic-cylinder-used-for-dump-truck-from-fmp\/","title":{"rendered":"Nh\u00e0 s\u1ea3n xu\u1ea5t \u00dd R\u01a1 mo\u00f3c Xi lanh th\u1ee7y l\u1ef1c nhi\u1ec1u t\u1ea7ng d\u1ea1ng \u1ed1ng l\u1ed3ng \u0111\u01b0\u1ee3c s\u1eed d\u1ee5ng cho xe ben t\u1eeb FMP"},"content":{"rendered":"<h2>Nh\u00e0 s\u1ea3n xu\u1ea5t \u00dd R\u01a1 mo\u00f3c Xi lanh th\u1ee7y l\u1ef1c nhi\u1ec1u t\u1ea7ng d\u1ea1ng \u1ed1ng l\u1ed3ng \u0111\u01b0\u1ee3c s\u1eed d\u1ee5ng cho xe ben t\u1eeb FMP<\/h2>\n<p>Xi lanh th\u1ee7y l\u1ef1c \u0111a t\u1ea7ng d\u1ea1ng \u1ed1ng l\u1ed3ng cho r\u01a1 mo\u00f3c l\u00e0 s\u1ea3n ph\u1ea9m cao c\u1ea5p c\u1ee7a FMP, m\u1ed9t nh\u00e0 s\u1ea3n xu\u1ea5t n\u1ed5i ti\u1ebfng c\u00f3 tr\u1ee5 s\u1edf t\u1ea1i \u00dd. FMP chuy\u00ean cung c\u1ea5p c\u00e1c gi\u1ea3i ph\u00e1p th\u1ee7y l\u1ef1c ch\u1ea5t l\u01b0\u1ee3ng cao cho nhi\u1ec1u ng\u00e0nh c\u00f4ng nghi\u1ec7p kh\u00e1c nhau, bao g\u1ed3m c\u00e1c nh\u00e0 m\u00e1y s\u1ea3n xu\u1ea5t, x\u01b0\u1edfng s\u1eeda ch\u1eefa m\u00e1y m\u00f3c, trang tr\u1ea1i v\u00e0 c\u00e1c c\u00f4ng ty n\u0103ng l\u01b0\u1ee3ng &amp; khai th\u00e1c m\u1ecf.<\/p>\n<h2>T\u00ednh n\u0103ng v\u00e0 l\u1ee3i \u00edch<\/h2>\n<ul>\n<li><strong>Th\u00e2n thi\u1ec7n v\u1edbi m\u00f4i tr\u01b0\u1eddng:<\/strong> Xi lanh th\u1ee7y l\u1ef1c c\u1ee7a ch\u00fang t\u00f4i s\u1eed d\u1ee5ng d\u1ea7u l\u00e0m m\u00f4i tr\u01b0\u1eddng ho\u1ea1t \u0111\u1ed9ng, th\u00fac \u0111\u1ea9y ho\u1ea1t \u0111\u1ed9ng th\u00e2n thi\u1ec7n v\u1edbi m\u00f4i tr\u01b0\u1eddng.<\/li>\n<li><strong>C\u00f3 hi\u1ec7u qu\u1ea3:<\/strong> V\u1edbi l\u1ef1c \u0111\u1ea9y t\u1ed1i \u0111a l\u00e0 3000 v\u00e0 l\u1ef1c k\u00e9o l\u00e0 600, xi lanh c\u1ee7a ch\u00fang t\u00f4i \u0111\u01b0\u1ee3c thi\u1ebft k\u1ebf \u0111\u1ec3 \u0111\u1ea1t hi\u1ec7u qu\u1ea3 cao.<\/li>\n<li><strong>An to\u00e0n:<\/strong> T\u1ea5t c\u1ea3 s\u1ea3n ph\u1ea9m c\u1ee7a ch\u00fang t\u00f4i \u0111\u1ec1u \u0111\u01b0\u1ee3c b\u1ea3o h\u00e0nh 1 n\u0103m, \u0111\u1ea3m b\u1ea3o an to\u00e0n v\u00e0 s\u1ef1 an t\u00e2m cho kh\u00e1ch h\u00e0ng.<\/li>\n<\/ul>\n<h2>\n\u0110\u1ec1 xu\u1ea5t gi\u00e1 tr\u1ecb \u0111\u1ed9c \u0111\u00e1o<\/h2>\n<p>Xi lanh th\u1ee7y l\u1ef1c c\u1ee7a ch\u00fang t\u00f4i n\u1ed5i b\u1eadt tr\u00ean th\u1ecb tr\u01b0\u1eddng nh\u1edd thi\u1ebft k\u1ebf ch\u1eafc ch\u1eafn, hi\u1ec7u su\u1ea5t v\u01b0\u1ee3t tr\u1ed9i v\u00e0 gi\u00e1 tr\u1ecb kh\u00f4ng g\u00ec s\u00e1nh b\u1eb1ng. M\u1ed7i xi lanh \u0111\u1ec1u tr\u1ea3i qua quy tr\u00ecnh ki\u1ec3m tra nghi\u00eam ng\u1eb7t tr\u01b0\u1edbc khi xu\u1ea5t x\u01b0\u1edfng, \u0111\u1ea3m b\u1ea3o \u0111\u00e1p \u1ee9ng c\u00e1c ti\u00eau chu\u1ea9n cao nh\u1ea5t v\u1ec1 ch\u1ea5t l\u01b0\u1ee3ng v\u00e0 hi\u1ec7u su\u1ea5t. Cam k\u1ebft v\u1ec1 ch\u1ea5t l\u01b0\u1ee3ng n\u00e0y kh\u00f4ng ch\u1ec9 \u0111\u1ea3m b\u1ea3o \u0111\u1ed9 tin c\u1eady c\u1ee7a s\u1ea3n ph\u1ea9m m\u00e0 c\u00f2n t\u1ea1o d\u1ef1ng ni\u1ec1m tin cho kh\u00e1ch h\u00e0ng. B\u1eb1ng c\u00e1ch s\u1eed d\u1ee5ng v\u1eadt li\u1ec7u ti\u00ean ti\u1ebfn v\u00e0 k\u1ef9 thu\u1eadt s\u1ea3n xu\u1ea5t hi\u1ec7n \u0111\u1ea1i, ch\u00fang t\u00f4i \u0111\u1ea3m b\u1ea3o xi lanh th\u1ee7y l\u1ef1c c\u00f3 th\u1ec3 ch\u1ecbu \u0111\u01b0\u1ee3c nh\u1eefng \u0111i\u1ec1u ki\u1ec7n kh\u1eafc nghi\u1ec7t nh\u1ea5t, mang l\u1ea1i hi\u1ec7u su\u1ea5t l\u00e2u d\u00e0i trong nhi\u1ec1u \u1ee9ng d\u1ee5ng kh\u00e1c nhau. Vi\u1ec7c t\u1eadp trung v\u00e0o ki\u1ec3m so\u00e1t ch\u1ea5t l\u01b0\u1ee3ng v\u00e0 s\u1ef1 h\u00e0i l\u00f2ng c\u1ee7a kh\u00e1ch h\u00e0ng khi\u1ebfn xi lanh th\u1ee7y l\u1ef1c c\u1ee7a ch\u00fang t\u00f4i tr\u1edf th\u00e0nh l\u1ef1a ch\u1ecdn \u01b0u ti\u00ean cho c\u00e1c ng\u00e0nh c\u00f4ng nghi\u1ec7p \u0111ang t\u00ecm ki\u1ebfm c\u00e1c gi\u1ea3i ph\u00e1p \u0111\u00e1ng tin c\u1eady v\u00e0 hi\u1ec7u su\u1ea5t cao.<\/p>\n<h2>\u1ee8ng d\u1ee5ng<\/h2>\n<p>C\u00e1c xi lanh th\u1ee7y l\u1ef1c n\u00e0y r\u1ea5t l\u00fd t\u01b0\u1edfng cho xe t\u1ea3i t\u1ef1 \u0111\u1ed5 v\u00e0 c\u00e1c \u1ee9ng d\u1ee5ng h\u1ea1ng n\u1eb7ng kh\u00e1c \u0111\u00f2i h\u1ecfi c\u00f4ng su\u1ea5t cao v\u00e0 \u0111i\u1ec1u khi\u1ec3n ch\u00ednh x\u00e1c. V\u00ed d\u1ee5, trong xe t\u1ea3i t\u1ef1 \u0111\u1ed5, ch\u00fang h\u1ed7 tr\u1ee3 n\u00e2ng h\u1ea1 th\u00f9ng xe, cho ph\u00e9p d\u1ee1 h\u00e0ng hi\u1ec7u qu\u1ea3 c\u00e1c v\u1eadt li\u1ec7u nh\u01b0 s\u1ecfi, c\u00e1t v\u00e0 ph\u1ebf li\u1ec7u x\u00e2y d\u1ef1ng. C\u1ea5u tr\u00fac ch\u1eafc ch\u1eafn c\u1ee7a ch\u00fang cho ph\u00e9p ch\u00fang x\u1eed l\u00fd c\u00e1c l\u1ef1c \u0111\u00e1ng k\u1ec3 trong c\u00e1c ho\u1ea1t \u0111\u1ed9ng n\u00e0y, \u0111\u1ea3m b\u1ea3o hi\u1ec7u su\u1ea5t tr\u01a1n tru v\u00e0 \u0111\u00e1ng tin c\u1eady ngay c\u1ea3 khi ch\u1ecbu t\u1ea3i n\u1eb7ng.<\/p>\n<p>Ngo\u00e0i xe t\u1ea3i t\u1ef1 \u0111\u1ed5, xi lanh th\u1ee7y l\u1ef1c c\u1ee7a ch\u00fang t\u00f4i c\u00f2n \u0111\u01b0\u1ee3c s\u1eed d\u1ee5ng r\u1ed9ng r\u00e3i trong thi\u1ebft b\u1ecb x\u00e2y d\u1ef1ng, m\u00e1y x\u00fac, m\u00e1y b\u1ed1c x\u1ebfp v\u00e0 m\u00e1y m\u00f3c n\u00f4ng nghi\u1ec7p. T\u00ednh linh ho\u1ea1t c\u1ee7a ch\u00fang gi\u00fap ch\u00fang ph\u00f9 h\u1ee3p v\u1edbi nhi\u1ec1u nhi\u1ec7m v\u1ee5 kh\u00e1c nhau, t\u1eeb n\u00e2ng v\u00e0 di chuy\u1ec3n v\u1eadt li\u1ec7u n\u1eb7ng \u0111\u1ebfn cung c\u1ea5p kh\u1ea3 n\u0103ng \u0111i\u1ec1u khi\u1ec3n ch\u00ednh x\u00e1c trong c\u00e1c quy tr\u00ecnh s\u1ea3n xu\u1ea5t ph\u1ee9c t\u1ea1p. Khi c\u00e1c ng\u00e0nh c\u00f4ng nghi\u1ec7p ti\u1ebfp t\u1ee5c ph\u00e1t tri\u1ec3n, xi lanh th\u1ee7y l\u1ef1c c\u1ee7a ch\u00fang t\u00f4i v\u1eabn l\u00e0 m\u1ed9t th\u00e0nh ph\u1ea7n quan tr\u1ecdng \u0111\u1ec3 \u0111\u1ea1t \u0111\u01b0\u1ee3c hi\u1ec7u qu\u1ea3 ho\u1ea1t \u0111\u1ed9ng v\u00e0 n\u0103ng su\u1ea5t.<\/p>\n<p><img loading=\"lazy\" decoding=\"async\" class=\"alignnone  wp-image-6662\" src=\"https:\/\/fmp-components.com\/wp-content\/uploads\/2025\/03\/telescopic-hydraulic-cylinder-4.webp\" alt=\"xi lanh th\u1ee7y l\u1ef1c d\u1ea1ng \u1ed1ng l\u1ed3ng\" width=\"777\" height=\"777\" title=\"\" srcset=\"https:\/\/fmp-components.com\/wp-content\/uploads\/2025\/03\/telescopic-hydraulic-cylinder-4.webp 777w, https:\/\/fmp-components.com\/wp-content\/uploads\/2025\/03\/telescopic-hydraulic-cylinder-4-480x480.webp 480w\" sizes=\"(min-width: 0px) and (max-width: 480px) 480px, (min-width: 481px) 777px, 100vw\" \/><\/p>\n<h2>Xi lanh th\u1ee7y l\u1ef1c v\u00e0 b\u1ed9 ngu\u1ed3n<\/h2>\n<p>C\u00e1c xi lanh th\u1ee7y l\u1ef1c v\u00e0 b\u1ed9 ngu\u1ed3n c\u1ee7a ch\u00fang t\u00f4i l\u00e0 nh\u1eefng th\u00e0nh ph\u1ea7n kh\u00f4ng th\u1ec3 thi\u1ebfu c\u1ee7a b\u1ea5t k\u1ef3 h\u1ec7 th\u1ed1ng th\u1ee7y l\u1ef1c n\u00e0o, ho\u1ea1t \u0111\u1ed9ng \u0111\u1ed3ng b\u1ed9 \u0111\u1ec3 cung c\u1ea5p n\u0103ng l\u01b0\u1ee3ng v\u00e0 kh\u1ea3 n\u0103ng \u0111i\u1ec1u khi\u1ec3n \u0111\u00e1ng tin c\u1eady cho nhi\u1ec1u \u1ee9ng d\u1ee5ng c\u00f4ng nghi\u1ec7p. C\u00e1c xi lanh th\u1ee7y l\u1ef1c \u0111\u00f3ng vai tr\u00f2 l\u00e0 b\u1ed9 truy\u1ec1n \u0111\u1ed9ng, chuy\u1ec3n \u0111\u1ed5i n\u0103ng l\u01b0\u1ee3ng th\u1ee7y l\u1ef1c th\u00e0nh chuy\u1ec3n \u0111\u1ed9ng c\u01a1 h\u1ecdc, trong khi c\u00e1c b\u1ed9 ngu\u1ed3n t\u1ea1o ra v\u00e0 \u0111i\u1ec1u ch\u1ec9nh \u00e1p su\u1ea5t ch\u1ea5t l\u1ecfng th\u1ee7y l\u1ef1c c\u1ea7n thi\u1ebft cho ho\u1ea1t \u0111\u1ed9ng c\u1ee7a xi lanh.<\/p>\n<p>B\u1eb1ng c\u00e1ch cung c\u1ea5p c\u00e1c gi\u1ea3i ph\u00e1p th\u1ee7y l\u1ef1c to\u00e0n di\u1ec7n, bao g\u1ed3m c\u1ea3 c\u00e1c b\u1ed9 ngu\u1ed3n \u0111\u1ec3 b\u00e1n, ch\u00fang t\u00f4i \u0111\u1ea3m b\u1ea3o kh\u00e1ch h\u00e0ng c\u00f3 m\u1ecdi th\u1ee9 c\u1ea7n thi\u1ebft \u0111\u1ec3 x\u00e2y d\u1ef1ng v\u00e0 b\u1ea3o tr\u00ec m\u1ed9t h\u1ec7 th\u1ed1ng th\u1ee7y l\u1ef1c hi\u1ec7u qu\u1ea3. C\u00e1ch ti\u1ebfp c\u1eadn to\u00e0n di\u1ec7n n\u00e0y cho ph\u00e9p ch\u00fang t\u00f4i ph\u1ee5c v\u1ee5 nhi\u1ec1u ng\u00e0nh c\u00f4ng nghi\u1ec7p kh\u00e1c nhau, t\u1eeb s\u1ea3n xu\u1ea5t v\u00e0 x\u00e2y d\u1ef1ng \u0111\u1ebfn n\u0103ng l\u01b0\u1ee3ng v\u00e0 khai th\u00e1c m\u1ecf. Chuy\u00ean m\u00f4n c\u1ee7a ch\u00fang t\u00f4i trong c\u00f4ng ngh\u1ec7 th\u1ee7y l\u1ef1c, k\u1ebft h\u1ee3p v\u1edbi cam k\u1ebft v\u1ec1 ch\u1ea5t l\u01b0\u1ee3ng, gi\u00fap ch\u00fang t\u00f4i tr\u1edf th\u00e0nh \u0111\u1ed1i t\u00e1c \u0111\u00e1ng tin c\u1eady cho c\u00e1c doanh nghi\u1ec7p \u0111ang t\u00ecm ki\u1ebfm c\u00e1c gi\u1ea3i ph\u00e1p th\u1ee7y l\u1ef1c hi\u1ec7u qu\u1ea3 v\u00e0 \u0111\u00e1ng tin c\u1eady.<\/p>\n<p>T\u00f3m l\u1ea1i, c\u00e1c xi lanh th\u1ee7y l\u1ef1c v\u00e0 b\u1ed9 ngu\u1ed3n c\u1ee7a ch\u00fang t\u00f4i \u0111\u01b0\u1ee3c thi\u1ebft k\u1ebf \u0111\u1ec3 \u0111\u00e1p \u1ee9ng nhu c\u1ea7u ng\u00e0y c\u00e0ng ph\u00e1t tri\u1ec3n c\u1ee7a nhi\u1ec1u ng\u00e0nh c\u00f4ng nghi\u1ec7p kh\u00e1c nhau, cung c\u1ea5p s\u1ee9c m\u1ea1nh v\u00e0 kh\u1ea3 n\u0103ng \u0111i\u1ec1u khi\u1ec3n c\u1ea7n thi\u1ebft cho hi\u1ec7u su\u1ea5t t\u1ed1i \u01b0u. V\u1edbi tr\u1ecdng t\u00e2m l\u00e0 ch\u1ea5t l\u01b0\u1ee3ng, hi\u1ec7u qu\u1ea3 v\u00e0 s\u1ef1 h\u00e0i l\u00f2ng c\u1ee7a kh\u00e1ch h\u00e0ng, ch\u00fang t\u00f4i h\u01b0\u1edbng \u0111\u1ebfn vi\u1ec7c cung c\u1ea5p c\u00e1c gi\u1ea3i ph\u00e1p kh\u00f4ng ch\u1ec9 \u0111\u00e1p \u1ee9ng m\u00e0 c\u00f2n v\u01b0\u1ee3t qu\u00e1 mong \u0111\u1ee3i, th\u00fac \u0111\u1ea9y th\u00e0nh c\u00f4ng trong m\u1ecdi \u1ee9ng d\u1ee5ng.<\/p>\n<h2>C\u00e2u h\u1ecfi th\u01b0\u1eddng g\u1eb7p<\/h2>\n<dl>\n<dt>C\u00e2u h\u1ecfi 1: Ch\u1ebf \u0111\u1ed9 b\u1ea3o h\u00e0nh cho xi lanh th\u1ee7y l\u1ef1c c\u1ee7a b\u1ea1n l\u00e0 g\u00ec?<\/dt>\n<dd>A1: Ch\u00fang t\u00f4i cung c\u1ea5p ch\u1ebf \u0111\u1ed9 b\u1ea3o h\u00e0nh 1 n\u0103m cho t\u1ea5t c\u1ea3 c\u00e1c xi lanh th\u1ee7y l\u1ef1c c\u1ee7a m\u00ecnh.<\/dd>\n<dt>C\u00e2u h\u1ecfi 2: C\u00f3 th\u1ec3 t\u00f9y ch\u1ec9nh th\u00f4ng s\u1ed1 k\u1ef9 thu\u1eadt c\u1ee7a xi lanh th\u1ee7y l\u1ef1c kh\u00f4ng?<\/dt>\n<dd>A2: C\u00f3, ch\u00fang t\u00f4i c\u00f3 th\u1ec3 thi\u1ebft k\u1ebf xi lanh th\u1ee7y l\u1ef1c theo y\u00eau c\u1ea7u c\u1ee5 th\u1ec3 c\u1ee7a b\u1ea1n.<\/dd>\n<dt>Q3: B\u1ea1n c\u00f3 cung c\u1ea5p b\u1ed9 ngu\u1ed3n kh\u00f4ng?<\/dt>\n<dd>A3: C\u00f3, ch\u00fang t\u00f4i c\u0169ng cung c\u1ea5p c\u00e1c b\u1ed9 ngu\u1ed3n \u0111\u1ec3 b\u1ed5 sung cho xi lanh th\u1ee7y l\u1ef1c c\u1ee7a ch\u00fang t\u00f4i.<\/dd>\n<\/dl>\n<h3>Gi\u1edbi thi\u1ec7u v\u1ec1 FMP<\/h3>\n<p class=\"break-words\">FMP l\u00e0 nh\u00e0 s\u1ea3n xu\u1ea5t h\u00e0ng \u0111\u1ea7u c\u1ee7a \u00dd, chuy\u00ean thi\u1ebft k\u1ebf, ph\u00e1t tri\u1ec3n v\u00e0 s\u1ea3n xu\u1ea5t xi lanh th\u1ee7y l\u1ef1c ch\u1ea5t l\u01b0\u1ee3ng cao. V\u1edbi di s\u1ea3n phong ph\u00fa \u0111\u01b0\u1ee3c t\u00edch l\u0169y qua nhi\u1ec1u th\u1eadp k\u1ef7 kinh nghi\u1ec7m, ch\u00fang t\u00f4i t\u1ef1 h\u00e0o k\u1ebft h\u1ee3p k\u1ef9 thu\u1eadt th\u1ee7 c\u00f4ng tinh x\u1ea3o c\u1ee7a \u00dd v\u1edbi c\u00f4ng ngh\u1ec7 ti\u00ean ti\u1ebfn \u0111\u1ec3 mang \u0111\u1ebfn c\u00e1c gi\u1ea3i ph\u00e1p th\u1ee7y l\u1ef1c v\u01b0\u1ee3t tr\u1ed9i, \u0111\u00e1p \u1ee9ng nhu c\u1ea7u \u0111a d\u1ea1ng c\u1ee7a kh\u00e1ch h\u00e0ng to\u00e0n c\u1ea7u. C\u00f3 tr\u1ee5 s\u1edf ch\u00ednh t\u1ea1i \u00dd, m\u1ed9t trung t\u00e2m k\u1ef9 thu\u1eadt xu\u1ea5t s\u1eafc, FMP l\u00e0 m\u1ed9t th\u01b0\u01a1ng hi\u1ec7u uy t\u00edn trong ng\u00e0nh th\u1ee7y l\u1ef1c, cam k\u1ebft cung c\u1ea5p c\u00e1c s\u1ea3n ph\u1ea9m \u0111\u00e1ng tin c\u1eady, b\u1ec1n b\u1ec9 v\u00e0 s\u00e1ng t\u1ea1o, h\u1ed7 tr\u1ee3 c\u00e1c doanh nghi\u1ec7p tr\u00ean to\u00e0n th\u1ebf gi\u1edbi.<\/p>\n<p class=\"break-words\">C\u00f4ng ty ch\u00fang t\u00f4i k\u1ebft h\u1ee3p nh\u1eefng tinh hoa c\u1ee7a truy\u1ec1n th\u1ed1ng s\u1ea3n xu\u1ea5t ti\u00ean ti\u1ebfn v\u1edbi ph\u01b0\u01a1ng ch\u00e2m h\u01b0\u1edbng \u0111\u1ebfn t\u01b0\u01a1ng lai. V\u1edbi nhi\u1ec1u n\u0103m kinh nghi\u1ec7m trong l\u0129nh v\u1ef1c h\u1ec7 th\u1ed1ng th\u1ee7y l\u1ef1c, FMP \u0111\u00e3 ph\u00e1t tri\u1ec3n th\u00e0nh m\u1ed9t doanh nghi\u1ec7p hi\u1ec7n \u0111\u1ea1i, ti\u00ean phong trong nghi\u00ean c\u1ee9u, thi\u1ebft k\u1ebf v\u00e0 s\u1ea3n xu\u1ea5t. Ch\u00fang t\u00f4i chuy\u00ean cung c\u1ea5p \u0111a d\u1ea1ng c\u00e1c lo\u1ea1i xi lanh th\u1ee7y l\u1ef1c, bao g\u1ed3m xi lanh t\u00e1c \u0111\u1ed9ng k\u00e9p, xi lanh n\u00e2ng h\u1ea1 \u00f4 t\u00f4, xi lanh m\u00e1y m\u00f3c n\u00f4ng nghi\u1ec7p v\u00e0 c\u00e1c gi\u1ea3i ph\u00e1p thi\u1ebft k\u1ebf ri\u00eang cho nhi\u1ec1u \u1ee9ng d\u1ee5ng c\u00f4ng nghi\u1ec7p kh\u00e1c nhau. D\u00f9 l\u00e0 cho x\u00e2y d\u1ef1ng, c\u00f4ng nghi\u1ec7p, n\u00f4ng nghi\u1ec7p hay m\u00e1y m\u00f3c h\u1ea1ng n\u1eb7ng, xi lanh th\u1ee7y l\u1ef1c c\u1ee7a ch\u00fang t\u00f4i \u0111\u1ec1u \u0111\u01b0\u1ee3c ch\u1ebf t\u1ea1o \u0111\u1ec3 ho\u1ea1t \u0111\u1ed9ng trong nh\u1eefng \u0111i\u1ec1u ki\u1ec7n kh\u1eafc nghi\u1ec7t nh\u1ea5t, \u0111\u1ea3m b\u1ea3o an to\u00e0n, hi\u1ec7u qu\u1ea3 v\u00e0 tu\u1ed5i th\u1ecd cao.<\/p>\n<p><img loading=\"lazy\" decoding=\"async\" class=\"alignnone size-full wp-image-6720\" src=\"https:\/\/fmp-components.com\/wp-content\/uploads\/2025\/03\/hydraulic-cylinder-8.webp\" alt=\"Xi lanh th\u1ee7y l\u1ef1c d\u1ea1ng \u1ed1ng l\u1ed3ng\" width=\"933\" height=\"526\" title=\"\" srcset=\"https:\/\/fmp-components.com\/wp-content\/uploads\/2025\/03\/hydraulic-cylinder-8.webp 933w, https:\/\/fmp-components.com\/wp-content\/uploads\/2025\/03\/hydraulic-cylinder-8-480x271.webp 480w\" sizes=\"(min-width: 0px) and (max-width: 480px) 480px, (min-width: 481px) 933px, 100vw\" \/><\/p>\n<p class=\"break-words\">T\u1ea1i FMP, ch\u00fang t\u00f4i t\u1ef1 h\u00e0o s\u1edf h\u1eefu c\u01a1 s\u1edf s\u1ea3n xu\u1ea5t hi\u1ec7n \u0111\u1ea1i, \u0111\u01b0\u1ee3c trang b\u1ecb m\u00e1y m\u00f3c ch\u00ednh x\u00e1c v\u00e0 h\u1ec7 th\u1ed1ng ki\u1ec3m tra ti\u00ean ti\u1ebfn. Quy tr\u00ecnh s\u1ea3n xu\u1ea5t c\u1ee7a ch\u00fang t\u00f4i tu\u00e2n th\u1ee7 c\u00e1c ti\u00eau chu\u1ea9n qu\u1ed1c gia v\u00e0 qu\u1ed1c t\u1ebf nghi\u00eam ng\u1eb7t, \u0111\u1ea3m b\u1ea3o m\u1ed7i xi lanh th\u1ee7y l\u1ef1c xu\u1ea5t x\u01b0\u1edfng \u0111\u1ec1u \u0111\u1ea1t ch\u1ea5t l\u01b0\u1ee3ng v\u00e0 \u0111\u1ed9 tin c\u1eady v\u01b0\u1ee3t tr\u1ed9i. \u0110\u1ed9i ng\u0169 k\u1ef9 thu\u1eadt l\u00e0nh ngh\u1ec1, k\u1ebft h\u1ee3p v\u1edbi thi\u1ebft b\u1ecb ti\u00ean ti\u1ebfn, cho ph\u00e9p ch\u00fang t\u00f4i duy tr\u00ec quy tr\u00ecnh ki\u1ec3m so\u00e1t ch\u1ea5t l\u01b0\u1ee3ng nghi\u00eam ng\u1eb7t \u1edf m\u1ecdi giai \u0111o\u1ea1n s\u1ea3n xu\u1ea5t\u2014t\u1eeb kh\u00e2u l\u1ef1a ch\u1ecdn nguy\u00ean li\u1ec7u th\u00f4 \u0111\u1ebfn kh\u00e2u ki\u1ec3m tra cu\u1ed1i c\u00f9ng. S\u1ef1 t\u1eadn t\u00e2m v\u1edbi ch\u1ea5t l\u01b0\u1ee3ng v\u01b0\u1ee3t tr\u1ed9i n\u00e0y \u0111\u00e3 mang l\u1ea1i cho ch\u00fang t\u00f4i c\u00e1c ch\u1ee9ng nh\u1eadn v\u00e0 s\u1ef1 c\u00f4ng nh\u1eadn t\u1eeb c\u00e1c c\u01a1 quan qu\u1ea3n l\u00fd trong ng\u00e0nh, g\u00f3p ph\u1ea7n c\u1ee7ng c\u1ed1 danh ti\u1ebfng c\u1ee7a ch\u00fang t\u00f4i nh\u01b0 m\u1ed9t \u0111\u1ed1i t\u00e1c \u0111\u00e1ng tin c\u1eady.<\/p>\n<p class=\"break-words\">S\u1ee9 m\u1ec7nh c\u1ee7a ch\u00fang t\u00f4i tuy \u0111\u01a1n gi\u1ea3n nh\u01b0ng \u0111\u1ea7y tham v\u1ecdng: cung c\u1ea5p cho kh\u00e1ch h\u00e0ng nh\u1eefng xi lanh th\u1ee7y l\u1ef1c v\u01b0\u1ee3t xa mong \u0111\u1ee3i v\u1ec1 hi\u1ec7u su\u1ea5t, \u0111\u1ed9 b\u1ec1n v\u00e0 gi\u00e1 tr\u1ecb. Ch\u00fang t\u00f4i ho\u1ea1t \u0111\u1ed9ng theo nguy\u00ean t\u1eafc chuy\u00ean nghi\u1ec7p, ch\u00ednh tr\u1ef1c v\u00e0 l\u1ea5y kh\u00e1ch h\u00e0ng l\u00e0m tr\u1ecdng t\u00e2m. B\u1eb1ng c\u00e1ch nu\u00f4i d\u01b0\u1ee1ng v\u0103n h\u00f3a \u0111\u1ed5i m\u1edbi v\u00e0 ch\u00ednh x\u00e1c, ch\u00fang t\u00f4i li\u00ean t\u1ee5c c\u1ea3i ti\u1ebfn s\u1ea3n ph\u1ea9m \u0111\u1ec3 lu\u00f4n d\u1eabn \u0111\u1ea7u trong th\u1ecb tr\u01b0\u1eddng c\u1ea1nh tranh. Danh m\u1ee5c s\u1ea3n ph\u1ea9m to\u00e0n di\u1ec7n v\u00e0 kh\u1ea3 n\u0103ng cung c\u1ea5p c\u00e1c gi\u1ea3i ph\u00e1p ph\u00f9 h\u1ee3p gi\u00fap ch\u00fang t\u00f4i tr\u1edf th\u00e0nh l\u1ef1a ch\u1ecdn h\u00e0ng \u0111\u1ea7u cho c\u00e1c doanh nghi\u1ec7p \u0111ang t\u00ecm ki\u1ebfm xi lanh th\u1ee7y l\u1ef1c hi\u1ec7u su\u1ea5t cao.<\/p>\n<p class=\"break-words\">FMP kh\u00f4ng ch\u1ec9 l\u00e0 m\u1ed9t nh\u00e0 s\u1ea3n xu\u1ea5t\u2014ch\u00fang t\u00f4i c\u00f2n l\u00e0 \u0111\u1ed1i t\u00e1c \u0111\u1ed3ng h\u00e0nh c\u00f9ng th\u00e0nh c\u00f4ng c\u1ee7a b\u1ea1n. Ch\u00fang t\u00f4i hi\u1ec3u r\u1eb1ng kh\u00e1ch h\u00e0ng tin t\u01b0\u1edfng ch\u00fang t\u00f4i s\u1ebd cung c\u1ea5p c\u00e1c c\u00f4ng c\u1ee5 gi\u00fap n\u00e2ng cao n\u0103ng su\u1ea5t v\u00e0 s\u1ef1 an to\u00e0n. \u0110\u00f3 l\u00e0 l\u00fd do t\u1ea1i sao ch\u00fang t\u00f4i cam k\u1ebft kh\u00f4ng ch\u1ec9 cung c\u1ea5p c\u00e1c s\u1ea3n ph\u1ea9m h\u00e0ng \u0111\u1ea7u m\u00e0 c\u00f2n c\u1ea3 d\u1ecbch v\u1ee5 xu\u1ea5t s\u1eafc. T\u1eeb kh\u00e2u t\u01b0 v\u1ea5n ban \u0111\u1ea7u \u0111\u1ebfn h\u1ed7 tr\u1ee3 sau b\u00e1n h\u00e0ng, ch\u00fang t\u00f4i h\u1ee3p t\u00e1c ch\u1eb7t ch\u1ebd v\u1edbi kh\u00e1ch h\u00e0ng \u0111\u1ec3 \u0111\u1ea3m b\u1ea3o nhu c\u1ea7u c\u1ee7a h\u1ecd \u0111\u01b0\u1ee3c \u0111\u00e1p \u1ee9ng m\u1ed9t c\u00e1ch chuy\u00ean nghi\u1ec7p v\u00e0 t\u1eadn t\u00e2m. Gi\u00e1 c\u1ea3 c\u1ea1nh tranh, c\u00f9ng v\u1edbi cam k\u1ebft v\u1eefng ch\u1eafc v\u1ec1 ch\u1ea5t l\u01b0\u1ee3ng, khi\u1ebfn FMP tr\u1edf th\u00e0nh l\u1ef1a ch\u1ecdn th\u00f4ng minh cho c\u00e1c c\u00f4ng ty \u0111ang t\u00ecm ki\u1ebfm gi\u1ea3i ph\u00e1p th\u1ee7y l\u1ef1c \u0111\u00e1ng tin c\u1eady.<\/p>","protected":false},"excerpt":{"rendered":"<p>Italy Manufacturer Trailer Telescopic Multi Stages Hydraulic Cylinder Used For Dump Truck From FMP The Trailer Telescopic Multi Stages hydraulic cylinder is a premium product From FMP, a renowned manufacturer based in Italy. FMP has been dedicated to providing high-quality hydraulic solutions for various industries including manufacturing plants, machinery repair shops, farms, and energy &amp; [&hellip;]<\/p>","protected":false},"featured_media":6809,"comment_status":"closed","ping_status":"closed","template":"","meta":{"_et_pb_use_builder":"","_et_pb_old_content":"","_et_gb_content_width":""},"product_brand":[],"product_cat":[103],"product_tag":[34,105],"class_list":{"0":"post-6607","1":"product","2":"type-product","3":"status-publish","4":"has-post-thumbnail","6":"product_cat-telescopic-hydraulic-cylinders","7":"product_tag-hydraulic-cylinder","8":"product_tag-telescopic-hydraulic-cylinders","10":"first","11":"instock","12":"product-type-simple"},"_links":{"self":[{"href":"https:\/\/fmp-components.com\/vi\/wp-json\/wp\/v2\/product\/6607","targetHints":{"allow":["GET"]}}],"collection":[{"href":"https:\/\/fmp-components.com\/vi\/wp-json\/wp\/v2\/product"}],"about":[{"href":"https:\/\/fmp-components.com\/vi\/wp-json\/wp\/v2\/types\/product"}],"replies":[{"embeddable":true,"href":"https:\/\/fmp-components.com\/vi\/wp-json\/wp\/v2\/comments?post=6607"}],"wp:featuredmedia":[{"embeddable":true,"href":"https:\/\/fmp-components.com\/vi\/wp-json\/wp\/v2\/media\/6809"}],"wp:attachment":[{"href":"https:\/\/fmp-components.com\/vi\/wp-json\/wp\/v2\/media?parent=6607"}],"wp:term":[{"taxonomy":"product_brand","embeddable":true,"href":"https:\/\/fmp-components.com\/vi\/wp-json\/wp\/v2\/product_brand?post=6607"},{"taxonomy":"product_cat","embeddable":true,"href":"https:\/\/fmp-components.com\/vi\/wp-json\/wp\/v2\/product_cat?post=6607"},{"taxonomy":"product_tag","embeddable":true,"href":"https:\/\/fmp-components.com\/vi\/wp-json\/wp\/v2\/product_tag?post=6607"}],"curies":[{"name":"wp","href":"https:\/\/api.w.org\/{rel}","templated":true}]}}