{"id":6551,"date":"2025-03-11T06:29:39","date_gmt":"2025-03-11T06:29:39","guid":{"rendered":"https:\/\/fmp-components.com\/product\/factory-price-multi-stage-flatbed-tow-truck-hydraulic-cylinder"},"modified":"2025-03-18T00:52:01","modified_gmt":"2025-03-18T00:52:01","slug":"factory-price-multi-stage-flatbed-tow-truck-hydraulic-cylinder","status":"publish","type":"product","link":"https:\/\/fmp-components.com\/vi\/product\/factory-price-multi-stage-flatbed-tow-truck-hydraulic-cylinder\/","title":{"rendered":"Gi\u00e1 xu\u1ea5t x\u01b0\u1edfng Xe k\u00e9o s\u00e0n ph\u1eb3ng nhi\u1ec1u t\u1ea7ng xi lanh th\u1ee7y l\u1ef1c"},"content":{"rendered":"<h2>Gi\u00e1 xu\u1ea5t x\u01b0\u1edfng Xe k\u00e9o s\u00e0n ph\u1eb3ng nhi\u1ec1u t\u1ea7ng xi lanh th\u1ee7y l\u1ef1c<\/h2>\n<p>Xin gi\u1edbi thi\u1ec7u xi lanh th\u1ee7y l\u1ef1c xe k\u00e9o s\u00e0n ph\u1eb3ng \u0111a c\u1ea5p FMP, m\u1ed9t s\u1ea3n ph\u1ea9m cao c\u1ea5p \u0111\u01b0\u1ee3c thi\u1ebft k\u1ebf \u0111\u1ec3 ho\u1ea1t \u0111\u1ed9ng hi\u1ec7u qu\u1ea3 trong nhi\u1ec1u ng\u00e0nh c\u00f4ng nghi\u1ec7p kh\u00e1c nhau nh\u01b0 x\u01b0\u1edfng s\u1eeda ch\u1eefa m\u00e1y m\u00f3c, trang tr\u1ea1i, n\u0103ng l\u01b0\u1ee3ng &amp; khai th\u00e1c m\u1ecf, s\u1ea3n xu\u1ea5t m\u00e1y m\u00f3c v\u00e0 nh\u00e0 m\u00e1y c\u01a1 kh\u00ed. Xi lanh th\u1ee7y l\u1ef1c n\u00e0y t\u1ef1 h\u00e0o c\u00f3 hi\u1ec7u su\u1ea5t v\u01b0\u1ee3t tr\u1ed9i, c\u00f4ng su\u1ea5t v\u01b0\u1ee3t tr\u1ed9i v\u00e0 \u0111\u1ed9 b\u1ec1n v\u01b0\u1ee3t tr\u1ed9i.<\/p>\n<h3>T\u00ednh n\u0103ng v\u00e0 l\u1ee3i \u00edch c\u1ee7a s\u1ea3n ph\u1ea9m<\/h3>\n<p>S\u1ea3n ph\u1ea9m c\u1ee7a ch\u00fang t\u00f4i \u0111\u01b0\u1ee3c v\u1eadn h\u00e0nh b\u1eb1ng h\u1ec7 th\u1ed1ng th\u1ee7y l\u1ef1c v\u00e0 \u0111\u01b0\u1ee3c ch\u1ebf t\u1ea1o b\u1eb1ng th\u00e9p ch\u1ea5t l\u01b0\u1ee3ng cao. L\u1ef1c \u0111\u1ea9y t\u1ed1i \u0111a c\u1ee7a s\u1ea3n ph\u1ea9m l\u00e0 3000N v\u00e0 s\u1ee9c k\u00e9o t\u1ed1i \u0111a l\u00e0 20 t\u1ea5n. K\u00edch th\u01b0\u1edbc l\u1ed7 khoan dao \u0111\u1ed9ng t\u1eeb 2-6 inch, trong khi k\u00edch th\u01b0\u1edbc thanh truy\u1ec1n dao \u0111\u1ed9ng t\u1eeb 1,125-4 inch.<\/p>\n<h3>Th\u00f4ng s\u1ed1 k\u1ef9 thu\u1eadt<\/h3>\n<table style=\"width: 99.7507%;\" border=\"\">\n<tbody>\n<tr>\n<td style=\"width: 42.9379%;\"><i>K\u00edch th\u01b0\u1edbc l\u1ed7 khoan<\/i><\/td>\n<td style=\"width: 472.881%;\">2-6 inch<\/td>\n<\/tr>\n<tr>\n<td style=\"width: 42.9379%;\"><i>K\u00edch th\u01b0\u1edbc thanh<\/i><\/td>\n<td style=\"width: 472.881%;\">1,125-4 inch<\/td>\n<\/tr>\n<tr>\n<td style=\"width: 42.9379%;\"><i>K\u00edch th\u01b0\u1edbc n\u00e9t v\u1ebd<\/i><\/td>\n<td style=\"width: 472.881%;\">4-100 inch<\/td>\n<\/tr>\n<tr>\n<td style=\"width: 42.9379%;\"><i>K\u00edch th\u01b0\u1edbc ch\u00e2n c\u1eafm<\/i><\/td>\n<td style=\"width: 472.881%;\">0,5-2 inch<\/td>\n<\/tr>\n<tr>\n<td style=\"width: 42.9379%;\"><i>C\u1ed5ng<\/i><\/td>\n<td style=\"width: 472.881%;\">G\/SAE\/NPT\/M<\/td>\n<\/tr>\n<\/tbody>\n<\/table>\n<h2>Hi\u1ec7u su\u1ea5t v\u00e0 hi\u1ec7u qu\u1ea3 v\u00f4 song<\/h2>\n<p>Xi lanh th\u1ee7y l\u1ef1c FMP \u0111\u01b0\u1ee3c thi\u1ebft k\u1ebf \u0111\u1ec3 ti\u1ebft ki\u1ec7m n\u0103ng l\u01b0\u1ee3ng, hi\u1ec7u qu\u1ea3 cao v\u00e0 an to\u00e0n. Thi\u1ebft k\u1ebf nhi\u1ec1u t\u1ea7ng cho ph\u00e9p l\u01b0u tr\u1eef g\u1ecdn g\u00e0ng m\u00e0 v\u1eabn \u0111\u1ea3m b\u1ea3o h\u00e0nh tr\u00ecnh d\u00e0i. S\u1ea3n ph\u1ea9m \u0111\u01b0\u1ee3c ch\u1ebf t\u1ea1o \u0111\u1ec3 ch\u1ecbu \u0111\u01b0\u1ee3c nh\u1eefng \u0111i\u1ec1u ki\u1ec7n l\u00e0m vi\u1ec7c kh\u1eafc nghi\u1ec7t nh\u1ea5t, l\u00e0 l\u1ef1a ch\u1ecdn \u0111\u00e1ng tin c\u1eady cho nhi\u1ec1u \u1ee9ng d\u1ee5ng kh\u00e1c nhau.<\/p>\n<h2>Hi\u1ec3u v\u1ec1 h\u1ec7 th\u1ed1ng th\u1ee7y l\u1ef1c v\u00e0 nguy\u00ean l\u00fd ho\u1ea1t \u0111\u1ed9ng<\/h2>\n<p>B\u1ea3n ch\u1ea5t c\u1ee7a h\u1ec7 th\u1ed1ng th\u1ee7y l\u1ef1c n\u1eb1m \u1edf vi\u1ec7c truy\u1ec1n n\u0103ng l\u01b0\u1ee3ng t\u1eeb \u0111i\u1ec3m n\u00e0y \u0111\u1ebfn \u0111i\u1ec3m kh\u00e1c th\u00f4ng qua ch\u1ea5t l\u1ecfng kh\u00f4ng n\u00e9n \u0111\u01b0\u1ee3c. Xi lanh th\u1ee7y l\u1ef1c l\u00e0 m\u1ed9t b\u1ed9 ph\u1eadn kh\u00f4ng th\u1ec3 thi\u1ebfu c\u1ee7a h\u1ec7 th\u1ed1ng n\u00e0y, bi\u1ebfn \u0111\u1ed5i n\u0103ng l\u01b0\u1ee3ng th\u1ee7y l\u1ef1c th\u00e0nh n\u0103ng l\u01b0\u1ee3ng c\u01a1 h\u1ecdc \u0111\u1ec3 th\u1ef1c hi\u1ec7n c\u00f4ng.<\/p>\n<p><img loading=\"lazy\" decoding=\"async\" class=\"alignnone wp-image-6664\" src=\"https:\/\/fmp-components.com\/wp-content\/uploads\/2025\/03\/telescopic-hydraulic-cylinder-8.webp\" alt=\"xi lanh th\u1ee7y l\u1ef1c d\u1ea1ng \u1ed1ng l\u1ed3ng\" width=\"929\" height=\"929\" title=\"\" srcset=\"https:\/\/fmp-components.com\/wp-content\/uploads\/2025\/03\/telescopic-hydraulic-cylinder-8.webp 929w, https:\/\/fmp-components.com\/wp-content\/uploads\/2025\/03\/telescopic-hydraulic-cylinder-8-480x480.webp 480w\" sizes=\"(min-width: 0px) and (max-width: 480px) 480px, (min-width: 481px) 929px, 100vw\" \/><\/p>\n<h2>\u1ee8ng d\u1ee5ng c\u1ee7a xi lanh th\u1ee7y l\u1ef1c<\/h2>\n<p>Xi lanh th\u1ee7y l\u1ef1c \u0111\u01b0\u1ee3c \u1ee9ng d\u1ee5ng r\u1ed9ng r\u00e3i trong nhi\u1ec1u ng\u00e0nh c\u00f4ng nghi\u1ec7p kh\u00e1c nhau, n\u01a1i c\u1ea7n di chuy\u1ec3n ho\u1eb7c n\u00e2ng t\u1ea3i tr\u1ecdng n\u1eb7ng. Ch\u00fang \u0111\u1eb7c bi\u1ec7t h\u1eefu \u00edch trong c\u00e1c x\u01b0\u1edfng s\u1eeda ch\u1eefa m\u00e1y m\u00f3c, trang tr\u1ea1i, n\u0103ng l\u01b0\u1ee3ng &amp; khai th\u00e1c m\u1ecf, s\u1ea3n xu\u1ea5t m\u00e1y m\u00f3c v\u00e0 nh\u00e0 m\u00e1y c\u01a1 kh\u00ed.<\/p>\n<h2>Xi lanh th\u1ee7y l\u1ef1c v\u00e0 b\u1ed9 ngu\u1ed3n<\/h2>\n<p>Xi lanh th\u1ee7y l\u1ef1c v\u00e0 b\u1ed9 ngu\u1ed3n th\u1ee7y l\u1ef1c l\u00e0 nh\u1eefng b\u1ed9 ph\u1eadn kh\u00f4ng th\u1ec3 thi\u1ebfu c\u1ee7a m\u1ed9t h\u1ec7 th\u1ed1ng th\u1ee7y l\u1ef1c. S\u1ef1 ho\u1ea1t \u0111\u1ed9ng \u0111\u1ed3ng b\u1ed9 c\u1ee7a ch\u00fang \u0111\u1ea3m b\u1ea3o \u1ee9ng d\u1ee5ng r\u1ed9ng r\u00e3i c\u1ee7a c\u00f4ng ngh\u1ec7 th\u1ee7y l\u1ef1c trong l\u0129nh v\u1ef1c c\u00f4ng nghi\u1ec7p, cung c\u1ea5p ngu\u1ed3n \u0111i\u1ec7n v\u00e0 h\u1ed7 tr\u1ee3 \u0111i\u1ec1u khi\u1ec3n \u0111\u00e1ng tin c\u1eady cho nhi\u1ec1u thi\u1ebft b\u1ecb k\u1ef9 thu\u1eadt v\u00e0 m\u00e1y m\u00f3c. T\u1ea1i FMP, ch\u00fang t\u00f4i c\u0169ng cung c\u1ea5p b\u1ed9 ngu\u1ed3n th\u1ee7y l\u1ef1c \u0111\u1ec3 b\u00e1n.<\/p>\n<h3>C\u00e2u h\u1ecfi th\u01b0\u1eddng g\u1eb7p<\/h3>\n<p><b>Q: L\u1ef1c \u0111\u1ea9y t\u1ed1i \u0111a c\u1ee7a xi lanh th\u1ee7y l\u1ef1c c\u1ee7a b\u1ea1n l\u00e0 bao nhi\u00eau?<\/b><br \/>\nA: L\u1ef1c \u0111\u1ea9y t\u1ed1i \u0111a c\u1ee7a xi lanh th\u1ee7y l\u1ef1c c\u1ee7a ch\u00fang t\u00f4i l\u00e0 3000.<\/p>\n<p><b>Q: K\u00edch th\u01b0\u1edbc l\u1ed7 c\u1ee7a xi lanh th\u1ee7y l\u1ef1c l\u00e0 bao nhi\u00eau?<\/b><br \/>\nA: K\u00edch th\u01b0\u1edbc l\u1ed7 c\u1ee7a xi lanh th\u1ee7y l\u1ef1c c\u1ee7a ch\u00fang t\u00f4i dao \u0111\u1ed9ng t\u1eeb 2 \u0111\u1ebfn 6 inch.<\/p>\n<p><b>Q: Th\u1eddi gian giao h\u00e0ng cho xi lanh th\u1ee7y l\u1ef1c c\u1ee7a b\u1ea1n l\u00e0 bao l\u00e2u?<\/b><br \/>\nA: Th\u00f4ng th\u01b0\u1eddng, th\u1eddi gian giao h\u00e0ng c\u1ee7a ch\u00fang t\u00f4i l\u00e0 25-35 ng\u00e0y.<\/p>\n<h3>Gi\u1edbi thi\u1ec7u v\u1ec1 FMP<\/h3>\n<p>FMP l\u00e0 nh\u00e0 s\u1ea3n xu\u1ea5t h\u00e0ng \u0111\u1ea7u c\u1ee7a \u00dd, n\u1ed5i ti\u1ebfng v\u1ec1 thi\u1ebft k\u1ebf, ph\u00e1t tri\u1ec3n v\u00e0 s\u1ea3n xu\u1ea5t xi lanh th\u1ee7y l\u1ef1c ch\u1ea5t l\u01b0\u1ee3ng cao. V\u1edbi nhi\u1ec1u th\u1eadp k\u1ef7 kinh nghi\u1ec7m, ch\u00fang t\u00f4i k\u1ebft h\u1ee3p k\u1ef9 thu\u1eadt th\u1ee7 c\u00f4ng truy\u1ec1n th\u1ed1ng c\u1ee7a \u00dd v\u1edbi c\u00f4ng ngh\u1ec7 ti\u00ean ti\u1ebfn \u0111\u1ec3 mang \u0111\u1ebfn c\u00e1c gi\u1ea3i ph\u00e1p th\u1ee7y l\u1ef1c v\u01b0\u1ee3t tr\u1ed9i, \u0111\u00e1p \u1ee9ng nhu c\u1ea7u \u0111a d\u1ea1ng c\u1ee7a kh\u00e1ch h\u00e0ng to\u00e0n c\u1ea7u. T\u1ecda l\u1ea1c t\u1ea1i \u00dd, m\u1ed9t trung t\u00e2m k\u1ef9 thu\u1eadt xu\u1ea5t s\u1eafc, FMP \u0111\u00e3 kh\u1eb3ng \u0111\u1ecbnh v\u1ecb th\u1ebf l\u00e0 m\u1ed9t th\u01b0\u01a1ng hi\u1ec7u uy t\u00edn trong ng\u00e0nh th\u1ee7y l\u1ef1c, chuy\u00ean cung c\u1ea5p c\u00e1c s\u1ea3n ph\u1ea9m \u0111\u00e1ng tin c\u1eady, b\u1ec1n b\u1ec9 v\u00e0 s\u00e1ng t\u1ea1o, h\u1ed7 tr\u1ee3 c\u00e1c doanh nghi\u1ec7p tr\u00ean to\u00e0n th\u1ebf gi\u1edbi.<\/p>\n<p>Ch\u00fang t\u00f4i k\u1ebft h\u1ee3p nh\u1eefng tinh hoa c\u1ee7a truy\u1ec1n th\u1ed1ng s\u1ea3n xu\u1ea5t ti\u00ean ti\u1ebfn v\u1edbi ph\u01b0\u01a1ng ph\u00e1p ti\u1ebfp c\u1eadn h\u01b0\u1edbng \u0111\u1ebfn t\u01b0\u01a1ng lai. V\u1edbi kinh nghi\u1ec7m d\u00e0y d\u1eb7n trong l\u0129nh v\u1ef1c h\u1ec7 th\u1ed1ng th\u1ee7y l\u1ef1c, FMP \u0111\u00e3 chuy\u1ec3n m\u00ecnh th\u00e0nh m\u1ed9t doanh nghi\u1ec7p hi\u1ec7n \u0111\u1ea1i, ti\u00ean phong trong nghi\u00ean c\u1ee9u, thi\u1ebft k\u1ebf v\u00e0 s\u1ea3n xu\u1ea5t. Chuy\u00ean m\u00f4n c\u1ee7a ch\u00fang t\u00f4i bao g\u1ed3m \u0111a d\u1ea1ng c\u00e1c lo\u1ea1i xi lanh th\u1ee7y l\u1ef1c, ch\u1eb3ng h\u1ea1n nh\u01b0 xi lanh t\u00e1c \u0111\u1ed9ng k\u00e9p, xi lanh n\u00e2ng \u00f4 t\u00f4, xi lanh m\u00e1y m\u00f3c n\u00f4ng nghi\u1ec7p, v\u00e0 c\u00e1c gi\u1ea3i ph\u00e1p thi\u1ebft k\u1ebf ri\u00eang cho nhi\u1ec1u \u1ee9ng d\u1ee5ng c\u00f4ng nghi\u1ec7p kh\u00e1c nhau. \u0110\u01b0\u1ee3c thi\u1ebft k\u1ebf \u0111\u1ec3 ho\u1ea1t \u0111\u1ed9ng trong nh\u1eefng \u0111i\u1ec1u ki\u1ec7n kh\u1eafc nghi\u1ec7t nh\u1ea5t, xi lanh th\u1ee7y l\u1ef1c c\u1ee7a ch\u00fang t\u00f4i \u0111\u1ea3m b\u1ea3o an to\u00e0n, hi\u1ec7u qu\u1ea3 v\u00e0 tu\u1ed5i th\u1ecd cao trong nhi\u1ec1u l\u0129nh v\u1ef1c nh\u01b0 x\u00e2y d\u1ef1ng, l\u1eafp \u0111\u1eb7t c\u00f4ng nghi\u1ec7p, n\u00f4ng nghi\u1ec7p v\u00e0 m\u00e1y m\u00f3c h\u1ea1ng n\u1eb7ng.<\/p>\n<p>T\u1ea1i FMP, ch\u00fang t\u00f4i t\u1ef1 h\u00e0o s\u1edf h\u1eefu c\u01a1 s\u1edf s\u1ea3n xu\u1ea5t hi\u1ec7n \u0111\u1ea1i, \u0111\u01b0\u1ee3c trang b\u1ecb m\u00e1y m\u00f3c ch\u00ednh x\u00e1c v\u00e0 h\u1ec7 th\u1ed1ng ki\u1ec3m tra ti\u00ean ti\u1ebfn. Quy tr\u00ecnh s\u1ea3n xu\u1ea5t c\u1ee7a ch\u00fang t\u00f4i tu\u00e2n th\u1ee7 nghi\u00eam ng\u1eb7t c\u00e1c ti\u00eau chu\u1ea9n qu\u1ed1c gia v\u00e0 qu\u1ed1c t\u1ebf, \u0111\u1ea3m b\u1ea3o m\u1ed7i xi lanh th\u1ee7y l\u1ef1c xu\u1ea5t x\u01b0\u1edfng \u0111\u1ec1u \u0111\u1ea1t ti\u00eau chu\u1ea9n ch\u1ea5t l\u01b0\u1ee3ng v\u00e0 \u0111\u1ed9 tin c\u1eady cao nh\u1ea5t. \u0110\u1ed9i ng\u0169 k\u1ef9 thu\u1eadt l\u00e0nh ngh\u1ec1, k\u1ebft h\u1ee3p v\u1edbi thi\u1ebft b\u1ecb ti\u00ean ti\u1ebfn, cho ph\u00e9p ch\u00fang t\u00f4i duy tr\u00ec quy tr\u00ecnh ki\u1ec3m so\u00e1t ch\u1ea5t l\u01b0\u1ee3ng nghi\u00eam ng\u1eb7t \u1edf m\u1ecdi giai \u0111o\u1ea1n s\u1ea3n xu\u1ea5t, t\u1eeb kh\u00e2u l\u1ef1a ch\u1ecdn nguy\u00ean li\u1ec7u th\u00f4 \u0111\u1ebfn kh\u00e2u ki\u1ec3m tra cu\u1ed1i c\u00f9ng. Cam k\u1ebft v\u1ec1 s\u1ef1 xu\u1ea5t s\u1eafc n\u00e0y \u0111\u00e3 mang l\u1ea1i cho ch\u00fang t\u00f4i c\u00e1c ch\u1ee9ng nh\u1eadn v\u00e0 gi\u1ea3i th\u01b0\u1edfng t\u1eeb c\u00e1c c\u01a1 quan qu\u1ea3n l\u00fd trong ng\u00e0nh, c\u1ee7ng c\u1ed1 danh ti\u1ebfng l\u00e0 m\u1ed9t \u0111\u1ed1i t\u00e1c \u0111\u00e1ng tin c\u1eady.<\/p>\n<p><img loading=\"lazy\" decoding=\"async\" class=\"alignnone size-full wp-image-6720\" src=\"https:\/\/fmp-components.com\/wp-content\/uploads\/2025\/03\/hydraulic-cylinder-8.webp\" alt=\"Xi lanh th\u1ee7y l\u1ef1c d\u1ea1ng \u1ed1ng l\u1ed3ng\" width=\"933\" height=\"526\" title=\"\" srcset=\"https:\/\/fmp-components.com\/wp-content\/uploads\/2025\/03\/hydraulic-cylinder-8.webp 933w, https:\/\/fmp-components.com\/wp-content\/uploads\/2025\/03\/hydraulic-cylinder-8-480x271.webp 480w\" sizes=\"(min-width: 0px) and (max-width: 480px) 480px, (min-width: 481px) 933px, 100vw\" \/><\/p>\n<p>S\u1ee9 m\u1ec7nh c\u1ee7a ch\u00fang t\u00f4i v\u1eeba \u0111\u01a1n gi\u1ea3n v\u1eeba \u0111\u1ea7y tham v\u1ecdng: cung c\u1ea5p xi lanh th\u1ee7y l\u1ef1c v\u01b0\u1ee3t xa mong \u0111\u1ee3i v\u1ec1 hi\u1ec7u su\u1ea5t, \u0111\u1ed9 b\u1ec1n v\u00e0 gi\u00e1 tr\u1ecb. \u0110\u01b0\u1ee3c d\u1eabn d\u1eaft b\u1edfi c\u00e1c nguy\u00ean t\u1eafc chuy\u00ean nghi\u1ec7p, ch\u00ednh tr\u1ef1c v\u00e0 l\u1ea5y kh\u00e1ch h\u00e0ng l\u00e0m tr\u1ecdng t\u00e2m, ch\u00fang t\u00f4i nu\u00f4i d\u01b0\u1ee1ng v\u0103n h\u00f3a \u0111\u1ed5i m\u1edbi v\u00e0 ch\u00ednh x\u00e1c, li\u00ean t\u1ee5c c\u1ea3i ti\u1ebfn s\u1ea3n ph\u1ea9m \u0111\u1ec3 lu\u00f4n d\u1eabn \u0111\u1ea7u trong th\u1ecb tr\u01b0\u1eddng c\u1ea1nh tranh. V\u1edbi danh m\u1ee5c s\u1ea3n ph\u1ea9m to\u00e0n di\u1ec7n v\u00e0 kh\u1ea3 n\u0103ng cung c\u1ea5p c\u00e1c gi\u1ea3i ph\u00e1p ph\u00f9 h\u1ee3p, ch\u00fang t\u00f4i l\u00e0 l\u1ef1a ch\u1ecdn \u01b0u ti\u00ean cho c\u00e1c doanh nghi\u1ec7p \u0111ang t\u00ecm ki\u1ebfm xi lanh th\u1ee7y l\u1ef1c hi\u1ec7u su\u1ea5t cao.<\/p>\n<p>FMP kh\u00f4ng ch\u1ec9 l\u00e0 m\u1ed9t nh\u00e0 s\u1ea3n xu\u1ea5t; ch\u00fang t\u00f4i c\u00f2n l\u00e0 \u0111\u1ed1i t\u00e1c \u0111\u1ed3ng h\u00e0nh c\u00f9ng th\u00e0nh c\u00f4ng c\u1ee7a b\u1ea1n. Ch\u00fang t\u00f4i hi\u1ec3u r\u1eb1ng kh\u00e1ch h\u00e0ng tin t\u01b0\u1edfng v\u00e0o ch\u00fang t\u00f4i \u0111\u1ec3 cung c\u1ea5p c\u00e1c c\u00f4ng c\u1ee5 gi\u00fap n\u00e2ng cao n\u0103ng su\u1ea5t v\u00e0 an to\u00e0n. V\u00ec v\u1eady, ch\u00fang t\u00f4i cam k\u1ebft kh\u00f4ng ch\u1ec9 cung c\u1ea5p c\u00e1c s\u1ea3n ph\u1ea9m h\u00e0ng \u0111\u1ea7u m\u00e0 c\u00f2n c\u1ea3 d\u1ecbch v\u1ee5 xu\u1ea5t s\u1eafc. T\u1eeb kh\u00e2u t\u01b0 v\u1ea5n ban \u0111\u1ea7u \u0111\u1ebfn h\u1ed7 tr\u1ee3 sau b\u00e1n h\u00e0ng, ch\u00fang t\u00f4i h\u1ee3p t\u00e1c ch\u1eb7t ch\u1ebd v\u1edbi kh\u00e1ch h\u00e0ng \u0111\u1ec3 \u0111\u1ea3m b\u1ea3o nhu c\u1ea7u c\u1ee7a h\u1ecd \u0111\u01b0\u1ee3c \u0111\u00e1p \u1ee9ng m\u1ed9t c\u00e1ch chuy\u00ean nghi\u1ec7p v\u00e0 t\u1eadn t\u00e2m. Gi\u00e1 c\u1ea3 c\u1ea1nh tranh, c\u00f9ng v\u1edbi cam k\u1ebft ch\u1ea5t l\u01b0\u1ee3ng b\u1ec1n v\u1eefng, FMP l\u00e0 l\u1ef1a ch\u1ecdn th\u00f4ng minh cho c\u00e1c c\u00f4ng ty \u0111ang t\u00ecm ki\u1ebfm gi\u1ea3i ph\u00e1p th\u1ee7y l\u1ef1c \u0111\u00e1ng tin c\u1eady.<\/p>","protected":false},"excerpt":{"rendered":"<p>Factory Price Multi Stage Flatbed Tow Truck Hydraulic Cylinder Introducing the FMP multi-stage flatbed tow truck hydraulic cylinder, a top-grade product designed to work efficiently in various industries such as machinery repair shops, farms, energy &amp; mining, machinery manufacturing, and machinery factories. This hydraulic cylinder boasts superior performance, unbeatable power, and exceptional durability. Product Features [&hellip;]<\/p>","protected":false},"featured_media":6746,"comment_status":"closed","ping_status":"closed","template":"","meta":{"_et_pb_use_builder":"","_et_pb_old_content":"","_et_gb_content_width":""},"product_brand":[],"product_cat":[103],"product_tag":[34,105],"class_list":{"0":"post-6551","1":"product","2":"type-product","3":"status-publish","4":"has-post-thumbnail","6":"product_cat-telescopic-hydraulic-cylinders","7":"product_tag-hydraulic-cylinder","8":"product_tag-telescopic-hydraulic-cylinders","10":"first","11":"instock","12":"product-type-simple"},"_links":{"self":[{"href":"https:\/\/fmp-components.com\/vi\/wp-json\/wp\/v2\/product\/6551","targetHints":{"allow":["GET"]}}],"collection":[{"href":"https:\/\/fmp-components.com\/vi\/wp-json\/wp\/v2\/product"}],"about":[{"href":"https:\/\/fmp-components.com\/vi\/wp-json\/wp\/v2\/types\/product"}],"replies":[{"embeddable":true,"href":"https:\/\/fmp-components.com\/vi\/wp-json\/wp\/v2\/comments?post=6551"}],"wp:featuredmedia":[{"embeddable":true,"href":"https:\/\/fmp-components.com\/vi\/wp-json\/wp\/v2\/media\/6746"}],"wp:attachment":[{"href":"https:\/\/fmp-components.com\/vi\/wp-json\/wp\/v2\/media?parent=6551"}],"wp:term":[{"taxonomy":"product_brand","embeddable":true,"href":"https:\/\/fmp-components.com\/vi\/wp-json\/wp\/v2\/product_brand?post=6551"},{"taxonomy":"product_cat","embeddable":true,"href":"https:\/\/fmp-components.com\/vi\/wp-json\/wp\/v2\/product_cat?post=6551"},{"taxonomy":"product_tag","embeddable":true,"href":"https:\/\/fmp-components.com\/vi\/wp-json\/wp\/v2\/product_tag?post=6551"}],"curies":[{"name":"wp","href":"https:\/\/api.w.org\/{rel}","templated":true}]}}