{"id":6545,"date":"2025-03-11T06:28:19","date_gmt":"2025-03-11T06:28:19","guid":{"rendered":"https:\/\/fmp-components.com\/product\/chinese-factory-dump-truck-hydraulic-cylinders-multistage-hydraulic-cylinder-for-sale"},"modified":"2025-03-18T02:11:48","modified_gmt":"2025-03-18T02:11:48","slug":"italian-factory-dump-truck-hydraulic-cylinders-multistage-hydraulic-cylinder-for-sale","status":"publish","type":"product","link":"https:\/\/fmp-components.com\/vi\/product\/italian-factory-dump-truck-hydraulic-cylinders-multistage-hydraulic-cylinder-for-sale\/","title":{"rendered":"Nh\u00e0 m\u00e1y \u00dd Xi lanh th\u1ee7y l\u1ef1c xe t\u1ea3i ben Xi lanh th\u1ee7y l\u1ef1c \u0111a t\u1ea7ng \u0111\u1ec3 b\u00e1n"},"content":{"rendered":"<h2>Nh\u00e0 m\u00e1y \u00dd Xi lanh th\u1ee7y l\u1ef1c xe t\u1ea3i ben Xi lanh th\u1ee7y l\u1ef1c \u0111a t\u1ea7ng \u0111\u1ec3 b\u00e1n<\/h2>\n<p>Ch\u00fang t\u00f4i xin gi\u1edbi thi\u1ec7u \u0111\u1ebfn b\u1ea1n s\u1ea3n ph\u1ea9m Xi lanh th\u1ee7y l\u1ef1c \u0111a c\u1ea5p h\u00e0ng \u0111\u1ea7u c\u1ee7a \u00dd d\u00e0nh cho xe ben. \u0110\u01b0\u1ee3c thi\u1ebft k\u1ebf chuy\u00ean nghi\u1ec7p v\u00e0 \u0111a n\u0103ng, xi lanh th\u1ee7y l\u1ef1c c\u1ee7a ch\u00fang t\u00f4i \u0111\u01b0\u1ee3c thi\u1ebft k\u1ebf \u0111\u1ec3 \u0111\u00e1p \u1ee9ng nhu c\u1ea7u v\u1eadn h\u00e0nh n\u1eb7ng nh\u1ecdc c\u1ee7a nhi\u1ec1u ng\u00e0nh c\u00f4ng nghi\u1ec7p kh\u00e1c nhau.<\/p>\n<h3>T\u00ednh n\u0103ng v\u00e0 ch\u1ee9c n\u0103ng<\/h3>\n<p>Xi lanh th\u1ee7y l\u1ef1c \u0111a t\u1ea7ng c\u1ee7a ch\u00fang t\u00f4i \u0111\u00f3ng vai tr\u00f2 kh\u00f4ng th\u1ec3 thi\u1ebfu trong c\u00e1c x\u01b0\u1edfng s\u1eeda ch\u1eefa m\u00e1y m\u00f3c, trang tr\u1ea1i, ng\u00e0nh n\u0103ng l\u01b0\u1ee3ng &amp; khai th\u00e1c m\u1ecf, s\u1ea3n xu\u1ea5t m\u00e1y m\u00f3c v\u00e0 nh\u00e0 m\u00e1y c\u01a1 kh\u00ed. \u0110\u00e2y l\u00e0 xi lanh p\u00edt t\u00f4ng ti\u00eau chu\u1ea9n \u0111\u01b0\u1ee3c v\u1eadn h\u00e0nh b\u1eb1ng th\u1ee7y l\u1ef1c, \u0111\u1ea3m b\u1ea3o ho\u1ea1t \u0111\u1ed9ng tr\u01a1n tru v\u00e0 hi\u1ec7u qu\u1ea3.<\/p>\n<p><img loading=\"lazy\" decoding=\"async\" class=\"alignnone wp-image-6658\" src=\"https:\/\/fmp-components.com\/wp-content\/uploads\/2025\/03\/telescopic-hydraulic-cylinder-6.webp\" alt=\"xi lanh th\u1ee7y l\u1ef1c d\u1ea1ng \u1ed1ng l\u1ed3ng\" width=\"929\" height=\"929\" title=\"\" srcset=\"https:\/\/fmp-components.com\/wp-content\/uploads\/2025\/03\/telescopic-hydraulic-cylinder-6.webp 929w, https:\/\/fmp-components.com\/wp-content\/uploads\/2025\/03\/telescopic-hydraulic-cylinder-6-480x480.webp 480w\" sizes=\"(min-width: 0px) and (max-width: 480px) 480px, (min-width: 481px) 929px, 100vw\" \/><\/p>\n<h3>Th\u00f4ng s\u1ed1 k\u1ef9 thu\u1eadt<\/h3>\n<p>Xi lanh th\u1ee7y l\u1ef1c c\u1ee7a ch\u00fang t\u00f4i t\u1ef1 h\u00e0o c\u00f3 nh\u1eefng t\u00ednh n\u0103ng sau:<\/p>\n<table style=\"width: 101.731%; height: 112px;\" border=\"\">\n<tbody>\n<tr>\n<td colspan=\"\" rowspan=\"\"><i>K\u00edch th\u01b0\u1edbc l\u1ed7 khoan<\/i><\/td>\n<td colspan=\"\" rowspan=\"\">2-6 inch<\/td>\n<\/tr>\n<tr>\n<td colspan=\"\" rowspan=\"\"><i>K\u00edch th\u01b0\u1edbc thanh<\/i><\/td>\n<td colspan=\"\" rowspan=\"\">1,125-4 inch<\/td>\n<\/tr>\n<tr>\n<td colspan=\"\" rowspan=\"\"><i>K\u00edch th\u01b0\u1edbc n\u00e9t v\u1ebd<\/i><\/td>\n<td colspan=\"\" rowspan=\"\">4-100 inch<\/td>\n<\/tr>\n<tr>\n<td colspan=\"\" rowspan=\"\"><i>K\u00edch th\u01b0\u1edbc ch\u00e2n c\u1eafm<\/i><\/td>\n<td colspan=\"\" rowspan=\"\">0,5-2 inch<\/td>\n<\/tr>\n<tr>\n<td colspan=\"\" rowspan=\"\"><i>C\u1ed5ng<\/i><\/td>\n<td colspan=\"\" rowspan=\"\">G\/SAE\/NPT\/M<\/td>\n<\/tr>\n<\/tbody>\n<\/table>\n<h2>\u01afu \u0111i\u1ec3m \u0111\u1ed9c \u0111\u00e1o<\/h2>\n<h3>Ti\u1ebft ki\u1ec7m n\u0103ng l\u01b0\u1ee3ng<\/h3>\n<p>Xi lanh th\u1ee7y l\u1ef1c c\u1ee7a ch\u00fang t\u00f4i \u0111\u01b0\u1ee3c thi\u1ebft k\u1ebf v\u1edbi m\u1ee5c ti\u00eau ti\u1ebft ki\u1ec7m n\u0103ng l\u01b0\u1ee3ng. Ch\u00fang t\u1ed1i \u0111a h\u00f3a vi\u1ec7c s\u1eed d\u1ee5ng ch\u1ea5t l\u1ecfng th\u1ee7y l\u1ef1c \u0111\u1ec3 t\u1ea1o ra l\u1ef1c \u0111\u00e1ng k\u1ec3 \u0111\u1ed3ng th\u1eddi gi\u1ea3m thi\u1ec3u m\u1ee9c ti\u00eau th\u1ee5 n\u0103ng l\u01b0\u1ee3ng. \u0110i\u1ec1u n\u00e0y kh\u00f4ng ch\u1ec9 gi\u00fap gi\u1ea3m chi ph\u00ed v\u1eadn h\u00e0nh m\u00e0 c\u00f2n g\u00f3p ph\u1ea7n b\u1ea3o v\u1ec7 m\u00f4i tr\u01b0\u1eddng b\u1ec1n v\u1eefng b\u1eb1ng c\u00e1ch gi\u1ea3m l\u01b0\u1ee3ng kh\u00ed th\u1ea3i carbon li\u00ean quan \u0111\u1ebfn ho\u1ea1t \u0111\u1ed9ng c\u00f4ng nghi\u1ec7p. B\u1eb1ng c\u00e1ch t\u1ed1i \u01b0u h\u00f3a vi\u1ec7c s\u1eed d\u1ee5ng n\u0103ng l\u01b0\u1ee3ng, xi lanh c\u1ee7a ch\u00fang t\u00f4i \u0111\u1ea3m b\u1ea3o c\u00e1c doanh nghi\u1ec7p c\u00f3 th\u1ec3 \u0111\u1ea1t \u0111\u01b0\u1ee3c m\u1ee5c ti\u00eau ho\u1ea1t \u0111\u1ed9ng m\u00e0 kh\u00f4ng g\u00e2y l\u00e3ng ph\u00ed kh\u00f4ng c\u1ea7n thi\u1ebft.<\/p>\n<h3>Hi\u1ec7u qu\u1ea3 cao<\/h3>\n<p>Ngo\u00e0i vi\u1ec7c ti\u1ebft ki\u1ec7m n\u0103ng l\u01b0\u1ee3ng, xi lanh th\u1ee7y l\u1ef1c c\u1ee7a ch\u00fang t\u00f4i c\u00f2n \u0111\u01b0\u1ee3c thi\u1ebft k\u1ebf \u0111\u1ec3 \u0111\u1ea1t hi\u1ec7u su\u1ea5t cao. Ch\u00fang th\u1ec3 hi\u1ec7n th\u1eddi gian ph\u1ea3n h\u1ed3i nhanh ch\u00f3ng v\u00e0 kh\u1ea3 n\u0103ng \u0111i\u1ec1u khi\u1ec3n ch\u00ednh x\u00e1c, cho ph\u00e9p v\u1eadn h\u00e0nh tr\u01a1n tru v\u00e0 hi\u1ec7u qu\u1ea3 tr\u00ean nhi\u1ec1u \u1ee9ng d\u1ee5ng kh\u00e1c nhau. Hi\u1ec7u qu\u1ea3 n\u00e0y \u0111\u1ed3ng ngh\u0129a v\u1edbi vi\u1ec7c n\u0103ng su\u1ea5t \u0111\u01b0\u1ee3c n\u00e2ng cao, nh\u1edd vi\u1ec7c ho\u00e0n th\u00e0nh nhi\u1ec7m v\u1ee5 nhanh h\u01a1n v\u00e0 ch\u00ednh x\u00e1c h\u01a1n. Xi lanh th\u1ee7y l\u1ef1c c\u1ee7a ch\u00fang t\u00f4i \u0111\u01b0\u1ee3c ch\u1ebf t\u1ea1o \u0111\u1ec3 x\u1eed l\u00fd c\u00e1c \u0111i\u1ec1u ki\u1ec7n kh\u1eafc nghi\u1ec7t, \u0111\u1ea3m b\u1ea3o ho\u1ea1t \u0111\u1ed9ng \u0111\u00e1ng tin c\u1eady ngay c\u1ea3 trong nh\u1eefng m\u00f4i tr\u01b0\u1eddng kh\u1eafc nghi\u1ec7t nh\u1ea5t.<\/p>\n<h3>An to\u00e0n v\u00e0 \u0111\u00e1ng tin c\u1eady<\/h3>\n<p>An to\u00e0n v\u00e0 \u0111\u1ed9 tin c\u1eady l\u00e0 y\u1ebfu t\u1ed1 t\u1ed1i quan tr\u1ecdng trong c\u00e1c \u1ee9ng d\u1ee5ng c\u00f4ng nghi\u1ec7p, v\u00e0 xi lanh th\u1ee7y l\u1ef1c c\u1ee7a ch\u00fang t\u00f4i \u0111\u01b0\u1ee3c thi\u1ebft k\u1ebf \u0111\u1ec3 \u0111\u00e1p \u1ee9ng c\u00e1c ti\u00eau chu\u1ea9n quan tr\u1ecdng n\u00e0y. Ch\u00fang \u0111\u01b0\u1ee3c ch\u1ebf t\u1ea1o b\u1eb1ng v\u1eadt li\u1ec7u ch\u1ea5t l\u01b0\u1ee3ng cao v\u00e0 k\u1ef9 thu\u1eadt ti\u00ean ti\u1ebfn, \u0111\u1ea3m b\u1ea3o \u0111\u1ed9 b\u1ec1n v\u00e0 tu\u1ed5i th\u1ecd. Ngo\u00e0i ra, m\u1ed7i xi lanh \u0111\u1ec1u tr\u1ea3i qua qu\u00e1 tr\u00ecnh ki\u1ec3m tra nghi\u00eam ng\u1eb7t \u0111\u1ec3 \u0111\u1ea3m b\u1ea3o c\u00f3 th\u1ec3 ch\u1ecbu \u0111\u01b0\u1ee3c \u00e1p su\u1ea5t cao v\u00e0 t\u1ea3i tr\u1ecdng n\u1eb7ng m\u00e0 kh\u00f4ng b\u1ecb h\u1ecfng. Cam k\u1ebft v\u1ec1 an to\u00e0n n\u00e0y \u0111\u1ed3ng ngh\u0129a v\u1edbi vi\u1ec7c kh\u00e1ch h\u00e0ng c\u1ee7a ch\u00fang t\u00f4i c\u00f3 th\u1ec3 v\u1eadn h\u00e0nh m\u00e1y m\u00f3c m\u1ed9t c\u00e1ch t\u1ef1 tin, tin t\u01b0\u1edfng r\u1eb1ng c\u00e1c gi\u1ea3i ph\u00e1p th\u1ee7y l\u1ef1c c\u1ee7a ch\u00fang t\u00f4i s\u1ebd ho\u1ea1t \u0111\u1ed9ng \u0111\u00e1ng tin c\u1eady.<\/p>\n<p><img loading=\"lazy\" decoding=\"async\" class=\"alignnone wp-image-6657\" src=\"https:\/\/fmp-components.com\/wp-content\/uploads\/2025\/03\/telescopic-hydraulic-cylinder-3.webp\" alt=\"xi lanh th\u1ee7y l\u1ef1c d\u1ea1ng \u1ed1ng l\u1ed3ng\" width=\"904\" height=\"904\" title=\"\" srcset=\"https:\/\/fmp-components.com\/wp-content\/uploads\/2025\/03\/telescopic-hydraulic-cylinder-3.webp 904w, https:\/\/fmp-components.com\/wp-content\/uploads\/2025\/03\/telescopic-hydraulic-cylinder-3-480x480.webp 480w\" sizes=\"(min-width: 0px) and (max-width: 480px) 480px, (min-width: 481px) 904px, 100vw\" \/><\/p>\n<h2>H\u1ec7 th\u1ed1ng th\u1ee7y l\u1ef1c v\u00e0 nguy\u00ean l\u00fd ho\u1ea1t \u0111\u1ed9ng<\/h2>\n<p>Xi lanh th\u1ee7y l\u1ef1c c\u1ee7a ch\u00fang t\u00f4i ho\u1ea1t \u0111\u1ed9ng d\u1ef1a tr\u00ean nguy\u00ean l\u00fd c\u1ee7a \u0111\u1ecbnh lu\u1eadt Pascal, kh\u1eb3ng \u0111\u1ecbnh r\u1eb1ng b\u1ea5t k\u1ef3 thay \u0111\u1ed5i \u00e1p su\u1ea5t n\u00e0o t\u1ea1i m\u1ed9t \u0111i\u1ec3m trong ch\u1ea5t l\u1ecfng kh\u00f4ng n\u00e9n \u0111\u01b0\u1ee3c b\u1ecb gi\u1edbi h\u1ea1n \u0111\u1ec1u \u0111\u01b0\u1ee3c truy\u1ec1n \u0111\u1ec1u kh\u1eafp ch\u1ea5t l\u1ecfng. Nguy\u00ean l\u00fd c\u01a1 b\u1ea3n n\u00e0y cho ph\u00e9p xi lanh th\u1ee7y l\u1ef1c t\u1ea1o ra chuy\u1ec3n \u0111\u1ed9ng tuy\u1ebfn t\u00ednh v\u00e0 l\u1ef1c m\u1ed9t c\u00e1ch hi\u1ec7u qu\u1ea3. Khi ch\u1ea5t l\u1ecfng th\u1ee7y l\u1ef1c \u0111\u01b0\u1ee3c n\u00e9n, n\u00f3 t\u1ea1o ra m\u1ed9t l\u1ef1c l\u00e0m d\u1ecbch chuy\u1ec3n piston b\u00ean trong xi lanh, chuy\u1ec3n \u0111\u1ed5i n\u0103ng l\u01b0\u1ee3ng th\u1ee7y l\u1ef1c th\u00e0nh chuy\u1ec3n \u0111\u1ed9ng c\u01a1 h\u1ecdc. S\u1ef1 chuy\u1ec3n \u0111\u1ed5i hi\u1ec7u qu\u1ea3 n\u00e0y cho ph\u00e9p th\u1ef1c hi\u1ec7n c\u00e1c thao t\u00e1c n\u00e2ng v\u00e0 \u0111\u1ea9y m\u1ea1nh m\u1ebd, gi\u00fap h\u1ec7 th\u1ed1ng th\u1ee7y l\u1ef1c \u0111\u01b0\u1ee3c \u1ee9ng d\u1ee5ng r\u1ed9ng r\u00e3i trong nhi\u1ec1u ng\u00e0nh c\u00f4ng nghi\u1ec7p kh\u00e1c nhau.<\/p>\n<h2>Xi lanh th\u1ee7y l\u1ef1c v\u00e0 b\u1ed9 ngu\u1ed3n<\/h2>\n<p>Xi lanh th\u1ee7y l\u1ef1c v\u00e0 b\u1ed9 ngu\u1ed3n l\u00e0 nh\u1eefng th\u00e0nh ph\u1ea7n kh\u00f4ng th\u1ec3 thi\u1ebfu c\u1ee7a b\u1ea5t k\u1ef3 h\u1ec7 th\u1ed1ng th\u1ee7y l\u1ef1c n\u00e0o. S\u1ef1 k\u1ebft h\u1ee3p c\u1ee7a ch\u00fang l\u00e0 y\u1ebfu t\u1ed1 thi\u1ebft y\u1ebfu cho vi\u1ec7c \u1ee9ng d\u1ee5ng r\u1ed9ng r\u00e3i c\u00f4ng ngh\u1ec7 th\u1ee7y l\u1ef1c trong to\u00e0n ng\u00e0nh c\u00f4ng nghi\u1ec7p, cung c\u1ea5p ngu\u1ed3n \u0111i\u1ec7n v\u00e0 h\u1ed7 tr\u1ee3 \u0111i\u1ec1u khi\u1ec3n \u0111\u00e1ng tin c\u1eady cho nhi\u1ec1u lo\u1ea1i thi\u1ebft b\u1ecb k\u1ef9 thu\u1eadt v\u00e0 c\u01a1 kh\u00ed.<\/p>\n<p>Xi lanh th\u1ee7y l\u1ef1c \u0111\u00f3ng vai tr\u00f2 l\u00e0 b\u1ed9 truy\u1ec1n \u0111\u1ed9ng, ch\u1ecbu tr\u00e1ch nhi\u1ec7m chuy\u1ec3n \u0111\u1ed5i n\u0103ng l\u01b0\u1ee3ng th\u1ee7y l\u1ef1c th\u00e0nh chuy\u1ec3n \u0111\u1ed9ng c\u01a1 h\u1ecdc. N\u00f3 \u0111\u01b0\u1ee3c thi\u1ebft k\u1ebf \u0111\u1ec3 x\u1eed l\u00fd nhi\u1ec1u nhi\u1ec7m v\u1ee5 kh\u00e1c nhau, t\u1eeb n\u00e2ng v\u1eadt n\u1eb7ng \u0111\u1ebfn c\u00e1c chuy\u1ec3n \u0111\u1ed9ng ch\u00ednh x\u00e1c trong m\u00e1y m\u00f3c. M\u1eb7t kh\u00e1c, b\u1ed9 ngu\u1ed3n \u0111\u00f3ng vai tr\u00f2 l\u00e0 tr\u00e1i tim c\u1ee7a h\u1ec7 th\u1ed1ng th\u1ee7y l\u1ef1c, t\u1ea1o ra n\u0103ng l\u01b0\u1ee3ng c\u1ea7n thi\u1ebft \u0111\u1ec3 d\u1eabn \u0111\u1ed9ng ch\u1ea5t l\u1ecfng th\u1ee7y l\u1ef1c v\u00e0 \u0111\u1ea3m b\u1ea3o h\u1ec7 th\u1ed1ng ho\u1ea1t \u0111\u1ed9ng hi\u1ec7u qu\u1ea3.<\/p>\n<p>T\u1ea1i FMP, ch\u00fang t\u00f4i nh\u1eadn th\u1ee9c \u0111\u01b0\u1ee3c t\u1ea7m quan tr\u1ecdng c\u1ee7a nh\u1eefng th\u00e0nh ph\u1ea7n n\u00e0y v\u00e0 t\u1ef1 h\u00e0o cung c\u1ea5p c\u00e1c b\u1ed9 ngu\u1ed3n ch\u1ea5t l\u01b0\u1ee3ng cao. B\u1eb1ng c\u00e1ch cung c\u1ea5p c\u1ea3 xi lanh th\u1ee7y l\u1ef1c v\u00e0 b\u1ed9 ngu\u1ed3n, ch\u00fang t\u00f4i gi\u00fap kh\u00e1ch h\u00e0ng t\u1ea1o ra c\u00e1c h\u1ec7 th\u1ed1ng th\u1ee7y l\u1ef1c t\u00edch h\u1ee3p ho\u00e0n ch\u1ec9nh, n\u00e2ng cao kh\u1ea3 n\u0103ng v\u1eadn h\u00e0nh. Ph\u01b0\u01a1ng ph\u00e1p ti\u1ebfp c\u1eadn to\u00e0n di\u1ec7n n\u00e0y cho ph\u00e9p c\u00e1c doanh nghi\u1ec7p t\u1eadn d\u1ee5ng l\u1ee3i \u00edch c\u1ee7a c\u00f4ng ngh\u1ec7 th\u1ee7y l\u1ef1c, \u0111\u1ea3m b\u1ea3o hi\u1ec7u qu\u1ea3, an to\u00e0n v\u00e0 hi\u1ec7u su\u1ea5t trong ho\u1ea1t \u0111\u1ed9ng.<\/p>\n<p><img loading=\"lazy\" decoding=\"async\" class=\"alignnone wp-image-6656\" src=\"https:\/\/fmp-components.com\/wp-content\/uploads\/2025\/03\/telescopic-hydraulic-cylinder-5.webp\" alt=\"xi lanh th\u1ee7y l\u1ef1c d\u1ea1ng \u1ed1ng l\u1ed3ng\" width=\"895\" height=\"895\" title=\"\" srcset=\"https:\/\/fmp-components.com\/wp-content\/uploads\/2025\/03\/telescopic-hydraulic-cylinder-5.webp 895w, https:\/\/fmp-components.com\/wp-content\/uploads\/2025\/03\/telescopic-hydraulic-cylinder-5-480x480.webp 480w\" sizes=\"(min-width: 0px) and (max-width: 480px) 480px, (min-width: 481px) 895px, 100vw\" \/><\/p>\n<h2>Nh\u1eefng c\u00e2u h\u1ecfi th\u01b0\u1eddng g\u1eb7p<\/h2>\n<p>Q: B\u1ea1n l\u00e0 c\u00f4ng ty th\u01b0\u01a1ng m\u1ea1i hay nh\u00e0 s\u1ea3n xu\u1ea5t?<br \/>\nA: Ch\u00fang t\u00f4i l\u00e0 nh\u00e0 s\u1ea3n xu\u1ea5t.<br \/>\n<img alt=\"\" \/><br \/>\nQ: Th\u1eddi gian giao h\u00e0ng c\u1ee7a b\u1ea1n l\u00e0 bao l\u00e2u?<br \/>\nA: Th\u00f4ng th\u01b0\u1eddng l\u00e0 25-35 ng\u00e0y.<br \/>\nH: B\u1ea1n c\u00f3 cung c\u1ea5p m\u1eabu th\u1eed kh\u00f4ng? M\u1eabu mi\u1ec5n ph\u00ed hay t\u00ednh th\u00eam ph\u00ed?<br \/>\nA: C\u00f3, ch\u00fang t\u00f4i c\u00f3 cung c\u1ea5p m\u1eabu nh\u01b0ng kh\u00f4ng mi\u1ec5n ph\u00ed.<\/p>\n<h3>Gi\u1edbi thi\u1ec7u v\u1ec1 FMP<\/h3>\n<p>FMP l\u00e0 nh\u00e0 s\u1ea3n xu\u1ea5t h\u00e0ng \u0111\u1ea7u c\u1ee7a \u00dd, chuy\u00ean thi\u1ebft k\u1ebf, ph\u00e1t tri\u1ec3n v\u00e0 s\u1ea3n xu\u1ea5t xi lanh th\u1ee7y l\u1ef1c ch\u1ea5t l\u01b0\u1ee3ng cao. V\u1edbi di s\u1ea3n \u0111\u01b0\u1ee3c x\u00e2y d\u1ef1ng t\u1eeb nhi\u1ec1u th\u1eadp k\u1ef7 kinh nghi\u1ec7m, ch\u00fang t\u00f4i k\u1ebft h\u1ee3p nhu\u1ea7n nhuy\u1ec5n gi\u1eefa tay ngh\u1ec1 th\u1ee7 c\u00f4ng \u00dd v\u1edbi c\u00f4ng ngh\u1ec7 ti\u00ean ti\u1ebfn, mang \u0111\u1ebfn c\u00e1c gi\u1ea3i ph\u00e1p th\u1ee7y l\u1ef1c v\u01b0\u1ee3t tr\u1ed9i, \u0111\u00e1p \u1ee9ng nhu c\u1ea7u \u0111a d\u1ea1ng c\u1ee7a kh\u00e1ch h\u00e0ng to\u00e0n c\u1ea7u. T\u1ecda l\u1ea1c t\u1ea1i \u00dd - trung t\u00e2m c\u1ee7a s\u1ef1 xu\u1ea5t s\u1eafc v\u1ec1 k\u1ef9 thu\u1eadt - FMP \u0111\u00e3 kh\u1eb3ng \u0111\u1ecbnh v\u1ecb th\u1ebf l\u00e0 m\u1ed9t th\u01b0\u01a1ng hi\u1ec7u uy t\u00edn trong ng\u00e0nh th\u1ee7y l\u1ef1c, t\u1eadn t\u00e2m cung c\u1ea5p c\u00e1c s\u1ea3n ph\u1ea9m \u0111\u00e1ng tin c\u1eady, b\u1ec1n b\u1ec9 v\u00e0 s\u00e1ng t\u1ea1o, h\u1ed7 tr\u1ee3 c\u00e1c doanh nghi\u1ec7p tr\u00ean to\u00e0n th\u1ebf gi\u1edbi.<\/p>\n<p>C\u00f4ng ty ch\u00fang t\u00f4i k\u1ebft h\u1ee3p truy\u1ec1n th\u1ed1ng s\u1ea3n xu\u1ea5t ti\u00ean ti\u1ebfn v\u1edbi ph\u01b0\u01a1ng ph\u00e1p ti\u1ebfp c\u1eadn h\u01b0\u1edbng \u0111\u1ebfn t\u01b0\u01a1ng lai. T\u1eadn d\u1ee5ng kinh nghi\u1ec7m d\u00e0y d\u1eb7n trong l\u0129nh v\u1ef1c h\u1ec7 th\u1ed1ng th\u1ee7y l\u1ef1c, FMP \u0111\u00e3 chuy\u1ec3n m\u00ecnh th\u00e0nh m\u1ed9t doanh nghi\u1ec7p hi\u1ec7n \u0111\u1ea1i, ti\u00ean ti\u1ebfn trong nghi\u00ean c\u1ee9u, thi\u1ebft k\u1ebf v\u00e0 s\u1ea3n xu\u1ea5t. Ch\u00fang t\u00f4i cung c\u1ea5p \u0111a d\u1ea1ng c\u00e1c lo\u1ea1i xi lanh th\u1ee7y l\u1ef1c, bao g\u1ed3m xi lanh t\u00e1c \u0111\u1ed9ng k\u00e9p, xi lanh n\u00e2ng h\u1ea1 \u00f4 t\u00f4, xi lanh m\u00e1y m\u00f3c n\u00f4ng nghi\u1ec7p v\u00e0 c\u00e1c gi\u1ea3i ph\u00e1p thi\u1ebft k\u1ebf ri\u00eang cho nhi\u1ec1u \u1ee9ng d\u1ee5ng c\u00f4ng nghi\u1ec7p kh\u00e1c nhau. D\u00f9 l\u00e0 l\u0129nh v\u1ef1c n\u00e0o - x\u00e2y d\u1ef1ng, l\u1eafp \u0111\u1eb7t c\u00f4ng nghi\u1ec7p, n\u00f4ng nghi\u1ec7p hay m\u00e1y m\u00f3c h\u1ea1ng n\u1eb7ng - xi lanh th\u1ee7y l\u1ef1c c\u1ee7a ch\u00fang t\u00f4i \u0111\u1ec1u \u0111\u01b0\u1ee3c thi\u1ebft k\u1ebf \u0111\u1ec3 ho\u1ea1t \u0111\u1ed9ng trong nh\u1eefng \u0111i\u1ec1u ki\u1ec7n kh\u1eafc nghi\u1ec7t nh\u1ea5t, \u0111\u1ea3m b\u1ea3o an to\u00e0n, hi\u1ec7u qu\u1ea3 v\u00e0 tu\u1ed5i th\u1ecd cao.<\/p>\n<p><img loading=\"lazy\" decoding=\"async\" class=\"alignnone size-full wp-image-6720\" src=\"https:\/\/fmp-components.com\/wp-content\/uploads\/2025\/03\/hydraulic-cylinder-8.webp\" alt=\"Xi lanh th\u1ee7y l\u1ef1c d\u1ea1ng \u1ed1ng l\u1ed3ng\" width=\"933\" height=\"526\" title=\"\" srcset=\"https:\/\/fmp-components.com\/wp-content\/uploads\/2025\/03\/hydraulic-cylinder-8.webp 933w, https:\/\/fmp-components.com\/wp-content\/uploads\/2025\/03\/hydraulic-cylinder-8-480x271.webp 480w\" sizes=\"(min-width: 0px) and (max-width: 480px) 480px, (min-width: 481px) 933px, 100vw\" \/><\/p>\n<p>T\u1ea1i FMP, ch\u00fang t\u00f4i t\u1ef1 h\u00e0o s\u1edf h\u1eefu c\u01a1 s\u1edf s\u1ea3n xu\u1ea5t hi\u1ec7n \u0111\u1ea1i, \u0111\u01b0\u1ee3c trang b\u1ecb m\u00e1y m\u00f3c ch\u00ednh x\u00e1c v\u00e0 h\u1ec7 th\u1ed1ng ki\u1ec3m tra ti\u00ean ti\u1ebfn. Quy tr\u00ecnh s\u1ea3n xu\u1ea5t c\u1ee7a ch\u00fang t\u00f4i \u0111\u00e1p \u1ee9ng c\u00e1c ti\u00eau chu\u1ea9n qu\u1ed1c gia v\u00e0 qu\u1ed1c t\u1ebf nghi\u00eam ng\u1eb7t, \u0111\u1ea3m b\u1ea3o m\u1ed7i xi lanh th\u1ee7y l\u1ef1c \u0111\u01b0\u1ee3c s\u1ea3n xu\u1ea5t \u0111\u1ec1u \u0111\u1ea1t ch\u1ea5t l\u01b0\u1ee3ng v\u00e0 \u0111\u1ed9 tin c\u1eady cao nh\u1ea5t. \u0110\u1ed9i ng\u0169 k\u1ef9 thu\u1eadt l\u00e0nh ngh\u1ec1, k\u1ebft h\u1ee3p v\u1edbi thi\u1ebft b\u1ecb ti\u00ean ti\u1ebfn, cho ph\u00e9p ch\u00fang t\u00f4i duy tr\u00ec quy tr\u00ecnh ki\u1ec3m so\u00e1t ch\u1ea5t l\u01b0\u1ee3ng nghi\u00eam ng\u1eb7t \u1edf m\u1ecdi giai \u0111o\u1ea1n s\u1ea3n xu\u1ea5t\u2014t\u1eeb kh\u00e2u l\u1ef1a ch\u1ecdn nguy\u00ean li\u1ec7u th\u00f4 \u0111\u1ebfn kh\u00e2u ki\u1ec3m tra cu\u1ed1i c\u00f9ng. Cam k\u1ebft v\u1ec1 s\u1ef1 xu\u1ea5t s\u1eafc n\u00e0y \u0111\u00e3 mang l\u1ea1i cho ch\u00fang t\u00f4i c\u00e1c ch\u1ee9ng nh\u1eadn v\u00e0 s\u1ef1 c\u00f4ng nh\u1eadn t\u1eeb c\u00e1c c\u01a1 quan qu\u1ea3n l\u00fd trong ng\u00e0nh, g\u00f3p ph\u1ea7n c\u1ee7ng c\u1ed1 danh ti\u1ebfng c\u1ee7a ch\u00fang t\u00f4i nh\u01b0 m\u1ed9t \u0111\u1ed1i t\u00e1c \u0111\u00e1ng tin c\u1eady.<\/p>\n<p>S\u1ee9 m\u1ec7nh c\u1ee7a ch\u00fang t\u00f4i v\u1eeba th\u1eb3ng th\u1eafn v\u1eeba \u0111\u1ea7y tham v\u1ecdng: cung c\u1ea5p cho kh\u00e1ch h\u00e0ng nh\u1eefng xi lanh th\u1ee7y l\u1ef1c v\u01b0\u1ee3t xa mong \u0111\u1ee3i v\u1ec1 hi\u1ec7u su\u1ea5t, \u0111\u1ed9 b\u1ec1n v\u00e0 gi\u00e1 tr\u1ecb. Ch\u00fang t\u00f4i ho\u1ea1t \u0111\u1ed9ng theo c\u00e1c nguy\u00ean t\u1eafc c\u1ed1t l\u00f5i: chuy\u00ean nghi\u1ec7p, ch\u00ednh tr\u1ef1c v\u00e0 l\u1ea5y kh\u00e1ch h\u00e0ng l\u00e0m tr\u1ecdng t\u00e2m. B\u1eb1ng c\u00e1ch nu\u00f4i d\u01b0\u1ee1ng v\u0103n h\u00f3a \u0111\u1ed5i m\u1edbi v\u00e0 ch\u00ednh x\u00e1c, ch\u00fang t\u00f4i li\u00ean t\u1ee5c c\u1ea3i ti\u1ebfn s\u1ea3n ph\u1ea9m \u0111\u1ec3 lu\u00f4n d\u1eabn \u0111\u1ea7u trong th\u1ecb tr\u01b0\u1eddng c\u1ea1nh tranh. Danh m\u1ee5c s\u1ea3n ph\u1ea9m to\u00e0n di\u1ec7n v\u00e0 kh\u1ea3 n\u0103ng cung c\u1ea5p c\u00e1c gi\u1ea3i ph\u00e1p ph\u00f9 h\u1ee3p gi\u00fap ch\u00fang t\u00f4i tr\u1edf th\u00e0nh l\u1ef1a ch\u1ecdn \u01b0u ti\u00ean cho c\u00e1c doanh nghi\u1ec7p \u0111ang t\u00ecm ki\u1ebfm xi lanh th\u1ee7y l\u1ef1c hi\u1ec7u su\u1ea5t cao.<\/p>\n<p>FMP kh\u00f4ng ch\u1ec9 l\u00e0 m\u1ed9t nh\u00e0 s\u1ea3n xu\u1ea5t; ch\u00fang t\u00f4i c\u00f2n l\u00e0 \u0111\u1ed1i t\u00e1c \u0111\u1ed3ng h\u00e0nh c\u00f9ng th\u00e0nh c\u00f4ng c\u1ee7a b\u1ea1n. Ch\u00fang t\u00f4i hi\u1ec3u r\u1eb1ng kh\u00e1ch h\u00e0ng tin t\u01b0\u1edfng v\u00e0o ch\u00fang t\u00f4i \u0111\u1ec3 cung c\u1ea5p c\u00e1c c\u00f4ng c\u1ee5 n\u00e2ng cao n\u0103ng su\u1ea5t v\u00e0 an to\u00e0n. \u0110\u00f3 l\u00e0 l\u00fd do t\u1ea1i sao ch\u00fang t\u00f4i cam k\u1ebft kh\u00f4ng ch\u1ec9 cung c\u1ea5p c\u00e1c s\u1ea3n ph\u1ea9m h\u00e0ng \u0111\u1ea7u m\u00e0 c\u00f2n mang \u0111\u1ebfn d\u1ecbch v\u1ee5 xu\u1ea5t s\u1eafc. T\u1eeb kh\u00e2u t\u01b0 v\u1ea5n ban \u0111\u1ea7u \u0111\u1ebfn h\u1ed7 tr\u1ee3 sau b\u00e1n h\u00e0ng, ch\u00fang t\u00f4i h\u1ee3p t\u00e1c ch\u1eb7t ch\u1ebd v\u1edbi kh\u00e1ch h\u00e0ng \u0111\u1ec3 \u0111\u1ea3m b\u1ea3o nhu c\u1ea7u c\u1ee7a h\u1ecd \u0111\u01b0\u1ee3c \u0111\u00e1p \u1ee9ng m\u1ed9t c\u00e1ch chuy\u00ean nghi\u1ec7p v\u00e0 t\u1eadn t\u00e2m. Gi\u00e1 c\u1ea3 c\u1ea1nh tranh, c\u00f9ng v\u1edbi cam k\u1ebft v\u1eefng ch\u1eafc v\u1ec1 ch\u1ea5t l\u01b0\u1ee3ng, khi\u1ebfn FMP tr\u1edf th\u00e0nh l\u1ef1a ch\u1ecdn th\u00f4ng minh cho c\u00e1c c\u00f4ng ty \u0111ang t\u00ecm ki\u1ebfm gi\u1ea3i ph\u00e1p th\u1ee7y l\u1ef1c \u0111\u00e1ng tin c\u1eady.<\/p>","protected":false},"excerpt":{"rendered":"<p>Italian Factory Dump Truck Hydraulic Cylinders Multistage Hydraulic Cylinder For Sale We present to you our top-of-the-line, Italian Factory Dump Truck Hydraulic Cylinders Multistage Hydraulic Cylinder. Expertly engineered and versatile, our hydraulic cylinder is designed to meet the heavy-duty demands of various industries. Features and Functions Our multistage hydraulic cylinder plays an indispensable role in [&hellip;]<\/p>","protected":false},"featured_media":6699,"comment_status":"closed","ping_status":"closed","template":"","meta":{"_et_pb_use_builder":"","_et_pb_old_content":"","_et_gb_content_width":""},"product_brand":[],"product_cat":[103],"product_tag":[34,105],"class_list":{"0":"post-6545","1":"product","2":"type-product","3":"status-publish","4":"has-post-thumbnail","6":"product_cat-telescopic-hydraulic-cylinders","7":"product_tag-hydraulic-cylinder","8":"product_tag-telescopic-hydraulic-cylinders","10":"first","11":"instock","12":"product-type-simple"},"_links":{"self":[{"href":"https:\/\/fmp-components.com\/vi\/wp-json\/wp\/v2\/product\/6545","targetHints":{"allow":["GET"]}}],"collection":[{"href":"https:\/\/fmp-components.com\/vi\/wp-json\/wp\/v2\/product"}],"about":[{"href":"https:\/\/fmp-components.com\/vi\/wp-json\/wp\/v2\/types\/product"}],"replies":[{"embeddable":true,"href":"https:\/\/fmp-components.com\/vi\/wp-json\/wp\/v2\/comments?post=6545"}],"wp:featuredmedia":[{"embeddable":true,"href":"https:\/\/fmp-components.com\/vi\/wp-json\/wp\/v2\/media\/6699"}],"wp:attachment":[{"href":"https:\/\/fmp-components.com\/vi\/wp-json\/wp\/v2\/media?parent=6545"}],"wp:term":[{"taxonomy":"product_brand","embeddable":true,"href":"https:\/\/fmp-components.com\/vi\/wp-json\/wp\/v2\/product_brand?post=6545"},{"taxonomy":"product_cat","embeddable":true,"href":"https:\/\/fmp-components.com\/vi\/wp-json\/wp\/v2\/product_cat?post=6545"},{"taxonomy":"product_tag","embeddable":true,"href":"https:\/\/fmp-components.com\/vi\/wp-json\/wp\/v2\/product_tag?post=6545"}],"curies":[{"name":"wp","href":"https:\/\/api.w.org\/{rel}","templated":true}]}}