{"id":6488,"date":"2025-03-11T06:25:30","date_gmt":"2025-03-11T06:25:30","guid":{"rendered":"https:\/\/fmp-components.com\/product\/factory-provide-2-stage-small-hydraulic-cylinder-multistage-hydraulic-cylinder"},"modified":"2025-03-18T01:08:44","modified_gmt":"2025-03-18T01:08:44","slug":"factory-provide-2-stage-small-hydraulic-cylinder-multistage-hydraulic-cylinder","status":"publish","type":"product","link":"https:\/\/fmp-components.com\/vi\/product\/factory-provide-2-stage-small-hydraulic-cylinder-multistage-hydraulic-cylinder\/","title":{"rendered":"Nh\u00e0 m\u00e1y cung c\u1ea5p Xi lanh th\u1ee7y l\u1ef1c nh\u1ecf 2 t\u1ea7ng Xi lanh th\u1ee7y l\u1ef1c \u0111a t\u1ea7ng"},"content":{"rendered":"<h2>Nh\u00e0 m\u00e1y cung c\u1ea5p Xi lanh th\u1ee7y l\u1ef1c nh\u1ecf 2 t\u1ea7ng Xi lanh th\u1ee7y l\u1ef1c \u0111a t\u1ea7ng<\/h2>\n<p>Xin gi\u1edbi thi\u1ec7u Xi lanh th\u1ee7y l\u1ef1c nh\u1ecf 2 t\u1ea7ng (Xi lanh th\u1ee7y l\u1ef1c \u0111a t\u1ea7ng) c\u1ee7a ch\u00fang t\u00f4i, m\u1ed9t s\u1ea3n ph\u1ea9m m\u1edbi ra m\u1eaft n\u0103m 2025 do FMP mang \u0111\u1ebfn. Thi\u1ebft b\u1ecb ti\u00ean ti\u1ebfn n\u00e0y, \u0111\u01b0\u1ee3c thi\u1ebft k\u1ebf v\u1edbi th\u00e2n b\u1eb1ng th\u00e9p ch\u1ea5t l\u01b0\u1ee3ng cao nh\u1ea5t, ph\u00f9 h\u1ee3p v\u1edbi nhi\u1ec1u ng\u00e0nh c\u00f4ng nghi\u1ec7p kh\u00e1c nhau, bao g\u1ed3m X\u01b0\u1edfng s\u1eeda ch\u1eefa m\u00e1y m\u00f3c, N\u00f4ng tr\u1ea1i, N\u0103ng l\u01b0\u1ee3ng &amp; Khai kho\u00e1ng, S\u1ea3n xu\u1ea5t m\u00e1y m\u00f3c v\u00e0 Nh\u00e0 m\u00e1y c\u01a1 kh\u00ed. L\u1ef1c \u0111\u1ea9y t\u1ed1i \u0111a l\u00ean \u0111\u1ebfn 3000 v\u00e0 l\u1ef1c k\u00e9o t\u1ed1i \u0111a 20 t\u1ea5n \u0111\u1ea3m b\u1ea3o hi\u1ec7u su\u1ea5t tuy\u1ec7t v\u1eddi trong m\u00f4i tr\u01b0\u1eddng \u00e1p su\u1ea5t cao.<\/p>\n<h3>C\u00e1c t\u00ednh n\u0103ng v\u00e0 th\u00f4ng s\u1ed1 k\u1ef9 thu\u1eadt ch\u00ednh<\/h3>\n<p>Xi lanh th\u1ee7y l\u1ef1c nh\u1ecf 2 t\u1ea7ng c\u1ee7a ch\u00fang t\u00f4i l\u00e0 xi lanh th\u1ee7y l\u1ef1c \u0111a t\u1ea7ng ti\u00eau chu\u1ea9n, d\u1ea1ng piston, v\u1eadn h\u00e0nh b\u1eb1ng n\u0103ng l\u01b0\u1ee3ng th\u1ee7y l\u1ef1c. S\u1ea3n ph\u1ea9m \u0111\u1ea1t ch\u1ee9ng nh\u1eadn ISO9001:2000, \u0111\u1ea3m b\u1ea3o tu\u00e2n th\u1ee7 c\u00e1c ti\u00eau chu\u1ea9n ch\u1ea5t l\u01b0\u1ee3ng qu\u1ed1c t\u1ebf. C\u00e1c th\u00f4ng s\u1ed1 k\u1ef9 thu\u1eadt ch\u00ednh nh\u01b0 sau:<\/p>\n<table style=\"width: 97.9314%; height: 179px;\" border=\"\">\n<tbody>\n<tr>\n<td colspan=\"\" rowspan=\"\"><i>K\u00edch th\u01b0\u1edbc l\u1ed7 khoan<\/i><\/td>\n<td colspan=\"\" rowspan=\"\">2-6 inch<\/td>\n<\/tr>\n<tr>\n<td colspan=\"\" rowspan=\"\"><i>K\u00edch th\u01b0\u1edbc thanh<\/i><\/td>\n<td colspan=\"\" rowspan=\"\">1,125-4 inch<\/td>\n<\/tr>\n<tr>\n<td colspan=\"\" rowspan=\"\"><i>K\u00edch th\u01b0\u1edbc n\u00e9t v\u1ebd<\/i><\/td>\n<td colspan=\"\" rowspan=\"\">4-100 inch<\/td>\n<\/tr>\n<tr>\n<td colspan=\"\" rowspan=\"\"><i>K\u00edch th\u01b0\u1edbc ch\u00e2n c\u1eafm<\/i><\/td>\n<td colspan=\"\" rowspan=\"\">0,5-2 inch<\/td>\n<\/tr>\n<tr>\n<td colspan=\"\" rowspan=\"\"><i>C\u1ed5ng<\/i><\/td>\n<td colspan=\"\" rowspan=\"\">G\/SAE\/NPT\/M<\/td>\n<\/tr>\n<\/tbody>\n<\/table>\n<h3>\u01afu \u0111i\u1ec3m \u0111\u1ed9c \u0111\u00e1o<\/h3>\n<p>Xi lanh th\u1ee7y l\u1ef1c \u0111a t\u1ea7ng n\u00e0y n\u1ed5i b\u1eadt v\u1edbi kh\u1ea3 n\u0103ng ti\u1ebft ki\u1ec7m n\u0103ng l\u01b0\u1ee3ng v\u01b0\u1ee3t tr\u1ed9i, hi\u1ec7u su\u1ea5t cao v\u00e0 c\u00e1c t\u00ednh n\u0103ng an to\u00e0n m\u1ea1nh m\u1ebd. \u0110\u01b0\u1ee3c thi\u1ebft k\u1ebf \u0111\u1ec3 mang l\u1ea1i kh\u1ea3 n\u0103ng v\u1eadn h\u00e0nh \u0111\u00e1ng tin c\u1eady v\u00e0 m\u01b0\u1ee3t m\u00e0 trong nhi\u1ec1u \u1ee9ng d\u1ee5ng kh\u00e1c nhau, xi lanh th\u1ee7y l\u1ef1c n\u00e0y ch\u1ee9ng t\u1ecf l\u00e0 m\u1ed9t t\u00e0i s\u1ea3n v\u00f4 gi\u00e1 cho m\u00e1y m\u00f3c c\u1ee7a b\u1ea1n. Thi\u1ebft k\u1ebf c\u1ee7a n\u00f3 cho ph\u00e9p t\u00edch h\u1ee3p li\u1ec1n m\u1ea1ch v\u00e0o nhi\u1ec1u h\u1ec7 th\u1ed1ng kh\u00e1c nhau, \u0111\u1ea3m b\u1ea3o hi\u1ec7u su\u1ea5t \u0111\u01b0\u1ee3c n\u00e2ng cao \u0111\u1ed3ng th\u1eddi gi\u1ea3m thi\u1ec3u m\u1ee9c ti\u00eau th\u1ee5 n\u0103ng l\u01b0\u1ee3ng. \u0110i\u1ec1u n\u00e0y kh\u00f4ng ch\u1ec9 g\u00f3p ph\u1ea7n ti\u1ebft ki\u1ec7m chi ph\u00ed v\u1eadn h\u00e0nh m\u00e0 c\u00f2n h\u1ed7 tr\u1ee3 c\u00e1c s\u00e1ng ki\u1ebfn \u200b\u200bb\u1ec1n v\u1eefng b\u1eb1ng c\u00e1ch gi\u1ea3m thi\u1ec3u t\u00e1c \u0111\u1ed9ng t\u1ed5ng th\u1ec3 \u0111\u1ebfn m\u00f4i tr\u01b0\u1eddng. V\u1edbi kh\u1ea3 n\u0103ng ho\u1ea1t \u0111\u1ed9ng trong \u0111i\u1ec1u ki\u1ec7n kh\u1eafc nghi\u1ec7t, xi lanh th\u1ee7y l\u1ef1c n\u00e0y n\u00e2ng cao \u0111\u1ed9 tin c\u1eady v\u00e0 hi\u1ec7u qu\u1ea3 c\u1ee7a thi\u1ebft b\u1ecb, bi\u1ebfn n\u00f3 th\u00e0nh m\u1ed9t th\u00e0nh ph\u1ea7n thi\u1ebft y\u1ebfu trong ho\u1ea1t \u0111\u1ed9ng c\u1ee7a b\u1ea1n.<\/p>\n<h3>H\u1ec7 th\u1ed1ng th\u1ee7y l\u1ef1c v\u00e0 nguy\u00ean l\u00fd ho\u1ea1t \u0111\u1ed9ng<\/h3>\n<p>Xi lanh th\u1ee7y l\u1ef1c c\u1ee7a ch\u00fang t\u00f4i ho\u1ea1t \u0111\u1ed9ng d\u1ef1a tr\u00ean c\u00e1c nguy\u00ean l\u00fd c\u01a1 b\u1ea3n c\u1ee7a h\u1ec7 th\u1ed1ng th\u1ee7y l\u1ef1c, trong \u0111\u00f3 ch\u1ea5t l\u1ecfng \u0111\u01b0\u1ee3c n\u00e9n \u0111\u1ec3 truy\u1ec1n n\u0103ng l\u01b0\u1ee3ng v\u00e0 t\u1ea1o ra c\u00f4ng su\u1ea5t. Qu\u00e1 tr\u00ecnh n\u00e0y bao g\u1ed3m s\u1ef1 chuy\u1ec3n \u0111\u1ed9ng c\u1ee7a ch\u1ea5t l\u1ecfng th\u1ee7y l\u1ef1c b\u00ean trong xi lanh, t\u1ea1o ra \u00e1p su\u1ea5t chuy\u1ec3n th\u00e0nh chuy\u1ec3n \u0111\u1ed9ng c\u01a1 h\u1ecdc. B\u1eb1ng c\u00e1ch khai th\u00e1c s\u1ee9c m\u1ea1nh c\u1ee7a \u0111\u1ed9ng l\u1ef1c h\u1ecdc ch\u1ea5t l\u1ecfng, xi lanh th\u1ee7y l\u1ef1c c\u1ee7a ch\u00fang t\u00f4i \u0111\u1ea3m b\u1ea3o c\u00f4ng su\u1ea5t m\u1ea1nh m\u1ebd, tr\u1edf th\u00e0nh m\u1ed9t th\u00e0nh ph\u1ea7n thi\u1ebft y\u1ebfu trong ho\u1ea1t \u0111\u1ed9ng m\u00e1y m\u00f3c c\u1ee7a nhi\u1ec1u ng\u00e0nh c\u00f4ng nghi\u1ec7p kh\u00e1c nhau, bao g\u1ed3m x\u00e2y d\u1ef1ng, s\u1ea3n xu\u1ea5t v\u00e0 n\u00f4ng nghi\u1ec7p. Hi\u1ec7u su\u1ea5t c\u1ee7a h\u1ec7 th\u1ed1ng n\u00e0y cho ph\u00e9p \u0111i\u1ec1u khi\u1ec3n ch\u00ednh x\u00e1c v\u00e0 kh\u1ea3 n\u0103ng th\u00edch \u1ee9ng, cho ph\u00e9p ng\u01b0\u1eddi v\u1eadn h\u00e0nh x\u1eed l\u00fd t\u1ea3i tr\u1ecdng n\u1eb7ng m\u1ed9t c\u00e1ch an to\u00e0n v\u00e0 hi\u1ec7u qu\u1ea3.<\/p>\n<p><img loading=\"lazy\" decoding=\"async\" class=\"alignnone wp-image-6662\" src=\"https:\/\/fmp-components.com\/wp-content\/uploads\/2025\/03\/telescopic-hydraulic-cylinder-4.webp\" alt=\"xi lanh th\u1ee7y l\u1ef1c d\u1ea1ng \u1ed1ng l\u1ed3ng\" width=\"908\" height=\"908\" title=\"\" srcset=\"https:\/\/fmp-components.com\/wp-content\/uploads\/2025\/03\/telescopic-hydraulic-cylinder-4.webp 908w, https:\/\/fmp-components.com\/wp-content\/uploads\/2025\/03\/telescopic-hydraulic-cylinder-4-480x480.webp 480w\" sizes=\"(min-width: 0px) and (max-width: 480px) 480px, (min-width: 481px) 908px, 100vw\" \/><\/p>\n<h3>Xi lanh th\u1ee7y l\u1ef1c v\u00e0 b\u1ed9 ngu\u1ed3n<\/h3>\n<p>Xi lanh th\u1ee7y l\u1ef1c v\u00e0 b\u1ed9 ngu\u1ed3n l\u00e0 nh\u1eefng th\u00e0nh ph\u1ea7n thi\u1ebft y\u1ebfu c\u1ee7a b\u1ea5t k\u1ef3 h\u1ec7 th\u1ed1ng th\u1ee7y l\u1ef1c n\u00e0o, ho\u1ea1t \u0111\u1ed9ng \u0111\u1ed3ng b\u1ed9 \u0111\u1ec3 \u0111\u1ea3m b\u1ea3o hi\u1ec7u su\u1ea5t t\u1ed1i \u01b0u. Xi lanh th\u1ee7y l\u1ef1c \u0111\u00f3ng vai tr\u00f2 l\u00e0 b\u1ed9 truy\u1ec1n \u0111\u1ed9ng, ch\u1ecbu tr\u00e1ch nhi\u1ec7m chuy\u1ec3n \u0111\u1ed5i n\u0103ng l\u01b0\u1ee3ng th\u1ee7y l\u1ef1c th\u00e0nh chuy\u1ec3n \u0111\u1ed9ng c\u01a1 h\u1ecdc, bi\u1ebfn \u00e1p su\u1ea5t th\u00e0nh l\u1ef1c m\u1ed9t c\u00e1ch hi\u1ec7u qu\u1ea3. Trong khi \u0111\u00f3, b\u1ed9 ngu\u1ed3n \u0111\u00f3ng vai tr\u00f2 l\u00e0 tr\u00e1i tim c\u1ee7a h\u1ec7 th\u1ed1ng th\u1ee7y l\u1ef1c, cung c\u1ea5p n\u0103ng l\u01b0\u1ee3ng c\u1ea7n thi\u1ebft v\u00e0 c\u00e1c t\u00edn hi\u1ec7u \u0111i\u1ec1u khi\u1ec3n \u0111\u1ec3 \u0111i\u1ec1u khi\u1ec3n to\u00e0n b\u1ed9 ho\u1ea1t \u0111\u1ed9ng. S\u1ef1 k\u1ebft h\u1ee3p gi\u1eefa xi lanh th\u1ee7y l\u1ef1c v\u00e0 b\u1ed9 ngu\u1ed3n cho ph\u00e9p \u1ee9ng d\u1ee5ng r\u1ed9ng r\u00e3i c\u00f4ng ngh\u1ec7 th\u1ee7y l\u1ef1c trong l\u0129nh v\u1ef1c c\u00f4ng nghi\u1ec7p, cung c\u1ea5p ngu\u1ed3n \u0111i\u1ec7n v\u00e0 h\u1ed7 tr\u1ee3 \u0111i\u1ec1u khi\u1ec3n \u0111\u00e1ng tin c\u1eady cho nhi\u1ec1u lo\u1ea1i thi\u1ebft b\u1ecb k\u1ef9 thu\u1eadt v\u00e0 c\u01a1 kh\u00ed.<\/p>\n<p>S\u1ef1 ph\u1ed1i h\u1ee3p c\u1ee7a hai th\u00e0nh ph\u1ea7n n\u00e0y r\u1ea5t quan tr\u1ecdng \u0111\u1ed1i v\u1edbi ho\u1ea1t \u0111\u1ed9ng li\u1ec1n m\u1ea1ch c\u1ee7a h\u1ec7 th\u1ed1ng th\u1ee7y l\u1ef1c, \u0111\u1ea3m b\u1ea3o c\u00e1c t\u00e1c v\u1ee5 \u0111\u00f2i h\u1ecfi n\u00e2ng v\u1eadt n\u1eb7ng v\u00e0 chuy\u1ec3n \u0111\u1ed9ng ch\u00ednh x\u00e1c c\u00f3 th\u1ec3 \u0111\u01b0\u1ee3c th\u1ef1c hi\u1ec7n hi\u1ec7u qu\u1ea3. T\u1ea1i FMP, ch\u00fang t\u00f4i kh\u00f4ng ch\u1ec9 s\u1ea3n xu\u1ea5t xi lanh th\u1ee7y l\u1ef1c ch\u1ea5t l\u01b0\u1ee3ng cao m\u00e0 c\u00f2n cung c\u1ea5p \u0111a d\u1ea1ng c\u00e1c b\u1ed9 ngu\u1ed3n, mang \u0111\u1ebfn gi\u1ea3i ph\u00e1p to\u00e0n di\u1ec7n cho nhu c\u1ea7u th\u1ee7y l\u1ef1c c\u1ee7a b\u1ea1n. Cam k\u1ebft v\u1ec1 ch\u1ea5t l\u01b0\u1ee3ng v\u00e0 hi\u1ec7u su\u1ea5t c\u1ee7a ch\u00fang t\u00f4i \u0111\u1ea3m b\u1ea3o r\u1eb1ng b\u1ea1n c\u00f3 th\u1ec3 tin t\u01b0\u1edfng ch\u00fang t\u00f4i cho m\u1ecdi y\u00eau c\u1ea7u v\u1ec1 h\u1ec7 th\u1ed1ng th\u1ee7y l\u1ef1c c\u1ee7a b\u1ea1n, gi\u00fap doanh nghi\u1ec7p c\u1ee7a b\u1ea1n t\u1ef1 tin \u0111\u1ea1t \u0111\u01b0\u1ee3c c\u00e1c m\u1ee5c ti\u00eau ho\u1ea1t \u0111\u1ed9ng.<\/p>\n<h2>Nh\u1eefng c\u00e2u h\u1ecfi th\u01b0\u1eddng g\u1eb7p<\/h2>\n<p>Q: B\u1ea1n l\u00e0 c\u00f4ng ty th\u01b0\u01a1ng m\u1ea1i hay nh\u00e0 s\u1ea3n xu\u1ea5t?<br \/>\nA: Ch\u00fang t\u00f4i l\u00e0 m\u1ed9t nh\u00e0 m\u00e1y, c\u1ee5 th\u1ec3 h\u01a1n l\u00e0 m\u1ed9t nh\u00e0 s\u1ea3n xu\u1ea5t.<br \/>\nQ: Th\u1eddi gian giao h\u00e0ng c\u1ee7a b\u1ea1n l\u00e0 bao l\u00e2u?<br \/>\nA: Th\u1eddi gian giao h\u00e0ng chung c\u1ee7a ch\u00fang t\u00f4i l\u00e0 25-35 ng\u00e0y.<br \/>\nQ: B\u1ea1n c\u00f3 th\u1ec3 s\u1ea3n xu\u1ea5t theo m\u1eabu kh\u00f4ng?<br \/>\nA: C\u00f3, ch\u00fang t\u00f4i c\u00f3 th\u1ec3 s\u1ea3n xu\u1ea5t theo m\u1eabu ho\u1eb7c b\u1ea3n v\u1ebd k\u1ef9 thu\u1eadt c\u1ee7a b\u1ea1n. Ch\u00fang t\u00f4i c\u00f3 th\u1ec3 ch\u1ebf t\u1ea1o khu\u00f4n m\u1eabu v\u00e0 \u0111\u1ed3 g\u00e1.<\/p>\n<p><img loading=\"lazy\" decoding=\"async\" class=\"alignnone wp-image-6663\" src=\"https:\/\/fmp-components.com\/wp-content\/uploads\/2025\/03\/telescopic-hydraulic-cylinder-11.webp\" alt=\"xi lanh th\u1ee7y l\u1ef1c d\u1ea1ng \u1ed1ng l\u1ed3ng\" width=\"949\" height=\"949\" title=\"\" srcset=\"https:\/\/fmp-components.com\/wp-content\/uploads\/2025\/03\/telescopic-hydraulic-cylinder-11.webp 949w, https:\/\/fmp-components.com\/wp-content\/uploads\/2025\/03\/telescopic-hydraulic-cylinder-11-480x480.webp 480w\" sizes=\"(min-width: 0px) and (max-width: 480px) 480px, (min-width: 481px) 949px, 100vw\" \/><\/p>\n<h3>Gi\u1edbi thi\u1ec7u v\u1ec1 FMP<\/h3>\n<p>FMP l\u00e0 nh\u00e0 s\u1ea3n xu\u1ea5t h\u00e0ng \u0111\u1ea7u c\u1ee7a \u00dd, n\u1ed5i ti\u1ebfng v\u1edbi chuy\u00ean m\u00f4n trong thi\u1ebft k\u1ebf, ph\u00e1t tri\u1ec3n v\u00e0 s\u1ea3n xu\u1ea5t xi lanh th\u1ee7y l\u1ef1c ch\u1ea5t l\u01b0\u1ee3ng cao. V\u1edbi di s\u1ea3n phong ph\u00fa \u0111\u01b0\u1ee3c x\u00e2y d\u1ef1ng qua nhi\u1ec1u th\u1eadp k\u1ef7, ch\u00fang t\u00f4i k\u1ebft h\u1ee3p nhu\u1ea7n nhuy\u1ec5n gi\u1eefa tay ngh\u1ec1 th\u1ee7 c\u00f4ng \u00dd v\u1edbi c\u00f4ng ngh\u1ec7 ti\u00ean ti\u1ebfn \u0111\u1ec3 mang \u0111\u1ebfn c\u00e1c gi\u1ea3i ph\u00e1p th\u1ee7y l\u1ef1c v\u01b0\u1ee3t tr\u1ed9i, \u0111\u00e1p \u1ee9ng nhu c\u1ea7u \u0111a d\u1ea1ng c\u1ee7a kh\u00e1ch h\u00e0ng to\u00e0n c\u1ea7u. T\u1ecda l\u1ea1c t\u1ea1i \u00dd, m\u1ed9t trung t\u00e2m k\u1ef9 thu\u1eadt xu\u1ea5t s\u1eafc, FMP \u0111\u00e3 kh\u1eb3ng \u0111\u1ecbnh v\u1ecb th\u1ebf l\u00e0 nh\u00e0 ti\u00ean phong \u0111\u00e1ng tin c\u1eady trong ng\u00e0nh th\u1ee7y l\u1ef1c, chuy\u00ean cung c\u1ea5p c\u00e1c s\u1ea3n ph\u1ea9m \u0111\u00e1ng tin c\u1eady, b\u1ec1n b\u1ec9 v\u00e0 s\u00e1ng t\u1ea1o, h\u1ed7 tr\u1ee3 c\u00e1c doanh nghi\u1ec7p tr\u00ean to\u00e0n th\u1ebf gi\u1edbi.<\/p>\n<p>Ch\u00fang t\u00f4i k\u1ebft h\u1ee3p truy\u1ec1n th\u1ed1ng s\u1ea3n xu\u1ea5t ti\u00ean ti\u1ebfn v\u1edbi t\u1ea7m nh\u00ecn \u0111\u1ed5i m\u1edbi. V\u1edbi nhi\u1ec1u n\u0103m kinh nghi\u1ec7m trong l\u0129nh v\u1ef1c h\u1ec7 th\u1ed1ng th\u1ee7y l\u1ef1c, FMP \u0111\u00e3 chuy\u1ec3n m\u00ecnh th\u00e0nh m\u1ed9t doanh nghi\u1ec7p hi\u1ec7n \u0111\u1ea1i, ti\u00ean phong trong nghi\u00ean c\u1ee9u, thi\u1ebft k\u1ebf v\u00e0 s\u1ea3n xu\u1ea5t. Chuy\u00ean m\u00f4n c\u1ee7a ch\u00fang t\u00f4i bao g\u1ed3m m\u1ed9t lo\u1ea1t c\u00e1c lo\u1ea1i xi lanh th\u1ee7y l\u1ef1c, bao g\u1ed3m xi lanh t\u00e1c \u0111\u1ed9ng k\u00e9p, xi lanh n\u00e2ng \u00f4 t\u00f4, xi lanh m\u00e1y m\u00f3c n\u00f4ng nghi\u1ec7p v\u00e0 c\u00e1c gi\u1ea3i ph\u00e1p thi\u1ebft k\u1ebf ri\u00eang cho c\u00e1c \u1ee9ng d\u1ee5ng c\u00f4ng nghi\u1ec7p \u0111a d\u1ea1ng. D\u00f9 l\u00e0 trong x\u00e2y d\u1ef1ng, c\u00f4ng nghi\u1ec7p, n\u00f4ng nghi\u1ec7p hay m\u00e1y m\u00f3c h\u1ea1ng n\u1eb7ng, xi lanh th\u1ee7y l\u1ef1c c\u1ee7a ch\u00fang t\u00f4i \u0111\u01b0\u1ee3c thi\u1ebft k\u1ebf \u0111\u1ec3 ho\u1ea1t \u0111\u1ed9ng trong nh\u1eefng \u0111i\u1ec1u ki\u1ec7n kh\u1eafc nghi\u1ec7t nh\u1ea5t, \u0111\u1ea3m b\u1ea3o an to\u00e0n, hi\u1ec7u qu\u1ea3 v\u00e0 tu\u1ed5i th\u1ecd cao.<\/p>\n<p><img loading=\"lazy\" decoding=\"async\" class=\"alignnone size-full wp-image-6720\" src=\"https:\/\/fmp-components.com\/wp-content\/uploads\/2025\/03\/hydraulic-cylinder-8.webp\" alt=\"Xi lanh th\u1ee7y l\u1ef1c d\u1ea1ng \u1ed1ng l\u1ed3ng\" width=\"933\" height=\"526\" title=\"\" srcset=\"https:\/\/fmp-components.com\/wp-content\/uploads\/2025\/03\/hydraulic-cylinder-8.webp 933w, https:\/\/fmp-components.com\/wp-content\/uploads\/2025\/03\/hydraulic-cylinder-8-480x271.webp 480w\" sizes=\"(min-width: 0px) and (max-width: 480px) 480px, (min-width: 481px) 933px, 100vw\" \/><\/p>\n<p>T\u1ea1i FMP, ch\u00fang t\u00f4i t\u1ef1 h\u00e0o s\u1edf h\u1eefu c\u01a1 s\u1edf s\u1ea3n xu\u1ea5t hi\u1ec7n \u0111\u1ea1i, \u0111\u01b0\u1ee3c trang b\u1ecb m\u00e1y m\u00f3c ch\u00ednh x\u00e1c v\u00e0 h\u1ec7 th\u1ed1ng ki\u1ec3m tra ti\u00ean ti\u1ebfn. Quy tr\u00ecnh s\u1ea3n xu\u1ea5t c\u1ee7a ch\u00fang t\u00f4i tu\u00e2n th\u1ee7 c\u00e1c ti\u00eau chu\u1ea9n qu\u1ed1c gia v\u00e0 qu\u1ed1c t\u1ebf nghi\u00eam ng\u1eb7t, \u0111\u1ea3m b\u1ea3o m\u1ed7i xi lanh th\u1ee7y l\u1ef1c \u0111\u01b0\u1ee3c s\u1ea3n xu\u1ea5t \u0111\u1ec1u \u0111\u1ea1t ch\u1ea5t l\u01b0\u1ee3ng v\u00e0 \u0111\u1ed9 tin c\u1eady cao nh\u1ea5t. \u0110\u1ed9i ng\u0169 k\u1ef9 thu\u1eadt l\u00e0nh ngh\u1ec1 c\u00f9ng v\u1edbi thi\u1ebft b\u1ecb ti\u00ean ti\u1ebfn cho ph\u00e9p ch\u00fang t\u00f4i duy tr\u00ec quy tr\u00ecnh ki\u1ec3m so\u00e1t ch\u1ea5t l\u01b0\u1ee3ng nghi\u00eam ng\u1eb7t \u1edf m\u1ecdi giai \u0111o\u1ea1n s\u1ea3n xu\u1ea5t, t\u1eeb kh\u00e2u l\u1ef1a ch\u1ecdn nguy\u00ean li\u1ec7u th\u00f4 \u0111\u1ebfn kh\u00e2u ki\u1ec3m tra cu\u1ed1i c\u00f9ng. Cam k\u1ebft v\u1ec1 s\u1ef1 xu\u1ea5t s\u1eafc n\u00e0y \u0111\u00e3 mang l\u1ea1i cho ch\u00fang t\u00f4i c\u00e1c ch\u1ee9ng nh\u1eadn v\u00e0 s\u1ef1 c\u00f4ng nh\u1eadn t\u1eeb c\u00e1c c\u01a1 quan qu\u1ea3n l\u00fd trong ng\u00e0nh, g\u00f3p ph\u1ea7n c\u1ee7ng c\u1ed1 danh ti\u1ebfng c\u1ee7a ch\u00fang t\u00f4i nh\u01b0 m\u1ed9t \u0111\u1ed1i t\u00e1c \u0111\u00e1ng tin c\u1eady.<\/p>\n<p>S\u1ee9 m\u1ec7nh c\u1ee7a ch\u00fang t\u00f4i tuy \u0111\u01a1n gi\u1ea3n nh\u01b0ng \u0111\u1ea7y tham v\u1ecdng: cung c\u1ea5p xi lanh th\u1ee7y l\u1ef1c v\u01b0\u1ee3t xa mong \u0111\u1ee3i v\u1ec1 hi\u1ec7u su\u1ea5t, \u0111\u1ed9 b\u1ec1n v\u00e0 gi\u00e1 tr\u1ecb. Ch\u00fang t\u00f4i tu\u00e2n th\u1ee7 c\u00e1c nguy\u00ean t\u1eafc chuy\u00ean nghi\u1ec7p, ch\u00ednh tr\u1ef1c v\u00e0 l\u1ea5y kh\u00e1ch h\u00e0ng l\u00e0m tr\u1ecdng t\u00e2m. B\u1eb1ng c\u00e1ch nu\u00f4i d\u01b0\u1ee1ng v\u0103n h\u00f3a \u0111\u1ed5i m\u1edbi v\u00e0 ch\u00ednh x\u00e1c, ch\u00fang t\u00f4i li\u00ean t\u1ee5c c\u1ea3i ti\u1ebfn s\u1ea3n ph\u1ea9m \u0111\u1ec3 duy tr\u00ec s\u1ee9c c\u1ea1nh tranh tr\u00ean th\u1ecb tr\u01b0\u1eddng. Danh m\u1ee5c s\u1ea3n ph\u1ea9m \u0111a d\u1ea1ng v\u00e0 kh\u1ea3 n\u0103ng cung c\u1ea5p c\u00e1c gi\u1ea3i ph\u00e1p t\u00f9y ch\u1ec9nh gi\u00fap ch\u00fang t\u00f4i tr\u1edf th\u00e0nh l\u1ef1a ch\u1ecdn \u01b0u ti\u00ean cho c\u00e1c doanh nghi\u1ec7p c\u00f3 nhu c\u1ea7u v\u1ec1 xi lanh th\u1ee7y l\u1ef1c hi\u1ec7u su\u1ea5t cao.<\/p>\n<p>FMP kh\u00f4ng ch\u1ec9 l\u00e0 m\u1ed9t nh\u00e0 s\u1ea3n xu\u1ea5t; ch\u00fang t\u00f4i c\u00f2n l\u00e0 \u0111\u1ed1i t\u00e1c \u0111\u1ed3ng h\u00e0nh c\u00f9ng th\u00e0nh c\u00f4ng c\u1ee7a b\u1ea1n. Ch\u00fang t\u00f4i hi\u1ec3u r\u1eb1ng kh\u00e1ch h\u00e0ng tin t\u01b0\u1edfng v\u00e0o ch\u00fang t\u00f4i v\u1ec1 c\u00e1c c\u00f4ng c\u1ee5 gi\u00fap n\u00e2ng cao n\u0103ng su\u1ea5t v\u00e0 an to\u00e0n. V\u00ec v\u1eady, ch\u00fang t\u00f4i cam k\u1ebft kh\u00f4ng ch\u1ec9 cung c\u1ea5p s\u1ea3n ph\u1ea9m ch\u1ea5t l\u01b0\u1ee3ng h\u00e0ng \u0111\u1ea7u m\u00e0 c\u00f2n c\u1ea3 d\u1ecbch v\u1ee5 xu\u1ea5t s\u1eafc. T\u1eeb kh\u00e2u t\u01b0 v\u1ea5n ban \u0111\u1ea7u \u0111\u1ebfn h\u1ed7 tr\u1ee3 sau b\u00e1n h\u00e0ng, ch\u00fang t\u00f4i h\u1ee3p t\u00e1c ch\u1eb7t ch\u1ebd v\u1edbi kh\u00e1ch h\u00e0ng \u0111\u1ec3 \u0111\u1ea3m b\u1ea3o nhu c\u1ea7u c\u1ee7a h\u1ecd \u0111\u01b0\u1ee3c \u0111\u00e1p \u1ee9ng m\u1ed9t c\u00e1ch chuy\u00ean nghi\u1ec7p v\u00e0 t\u1eadn t\u00e2m. Gi\u00e1 c\u1ea3 c\u1ea1nh tranh, c\u00f9ng v\u1edbi cam k\u1ebft ch\u1ea5t l\u01b0\u1ee3ng v\u1eefng ch\u1eafc, FMP l\u00e0 l\u1ef1a ch\u1ecdn th\u00f4ng minh cho c\u00e1c c\u00f4ng ty \u0111ang t\u00ecm ki\u1ebfm gi\u1ea3i ph\u00e1p th\u1ee7y l\u1ef1c \u0111\u00e1ng tin c\u1eady.<\/p>","protected":false},"excerpt":{"rendered":"<p>Factory provide 2 Stage Small Hydraulic Cylinder Multistage Hydraulic Cylinder Introducing our 2 Stage Small Hydraulic Cylinder Multistage Hydraulic Cylinder, a new product for 2025 brought to you by FMP. This innovative piece of machinery, designed with the highest quality steel body material, is suitable for various industries including Machinery Repair Shops, Farms, Energy &amp; [&hellip;]<\/p>","protected":false},"featured_media":6672,"comment_status":"closed","ping_status":"closed","template":"","meta":{"_et_pb_use_builder":"","_et_pb_old_content":"","_et_gb_content_width":""},"product_brand":[],"product_cat":[103],"product_tag":[34,105],"class_list":{"0":"post-6488","1":"product","2":"type-product","3":"status-publish","4":"has-post-thumbnail","6":"product_cat-telescopic-hydraulic-cylinders","7":"product_tag-hydraulic-cylinder","8":"product_tag-telescopic-hydraulic-cylinders","10":"first","11":"instock","12":"product-type-simple"},"_links":{"self":[{"href":"https:\/\/fmp-components.com\/vi\/wp-json\/wp\/v2\/product\/6488","targetHints":{"allow":["GET"]}}],"collection":[{"href":"https:\/\/fmp-components.com\/vi\/wp-json\/wp\/v2\/product"}],"about":[{"href":"https:\/\/fmp-components.com\/vi\/wp-json\/wp\/v2\/types\/product"}],"replies":[{"embeddable":true,"href":"https:\/\/fmp-components.com\/vi\/wp-json\/wp\/v2\/comments?post=6488"}],"wp:featuredmedia":[{"embeddable":true,"href":"https:\/\/fmp-components.com\/vi\/wp-json\/wp\/v2\/media\/6672"}],"wp:attachment":[{"href":"https:\/\/fmp-components.com\/vi\/wp-json\/wp\/v2\/media?parent=6488"}],"wp:term":[{"taxonomy":"product_brand","embeddable":true,"href":"https:\/\/fmp-components.com\/vi\/wp-json\/wp\/v2\/product_brand?post=6488"},{"taxonomy":"product_cat","embeddable":true,"href":"https:\/\/fmp-components.com\/vi\/wp-json\/wp\/v2\/product_cat?post=6488"},{"taxonomy":"product_tag","embeddable":true,"href":"https:\/\/fmp-components.com\/vi\/wp-json\/wp\/v2\/product_tag?post=6488"}],"curies":[{"name":"wp","href":"https:\/\/api.w.org\/{rel}","templated":true}]}}