{"id":6487,"date":"2025-03-11T06:25:30","date_gmt":"2025-03-11T06:25:30","guid":{"rendered":"https:\/\/fmp-components.com\/product\/new-arrival-telescopic-hydraulic-cylinder-hydraulic-cylinder-for-dump-trailer"},"modified":"2025-03-11T08:25:50","modified_gmt":"2025-03-11T08:25:50","slug":"new-arrival-telescopic-hydraulic-cylinder-hydraulic-cylinder-for-dump-trailer","status":"publish","type":"product","link":"https:\/\/fmp-components.com\/vi\/product\/new-arrival-telescopic-hydraulic-cylinder-hydraulic-cylinder-for-dump-trailer\/","title":{"rendered":"M\u1edbi \u0111\u1ebfn Xi lanh th\u1ee7y l\u1ef1c d\u1ea1ng \u1ed1ng l\u1ed3ng Xi lanh th\u1ee7y l\u1ef1c cho xe k\u00e9o \u0111\u1ed5"},"content":{"rendered":"<h2>M\u1edbi \u0111\u1ebfn Xi lanh th\u1ee7y l\u1ef1c d\u1ea1ng \u1ed1ng l\u1ed3ng Xi lanh th\u1ee7y l\u1ef1c cho xe k\u00e9o \u0111\u1ed5<\/h2>\n<p>Xin gi\u1edbi thi\u1ec7u s\u1ea3n ph\u1ea9m m\u1edbi nh\u1ea5t c\u1ee7a ch\u00fang t\u00f4i, Xi lanh th\u1ee7y l\u1ef1c d\u1ea1ng \u1ed1ng l\u1ed3ng. S\u1ea3n ph\u1ea9m n\u00e0y \u0111\u01b0\u1ee3c thi\u1ebft k\u1ebf cho xe k\u00e9o ben, mang \u0111\u1ebfn gi\u1ea3i ph\u00e1p m\u1ea1nh m\u1ebd v\u00e0 hi\u1ec7u qu\u1ea3 \u0111\u00e1p \u1ee9ng nhu c\u1ea7u c\u1ee7a b\u1ea1n. V\u1edbi ch\u1ebf \u0111\u1ed9 b\u1ea3o h\u00e0nh 1 n\u0103m, xi lanh th\u1ee7y l\u1ef1c m\u1edbi n\u00e0y s\u1ebd l\u00e0 m\u1ed9t s\u1ef1 b\u1ed5 sung tuy\u1ec7t v\u1eddi cho m\u00e1y m\u00f3c c\u1ee7a b\u1ea1n.<\/p>\n<h4>Ch\u1ee9c n\u0103ng v\u00e0 t\u00ednh n\u0103ng<\/h4>\n<p>Xi lanh th\u1ee7y l\u1ef1c d\u1ea1ng \u1ed1ng l\u1ed3ng l\u00e0 xi lanh p\u00edt-t\u00f4ng ti\u00eau chu\u1ea9n, v\u1eadn h\u00e0nh b\u1eb1ng c\u00f4ng ngh\u1ec7 th\u1ee7y l\u1ef1c. Th\u00e2n xi lanh \u0111\u01b0\u1ee3c l\u00e0m b\u1eb1ng th\u00e9p b\u1ec1n b\u1ec9, \u0111\u1ea3m b\u1ea3o \u0111\u1ed9 b\u1ec1n v\u00e0 kh\u1ea3 n\u0103ng ch\u1ed1ng m\u00e0i m\u00f2n. Xi lanh c\u00f3 l\u1ef1c \u0111\u1ea9y t\u1ed1i \u0111a 3000 v\u00e0 l\u1ef1c k\u00e9o t\u1ed1i \u0111a 20 t\u1ea5n. Xi lanh th\u1ee7y l\u1ef1c n\u00e0y c\u0169ng l\u00e0 m\u1ed9t thi\u1ebft b\u1ecb \u0111a t\u1ea7ng, linh ho\u1ea1t cho nhi\u1ec1u \u1ee9ng d\u1ee5ng kh\u00e1c nhau.<\/p>\n<h2>Chi ti\u1ebft s\u1ea3n ph\u1ea9m<\/h2>\n<table style=\"width: 99.5341%;\" border=\"\">\n<tbody>\n<tr>\n<td style=\"width: 42.9379%;\"><i>K\u00edch th\u01b0\u1edbc l\u1ed7 khoan<\/i><\/td>\n<td style=\"width: 471.751%;\">2-6 inch<\/td>\n<\/tr>\n<tr>\n<td style=\"width: 42.9379%;\"><i>K\u00edch th\u01b0\u1edbc thanh<\/i><\/td>\n<td style=\"width: 471.751%;\">1,125-4 inch<\/td>\n<\/tr>\n<tr>\n<td style=\"width: 42.9379%;\"><i>K\u00edch th\u01b0\u1edbc n\u00e9t v\u1ebd<\/i><\/td>\n<td style=\"width: 471.751%;\">4-100 inch<\/td>\n<\/tr>\n<tr>\n<td style=\"width: 42.9379%;\"><i>K\u00edch th\u01b0\u1edbc ch\u00e2n c\u1eafm<\/i><\/td>\n<td style=\"width: 471.751%;\">0,5-2 inch<\/td>\n<\/tr>\n<tr>\n<td style=\"width: 42.9379%;\"><i>C\u1ed5ng<\/i><\/td>\n<td style=\"width: 471.751%;\">G\/SAE\/NPT\/M<\/td>\n<\/tr>\n<\/tbody>\n<\/table>\n<h3>\u01afu \u0111i\u1ec3m \u0111\u1ed9c \u0111\u00e1o<\/h3>\n<p>Xi lanh th\u1ee7y l\u1ef1c d\u1ea1ng \u1ed1ng l\u1ed3ng s\u1edf h\u1eefu nhi\u1ec1u \u01b0u \u0111i\u1ec3m \u0111\u1ed9c \u0111\u00e1o. S\u1ea3n ph\u1ea9m ti\u1ebft ki\u1ec7m n\u0103ng l\u01b0\u1ee3ng, hi\u1ec7u su\u1ea5t cao v\u00e0 \u0111\u00e1ng tin c\u1eady. S\u1ea3n ph\u1ea9m \u0111\u01b0\u1ee3c ch\u1ee9ng nh\u1eadn ISO9001:2000, \u0111\u1ea3m b\u1ea3o ch\u1ea5t l\u01b0\u1ee3ng v\u00e0 an to\u00e0n cho ng\u01b0\u1eddi s\u1eed d\u1ee5ng. S\u1ea3n ph\u1ea9m c\u00f3 m\u00e0u \u0111en b\u00f3ng b\u1ea9y, v\u1eeba v\u1eb7n ho\u00e0n h\u1ea3o v\u1edbi m\u00e1y m\u00f3c c\u1ee7a b\u1ea1n.<\/p>\n<h2>H\u1ec7 th\u1ed1ng th\u1ee7y l\u1ef1c v\u00e0 nguy\u00ean l\u00fd ho\u1ea1t \u0111\u1ed9ng<\/h2>\n<p>Xi lanh th\u1ee7y l\u1ef1c c\u1ee7a ch\u00fang t\u00f4i ho\u1ea1t \u0111\u1ed9ng d\u1ef1a tr\u00ean nguy\u00ean l\u00fd c\u01a1 b\u1ea3n l\u00e0 s\u1eed d\u1ee5ng ch\u1ea5t l\u1ecfng th\u1ee7y l\u1ef1c \u0111\u01b0\u1ee3c n\u00e9n \u0111\u1ec3 t\u1ea1o ra chuy\u1ec3n \u0111\u1ed9ng tuy\u1ebfn t\u00ednh. Khi ch\u1ea5t l\u1ecfng th\u1ee7y l\u1ef1c \u0111\u01b0\u1ee3c n\u00e9n v\u00e0 d\u1eabn v\u00e0o xi lanh, n\u00f3 t\u1ea1o ra l\u1ef1c \u0111\u1ea9y piston b\u00ean trong. C\u01a1 ch\u1ebf n\u00e0y cho ph\u00e9p xi lanh th\u1ee7y l\u1ef1c chuy\u1ec3n \u0111\u1ed5i n\u0103ng l\u01b0\u1ee3ng th\u1ee7y l\u1ef1c th\u00e0nh chuy\u1ec3n \u0111\u1ed9ng c\u01a1 h\u1ecdc v\u1edbi hi\u1ec7u su\u1ea5t v\u00e0 \u0111\u1ed9 ch\u00ednh x\u00e1c \u0111\u00e1ng kinh ng\u1ea1c. C\u00f4ng ngh\u1ec7 \u0111\u1eb1ng sau xi lanh th\u1ee7y l\u1ef1c c\u1ee7a ch\u00fang t\u00f4i t\u1ea1o \u0111i\u1ec1u ki\u1ec7n cho ho\u1ea1t \u0111\u1ed9ng tr\u01a1n tru, cho ph\u00e9p ki\u1ec3m so\u00e1t ch\u00ednh x\u00e1c c\u00e1c m\u00e1y m\u00f3c v\u00e0 thi\u1ebft b\u1ecb h\u1ea1ng n\u1eb7ng. \u0110\u1ed9 ch\u00ednh x\u00e1c n\u00e0y r\u1ea5t c\u1ea7n thi\u1ebft cho c\u00e1c nhi\u1ec7m v\u1ee5 \u0111\u00f2i h\u1ecfi chuy\u1ec3n \u0111\u1ed9ng ch\u00ednh x\u00e1c, \u0111\u1ea3m b\u1ea3o ng\u01b0\u1eddi v\u1eadn h\u00e0nh c\u00f3 th\u1ec3 th\u1ef1c hi\u1ec7n c\u00e1c thao t\u00e1c ph\u1ee9c t\u1ea1p m\u1ed9t c\u00e1ch an to\u00e0n v\u00e0 hi\u1ec7u qu\u1ea3.<\/p>\n<p><img loading=\"lazy\" decoding=\"async\" class=\"alignnone  wp-image-6662\" src=\"https:\/\/fmp-components.com\/wp-content\/uploads\/2025\/03\/telescopic-hydraulic-cylinder-4.webp\" alt=\"xi lanh th\u1ee7y l\u1ef1c d\u1ea1ng \u1ed1ng l\u1ed3ng\" width=\"915\" height=\"915\" title=\"\" srcset=\"https:\/\/fmp-components.com\/wp-content\/uploads\/2025\/03\/telescopic-hydraulic-cylinder-4.webp 915w, https:\/\/fmp-components.com\/wp-content\/uploads\/2025\/03\/telescopic-hydraulic-cylinder-4-480x480.webp 480w\" sizes=\"(min-width: 0px) and (max-width: 480px) 480px, (min-width: 481px) 915px, 100vw\" \/><\/p>\n<h2>\u1ee8ng d\u1ee5ng<\/h2>\n<p>Xi lanh th\u1ee7y l\u1ef1c n\u00e0y l\u00fd t\u01b0\u1edfng cho nhi\u1ec1u \u1ee9ng d\u1ee5ng trong nhi\u1ec1u ng\u00e0nh c\u00f4ng nghi\u1ec7p kh\u00e1c nhau. Trong c\u00e1c x\u01b0\u1edfng s\u1eeda ch\u1eefa m\u00e1y m\u00f3c, n\u00f3 v\u00f4 c\u00f9ng h\u1eefu \u00edch trong vi\u1ec7c n\u00e2ng v\u00e0 v\u1eadn h\u00e0nh c\u00e1c b\u1ed9 ph\u1eadn n\u1eb7ng, cho ph\u00e9p k\u1ef9 thu\u1eadt vi\u00ean l\u00e0m vi\u1ec7c hi\u1ec7u qu\u1ea3 v\u00e0 an to\u00e0n. Trong m\u00f4i tr\u01b0\u1eddng n\u00f4ng nghi\u1ec7p, xi lanh th\u1ee7y l\u1ef1c n\u00e2ng cao ch\u1ee9c n\u0103ng c\u1ee7a c\u00e1c thi\u1ebft b\u1ecb nh\u01b0 xe mo\u00f3c ben, m\u00e1y k\u00e9o v\u00e0 c\u00e1c m\u00e1y m\u00f3c h\u1ea1ng n\u1eb7ng kh\u00e1c, cho ph\u00e9p x\u1eed l\u00fd v\u00e0 v\u1eadn chuy\u1ec3n v\u1eadt li\u1ec7u hi\u1ec7u qu\u1ea3. C\u00e1c ng\u00e0nh c\u00f4ng nghi\u1ec7p n\u0103ng l\u01b0\u1ee3ng v\u00e0 khai th\u00e1c m\u1ecf c\u0169ng \u0111\u01b0\u1ee3c h\u01b0\u1edfng l\u1ee3i \u0111\u00e1ng k\u1ec3 t\u1eeb c\u1ea5u tr\u00fac ch\u1eafc ch\u1eafn v\u00e0 hi\u1ec7u su\u1ea5t cao c\u1ee7a n\u00f3, v\u00ec n\u00f3 c\u00f3 th\u1ec3 ch\u1ecbu \u0111\u01b0\u1ee3c c\u00e1c \u0111i\u1ec1u ki\u1ec7n kh\u1eafc nghi\u1ec7t th\u01b0\u1eddng th\u1ea5y trong nh\u1eefng m\u00f4i tr\u01b0\u1eddng n\u00e0y. Ngo\u00e0i ra, trong s\u1ea3n xu\u1ea5t m\u00e1y m\u00f3c, xi lanh th\u1ee7y l\u1ef1c c\u1ee7a ch\u00fang t\u00f4i ch\u1ee9ng t\u1ecf l\u00e0 thi\u1ebft y\u1ebfu trong c\u00e1c d\u00e2y chuy\u1ec1n l\u1eafp r\u00e1p v\u00e0 quy tr\u00ecnh s\u1ea3n xu\u1ea5t, n\u01a1i \u0111\u1ed9 tin c\u1eady v\u00e0 \u0111\u1ed9 b\u1ec1n l\u00e0 t\u1ed1i quan tr\u1ecdng. T\u00ednh linh ho\u1ea1t v\u00e0 s\u1ee9c m\u1ea1nh c\u1ee7a n\u00f3 khi\u1ebfn n\u00f3 tr\u1edf th\u00e0nh l\u1ef1a ch\u1ecdn h\u00e0ng \u0111\u1ea7u cho c\u00e1c chuy\u00ean gia \u0111ang t\u00ecm ki\u1ebfm c\u00e1c gi\u1ea3i ph\u00e1p th\u1ee7y l\u1ef1c \u0111\u00e1ng tin c\u1eady trong nhi\u1ec1u l\u0129nh v\u1ef1c kh\u00e1c nhau.<\/p>\n<h3>Gi\u1edbi thi\u1ec7u v\u1ec1 FMP<\/h3>\n<p>FMP l\u00e0 nh\u00e0 s\u1ea3n xu\u1ea5t h\u00e0ng \u0111\u1ea7u c\u1ee7a \u00dd, n\u1ed5i ti\u1ebfng v\u1edbi chuy\u00ean m\u00f4n trong thi\u1ebft k\u1ebf, ph\u00e1t tri\u1ec3n v\u00e0 s\u1ea3n xu\u1ea5t xi lanh th\u1ee7y l\u1ef1c ch\u1ea5t l\u01b0\u1ee3ng cao. V\u1edbi di s\u1ea3n phong ph\u00fa \u0111\u01b0\u1ee3c x\u00e2y d\u1ef1ng qua nhi\u1ec1u th\u1eadp k\u1ef7, ch\u00fang t\u00f4i k\u1ebft h\u1ee3p nhu\u1ea7n nhuy\u1ec5n gi\u1eefa tay ngh\u1ec1 th\u1ee7 c\u00f4ng \u00dd v\u1edbi c\u00f4ng ngh\u1ec7 ti\u00ean ti\u1ebfn \u0111\u1ec3 mang \u0111\u1ebfn c\u00e1c gi\u1ea3i ph\u00e1p th\u1ee7y l\u1ef1c v\u01b0\u1ee3t tr\u1ed9i, \u0111\u00e1p \u1ee9ng nhu c\u1ea7u \u0111a d\u1ea1ng c\u1ee7a kh\u00e1ch h\u00e0ng to\u00e0n c\u1ea7u. T\u1ecda l\u1ea1c t\u1ea1i \u00dd, m\u1ed9t trung t\u00e2m k\u1ef9 thu\u1eadt xu\u1ea5t s\u1eafc, FMP \u0111\u00e3 kh\u1eb3ng \u0111\u1ecbnh v\u1ecb th\u1ebf l\u00e0 nh\u00e0 ti\u00ean phong \u0111\u00e1ng tin c\u1eady trong ng\u00e0nh th\u1ee7y l\u1ef1c, chuy\u00ean cung c\u1ea5p c\u00e1c s\u1ea3n ph\u1ea9m \u0111\u00e1ng tin c\u1eady, b\u1ec1n b\u1ec9 v\u00e0 s\u00e1ng t\u1ea1o, h\u1ed7 tr\u1ee3 c\u00e1c doanh nghi\u1ec7p tr\u00ean to\u00e0n th\u1ebf gi\u1edbi.<\/p>\n<p>Ch\u00fang t\u00f4i k\u1ebft h\u1ee3p truy\u1ec1n th\u1ed1ng s\u1ea3n xu\u1ea5t ti\u00ean ti\u1ebfn v\u1edbi t\u1ea7m nh\u00ecn \u0111\u1ed5i m\u1edbi. V\u1edbi nhi\u1ec1u n\u0103m kinh nghi\u1ec7m trong l\u0129nh v\u1ef1c h\u1ec7 th\u1ed1ng th\u1ee7y l\u1ef1c, FMP \u0111\u00e3 chuy\u1ec3n m\u00ecnh th\u00e0nh m\u1ed9t doanh nghi\u1ec7p hi\u1ec7n \u0111\u1ea1i, ti\u00ean phong trong nghi\u00ean c\u1ee9u, thi\u1ebft k\u1ebf v\u00e0 s\u1ea3n xu\u1ea5t. Chuy\u00ean m\u00f4n c\u1ee7a ch\u00fang t\u00f4i bao g\u1ed3m m\u1ed9t lo\u1ea1t c\u00e1c lo\u1ea1i xi lanh th\u1ee7y l\u1ef1c, bao g\u1ed3m xi lanh t\u00e1c \u0111\u1ed9ng k\u00e9p, xi lanh n\u00e2ng \u00f4 t\u00f4, xi lanh m\u00e1y m\u00f3c n\u00f4ng nghi\u1ec7p v\u00e0 c\u00e1c gi\u1ea3i ph\u00e1p thi\u1ebft k\u1ebf ri\u00eang cho c\u00e1c \u1ee9ng d\u1ee5ng c\u00f4ng nghi\u1ec7p \u0111a d\u1ea1ng. D\u00f9 l\u00e0 trong x\u00e2y d\u1ef1ng, c\u00f4ng nghi\u1ec7p, n\u00f4ng nghi\u1ec7p hay m\u00e1y m\u00f3c h\u1ea1ng n\u1eb7ng, xi lanh th\u1ee7y l\u1ef1c c\u1ee7a ch\u00fang t\u00f4i \u0111\u01b0\u1ee3c thi\u1ebft k\u1ebf \u0111\u1ec3 ho\u1ea1t \u0111\u1ed9ng trong nh\u1eefng \u0111i\u1ec1u ki\u1ec7n kh\u1eafc nghi\u1ec7t nh\u1ea5t, \u0111\u1ea3m b\u1ea3o an to\u00e0n, hi\u1ec7u qu\u1ea3 v\u00e0 tu\u1ed5i th\u1ecd cao.<\/p>\n<p><img loading=\"lazy\" decoding=\"async\" class=\"alignnone size-full wp-image-6720\" src=\"https:\/\/fmp-components.com\/wp-content\/uploads\/2025\/03\/hydraulic-cylinder-8.webp\" alt=\"Xi lanh th\u1ee7y l\u1ef1c d\u1ea1ng \u1ed1ng l\u1ed3ng\" width=\"933\" height=\"526\" title=\"\" srcset=\"https:\/\/fmp-components.com\/wp-content\/uploads\/2025\/03\/hydraulic-cylinder-8.webp 933w, https:\/\/fmp-components.com\/wp-content\/uploads\/2025\/03\/hydraulic-cylinder-8-480x271.webp 480w\" sizes=\"(min-width: 0px) and (max-width: 480px) 480px, (min-width: 481px) 933px, 100vw\" \/><\/p>\n<p>T\u1ea1i FMP, ch\u00fang t\u00f4i t\u1ef1 h\u00e0o s\u1edf h\u1eefu c\u01a1 s\u1edf s\u1ea3n xu\u1ea5t hi\u1ec7n \u0111\u1ea1i, \u0111\u01b0\u1ee3c trang b\u1ecb m\u00e1y m\u00f3c ch\u00ednh x\u00e1c v\u00e0 h\u1ec7 th\u1ed1ng ki\u1ec3m tra ti\u00ean ti\u1ebfn. Quy tr\u00ecnh s\u1ea3n xu\u1ea5t c\u1ee7a ch\u00fang t\u00f4i tu\u00e2n th\u1ee7 c\u00e1c ti\u00eau chu\u1ea9n qu\u1ed1c gia v\u00e0 qu\u1ed1c t\u1ebf nghi\u00eam ng\u1eb7t, \u0111\u1ea3m b\u1ea3o m\u1ed7i xi lanh th\u1ee7y l\u1ef1c \u0111\u01b0\u1ee3c s\u1ea3n xu\u1ea5t \u0111\u1ec1u \u0111\u1ea1t ch\u1ea5t l\u01b0\u1ee3ng v\u00e0 \u0111\u1ed9 tin c\u1eady cao nh\u1ea5t. \u0110\u1ed9i ng\u0169 k\u1ef9 thu\u1eadt l\u00e0nh ngh\u1ec1 c\u00f9ng v\u1edbi thi\u1ebft b\u1ecb ti\u00ean ti\u1ebfn cho ph\u00e9p ch\u00fang t\u00f4i duy tr\u00ec quy tr\u00ecnh ki\u1ec3m so\u00e1t ch\u1ea5t l\u01b0\u1ee3ng nghi\u00eam ng\u1eb7t \u1edf m\u1ecdi giai \u0111o\u1ea1n s\u1ea3n xu\u1ea5t, t\u1eeb kh\u00e2u l\u1ef1a ch\u1ecdn nguy\u00ean li\u1ec7u th\u00f4 \u0111\u1ebfn kh\u00e2u ki\u1ec3m tra cu\u1ed1i c\u00f9ng. Cam k\u1ebft v\u1ec1 s\u1ef1 xu\u1ea5t s\u1eafc n\u00e0y \u0111\u00e3 mang l\u1ea1i cho ch\u00fang t\u00f4i c\u00e1c ch\u1ee9ng nh\u1eadn v\u00e0 s\u1ef1 c\u00f4ng nh\u1eadn t\u1eeb c\u00e1c c\u01a1 quan qu\u1ea3n l\u00fd trong ng\u00e0nh, g\u00f3p ph\u1ea7n c\u1ee7ng c\u1ed1 danh ti\u1ebfng c\u1ee7a ch\u00fang t\u00f4i nh\u01b0 m\u1ed9t \u0111\u1ed1i t\u00e1c \u0111\u00e1ng tin c\u1eady.<\/p>\n<p>S\u1ee9 m\u1ec7nh c\u1ee7a ch\u00fang t\u00f4i tuy \u0111\u01a1n gi\u1ea3n nh\u01b0ng \u0111\u1ea7y tham v\u1ecdng: cung c\u1ea5p xi lanh th\u1ee7y l\u1ef1c v\u01b0\u1ee3t xa mong \u0111\u1ee3i v\u1ec1 hi\u1ec7u su\u1ea5t, \u0111\u1ed9 b\u1ec1n v\u00e0 gi\u00e1 tr\u1ecb. Ch\u00fang t\u00f4i tu\u00e2n th\u1ee7 c\u00e1c nguy\u00ean t\u1eafc chuy\u00ean nghi\u1ec7p, ch\u00ednh tr\u1ef1c v\u00e0 l\u1ea5y kh\u00e1ch h\u00e0ng l\u00e0m tr\u1ecdng t\u00e2m. B\u1eb1ng c\u00e1ch nu\u00f4i d\u01b0\u1ee1ng v\u0103n h\u00f3a \u0111\u1ed5i m\u1edbi v\u00e0 ch\u00ednh x\u00e1c, ch\u00fang t\u00f4i li\u00ean t\u1ee5c c\u1ea3i ti\u1ebfn s\u1ea3n ph\u1ea9m \u0111\u1ec3 duy tr\u00ec s\u1ee9c c\u1ea1nh tranh tr\u00ean th\u1ecb tr\u01b0\u1eddng. Danh m\u1ee5c s\u1ea3n ph\u1ea9m \u0111a d\u1ea1ng v\u00e0 kh\u1ea3 n\u0103ng cung c\u1ea5p c\u00e1c gi\u1ea3i ph\u00e1p t\u00f9y ch\u1ec9nh gi\u00fap ch\u00fang t\u00f4i tr\u1edf th\u00e0nh l\u1ef1a ch\u1ecdn \u01b0u ti\u00ean cho c\u00e1c doanh nghi\u1ec7p c\u00f3 nhu c\u1ea7u v\u1ec1 xi lanh th\u1ee7y l\u1ef1c hi\u1ec7u su\u1ea5t cao.<\/p>\n<p>FMP kh\u00f4ng ch\u1ec9 l\u00e0 m\u1ed9t nh\u00e0 s\u1ea3n xu\u1ea5t; ch\u00fang t\u00f4i c\u00f2n l\u00e0 \u0111\u1ed1i t\u00e1c \u0111\u1ed3ng h\u00e0nh c\u00f9ng th\u00e0nh c\u00f4ng c\u1ee7a b\u1ea1n. Ch\u00fang t\u00f4i hi\u1ec3u r\u1eb1ng kh\u00e1ch h\u00e0ng tin t\u01b0\u1edfng v\u00e0o ch\u00fang t\u00f4i v\u1ec1 c\u00e1c c\u00f4ng c\u1ee5 gi\u00fap n\u00e2ng cao n\u0103ng su\u1ea5t v\u00e0 an to\u00e0n. V\u00ec v\u1eady, ch\u00fang t\u00f4i cam k\u1ebft kh\u00f4ng ch\u1ec9 cung c\u1ea5p s\u1ea3n ph\u1ea9m ch\u1ea5t l\u01b0\u1ee3ng h\u00e0ng \u0111\u1ea7u m\u00e0 c\u00f2n c\u1ea3 d\u1ecbch v\u1ee5 xu\u1ea5t s\u1eafc. T\u1eeb kh\u00e2u t\u01b0 v\u1ea5n ban \u0111\u1ea7u \u0111\u1ebfn h\u1ed7 tr\u1ee3 sau b\u00e1n h\u00e0ng, ch\u00fang t\u00f4i h\u1ee3p t\u00e1c ch\u1eb7t ch\u1ebd v\u1edbi kh\u00e1ch h\u00e0ng \u0111\u1ec3 \u0111\u1ea3m b\u1ea3o nhu c\u1ea7u c\u1ee7a h\u1ecd \u0111\u01b0\u1ee3c \u0111\u00e1p \u1ee9ng m\u1ed9t c\u00e1ch chuy\u00ean nghi\u1ec7p v\u00e0 t\u1eadn t\u00e2m. Gi\u00e1 c\u1ea3 c\u1ea1nh tranh, c\u00f9ng v\u1edbi cam k\u1ebft ch\u1ea5t l\u01b0\u1ee3ng v\u1eefng ch\u1eafc, FMP l\u00e0 l\u1ef1a ch\u1ecdn th\u00f4ng minh cho c\u00e1c c\u00f4ng ty \u0111ang t\u00ecm ki\u1ebfm gi\u1ea3i ph\u00e1p th\u1ee7y l\u1ef1c \u0111\u00e1ng tin c\u1eady.<\/p>\n<h2>Nh\u1eefng c\u00e2u h\u1ecfi th\u01b0\u1eddng g\u1eb7p<\/h2>\n<p>Q: B\u1ea1n l\u00e0 c\u00f4ng ty th\u01b0\u01a1ng m\u1ea1i hay nh\u00e0 s\u1ea3n xu\u1ea5t?<br \/>\nA: Ch\u00fang t\u00f4i l\u00e0 nh\u00e0 s\u1ea3n xu\u1ea5t.<br \/>\nQ: Th\u1eddi gian giao h\u00e0ng c\u1ee7a b\u1ea1n l\u00e0 bao l\u00e2u?<br \/>\nA: Th\u00f4ng th\u01b0\u1eddng l\u00e0 25-35 ng\u00e0y.<br \/>\nH: B\u1ea1n c\u00f3 cung c\u1ea5p m\u1eabu th\u1eed kh\u00f4ng? M\u1eabu mi\u1ec5n ph\u00ed hay t\u00ednh th\u00eam ph\u00ed?<br \/>\nA: C\u00f3, ch\u00fang t\u00f4i c\u00f3 th\u1ec3 cung c\u1ea5p m\u1eabu nh\u01b0ng kh\u00f4ng mi\u1ec5n ph\u00ed.<\/p>\n<p><img loading=\"lazy\" decoding=\"async\" class=\"alignnone  wp-image-6717\" src=\"https:\/\/fmp-components.com\/wp-content\/uploads\/2025\/03\/hydraulic-cylinder-211.webp\" alt=\"Xi lanh th\u1ee7y l\u1ef1c\" width=\"914\" height=\"916\" title=\"\" srcset=\"https:\/\/fmp-components.com\/wp-content\/uploads\/2025\/03\/hydraulic-cylinder-211.webp 914w, https:\/\/fmp-components.com\/wp-content\/uploads\/2025\/03\/hydraulic-cylinder-211-480x481.webp 480w\" sizes=\"(min-width: 0px) and (max-width: 480px) 480px, (min-width: 481px) 914px, 100vw\" \/><\/p>","protected":false},"excerpt":{"rendered":"<p>New Arrival Telescopic Hydraulic Cylinder Hydraulic Cylinder For Dump Trailer Introducing our latest arrival, the Telescopic Hydraulic Cylinder. This product is designed for dump trailers, providing a robust and efficient solution to meet your needs. With a 1-year warranty, this new hydraulic cylinder will serve as a great addition to your machinery. Functions and Features [&hellip;]<\/p>","protected":false},"featured_media":6674,"comment_status":"closed","ping_status":"closed","template":"","meta":{"_et_pb_use_builder":"","_et_pb_old_content":"","_et_gb_content_width":""},"product_brand":[],"product_cat":[103],"product_tag":[34,105],"class_list":{"0":"post-6487","1":"product","2":"type-product","3":"status-publish","4":"has-post-thumbnail","6":"product_cat-telescopic-hydraulic-cylinders","7":"product_tag-hydraulic-cylinder","8":"product_tag-telescopic-hydraulic-cylinders","10":"first","11":"instock","12":"product-type-simple"},"_links":{"self":[{"href":"https:\/\/fmp-components.com\/vi\/wp-json\/wp\/v2\/product\/6487","targetHints":{"allow":["GET"]}}],"collection":[{"href":"https:\/\/fmp-components.com\/vi\/wp-json\/wp\/v2\/product"}],"about":[{"href":"https:\/\/fmp-components.com\/vi\/wp-json\/wp\/v2\/types\/product"}],"replies":[{"embeddable":true,"href":"https:\/\/fmp-components.com\/vi\/wp-json\/wp\/v2\/comments?post=6487"}],"wp:featuredmedia":[{"embeddable":true,"href":"https:\/\/fmp-components.com\/vi\/wp-json\/wp\/v2\/media\/6674"}],"wp:attachment":[{"href":"https:\/\/fmp-components.com\/vi\/wp-json\/wp\/v2\/media?parent=6487"}],"wp:term":[{"taxonomy":"product_brand","embeddable":true,"href":"https:\/\/fmp-components.com\/vi\/wp-json\/wp\/v2\/product_brand?post=6487"},{"taxonomy":"product_cat","embeddable":true,"href":"https:\/\/fmp-components.com\/vi\/wp-json\/wp\/v2\/product_cat?post=6487"},{"taxonomy":"product_tag","embeddable":true,"href":"https:\/\/fmp-components.com\/vi\/wp-json\/wp\/v2\/product_tag?post=6487"}],"curies":[{"name":"wp","href":"https:\/\/api.w.org\/{rel}","templated":true}]}}