{"id":6427,"date":"2025-03-10T06:45:29","date_gmt":"2025-03-10T06:45:29","guid":{"rendered":"https:\/\/fmp-components.com\/?post_type=product&#038;p=6427"},"modified":"2025-03-10T06:45:29","modified_gmt":"2025-03-10T06:45:29","slug":"gicl-series-gear-couplings","status":"publish","type":"product","link":"https:\/\/fmp-components.com\/vi\/product\/gicl-series-gear-couplings\/","title":{"rendered":"Kh\u1edbp n\u1ed1i b\u00e1nh r\u0103ng d\u00f2ng GICL"},"content":{"rendered":"<h2>Kh\u1edbp n\u1ed1i b\u00e1nh r\u0103ng lo\u1ea1i GICL<\/h2>\n<p>Kh\u1edbp n\u1ed1i b\u00e1nh r\u0103ng lo\u1ea1i GICL th\u00edch h\u1ee3p \u0111\u1ec3 k\u1ebft n\u1ed1i hai tr\u1ee5c \u0111\u1ed3ng tr\u1ee5c n\u1eb1m ngang v\u00e0 c\u00f3 hi\u1ec7u su\u1ea5t b\u00f9 nh\u1ea5t \u0111\u1ecbnh cho \u0111\u1ed9 l\u1ec7ch t\u01b0\u01a1ng \u0111\u1ed1i c\u1ee7a hai tr\u1ee5c.<\/p>\n<h3>S\u01a1 \u0111\u1ed3 c\u1ea5u tr\u00fac c\u1ee7a kh\u1edbp n\u1ed1i b\u00e1nh r\u0103ng lo\u1ea1i GICL1-GICL30<\/h3>\n<table style=\"width: 100%;\" border=\"1\" width=\"100%\" cellspacing=\"0\" cellpadding=\"0\">\n<tbody>\n<tr style=\"height: 14.40pt;\">\n<td class=\"et2\" style=\"height: 14.40pt; width: 48.00pt;\" width=\"80\" height=\"24\"><img loading=\"lazy\" decoding=\"async\" class=\"alignnone size-full wp-image-6436\" src=\"https:\/\/fmp-components.com\/wp-content\/uploads\/2025\/03\/gear-coupling-1.webp\" alt=\"Kh\u1edbp n\u1ed1i b\u00e1nh r\u0103ng\" width=\"421\" height=\"217\" title=\"\" srcset=\"https:\/\/fmp-components.com\/wp-content\/uploads\/2025\/03\/gear-coupling-1.webp 421w, https:\/\/fmp-components.com\/wp-content\/uploads\/2025\/03\/gear-coupling-1-300x155.webp 300w, https:\/\/fmp-components.com\/wp-content\/uploads\/2025\/03\/gear-coupling-1-18x9.webp 18w\" sizes=\"(max-width: 421px) 100vw, 421px\" \/><\/td>\n<td class=\"et3\" style=\"width: 48.00pt;\" align=\"right\" width=\"80\"><img loading=\"lazy\" decoding=\"async\" class=\"alignnone size-full wp-image-6437\" src=\"https:\/\/fmp-components.com\/wp-content\/uploads\/2025\/03\/gear-coupling-2.webp\" alt=\"Kh\u1edbp n\u1ed1i b\u00e1nh r\u0103ng\" width=\"455\" height=\"349\" title=\"\" srcset=\"https:\/\/fmp-components.com\/wp-content\/uploads\/2025\/03\/gear-coupling-2.webp 455w, https:\/\/fmp-components.com\/wp-content\/uploads\/2025\/03\/gear-coupling-2-300x230.webp 300w, https:\/\/fmp-components.com\/wp-content\/uploads\/2025\/03\/gear-coupling-2-16x12.webp 16w\" sizes=\"(max-width: 455px) 100vw, 455px\" \/><\/td>\n<\/tr>\n<\/tbody>\n<\/table>\n<h3>K\u00edch th\u01b0\u1edbc c\u1ee7a kh\u1edbp n\u1ed1i b\u00e1nh r\u0103ng lo\u1ea1i GICL1-GICL30<\/h3>\n<p><img loading=\"lazy\" decoding=\"async\" class=\"wp-image-6438 aligncenter\" src=\"https:\/\/fmp-components.com\/wp-content\/uploads\/2025\/03\/gear-coupling-3.webp\" alt=\"Kh\u1edbp n\u1ed1i b\u00e1nh r\u0103ng\" width=\"928\" height=\"858\" title=\"\" srcset=\"https:\/\/fmp-components.com\/wp-content\/uploads\/2025\/03\/gear-coupling-3.webp 928w, https:\/\/fmp-components.com\/wp-content\/uploads\/2025\/03\/gear-coupling-3-480x444.webp 480w\" sizes=\"(min-width: 0px) and (max-width: 480px) 480px, (min-width: 481px) 928px, 100vw\" \/><\/p>\n<p><img loading=\"lazy\" decoding=\"async\" class=\"wp-image-6428 aligncenter\" src=\"https:\/\/fmp-components.com\/wp-content\/uploads\/2025\/03\/gear-coupling-4.webp\" alt=\"Kh\u1edbp n\u1ed1i b\u00e1nh r\u0103ng\" width=\"928\" height=\"847\" title=\"\" srcset=\"https:\/\/fmp-components.com\/wp-content\/uploads\/2025\/03\/gear-coupling-4.webp 928w, https:\/\/fmp-components.com\/wp-content\/uploads\/2025\/03\/gear-coupling-4-480x438.webp 480w\" sizes=\"(min-width: 0px) and (max-width: 480px) 480px, (min-width: 481px) 928px, 100vw\" \/> <img loading=\"lazy\" decoding=\"async\" class=\"wp-image-6429 aligncenter\" src=\"https:\/\/fmp-components.com\/wp-content\/uploads\/2025\/03\/gear-coupling-5.webp\" alt=\"Kh\u1edbp n\u1ed1i b\u00e1nh r\u0103ng\" width=\"925\" height=\"638\" title=\"\" srcset=\"https:\/\/fmp-components.com\/wp-content\/uploads\/2025\/03\/gear-coupling-5.webp 925w, https:\/\/fmp-components.com\/wp-content\/uploads\/2025\/03\/gear-coupling-5-480x331.webp 480w\" sizes=\"(min-width: 0px) and (max-width: 480px) 480px, (min-width: 481px) 925px, 100vw\" \/><\/p>\n<h2>Kh\u1edbp n\u1ed1i b\u00e1nh r\u0103ng lo\u1ea1i GICLZ<\/h2>\n<p>N\u1ebfu kho\u1ea3ng c\u00e1ch gi\u1eefa hai \u0111\u1ea7u tr\u1ee5c k\u1ebft n\u1ed1i qu\u00e1 d\u00e0i, c\u00f3 th\u1ec3 s\u1eed d\u1ee5ng lo\u1ea1i GICLZ. M\u00f4-men xo\u1eafn danh \u0111\u1ecbnh t\u1eeb 800-3200000 Nm. Nhi\u1ec7t \u0111\u1ed9 m\u00f4i tr\u01b0\u1eddng ho\u1ea1t \u0111\u1ed9ng t\u1eeb -20-+80\u2103.<\/p>\n<h3>C\u1ea5u tr\u00fac c\u1ee7a kh\u1edbp n\u1ed1i b\u00e1nh r\u0103ng lo\u1ea1i GICLZ<\/h3>\n<table style=\"border-collapse: collapse; width: 97.5625%; height: 130px;\" border=\"0\" width=\"160\" cellspacing=\"0\" cellpadding=\"0\">\n<tbody>\n<tr style=\"height: 14.40pt;\">\n<td class=\"et2\" style=\"height: 14.4pt; width: 46.3227%;\" width=\"80\" height=\"24\"><img loading=\"lazy\" decoding=\"async\" class=\"alignnone size-full wp-image-6430\" src=\"https:\/\/fmp-components.com\/wp-content\/uploads\/2025\/03\/gear-coupling-6.webp\" alt=\"Kh\u1edbp n\u1ed1i b\u00e1nh r\u0103ng\" width=\"463\" height=\"372\" title=\"\" srcset=\"https:\/\/fmp-components.com\/wp-content\/uploads\/2025\/03\/gear-coupling-6.webp 463w, https:\/\/fmp-components.com\/wp-content\/uploads\/2025\/03\/gear-coupling-6-300x241.webp 300w, https:\/\/fmp-components.com\/wp-content\/uploads\/2025\/03\/gear-coupling-6-15x12.webp 15w\" sizes=\"(max-width: 463px) 100vw, 463px\" \/><\/td>\n<td class=\"et3\" style=\"width: 53.5675%;\" align=\"right\" width=\"80\"><img loading=\"lazy\" decoding=\"async\" class=\"size-full wp-image-6431 aligncenter\" src=\"https:\/\/fmp-components.com\/wp-content\/uploads\/2025\/03\/gear-coupling-7.webp\" alt=\"Kh\u1edbp n\u1ed1i b\u00e1nh r\u0103ng\" width=\"441\" height=\"335\" title=\"\" srcset=\"https:\/\/fmp-components.com\/wp-content\/uploads\/2025\/03\/gear-coupling-7.webp 441w, https:\/\/fmp-components.com\/wp-content\/uploads\/2025\/03\/gear-coupling-7-300x228.webp 300w, https:\/\/fmp-components.com\/wp-content\/uploads\/2025\/03\/gear-coupling-7-16x12.webp 16w\" sizes=\"(max-width: 441px) 100vw, 441px\" \/><\/p>\n<p style=\"text-align: center;\"><strong>S\u01a1 \u0111\u1ed3 c\u1ea5u tr\u00fac c\u1ee7a kh\u1edbp n\u1ed1i b\u00e1nh r\u0103ng lo\u1ea1i GICLZ15 ~GICLZ30<\/strong><\/p>\n<\/td>\n<\/tr>\n<\/tbody>\n<\/table>\n<h3>K\u00edch th\u01b0\u1edbc c\u1ee7a kh\u1edbp n\u1ed1i b\u00e1nh r\u0103ng lo\u1ea1i GICLZ<\/h3>\n<p><img loading=\"lazy\" decoding=\"async\" class=\"alignnone  wp-image-6432\" src=\"https:\/\/fmp-components.com\/wp-content\/uploads\/2025\/03\/gear-coupling-7-09.webp\" alt=\"Kh\u1edbp n\u1ed1i b\u00e1nh r\u0103ng\" width=\"902\" height=\"969\" title=\"\" srcset=\"https:\/\/fmp-components.com\/wp-content\/uploads\/2025\/03\/gear-coupling-7-09.webp 902w, https:\/\/fmp-components.com\/wp-content\/uploads\/2025\/03\/gear-coupling-7-09-480x516.webp 480w\" sizes=\"(min-width: 0px) and (max-width: 480px) 480px, (min-width: 481px) 902px, 100vw\" \/> <img loading=\"lazy\" decoding=\"async\" class=\"wp-image-6433 aligncenter\" src=\"https:\/\/fmp-components.com\/wp-content\/uploads\/2025\/03\/gear-coupling-7-10.webp\" alt=\"Kh\u1edbp n\u1ed1i b\u00e1nh r\u0103ng\" width=\"910\" height=\"850\" title=\"\" srcset=\"https:\/\/fmp-components.com\/wp-content\/uploads\/2025\/03\/gear-coupling-7-10.webp 910w, https:\/\/fmp-components.com\/wp-content\/uploads\/2025\/03\/gear-coupling-7-10-480x448.webp 480w\" sizes=\"(min-width: 0px) and (max-width: 480px) 480px, (min-width: 481px) 910px, 100vw\" \/> <img loading=\"lazy\" decoding=\"async\" class=\"wp-image-6434 aligncenter\" src=\"https:\/\/fmp-components.com\/wp-content\/uploads\/2025\/03\/gear-coupling-7-11.webp\" alt=\"Kh\u1edbp n\u1ed1i b\u00e1nh r\u0103ng\" width=\"919\" height=\"510\" title=\"\" srcset=\"https:\/\/fmp-components.com\/wp-content\/uploads\/2025\/03\/gear-coupling-7-11.webp 919w, https:\/\/fmp-components.com\/wp-content\/uploads\/2025\/03\/gear-coupling-7-11-480x266.webp 480w\" sizes=\"(min-width: 0px) and (max-width: 480px) 480px, (min-width: 481px) 919px, 100vw\" \/><\/p>","protected":false},"excerpt":{"rendered":"<p>Kh\u1edbp n\u1ed1i b\u00e1nh r\u0103ng lo\u1ea1i GICL Kh\u1edbp n\u1ed1i b\u00e1nh r\u0103ng lo\u1ea1i GICL th\u00edch h\u1ee3p \u0111\u1ec3 k\u1ebft n\u1ed1i hai tr\u1ee5c \u0111\u1ed3ng tr\u1ee5c n\u1eb1m ngang v\u00e0 c\u00f3 kh\u1ea3 n\u0103ng b\u00f9 tr\u1eeb nh\u1ea5t \u0111\u1ecbnh cho \u0111\u1ed9 l\u1ec7ch t\u01b0\u01a1ng \u0111\u1ed1i gi\u1eefa hai tr\u1ee5c. S\u01a1 \u0111\u1ed3 c\u1ea5u tr\u00fac c\u1ee7a kh\u1edbp n\u1ed1i b\u00e1nh r\u0103ng lo\u1ea1i GICL1-GICL30 K\u00edch th\u01b0\u1edbc c\u1ee7a kh\u1edbp n\u1ed1i b\u00e1nh r\u0103ng lo\u1ea1i GICL1-GICL30 Kh\u1edbp n\u1ed1i b\u00e1nh r\u0103ng lo\u1ea1i GICLZ N\u1ebfu kho\u1ea3ng c\u00e1ch gi\u1eefa [\u2026]<\/p>","protected":false},"featured_media":6435,"comment_status":"open","ping_status":"closed","template":"","meta":{"_et_pb_use_builder":"","_et_pb_old_content":"","_et_gb_content_width":""},"product_brand":[],"product_cat":[101],"product_tag":[],"class_list":{"0":"post-6427","1":"product","2":"type-product","3":"status-publish","4":"has-post-thumbnail","6":"product_cat-coupling","8":"first","9":"instock","10":"shipping-taxable","11":"product-type-simple"},"_links":{"self":[{"href":"https:\/\/fmp-components.com\/vi\/wp-json\/wp\/v2\/product\/6427","targetHints":{"allow":["GET"]}}],"collection":[{"href":"https:\/\/fmp-components.com\/vi\/wp-json\/wp\/v2\/product"}],"about":[{"href":"https:\/\/fmp-components.com\/vi\/wp-json\/wp\/v2\/types\/product"}],"replies":[{"embeddable":true,"href":"https:\/\/fmp-components.com\/vi\/wp-json\/wp\/v2\/comments?post=6427"}],"wp:featuredmedia":[{"embeddable":true,"href":"https:\/\/fmp-components.com\/vi\/wp-json\/wp\/v2\/media\/6435"}],"wp:attachment":[{"href":"https:\/\/fmp-components.com\/vi\/wp-json\/wp\/v2\/media?parent=6427"}],"wp:term":[{"taxonomy":"product_brand","embeddable":true,"href":"https:\/\/fmp-components.com\/vi\/wp-json\/wp\/v2\/product_brand?post=6427"},{"taxonomy":"product_cat","embeddable":true,"href":"https:\/\/fmp-components.com\/vi\/wp-json\/wp\/v2\/product_cat?post=6427"},{"taxonomy":"product_tag","embeddable":true,"href":"https:\/\/fmp-components.com\/vi\/wp-json\/wp\/v2\/product_tag?post=6427"}],"curies":[{"name":"wp","href":"https:\/\/api.w.org\/{rel}","templated":true}]}}