{"id":6420,"date":"2025-03-10T06:32:17","date_gmt":"2025-03-10T06:32:17","guid":{"rendered":"https:\/\/fmp-components.com\/?post_type=product&#038;p=6420"},"modified":"2025-03-10T06:34:35","modified_gmt":"2025-03-10T06:34:35","slug":"jaw-couplings","status":"publish","type":"product","link":"https:\/\/fmp-components.com\/vi\/product\/jaw-couplings\/","title":{"rendered":"Kh\u1edbp n\u1ed1i h\u00e0m"},"content":{"rendered":"<p>Kh\u1edbp n\u1ed1i h\u00e0m l\u00e0 m\u1ed9t b\u1ed9 ph\u1eadn c\u01a1 kh\u00ed \u0111a n\u0103ng \u0111\u01b0\u1ee3c s\u1eed d\u1ee5ng r\u1ed9ng r\u00e3i trong c\u00e1c \u1ee9ng d\u1ee5ng truy\u1ec1n \u0111\u1ed9ng. C\u01a1 c\u1ea5u kh\u1edbp n\u1ed1i linh ho\u1ea1t n\u00e0y ho\u1ea1t \u0111\u1ed9ng b\u1eb1ng c\u00e1ch k\u1ebft n\u1ed1i hai tr\u1ee5c quay \u0111\u1ec3 truy\u1ec1n l\u1ef1c quay \u0111\u1ed3ng th\u1eddi h\u1ea5p th\u1ee5 n\u0103ng l\u01b0\u1ee3ng rung \u0111\u1ed9ng v\u00e0 b\u00f9 tr\u1eeb \u0111\u1ed9 l\u1ec7ch tr\u1ee5c\/g\u00f3c. Nh\u1eefng \u0111\u1eb7c t\u00ednh v\u1eadn h\u00e0nh n\u00e0y gi\u00fap b\u1ea3o v\u1ec7 m\u00e1y m\u00f3c \u0111\u01b0\u1ee3c k\u1ebft n\u1ed1i kh\u1ecfi \u1ee9ng su\u1ea5t qu\u00e1 m\u1ee9c v\u00e0 m\u00e0i m\u00f2n s\u1edbm.<\/p>\n<p>Vi\u1ec7c l\u1eafp r\u00e1p bao g\u1ed3m ba th\u00e0nh ph\u1ea7n ch\u00ednh:<\/p>\n<ol start=\"1\">\n<li>Tr\u1ee5c kim lo\u1ea1i k\u00e9p c\u00f3 ph\u1ea7n nh\u00f4 ra h\u01b0\u1edbng t\u00e2m (ph\u1ea7n t\u1eed h\u00e0m)<\/li>\n<li>M\u1ed9t mi\u1ebfng ch\u00e8n \u0111\u00e0n h\u1ed3i c\u00f3 kh\u1ea3 n\u0103ng ph\u1ee5c h\u1ed3i (th\u01b0\u1eddng \u0111\u01b0\u1ee3c g\u1ecdi l\u00e0 ph\u1ea7n t\u1eed nh\u1ec7n)<br \/>\nC\u00e1c b\u1ed9 ph\u1eadn n\u00e0y \u0111\u01b0\u1ee3c l\u1eafp r\u00e1p ch\u00ednh x\u00e1c theo ki\u1ec3u kh\u1edbp n\u1ed1i xen k\u1ebd, trong \u0111\u00f3 c\u00e1c h\u00e0m moay-\u01a1 kh\u1edbp v\u1edbi c\u00e1c th\u00f9y m\u1ec1m d\u1ebbo c\u1ee7a b\u00e1nh r\u0103ng nh\u1ec7n. M\u00f4-men xo\u1eafn \u0111\u01b0\u1ee3c truy\u1ec1n qua bi\u1ebfn d\u1ea1ng \u0111\u00e0n h\u1ed3i c\u1ee7a mi\u1ebfng ch\u00e8n polymer n\u00e9n, mang l\u1ea1i c\u1ea3 t\u00ednh linh ho\u1ea1t xo\u1eafn v\u00e0 gi\u1ea3m ch\u1ea5n. \u0110\u1eb7c t\u00ednh v\u1eadt li\u1ec7u nh\u1edbt \u0111\u00e0n h\u1ed3i c\u1ee7a b\u00e1nh r\u0103ng nh\u1ec7n cho ph\u00e9p gi\u1ea3m rung \u0111\u1ed9ng hi\u1ec7u qu\u1ea3 trong khi v\u1eabn duy tr\u00ec truy\u1ec1n l\u1ef1c li\u00ean t\u1ee5c gi\u1eefa c\u00e1c tr\u1ee5c \u0111\u01b0\u1ee3c k\u1ebft n\u1ed1i.<\/li>\n<\/ol>\n<h2>K\u00edch th\u01b0\u1edbc kh\u1edbp n\u1ed1i h\u00e0m<\/h2>\n<p><img loading=\"lazy\" decoding=\"async\" class=\"size-full wp-image-6423 aligncenter\" src=\"https:\/\/fmp-components.com\/wp-content\/uploads\/2025\/03\/Jaw-Coupling-specification-2.webp\" alt=\"Th\u00f4ng s\u1ed1 k\u1ef9 thu\u1eadt kh\u1edbp n\u1ed1i h\u00e0m\" width=\"828\" height=\"620\" title=\"\" srcset=\"https:\/\/fmp-components.com\/wp-content\/uploads\/2025\/03\/Jaw-Coupling-specification-2.webp 828w, https:\/\/fmp-components.com\/wp-content\/uploads\/2025\/03\/Jaw-Coupling-specification-2-480x359.webp 480w\" sizes=\"(min-width: 0px) and (max-width: 480px) 480px, (min-width: 481px) 828px, 100vw\" \/> <img loading=\"lazy\" decoding=\"async\" class=\"wp-image-6424 aligncenter\" src=\"https:\/\/fmp-components.com\/wp-content\/uploads\/2025\/03\/Jaw-Coupling-specification-1.webp\" alt=\"Th\u00f4ng s\u1ed1 k\u1ef9 thu\u1eadt kh\u1edbp n\u1ed1i h\u00e0m\" width=\"804\" height=\"658\" title=\"\" srcset=\"https:\/\/fmp-components.com\/wp-content\/uploads\/2025\/03\/Jaw-Coupling-specification-1.webp 804w, https:\/\/fmp-components.com\/wp-content\/uploads\/2025\/03\/Jaw-Coupling-specification-1-480x393.webp 480w\" sizes=\"(min-width: 0px) and (max-width: 480px) 480px, (min-width: 481px) 804px, 100vw\" \/><\/p>\n<h2>\u0110\u1eb7c \u0111i\u1ec3m c\u1ee7a kh\u1edbp n\u1ed1i m\u1ec1m ki\u1ec3u h\u00e0m<\/h2>\n<p>C\u00e1c th\u00e0nh ph\u1ea7n \u0111\u00e0n h\u1ed3i trong kh\u1edbp n\u1ed1i ki\u1ec3u h\u00e0m th\u01b0\u1eddng \u0111\u01b0\u1ee3c ch\u1ebf t\u1ea1o t\u1eeb nh\u1ef1a ho\u1eb7c cao su hi\u1ec7u su\u1ea5t cao. Nh\u1eefng mi\u1ebfng ch\u00e8n n\u00e0y quy\u1ebft \u0111\u1ecbnh tu\u1ed5i th\u1ecd ho\u1ea1t \u0111\u1ed9ng c\u1ee7a kh\u1edbp n\u1ed1i, th\u01b0\u1eddng k\u00e9o d\u00e0i \u0111\u1ebfn 10 n\u0103m trong \u0111i\u1ec1u ki\u1ec7n ti\u00eau chu\u1ea9n. Nh\u1edd thi\u1ebft k\u1ebf \u0111\u1eb7c bi\u1ec7t, v\u1eadt li\u1ec7u \u0111\u00e0n h\u1ed3i ch\u1ee7 y\u1ebfu ch\u1ecbu l\u1ef1c n\u00e9n h\u01a1n l\u00e0 \u1ee9ng su\u1ea5t k\u00e9o. \u0110\u01b0\u1ee3c bi\u1ebft \u0111\u1ebfn v\u1edbi kh\u1ea3 n\u0103ng gi\u1ea3m ch\u1ea5n v\u00e0 h\u1ea5p th\u1ee5 s\u1ed1c, c\u00e1c kh\u1edbp n\u1ed1i n\u00e0y l\u00fd t\u01b0\u1edfng cho m\u00f4i tr\u01b0\u1eddng rung \u0111\u1ed9ng cao. Kh\u00f4ng gi\u1ed1ng nh\u01b0 kh\u1edbp n\u1ed1i c\u1ee9ng, ph\u1ea1m vi nhi\u1ec7t \u0111\u1ed9 ho\u1ea1t \u0111\u1ed9ng c\u1ee7a ch\u00fang (-35\u00b0C \u0111\u1ebfn +80\u00b0C) \u0111\u01b0\u1ee3c quy\u1ebft \u0111\u1ecbnh b\u1edfi gi\u1edbi h\u1ea1n nhi\u1ec7t c\u1ee7a v\u1eadt li\u1ec7u \u0111\u00e0n h\u1ed3i.<\/p>\n<p><strong>\u01afu \u0111i\u1ec3m ch\u00ednh<\/strong>:<\/p>\n<ol start=\"1\">\n<li><strong>Thi\u1ebft k\u1ebf nh\u1ecf g\u1ecdn<\/strong>: K\u1ebft c\u1ea5u kh\u00f4ng c\u00f3 ph\u1ea3n \u1ee9ng d\u1eef d\u1ed9i v\u1edbi c\u00e1c t\u00f9y ch\u1ecdn ch\u1ea5t \u0111\u00e0n h\u1ed3i \u1edf ba c\u1ea5p \u0111\u1ed9 c\u1ee9ng.<\/li>\n<li><strong>Hi\u1ec7u su\u1ea5t \u0111\u1ed9ng<\/strong>: Gi\u1ea3m rung \u0111\u1ed9ng hi\u1ec7u qu\u1ea3 v\u00e0 \u0111i\u1ec1u ch\u1ec9nh \u0111\u1ed9 l\u1ec7ch h\u01b0\u1edbng t\u00e2m\/g\u00f3c.<\/li>\n<li><strong>D\u1ec5 s\u1eed d\u1ee5ng<\/strong>: C\u1ea5u tr\u00fac \u0111\u01a1n gi\u1ea3n gi\u00fap l\u1eafp \u0111\u1eb7t, ki\u1ec3m tra v\u00e0 b\u1ea3o tr\u00ec d\u1ec5 d\u00e0ng.<\/li>\n<li><strong>\u0110\u1ed9 b\u1ec1n<\/strong>: Ho\u1ea1t \u0111\u1ed9ng kh\u00f4ng c\u1ea7n b\u1ea3o tr\u00ec v\u1edbi kh\u1ea3 n\u0103ng ch\u1ed1ng d\u1ea7u v\u00e0 c\u00e1ch \u0111i\u1ec7n; hi\u1ec7u su\u1ea5t t\u1ed1i \u01b0u trong kho\u1ea3ng t\u1eeb 20\u00b0C \u0111\u1ebfn 60\u00b0C.<\/li>\n<li><strong>C\u00e1c bi\u1ebfn th\u1ec3 c\u1ee7a ch\u1ea5t \u0111\u00e0n h\u1ed3i<\/strong>: C\u00f3 nhi\u1ec1u c\u1ea5u h\u00ecnh th\u00f9y (4, 6, 8 ho\u1eb7c 10 c\u00e1nh hoa) \u0111\u1ec3 c\u00f3 th\u1ec3 \u0111i\u1ec1u ch\u1ec9nh linh ho\u1ea1t.<\/li>\n<li><strong>T\u00f9y ch\u1ecdn l\u1eafp \u0111\u1eb7t<\/strong>: H\u1ed7 tr\u1ee3 nhi\u1ec1u ph\u01b0\u01a1ng ph\u00e1p l\u1eafp \u0111\u1eb7t kh\u00e1c nhau, bao g\u1ed3m v\u00edt c\u1ed1 \u0111\u1ecbnh, c\u01a1 c\u1ea5u k\u1eb9p v\u00e0 c\u1ed1 \u0111\u1ecbnh r\u00e3nh then.<\/li>\n<\/ol>\n<p><img loading=\"lazy\" decoding=\"async\" class=\"size-full wp-image-6425 aligncenter\" src=\"https:\/\/fmp-components.com\/wp-content\/uploads\/2025\/03\/jaw-coupling-1.webp\" alt=\"Kh\u1edbp n\u1ed1i h\u00e0m\" width=\"600\" height=\"600\" title=\"\" srcset=\"https:\/\/fmp-components.com\/wp-content\/uploads\/2025\/03\/jaw-coupling-1.webp 600w, https:\/\/fmp-components.com\/wp-content\/uploads\/2025\/03\/jaw-coupling-1-480x480.webp 480w\" sizes=\"(min-width: 0px) and (max-width: 480px) 480px, (min-width: 481px) 600px, 100vw\" \/><\/p>","protected":false},"excerpt":{"rendered":"<p>Jaw couplings represent a versatile mechanical component widely used for power transmission applications. This flexible coupling mechanism functions by interconnecting two rotating shafts to transmit rotational force while simultaneously absorbing vibrational energy and compensating for axial\/angular misalignments. Such operational characteristics help safeguard connected machinery from excessive stress and premature wear. The assembly comprises three primary [&hellip;]<\/p>","protected":false},"featured_media":6422,"comment_status":"open","ping_status":"closed","template":"","meta":{"_et_pb_use_builder":"","_et_pb_old_content":"","_et_gb_content_width":""},"product_brand":[],"product_cat":[101],"product_tag":[],"class_list":{"0":"post-6420","1":"product","2":"type-product","3":"status-publish","4":"has-post-thumbnail","6":"product_cat-coupling","8":"first","9":"instock","10":"shipping-taxable","11":"product-type-simple"},"_links":{"self":[{"href":"https:\/\/fmp-components.com\/vi\/wp-json\/wp\/v2\/product\/6420","targetHints":{"allow":["GET"]}}],"collection":[{"href":"https:\/\/fmp-components.com\/vi\/wp-json\/wp\/v2\/product"}],"about":[{"href":"https:\/\/fmp-components.com\/vi\/wp-json\/wp\/v2\/types\/product"}],"replies":[{"embeddable":true,"href":"https:\/\/fmp-components.com\/vi\/wp-json\/wp\/v2\/comments?post=6420"}],"wp:featuredmedia":[{"embeddable":true,"href":"https:\/\/fmp-components.com\/vi\/wp-json\/wp\/v2\/media\/6422"}],"wp:attachment":[{"href":"https:\/\/fmp-components.com\/vi\/wp-json\/wp\/v2\/media?parent=6420"}],"wp:term":[{"taxonomy":"product_brand","embeddable":true,"href":"https:\/\/fmp-components.com\/vi\/wp-json\/wp\/v2\/product_brand?post=6420"},{"taxonomy":"product_cat","embeddable":true,"href":"https:\/\/fmp-components.com\/vi\/wp-json\/wp\/v2\/product_cat?post=6420"},{"taxonomy":"product_tag","embeddable":true,"href":"https:\/\/fmp-components.com\/vi\/wp-json\/wp\/v2\/product_tag?post=6420"}],"curies":[{"name":"wp","href":"https:\/\/api.w.org\/{rel}","templated":true}]}}