{"id":6412,"date":"2025-03-10T06:01:59","date_gmt":"2025-03-10T06:01:59","guid":{"rendered":"https:\/\/fmp-components.com\/?post_type=product&#038;p=6412"},"modified":"2025-03-10T06:02:00","modified_gmt":"2025-03-10T06:02:00","slug":"nm-couplings","status":"publish","type":"product","link":"https:\/\/fmp-components.com\/vi\/product\/nm-couplings\/","title":{"rendered":"Kh\u1edbp n\u1ed1i NM"},"content":{"rendered":"<h2>C\u00e1c th\u00f4ng s\u1ed1 c\u1ee7a kh\u1edbp n\u1ed1i NM<\/h2>\n<table class=\"has-title all magic-9\" border=\"1\">\n<tbody>\n<tr>\n<td colspan=\"1\" rowspan=\"1\">\n<div class=\"magic-10\" data-spm-anchor-id=\"a2700.details.0.i13.236d5a3715iTIC\"><strong>m\u1ee5c<\/strong><\/div>\n<\/td>\n<td colspan=\"1\" rowspan=\"1\">\n<div class=\"magic-11\">Kh\u1edbp n\u1ed1i NM<\/div>\n<\/td>\n<\/tr>\n<tr>\n<td colspan=\"1\" rowspan=\"1\">\n<div class=\"magic-10\"><strong>C\u00e1c ng\u00e0nh c\u00f4ng nghi\u1ec7p \u00e1p d\u1ee5ng<\/strong><\/div>\n<\/td>\n<td colspan=\"1\" rowspan=\"1\">\n<div class=\"magic-11\">Kh\u00e1ch s\u1ea1n, C\u1eeda h\u00e0ng may m\u1eb7c, C\u1eeda h\u00e0ng v\u1eadt li\u1ec7u x\u00e2y d\u1ef1ng, Nh\u00e0 m\u00e1y s\u1ea3n xu\u1ea5t, C\u1eeda h\u00e0ng s\u1eeda ch\u1eefa m\u00e1y m\u00f3c, Nh\u00e0 m\u00e1y th\u1ef1c ph\u1ea9m v\u00e0 \u0111\u1ed3 u\u1ed1ng, Trang tr\u1ea1i, Nh\u00e0 h\u00e0ng, S\u1eed d\u1ee5ng t\u1ea1i nh\u00e0, B\u00e1n l\u1ebb, C\u1eeda h\u00e0ng th\u1ef1c ph\u1ea9m, C\u1eeda h\u00e0ng in \u1ea5n, C\u00f4ng tr\u00ecnh x\u00e2y d\u1ef1ng, N\u0103ng l\u01b0\u1ee3ng v\u00e0 khai th\u00e1c m\u1ecf, C\u1eeda h\u00e0ng th\u1ef1c ph\u1ea9m v\u00e0 \u0111\u1ed3 u\u1ed1ng, Kh\u00e1c, C\u00f4ng ty qu\u1ea3ng c\u00e1o<\/div>\n<\/td>\n<\/tr>\n<tr>\n<td colspan=\"1\" rowspan=\"1\">\n<div class=\"magic-10\"><strong>H\u1ed7 tr\u1ee3 t\u00f9y ch\u1ec9nh<\/strong><\/div>\n<\/td>\n<td colspan=\"1\" rowspan=\"1\">\n<div class=\"magic-11\">OEM<\/div>\n<\/td>\n<\/tr>\n<tr>\n<td colspan=\"1\" rowspan=\"1\">\n<div class=\"magic-10\"><strong>K\u1ebft c\u1ea5u<\/strong><\/div>\n<\/td>\n<td colspan=\"1\" rowspan=\"1\">\n<div class=\"magic-11\">H\u00e0m<\/div>\n<\/td>\n<\/tr>\n<tr>\n<td colspan=\"1\" rowspan=\"1\">\n<div class=\"magic-10\"><strong>Linh ho\u1ea1t ho\u1eb7c c\u1ee9ng nh\u1eafc<\/strong><\/div>\n<\/td>\n<td colspan=\"1\" rowspan=\"1\">\n<div class=\"magic-11\">Linh ho\u1ea1t<\/div>\n<\/td>\n<\/tr>\n<tr>\n<td colspan=\"1\" rowspan=\"1\">\n<div class=\"magic-10\"><strong>Ti\u00eau chu\u1ea9n ho\u1eb7c Kh\u00f4ng ti\u00eau chu\u1ea9n<\/strong><\/div>\n<\/td>\n<td colspan=\"1\" rowspan=\"1\">\n<div class=\"magic-11\">Ti\u00eau chu\u1ea9n<\/div>\n<\/td>\n<\/tr>\n<tr>\n<td colspan=\"1\" rowspan=\"1\">\n<div class=\"magic-10\"><strong>V\u1eadt li\u1ec7u<\/strong><\/div>\n<\/td>\n<td colspan=\"1\" rowspan=\"1\">\n<div class=\"magic-11\">S\u1eaft<\/div>\n<\/td>\n<\/tr>\n<tr>\n<td colspan=\"1\" rowspan=\"1\">\n<div class=\"magic-10\"><strong>N\u01a1i xu\u1ea5t x\u1ee9<\/strong><\/div>\n<\/td>\n<td colspan=\"1\" rowspan=\"1\">\n<div class=\"magic-11\">\u00dd<\/div>\n<\/td>\n<\/tr>\n<tr>\n<td colspan=\"1\" rowspan=\"1\">\n<div class=\"magic-10\"><strong>M\u00e0u s\u1eafc<\/strong><\/div>\n<\/td>\n<td colspan=\"1\" rowspan=\"1\">\n<div class=\"magic-11\" data-spm-anchor-id=\"a2700.details.0.i12.236d5a3715iTIC\">xanh l\u00e1 c\u00e2y\/xanh d\u01b0\u01a1ng\/\u0111\u1ecf\/cam<\/div>\n<\/td>\n<\/tr>\n<\/tbody>\n<\/table>\n<p><img loading=\"lazy\" decoding=\"async\" class=\"alignnone size-full wp-image-6413\" src=\"https:\/\/fmp-components.com\/wp-content\/uploads\/2025\/03\/nm-coupling-1.webp\" alt=\"Kh\u1edbp n\u1ed1i MH\" width=\"836\" height=\"669\" title=\"\" srcset=\"https:\/\/fmp-components.com\/wp-content\/uploads\/2025\/03\/nm-coupling-1.webp 836w, https:\/\/fmp-components.com\/wp-content\/uploads\/2025\/03\/nm-coupling-1-480x384.webp 480w\" sizes=\"(min-width: 0px) and (max-width: 480px) 480px, (min-width: 481px) 836px, 100vw\" \/><\/p>\n<h2>\u0110\u1eb7c \u0111i\u1ec3m c\u1ee7a kh\u1edbp n\u1ed1i NM<\/h2>\n<ul>\n<li>Gang cao c\u1ea5p ch\u1ecbu \u0111\u01b0\u1ee3c nh\u1eefng thay \u0111\u1ed5i m\u00f4-men xo\u1eafn \u0111\u1ed9t ng\u1ed9t h\u01a1n.<\/li>\n<li>V\u1eadt li\u1ec7u cao su \u0111\u1eb7c bi\u1ec7t c\u00f3 kh\u1ea3 n\u0103ng ch\u1ed1ng m\u00e0i m\u00f2n, ch\u1ecbu nhi\u1ec7t v\u00e0 ch\u1ed1ng d\u1ea7u\/kh\u00ed, \u0111\u1ea3m b\u1ea3o truy\u1ec1n \u0111\u1ed9ng tr\u01a1n tru v\u00e0 tu\u1ed5i th\u1ecd cao.<\/li>\n<li>Ch\u1ea1y \u00edt ti\u1ebfng \u1ed3n.<\/li>\n<li>Thay \u0111\u1ed5i c\u00e1c th\u00e0nh ph\u1ea7n cao su nhanh ch\u00f3ng, ti\u1ec7n l\u1ee3i v\u00e0 ti\u1ebft ki\u1ec7m.<\/li>\n<li>Ph\u00f9 h\u1ee3p v\u1edbi s\u1ef1 sai l\u1ec7ch theo h\u01b0\u1edbng xuy\u00ean t\u00e2m v\u00e0 h\u01b0\u1edbng tr\u1ee5c<\/li>\n<li>V\u00f2ng trung gian b\u1eb1ng cao su t\u1ed5ng h\u1ee3p<\/li>\n<li>Gi\u1ea3m s\u1ed1c, rung v\u00e0 ti\u1ebfng \u1ed3n gi\u1eefa h\u1ec7 th\u1ed1ng truy\u1ec1n \u0111\u1ed9ng v\u00e0 h\u1ec7 th\u1ed1ng \u0111\u01b0\u1ee3c truy\u1ec1n \u0111\u1ed9ng<\/li>\n<li>B\u1ea3o v\u1ec7 ch\u1ed1ng l\u1ea1i s\u1ef1 c\u1ed9ng h\u01b0\u1edfng c\u1ee7a \u1ed5 \u0111\u0129a v\u00e0 t\u1ea3i tr\u1ecdng va \u0111\u1eadp<\/li>\n<li>C\u00f3 s\u1eb5n trong tr\u1ee5c r\u1eafn ho\u1eb7c l\u1ed7 ho\u00e0n thi\u1ec7n<\/li>\n<\/ul>\n<p><img loading=\"lazy\" decoding=\"async\" class=\"wp-image-6415 aligncenter\" src=\"https:\/\/fmp-components.com\/wp-content\/uploads\/2025\/03\/nm-coupling.webp\" alt=\"Kh\u1edbp n\u1ed1i MH\" width=\"884\" height=\"663\" title=\"\" srcset=\"https:\/\/fmp-components.com\/wp-content\/uploads\/2025\/03\/nm-coupling.webp 480w, https:\/\/fmp-components.com\/wp-content\/uploads\/2025\/03\/nm-coupling-300x225.webp 300w, https:\/\/fmp-components.com\/wp-content\/uploads\/2025\/03\/nm-coupling-16x12.webp 16w\" sizes=\"(max-width: 884px) 100vw, 884px\" \/><\/p>","protected":false},"excerpt":{"rendered":"<p>Parameters of NM Couplings item NM Couplings Applicable Industries Hotels, Garment Shops, Building Material Shops, Manufacturing Plant, Machinery Repair Shops, Food &amp; Beverage Factory, Farms, Restaurant, Home Use, Retail, Food Shop, Printing Shops, Construction works\u00a0, Energy &amp; Mining, Food &amp; Beverage Shops, Other, Advertising Company Customized support OEM Structure Jaw Flexible or Rigid Flexible Standard [&hellip;]<\/p>","protected":false},"featured_media":6414,"comment_status":"open","ping_status":"closed","template":"","meta":{"_et_pb_use_builder":"","_et_pb_old_content":"","_et_gb_content_width":""},"product_brand":[],"product_cat":[101],"product_tag":[],"class_list":{"0":"post-6412","1":"product","2":"type-product","3":"status-publish","4":"has-post-thumbnail","6":"product_cat-coupling","8":"first","9":"instock","10":"shipping-taxable","11":"product-type-simple"},"_links":{"self":[{"href":"https:\/\/fmp-components.com\/vi\/wp-json\/wp\/v2\/product\/6412","targetHints":{"allow":["GET"]}}],"collection":[{"href":"https:\/\/fmp-components.com\/vi\/wp-json\/wp\/v2\/product"}],"about":[{"href":"https:\/\/fmp-components.com\/vi\/wp-json\/wp\/v2\/types\/product"}],"replies":[{"embeddable":true,"href":"https:\/\/fmp-components.com\/vi\/wp-json\/wp\/v2\/comments?post=6412"}],"wp:featuredmedia":[{"embeddable":true,"href":"https:\/\/fmp-components.com\/vi\/wp-json\/wp\/v2\/media\/6414"}],"wp:attachment":[{"href":"https:\/\/fmp-components.com\/vi\/wp-json\/wp\/v2\/media?parent=6412"}],"wp:term":[{"taxonomy":"product_brand","embeddable":true,"href":"https:\/\/fmp-components.com\/vi\/wp-json\/wp\/v2\/product_brand?post=6412"},{"taxonomy":"product_cat","embeddable":true,"href":"https:\/\/fmp-components.com\/vi\/wp-json\/wp\/v2\/product_cat?post=6412"},{"taxonomy":"product_tag","embeddable":true,"href":"https:\/\/fmp-components.com\/vi\/wp-json\/wp\/v2\/product_tag?post=6412"}],"curies":[{"name":"wp","href":"https:\/\/api.w.org\/{rel}","templated":true}]}}