{"id":6402,"date":"2025-03-10T05:41:33","date_gmt":"2025-03-10T05:41:33","guid":{"rendered":"https:\/\/fmp-components.com\/?post_type=product&#038;p=6402"},"modified":"2025-03-10T05:41:33","modified_gmt":"2025-03-10T05:41:33","slug":"mh-couplings","status":"publish","type":"product","link":"https:\/\/fmp-components.com\/vi\/product\/mh-couplings\/","title":{"rendered":"Kh\u1edbp n\u1ed1i MH"},"content":{"rendered":"<p>D\u00f2ng MH l\u00e0 thi\u1ebft b\u1ecb kh\u1edbp n\u1ed1i linh ho\u1ea1t \u0111\u01b0\u1ee3c ch\u1ebf t\u1ea1o b\u1eb1ng cao su t\u1ed5ng h\u1ee3p v\u1edbi hai th\u00e2n gang t\u01b0\u01a1ng t\u1ef1 nhau. C\u00e1c m\u1eb7t b\u00edch gang ch\u1ea5t l\u01b0\u1ee3ng cao ch\u1ee7 y\u1ebfu \u0111\u01b0\u1ee3c s\u1eed d\u1ee5ng \u0111\u1ec3 truy\u1ec1n l\u1ef1c v\u00e0 b\u1ea3o v\u1ec7 cao su linh ho\u1ea1t. Cao su \u0111\u00e0n h\u1ed3i c\u1ee7a n\u00f3 mang l\u1ea1i \u0111\u1ed9 b\u1ec1n tuy\u1ec7t v\u1eddi v\u00e0 hi\u1ec7u su\u1ea5t kh\u1edbp n\u1ed1i ch\u1ea5t l\u01b0\u1ee3ng. Kh\u1edbp n\u1ed1i MH bao g\u1ed3m hai m\u1eb7t b\u00edch v\u00e0 v\u00f2ng \u0111\u00e0n h\u1ed3i, c\u00f3 kh\u1ea3 n\u0103ng b\u00f9 cho c\u00e1c lo\u1ea1i l\u1ec7ch tr\u1ee5c kh\u00e1c nhau. V\u00f2ng \u0111\u00e0n h\u1ed3i \u0111\u01b0\u1ee3c l\u00e0m b\u1eb1ng cao su t\u1ed5ng h\u1ee3p v\u00e0 \u0111\u01b0\u1ee3c gia c\u1ed1 b\u1eb1ng l\u00f5i th\u00e9p b\u00ean trong \u0111\u1ec3 t\u0103ng \u0111\u1ed9 tin c\u1eady c\u1ee7a kh\u1edbp n\u1ed1i v\u00e0 t\u1ed1c \u0111\u1ed9 v\u1eadn h\u00e0nh t\u1ed1i \u0111a. C\u00e1c \u0111\u1eb7c t\u00ednh gi\u1ea3m ch\u1ea5n c\u1ee7a cao su c\u00f3 th\u1ec3 h\u1ea5p th\u1ee5 v\u00e0 tri\u1ec7t ti\u00eau rung \u0111\u1ed9ng xo\u1eafn v\u00e0 ho\u1ea1t \u0111\u1ed9ng hi\u1ec7u qu\u1ea3 trong ph\u1ea1m vi nhi\u1ec7t \u0111\u1ed9 t\u1eeb -40 \u0111\u1ebfn +100\u00b0C. Ngo\u00e0i ra, cao su c\u00f3 kh\u1ea3 n\u0103ng ch\u1ed1ng d\u1ea7u, b\u1ee5i b\u1ea9n, m\u1ee1, \u0111\u1ed9 \u1ea9m, ozone v\u00e0 nhi\u1ec1u dung m\u00f4i h\u00f3a h\u1ecdc.<\/p>\n<h2>X\u00e2y d\u1ef1ng kh\u1edbp n\u1ed1i MH<\/h2>\n<p><img loading=\"lazy\" decoding=\"async\" class=\"size-full wp-image-6405 aligncenter\" src=\"https:\/\/fmp-components.com\/wp-content\/uploads\/2025\/03\/mh-couplings-1.webp\" alt=\"Kh\u1edbp n\u1ed1i MH\" width=\"600\" height=\"400\" title=\"\" srcset=\"https:\/\/fmp-components.com\/wp-content\/uploads\/2025\/03\/mh-couplings-1.webp 600w, https:\/\/fmp-components.com\/wp-content\/uploads\/2025\/03\/mh-couplings-1-480x320.webp 480w\" sizes=\"(min-width: 0px) and (max-width: 480px) 480px, (min-width: 481px) 600px, 100vw\" \/> \u00a0<img loading=\"lazy\" decoding=\"async\" class=\"size-full wp-image-6407 aligncenter\" src=\"https:\/\/fmp-components.com\/wp-content\/uploads\/2025\/03\/k3gaks3a-mh-coupling-2.webp\" alt=\"Kh\u1edbp n\u1ed1i MH\" width=\"686\" height=\"429\" title=\"\" srcset=\"https:\/\/fmp-components.com\/wp-content\/uploads\/2025\/03\/k3gaks3a-mh-coupling-2.webp 686w, https:\/\/fmp-components.com\/wp-content\/uploads\/2025\/03\/k3gaks3a-mh-coupling-2-480x300.webp 480w\" sizes=\"(min-width: 0px) and (max-width: 480px) 480px, (min-width: 481px) 686px, 100vw\" \/><\/p>\n<h2>Th\u00f4ng s\u1ed1 k\u1ef9 thu\u1eadt kh\u1edbp n\u1ed1i MH<\/h2>\n<p><img loading=\"lazy\" decoding=\"async\" class=\"alignnone size-full wp-image-6395\" src=\"https:\/\/fmp-components.com\/wp-content\/uploads\/2025\/03\/mh-coupling-1.webp\" alt=\"Kh\u1edbp n\u1ed1i MH\" width=\"867\" height=\"567\" title=\"\" srcset=\"https:\/\/fmp-components.com\/wp-content\/uploads\/2025\/03\/mh-coupling-1.webp 867w, https:\/\/fmp-components.com\/wp-content\/uploads\/2025\/03\/mh-coupling-1-480x314.webp 480w\" sizes=\"(min-width: 0px) and (max-width: 480px) 480px, (min-width: 481px) 867px, 100vw\" \/><\/p>\n<h3>\u1ee8ng d\u1ee5ng c\u1ee7a kh\u1edbp n\u1ed1i MH<\/h3>\n<p>T\u00f9y thu\u1ed9c v\u00e0o thi\u1ebft k\u1ebf c\u1ee5 th\u1ec3 v\u00e0 b\u1ed1i c\u1ea3nh ng\u00e0nh, kh\u1edbp n\u1ed1i MH c\u00f3 th\u1ec3 \u0111\u01b0\u1ee3c chia th\u00e0nh nhi\u1ec1u lo\u1ea1i, m\u1ed7i lo\u1ea1i c\u00f3 \u1ee9ng d\u1ee5ng ri\u00eang. D\u01b0\u1edbi \u0111\u00e2y l\u00e0 t\u1ed5ng quan c\u00f3 c\u1ea5u tr\u00fac v\u1ec1 c\u00e1c \u1ee9ng d\u1ee5ng ti\u1ec1m n\u0103ng d\u1ef1a tr\u00ean c\u00e1c c\u00e1ch hi\u1ec3u ph\u1ed5 bi\u1ebfn:<\/p>\n<h4>M\u00e1y m\u00f3c c\u00f4ng nghi\u1ec7p t\u1ed5ng h\u1ee3p<\/h4>\n<ul>\n<li>M\u00e1y b\u01a1m v\u00e0 m\u00e1y n\u00e9n: K\u1ebft n\u1ed1i \u0111\u1ed9ng c\u01a1 v\u1edbi tr\u1ee5c, \u0111i\u1ec1u ch\u1ec9nh \u0111\u1ed9 l\u1ec7ch v\u00e0 gi\u1ea3m truy\u1ec1n rung \u0111\u1ed9ng.<\/li>\n<li>H\u1ec7 th\u1ed1ng b\u0103ng t\u1ea3i: K\u1ebft n\u1ed1i \u0111\u1ed9ng c\u01a1 truy\u1ec1n \u0111\u1ed9ng v\u1edbi b\u0103ng t\u1ea3i, cho ph\u00e9p thay \u0111\u1ed5i v\u1ecb tr\u00ed do hao m\u00f2n khi v\u1eadn h\u00e0nh.<\/li>\n<li>Qu\u1ea1t v\u00e0 m\u00e1y th\u1ed5i: Gi\u1ea3m rung \u0111\u1ed9ng v\u00e0 x\u1eed l\u00fd s\u1ef1 gi\u00e3n n\u1edf v\u00ec nhi\u1ec7t trong h\u1ec7 th\u1ed1ng HVAC.<\/li>\n<\/ul>\n<h4>Ki\u1ec3m so\u00e1t chuy\u1ec3n \u0111\u1ed9ng ch\u00ednh x\u00e1c<\/h4>\n<ul>\n<li>Robot: \u1ed0ng th\u1ed5i c\u00f3 \u0111\u1ed9 ch\u00ednh x\u00e1c cao ho\u1eb7c kh\u1edbp n\u1ed1i xo\u1eafn \u1ed1c (v\u00ed d\u1ee5: d\u00f2ng R+W MH) \u0111\u1ea3m b\u1ea3o kh\u00f4ng c\u00f3 khe h\u1edf trong c\u00e1c kh\u1edbp n\u1ed1i \u0111\u01b0\u1ee3c \u0111i\u1ec1u khi\u1ec3n b\u1eb1ng servo.<\/li>\n<li>M\u00e1y CNC: Truy\u1ec1n chuy\u1ec3n \u0111\u1ed9ng ch\u00ednh x\u00e1c t\u1eeb \u0111\u1ed9ng c\u01a1 \u0111\u1ebfn tr\u1ee5c ch\u00ednh ho\u1eb7c v\u00edt me.<\/li>\n<li>S\u1ea3n xu\u1ea5t ch\u1ea5t b\u00e1n d\u1eabn: \u0110\u01b0\u1ee3c s\u1eed d\u1ee5ng trong thi\u1ebft b\u1ecb ph\u00f2ng s\u1ea1ch \u0111\u1ec3 \u0111\u1ecbnh v\u1ecb ch\u00ednh x\u00e1c.<\/li>\n<\/ul>\n<h4>H\u1ec7 th\u1ed1ng th\u1ee7y l\u1ef1c v\u00e0 ch\u1ea5t l\u1ecfng<\/h4>\n<ul>\n<li>Kh\u1edbp n\u1ed1i ng\u1eaft nhanh: Cho ph\u00e9p k\u1ebft n\u1ed1i nhanh, kh\u00f4ng b\u1ecb r\u00f2 r\u1ec9 trong m\u00e1y m\u00f3c th\u1ee7y l\u1ef1c (x\u00e2y d\u1ef1ng, n\u00f4ng nghi\u1ec7p).<\/li>\n<li>Nh\u00e0 m\u00e1y h\u00f3a ch\u1ea5t: Kh\u1edbp n\u1ed1i \u1ed1ng kim lo\u1ea1i x\u1eed l\u00fd ch\u1ea5t l\u1ecfng \u0103n m\u00f2n v\u00e0 nhi\u1ec7t \u0111\u1ed9 cao.<\/li>\n<\/ul>\n<h4>M\u00f4i tr\u01b0\u1eddng nhi\u1ec7t \u0111\u1ed9 cao\/\u0103n m\u00f2n<\/h4>\n<ul>\n<li>H\u1ec7 th\u1ed1ng x\u1ea3: \u1ee8ng d\u1ee5ng \u00f4 t\u00f4\/h\u00e0ng h\u1ea3i s\u1eed d\u1ee5ng kh\u1edbp n\u1ed1i \u1ed1ng kim lo\u1ea1i ch\u1ecbu nhi\u1ec7t.<\/li>\n<li>D\u1ea7u kh\u00ed: Kh\u1edbp n\u1ed1i m\u1ec1m trong \u0111\u01b0\u1eddng \u1ed1ng \u0111\u1ec3 ki\u1ec3m so\u00e1t s\u1ef1 gi\u00e3n n\u1edf v\u00ec nhi\u1ec7t v\u00e0 \u0111\u1ed9 rung.<\/li>\n<\/ul>\n<h4>H\u00e0ng h\u1ea3i v\u00e0 ngo\u00e0i kh\u01a1i<\/h4>\n<ul>\n<li>H\u1ec7 th\u1ed1ng \u0111\u1ea9y: X\u1eed l\u00fd t\u00ecnh tr\u1ea1ng tr\u1ee5c kh\u00f4ng th\u1eb3ng h\u00e0ng do th\u00e2n t\u00e0u u\u1ed1n cong.<\/li>\n<li>M\u00e1y m\u00f3c tr\u00ean boong: K\u1ebft n\u1ed1i c\u00e1c b\u1ed9 truy\u1ec1n \u0111\u1ed9ng trong t\u1eddi\/c\u1ea7n c\u1ea9u ch\u1ecbu t\u1ea3i tr\u1ecdng \u0111\u1ed9ng.<\/li>\n<\/ul>\n<h4>N\u0103ng l\u01b0\u1ee3ng t\u00e1i t\u1ea1o<\/h4>\n<ul>\n<li><strong>Tua bin gi\u00f3<\/strong>: Kh\u1edbp n\u1ed1i gi\u1eefa h\u1ed9p s\u1ed1 v\u00e0 m\u00e1y ph\u00e1t \u0111i\u1ec7n, x\u1eed l\u00fd t\u1ea3i tr\u1ecdng thay \u0111\u1ed5i v\u00e0 \u0111\u1ed9 l\u1ec7ch.<\/li>\n<\/ul>\n<p><img loading=\"lazy\" decoding=\"async\" class=\"wp-image-6406 aligncenter\" src=\"https:\/\/fmp-components.com\/wp-content\/uploads\/2025\/03\/mh-couplings-2.webp\" alt=\"Kh\u1edbp n\u1ed1i MH\" width=\"652\" height=\"652\" title=\"\" srcset=\"https:\/\/fmp-components.com\/wp-content\/uploads\/2025\/03\/mh-couplings-2.webp 652w, https:\/\/fmp-components.com\/wp-content\/uploads\/2025\/03\/mh-couplings-2-480x480.webp 480w\" sizes=\"(min-width: 0px) and (max-width: 480px) 480px, (min-width: 481px) 652px, 100vw\" \/><\/p>","protected":false},"excerpt":{"rendered":"<p>D\u00f2ng MH l\u00e0 thi\u1ebft b\u1ecb kh\u1edbp n\u1ed1i m\u1ec1m \u0111\u01b0\u1ee3c ch\u1ebf t\u1ea1o t\u1eeb cao su t\u1ed5ng h\u1ee3p v\u1edbi hai th\u00e2n gang t\u01b0\u01a1ng t\u1ef1 nhau. M\u1eb7t b\u00edch gang ch\u1ea5t l\u01b0\u1ee3ng cao ch\u1ee7 y\u1ebfu \u0111\u01b0\u1ee3c s\u1eed d\u1ee5ng \u0111\u1ec3 truy\u1ec1n l\u1ef1c v\u00e0 b\u1ea3o v\u1ec7 cao su m\u1ec1m. Cao su \u0111\u00e0n h\u1ed3i c\u1ee7a n\u00f3 mang l\u1ea1i \u0111\u1ed9 b\u1ec1n v\u00e0 hi\u1ec7u su\u1ea5t kh\u1edbp n\u1ed1i ch\u1ea5t l\u01b0\u1ee3ng tuy\u1ec7t v\u1eddi. Kh\u1edbp n\u1ed1i MH bao g\u1ed3m hai m\u1eb7t b\u00edch v\u00e0 v\u00f2ng \u0111\u00e0n h\u1ed3i, [\u2026]<\/p>","protected":false},"featured_media":6404,"comment_status":"open","ping_status":"closed","template":"","meta":{"_et_pb_use_builder":"","_et_pb_old_content":"","_et_gb_content_width":""},"product_brand":[],"product_cat":[101],"product_tag":[],"class_list":{"0":"post-6402","1":"product","2":"type-product","3":"status-publish","4":"has-post-thumbnail","6":"product_cat-coupling","8":"first","9":"instock","10":"shipping-taxable","11":"product-type-simple"},"_links":{"self":[{"href":"https:\/\/fmp-components.com\/vi\/wp-json\/wp\/v2\/product\/6402","targetHints":{"allow":["GET"]}}],"collection":[{"href":"https:\/\/fmp-components.com\/vi\/wp-json\/wp\/v2\/product"}],"about":[{"href":"https:\/\/fmp-components.com\/vi\/wp-json\/wp\/v2\/types\/product"}],"replies":[{"embeddable":true,"href":"https:\/\/fmp-components.com\/vi\/wp-json\/wp\/v2\/comments?post=6402"}],"wp:featuredmedia":[{"embeddable":true,"href":"https:\/\/fmp-components.com\/vi\/wp-json\/wp\/v2\/media\/6404"}],"wp:attachment":[{"href":"https:\/\/fmp-components.com\/vi\/wp-json\/wp\/v2\/media?parent=6402"}],"wp:term":[{"taxonomy":"product_brand","embeddable":true,"href":"https:\/\/fmp-components.com\/vi\/wp-json\/wp\/v2\/product_brand?post=6402"},{"taxonomy":"product_cat","embeddable":true,"href":"https:\/\/fmp-components.com\/vi\/wp-json\/wp\/v2\/product_cat?post=6402"},{"taxonomy":"product_tag","embeddable":true,"href":"https:\/\/fmp-components.com\/vi\/wp-json\/wp\/v2\/product_tag?post=6402"}],"curies":[{"name":"wp","href":"https:\/\/api.w.org\/{rel}","templated":true}]}}