{"id":6394,"date":"2025-03-10T05:33:12","date_gmt":"2025-03-10T05:33:12","guid":{"rendered":"https:\/\/fmp-components.com\/?post_type=product&#038;p=6394"},"modified":"2025-03-10T05:57:43","modified_gmt":"2025-03-10T05:57:43","slug":"pin-couplings","status":"publish","type":"product","link":"https:\/\/fmp-components.com\/vi\/product\/pin-couplings\/","title":{"rendered":"Kh\u1edbp n\u1ed1i PIN"},"content":{"rendered":"<p>Trong kh\u1edbp n\u1ed1i ch\u1ed1t \u1ed1ng l\u00f3t, c\u00f3 m\u1ed9t v\u00f2ng trung gian gi\u1eefa c\u00e1c ph\u1ea7n t\u1eed \u0111\u00e0n h\u1ed3i. V\u00f2ng n\u00e0y n\u1ed5i v\u00e0 \u0111\u01b0\u1ee3c k\u1ebft n\u1ed1i v\u1edbi \u0111\u0129a cu\u1ed1i \u0111\u01b0\u1ee3c c\u0103n ch\u1ec9nh b\u1eb1ng ch\u1ed1t. Kh\u1edbp n\u1ed1i \u0111\u01b0\u1ee3c truy\u1ec1n \u0111\u1ebfn n\u1eeda c\u00f2n l\u1ea1i c\u1ee7a kh\u1edbp n\u1ed1i th\u00f4ng qua ph\u1ea7n t\u1eed \u0111\u00e0n h\u1ed3i \u0111\u01b0\u1ee3c g\u1eafn tr\u00ean ch\u1ed1t, trong khi ch\u1ed1t v\u00e0 n\u1eeda kh\u1edbp n\u1ed1i \u0111\u01b0\u1ee3c k\u1ebft n\u1ed1i kh\u00f4ng c\u1ee9ng, c\u00f3 th\u1ec3 t\u1ea3i tr\u01a1n tru v\u00e0 gi\u1ea3m \u0111\u00e1ng k\u1ec3 l\u1ef1c ngang.<\/p>\n<p>\u01afu \u0111i\u1ec3m c\u1ee7a kh\u1edbp n\u1ed1i n\u00e0y l\u00e0 c\u00f3 th\u1ec3 d\u1ec5 d\u00e0ng k\u1ebft h\u1ee3p v\u1edbi c\u00e1c tr\u1ee5c h\u01a1i l\u1ec7ch t\u00e2m v\u00e0 t\u0103ng th\u00eam \u0111\u1ed9 linh ho\u1ea1t nh\u1ea5t \u0111\u1ecbnh \u0111\u1ec3 h\u1ea5p th\u1ee5 rung \u0111\u1ed9ng v\u00e0 ch\u1ea5n \u0111\u1ed9ng. Kh\u1edbp n\u1ed1i n\u00e0y \u0111\u1eb7c bi\u1ec7t ph\u00f9 h\u1ee3p v\u1edbi c\u00e1c tr\u01b0\u1eddng h\u1ee3p c\u00f3 \u0111\u1ed9 l\u1ec7ch tr\u1ee5c, h\u01b0\u1edbng k\u00ednh ho\u1eb7c g\u00f3c v\u00e0 l\u00e0 m\u1ed9t thi\u1ebft b\u1ecb kh\u1edbp n\u1ed1i linh ho\u1ea1t.<\/p>\n<h2>K\u00edch th\u01b0\u1edbc c\u1ee7a kh\u1edbp n\u1ed1i ch\u1ed1t<\/h2>\n<p><img loading=\"lazy\" decoding=\"async\" class=\"alignnone size-full wp-image-6401\" src=\"https:\/\/fmp-components.com\/wp-content\/uploads\/2025\/03\/pin-coupling-specification.webp\" alt=\"th\u00f4ng s\u1ed1 k\u1ef9 thu\u1eadt kh\u1edbp n\u1ed1i ch\u00e2n\" width=\"873\" height=\"687\" title=\"\" srcset=\"https:\/\/fmp-components.com\/wp-content\/uploads\/2025\/03\/pin-coupling-specification.webp 873w, https:\/\/fmp-components.com\/wp-content\/uploads\/2025\/03\/pin-coupling-specification-480x378.webp 480w\" sizes=\"(min-width: 0px) and (max-width: 480px) 480px, (min-width: 481px) 873px, 100vw\" \/><\/p>\n<h3>\u0110\u1eb7c \u0111i\u1ec3m c\u1ee7a kh\u1edbp n\u1ed1i ch\u1ed1t<\/h3>\n<p>1. Thi\u1ebft k\u1ebf ti\u1ebft ki\u1ec7m chi ph\u00ed v\u00e0 th\u00e2n thi\u1ec7n v\u1edbi ng\u01b0\u1eddi d\u00f9ng<\/p>\n<ul>\n<li>Chi ph\u00ed th\u1ea5p: Gi\u1ea3i ph\u00e1p ti\u1ebft ki\u1ec7m cho vi\u1ec7c truy\u1ec1n m\u00f4-men xo\u1eafn gi\u1eefa c\u00e1c tr\u1ee5c.<\/li>\n<li>L\u1eafp r\u00e1p \u0111\u01a1n gi\u1ea3n: Quy tr\u00ecnh l\u1eafp \u0111\u1eb7t h\u1ee3p l\u00fd gi\u00fap gi\u1ea3m thi\u1ec3u th\u1eddi gian ch\u1ebft.<\/li>\n<li>T\u00ednh linh ho\u1ea1t c\u1ee7a v\u1eadt li\u1ec7u: Th\u01b0\u1eddng \u0111\u01b0\u1ee3c l\u00e0m t\u1eeb kim lo\u1ea1i ho\u1eb7c cao su, v\u1edbi c\u00e1c bi\u1ebfn th\u1ec3 chuy\u00ean d\u1ee5ng \u0111\u1ec3 t\u0103ng c\u01b0\u1eddng \u0111\u1ed9 b\u1ec1n cho kh\u1edbp n\u1ed1i.<\/li>\n<\/ul>\n<p>2. \u01afu \u0111i\u1ec3m v\u1ec1 m\u1eb7t c\u01a1 h\u1ecdc<\/p>\n<ul>\n<li>Dung sai l\u1ec7ch tr\u1ee5c: C\u00f3 kh\u1ea3 n\u0103ng x\u1eed l\u00fd c\u00e1c sai l\u1ec7ch tr\u1ee5c g\u00f3c, song song v\u00e0 tr\u1ee5c d\u1ecdc, gi\u1ea3m \u1ee9ng su\u1ea5t l\u00ean thi\u1ebft b\u1ecb \u0111\u01b0\u1ee3c k\u1ebft n\u1ed1i.<\/li>\n<li>Kh\u1ea3 n\u0103ng ch\u1ecbu l\u1ef1c: T\u1eadn d\u1ee5ng ma s\u00e1t tr\u00ean b\u1ec1 m\u1eb7t ti\u1ebfp x\u00fac \u0111\u1ec3 ch\u1ecbu l\u1ef1c l\u1edbn, gi\u1ea3m rung \u0111\u1ed9ng hi\u1ec7u qu\u1ea3 v\u00e0 k\u00e9o d\u00e0i tu\u1ed5i th\u1ecd m\u00e1y m\u00f3c.<\/li>\n<\/ul>\n<p>3. Nh\u1eefng c\u00e2n nh\u1eafc v\u1ec1 thi\u1ebft k\u1ebf k\u1ef9 thu\u1eadt<\/p>\n<ul>\n<li>T\u1ed1i \u01b0u h\u00f3a kh\u1edbp n\u1ed1i ba ch\u00e2n:\n<ul>\n<li>Qu\u1ea3n l\u00fd ma s\u00e1t: M\u1eb7t ph\u1eb3ng giao di\u1ec7n \u0111\u01b0\u1ee3c thi\u1ebft k\u1ebf \u0111\u1ec3 c\u00f3 ma s\u00e1t cao h\u01a1n, trong khi c\u00e1c c\u1ea1nh ch\u1ed1t duy tr\u00ec ma s\u00e1t th\u1ea5p \u0111\u1ec3 ng\u0103n ng\u1eeba u\u1ed1n cong kh\u00f4ng \u0111\u1ed1i x\u1ee9ng.<\/li>\n<li>T\u1ea5m ma s\u00e1t l\u00f5m: T\u00ednh n\u0103ng t\u00f9y ch\u1ecdn \u0111\u1ec3 t\u0103ng c\u01b0\u1eddng t\u00ednh ch\u1ea5t ma s\u00e1t v\u00e0 hi\u1ec7u qu\u1ea3 truy\u1ec1n m\u00f4-men xo\u1eafn.<\/li>\n<\/ul>\n<\/li>\n<li>\u0110\u1ed9 ch\u00ednh x\u00e1c t\u1ea3i tr\u01b0\u1edbc: Bu l\u00f4ng ph\u1ea3i \u0111\u01b0\u1ee3c si\u1ebft ch\u1eb7t \u0111\u1ebfn \u00edt nh\u1ea5t 10% c\u1ee7a t\u1ea3i cu\u1ed1i c\u00f9ng \u0111\u1ec3 \u0111\u1ea3m b\u1ea3o ti\u1ebfp x\u00fac gi\u1eefa ch\u1ed1t v\u00e0 giao di\u1ec7n an to\u00e0n v\u00e0 hi\u1ec7u su\u1ea5t t\u1ed1i \u01b0u.<\/li>\n<\/ul>\n<p>4. Vai tr\u00f2 b\u1ea3o v\u1ec7 v\u00e0 an to\u00e0n<\/p>\n<ul>\n<li>Ho\u1ea1t \u0111\u1ed9ng nh\u01b0 m\u1ed9t bi\u1ec7n ph\u00e1p b\u1ea3o v\u1ec7 c\u01a1 h\u1ecdc, h\u1ea5p th\u1ee5 t\u1ea3i tr\u1ecdng va \u0111\u1eadp v\u00e0 ng\u0103n ng\u1eeba h\u01b0 h\u1ecfng cho c\u00e1c b\u1ed9 ph\u1eadn quan tr\u1ecdng trong \u0111i\u1ec1u ki\u1ec7n qu\u00e1 t\u1ea3i.<\/li>\n<\/ul>\n<p>5. Kh\u1ea3 n\u0103ng t\u00f9y ch\u1ec9nh v\u00e0 th\u00edch \u1ee9ng<\/p>\n<ul>\n<li>C\u1ea5u h\u00ecnh chuy\u00ean d\u1ee5ng: C\u00f3 s\u1eb5n c\u00e1c thi\u1ebft k\u1ebf ph\u00f9 h\u1ee3p \u0111\u1ec3 \u0111\u00e1p \u1ee9ng nhu c\u1ea7u v\u1eadn h\u00e0nh c\u1ee5 th\u1ec3, ch\u1eb3ng h\u1ea1n nh\u01b0 m\u00f4i tr\u01b0\u1eddng c\u00f3 m\u00f4-men xo\u1eafn cao ho\u1eb7c \u0103n m\u00f2n.<\/li>\n<\/ul>\n<p>Kh\u1edbp n\u1ed1i ch\u1ed1t mang l\u1ea1i s\u1ef1 c\u00e2n b\u1eb1ng th\u1ef1c t\u1ebf gi\u1eefa t\u00ednh \u0111\u01a1n gi\u1ea3n, kh\u1ea3 n\u0103ng ph\u1ee5c h\u1ed3i v\u00e0 kh\u1ea3 n\u0103ng th\u00edch \u1ee9ng, khi\u1ebfn ch\u00fang tr\u1edf n\u00ean l\u00fd t\u01b0\u1edfng cho c\u00e1c h\u1ec7 th\u1ed1ng y\u00eau c\u1ea7u truy\u1ec1n m\u00f4-men xo\u1eafn hi\u1ec7u qu\u1ea3 v\u1ec1 chi ph\u00ed v\u1edbi kh\u1ea3 n\u0103ng qu\u1ea3n l\u00fd \u0111\u1ed9 l\u1ec7ch v\u00e0 \u0111\u1ed9 rung t\u00edch h\u1ee3p.<\/p>","protected":false},"excerpt":{"rendered":"<p>Trong kh\u1edbp n\u1ed1i ch\u1ed1t \u1ed1ng l\u00f3t, c\u00f3 m\u1ed9t v\u00f2ng trung gian gi\u1eefa c\u00e1c ph\u1ea7n t\u1eed \u0111\u00e0n h\u1ed3i. V\u00f2ng n\u00e0y n\u1ed5i v\u00e0 \u0111\u01b0\u1ee3c k\u1ebft n\u1ed1i v\u1edbi \u0111\u0129a cu\u1ed1i \u0111\u01b0\u1ee3c c\u0103n ch\u1ec9nh b\u1eb1ng m\u1ed9t ch\u1ed1t. Kh\u1edbp n\u1ed1i \u0111\u01b0\u1ee3c truy\u1ec1n \u0111\u1ebfn n\u1eeda c\u00f2n l\u1ea1i c\u1ee7a kh\u1edbp n\u1ed1i th\u00f4ng qua ph\u1ea7n t\u1eed \u0111\u00e0n h\u1ed3i \u0111\u01b0\u1ee3c g\u1eafn tr\u00ean ch\u1ed1t, trong khi ch\u1ed1t v\u00e0 n\u1eeda c\u00f2n l\u1ea1i [\u2026]<\/p>","protected":false},"featured_media":6396,"comment_status":"open","ping_status":"closed","template":"","meta":{"_et_pb_use_builder":"","_et_pb_old_content":"","_et_gb_content_width":""},"product_brand":[],"product_cat":[101],"product_tag":[],"class_list":{"0":"post-6394","1":"product","2":"type-product","3":"status-publish","4":"has-post-thumbnail","6":"product_cat-coupling","8":"first","9":"instock","10":"shipping-taxable","11":"product-type-simple"},"_links":{"self":[{"href":"https:\/\/fmp-components.com\/vi\/wp-json\/wp\/v2\/product\/6394","targetHints":{"allow":["GET"]}}],"collection":[{"href":"https:\/\/fmp-components.com\/vi\/wp-json\/wp\/v2\/product"}],"about":[{"href":"https:\/\/fmp-components.com\/vi\/wp-json\/wp\/v2\/types\/product"}],"replies":[{"embeddable":true,"href":"https:\/\/fmp-components.com\/vi\/wp-json\/wp\/v2\/comments?post=6394"}],"wp:featuredmedia":[{"embeddable":true,"href":"https:\/\/fmp-components.com\/vi\/wp-json\/wp\/v2\/media\/6396"}],"wp:attachment":[{"href":"https:\/\/fmp-components.com\/vi\/wp-json\/wp\/v2\/media?parent=6394"}],"wp:term":[{"taxonomy":"product_brand","embeddable":true,"href":"https:\/\/fmp-components.com\/vi\/wp-json\/wp\/v2\/product_brand?post=6394"},{"taxonomy":"product_cat","embeddable":true,"href":"https:\/\/fmp-components.com\/vi\/wp-json\/wp\/v2\/product_cat?post=6394"},{"taxonomy":"product_tag","embeddable":true,"href":"https:\/\/fmp-components.com\/vi\/wp-json\/wp\/v2\/product_tag?post=6394"}],"curies":[{"name":"wp","href":"https:\/\/api.w.org\/{rel}","templated":true}]}}