{"id":6390,"date":"2025-03-10T05:14:19","date_gmt":"2025-03-10T05:14:19","guid":{"rendered":"https:\/\/fmp-components.com\/?post_type=product&#038;p=6390"},"modified":"2025-03-10T05:14:19","modified_gmt":"2025-03-10T05:14:19","slug":"spacer-couplings-replacement-of-fenaflex-spacer-couplings","status":"publish","type":"product","link":"https:\/\/fmp-components.com\/vi\/product\/spacer-couplings-replacement-of-fenaflex-spacer-couplings\/","title":{"rendered":"Kh\u1edbp n\u1ed1i gi\u00e3n c\u00e1ch - Thay th\u1ebf kh\u1edbp n\u1ed1i gi\u00e3n c\u00e1ch Fenaflex"},"content":{"rendered":"<p>Kh\u1edbp n\u1ed1i \u0111\u1ec7m Fenaflex bao g\u1ed3m kh\u1edbp n\u1ed1i l\u1ed1p Fenaflex (k\u00edch th\u01b0\u1edbc F40-F140) v\u00e0 c\u1ee5m b\u00edch \u0111\u1ec7m. C\u00e1c kh\u1edbp n\u1ed1i n\u00e0y \u0111\u01b0\u1ee3c thi\u1ebft k\u1ebf \u0111\u1ec3 gi\u00fap di chuy\u1ec3n m\u1ed9t trong c\u00e1c tr\u1ee5c qua l\u1ea1i d\u1ec5 d\u00e0ng h\u01a1n m\u00e0 kh\u00f4ng l\u00e0m \u1ea3nh h\u01b0\u1edfng \u0111\u1ebfn m\u00e1y m\u00f3c ho\u1eb7c b\u1ed9 truy\u1ec1n \u0111\u1ed9ng m\u00e0 n\u00f3 \u0111\u01b0\u1ee3c k\u1ebft n\u1ed1i, gi\u1ed1ng nh\u01b0 trong r\u00f4to b\u01a1m ly t\u00e2m.<\/p>\n<p>Ch\u00fang \u0111\u01b0\u1ee3c thi\u1ebft k\u1ebf \u0111\u1ec3 ph\u00f9 h\u1ee3p v\u1edbi kho\u1ea3ng c\u00e1ch ti\u00eau chu\u1ea9n 80, 100, 140 v\u00e0 180 mm gi\u1eefa c\u00e1c \u0111\u1ea7u tr\u1ee5c. C\u00e1c kh\u1edbp n\u1ed1i n\u00e0y r\u1ea5t linh ho\u1ea1t v\u00e0 b\u1ec1n b\u1ec9, mang \u0111\u1ebfn cho c\u00e1c k\u1ef9 s\u01b0 v\u00e0 nh\u00e0 thi\u1ebft k\u1ebf nhi\u1ec1u l\u1ef1a ch\u1ecdn kh\u00e1c nhau \u0111\u1ec3 ph\u00f9 h\u1ee3p v\u1edbi nhi\u1ec1u m\u1ee5c \u0111\u00edch s\u1eed d\u1ee5ng kh\u00e1c nhau b\u1eb1ng c\u00e1ch ch\u1ecdn \u0111\u00fang m\u1eb7t b\u00edch kh\u1edbp n\u1ed1i.<\/p>\n<p><img loading=\"lazy\" decoding=\"async\" class=\"alignnone  wp-image-6391\" src=\"https:\/\/fmp-components.com\/wp-content\/uploads\/2025\/03\/fenaflex-spacer-coupling-2.webp\" alt=\"Fenaflex-Spacer-Couplings\" width=\"902\" height=\"666\" title=\"\" srcset=\"https:\/\/fmp-components.com\/wp-content\/uploads\/2025\/03\/fenaflex-spacer-coupling-2.webp 902w, https:\/\/fmp-components.com\/wp-content\/uploads\/2025\/03\/fenaflex-spacer-coupling-2-480x354.webp 480w\" sizes=\"(min-width: 0px) and (max-width: 480px) 480px, (min-width: 481px) 902px, 100vw\" \/> \u00a0<img loading=\"lazy\" decoding=\"async\" class=\"alignnone size-full wp-image-6393\" src=\"https:\/\/fmp-components.com\/wp-content\/uploads\/2025\/03\/Spacer-Couplings-1.webp\" alt=\"B\u1ed9 gh\u00e9p n\u1ed1i gi\u00e3n c\u00e1ch\" width=\"892\" height=\"772\" title=\"\" srcset=\"https:\/\/fmp-components.com\/wp-content\/uploads\/2025\/03\/Spacer-Couplings-1.webp 892w, https:\/\/fmp-components.com\/wp-content\/uploads\/2025\/03\/Spacer-Couplings-1-480x415.webp 480w\" sizes=\"(min-width: 0px) and (max-width: 480px) 480px, (min-width: 481px) 892px, 100vw\" \/><\/p>\n<div class=\"dad65929\">\n<div class=\"f9bf7997 d7dc56a8 c05b5566\">\n<div class=\"ds-markdown ds-markdown--block\">\n<h2>C\u00e1c t\u00ednh n\u0103ng c\u1ee7a vi\u1ec7c thay th\u1ebf kh\u1edbp n\u1ed1i \u0111\u1ec7m Fenaflex<\/h2>\n<p><strong>1. C\u00e0i \u0111\u1eb7t \u0111\u01a1n gi\u1ea3n v\u00e0 linh ho\u1ea1t trong vi\u1ec7c c\u0103n ch\u1ec9nh<\/strong><\/p>\n<ul>\n<li><strong>Thi\u1ebft l\u1eadp d\u1ec5 d\u00e0ng<\/strong>: \u0110\u01b0\u1ee3c thi\u1ebft k\u1ebf \u0111\u1ec3 l\u1eafp \u0111\u1eb7t nhanh ch\u00f3ng, d\u1ec5 d\u00e0ng, gi\u1ea3m th\u1eddi gian ch\u1ebft.<\/li>\n<li><strong>Kh\u1ea3 n\u0103ng ch\u1ecbu sai l\u1ec7ch v\u01b0\u1ee3t tr\u1ed9i<\/strong>: Ph\u00f9 h\u1ee3p v\u1edbi \u0111\u1ed9 l\u1ec7ch g\u00f3c l\u00ean \u0111\u1ebfn\u00a0<strong>4 \u0111\u1ed9<\/strong>, s\u1ef1 d\u1ecbch chuy\u1ec3n song song c\u1ee7a\u00a0<strong>6mm<\/strong>v\u00e0 \u0111\u1ed9 l\u1ec7ch h\u01b0\u1edbng t\u00e2m c\u1ee7a\u00a0<strong>8mm<\/strong>\u00a0tr\u00ean m\u1ecdi m\u1eb7t ph\u1eb3ng.<\/li>\n<\/ul>\n<p><strong>2. K\u1ebft c\u1ea5u ch\u1eafc ch\u1eafn v\u00e0 thi\u1ebft k\u1ebf \u0111a n\u0103ng<\/strong><\/p>\n<ul>\n<li><strong>D\u00e2y ch\u1ecbu t\u1ea3i b\u00ean trong hai chi\u1ec1u<\/strong>: \u0110\u01b0\u1ee3c gia c\u1ed1 b\u1eb1ng d\u00e2y qu\u1ea5n theo c\u1ea3 hai h\u01b0\u1edbng, cho ph\u00e9p hi\u1ec7u su\u1ea5t \u0111\u00e1ng tin c\u1eady trong\u00a0<strong>\u1ee9ng d\u1ee5ng truy\u1ec1n \u0111\u1ed9ng ng\u01b0\u1ee3c<\/strong>.<\/li>\n<li><strong>T\u00f9y ch\u1ecdn v\u1eadt li\u1ec7u<\/strong>: L\u1ed1p xe c\u00f3 s\u1eb5n trong\u00a0<strong>ti\u00eau chu\u1ea9n<\/strong>\u00a0ho\u1eb7c\u00a0<strong>FRAS (Ch\u1ed1ng ch\u00e1y, ch\u1ed1ng t\u0129nh \u0111i\u1ec7n)<\/strong>\u00a0x\u00e2y d\u1ef1ng, tu\u00e2n th\u1ee7\u00a0<strong>Ch\u1ee9ng nh\u1eadn ATEX<\/strong>\u00a0cho m\u00f4i tr\u01b0\u1eddng nguy hi\u1ec3m.<\/li>\n<li><strong>L\u1eafp \u0111\u1eb7t th\u00edch \u1ee9ng<\/strong>: H\u1ed7 tr\u1ee3\u00a0<strong>mi\u1ebfng \u0111\u1ec7m b\u01a1m<\/strong>\u00a0V\u00e0\u00a0<strong>c\u1ea5u h\u00ecnh b\u00e1nh \u0111\u00e0<\/strong>, v\u1edbi c\u00e1c m\u1eb7t b\u00edch c\u00f3 \u0111\u1eb7c \u0111i\u1ec3m\u00a0<strong>V\u00f2ng \u0111\u1ec7m kh\u00f3a F&amp;H h\u00ecnh n\u00f3n<\/strong>\u00a0ho\u1eb7c\u00a0<strong>Thi\u1ebft k\u1ebf khoan d\u1eabn h\u01b0\u1edbng lo\u1ea1i B<\/strong>\u00a0\u0111\u1ec3 c\u00f3 kh\u1ea3 n\u0103ng t\u01b0\u01a1ng th\u00edch ph\u1ed5 qu\u00e1t.<\/li>\n<\/ul>\n<p><strong>3. Hi\u1ec7u su\u1ea5t \u0111\u01b0\u1ee3c c\u1ea3i thi\u1ec7n so v\u1edbi c\u00e1c kh\u1edbp n\u1ed1i truy\u1ec1n th\u1ed1ng<\/strong><\/p>\n<ul>\n<li><strong>\u0110\u1ed9 \u0111\u00e0n h\u1ed3i cao v\u00e0 kh\u00f4ng c\u1ea7n b\u00f4i tr\u01a1n<\/strong>:Kh\u00f4ng gi\u1ed1ng nh\u01b0 c\u00e1c kh\u1edbp n\u1ed1i l\u1ed1p th\u00f4ng th\u01b0\u1eddng, vi\u1ec7c thay th\u1ebf kh\u1edbp n\u1ed1i Fenaflex gi\u00fap lo\u1ea1i b\u1ecf nhu c\u1ea7u b\u00f4i tr\u01a1n trong khi v\u1eabn mang l\u1ea1i t\u00ednh linh ho\u1ea1t v\u00e0 \u0111\u1ed9 \u0111\u00e0n h\u1ed3i v\u01b0\u1ee3t tr\u1ed9i.<\/li>\n<li><strong>Gi\u1ea3m rung<\/strong>: Kh\u1ea3 n\u0103ng h\u1ea5p th\u1ee5 rung \u0111\u1ed9ng xo\u1eafn v\u00e0 s\u1ed1c v\u01b0\u1ee3t tr\u1ed9i, b\u1ea3o v\u1ec7 thi\u1ebft b\u1ecb \u0111\u01b0\u1ee3c k\u1ebft n\u1ed1i kh\u1ecfi \u1ee9ng su\u1ea5t \u0111\u1ed9ng.<\/li>\n<\/ul>\n<p><strong>4. \u01afu \u0111i\u1ec3m v\u1ec1 b\u1ea3o tr\u00ec v\u00e0 d\u1ecbch v\u1ee5<\/strong><\/p>\n<ul>\n<li><strong>Thi\u1ebft k\u1ebf m\u00f4-\u0111un<\/strong>: M\u1ed8T\u00a0<strong>kho\u1ea3ng c\u00e1ch trung gian (DBSE)<\/strong>\u00a0cho ph\u00e9p b\u1ea3o tr\u00ec m\u00e1y b\u01a1m ly t\u00e2m m\u00e0 kh\u00f4ng c\u1ea7n ph\u1ea3i di chuy\u1ec3n \u0111\u1ed9ng c\u01a1 ho\u1eb7c m\u00e1y m\u00f3c trong qu\u00e1 tr\u00ecnh thay l\u1ed1p.<\/li>\n<li><strong>Th\u00e2n thi\u1ec7n v\u1edbi vi\u1ec7c ki\u1ec3m tra<\/strong>: Thi\u1ebft k\u1ebf \u0111\u01a1n gi\u1ea3n gi\u00fap d\u1ec5 d\u00e0ng ki\u1ec3m tra tr\u1ef1c quan v\u00e0 thay th\u1ebf b\u1ed9 ph\u1eadn m\u00e0 kh\u00f4ng c\u1ea7n th\u00e1o r\u1eddi to\u00e0n b\u1ed9 h\u1ec7 th\u1ed1ng truy\u1ec1n \u0111\u1ed9ng.<\/li>\n<\/ul>\n<p><strong>5. Gi\u1ea3i ph\u00e1p t\u00f9y ch\u1ec9nh<\/strong><\/p>\n<ul>\n<li><strong>Kh\u1ea3 n\u0103ng th\u00edch \u1ee9ng c\u1ee7a b\u1ed9 \u0111\u1ec7m<\/strong>: C\u00e1c thi\u1ebft b\u1ecb trung gian c\u00f3 th\u1ec3 \u0111\u01b0\u1ee3c t\u00edch h\u1ee3p \u0111\u1ec3 \u0111i\u1ec1u ch\u1ec9nh kho\u1ea3ng c\u00e1ch gi\u1eefa c\u00e1c \u0111\u01b0\u1eddng k\u00ednh tr\u1ee5c, \u0111\u1ea3m b\u1ea3o kh\u1ea3 n\u0103ng t\u01b0\u01a1ng th\u00edch v\u1edbi c\u00e1c y\u00eau c\u1ea7u h\u1ec7 th\u1ed1ng \u0111a d\u1ea1ng.<\/li>\n<\/ul>\n<p><strong>T\u00f3m t\u1eaft l\u1ee3i \u00edch ch\u00ednh<\/strong><\/p>\n<ul>\n<li><strong>\u0110\u1ed9 b\u1ec1n<\/strong>: \u0110\u01b0\u1ee3c thi\u1ebft k\u1ebf cho c\u00e1c \u1ee9ng d\u1ee5ng n\u1eb7ng v\u1edbi \u0111\u1ed9 m\u00e0i m\u00f2n t\u1ed1i thi\u1ec3u.<\/li>\n<li><strong>S\u1ef1 an to\u00e0n<\/strong>: Ch\u1ee9ng nh\u1eadn FRAS v\u00e0 ATEX \u0111\u1ea3m b\u1ea3o tu\u00e2n th\u1ee7 trong m\u00f4i tr\u01b0\u1eddng d\u1ec5 ch\u00e1y ho\u1eb7c d\u1ec5 n\u1ed5.<\/li>\n<li><strong>Hi\u1ec7u qu\u1ea3 chi ph\u00ed<\/strong>: Gi\u1ea3m nhu c\u1ea7u b\u1ea3o tr\u00ec v\u00e0 k\u00e9o d\u00e0i tu\u1ed5i th\u1ecd, gi\u1ea3m chi ph\u00ed v\u1eadn h\u00e0nh.<\/li>\n<\/ul>\n<p>Vi\u1ec7c thay th\u1ebf kh\u1edbp n\u1ed1i Fenaflex Spacer k\u1ebft h\u1ee3p t\u00ednh linh ho\u1ea1t, kh\u1ea3 n\u0103ng ph\u1ee5c h\u1ed3i v\u00e0 thi\u1ebft k\u1ebf th\u00e2n thi\u1ec7n v\u1edbi ng\u01b0\u1eddi d\u00f9ng, khi\u1ebfn ch\u00fang tr\u1edf n\u00ean l\u00fd t\u01b0\u1edfng cho c\u00e1c ng\u00e0nh c\u00f4ng nghi\u1ec7p \u0111\u00f2i h\u1ecfi \u0111\u1ed9 tin c\u1eady trong \u0111i\u1ec1u ki\u1ec7n sai l\u1ec7ch cao, rung \u0111\u1ed9ng l\u1edbn ho\u1eb7c nguy hi\u1ec3m.<\/p>\n<\/div>\n<\/div>\n<\/div>\n<p>&nbsp;<\/p>","protected":false},"excerpt":{"rendered":"<p>Fenaflex spacer couplings are made up of Fenaflex tire couplings (sizes F40-F140) and spacer flange assemblies. These couplings are designed to make it easier to move one of the shafts back and forth without disturbing the machine or drive it\u2019s connected to, like in a centrifugal pump rotor. They are made to fit standard distances [&hellip;]<\/p>","protected":false},"featured_media":6392,"comment_status":"open","ping_status":"closed","template":"","meta":{"_et_pb_use_builder":"","_et_pb_old_content":"","_et_gb_content_width":""},"product_brand":[],"product_cat":[101],"product_tag":[],"class_list":{"0":"post-6390","1":"product","2":"type-product","3":"status-publish","4":"has-post-thumbnail","6":"product_cat-coupling","8":"first","9":"instock","10":"shipping-taxable","11":"product-type-simple"},"_links":{"self":[{"href":"https:\/\/fmp-components.com\/vi\/wp-json\/wp\/v2\/product\/6390","targetHints":{"allow":["GET"]}}],"collection":[{"href":"https:\/\/fmp-components.com\/vi\/wp-json\/wp\/v2\/product"}],"about":[{"href":"https:\/\/fmp-components.com\/vi\/wp-json\/wp\/v2\/types\/product"}],"replies":[{"embeddable":true,"href":"https:\/\/fmp-components.com\/vi\/wp-json\/wp\/v2\/comments?post=6390"}],"wp:featuredmedia":[{"embeddable":true,"href":"https:\/\/fmp-components.com\/vi\/wp-json\/wp\/v2\/media\/6392"}],"wp:attachment":[{"href":"https:\/\/fmp-components.com\/vi\/wp-json\/wp\/v2\/media?parent=6390"}],"wp:term":[{"taxonomy":"product_brand","embeddable":true,"href":"https:\/\/fmp-components.com\/vi\/wp-json\/wp\/v2\/product_brand?post=6390"},{"taxonomy":"product_cat","embeddable":true,"href":"https:\/\/fmp-components.com\/vi\/wp-json\/wp\/v2\/product_cat?post=6390"},{"taxonomy":"product_tag","embeddable":true,"href":"https:\/\/fmp-components.com\/vi\/wp-json\/wp\/v2\/product_tag?post=6390"}],"curies":[{"name":"wp","href":"https:\/\/api.w.org\/{rel}","templated":true}]}}