{"id":6379,"date":"2025-03-10T03:30:21","date_gmt":"2025-03-10T03:30:21","guid":{"rendered":"https:\/\/fmp-components.com\/?post_type=product&#038;p=6379"},"modified":"2025-03-10T03:37:25","modified_gmt":"2025-03-10T03:37:25","slug":"chain-couplings","status":"publish","type":"product","link":"https:\/\/fmp-components.com\/vi\/product\/chain-couplings\/","title":{"rendered":"Kh\u1edbp n\u1ed1i x\u00edch"},"content":{"rendered":"<p>Kh\u1edbp n\u1ed1i x\u00edch \u0111\u01b0\u1ee3c c\u1ea5u t\u1ea1o b\u1edfi m\u1ed9t x\u00edch con l\u0103n \u0111\u00f4i v\u00e0 hai b\u00e1nh r\u0103ng x\u00edch. Kh\u1edbp x\u00edch \u0111\u01b0\u1ee3c s\u1eed d\u1ee5ng \u0111\u1ec3 k\u1ebft n\u1ed1i ho\u1eb7c ng\u1eaft k\u1ebft n\u1ed1i, gi\u00fap vi\u1ec7c s\u1eed d\u1ee5ng tr\u1edf n\u00ean \u0111\u01a1n gi\u1ea3n v\u00e0 d\u1ec5 d\u00e0ng. Kh\u1edbp n\u1ed1i x\u00edch tuy nh\u1ecf nh\u01b0ng r\u1ea5t ch\u1eafc ch\u1eafn, v\u00e0 \u0111\u01b0\u1ee3c ch\u1ebf t\u1ea1o \u0111\u1ec3 s\u1eed d\u1ee5ng l\u00e2u d\u00e0i. Ch\u00fang an to\u00e0n v\u00e0 ho\u1ea1t \u0111\u1ed9ng hi\u1ec7u qu\u1ea3, v\u1edbi c\u00e1c t\u00ednh n\u0103ng gi\u00fap d\u1ec5 d\u00e0ng l\u1eafp \u0111\u1eb7t v\u00e0 c\u0103n ch\u1ec9nh, ti\u1ebft ki\u1ec7m th\u1eddi gian v\u00e0 c\u00f4ng s\u1ee9c trong qu\u00e1 tr\u00ecnh l\u1eafp \u0111\u1eb7t ho\u1eb7c s\u1eeda ch\u1eefa.<\/p>\n<p>Nh\u1edd thi\u1ebft k\u1ebf ch\u1eafc ch\u1eafn v\u00e0 t\u00ednh linh ho\u1ea1t, kh\u1edbp n\u1ed1i x\u00edch c\u00f3 th\u1ec3 \u0111\u01b0\u1ee3c s\u1eed d\u1ee5ng trong nhi\u1ec1u l\u0129nh v\u1ef1c, ch\u1eb3ng h\u1ea1n nh\u01b0 trong m\u00e1y m\u00f3c, b\u0103ng t\u1ea3i v\u00e0 c\u00e1c thi\u1ebft b\u1ecb c\u01a1 kh\u00ed kh\u00e1c. Ch\u00fang r\u1ea5t hi\u1ec7u qu\u1ea3 trong vi\u1ec7c truy\u1ec1n m\u00f4-men xo\u1eafn (l\u1ef1c quay) \u0111\u1ed3ng th\u1eddi x\u1eed l\u00fd c\u00e1c sai l\u1ec7ch nh\u1ecf, khi\u1ebfn ch\u00fang tr\u1edf th\u00e0nh l\u1ef1a ch\u1ecdn \u0111\u00e1ng tin c\u1eady v\u00e0 h\u1eefu \u00edch cho nhi\u1ec1u c\u00f4ng vi\u1ec7c.<\/p>\n<h2>C\u00e1c th\u00f4ng s\u1ed1 c\u1ee7a kh\u1edbp n\u1ed1i x\u00edch<\/h2>\n<p><img loading=\"lazy\" decoding=\"async\" class=\"size-full wp-image-6383 aligncenter\" src=\"https:\/\/fmp-components.com\/wp-content\/uploads\/2025\/03\/chain-couplings.webp\" alt=\"kh\u1edbp n\u1ed1i x\u00edch\" width=\"330\" height=\"327\" title=\"\" srcset=\"https:\/\/fmp-components.com\/wp-content\/uploads\/2025\/03\/chain-couplings.webp 330w, https:\/\/fmp-components.com\/wp-content\/uploads\/2025\/03\/chain-couplings-300x297.webp 300w, https:\/\/fmp-components.com\/wp-content\/uploads\/2025\/03\/chain-couplings-150x150.webp 150w, https:\/\/fmp-components.com\/wp-content\/uploads\/2025\/03\/chain-couplings-12x12.webp 12w, https:\/\/fmp-components.com\/wp-content\/uploads\/2025\/03\/chain-couplings-100x100.webp 100w\" sizes=\"(max-width: 330px) 100vw, 330px\" \/><\/p>\n<table style=\"width: 103.224%; height: 723px;\" border=\"1\">\n<tbody>\n<tr>\n<td rowspan=\"4\" width=\"86\"><strong>S\u1ed1 kh\u1edbp n\u1ed1i x\u00edch<\/strong><\/td>\n<td rowspan=\"4\" width=\"58\"><strong>S\u1ed1 chu\u1ed7i<\/strong><\/td>\n<td colspan=\"2\" width=\"68\"><strong>\u0110\u01b0\u1eddng k\u00ednh l\u1ed7 khoan<\/strong><\/td>\n<td colspan=\"6\" width=\"204\"><strong>K\u00edch th\u01b0\u1edbc<\/strong><\/td>\n<td width=\"60\"><strong>Qu\u00e1n t\u00ednh<\/strong><\/td>\n<td width=\"48\"><strong>Tr\u1ecdng l\u01b0\u1ee3ng x\u1ea5p x\u1ec9<\/strong><\/td>\n<td colspan=\"3\" width=\"157\"><strong>V\u1ecf b\u1ecdc<\/strong><\/td>\n<\/tr>\n<tr>\n<td rowspan=\"2\" width=\"34\"><strong>Ph\u00fat<\/strong><\/td>\n<td rowspan=\"2\" width=\"34\"><strong>T\u1ed1i \u0111a<\/strong><\/td>\n<td rowspan=\"2\" width=\"34\"><strong>L<\/strong><\/td>\n<td rowspan=\"2\" width=\"34\"><strong>T\u00d4I<\/strong><\/td>\n<td rowspan=\"2\" width=\"34\"><strong>S<\/strong><\/td>\n<td rowspan=\"2\" width=\"34\"><strong>ng\u00e0y<sub>1<\/sub><\/strong><\/td>\n<td rowspan=\"2\" width=\"34\"><strong>ng\u00e0y<sub>2<\/sub><\/strong><\/td>\n<td rowspan=\"2\" width=\"34\"><strong>C<\/strong><\/td>\n<td rowspan=\"2\" width=\"60\"><strong>\u00d710<sup>-3<\/sup><\/strong><\/td>\n<td rowspan=\"2\" width=\"48\"><\/td>\n<td colspan=\"2\" width=\"79\"><strong>K\u00edch th\u01b0\u1edbc<\/strong><\/td>\n<td rowspan=\"2\" width=\"78\"><strong>Tr\u1ecdng l\u01b0\u1ee3ng x\u1ea5p x\u1ec9<\/strong><\/td>\n<\/tr>\n<tr>\n<td width=\"39\"><strong>M\u1ed8T<\/strong><\/td>\n<td width=\"40\"><strong>B<\/strong><\/td>\n<\/tr>\n<tr>\n<td width=\"34\"><strong>mm<\/strong><\/td>\n<td width=\"34\"><strong>mm<\/strong><\/td>\n<td width=\"34\"><strong>mm<\/strong><\/td>\n<td width=\"34\"><strong>mm<\/strong><\/td>\n<td width=\"34\"><strong>mm<\/strong><\/td>\n<td width=\"34\"><strong>mm<\/strong><\/td>\n<td width=\"34\"><strong>mm<\/strong><\/td>\n<td width=\"34\"><strong>mm<\/strong><\/td>\n<td width=\"60\"><strong>kgf\u00b7m2<\/strong><\/td>\n<td width=\"48\"><strong>kg<\/strong><\/td>\n<td width=\"39\"><strong>mm<\/strong><\/td>\n<td width=\"40\"><strong>mm<\/strong><\/td>\n<td width=\"78\"><strong>kg<\/strong><\/td>\n<\/tr>\n<tr>\n<td width=\"86\">3012<\/td>\n<td width=\"58\">06B-2X12<\/td>\n<td width=\"34\">12<\/td>\n<td width=\"34\">16<\/td>\n<td width=\"34\">64.8<\/td>\n<td width=\"34\">29.8<\/td>\n<td width=\"34\">5.2<\/td>\n<td width=\"34\">25<\/td>\n<td width=\"34\">45<\/td>\n<td width=\"34\">10.2<\/td>\n<td width=\"60\">0.233<\/td>\n<td width=\"48\">0.4<\/td>\n<td width=\"39\">69<\/td>\n<td width=\"40\">63<\/td>\n<td width=\"78\">0.3<\/td>\n<\/tr>\n<tr>\n<td width=\"86\">4012<\/td>\n<td width=\"58\">40-2X12<\/td>\n<td width=\"34\">12<\/td>\n<td width=\"34\">22<\/td>\n<td width=\"34\">79.4<\/td>\n<td width=\"34\">36.0<\/td>\n<td width=\"34\">7.4<\/td>\n<td width=\"34\">35<\/td>\n<td width=\"34\">61<\/td>\n<td width=\"34\">14.4<\/td>\n<td width=\"60\">1.020<\/td>\n<td width=\"48\">0.8<\/td>\n<td width=\"39\">77<\/td>\n<td width=\"40\">72<\/td>\n<td width=\"78\">0.3<\/td>\n<\/tr>\n<tr>\n<td width=\"86\">4014<\/td>\n<td width=\"58\">40-2X14<\/td>\n<td width=\"34\">12<\/td>\n<td width=\"34\">28<\/td>\n<td width=\"34\">79.4<\/td>\n<td width=\"34\">36.0<\/td>\n<td width=\"34\">7.4<\/td>\n<td width=\"34\">43<\/td>\n<td width=\"34\">69<\/td>\n<td width=\"34\">14.4<\/td>\n<td width=\"60\">1.924<\/td>\n<td width=\"48\">1.1<\/td>\n<td width=\"39\">84<\/td>\n<td width=\"40\">75<\/td>\n<td width=\"78\">0.4<\/td>\n<\/tr>\n<tr>\n<td width=\"86\">4016<\/td>\n<td width=\"58\">40-2X16<\/td>\n<td width=\"34\">14<\/td>\n<td width=\"34\">32<\/td>\n<td width=\"34\">87.4<\/td>\n<td width=\"34\">40.0<\/td>\n<td width=\"34\">7.4<\/td>\n<td width=\"34\">50<\/td>\n<td width=\"34\">77<\/td>\n<td width=\"34\">14.4<\/td>\n<td width=\"60\">3.285<\/td>\n<td width=\"48\">1.4<\/td>\n<td width=\"39\">92<\/td>\n<td width=\"40\">75<\/td>\n<td width=\"78\">0.4<\/td>\n<\/tr>\n<tr>\n<td width=\"86\">5014<\/td>\n<td width=\"58\">50-2X14<\/td>\n<td width=\"34\">16<\/td>\n<td width=\"34\">35<\/td>\n<td width=\"34\">99.7<\/td>\n<td width=\"34\">45.0<\/td>\n<td width=\"34\">9.7<\/td>\n<td width=\"34\">53<\/td>\n<td width=\"34\">86<\/td>\n<td width=\"34\">18.1<\/td>\n<td width=\"60\">6.010<\/td>\n<td width=\"48\">2.2<\/td>\n<td width=\"39\">101<\/td>\n<td width=\"40\">85<\/td>\n<td width=\"78\">0.5<\/td>\n<\/tr>\n<tr>\n<td width=\"86\">5016<\/td>\n<td width=\"58\">50-2X16<\/td>\n<td width=\"34\">16<\/td>\n<td width=\"34\">40<\/td>\n<td width=\"34\">99.7<\/td>\n<td width=\"34\">45.0<\/td>\n<td width=\"34\">9.7<\/td>\n<td width=\"34\">60<\/td>\n<td width=\"34\">96<\/td>\n<td width=\"34\">18.1<\/td>\n<td width=\"60\">9.720<\/td>\n<td width=\"48\">2.7<\/td>\n<td width=\"39\">111<\/td>\n<td width=\"40\">85<\/td>\n<td width=\"78\">0.6<\/td>\n<\/tr>\n<tr>\n<td width=\"86\">5018<\/td>\n<td width=\"58\">50-2X18<\/td>\n<td width=\"34\">16<\/td>\n<td width=\"34\">45<\/td>\n<td width=\"34\">99.7<\/td>\n<td width=\"34\">45.0<\/td>\n<td width=\"34\">9.7<\/td>\n<td width=\"34\">70<\/td>\n<td width=\"34\">106<\/td>\n<td width=\"34\">18.1<\/td>\n<td width=\"60\">15.420<\/td>\n<td width=\"48\">3.8<\/td>\n<td width=\"39\">122<\/td>\n<td width=\"40\">85<\/td>\n<td width=\"78\">0.8<\/td>\n<\/tr>\n<tr>\n<td width=\"86\">6018<\/td>\n<td width=\"58\">60-2X18<\/td>\n<td width=\"34\">20<\/td>\n<td width=\"34\">56<\/td>\n<td width=\"34\">123.5<\/td>\n<td width=\"34\">56.0<\/td>\n<td width=\"34\">11.5<\/td>\n<td width=\"34\">85<\/td>\n<td width=\"34\">128<\/td>\n<td width=\"34\">22.8<\/td>\n<td width=\"60\">40.210<\/td>\n<td width=\"48\">6.2<\/td>\n<td width=\"39\">142<\/td>\n<td width=\"40\">106<\/td>\n<td width=\"78\">1.2<\/td>\n<\/tr>\n<tr>\n<td width=\"86\">6020<\/td>\n<td width=\"58\">60-2X20<\/td>\n<td width=\"34\">20<\/td>\n<td width=\"34\">60<\/td>\n<td width=\"34\">123.5<\/td>\n<td width=\"34\">56.0<\/td>\n<td width=\"34\">11.5<\/td>\n<td width=\"34\">98<\/td>\n<td width=\"34\">140<\/td>\n<td width=\"34\">22.8<\/td>\n<td width=\"60\">62.870<\/td>\n<td width=\"48\">7.8<\/td>\n<td width=\"39\">158<\/td>\n<td width=\"40\">105<\/td>\n<td width=\"78\">1.6<\/td>\n<\/tr>\n<tr>\n<td width=\"86\">6022<\/td>\n<td width=\"58\">60-2X22<\/td>\n<td width=\"34\">20<\/td>\n<td width=\"34\">71<\/td>\n<td width=\"34\">123.5<\/td>\n<td width=\"34\">56.0<\/td>\n<td width=\"34\">11.5<\/td>\n<td width=\"34\">110<\/td>\n<td width=\"34\">152<\/td>\n<td width=\"34\">22.8<\/td>\n<td width=\"60\">93.450<\/td>\n<td width=\"48\">10.4<\/td>\n<td width=\"39\">168<\/td>\n<td width=\"40\">117<\/td>\n<td width=\"78\">1.8<\/td>\n<\/tr>\n<tr>\n<td width=\"86\">8018<\/td>\n<td width=\"58\">80-2X18<\/td>\n<td width=\"34\">20<\/td>\n<td width=\"34\">80<\/td>\n<td width=\"34\">141.2<\/td>\n<td width=\"34\">63.0<\/td>\n<td width=\"34\">15.2<\/td>\n<td width=\"34\">110<\/td>\n<td width=\"34\">170<\/td>\n<td width=\"34\">29.3<\/td>\n<td width=\"60\">142.030<\/td>\n<td width=\"48\">12.7<\/td>\n<td width=\"39\">190<\/td>\n<td width=\"40\">129<\/td>\n<td width=\"78\">2.5<\/td>\n<\/tr>\n<tr>\n<td width=\"86\">8020<\/td>\n<td width=\"58\">80-2X20<\/td>\n<td width=\"34\">20<\/td>\n<td width=\"34\">90<\/td>\n<td width=\"34\">145.2<\/td>\n<td width=\"34\">65.0<\/td>\n<td width=\"34\">15.2<\/td>\n<td width=\"34\">120<\/td>\n<td width=\"34\">186<\/td>\n<td width=\"34\">29.3<\/td>\n<td width=\"60\">204.900<\/td>\n<td width=\"48\">16.0<\/td>\n<td width=\"39\">210<\/td>\n<td width=\"40\">137<\/td>\n<td width=\"78\">2.9<\/td>\n<\/tr>\n<tr>\n<td width=\"86\">8022<\/td>\n<td width=\"58\">80-2X22<\/td>\n<td width=\"34\">20<\/td>\n<td width=\"34\">100<\/td>\n<td width=\"34\">157.2<\/td>\n<td width=\"34\">71.0<\/td>\n<td width=\"34\">15.2<\/td>\n<td width=\"34\">140<\/td>\n<td width=\"34\">202<\/td>\n<td width=\"34\">29.3<\/td>\n<td width=\"60\">341.170<\/td>\n<td width=\"48\">20.2<\/td>\n<td width=\"39\">226<\/td>\n<td width=\"40\">137<\/td>\n<td width=\"78\">3.6<\/td>\n<\/tr>\n<tr>\n<td width=\"86\">10020<\/td>\n<td width=\"58\">100-2X20<\/td>\n<td width=\"34\">25<\/td>\n<td width=\"34\">110<\/td>\n<td width=\"34\">178.8<\/td>\n<td width=\"34\">80.0<\/td>\n<td width=\"34\">18.8<\/td>\n<td width=\"34\">160<\/td>\n<td width=\"34\">233<\/td>\n<td width=\"34\">35.8<\/td>\n<td width=\"60\">646.290<\/td>\n<td width=\"48\">33.0<\/td>\n<td width=\"39\">281<\/td>\n<td width=\"40\">153<\/td>\n<td width=\"78\">4.6<\/td>\n<\/tr>\n<tr>\n<td width=\"86\">12018<\/td>\n<td width=\"58\">120-2X18<\/td>\n<td width=\"34\">35<\/td>\n<td width=\"34\">125<\/td>\n<td width=\"34\">202.7<\/td>\n<td width=\"34\">90.0<\/td>\n<td width=\"34\">22.7<\/td>\n<td width=\"34\">170<\/td>\n<td width=\"34\">256<\/td>\n<td width=\"34\">45.4<\/td>\n<td width=\"60\">1075.710<\/td>\n<td width=\"48\">47.0<\/td>\n<td width=\"39\">307<\/td>\n<td width=\"40\">181<\/td>\n<td width=\"78\">6.2<\/td>\n<\/tr>\n<tr>\n<td width=\"86\">12022<\/td>\n<td width=\"58\">120-2X22<\/td>\n<td width=\"34\">35<\/td>\n<td width=\"34\">140<\/td>\n<td width=\"34\">222.7<\/td>\n<td width=\"34\">100.0<\/td>\n<td width=\"34\">22.7<\/td>\n<td width=\"34\">210<\/td>\n<td width=\"34\">304<\/td>\n<td width=\"34\">45.4<\/td>\n<td width=\"60\">2454.500<\/td>\n<td width=\"48\">72.0<\/td>\n<td width=\"39\">357<\/td>\n<td width=\"40\">181<\/td>\n<td width=\"78\">8.0<\/td>\n<\/tr>\n<\/tbody>\n<\/table>\n<h2>\u1ee8ng d\u1ee5ng c\u1ee7a kh\u1edbp n\u1ed1i x\u00edch<\/h2>\n<p>Kh\u1edbp n\u1ed1i x\u00edch, \u0111\u01b0\u1ee3c bi\u1ebft \u0111\u1ebfn v\u1edbi kh\u1ea3 n\u0103ng truy\u1ec1n m\u00f4-men xo\u1eafn cao trong khi v\u1eabn x\u1eed l\u00fd \u0111\u01b0\u1ee3c \u0111\u1ed9 l\u1ec7ch, \u0111\u01b0\u1ee3c s\u1eed d\u1ee5ng trong nhi\u1ec1u ng\u00e0nh c\u00f4ng nghi\u1ec7p kh\u00e1c nhau nh\u1edd \u0111\u1ed9 b\u1ec1n v\u00e0 t\u00ednh linh ho\u1ea1t. D\u01b0\u1edbi \u0111\u00e2y l\u00e0 t\u1ed5ng quan v\u1ec1 c\u00e1c \u1ee9ng d\u1ee5ng c\u1ee7a ch\u00fang:<\/p>\n<h3>1. M\u00e1y m\u00f3c c\u00f4ng nghi\u1ec7p<\/h3>\n<ul>\n<li><strong>H\u1ec7 th\u1ed1ng b\u0103ng t\u1ea3i<\/strong>: \u0110\u01b0\u1ee3c s\u1eed d\u1ee5ng trong s\u1ea3n xu\u1ea5t v\u00e0 x\u1eed l\u00fd v\u1eadt li\u1ec7u \u0111\u1ec3 k\u1ebft n\u1ed1i \u0111\u1ed9ng c\u01a1 v\u00e0 con l\u0103n, \u0111i\u1ec1u ch\u1ec9nh \u0111\u1ed9 l\u1ec7ch v\u00e0 x\u1eed l\u00fd t\u1ea3i tr\u1ecdng n\u1eb7ng.<\/li>\n<li><strong>M\u00e1y b\u01a1m v\u00e0 m\u00e1y n\u00e9n<\/strong>: L\u00fd t\u01b0\u1edfng \u0111\u1ec3 k\u1ebft n\u1ed1i b\u1ed9 truy\u1ec1n \u0111\u1ed9ng v\u1edbi m\u00e1y b\u01a1m\/m\u00e1y n\u00e9n trong ng\u00e0nh x\u1eed l\u00fd d\u1ea7u, kh\u00ed v\u00e0 n\u01b0\u1edbc, mang l\u1ea1i kh\u1ea3 n\u0103ng truy\u1ec1n m\u00f4-men xo\u1eafn \u0111\u00e1ng tin c\u1eady.<\/li>\n<li><strong>Nh\u00e0 m\u00e1y th\u00e9p v\u00e0 gi\u1ea5y<\/strong>: K\u1ebft n\u1ed1i tr\u1ee5c truy\u1ec1n \u0111\u1ed9ng v\u1edbi con l\u0103n trong m\u00f4i tr\u01b0\u1eddng kh\u1eafc nghi\u1ec7t, ch\u1ecbu \u0111\u01b0\u1ee3c m\u00f4-men xo\u1eafn cao v\u00e0 nhi\u1ec7t \u0111\u1ed9 thay \u0111\u1ed5i.<\/li>\n<li><strong>M\u00e1y nghi\u1ec1n\/M\u00e1y xay<\/strong>: X\u1eed l\u00fd t\u1ea3i tr\u1ecdng va \u0111\u1eadp trong khai th\u00e1c m\u1ecf v\u00e0 ch\u1ebf bi\u1ebfn c\u1ed1t li\u1ec7u, mang l\u1ea1i kh\u1ea3 n\u0103ng ch\u1ed1ng ch\u1ecbu l\u1ef1c thay \u0111\u1ed5i \u0111\u1ed9t ng\u1ed9t.<\/li>\n<\/ul>\n<h3>2. X\u1eed l\u00fd v\u1eadt li\u1ec7u<\/h3>\n<ul>\n<li><strong>C\u1ea7n c\u1ea9u v\u00e0 t\u1eddi<\/strong>: \u0110\u1ea3m b\u1ea3o chuy\u1ec3n \u0111\u1ed9ng t\u1ea3i tr\u1ecdng ch\u00ednh x\u00e1c trong qu\u00e1 tr\u00ecnh x\u00e2y d\u1ef1ng v\u00e0 v\u1eadn chuy\u1ec3n, ch\u1ecbu \u0111\u01b0\u1ee3c \u1ee9ng su\u1ea5t \u0111\u1ed9ng.<\/li>\n<li><strong>M\u00e1y \u0111\u00f3ng g\u00f3i<\/strong>: \u0110\u1ed3ng b\u1ed9 h\u00f3a c\u00e1c con l\u0103n trong d\u00e2y chuy\u1ec1n \u0111\u00f3ng g\u00f3i t\u1ed1c \u0111\u1ed9 cao, cho ph\u00e9p \u0111i\u1ec1u ch\u1ec9nh \u0111\u1ed9 l\u1ec7ch nh\u1ecf.<\/li>\n<\/ul>\n<h3>3. N\u00f4ng nghi\u1ec7p<\/h3>\n<ul>\n<li><strong>M\u00e1y k\u00e9o v\u00e0 m\u00e1y g\u1eb7t<\/strong>: K\u1ebft n\u1ed1i ngu\u1ed3n \u0111i\u1ec7n v\u1edbi c\u00e1c thi\u1ebft b\u1ecb \u1edf \u0111\u1ecba h\u00ecnh g\u1ed3 gh\u1ec1, mang l\u1ea1i \u0111\u1ed9 b\u1ec1n ch\u1ed1ng b\u1ee5i v\u00e0 m\u1ea3nh v\u1ee5n.<\/li>\n<li><strong>H\u1ec7 th\u1ed1ng t\u01b0\u1edbi ti\u00eau<\/strong>: K\u1ebft n\u1ed1i m\u00e1y b\u01a1m v\u1edbi \u0111\u1ed9ng c\u01a1, ch\u1ecbu \u0111\u01b0\u1ee3c s\u1ef1 sai l\u1ec7ch do d\u1ecbch chuy\u1ec3n m\u1eb7t \u0111\u1ea5t.<\/li>\n<\/ul>\n<h3>4. HVAC v\u00e0 N\u0103ng l\u01b0\u1ee3ng<\/h3>\n<ul>\n<li><strong>Qu\u1ea1t\/M\u00e1y th\u1ed5i c\u00f4ng nghi\u1ec7p<\/strong>: K\u1ebft n\u1ed1i \u0111\u1ed9ng c\u01a1 v\u1edbi tr\u1ee5c qu\u1ea1t trong h\u1ec7 th\u1ed1ng HVAC, gi\u00fap gi\u1ea3m truy\u1ec1n rung \u0111\u1ed9ng.<\/li>\n<li><strong>Truy\u1ec1n l\u1ef1c t\u1ed1c \u0111\u1ed9 v\u1eeba ph\u1ea3i<\/strong>: \u0110\u01b0\u1ee3c s\u1eed d\u1ee5ng trong c\u00e1c tua-bin gi\u00f3 ho\u1eb7c h\u1ec7 th\u1ed1ng th\u1ee7y \u0111i\u1ec7n khi s\u1ef1 c\u0103n ch\u1ec9nh kh\u00f4ng ho\u00e0n h\u1ea3o.<\/li>\n<\/ul>\n<h3>5. \u1ee8ng d\u1ee5ng chuy\u00ean bi\u1ec7t<\/h3>\n<ul>\n<li><strong>M\u00e1y in<\/strong>: \u0110\u1ed3ng b\u1ed9 h\u00f3a c\u00e1c con l\u0103n \u0111\u1ec3 in ch\u00ednh x\u00e1c, x\u1eed l\u00fd c\u00e1c sai l\u1ec7ch nh\u1ecf.<\/li>\n<li><strong>H\u1ec7 th\u1ed1ng ph\u1ee5 tr\u1ee3 h\u00e0ng h\u1ea3i<\/strong>: \u0110\u01b0\u1ee3c s\u1eed d\u1ee5ng trong tr\u1ee5c ch\u00e2n v\u1ecbt ho\u1eb7c m\u00e1y m\u00f3c ph\u1ee5 tr\u1ee3, m\u1eb7c d\u00f9 \u00edt ph\u1ed5 bi\u1ebfn h\u01a1n do lo ng\u1ea1i v\u1ec1 \u0103n m\u00f2n.<\/li>\n<\/ul>\n<h3>\u01afu \u0111i\u1ec3m c\u1ee7a \u1ee9ng d\u1ee5ng l\u00e1i xe:<\/h3>\n<ul>\n<li><strong>Dung sai l\u1ec7ch<\/strong>: D\u1ecbch chuy\u1ec3n g\u00f3c\/song song l\u00ean \u0111\u1ebfn 1-2 \u0111\u1ed9.<\/li>\n<li><strong>Kh\u1ea3 n\u0103ng m\u00f4-men xo\u1eafn cao<\/strong>: Th\u00edch h\u1ee3p cho c\u00e1c ho\u1ea1t \u0111\u1ed9ng n\u1eb7ng.<\/li>\n<li><strong>H\u1ea5p th\u1ee5 s\u1ed1c<\/strong>: Gi\u1ea3m rung \u0111\u1ed9ng trong c\u00e1c tr\u01b0\u1eddng h\u1ee3p t\u1ea3i tr\u1ecdng thay \u0111\u1ed5i.<\/li>\n<li><strong>D\u1ec5 b\u1ea3o tr\u00ec<\/strong>: B\u00f4i tr\u01a1n \u0111\u01a1n gi\u1ea3n v\u00e0 thay th\u1ebf linh ki\u1ec7n.<\/li>\n<\/ul>\n<h3>H\u1ea1n ch\u1ebf:<\/h3>\n<ul>\n<li>Kh\u00f4ng l\u00fd t\u01b0\u1edfng cho c\u00e1c \u1ee9ng d\u1ee5ng t\u1ed1c \u0111\u1ed9 cao do l\u1ef1c ly t\u00e2m.<\/li>\n<li>C\u1ea7n b\u00f4i tr\u01a1n th\u01b0\u1eddng xuy\u00ean trong m\u00f4i tr\u01b0\u1eddng d\u1ec5 b\u1ecb \u00f4 nhi\u1ec5m.<\/li>\n<\/ul>\n<p><img loading=\"lazy\" decoding=\"async\" class=\"size-full wp-image-6380 aligncenter\" src=\"https:\/\/fmp-components.com\/wp-content\/uploads\/2025\/03\/chain-couplings-3.webp\" alt=\"kh\u1edbp n\u1ed1i x\u00edch\" width=\"800\" height=\"800\" title=\"\" srcset=\"https:\/\/fmp-components.com\/wp-content\/uploads\/2025\/03\/chain-couplings-3.webp 800w, https:\/\/fmp-components.com\/wp-content\/uploads\/2025\/03\/chain-couplings-3-480x480.webp 480w\" sizes=\"(min-width: 0px) and (max-width: 480px) 480px, (min-width: 481px) 800px, 100vw\" \/><\/p>","protected":false},"excerpt":{"rendered":"<p>A chain coupling is made up of a double roller chain and two coupling sprockets. The chain joint is used to connect or disconnect the coupling, making it simple and easy to use. Chain couplings are small but very strong, and they are built to last a long time. They are safe and work efficiently, [&hellip;]<\/p>","protected":false},"featured_media":6382,"comment_status":"open","ping_status":"closed","template":"","meta":{"_et_pb_use_builder":"","_et_pb_old_content":"","_et_gb_content_width":""},"product_brand":[],"product_cat":[101],"product_tag":[],"class_list":{"0":"post-6379","1":"product","2":"type-product","3":"status-publish","4":"has-post-thumbnail","6":"product_cat-coupling","8":"first","9":"instock","10":"shipping-taxable","11":"product-type-simple"},"_links":{"self":[{"href":"https:\/\/fmp-components.com\/vi\/wp-json\/wp\/v2\/product\/6379","targetHints":{"allow":["GET"]}}],"collection":[{"href":"https:\/\/fmp-components.com\/vi\/wp-json\/wp\/v2\/product"}],"about":[{"href":"https:\/\/fmp-components.com\/vi\/wp-json\/wp\/v2\/types\/product"}],"replies":[{"embeddable":true,"href":"https:\/\/fmp-components.com\/vi\/wp-json\/wp\/v2\/comments?post=6379"}],"wp:featuredmedia":[{"embeddable":true,"href":"https:\/\/fmp-components.com\/vi\/wp-json\/wp\/v2\/media\/6382"}],"wp:attachment":[{"href":"https:\/\/fmp-components.com\/vi\/wp-json\/wp\/v2\/media?parent=6379"}],"wp:term":[{"taxonomy":"product_brand","embeddable":true,"href":"https:\/\/fmp-components.com\/vi\/wp-json\/wp\/v2\/product_brand?post=6379"},{"taxonomy":"product_cat","embeddable":true,"href":"https:\/\/fmp-components.com\/vi\/wp-json\/wp\/v2\/product_cat?post=6379"},{"taxonomy":"product_tag","embeddable":true,"href":"https:\/\/fmp-components.com\/vi\/wp-json\/wp\/v2\/product_tag?post=6379"}],"curies":[{"name":"wp","href":"https:\/\/api.w.org\/{rel}","templated":true}]}}