{"id":6375,"date":"2025-03-10T03:17:22","date_gmt":"2025-03-10T03:17:22","guid":{"rendered":"https:\/\/fmp-components.com\/?post_type=product&#038;p=6375"},"modified":"2025-04-05T07:23:10","modified_gmt":"2025-04-05T07:23:10","slug":"flange-flexible-couplings","status":"publish","type":"product","link":"https:\/\/fmp-components.com\/vi\/product\/flange-flexible-couplings\/","title":{"rendered":"Kh\u1edbp n\u1ed1i m\u1ec1m m\u1eb7t b\u00edch"},"content":{"rendered":"<p>Kh\u1edbp n\u1ed1i m\u1ec1m FMP \u0111\u01b0\u1ee3c thi\u1ebft k\u1ebf \u0111\u1ec3 gi\u1ea3m rung \u0111\u1ed9ng v\u00e0 gi\u1ea3m chi ph\u00ed l\u1eafp \u0111\u1eb7t h\u1ec7 th\u1ed1ng truy\u1ec1n \u0111\u1ed9ng. Thi\u1ebft k\u1ebf \u0111\u1eb7c bi\u1ec7t c\u1ee7a ch\u00fang gi\u00fap b\u1ea3o v\u1ec7 h\u1ec7 th\u1ed1ng truy\u1ec1n \u0111\u1ed9ng kh\u1ecfi h\u01b0 h\u1ecfng v\u00e0 gi\u1ea3m ti\u1ebfng \u1ed3n khi v\u1eadn h\u00e0nh, gi\u00fap h\u1ec7 th\u1ed1ng ho\u1ea1t \u0111\u1ed9ng t\u1ed1t h\u01a1n v\u00e0 b\u1ec1n b\u1ec9 h\u01a1n. H\u01a1n n\u1eefa, c\u00e1c kh\u1edbp n\u1ed1i n\u00e0y r\u1ea5t d\u1ec5 l\u1eafp \u0111\u1eb7t v\u00e0 \u0111i\u1ec1u ch\u1ec9nh, gi\u00fap b\u1ea1n ti\u1ebft ki\u1ec7m th\u1eddi gian v\u00e0 c\u00f4ng s\u1ee9c.<\/p>\n<p>FMP s\u1eed d\u1ee5ng v\u1eadt li\u1ec7u \u0111\u00e0n h\u1ed3i polyester b\u1ec1n ch\u1eafc \u0111\u1ec3 ch\u1ebf t\u1ea1o kh\u1edbp n\u1ed1i. V\u1eadt li\u1ec7u n\u00e0y c\u00f3 \u0111\u1ed9 b\u1ec1n cao v\u00e0 kh\u00f4ng b\u1ecb bi\u1ebfn d\u1ea1ng ngay c\u1ea3 khi ti\u1ebfp x\u00fac v\u1edbi ch\u1ea5t l\u1ecfng b\u00f4i tr\u01a1n. \u0110i\u1ec1u n\u00e0y gi\u00fap kh\u1edbp n\u1ed1i lu\u00f4n b\u1ec1n ch\u1eafc v\u00e0 ho\u1ea1t \u0111\u1ed9ng t\u1ed1t, ngay c\u1ea3 trong \u0111i\u1ec1u ki\u1ec7n kh\u1eafc nghi\u1ec7t.<\/p>\n<p>Kh\u1edbp n\u1ed1i \u0111\u01b0\u1ee3c thi\u1ebft k\u1ebf \u0111\u1ec3 truy\u1ec1n m\u00f4-men xo\u1eafn (m\u1ed9t lo\u1ea1i l\u1ef1c quay) \u0111\u1ec1u \u0111\u1eb7n v\u1edbi t\u1ed1c \u0111\u1ed9 kho\u1ea3ng m\u1ed9t ph\u1ea7n t\u01b0 inch m\u1ed7i ph\u00fat. L\u1ef1c m\u01b0\u1ee3t m\u00e0 v\u00e0 \u1ed5n \u0111\u1ecbnh n\u00e0y gi\u00fap kh\u1edbp n\u1ed1i b\u1ec1n h\u01a1n, c\u00f3 th\u1ec3 ho\u1ea1t \u0111\u1ed9ng t\u1ed1t trong nhi\u1ec1u n\u0103m m\u00e0 kh\u00f4ng c\u1ea7n b\u1ea3o tr\u00ec nhi\u1ec1u.<\/p>\n<p>Nh\u1eefng t\u00ednh n\u0103ng n\u00e0y l\u00e0m cho kh\u1edbp n\u1ed1i linh ho\u1ea1t c\u1ee7a FMP tr\u1edf th\u00e0nh l\u1ef1a ch\u1ecdn tuy\u1ec7t v\u1eddi n\u1ebfu b\u1ea1n mu\u1ed1n h\u1ec7 th\u1ed1ng truy\u1ec1n \u0111\u1ed9ng c\u1ee7a m\u00ecnh ho\u1ea1t \u0111\u1ed9ng t\u1ed1t h\u01a1n v\u00e0 b\u1ec1n h\u01a1n.<\/p>\n<p><img loading=\"lazy\" decoding=\"async\" class=\"wp-image-6377 aligncenter\" src=\"https:\/\/fmp-components.com\/wp-content\/uploads\/2025\/03\/Flange-Flexible-Couplings-2.webp\" alt=\"Kh\u1edbp n\u1ed1i m\u1ec1m m\u1eb7t b\u00edch\" width=\"836\" height=\"303\" title=\"\" srcset=\"https:\/\/fmp-components.com\/wp-content\/uploads\/2025\/03\/Flange-Flexible-Couplings-2.webp 836w, https:\/\/fmp-components.com\/wp-content\/uploads\/2025\/03\/Flange-Flexible-Couplings-2-480x174.webp 480w\" sizes=\"(min-width: 0px) and (max-width: 480px) 480px, (min-width: 481px) 836px, 100vw\" \/><\/p>\n<h2 style=\"text-align: left;\" align=\"center\">Th\u00f4ng s\u1ed1 k\u1ef9 thu\u1eadt kh\u1edbp n\u1ed1i m\u1ec1m m\u1eb7t b\u00edch<\/h2>\n<p><img loading=\"lazy\" decoding=\"async\" class=\"wp-image-6378 aligncenter\" src=\"https:\/\/fmp-components.com\/wp-content\/uploads\/2025\/03\/Flange-Flexible-Couplings-3.webp\" alt=\"Kh\u1edbp n\u1ed1i m\u1ec1m m\u1eb7t b\u00edch\" width=\"200\" height=\"216\" title=\"\"><\/p>\n<table style=\"width: 102.258%; height: 601px;\" border=\"1\" cellspacing=\"1\" cellpadding=\"1\" bgcolor=\"#99ccff\">\n<tbody>\n<tr>\n<td align=\"center\" width=\"45\">K\u00cdCH C\u1ee0<\/td>\n<td align=\"center\" width=\"35\">Nm<\/td>\n<td align=\"center\" width=\"29\">v\u00f2ng\/ph\u00fat<\/td>\n<td align=\"center\" width=\"21\">D<\/td>\n<td align=\"center\" width=\"25\">D1<\/td>\n<td align=\"center\" width=\"14\">ng\u00e0y 1<\/td>\n<td align=\"center\" width=\"25\">L<\/td>\n<td align=\"center\" width=\"9\">C<\/td>\n<td align=\"center\" width=\"73\">nM<\/td>\n<td align=\"center\" width=\"34\">KG<\/td>\n<\/tr>\n<tr bgcolor=\"#cccccc\">\n<td align=\"center\" width=\"45\">90<\/td>\n<td align=\"center\" width=\"35\">4<\/td>\n<td align=\"center\" width=\"29\">4000<\/td>\n<td align=\"center\" width=\"21\">90<\/td>\n<td align=\"center\" width=\"25\">35.5<\/td>\n<td align=\"center\" width=\"14\">11<\/td>\n<td align=\"center\" width=\"25\">28<\/td>\n<td align=\"center\" width=\"9\">3<\/td>\n<td align=\"center\" width=\"73\">4-M8*50<\/td>\n<td align=\"center\" width=\"34\">1.7<\/td>\n<\/tr>\n<tr>\n<td align=\"center\" width=\"45\">100<\/td>\n<td align=\"center\" width=\"35\">10<\/td>\n<td align=\"center\" width=\"29\">4000<\/td>\n<td align=\"center\" width=\"21\">100<\/td>\n<td align=\"center\" width=\"25\">40<\/td>\n<td align=\"center\" width=\"14\">11<\/td>\n<td align=\"center\" width=\"25\">35.5<\/td>\n<td align=\"center\" width=\"9\">3<\/td>\n<td align=\"center\" width=\"73\">4-M10*56<\/td>\n<td align=\"center\" width=\"34\">2.3<\/td>\n<\/tr>\n<tr bgcolor=\"#cccccc\">\n<td align=\"center\" width=\"45\">112<\/td>\n<td align=\"center\" width=\"35\">16<\/td>\n<td align=\"center\" width=\"29\">4000<\/td>\n<td align=\"center\" width=\"21\">112<\/td>\n<td align=\"center\" width=\"25\">45<\/td>\n<td align=\"center\" width=\"14\">13<\/td>\n<td align=\"center\" width=\"25\">40<\/td>\n<td align=\"center\" width=\"9\">3<\/td>\n<td align=\"center\" width=\"73\">4-M10*56<\/td>\n<td align=\"center\" width=\"34\">2.8<\/td>\n<\/tr>\n<tr>\n<td align=\"center\" width=\"45\">125<\/td>\n<td align=\"center\" width=\"35\">25<\/td>\n<td align=\"center\" width=\"29\">4000<\/td>\n<td align=\"center\" width=\"21\">125<\/td>\n<td align=\"center\" width=\"25\">50<\/td>\n<td align=\"center\" width=\"14\">13<\/td>\n<td align=\"center\" width=\"25\">45<\/td>\n<td align=\"center\" width=\"9\">3<\/td>\n<td align=\"center\" width=\"73\">4-M12*64<\/td>\n<td align=\"center\" width=\"34\">4.0<\/td>\n<\/tr>\n<tr bgcolor=\"#cccccc\">\n<td align=\"center\" width=\"45\">140<\/td>\n<td align=\"center\" width=\"35\">50<\/td>\n<td align=\"center\" width=\"29\">4000<\/td>\n<td align=\"center\" width=\"21\">140<\/td>\n<td align=\"center\" width=\"25\">63<\/td>\n<td align=\"center\" width=\"14\">13<\/td>\n<td align=\"center\" width=\"25\">50<\/td>\n<td align=\"center\" width=\"9\">3<\/td>\n<td align=\"center\" width=\"73\">6-M12*64<\/td>\n<td align=\"center\" width=\"34\">5.4<\/td>\n<\/tr>\n<tr>\n<td align=\"center\" width=\"45\">160<\/td>\n<td align=\"center\" width=\"35\">110<\/td>\n<td align=\"center\" width=\"29\">4000<\/td>\n<td align=\"center\" width=\"21\">160<\/td>\n<td align=\"center\" width=\"25\">80<\/td>\n<td align=\"center\" width=\"14\">15<\/td>\n<td align=\"center\" width=\"25\">56<\/td>\n<td align=\"center\" width=\"9\">3<\/td>\n<td align=\"center\" width=\"73\">8-M12*64<\/td>\n<td align=\"center\" width=\"34\">8.0<\/td>\n<\/tr>\n<tr bgcolor=\"#cccccc\">\n<td align=\"center\" width=\"45\">180<\/td>\n<td align=\"center\" width=\"35\">157<\/td>\n<td align=\"center\" width=\"29\">3500<\/td>\n<td align=\"center\" width=\"21\">180<\/td>\n<td align=\"center\" width=\"25\">90<\/td>\n<td align=\"center\" width=\"14\">15<\/td>\n<td align=\"center\" width=\"25\">63<\/td>\n<td align=\"center\" width=\"9\">3<\/td>\n<td align=\"center\" width=\"73\">8-M12*64<\/td>\n<td align=\"center\" width=\"34\">10.5<\/td>\n<\/tr>\n<tr>\n<td align=\"center\" width=\"45\">200<\/td>\n<td align=\"center\" width=\"35\">245<\/td>\n<td align=\"center\" width=\"29\">3200<\/td>\n<td align=\"center\" width=\"21\">200<\/td>\n<td align=\"center\" width=\"25\">100<\/td>\n<td align=\"center\" width=\"14\">21<\/td>\n<td align=\"center\" width=\"25\">71<\/td>\n<td align=\"center\" width=\"9\">4<\/td>\n<td align=\"center\" width=\"73\">8-M20*85<\/td>\n<td align=\"center\" width=\"34\">16.2<\/td>\n<\/tr>\n<tr bgcolor=\"#cccccc\">\n<td align=\"center\" width=\"45\">224<\/td>\n<td align=\"center\" width=\"35\">392<\/td>\n<td align=\"center\" width=\"29\">2850<\/td>\n<td align=\"center\" width=\"21\">224<\/td>\n<td align=\"center\" width=\"25\">112<\/td>\n<td align=\"center\" width=\"14\">21<\/td>\n<td align=\"center\" width=\"25\">80<\/td>\n<td align=\"center\" width=\"9\">4<\/td>\n<td align=\"center\" width=\"73\">8-M20*85<\/td>\n<td align=\"center\" width=\"34\">21.3<\/td>\n<\/tr>\n<tr>\n<td align=\"center\" width=\"45\">250<\/td>\n<td align=\"center\" width=\"35\">618<\/td>\n<td align=\"center\" width=\"29\">2550<\/td>\n<td align=\"center\" width=\"21\">250<\/td>\n<td align=\"center\" width=\"25\">125<\/td>\n<td align=\"center\" width=\"14\">25<\/td>\n<td align=\"center\" width=\"25\">90<\/td>\n<td align=\"center\" width=\"9\">4<\/td>\n<td align=\"center\" width=\"73\">8-M24*100<\/td>\n<td align=\"center\" width=\"34\">31.6<\/td>\n<\/tr>\n<tr bgcolor=\"#cccccc\">\n<td align=\"center\" width=\"45\">280<\/td>\n<td align=\"center\" width=\"35\">980<\/td>\n<td align=\"center\" width=\"29\">2300<\/td>\n<td align=\"center\" width=\"21\">280<\/td>\n<td align=\"center\" width=\"25\">140<\/td>\n<td align=\"center\" width=\"14\">34<\/td>\n<td align=\"center\" width=\"25\">100<\/td>\n<td align=\"center\" width=\"9\">4<\/td>\n<td align=\"center\" width=\"73\">8-M24*116<\/td>\n<td align=\"center\" width=\"34\">44.0<\/td>\n<\/tr>\n<tr>\n<td align=\"center\" width=\"45\">315<\/td>\n<td align=\"center\" width=\"35\">1568<\/td>\n<td align=\"center\" width=\"29\">2050<\/td>\n<td align=\"center\" width=\"21\">315<\/td>\n<td align=\"center\" width=\"25\">160<\/td>\n<td align=\"center\" width=\"14\">41<\/td>\n<td align=\"center\" width=\"25\">112<\/td>\n<td align=\"center\" width=\"9\">4<\/td>\n<td align=\"center\" width=\"73\">10-M24*116<\/td>\n<td align=\"center\" width=\"34\">57.7<\/td>\n<\/tr>\n<tr bgcolor=\"#cccccc\">\n<td align=\"center\" width=\"45\">355<\/td>\n<td align=\"center\" width=\"35\">2450<\/td>\n<td align=\"center\" width=\"29\">1800<\/td>\n<td align=\"center\" width=\"21\">355<\/td>\n<td align=\"center\" width=\"25\">180<\/td>\n<td align=\"center\" width=\"14\">60<\/td>\n<td align=\"center\" width=\"25\">125<\/td>\n<td align=\"center\" width=\"9\">5<\/td>\n<td align=\"center\" width=\"73\">8-M30*150<\/td>\n<td align=\"center\" width=\"34\">89.5<\/td>\n<\/tr>\n<tr>\n<td align=\"center\" width=\"45\">400<\/td>\n<td align=\"center\" width=\"35\">3920<\/td>\n<td align=\"center\" width=\"29\">1600<\/td>\n<td align=\"center\" width=\"21\">400<\/td>\n<td align=\"center\" width=\"25\">200<\/td>\n<td align=\"center\" width=\"14\">60<\/td>\n<td align=\"center\" width=\"25\">125<\/td>\n<td align=\"center\" width=\"9\">5<\/td>\n<td align=\"center\" width=\"73\">10-M30*150<\/td>\n<td align=\"center\" width=\"34\">89.5<\/td>\n<\/tr>\n<tr bgcolor=\"#cccccc\">\n<td align=\"center\" width=\"45\">450<\/td>\n<td align=\"center\" width=\"35\">6174<\/td>\n<td align=\"center\" width=\"29\">1400<\/td>\n<td align=\"center\" width=\"21\">450<\/td>\n<td align=\"center\" width=\"25\">224<\/td>\n<td align=\"center\" width=\"14\">65<\/td>\n<td align=\"center\" width=\"25\">140<\/td>\n<td align=\"center\" width=\"9\">5<\/td>\n<td align=\"center\" width=\"73\">12-M30*150<\/td>\n<td align=\"center\" width=\"34\">145<\/td>\n<\/tr>\n<tr>\n<td align=\"center\" width=\"45\">560<\/td>\n<td align=\"center\" width=\"35\">9800<\/td>\n<td align=\"center\" width=\"29\">1150<\/td>\n<td align=\"center\" width=\"21\">560<\/td>\n<td align=\"center\" width=\"25\">250<\/td>\n<td align=\"center\" width=\"14\">85<\/td>\n<td align=\"center\" width=\"25\">160<\/td>\n<td align=\"center\" width=\"9\">5<\/td>\n<td align=\"center\" width=\"73\">14-M30*150<\/td>\n<td align=\"center\" width=\"34\">229<\/td>\n<\/tr>\n<tr bgcolor=\"#cccccc\">\n<td align=\"center\" width=\"45\">630<\/td>\n<td align=\"center\" width=\"35\">15680<\/td>\n<td align=\"center\" width=\"29\">1000<\/td>\n<td align=\"center\" width=\"21\">630<\/td>\n<td align=\"center\" width=\"25\">280<\/td>\n<td align=\"center\" width=\"14\">95<\/td>\n<td align=\"center\" width=\"25\">180<\/td>\n<td align=\"center\" width=\"9\">5<\/td>\n<td align=\"center\" width=\"73\">18-M30*150<\/td>\n<td align=\"center\" width=\"34\">296<\/td>\n<\/tr>\n<\/tbody>\n<\/table>\n<h3>C\u00e1c lo\u1ea1i kh\u1edbp n\u1ed1i m\u1ec1m<\/h3>\n<div>\n<p class=\"break-words\" dir=\"auto\">Kh\u1edbp n\u1ed1i m\u1ec1m l\u00e0 thi\u1ebft b\u1ecb c\u01a1 kh\u00ed \u0111\u01b0\u1ee3c s\u1eed d\u1ee5ng \u0111\u1ec3 k\u1ebft n\u1ed1i hai tr\u1ee5c, cho ph\u00e9p truy\u1ec1n m\u00f4-men xo\u1eafn \u0111\u1ed3ng th\u1eddi \u0111i\u1ec1u ch\u1ec9nh \u0111\u1ed9 l\u1ec7ch v\u00e0 gi\u1ea3m \u1ee9ng su\u1ea5t l\u00ean c\u00e1c b\u1ed9 ph\u1eadn \u0111\u01b0\u1ee3c k\u1ebft n\u1ed1i. M\u1ed9t lo\u1ea1i ph\u1ed5 bi\u1ebfn l\u00e0 kh\u1edbp n\u1ed1i h\u00e0m, bao g\u1ed3m hai tr\u1ee5c v\u1edbi c\u00e1c h\u00e0m kh\u1edbp n\u1ed1i v\u00e0 m\u1ed9t mi\u1ebfng ch\u00e8n nh\u1ec7n \u0111\u00e0n h\u1ed3i. Nh\u1ec7n h\u1ea5p th\u1ee5 s\u1ed1c, gi\u1ea3m rung \u0111\u1ed9ng v\u00e0 b\u00f9 tr\u1eeb c\u00e1c \u0111\u1ed9 l\u1ec7ch g\u00f3c, song song v\u00e0 tr\u1ee5c nh\u1ecf, khi\u1ebfn n\u00f3 tr\u1edf n\u00ean l\u00fd t\u01b0\u1edfng cho c\u00e1c \u1ee9ng d\u1ee5ng \u0111a n\u0103ng nh\u01b0 m\u00e1y b\u01a1m v\u00e0 \u0111\u1ed9ng c\u01a1.<\/p>\n<p class=\"break-words\" dir=\"auto\">M\u1ed9t lo\u1ea1i kh\u00e1c l\u00e0 kh\u1edbp n\u1ed1i \u1ed1ng th\u1ed5i, \u0111\u1eb7c tr\u01b0ng b\u1edfi m\u1ed9t \u1ed1ng th\u1ed5i kim lo\u1ea1i m\u1ecfng, linh ho\u1ea1t k\u1ebft n\u1ed1i c\u00e1c tr\u1ee5c. Thi\u1ebft k\u1ebf n\u00e0y cung c\u1ea5p \u0111\u1ed9 c\u1ee9ng xo\u1eafn cao \u0111\u1ec3 truy\u1ec1n m\u00f4-men xo\u1eafn ch\u00ednh x\u00e1c, \u0111\u1ed3ng th\u1eddi cho ph\u00e9p x\u1eed l\u00fd linh ho\u1ea1t c\u00e1c sai l\u1ec7ch g\u00f3c v\u00e0 tr\u1ee5c. Kh\u1edbp n\u1ed1i \u1ed1ng th\u1ed5i th\u01b0\u1eddng \u0111\u01b0\u1ee3c s\u1eed d\u1ee5ng trong c\u00e1c h\u1ec7 th\u1ed1ng c\u00f3 \u0111\u1ed9 ch\u00ednh x\u00e1c cao, ch\u1eb3ng h\u1ea1n nh\u01b0 \u0111\u1ed9ng c\u01a1 servo v\u00e0 b\u1ed9 m\u00e3 h\u00f3a, n\u01a1i vi\u1ec7c duy tr\u00ec \u0111\u1ed9 ch\u00ednh x\u00e1c trong \u0111i\u1ec1u ki\u1ec7n \u0111\u1ed9ng l\u00e0 r\u1ea5t quan tr\u1ecdng.<\/p>\n<p class=\"break-words\" dir=\"auto\">Lo\u1ea1i th\u1ee9 ba l\u00e0 kh\u1edbp n\u1ed1i \u0111\u0129a, s\u1eed d\u1ee5ng m\u1ed9t lo\u1ea1t c\u00e1c \u0111\u0129a kim lo\u1ea1i m\u1ecfng, m\u1ec1m d\u1ebbo x\u1ebfp ch\u1ed3ng l\u00ean nhau t\u1ea1o th\u00e0nh m\u1ed9t c\u1ee5m. C\u1ee5m \u0111\u0129a u\u1ed1n cong \u0111\u1ec3 \u0111i\u1ec1u ch\u1ec9nh \u0111\u1ed9 l\u1ec7ch v\u00e0 h\u1ea5p th\u1ee5 rung \u0111\u1ed9ng, \u0111\u1ed3ng th\u1eddi v\u1eabn truy\u1ec1n m\u00f4-men xo\u1eafn hi\u1ec7u qu\u1ea3. Kh\u1edbp n\u1ed1i \u0111\u0129a c\u00f3 \u0111\u1ed9 b\u1ec1n cao v\u00e0 ph\u00f9 h\u1ee3p cho c\u00e1c \u1ee9ng d\u1ee5ng \u0111\u00f2i h\u1ecfi kh\u1eaft khe, ch\u1eb3ng h\u1ea1n nh\u01b0 tua-bin v\u00e0 m\u00e1y n\u00e9n, n\u01a1i y\u00eau c\u1ea7u \u0111\u1ed9 tin c\u1eady v\u00e0 b\u1ea3o tr\u00ec t\u1ed1i thi\u1ec3u.<\/p>\n<p dir=\"auto\"><img loading=\"lazy\" decoding=\"async\" class=\"wp-image-7803 aligncenter\" src=\"https:\/\/fmp-components.com\/wp-content\/uploads\/2025\/03\/flexible-coupling3.webp\" alt=\"kh\u1edbp n\u1ed1i linh ho\u1ea1t\" width=\"531\" height=\"476\" title=\"\" srcset=\"https:\/\/fmp-components.com\/wp-content\/uploads\/2025\/03\/flexible-coupling3.webp 173w, https:\/\/fmp-components.com\/wp-content\/uploads\/2025\/03\/flexible-coupling3-13x12.webp 13w\" sizes=\"(max-width: 531px) 100vw, 531px\" \/><\/p>\n<\/div>\n<h2>Kh\u1edbp n\u1ed1i m\u1ec1m m\u1eb7t b\u00edch: K\u1ef9 thu\u1eadt ch\u00ednh x\u00e1c t\u1eeb c\u00e1c chuy\u00ean gia kh\u1edbp n\u1ed1i \u00dd FMP<\/h2>\n<p>FMP l\u00e0 nh\u00e0 s\u1ea3n xu\u1ea5t h\u00e0ng \u0111\u1ea7u c\u1ee7a \u00dd, chuy\u00ean v\u1ec1 nhi\u1ec1u lo\u1ea1i kh\u1edbp n\u1ed1i \u0111\u01b0\u1ee3c thi\u1ebft k\u1ebf \u0111\u1ec3 truy\u1ec1n m\u00f4-men xo\u1eafn gi\u1eefa c\u00e1c tr\u1ee5c \u0111\u1ed3ng th\u1eddi th\u00edch \u1ee9ng v\u1edbi \u0111\u1ed9 l\u1ec7ch v\u00e0 chuy\u1ec3n \u0111\u1ed9ng. Cho d\u00f9 b\u1ea1n \u0111ang \u1edf trong ng\u00e0nh s\u1ea3n xu\u1ea5t s\u00f4i \u0111\u1ed9ng c\u1ee7a Milan hay x\u01b0\u1edfng th\u1ee7 c\u00f4ng \u1edf Florence, kh\u1edbp n\u1ed1i m\u1ec1m c\u00f3 b\u00edch c\u1ee7a ch\u00fang t\u00f4i - \u0111\u01b0\u1ee3c l\u00e0m t\u1eeb v\u1eadt li\u1ec7u b\u1ec1n b\u1ec9 nh\u01b0 th\u00e9p kh\u00f4ng g\u1ec9, cao su v\u00e0 \u0111\u1ed3ng thau - \u0111\u1ea3m b\u1ea3o truy\u1ec1n \u0111\u1ed9ng li\u1ec1n m\u1ea1ch v\u00e0 hi\u1ec7u qu\u1ea3 v\u1eadn h\u00e0nh trong c\u00e1c \u1ee9ng d\u1ee5ng t\u1eeb c\u1ee5m b\u01a1m \u0111\u1ebfn h\u1ec7 th\u1ed1ng \u0111\u1ea9y t\u00e0u bi\u1ec3n.<\/p>\n<p>FMP t\u1ef1 h\u00e0o cung c\u1ea5p \u0111a d\u1ea1ng c\u00e1c lo\u1ea1i kh\u1edbp n\u1ed1i, bao g\u1ed3m kh\u1edbp n\u1ed1i m\u1ec1m d\u1ebbo c\u01a1 h\u1ecdc, kh\u1edbp n\u1ed1i kim lo\u1ea1i v\u00e0 kh\u1edbp n\u1ed1i \u0111\u00e0n h\u1ed3i, t\u1ea5t c\u1ea3 \u0111\u1ec1u \u0111\u01b0\u1ee3c thi\u1ebft k\u1ebf ri\u00eang \u0111\u1ec3 \u0111\u00e1p \u1ee9ng c\u00e1c nhu c\u1ea7u c\u00f4ng nghi\u1ec7p c\u1ee5 th\u1ec3. B\u00ean c\u1ea1nh danh m\u1ee5c s\u1ea3n ph\u1ea9m phong ph\u00fa, ch\u00fang t\u00f4i c\u00f2n cung c\u1ea5p c\u00e1c gi\u1ea3i ph\u00e1p t\u00f9y ch\u1ec9nh cho kh\u00e1ch h\u00e0ng t\u1ea1i \u00dd v\u00e0 nhi\u1ec1u n\u01a1i kh\u00e1c. N\u1ebfu b\u1ea1n \u0111ang \u1edf Bologna v\u00e0 c\u1ea7n m\u1ed9t kh\u1edbp n\u1ed1i m\u1ec1m d\u1ebbo c\u00f3 m\u1eb7t b\u00edch \u0111\u1ed9c \u0111\u00e1o cho m\u00e1y m\u00f3c n\u00f4ng nghi\u1ec7p c\u1ee7a m\u00ecnh, ho\u1eb7c \u0111ang t\u00ecm ki\u1ebfm m\u1ed9t thi\u1ebft k\u1ebf t\u00f9y ch\u1ec9nh cho \u1ee9ng d\u1ee5ng t\u1ed1c \u0111\u1ed9 cao t\u1ea1i Milan, c\u00e1c k\u1ef9 s\u01b0 chuy\u00ean gia c\u1ee7a FMP lu\u00f4n s\u1eb5n s\u00e0ng h\u1ee3p t\u00e1c v\u1edbi b\u1ea1n. Quy tr\u00ecnh t\u00f9y ch\u1ec9nh c\u1ee7a ch\u00fang t\u00f4i \u0111\u1ea3m b\u1ea3o r\u1eb1ng m\u1ed7i kh\u1edbp n\u1ed1i \u0111\u01b0\u1ee3c ch\u1ebf t\u1ea1o theo \u0111\u00fang th\u00f4ng s\u1ed1 k\u1ef9 thu\u1eadt c\u1ee7a b\u1ea1n, mang l\u1ea1i hi\u1ec7u su\u1ea5t v\u00e0 \u0111\u1ed9 b\u1ec1n m\u00e0 b\u1ea1n c\u00f3 th\u1ec3 tin t\u01b0\u1edfng.<\/p>\n<p>B\u1ea1n kh\u00f4ng t\u00ecm th\u1ea5y ch\u00ednh x\u00e1c model m\u00ecnh c\u1ea7n trong danh s\u00e1ch s\u1ea3n ph\u1ea9m c\u1ee7a ch\u00fang t\u00f4i? \u0110\u1eebng lo l\u1eafng - danh m\u1ee5c s\u1ea3n ph\u1ea9m c\u1ee7a ch\u00fang t\u00f4i \u0111\u01b0\u1ee3c c\u1eadp nh\u1eadt li\u00ean t\u1ee5c v\u00e0 c\u00f3 th\u1ec3 ch\u00fang t\u00f4i ch\u01b0a t\u1ea3i l\u00ean \u0111\u1ea7y \u0111\u1ee7 c\u00e1c t\u00f9y ch\u1ecdn. \u0110\u1ed1i v\u1edbi c\u00e1c doanh nghi\u1ec7p \u1edf Florence, Bologna ho\u1eb7c b\u1ea5t k\u1ef3 n\u01a1i n\u00e0o kh\u00e1c, ch\u1ec9 c\u1ea7n g\u1eedi email y\u00eau c\u1ea7u c\u1ee7a b\u1ea1n. \u0110\u1ed9i ng\u0169 k\u1ef9 s\u01b0 ng\u01b0\u1eddi \u00dd t\u1eadn t\u00e2m c\u1ee7a ch\u00fang t\u00f4i s\u1ebd ph\u1ea3n h\u1ed3i trong v\u00f2ng 24 gi\u1edd v\u1edbi nh\u1eefng l\u1eddi khuy\u00ean v\u00e0 gi\u1ea3i ph\u00e1p ph\u00f9 h\u1ee3p.<\/p>","protected":false},"excerpt":{"rendered":"<p>FMP&#8217;s flexible couplings are made to reduce vibration and cut down the cost of fixing transmission systems. Their special design helps protect the transmission from damage and makes less noise while running, which makes the system work better and last longer. Plus, these couplings are easy to install and adjust, so you can save time [&hellip;]<\/p>","protected":false},"featured_media":6376,"comment_status":"open","ping_status":"closed","template":"","meta":{"_et_pb_use_builder":"","_et_pb_old_content":"","_et_gb_content_width":""},"product_brand":[],"product_cat":[101],"product_tag":[],"class_list":{"0":"post-6375","1":"product","2":"type-product","3":"status-publish","4":"has-post-thumbnail","6":"product_cat-coupling","8":"first","9":"instock","10":"shipping-taxable","11":"product-type-simple"},"_links":{"self":[{"href":"https:\/\/fmp-components.com\/vi\/wp-json\/wp\/v2\/product\/6375","targetHints":{"allow":["GET"]}}],"collection":[{"href":"https:\/\/fmp-components.com\/vi\/wp-json\/wp\/v2\/product"}],"about":[{"href":"https:\/\/fmp-components.com\/vi\/wp-json\/wp\/v2\/types\/product"}],"replies":[{"embeddable":true,"href":"https:\/\/fmp-components.com\/vi\/wp-json\/wp\/v2\/comments?post=6375"}],"wp:featuredmedia":[{"embeddable":true,"href":"https:\/\/fmp-components.com\/vi\/wp-json\/wp\/v2\/media\/6376"}],"wp:attachment":[{"href":"https:\/\/fmp-components.com\/vi\/wp-json\/wp\/v2\/media?parent=6375"}],"wp:term":[{"taxonomy":"product_brand","embeddable":true,"href":"https:\/\/fmp-components.com\/vi\/wp-json\/wp\/v2\/product_brand?post=6375"},{"taxonomy":"product_cat","embeddable":true,"href":"https:\/\/fmp-components.com\/vi\/wp-json\/wp\/v2\/product_cat?post=6375"},{"taxonomy":"product_tag","embeddable":true,"href":"https:\/\/fmp-components.com\/vi\/wp-json\/wp\/v2\/product_tag?post=6375"}],"curies":[{"name":"wp","href":"https:\/\/api.w.org\/{rel}","templated":true}]}}