{"id":555,"date":"2024-12-16T08:31:00","date_gmt":"2024-12-16T08:31:00","guid":{"rendered":"https:\/\/fmp-components.com\/?page_id=8"},"modified":"2024-12-16T08:31:00","modified_gmt":"2024-12-16T08:31:00","slug":"rotary-drilling-cylinder","status":"publish","type":"product","link":"https:\/\/fmp-components.com\/vi\/product\/rotary-drilling-cylinder\/","title":{"rendered":"Xi lanh khoan quay"},"content":{"rendered":"<p style=\"text-align: center;\"><span style=\"font-size: 18pt;\">Xi lanh khoan quay<\/span><\/p>\n<p>Xi lanh khoan quay l\u00e0 m\u1ed9t b\u1ed9 ph\u1eadn th\u1ee7y l\u1ef1c quan tr\u1ecdng \u0111\u01b0\u1ee3c thi\u1ebft k\u1ebf \u0111\u1ec3 t\u1ea1o \u0111i\u1ec1u ki\u1ec7n cho chuy\u1ec3n \u0111\u1ed9ng quay c\u1ea7n thi\u1ebft cho ho\u1ea1t \u0111\u1ed9ng khoan trong nhi\u1ec1u \u1ee9ng d\u1ee5ng kh\u00e1c nhau, bao g\u1ed3m x\u00e2y d\u1ef1ng, khai th\u00e1c m\u1ecf v\u00e0 k\u1ef9 thu\u1eadt \u0111\u1ecba k\u1ef9 thu\u1eadt. Xi lanh n\u00e0y cung c\u1ea5p l\u1ef1c c\u1ea7n thi\u1ebft \u0111\u1ec3 xoay m\u0169i khoan, cho ph\u00e9p khoan xuy\u00ean s\u00e2u hi\u1ec7u qu\u1ea3 v\u00e0o c\u00e1c lo\u1ea1i \u0111\u1ea5t v\u00e0 \u0111\u00e1 kh\u00e1c nhau.<\/p>\n<p><img loading=\"lazy\" decoding=\"async\" class=\"size-full wp-image-556 aligncenter\" src=\"https:\/\/fmp-components.com\/wp-content\/uploads\/2024\/12\/Rotary-Drilling-Cylinder.webp\" alt=\"Xi lanh khoan quay\" width=\"760\" height=\"533\" title=\"\" srcset=\"https:\/\/fmp-components.com\/wp-content\/uploads\/2024\/12\/Rotary-Drilling-Cylinder.webp 760w, https:\/\/fmp-components.com\/wp-content\/uploads\/2024\/12\/Rotary-Drilling-Cylinder-480x337.webp 480w\" sizes=\"(min-width: 0px) and (max-width: 480px) 480px, (min-width: 481px) 760px, 100vw\" \/><\/p>\n<h4>C\u00e1c t\u00ednh n\u0103ng ch\u00ednh:<\/h4>\n<ul>\n<li><strong>K\u1ebft c\u1ea5u ch\u1eafc ch\u1eafn:<\/strong> \u0110\u01b0\u1ee3c l\u00e0m t\u1eeb v\u1eadt li\u1ec7u c\u00f3 \u0111\u1ed9 b\u1ec1n cao, xi lanh khoan quay \u0111\u01b0\u1ee3c thi\u1ebft k\u1ebf \u0111\u1ec3 ch\u1ecbu \u0111\u01b0\u1ee3c \u0111i\u1ec1u ki\u1ec7n kh\u1eafc nghi\u1ec7t c\u1ee7a m\u00f4i tr\u01b0\u1eddng khoan, \u0111\u1ea3m b\u1ea3o \u0111\u1ed9 b\u1ec1n v\u00e0 \u0111\u1ed9 tin c\u1eady l\u00e2u d\u00e0i.<\/li>\n<li><strong>Ho\u1ea1t \u0111\u1ed9ng tr\u01a1n tru:<\/strong> Thi\u1ebft k\u1ebf th\u1ee7y l\u1ef1c cho ph\u00e9p quay tr\u01a1n tru v\u00e0 c\u00f3 ki\u1ec3m so\u00e1t, mang l\u1ea1i kh\u1ea3 n\u0103ng khoan ch\u00ednh x\u00e1c v\u00e0 c\u1ea3i thi\u1ec7n hi\u1ec7u qu\u1ea3 v\u1eadn h\u00e0nh t\u1ed5ng th\u1ec3.<\/li>\n<li><strong>\u1ee8ng d\u1ee5ng \u0111a n\u0103ng:<\/strong> Ph\u00f9 h\u1ee3p v\u1edbi nhi\u1ec1u lo\u1ea1i thi\u1ebft b\u1ecb khoan, xi lanh n\u00e0y t\u0103ng c\u01b0\u1eddng ch\u1ee9c n\u0103ng c\u1ee7a m\u00e1y khoan quay, m\u00e1y khoan xo\u1eafn v\u00e0 c\u00e1c m\u00e1y khoan kh\u00e1c, khi\u1ebfn n\u00f3 tr\u1edf n\u00ean l\u00fd t\u01b0\u1edfng cho nhi\u1ec1u d\u1ef1 \u00e1n kh\u00e1c nhau.<\/li>\n<li><strong>Hi\u1ec7u su\u1ea5t \u0111\u01b0\u1ee3c c\u1ea3i thi\u1ec7n:<\/strong> B\u1eb1ng c\u00e1ch cung c\u1ea5p c\u00f4ng su\u1ea5t v\u00e0 m\u00f4-men xo\u1eafn \u1ed5n \u0111\u1ecbnh, xi lanh khoan quay t\u1ed1i \u01b0u h\u00f3a hi\u1ec7u su\u1ea5t khoan, cho ph\u00e9p th\u00e2m nh\u1eadp nhanh h\u01a1n v\u00e0 hi\u1ec7u qu\u1ea3 h\u01a1n.<\/li>\n<li><strong>Y\u00eau c\u1ea7u b\u1ea3o tr\u00ec th\u1ea5p:<\/strong> \u0110\u01b0\u1ee3c thi\u1ebft k\u1ebf \u0111\u1ec3 gi\u1ea3m thi\u1ec3u hao m\u00f2n, xi lanh n\u00e0y c\u1ea7n \u00edt b\u1ea3o tr\u00ec h\u01a1n, gi\u1ea3m th\u1eddi gian ch\u1ebft m\u00e1y v\u00e0 g\u00f3p ph\u1ea7n t\u0103ng n\u0103ng su\u1ea5t trong ho\u1ea1t \u0111\u1ed9ng khoan.<\/li>\n<\/ul>\n<p>T\u00f3m l\u1ea1i, Xi lanh khoan quay l\u00e0 m\u1ed9t th\u00e0nh ph\u1ea7n thi\u1ebft y\u1ebfu gi\u00fap t\u0103ng c\u01b0\u1eddng hi\u1ec7u qu\u1ea3 v\u00e0 hi\u1ec7u su\u1ea5t c\u1ee7a ho\u1ea1t \u0111\u1ed9ng khoan, khi\u1ebfn n\u00f3 tr\u1edf n\u00ean kh\u00f4ng th\u1ec3 thi\u1ebfu trong nhi\u1ec1u \u1ee9ng d\u1ee5ng c\u00f4ng nghi\u1ec7p v\u00e0 x\u00e2y d\u1ef1ng.<\/p>\n<h2>Th\u00f4ng s\u1ed1 k\u1ef9 thu\u1eadt c\u1ee7a xi lanh khoan xoay:<\/h2>\n<p>Xi lanh \u0111i\u1ec1u ch\u1ec9nh g\u00f3c nghi\u00eang khoan xoay l\u00e0 m\u1ed9t b\u1ed9 ph\u1eadn th\u1ee7y l\u1ef1c quan tr\u1ecdng \u0111\u01b0\u1ee3c thi\u1ebft k\u1ebf \u0111\u1ec3 ki\u1ec3m so\u00e1t g\u00f3c nghi\u00eang c\u1ee7a c\u1ea7n khoan tr\u00ean gi\u00e0n khoan, cho ph\u00e9p \u0111\u1ecbnh v\u1ecb ch\u00ednh x\u00e1c trong qu\u00e1 tr\u00ecnh khoan. Xi lanh n\u00e0y cho ph\u00e9p chuy\u1ec3n \u0111\u1ed9ng \u0111i\u1ec1u ch\u1ec9nh g\u00f3c nghi\u00eang, \u0111i\u1ec1u ch\u1ec9nh chi\u1ec1u cao v\u00e0 g\u00f3c nghi\u00eang c\u1ee7a c\u1ea7n khoan \u0111\u1ec3 t\u1ed1i \u01b0u h\u00f3a hi\u1ec7u su\u1ea5t khoan v\u00e0 kh\u1ea3 n\u0103ng ti\u1ebfp c\u1eadn c\u00e1c \u0111\u1ed9 s\u00e2u kh\u00e1c nhau. \u0110\u01b0\u1ee3c ch\u1ebf t\u1ea1o t\u1eeb v\u1eadt li\u1ec7u c\u01b0\u1eddng \u0111\u1ed9 cao, xi lanh n\u00e0y \u0111\u01b0\u1ee3c thi\u1ebft k\u1ebf \u0111\u1ec3 ch\u1ecbu \u0111\u01b0\u1ee3c c\u00e1c \u0111i\u1ec1u ki\u1ec7n kh\u1eafc nghi\u1ec7t c\u1ee7a m\u00f4i tr\u01b0\u1eddng x\u00e2y d\u1ef1ng v\u00e0 khoan, \u0111\u1ea3m b\u1ea3o \u0111\u1ed9 b\u1ec1n v\u00e0 \u0111\u1ed9 tin c\u1eady. Ho\u1ea1t \u0111\u1ed9ng th\u1ee7y l\u1ef1c tr\u01a1n tru c\u1ee7a xi lanh \u0111i\u1ec1u ch\u1ec9nh g\u00f3c nghi\u00eang cho ph\u00e9p \u0111i\u1ec1u ch\u1ec9nh nhanh ch\u00f3ng, n\u00e2ng cao t\u00ednh linh ho\u1ea1t v\u00e0 hi\u1ec7u su\u1ea5t c\u1ee7a gi\u00e0n khoan, \u0111\u1ed3ng th\u1eddi \u0111\u1ea3m b\u1ea3o khoan an to\u00e0n v\u00e0 hi\u1ec7u qu\u1ea3 trong nhi\u1ec1u \u1ee9ng d\u1ee5ng kh\u00e1c nhau.<\/p>\n<p><img loading=\"lazy\" decoding=\"async\" class=\"size-full wp-image-558 aligncenter\" src=\"https:\/\/fmp-components.com\/wp-content\/uploads\/2024\/12\/Rotary-Drilling-Luffing-Cylinder1.webp\" alt=\"Xi lanh khoan quay\" width=\"500\" height=\"200\" title=\"\" srcset=\"https:\/\/fmp-components.com\/wp-content\/uploads\/2024\/12\/Rotary-Drilling-Luffing-Cylinder1.webp 500w, https:\/\/fmp-components.com\/wp-content\/uploads\/2024\/12\/Rotary-Drilling-Luffing-Cylinder1-480x192.webp 480w\" sizes=\"(min-width: 0px) and (max-width: 480px) 480px, (min-width: 481px) 500px, 100vw\" \/><\/p>\n<table style=\"width: 92.1166%; height: 218px;\" border=\"1\" cellspacing=\"0\" cellpadding=\"0\">\n<tbody>\n<tr>\n<td>T\u00ean s\u1ea3n ph\u1ea9m<\/td>\n<td>Xi lanh khoan quay<\/td>\n<\/tr>\n<tr>\n<td>\u0110\u1eb7c tr\u01b0ng:<\/td>\n<td>Ki\u1ec3m so\u00e1t g\u00f3c nghi\u00eang, \u0111i\u1ec1u ch\u1ec9nh kho\u1ea3ng c\u00e1ch gi\u1eefa c\u1ed9t bu\u1ed3m v\u00e0 m\u00e1y ch\u1ee7<\/td>\n<\/tr>\n<tr>\n<td>\u0110\u01b0\u1eddng k\u00ednh l\u1ed7 khoan:<\/td>\n<td>125mm\uff5e250mm<\/td>\n<\/tr>\n<tr>\n<td>\u0110\u01b0\u1eddng k\u00ednh thanh:<\/td>\n<td>90mm\uff5e160mm<br \/>\nH\u00e0nh tr\u00ecnh \u22641640 mm<\/td>\n<\/tr>\n<tr>\n<td>\u00c1p l\u1ef1c:<\/td>\n<td>l\u00ean \u0111\u1ebfn 32MPa<\/td>\n<\/tr>\n<tr>\n<td>\u1ee8ng d\u1ee5ng c\u1ee7a xi lanh n\u00e2ng:<\/td>\n<td>Khoan quay<\/td>\n<\/tr>\n<\/tbody>\n<\/table>\n<p><img loading=\"lazy\" decoding=\"async\" class=\"alignnone size-full wp-image-565\" src=\"https:\/\/fmp-components.com\/wp-content\/uploads\/2024\/12\/Rotary-Drilling-Luffing-Cylinder1-1.webp\" alt=\"Xi lanh khoan quay\" width=\"839\" height=\"425\" title=\"\" srcset=\"https:\/\/fmp-components.com\/wp-content\/uploads\/2024\/12\/Rotary-Drilling-Luffing-Cylinder1-1.webp 839w, https:\/\/fmp-components.com\/wp-content\/uploads\/2024\/12\/Rotary-Drilling-Luffing-Cylinder1-1-480x243.webp 480w\" sizes=\"(min-width: 0px) and (max-width: 480px) 480px, (min-width: 481px) 839px, 100vw\" \/> <img loading=\"lazy\" decoding=\"async\" class=\"alignnone size-full wp-image-566\" src=\"https:\/\/fmp-components.com\/wp-content\/uploads\/2024\/12\/Rotary-Drilling-Luffing-Cylinder2.webp\" alt=\"Xi lanh khoan quay\" width=\"831\" height=\"417\" title=\"\" srcset=\"https:\/\/fmp-components.com\/wp-content\/uploads\/2024\/12\/Rotary-Drilling-Luffing-Cylinder2.webp 831w, https:\/\/fmp-components.com\/wp-content\/uploads\/2024\/12\/Rotary-Drilling-Luffing-Cylinder2-480x241.webp 480w\" sizes=\"(min-width: 0px) and (max-width: 480px) 480px, (min-width: 481px) 831px, 100vw\" \/><\/p>\n<h2>Th\u00f4ng s\u1ed1 k\u1ef9 thu\u1eadt c\u1ee7a xi lanh c\u1ed9t khoan quay:<\/h2>\n<p>Xi lanh c\u1ed9t khoan xoay l\u00e0 m\u1ed9t b\u1ed9 ph\u1eadn th\u1ee7y l\u1ef1c quan tr\u1ecdng h\u1ed7 tr\u1ee3 chuy\u1ec3n \u0111\u1ed9ng th\u1eb3ng \u0111\u1ee9ng c\u1ee7a c\u1ed9t khoan, cho ph\u00e9p n\u00e2ng l\u00ean v\u00e0 h\u1ea1 xu\u1ed1ng trong qu\u00e1 tr\u00ecnh khoan. Xi lanh n\u00e0y \u0111\u01b0\u1ee3c thi\u1ebft k\u1ebf \u0111\u1ec3 cung c\u1ea5p l\u1ef1c c\u1ea7n thi\u1ebft \u0111\u1ec3 n\u00e2ng c\u1ed9t l\u00ean nhi\u1ec1u \u0111\u1ed9 cao kh\u00e1c nhau, cho ph\u00e9p ti\u1ebfp c\u1eadn hi\u1ec7u qu\u1ea3 \u0111\u1ebfn c\u00e1c \u0111\u1ed9 s\u00e2u c\u1ea7n thi\u1ebft cho vi\u1ec7c khoan. \u0110\u01b0\u1ee3c ch\u1ebf t\u1ea1o t\u1eeb v\u1eadt li\u1ec7u c\u00f3 \u0111\u1ed9 b\u1ec1n cao, xi lanh \u0111\u01b0\u1ee3c thi\u1ebft k\u1ebf \u0111\u1ec3 ch\u1ecbu \u0111\u01b0\u1ee3c nh\u1eefng y\u00eau c\u1ea7u kh\u1eaft khe c\u1ee7a m\u00f4i tr\u01b0\u1eddng khoan, \u0111\u1ea3m b\u1ea3o \u0111\u1ed9 b\u1ec1n v\u00e0 \u0111\u1ed9 tin c\u1eady l\u00e2u d\u00e0i. Ho\u1ea1t \u0111\u1ed9ng th\u1ee7y l\u1ef1c m\u01b0\u1ee3t m\u00e0 c\u1ee7a xi lanh c\u1ed9t gi\u00fap \u0111i\u1ec1u khi\u1ec3n ch\u00ednh x\u00e1c, n\u00e2ng cao \u0111\u1ed9 \u1ed5n \u0111\u1ecbnh v\u00e0 hi\u1ec7u su\u1ea5t t\u1ed5ng th\u1ec3 c\u1ee7a gi\u00e0n khoan, \u0111\u1ed3ng th\u1eddi \u0111\u1ea3m b\u1ea3o ho\u1ea1t \u0111\u1ed9ng an to\u00e0n v\u00e0 hi\u1ec7u qu\u1ea3 trong nhi\u1ec1u \u1ee9ng d\u1ee5ng.<\/p>\n<p><img loading=\"lazy\" decoding=\"async\" class=\"size-full wp-image-559 aligncenter\" src=\"https:\/\/fmp-components.com\/wp-content\/uploads\/2024\/12\/Rotary-Drilling-Mast-Cylinder1.webp\" alt=\"Xi lanh c\u1ed9t khoan quay\" width=\"500\" height=\"200\" title=\"\" srcset=\"https:\/\/fmp-components.com\/wp-content\/uploads\/2024\/12\/Rotary-Drilling-Mast-Cylinder1.webp 500w, https:\/\/fmp-components.com\/wp-content\/uploads\/2024\/12\/Rotary-Drilling-Mast-Cylinder1-480x192.webp 480w\" sizes=\"(min-width: 0px) and (max-width: 480px) 480px, (min-width: 481px) 500px, 100vw\" \/><\/p>\n<table style=\"width: 92.4146%; height: 200px;\" border=\"1\" cellspacing=\"0\" cellpadding=\"0\">\n<tbody>\n<tr style=\"height: 23px;\">\n<td style=\"width: 30.6306%; height: 23px;\">T\u00ean s\u1ea3n ph\u1ea9m<\/td>\n<td style=\"width: 69.009%; height: 23px;\">Xi lanh c\u1ed9t khoan quay<\/td>\n<\/tr>\n<tr style=\"height: 23px;\">\n<td style=\"width: 30.6306%; height: 23px;\">\u0110\u1eb7c tr\u01b0ng:<\/td>\n<td style=\"width: 69.009%; height: 23px;\">Ki\u1ec3m so\u00e1t c\u1ed9t bu\u1ed3m, \u0111i\u1ec1u ch\u1ec9nh g\u00f3c c\u1ee7a c\u1ed9t bu\u1ed3m v\u00e0 m\u1eb7t \u0111\u1ea5t<\/td>\n<\/tr>\n<tr style=\"height: 23px;\">\n<td style=\"width: 30.6306%; height: 23px;\">\u0110\u01b0\u1eddng k\u00ednh l\u1ed7 khoan:<\/td>\n<td style=\"width: 69.009%; height: 23px;\">140mm\uff5e350mm<\/td>\n<\/tr>\n<tr style=\"height: 47px;\">\n<td style=\"width: 30.6306%; height: 47px;\">\u0110\u01b0\u1eddng k\u00ednh thanh:<\/td>\n<td style=\"width: 69.009%; height: 47px;\">90mm\uff5e230mm<br \/>\nH\u00e0nh tr\u00ecnh \u22645550mm<\/td>\n<\/tr>\n<tr style=\"height: 23px;\">\n<td style=\"width: 30.6306%; height: 23px;\">\u00c1p l\u1ef1c:<\/td>\n<td style=\"width: 69.009%; height: 23px;\">l\u00ean \u0111\u1ebfn 32MPa<\/td>\n<\/tr>\n<tr style=\"height: 23px;\">\n<td style=\"width: 30.6306%; height: 23px;\">\u1ee8ng d\u1ee5ng c\u1ee7a xi lanh c\u1ed9t:<\/td>\n<td style=\"width: 69.009%; height: 23px;\">Khoan quay<\/td>\n<\/tr>\n<\/tbody>\n<\/table>\n<p><img loading=\"lazy\" decoding=\"async\" class=\"alignnone size-full wp-image-563\" src=\"https:\/\/fmp-components.com\/wp-content\/uploads\/2024\/12\/Rotary-Drilling-Mast-Cylinder1-1.webp\" alt=\"Xi lanh c\u1ed9t khoan quay\" width=\"821\" height=\"426\" title=\"\" srcset=\"https:\/\/fmp-components.com\/wp-content\/uploads\/2024\/12\/Rotary-Drilling-Mast-Cylinder1-1.webp 821w, https:\/\/fmp-components.com\/wp-content\/uploads\/2024\/12\/Rotary-Drilling-Mast-Cylinder1-1-480x249.webp 480w\" sizes=\"(min-width: 0px) and (max-width: 480px) 480px, (min-width: 481px) 821px, 100vw\" \/> <img loading=\"lazy\" decoding=\"async\" class=\"alignnone size-full wp-image-564\" src=\"https:\/\/fmp-components.com\/wp-content\/uploads\/2024\/12\/Rotary-Drilling-Mast-Cylinder2.webp\" alt=\"Xi lanh c\u1ed9t khoan quay\" width=\"828\" height=\"414\" title=\"\" srcset=\"https:\/\/fmp-components.com\/wp-content\/uploads\/2024\/12\/Rotary-Drilling-Mast-Cylinder2.webp 828w, https:\/\/fmp-components.com\/wp-content\/uploads\/2024\/12\/Rotary-Drilling-Mast-Cylinder2-480x240.webp 480w\" sizes=\"(min-width: 0px) and (max-width: 480px) 480px, (min-width: 481px) 828px, 100vw\" \/><\/p>\n<h2>Th\u00f4ng s\u1ed1 k\u1ef9 thu\u1eadt c\u1ee7a xi lanh \u00e1p su\u1ea5t khoan quay:<\/h2>\n<p>Xi lanh khoan \u00e1p su\u1ea5t xoay l\u00e0 m\u1ed9t b\u1ed9 ph\u1eadn th\u1ee7y l\u1ef1c quan tr\u1ecdng \u0111\u01b0\u1ee3c thi\u1ebft k\u1ebf \u0111\u1ec3 t\u1ea1o v\u00e0 duy tr\u00ec \u00e1p su\u1ea5t trong qu\u00e1 tr\u00ecnh khoan xoay. Xi lanh n\u00e0y \u0111\u1ea3m b\u1ea3o m\u0169i khoan nh\u1eadn \u0111\u01b0\u1ee3c l\u1ef1c \u0111\u1ec1u \u0111\u1eb7n, n\u00e2ng cao hi\u1ec7u qu\u1ea3 xuy\u00ean qua c\u00e1c l\u1edbp \u0111\u1ea5t v\u00e0 \u0111\u00e1 kh\u00e1c nhau. \u0110\u01b0\u1ee3c ch\u1ebf t\u1ea1o t\u1eeb v\u1eadt li\u1ec7u c\u01b0\u1eddng \u0111\u1ed9 cao, xi lanh \u0111\u01b0\u1ee3c thi\u1ebft k\u1ebf \u0111\u1ec3 ch\u1ecbu \u0111\u01b0\u1ee3c c\u00e1c \u0111i\u1ec1u ki\u1ec7n kh\u1eafc nghi\u1ec7t c\u1ee7a m\u00f4i tr\u01b0\u1eddng khoan, mang l\u1ea1i \u0111\u1ed9 b\u1ec1n v\u00e0 \u0111\u1ed9 tin c\u1eady. Ho\u1ea1t \u0111\u1ed9ng n\u00e9n cho ph\u00e9p hi\u1ec7u su\u1ea5t khoan hi\u1ec7u qu\u1ea3, c\u1ea3i thi\u1ec7n t\u1ed1c \u0111\u1ed9 v\u00e0 hi\u1ec7u qu\u1ea3 ho\u1ea1t \u0111\u1ed9ng. Ngo\u00e0i ra, thi\u1ebft k\u1ebf c\u1ee7a xi lanh t\u1ea1o \u0111i\u1ec1u ki\u1ec7n cho chuy\u1ec3n \u0111\u1ed9ng th\u1ee7y l\u1ef1c m\u01b0\u1ee3t m\u00e0, \u0111\u1ea3m b\u1ea3o ki\u1ec3m so\u00e1t ch\u00ednh x\u00e1c v\u00e0 \u1ed5n \u0111\u1ecbnh trong qu\u00e1 tr\u00ecnh khoan, khi\u1ebfn n\u00f3 tr\u1edf n\u00ean thi\u1ebft y\u1ebfu cho nhi\u1ec1u \u1ee9ng d\u1ee5ng x\u00e2y d\u1ef1ng v\u00e0 \u0111\u1ecba k\u1ef9 thu\u1eadt.<\/p>\n<p><img loading=\"lazy\" decoding=\"async\" class=\"size-full wp-image-560 aligncenter\" src=\"https:\/\/fmp-components.com\/wp-content\/uploads\/2024\/12\/Rotary-Drilling-Pressurized-Cylinder.webp\" alt=\"Xi lanh \u00e1p su\u1ea5t khoan quay\" width=\"500\" height=\"200\" title=\"\" srcset=\"https:\/\/fmp-components.com\/wp-content\/uploads\/2024\/12\/Rotary-Drilling-Pressurized-Cylinder.webp 500w, https:\/\/fmp-components.com\/wp-content\/uploads\/2024\/12\/Rotary-Drilling-Pressurized-Cylinder-480x192.webp 480w\" sizes=\"(min-width: 0px) and (max-width: 480px) 480px, (min-width: 481px) 500px, 100vw\" \/><\/p>\n<table style=\"width: 91.2553%; height: 204px;\" border=\"1\" cellspacing=\"0\" cellpadding=\"0\">\n<tbody>\n<tr>\n<td>T\u00ean s\u1ea3n ph\u1ea9m<\/td>\n<td>Xi lanh \u00e1p su\u1ea5t khoan quay<\/td>\n<\/tr>\n<tr>\n<td>\u0110\u1eb7c tr\u01b0ng:<\/td>\n<td>Ki\u1ec3m so\u00e1t vi\u1ec7c n\u00e2ng v\u00e0 h\u1ea1 \u0111\u1ea7u ngu\u1ed3n<\/td>\n<\/tr>\n<tr>\n<td>\u0110\u01b0\u1eddng k\u00ednh l\u1ed7 khoan:<\/td>\n<td>125mm\uff5e210mm<\/td>\n<\/tr>\n<tr>\n<td>\u0110\u01b0\u1eddng k\u00ednh thanh:<\/td>\n<td>90mm\uff5e150mm<br \/>\nH\u00e0nh tr\u00ecnh \u22648500mm<\/td>\n<\/tr>\n<tr>\n<td>\u00c1p l\u1ef1c:<\/td>\n<td>l\u00ean \u0111\u1ebfn 35MPa<\/td>\n<\/tr>\n<tr>\n<td>\u1ee8ng d\u1ee5ng c\u1ee7a xi lanh \u00e1p su\u1ea5t:<\/td>\n<td>Khoan quay<\/td>\n<\/tr>\n<\/tbody>\n<\/table>\n<p><img loading=\"lazy\" decoding=\"async\" class=\"alignnone size-full wp-image-561\" src=\"https:\/\/fmp-components.com\/wp-content\/uploads\/2024\/12\/Rotary-Drilling-Pressurized-Cylinder2.webp\" alt=\"Xi lanh \u00e1p su\u1ea5t khoan quay\" width=\"831\" height=\"416\" title=\"\" srcset=\"https:\/\/fmp-components.com\/wp-content\/uploads\/2024\/12\/Rotary-Drilling-Pressurized-Cylinder2.webp 831w, https:\/\/fmp-components.com\/wp-content\/uploads\/2024\/12\/Rotary-Drilling-Pressurized-Cylinder2-480x240.webp 480w\" sizes=\"(min-width: 0px) and (max-width: 480px) 480px, (min-width: 481px) 831px, 100vw\" \/> <img loading=\"lazy\" decoding=\"async\" class=\"alignnone size-full wp-image-562\" src=\"https:\/\/fmp-components.com\/wp-content\/uploads\/2024\/12\/Rotary-Drilling-Pressurized-Cylinder1.png\" alt=\"Xi lanh \u00e1p su\u1ea5t khoan quay\" width=\"817\" height=\"430\" title=\"\" srcset=\"https:\/\/fmp-components.com\/wp-content\/uploads\/2024\/12\/Rotary-Drilling-Pressurized-Cylinder1.png 817w, https:\/\/fmp-components.com\/wp-content\/uploads\/2024\/12\/Rotary-Drilling-Pressurized-Cylinder1-480x253.png 480w\" sizes=\"(min-width: 0px) and (max-width: 480px) 480px, (min-width: 481px) 817px, 100vw\" \/><\/p>\n<h2>Gi\u1edbi thi\u1ec7u v\u1ec1 FMP<\/h2>\n<p>FMP l\u00e0 m\u1ed9t c\u00f4ng ty s\u1ea3n xu\u1ea5t c\u01a1 kh\u00ed chuy\u00ean bi\u1ec7t, chuy\u00ean s\u1ea3n xu\u1ea5t xi lanh th\u1ee7y l\u1ef1c. K\u1ec3 t\u1eeb khi th\u00e0nh l\u1eadp, c\u00f4ng ty \u0111\u00e3 t\u1eadp trung v\u00e0o nghi\u00ean c\u1ee9u v\u00e0 s\u1ea3n xu\u1ea5t c\u00f4ng ngh\u1ec7 th\u1ee7y l\u1ef1c, chuy\u1ec3n \u0111\u1ed5i th\u00e0nh c\u00f4ng t\u1eeb danh m\u1ee5c s\u1ea3n ph\u1ea9m \u0111a d\u1ea1ng, bao g\u1ed3m m\u00e1y m\u00f3c thu ho\u1ea1ch v\u00e0 x\u00e2y d\u1ef1ng, sang chuy\u00ean v\u1ec1 linh ki\u1ec7n m\u00e1y k\u00e9o n\u00f4ng nghi\u1ec7p. V\u1edbi h\u01a1n m\u1ed9t th\u1eadp k\u1ef7 kinh nghi\u1ec7m trong s\u1ea3n xu\u1ea5t v\u00e0 qu\u1ea3n l\u00fd, FMP \u0111\u1ea3m b\u1ea3o s\u1ea3n ph\u1ea9m ch\u1ea5t l\u01b0\u1ee3ng cao th\u00f4ng qua c\u00e1c k\u1ef9 thu\u1eadt s\u1ea3n xu\u1ea5t ti\u00ean ti\u1ebfn.<\/p>\n<p>Trong qu\u00e1 tr\u00ecnh ph\u00e1t tri\u1ec3n, c\u00f4ng ty \u0111\u00e3 x\u00e2y d\u1ef1ng \u0111\u01b0\u1ee3c d\u00e2y chuy\u1ec1n s\u1ea3n xu\u1ea5t gia c\u00f4ng, d\u00e2y chuy\u1ec1n l\u1eafp r\u00e1p v\u00e0 d\u00e2y chuy\u1ec1n s\u01a1n ph\u1ee7 to\u00e0n di\u1ec7n. \u0110\u1ed9i ng\u0169 c\u1ee7a ch\u00fang t\u00f4i bao g\u1ed3m \u0111\u1ed9i ng\u0169 qu\u1ea3n l\u00fd l\u00e0nh ngh\u1ec1, \u0111\u1ed9i ng\u0169 thi\u1ebft k\u1ebf c\u01a1 kh\u00ed gi\u00e0u kinh nghi\u1ec7m v\u00e0 \u0111\u1ed9i ng\u0169 k\u1ef9 thu\u1eadt vi\u00ean \u0111\u01b0\u1ee3c \u0111\u00e0o t\u1ea1o b\u00e0i b\u1ea3n, c\u00f9ng nhau duy tr\u00ec ch\u1ea5t l\u01b0\u1ee3ng s\u1ea3n xu\u1ea5t \u1ed5n \u0111\u1ecbnh, \u0111\u1ed3ng th\u1eddi ki\u1ec3m so\u00e1t hi\u1ec7u qu\u1ea3 t\u00ednh li\u00ean t\u1ee5c v\u00e0 hi\u1ec7u qu\u1ea3 c\u1ee7a quy tr\u00ecnh.<\/p>\n<p>FMP duy tr\u00ec tri\u1ebft l\u00fd \u201c\u0110\u1ed5i m\u1edbi c\u00f4ng ngh\u1ec7 th\u00fac \u0111\u1ea9y ti\u1ebfn b\u1ed9, Ch\u1ea5t l\u01b0\u1ee3ng t\u1ea1o n\u00ean th\u01b0\u01a1ng hi\u1ec7u, Tay ngh\u1ec1 \u0111\u1ea3m b\u1ea3o ch\u1ea5t l\u01b0\u1ee3ng v\u00e0 X\u00e2y d\u1ef1ng m\u1ed1i quan h\u1ec7 \u0111\u00f4i b\u00ean c\u00f9ng c\u00f3 l\u1ee3i l\u00e2u d\u00e0i\u201d. Cam k\u1ebft cung c\u1ea5p s\u1ea3n ph\u1ea9m ch\u1ea5t l\u01b0\u1ee3ng cao v\u00e0 d\u1ecbch v\u1ee5 kh\u00e1ch h\u00e0ng v\u01b0\u1ee3t tr\u1ed9i v\u1eabn l\u00e0 m\u1ee5c ti\u00eau c\u1ed1t l\u00f5i khi ch\u00fang t\u00f4i ti\u1ebfp t\u1ee5c \u0111\u00e1p \u1ee9ng nhu c\u1ea7u ng\u00e0y c\u00e0ng thay \u0111\u1ed5i c\u1ee7a th\u1ecb tr\u01b0\u1eddng.<\/p>\n<p><img loading=\"lazy\" decoding=\"async\" class=\"alignnone size-full wp-image-426\" src=\"https:\/\/fmp-components.com\/wp-content\/uploads\/2024\/12\/Sanitation-Machinery-Locking-Hydraulic-Cylinder-factory.webp\" sizes=\"(min-width: 0px) and (max-width: 480px) 480px, (min-width: 481px) and (max-width: 980px) 980px, (min-width: 981px) and (max-width: 1280px) 1280px, (min-width: 1281px) 1414px, 100vw\" srcset=\"https:\/\/fmp-components.com\/wp-content\/uploads\/2024\/12\/Sanitation-Machinery-Locking-Hydraulic-Cylinder-factory.webp 1414w, https:\/\/fmp-components.com\/wp-content\/uploads\/2024\/12\/Sanitation-Machinery-Locking-Hydraulic-Cylinder-factory-1280x529.webp 1280w, https:\/\/fmp-components.com\/wp-content\/uploads\/2024\/12\/Sanitation-Machinery-Locking-Hydraulic-Cylinder-factory-980x405.webp 980w, https:\/\/fmp-components.com\/wp-content\/uploads\/2024\/12\/Sanitation-Machinery-Locking-Hydraulic-Cylinder-factory-480x198.webp 480w\" alt=\"Nh\u00e0 m\u00e1y xi lanh th\u1ee7y l\u1ef1c kh\u00f3a m\u00e1y v\u1ec7 sinh\" width=\"1414\" height=\"584\" title=\"\"><\/p>\n<p>T\u00e1c gi\u1ea3: CX<\/p>","protected":false},"excerpt":{"rendered":"<p>Rotary Drilling Cylinder The Rotary Drilling Cylinder is a crucial hydraulic component designed to facilitate the rotary motion required for drilling operations in various applications, including construction, mining, and geotechnical engineering. This cylinder provides the necessary force to rotate the drill bit, enabling efficient penetration into different types of soil and rock. Key Features: Robust [&hellip;]<\/p>","protected":false},"featured_media":557,"comment_status":"open","ping_status":"closed","template":"","meta":{"_et_pb_use_builder":"","_et_pb_old_content":"","_et_gb_content_width":""},"product_brand":[],"product_cat":[25],"product_tag":[],"class_list":{"0":"post-555","1":"product","2":"type-product","3":"status-publish","4":"has-post-thumbnail","6":"product_cat-mobile-machinery-hydraulic-cylinder","8":"first","9":"instock","10":"shipping-taxable","11":"product-type-simple"},"_links":{"self":[{"href":"https:\/\/fmp-components.com\/vi\/wp-json\/wp\/v2\/product\/555","targetHints":{"allow":["GET"]}}],"collection":[{"href":"https:\/\/fmp-components.com\/vi\/wp-json\/wp\/v2\/product"}],"about":[{"href":"https:\/\/fmp-components.com\/vi\/wp-json\/wp\/v2\/types\/product"}],"replies":[{"embeddable":true,"href":"https:\/\/fmp-components.com\/vi\/wp-json\/wp\/v2\/comments?post=555"}],"wp:featuredmedia":[{"embeddable":true,"href":"https:\/\/fmp-components.com\/vi\/wp-json\/wp\/v2\/media\/557"}],"wp:attachment":[{"href":"https:\/\/fmp-components.com\/vi\/wp-json\/wp\/v2\/media?parent=555"}],"wp:term":[{"taxonomy":"product_brand","embeddable":true,"href":"https:\/\/fmp-components.com\/vi\/wp-json\/wp\/v2\/product_brand?post=555"},{"taxonomy":"product_cat","embeddable":true,"href":"https:\/\/fmp-components.com\/vi\/wp-json\/wp\/v2\/product_cat?post=555"},{"taxonomy":"product_tag","embeddable":true,"href":"https:\/\/fmp-components.com\/vi\/wp-json\/wp\/v2\/product_tag?post=555"}],"curies":[{"name":"wp","href":"https:\/\/api.w.org\/{rel}","templated":true}]}}