{"id":5256,"date":"2025-02-05T05:17:19","date_gmt":"2025-02-05T05:17:19","guid":{"rendered":"https:\/\/fmp-components.com\/?post_type=product&#038;p=5256"},"modified":"2025-02-05T06:13:06","modified_gmt":"2025-02-05T06:13:06","slug":"hand-or-electric-chain-hoist-sprocket-for-crane-lifting","status":"publish","type":"product","link":"https:\/\/fmp-components.com\/vi\/product\/hand-or-electric-chain-hoist-sprocket-for-crane-lifting\/","title":{"rendered":"X\u00edch n\u00e2ng tay ho\u1eb7c x\u00edch n\u00e2ng \u0111i\u1ec7n d\u00f9ng cho c\u1ea9u"},"content":{"rendered":"<h2>T\u1ed5ng quan v\u1ec1 s\u1ea3n ph\u1ea9m x\u00edch n\u00e2ng h\u1ea1<\/h2>\n<p>B\u00e1nh x\u00edch pa l\u0103ng x\u00edch \u0111\u01b0\u1ee3c thi\u1ebft k\u1ebf \u0111\u1ec3 d\u1ec5 v\u1eadn h\u00e0nh, di chuy\u1ec3n v\u00e0 an to\u00e0n, khi\u1ebfn n\u00f3 tr\u1edf th\u00e0nh l\u1ef1a ch\u1ecdn ph\u1ed5 bi\u1ebfn c\u1ee7a ng\u01b0\u1eddi d\u00f9ng. V\u1edbi thi\u1ebft k\u1ebf s\u00e1ng t\u1ea1o v\u00e0 ch\u1ee9c n\u0103ng m\u01b0\u1ee3t m\u00e0, b\u00e1nh x\u00edch n\u00e0y v\u01b0\u1ee3t tr\u1ed9i trong c\u00e1c \u1ee9ng d\u1ee5ng n\u00e2ng v\u1eadt n\u1eb7ng. Nh\u01b0ng \u0111i\u1ec1u g\u00ec l\u00e0m n\u00ean s\u1ef1 kh\u00e1c bi\u1ec7t c\u1ee7a n\u00f3?<\/p>\n<p>B\u00e1nh x\u00edch pa l\u0103ng x\u00edch \u0111\u01b0\u1ee3c ch\u1ebf t\u1ea1o t\u1eeb c\u00e1c b\u1ed9 ph\u1eadn nh\u01b0 m\u00f3c, x\u00edch v\u00e0 c\u00e1c chi ti\u1ebft kh\u00e1c c\u00f3 kh\u1ea3 n\u0103ng ch\u1ecbu t\u1ea3i cao, \u0111\u1ed9 b\u1ec1n v\u00e0 s\u1ee9c m\u1ea1nh v\u01b0\u1ee3t tr\u1ed9i. Nh\u1eefng \u0111\u1eb7c \u0111i\u1ec3m n\u00e0y \u0111\u1ea3m b\u1ea3o b\u00e1nh x\u00edch lu\u00f4n b\u1ec1n b\u1ec9 v\u00e0 ch\u1ed1ng g\u00e3y v\u1ee1 trong qu\u00e1 tr\u00ecnh s\u1eed d\u1ee5ng, c\u1ea3i thi\u1ec7n \u0111\u00e1ng k\u1ec3 \u0111\u1ed9 an to\u00e0n v\u1eadn h\u00e0nh. C\u1ea5u tr\u00fac ch\u1eafc ch\u1eafn c\u1ee7a b\u00e1nh x\u00edch cho ph\u00e9p n\u00e2ng t\u1ea3i tr\u1ecdng n\u1eb7ng m\u1ed9t c\u00e1ch nh\u1ea5t qu\u00e1n trong th\u1eddi gian d\u00e0i, n\u00e2ng cao hi\u1ec7u su\u1ea5t l\u00e0m vi\u1ec7c v\u00e0 gi\u1ea3m thi\u1ec3u nhu c\u1ea7u lao \u0111\u1ed9ng th\u1ee7 c\u00f4ng.<\/p>\n<p>\u0110\u01b0\u1ee3c s\u1eed d\u1ee5ng r\u1ed9ng r\u00e3i trong c\u00e1c ng\u00e0nh c\u00f4ng nghi\u1ec7p nh\u01b0 \u0111i\u1ec7n, v\u1eadn t\u1ea3i, x\u00e2y d\u1ef1ng c\u1ea7u v\u00e0 than, x\u00edch n\u00e2ng h\u1ea1 mang l\u1ea1i nh\u1eefng l\u1ee3i th\u1ebf \u0111\u1ed9c \u0111\u00e1o g\u00f3p ph\u1ea7n v\u00e0o ho\u1ea1t \u0111\u1ed9ng hi\u1ec7u qu\u1ea3 v\u00e0 an to\u00e0n h\u01a1n trong nhi\u1ec1u l\u0129nh v\u1ef1c, khi\u1ebfn n\u00f3 tr\u1edf th\u00e0nh m\u1ed9t c\u00f4ng c\u1ee5 v\u00f4 gi\u00e1 \u0111\u1ec3 c\u1ea3i thi\u1ec7n n\u0103ng su\u1ea5t.<\/p>\n<h3>Thi\u1ebft k\u1ebf r\u00f2ng r\u1ecdc c\u1ed1 \u0111\u1ecbnh n\u00e2ng c\u1ea5p<\/h3>\n<p>B\u00e1nh x\u00edch pa l\u0103ng x\u00edch l\u00e0 phi\u00ean b\u1ea3n n\u00e2ng cao c\u1ee7a puli c\u1ed1 \u0111\u1ecbnh truy\u1ec1n th\u1ed1ng, k\u1ebft h\u1ee3p nh\u1eefng t\u00ednh n\u0103ng \u01b0u vi\u1ec7t nh\u1ea5t c\u1ee7a puli c\u1ed1 \u0111\u1ecbnh v\u1edbi c\u00e1c ch\u1ee9c n\u0103ng b\u1ed5 sung. N\u00f3 t\u00edch h\u1ee3p b\u1ed9 gi\u1ea3m t\u1ed1c, phanh ki\u1ec3m tra l\u00f9i v\u00e0 b\u00e1nh x\u00edch pa l\u0103ng x\u00edch, t\u1ea5t c\u1ea3 trong m\u1ed9t h\u1ec7 th\u1ed1ng b\u00e1nh r\u0103ng tr\u1ee5 th\u1ee9 c\u1ea5p \u0111\u1ed1i x\u1ee9ng. Thi\u1ebft k\u1ebf n\u00e0y \u0111\u01a1n gi\u1ea3n, b\u1ec1n b\u1ec9 v\u00e0 hi\u1ec7u su\u1ea5t cao.<\/p>\n<p>C\u01a1 ch\u1ebf ho\u1ea1t \u0111\u1ed9ng r\u1ea5t \u0111\u01a1n gi\u1ea3n: x\u00edch tay v\u00e0 b\u00e1nh x\u00edch tay \u0111\u01b0\u1ee3c k\u00e9o \u0111\u1ec3 kh\u1edbp v\u1edbi b\u00e1nh c\u00f3c \u0111\u0129a ma s\u00e1t v\u00e0 \u0111\u1ebf phanh, khi\u1ebfn ch\u00fang quay c\u00f9ng l\u00fac. Khi tr\u1ee5c r\u0103ng d\u00e0i quay b\u00e1nh r\u0103ng \u0111\u0129a, tr\u1ee5c r\u0103ng ng\u1eafn v\u00e0 b\u00e1nh r\u0103ng l\u1ed7 kh\u00eda c\u0169ng quay theo. H\u00e0nh \u0111\u1ed9ng n\u00e0y d\u1eabn \u0111\u1ed9ng b\u00e1nh x\u00edch n\u00e2ng, t\u1eeb \u0111\u00f3 di chuy\u1ec3n x\u00edch n\u00e2ng \u0111\u1ec3 n\u00e2ng t\u1ea3i tr\u1ecdng m\u1ed9t c\u00e1ch \u0111\u1ec1u \u0111\u1eb7n. Ngo\u00e0i ra, c\u01a1 c\u1ea5u phanh m\u1ed9t chi\u1ec1u, v\u1edbi \u0111\u0129a ma s\u00e1t b\u00e1nh c\u00f3c, \u0111\u1ea3m b\u1ea3o phanh t\u1ef1 \u0111\u1ed9ng khi c\u00f3 t\u1ea3i. Ch\u1ed1t h\u00e3m \u0103n kh\u1edbp v\u1edbi b\u00e1nh c\u00f3c d\u01b0\u1edbi l\u1ef1c c\u0103ng c\u1ee7a l\u00f2 xo, cho ph\u00e9p phanh ho\u1ea1t \u0111\u1ed9ng an to\u00e0n v\u00e0 ch\u1eafc ch\u1eafn.<\/p>\n<p>B\u00e1nh x\u00edch pa l\u0103ng x\u00edch \u0111\u01b0\u1ee3c thi\u1ebft k\u1ebf \u0111\u1ec3 cung c\u1ea5p kh\u1ea3 n\u0103ng n\u00e2ng \u0111\u00e1ng tin c\u1eady, hi\u1ec7u qu\u1ea3 v\u00e0 an to\u00e0n, khi\u1ebfn n\u00f3 tr\u1edf th\u00e0nh l\u1ef1a ch\u1ecdn l\u00fd t\u01b0\u1edfng cho c\u00e1c nhi\u1ec7m v\u1ee5 c\u00f4ng nghi\u1ec7p \u0111\u00f2i h\u1ecfi kh\u1eaft khe.<\/p>\n<h3>B\u1ea3o tr\u00ec x\u00edch n\u00e2ng tay<\/h3>\n<p>X\u00edch pa l\u0103ng x\u00edch tay ch\u1ee7 y\u1ebfu \u0111\u01b0\u1ee3c s\u1eed d\u1ee5ng \u0111\u1ec3 n\u00e2ng v\u1eadt n\u1eb7ng v\u00e0 l\u1eafp \u0111\u1eb7t thi\u1ebft b\u1ecb. \u0110\u1ec3 \u0111\u1ea3m b\u1ea3o v\u1eadn h\u00e0nh an to\u00e0n v\u00e0 tr\u01a1n tru, c\u1ea7n th\u1ef1c hi\u1ec7n c\u00e1c b\u01b0\u1edbc sau tr\u01b0\u1edbc khi b\u1eaft \u0111\u1ea7u b\u1ea5t k\u1ef3 c\u00f4ng vi\u1ec7c n\u00e2ng n\u00e0o:<\/p>\n<ol>\n<li><strong>Ki\u1ec3m tra kh\u1ea3 n\u0103ng ch\u1ecbu t\u1ea3i<\/strong>: \u0110\u1ea3m b\u1ea3o tr\u1ecdng l\u01b0\u1ee3ng c\u1ee7a v\u1eadt \u0111\u01b0\u1ee3c n\u00e2ng n\u1eb1m trong t\u1ea3i tr\u1ecdng \u0111\u1ecbnh m\u1ee9c c\u1ee7a t\u1eddi x\u00edch tay \u0111\u1ec3 tr\u00e1nh qu\u00e1 t\u1ea3i.<\/li>\n<li><strong>Ki\u1ec3m tra m\u00f4i tr\u01b0\u1eddng l\u00e0m vi\u1ec7c<\/strong>: Ki\u1ec3m tra xem khu v\u1ef1c l\u00e0m vi\u1ec7c c\u00f3 \u0111\u00e1p \u1ee9ng c\u00e1c y\u00eau c\u1ea7u an to\u00e0n c\u1ea7n thi\u1ebft hay kh\u00f4ng. Thi\u1ebft l\u1eadp khu v\u1ef1c an to\u00e0n \u0111\u01b0\u1ee3c ch\u1ec9 \u0111\u1ecbnh xung quanh khu v\u1ef1c n\u00e2ng \u0111\u1ec3 gi\u1ea3m thi\u1ec3u nguy c\u01a1 tai n\u1ea1n.<\/li>\n<li><strong>Ki\u1ec3m tra c\u00e1c th\u00e0nh ph\u1ea7n c\u1ee7a t\u1eddi n\u00e2ng<\/strong>: Ki\u1ec3m tra t\u1eddi x\u00edch tay, ch\u00fa \u00fd \u0111\u1ebfn b\u1ea5t k\u1ef3 d\u1ea5u hi\u1ec7u g\u1ec9 s\u00e9t, m\u00f2n ho\u1eb7c n\u1ee9t n\u00e0o tr\u00ean c\u00e1c b\u1ed9 ph\u1eadn. N\u1ebfu ph\u00e1t hi\u1ec7n b\u1ea5t k\u1ef3 v\u1ea5n \u0111\u1ec1 n\u00e0o, h\u00e3y d\u1eebng v\u1eadn h\u00e0nh ngay l\u1eadp t\u1ee9c v\u00e0 thay th\u1ebf ho\u1eb7c s\u1eeda ch\u1eefa c\u00e1c b\u1ed9 ph\u1eadn b\u1ecb h\u1ecfng.<\/li>\n<li><strong>\u0110\u1ea3m b\u1ea3o t\u1ea3i tr\u1ecdng<\/strong>: \u0110\u1ea3m b\u1ea3o t\u1ea3i \u0111\u01b0\u1ee3c c\u1ed1 \u0111\u1ecbnh ch\u1eafc ch\u1eafn tr\u01b0\u1edbc khi n\u00e2ng \u0111\u1ec3 tr\u00e1nh t\u1ea3i b\u1ecb r\u01a1i trong qu\u00e1 tr\u00ecnh v\u1eadn h\u00e0nh.<\/li>\n<\/ol>\n<p>B\u1eb1ng c\u00e1ch tu\u00e2n theo c\u00e1c h\u01b0\u1edbng d\u1eabn v\u1ec1 b\u1ea3o tr\u00ec v\u00e0 an to\u00e0n n\u00e0y, b\u1ea1n c\u00f3 th\u1ec3 \u0111\u1ea3m b\u1ea3o tu\u1ed5i th\u1ecd c\u1ee7a x\u00edch t\u1eddi k\u00e9o tay \u0111\u1ed3ng th\u1eddi duy tr\u00ec m\u00f4i tr\u01b0\u1eddng l\u00e0m vi\u1ec7c an to\u00e0n.<\/p>\n<table style=\"width: 100%;\" border=\"1\" width=\"100%\" cellspacing=\"0\" cellpadding=\"0\">\n<tbody>\n<tr style=\"height: 14.40pt;\">\n<td style=\"height: 14.4pt; width: 26.5659%;\" width=\"166\" height=\"24\">Pa l\u0103ng x\u00edch tay<\/td>\n<td style=\"width: 26.5658%;\" width=\"187\">Pa l\u0103ng x\u00edch \u0111i\u1ec7n<\/td>\n<td style=\"width: 23.2181%;\" width=\"123\">T\u1eddi n\u00e2ng \u0111\u00f2n b\u1ea9y<\/td>\n<td style=\"width: 23.4341%;\" width=\"80\">Xe \u0111\u1ea9y b\u00e1nh r\u0103ng<\/td>\n<\/tr>\n<tr style=\"height: 14.40pt;\">\n<td style=\"height: 14.4pt; width: 26.5659%;\" align=\"right\" height=\"24\"><img loading=\"lazy\" decoding=\"async\" class=\"alignnone size-full wp-image-5267\" src=\"https:\/\/fmp-components.com\/wp-content\/uploads\/2025\/02\/fmp_cast-sprocket-4.webp\" alt=\"fmp_cast-sprocket\" width=\"300\" height=\"300\" title=\"\" srcset=\"https:\/\/fmp-components.com\/wp-content\/uploads\/2025\/02\/fmp_cast-sprocket-4.webp 300w, https:\/\/fmp-components.com\/wp-content\/uploads\/2025\/02\/fmp_cast-sprocket-4-150x150.webp 150w, https:\/\/fmp-components.com\/wp-content\/uploads\/2025\/02\/fmp_cast-sprocket-4-12x12.webp 12w, https:\/\/fmp-components.com\/wp-content\/uploads\/2025\/02\/fmp_cast-sprocket-4-100x100.webp 100w\" sizes=\"(max-width: 300px) 100vw, 300px\" \/><\/td>\n<td style=\"width: 26.5658%;\" align=\"right\"><img loading=\"lazy\" decoding=\"async\" class=\"alignnone size-full wp-image-5259\" src=\"https:\/\/fmp-components.com\/wp-content\/uploads\/2025\/02\/fmp_cast-sprocket-7.webp\" alt=\"fmp_cast-sprocket\" width=\"300\" height=\"300\" title=\"\" srcset=\"https:\/\/fmp-components.com\/wp-content\/uploads\/2025\/02\/fmp_cast-sprocket-7.webp 300w, https:\/\/fmp-components.com\/wp-content\/uploads\/2025\/02\/fmp_cast-sprocket-7-150x150.webp 150w, https:\/\/fmp-components.com\/wp-content\/uploads\/2025\/02\/fmp_cast-sprocket-7-12x12.webp 12w, https:\/\/fmp-components.com\/wp-content\/uploads\/2025\/02\/fmp_cast-sprocket-7-100x100.webp 100w\" sizes=\"(max-width: 300px) 100vw, 300px\" \/><\/td>\n<td style=\"width: 23.2181%;\" align=\"right\"><img loading=\"lazy\" decoding=\"async\" class=\"alignnone size-full wp-image-5260\" src=\"https:\/\/fmp-components.com\/wp-content\/uploads\/2025\/02\/fmp_cast-sprocket-9.webp\" alt=\"fmp_cast-sprocket\" width=\"300\" height=\"300\" title=\"\" srcset=\"https:\/\/fmp-components.com\/wp-content\/uploads\/2025\/02\/fmp_cast-sprocket-9.webp 300w, https:\/\/fmp-components.com\/wp-content\/uploads\/2025\/02\/fmp_cast-sprocket-9-150x150.webp 150w, https:\/\/fmp-components.com\/wp-content\/uploads\/2025\/02\/fmp_cast-sprocket-9-12x12.webp 12w, https:\/\/fmp-components.com\/wp-content\/uploads\/2025\/02\/fmp_cast-sprocket-9-100x100.webp 100w\" sizes=\"(max-width: 300px) 100vw, 300px\" \/><\/td>\n<td style=\"width: 23.4341%;\" align=\"right\"><img loading=\"lazy\" decoding=\"async\" class=\"alignnone size-full wp-image-5266\" src=\"https:\/\/fmp-components.com\/wp-content\/uploads\/2025\/02\/fmp_cast-sprocket-101.webp\" alt=\"fmp_cast-sprocket\" width=\"225\" height=\"225\" title=\"\" srcset=\"https:\/\/fmp-components.com\/wp-content\/uploads\/2025\/02\/fmp_cast-sprocket-101.webp 225w, https:\/\/fmp-components.com\/wp-content\/uploads\/2025\/02\/fmp_cast-sprocket-101-150x150.webp 150w, https:\/\/fmp-components.com\/wp-content\/uploads\/2025\/02\/fmp_cast-sprocket-101-12x12.webp 12w, https:\/\/fmp-components.com\/wp-content\/uploads\/2025\/02\/fmp_cast-sprocket-101-100x100.webp 100w\" sizes=\"(max-width: 225px) 100vw, 225px\" \/><\/td>\n<\/tr>\n<tr style=\"height: 14.40pt;\">\n<td style=\"height: 14.4pt; width: 26.5659%;\" align=\"right\" height=\"24\"><img loading=\"lazy\" decoding=\"async\" class=\"alignnone size-full wp-image-5262\" src=\"https:\/\/fmp-components.com\/wp-content\/uploads\/2025\/02\/fmp_cast-sprocket-6.webp\" alt=\"fmp_cast-sprocket-\" width=\"300\" height=\"300\" title=\"\" srcset=\"https:\/\/fmp-components.com\/wp-content\/uploads\/2025\/02\/fmp_cast-sprocket-6.webp 300w, https:\/\/fmp-components.com\/wp-content\/uploads\/2025\/02\/fmp_cast-sprocket-6-150x150.webp 150w, https:\/\/fmp-components.com\/wp-content\/uploads\/2025\/02\/fmp_cast-sprocket-6-12x12.webp 12w, https:\/\/fmp-components.com\/wp-content\/uploads\/2025\/02\/fmp_cast-sprocket-6-100x100.webp 100w\" sizes=\"(max-width: 300px) 100vw, 300px\" \/><\/td>\n<td style=\"width: 26.5658%;\" align=\"right\"><img loading=\"lazy\" decoding=\"async\" class=\"alignnone size-full wp-image-5263\" src=\"https:\/\/fmp-components.com\/wp-content\/uploads\/2025\/02\/fmp_cast-sprocket-8.webp\" alt=\"fmp_cast-sprocket\" width=\"300\" height=\"300\" title=\"\" srcset=\"https:\/\/fmp-components.com\/wp-content\/uploads\/2025\/02\/fmp_cast-sprocket-8.webp 300w, https:\/\/fmp-components.com\/wp-content\/uploads\/2025\/02\/fmp_cast-sprocket-8-150x150.webp 150w, https:\/\/fmp-components.com\/wp-content\/uploads\/2025\/02\/fmp_cast-sprocket-8-12x12.webp 12w, https:\/\/fmp-components.com\/wp-content\/uploads\/2025\/02\/fmp_cast-sprocket-8-100x100.webp 100w\" sizes=\"(max-width: 300px) 100vw, 300px\" \/><\/td>\n<td style=\"width: 23.2181%;\" align=\"right\"><img loading=\"lazy\" decoding=\"async\" class=\"alignnone size-full wp-image-5264\" src=\"https:\/\/fmp-components.com\/wp-content\/uploads\/2025\/02\/fmp_cast-sprocket-81.webp\" alt=\"fmp_cast-sprocket\" width=\"347\" height=\"347\" title=\"\" srcset=\"https:\/\/fmp-components.com\/wp-content\/uploads\/2025\/02\/fmp_cast-sprocket-81.webp 347w, https:\/\/fmp-components.com\/wp-content\/uploads\/2025\/02\/fmp_cast-sprocket-81-300x300.webp 300w, https:\/\/fmp-components.com\/wp-content\/uploads\/2025\/02\/fmp_cast-sprocket-81-150x150.webp 150w, https:\/\/fmp-components.com\/wp-content\/uploads\/2025\/02\/fmp_cast-sprocket-81-12x12.webp 12w, https:\/\/fmp-components.com\/wp-content\/uploads\/2025\/02\/fmp_cast-sprocket-81-100x100.webp 100w\" sizes=\"(max-width: 347px) 100vw, 347px\" \/><\/td>\n<td style=\"width: 23.4341%;\" align=\"right\"><img loading=\"lazy\" decoding=\"async\" class=\"alignnone size-full wp-image-5265\" src=\"https:\/\/fmp-components.com\/wp-content\/uploads\/2025\/02\/fmp_cast-sprocket-11.webp\" alt=\"fmp_cast-sprocket\" width=\"300\" height=\"300\" title=\"\" srcset=\"https:\/\/fmp-components.com\/wp-content\/uploads\/2025\/02\/fmp_cast-sprocket-11.webp 300w, https:\/\/fmp-components.com\/wp-content\/uploads\/2025\/02\/fmp_cast-sprocket-11-150x150.webp 150w, https:\/\/fmp-components.com\/wp-content\/uploads\/2025\/02\/fmp_cast-sprocket-11-12x12.webp 12w, https:\/\/fmp-components.com\/wp-content\/uploads\/2025\/02\/fmp_cast-sprocket-11-100x100.webp 100w\" sizes=\"(max-width: 300px) 100vw, 300px\" \/><\/td>\n<\/tr>\n<\/tbody>\n<\/table>\n<h3>B\u00e1nh x\u00edch t\u1eddi x\u00edch l\u00e0m b\u1eb1ng v\u1eadt li\u1ec7u kh\u00e1c<\/h3>\n<table style=\"width: 100%;\" border=\"1\" width=\"100%\" cellspacing=\"0\" cellpadding=\"0\">\n<tbody>\n<tr style=\"height: 14.40pt;\">\n<td style=\"height: 14.4pt; width: 49.0281%; text-align: center;\" align=\"right\" width=\"166\" height=\"24\">B\u00e1nh x\u00edch pa l\u0103ng nh\u1ef1a<\/td>\n<td style=\"width: 50.7559%; text-align: center;\" align=\"right\" width=\"187\">B\u00e1nh x\u00edch t\u1eddi x\u00edch b\u1eb1ng th\u00e9p kh\u00f4ng g\u1ec9<\/td>\n<\/tr>\n<tr style=\"height: 14.40pt;\">\n<td class=\"et2\" style=\"height: 14.4pt; width: 49.0281%;\" height=\"24\"><img loading=\"lazy\" decoding=\"async\" class=\"alignnone wp-image-5268\" src=\"https:\/\/fmp-components.com\/wp-content\/uploads\/2025\/02\/fmp_plastic-sprocket-11.webp\" alt=\"fmp_plastic-sprocket\" width=\"447\" height=\"447\" title=\"\" srcset=\"https:\/\/fmp-components.com\/wp-content\/uploads\/2025\/02\/fmp_plastic-sprocket-11.webp 300w, https:\/\/fmp-components.com\/wp-content\/uploads\/2025\/02\/fmp_plastic-sprocket-11-150x150.webp 150w, https:\/\/fmp-components.com\/wp-content\/uploads\/2025\/02\/fmp_plastic-sprocket-11-12x12.webp 12w, https:\/\/fmp-components.com\/wp-content\/uploads\/2025\/02\/fmp_plastic-sprocket-11-100x100.webp 100w\" sizes=\"(max-width: 447px) 100vw, 447px\" \/><\/td>\n<td class=\"et2\" style=\"width: 50.7559%;\"><img loading=\"lazy\" decoding=\"async\" class=\"alignnone wp-image-5269\" src=\"https:\/\/fmp-components.com\/wp-content\/uploads\/2025\/02\/fmp_plastic-sprocket-12.webp\" alt=\"fmp_plastic-sprocket\" width=\"486\" height=\"486\" title=\"\" srcset=\"https:\/\/fmp-components.com\/wp-content\/uploads\/2025\/02\/fmp_plastic-sprocket-12.webp 300w, https:\/\/fmp-components.com\/wp-content\/uploads\/2025\/02\/fmp_plastic-sprocket-12-150x150.webp 150w, https:\/\/fmp-components.com\/wp-content\/uploads\/2025\/02\/fmp_plastic-sprocket-12-12x12.webp 12w, https:\/\/fmp-components.com\/wp-content\/uploads\/2025\/02\/fmp_plastic-sprocket-12-100x100.webp 100w\" sizes=\"(max-width: 486px) 100vw, 486px\" \/><\/td>\n<\/tr>\n<\/tbody>\n<\/table>\n<h2>Gi\u1edbi thi\u1ec7u v\u1ec1 FMP<\/h2>\n<p>T\u1ea1i FMP, ch\u00fang t\u00f4i t\u1ef1 h\u00e0o l\u00e0 nh\u00e0 s\u1ea3n xu\u1ea5t h\u00e0ng \u0111\u1ea7u c\u00e1c lo\u1ea1i nh\u00f4ng x\u00edch ch\u1ea5t l\u01b0\u1ee3ng cao, \u0111\u01b0\u1ee3c s\u1ea3n xu\u1ea5t t\u1ea1i c\u01a1 s\u1edf hi\u1ec7n \u0111\u1ea1i c\u1ee7a ch\u00fang t\u00f4i t\u1ea1i \u00dd. Ch\u00fang t\u00f4i cung c\u1ea5p \u0111a d\u1ea1ng c\u00e1c lo\u1ea1i nh\u00f4ng x\u00edch \u0111\u01b0\u1ee3c thi\u1ebft k\u1ebf \u0111\u1ec3 \u0111\u00e1p \u1ee9ng nhu c\u1ea7u ri\u00eang bi\u1ec7t c\u1ee7a nhi\u1ec1u ng\u00e0nh c\u00f4ng nghi\u1ec7p kh\u00e1c nhau. Cho d\u00f9 b\u1ea1n \u0111ang t\u00ecm ki\u1ebfm nh\u00f4ng x\u00edch c\u00f3 l\u1ed7 th\u00e0nh ph\u1ea9m, nh\u00f4ng x\u00edch d\u1eabn h\u01b0\u1edbng, nh\u00f4ng x\u00edch kh\u00f3a c\u00f4n hay nh\u00f4ng x\u00edch b\u0103ng t\u1ea3i, ch\u00fang t\u00f4i \u0111\u1ec1u ch\u1ebf t\u1ea1o t\u1eebng s\u1ea3n ph\u1ea9m v\u1edbi \u0111\u1ed9 ch\u00ednh x\u00e1c v\u00e0 \u0111\u1ed9 b\u1ec1n cao \u0111\u1ec3 \u0111\u1ea3m b\u1ea3o hi\u1ec7u su\u1ea5t t\u1ed1i \u01b0u. Danh m\u1ee5c s\u1ea3n ph\u1ea9m c\u1ee7a ch\u00fang t\u00f4i bao g\u1ed3m nh\u00f4ng x\u00edch th\u00e9p kh\u00f4ng g\u1ec9, nh\u1ef1a v\u00e0 th\u00e9p, c\u0169ng nh\u01b0 c\u00e1c m\u1eabu chuy\u00ean d\u1ee5ng nh\u01b0 nh\u00f4ng x\u00edch hai b\u01b0\u1edbc v\u00e0 hai d\u00e3y, cho ph\u00e9p ch\u00fang t\u00f4i cung c\u1ea5p gi\u1ea3i ph\u00e1p l\u00fd t\u01b0\u1edfng cho m\u1ecdi \u1ee9ng d\u1ee5ng.<\/p>\n<p>\u0110i\u1ec3m kh\u00e1c bi\u1ec7t c\u1ee7a FMP ch\u00ednh l\u00e0 s\u1ef1 t\u1eadn t\u00e2m trong vi\u1ec7c t\u00f9y ch\u1ec9nh. Ch\u00fang t\u00f4i hi\u1ec3u r\u1eb1ng m\u1ed7i d\u1ef1 \u00e1n \u0111\u1ec1u c\u00f3 nh\u1eefng y\u00eau c\u1ea7u ri\u00eang, \u0111\u00f3 l\u00e0 l\u00fd do t\u1ea1i sao ch\u00fang t\u00f4i cung c\u1ea5p c\u00e1c gi\u1ea3i ph\u00e1p x\u00edch bespoke ph\u00f9 h\u1ee3p v\u1edbi nhu c\u1ea7u c\u1ee5 th\u1ec3 c\u1ee7a b\u1ea1n. Cho d\u00f9 b\u1ea1n y\u00eau c\u1ea7u thi\u1ebft k\u1ebf ri\u00eang hay c\u00f3 y\u00eau c\u1ea7u k\u1ef9 thu\u1eadt chuy\u00ean bi\u1ec7t, \u0111\u1ed9i ng\u0169 chuy\u00ean gia c\u1ee7a ch\u00fang t\u00f4i lu\u00f4n s\u1eb5n s\u00e0ng cung c\u1ea5p c\u00e1c gi\u1ea3i ph\u00e1p ch\u00ednh x\u00e1c, \u0111\u00e1ng tin c\u1eady v\u00e0 hi\u1ec7u su\u1ea5t cao.<\/p>\n<p>Ch\u00fang t\u00f4i cam k\u1ebft \u0111\u1ea1t \u0111\u1ebfn s\u1ef1 xu\u1ea5t s\u1eafc trong c\u1ea3 k\u1ef9 thu\u1eadt v\u00e0 s\u1ea3n xu\u1ea5t, \u0111\u1ea3m b\u1ea3o m\u1ed7i b\u00e1nh x\u00edch ch\u00fang t\u00f4i s\u1ea3n xu\u1ea5t \u0111\u1ec1u \u0111\u00e1p \u1ee9ng c\u00e1c ti\u00eau chu\u1ea9n ch\u1ea5t l\u01b0\u1ee3ng cao nh\u1ea5t v\u00e0 b\u1ec1n b\u1ec9 theo th\u1eddi gian. N\u1ebfu b\u1ea1n c\u00f3 b\u1ea5t k\u1ef3 th\u1eafc m\u1eafc n\u00e0o ho\u1eb7c c\u1ea7n gi\u1ea3i ph\u00e1p b\u00e1nh x\u00edch t\u00f9y ch\u1ec9nh, \u0111\u1eebng ng\u1ea7n ng\u1ea1i li\u00ean h\u1ec7 v\u1edbi ch\u00fang t\u00f4i. \u0110\u1ed9i ng\u0169 c\u1ee7a ch\u00fang t\u00f4i lu\u00f4n s\u1eb5n s\u00e0ng cung c\u1ea5p cho b\u1ea1n h\u01b0\u1edbng d\u1eabn chuy\u00ean m\u00f4n v\u00e0 ph\u1ea3n h\u1ed3i k\u1ecbp th\u1eddi \u0111\u1ec3 \u0111\u1ea3m b\u1ea3o s\u1ef1 h\u00e0i l\u00f2ng tuy\u1ec7t \u0111\u1ed1i. Ch\u1ec9 c\u1ea7n li\u00ean h\u1ec7 qua email, ch\u00fang t\u00f4i s\u1ebd ph\u1ea3n h\u1ed3i b\u1ea1n trong th\u1eddi gian s\u1edbm nh\u1ea5t.<\/p>\n<p><img loading=\"lazy\" decoding=\"async\" class=\"alignnone size-full wp-image-5246\" src=\"https:\/\/fmp-components.com\/wp-content\/uploads\/2025\/02\/fmp-cast-sprocket-1.webp\" alt=\"fmp-cast-sprocket\" width=\"2492\" height=\"1179\" title=\"\" srcset=\"https:\/\/fmp-components.com\/wp-content\/uploads\/2025\/02\/fmp-cast-sprocket-1.webp 2492w, https:\/\/fmp-components.com\/wp-content\/uploads\/2025\/02\/fmp-cast-sprocket-1-1280x606.webp 1280w, https:\/\/fmp-components.com\/wp-content\/uploads\/2025\/02\/fmp-cast-sprocket-1-980x464.webp 980w, https:\/\/fmp-components.com\/wp-content\/uploads\/2025\/02\/fmp-cast-sprocket-1-480x227.webp 480w\" sizes=\"(min-width: 0px) and (max-width: 480px) 480px, (min-width: 481px) and (max-width: 980px) 980px, (min-width: 981px) and (max-width: 1280px) 1280px, (min-width: 1281px) 2492px, 100vw\" \/><\/p>","protected":false},"excerpt":{"rendered":"<p>Chain Hoist Sprocket Product Overview The chain hoist sprocket is designed for ease of operation, portability, and safety, making it a popular choice among users. With its innovative design and smooth functionality, this sprocket excels in heavy lifting applications. But what sets it apart? The chain hoist sprocket is built with components such as hooks, [&hellip;]<\/p>","protected":false},"featured_media":5257,"comment_status":"open","ping_status":"closed","template":"","meta":{"_et_pb_use_builder":"","_et_pb_old_content":"","_et_gb_content_width":""},"product_brand":[],"product_cat":[99],"product_tag":[],"class_list":{"0":"post-5256","1":"product","2":"type-product","3":"status-publish","4":"has-post-thumbnail","6":"product_cat-specialty-sprockets","8":"first","9":"instock","10":"shipping-taxable","11":"product-type-simple"},"_links":{"self":[{"href":"https:\/\/fmp-components.com\/vi\/wp-json\/wp\/v2\/product\/5256","targetHints":{"allow":["GET"]}}],"collection":[{"href":"https:\/\/fmp-components.com\/vi\/wp-json\/wp\/v2\/product"}],"about":[{"href":"https:\/\/fmp-components.com\/vi\/wp-json\/wp\/v2\/types\/product"}],"replies":[{"embeddable":true,"href":"https:\/\/fmp-components.com\/vi\/wp-json\/wp\/v2\/comments?post=5256"}],"wp:featuredmedia":[{"embeddable":true,"href":"https:\/\/fmp-components.com\/vi\/wp-json\/wp\/v2\/media\/5257"}],"wp:attachment":[{"href":"https:\/\/fmp-components.com\/vi\/wp-json\/wp\/v2\/media?parent=5256"}],"wp:term":[{"taxonomy":"product_brand","embeddable":true,"href":"https:\/\/fmp-components.com\/vi\/wp-json\/wp\/v2\/product_brand?post=5256"},{"taxonomy":"product_cat","embeddable":true,"href":"https:\/\/fmp-components.com\/vi\/wp-json\/wp\/v2\/product_cat?post=5256"},{"taxonomy":"product_tag","embeddable":true,"href":"https:\/\/fmp-components.com\/vi\/wp-json\/wp\/v2\/product_tag?post=5256"}],"curies":[{"name":"wp","href":"https:\/\/api.w.org\/{rel}","templated":true}]}}