{"id":5245,"date":"2025-02-05T03:47:45","date_gmt":"2025-02-05T03:47:45","guid":{"rendered":"https:\/\/fmp-components.com\/?post_type=product&#038;p=5245"},"modified":"2025-02-05T03:47:46","modified_gmt":"2025-02-05T03:47:46","slug":"bucket-elevator-sprocket","status":"publish","type":"product","link":"https:\/\/fmp-components.com\/vi\/product\/bucket-elevator-sprocket\/","title":{"rendered":"B\u00e1nh r\u0103ng n\u00e2ng g\u1ea7u"},"content":{"rendered":"<h2>B\u00e1nh r\u0103ng n\u00e2ng g\u1ea7u<\/h2>\n<p>Thang m\u00e1y g\u1ea7u t\u1ea3i \u0111\u01b0\u1ee3c thi\u1ebft k\u1ebf \u0111\u1ec3 v\u1eadn chuy\u1ec3n v\u1eadt li\u1ec7u m\u1ed9t c\u00e1ch hi\u1ec7u qu\u1ea3 t\u1eeb \u0111\u1ed9 cao th\u1ea5p l\u00ean \u0111\u1ed9 cao cao h\u01a1n. <img loading=\"lazy\" decoding=\"async\" class=\"size-full wp-image-5248 alignright\" src=\"https:\/\/fmp-components.com\/wp-content\/uploads\/2025\/02\/fmp_cast-sprocket-16.webp\" alt=\"fmp_cast-sprocket\" width=\"538\" height=\"522\" title=\"\" srcset=\"https:\/\/fmp-components.com\/wp-content\/uploads\/2025\/02\/fmp_cast-sprocket-16.webp 538w, https:\/\/fmp-components.com\/wp-content\/uploads\/2025\/02\/fmp_cast-sprocket-16-480x466.webp 480w\" sizes=\"(min-width: 0px) and (max-width: 480px) 480px, (min-width: 481px) 538px, 100vw\" \/>Sau khi nguy\u00ean li\u1ec7u \u0111\u01b0\u1ee3c \u0111\u01b0a v\u00e0o ph\u1ec5u th\u00f4ng qua b\u00e0n rung, m\u00e1y s\u1ebd ho\u1ea1t \u0111\u1ed9ng t\u1ef1 \u0111\u1ed9ng v\u00e0 li\u00ean t\u1ee5c, n\u00e2ng nguy\u00ean li\u1ec7u l\u00ean tr\u00ean. T\u1ed1c \u0111\u1ed9 c\u1ee7a b\u0103ng t\u1ea3i c\u00f3 th\u1ec3 \u0111\u01b0\u1ee3c \u0111i\u1ec1u ch\u1ec9nh d\u1ef1a tr\u00ean kh\u1ed1i l\u01b0\u1ee3ng v\u1eadn chuy\u1ec3n c\u1ea7n thi\u1ebft, v\u00e0 chi\u1ec1u cao n\u00e2ng c\u00f3 th\u1ec3 \u0111\u01b0\u1ee3c t\u00f9y ch\u1ec9nh \u0111\u1ec3 ph\u00f9 h\u1ee3p v\u1edbi nhu c\u1ea7u c\u1ee5 th\u1ec3.<\/p>\n<p>Thang m\u00e1y g\u1ea7u t\u1ea3i c\u1ee7a ch\u00fang t\u00f4i \u0111\u01b0\u1ee3c trang b\u1ecb ph\u1ec5u ch\u1ee9a b\u1eb1ng nh\u1ef1a PP kh\u00f4ng \u0111\u1ed9c h\u1ea1i do ch\u00ednh ch\u00fang t\u00f4i thi\u1ebft k\u1ebf, gi\u00fap m\u1edf r\u1ed9ng ph\u1ea1m vi \u1ee9ng d\u1ee5ng trong nhi\u1ec1u ng\u00e0nh c\u00f4ng nghi\u1ec7p kh\u00e1c nhau. Ph\u1ec5u \u0111\u01b0\u1ee3c thi\u1ebft k\u1ebf t\u1ec9 m\u1ec9 \u0111\u1ec3 \u0111\u1ea1t hi\u1ec7u su\u1ea5t t\u1ed1i \u01b0u, \u0111\u1ea3m b\u1ea3o \u0111\u1ed9 b\u1ec1n v\u00e0 an to\u00e0n khi v\u1eadn chuy\u1ec3n v\u1eadt li\u1ec7u. T\u1ea5t c\u1ea3 c\u00e1c k\u00edch th\u01b0\u1edbc c\u1ee7a h\u1ec7 th\u1ed1ng \u0111\u1ec1u \u0111\u01b0\u1ee3c \u0111i\u1ec1u ch\u1ec9nh \u0111\u1ec3 \u0111\u00e1p \u1ee9ng c\u00e1c y\u00eau c\u1ea7u c\u1ee5 th\u1ec3 c\u1ee7a \u1ee9ng d\u1ee5ng.<\/p>\n<p>Thang m\u00e1y g\u1ea7u n\u00e0y l\u00fd t\u01b0\u1edfng \u0111\u1ec3 h\u1ed7 tr\u1ee3 c\u00e1c m\u00e1y \u0111\u00f3ng g\u00f3i th\u1eb3ng \u0111\u1ee9ng v\u00e0 h\u1ec7 th\u1ed1ng \u0111\u1ecbnh l\u01b0\u1ee3ng b\u1eb1ng m\u00e1y t\u00ednh. N\u00f3 \u0111\u01b0\u1ee3c s\u1eed d\u1ee5ng r\u1ed9ng r\u00e3i trong vi\u1ec7c n\u00e2ng h\u1ea1 v\u00e0 c\u1ea5p li\u1ec7u c\u00e1c s\u1ea3n ph\u1ea9m nh\u01b0 th\u1ef1c ph\u1ea9m, d\u01b0\u1ee3c ph\u1ea9m, h\u00f3a ch\u1ea5t c\u00f4ng nghi\u1ec7p, \u1ed1c v\u00edt, \u0111ai \u1ed1c v\u00e0 c\u00e1c m\u1eb7t h\u00e0ng kh\u00e1c. Ho\u1ea1t \u0111\u1ed9ng c\u1ee7a m\u00e1y c\u00f3 th\u1ec3 \u0111\u01b0\u1ee3c \u0111i\u1ec1u khi\u1ec3n t\u1ef1 \u0111\u1ed9ng th\u00f4ng qua nh\u1eadn d\u1ea1ng t\u00edn hi\u1ec7u t\u1eeb m\u00e1y \u0111\u00f3ng g\u00f3i \u0111\u01b0\u1ee3c k\u1ebft n\u1ed1i, cho ph\u00e9p ch\u1ee9c n\u0103ng kh\u1edfi \u0111\u1ed9ng v\u00e0 d\u1eebng li\u1ec1n m\u1ea1ch.<\/p>\n<p>V\u1edbi thi\u1ebft k\u1ebf linh ho\u1ea1t v\u00e0 c\u00e1c b\u1ed9 ph\u1eadn ch\u1ea5t l\u01b0\u1ee3ng cao, thang m\u00e1y g\u1ea7u t\u1ea3i c\u1ee7a ch\u00fang t\u00f4i l\u00e0 gi\u1ea3i ph\u00e1p \u0111\u00e1ng tin c\u1eady cho vi\u1ec7c v\u1eadn chuy\u1ec3n th\u1eb3ng \u0111\u1ee9ng hi\u1ec7u qu\u1ea3 trong nhi\u1ec1u ng\u00e0nh c\u00f4ng nghi\u1ec7p kh\u00e1c nhau.<\/p>\n<h2>Nguy\u00ean l\u00fd ho\u1ea1t \u0111\u1ed9ng c\u1ee7a thang m\u00e1y g\u1ea7u t\u1ea3i<\/h2>\n<p>Thang m\u00e1y g\u1ea7u ho\u1ea1t \u0111\u1ed9ng b\u1eb1ng c\u00e1ch s\u1eed d\u1ee5ng m\u1ed9t lo\u1ea1t ph\u1ec5u \u0111\u1ec3 m\u00fac v\u1eadt li\u1ec7u t\u1eeb khu v\u1ef1c l\u01b0u tr\u1eef ph\u00eda d\u01b0\u1edbi. Khi b\u0103ng t\u1ea3i ho\u1eb7c x\u00edch \u0111\u01b0\u1ee3c n\u00e2ng l\u00ean, n\u00f3 s\u1ebd \u0111i qua b\u00e1nh xe tr\u00ean c\u00f9ng, sau \u0111\u00f3 h\u1ea1 xu\u1ed1ng \u0111\u1ec3 \u0111\u1ed5 v\u1eadt li\u1ec7u v\u00e0o b\u1ec3 ch\u1ee9a. Qu\u00e1 tr\u00ecnh n\u00e0y cho ph\u00e9p thang m\u00e1y g\u1ea7u v\u1eadn chuy\u1ec3n v\u1eadt li\u1ec7u theo chi\u1ec1u d\u1ecdc m\u1ed9t c\u00e1ch li\u00ean t\u1ee5c.<\/p>\n<p><img loading=\"lazy\" decoding=\"async\" class=\"size-full wp-image-5247 alignleft\" src=\"https:\/\/fmp-components.com\/wp-content\/uploads\/2025\/02\/fmp_cast-sprocket-15.webp\" alt=\"fmp_cast-sprocket\" width=\"526\" height=\"435\" title=\"\" srcset=\"https:\/\/fmp-components.com\/wp-content\/uploads\/2025\/02\/fmp_cast-sprocket-15.webp 526w, https:\/\/fmp-components.com\/wp-content\/uploads\/2025\/02\/fmp_cast-sprocket-15-480x397.webp 480w\" sizes=\"(min-width: 0px) and (max-width: 480px) 480px, (min-width: 481px) 526px, 100vw\" \/>Trong h\u1ea7u h\u1ebft c\u00e1c thang m\u00e1y g\u1ea7u t\u1ea3i, h\u1ec7 th\u1ed1ng truy\u1ec1n \u0111\u1ed9ng \u0111\u01b0\u1ee3c cung c\u1ea5p n\u0103ng l\u01b0\u1ee3ng b\u1edfi m\u1ed9t d\u00e2y \u0111ai cao su, \u0111\u01b0\u1ee3c l\u1eafp \u0111\u1eb7t tr\u00ean c\u1ea3 tang tr\u1ed1ng truy\u1ec1n \u0111\u1ed9ng ph\u00eda d\u01b0\u1edbi v\u00e0 ph\u00eda tr\u00ean, c\u0169ng nh\u01b0 tang tr\u1ed1ng l\u00e1i ph\u00eda tr\u00ean v\u00e0 ph\u00eda d\u01b0\u1edbi. Ngo\u00e0i ra, thang m\u00e1y g\u1ea7u t\u1ea3i truy\u1ec1n \u0111\u1ed9ng b\u1eb1ng x\u00edch \u0111\u01b0\u1ee3c trang b\u1ecb hai x\u00edch truy\u1ec1n \u0111\u1ed9ng song song. C\u00e1c x\u00edch n\u00e0y ho\u1ea1t \u0111\u1ed9ng c\u00f9ng v\u1edbi m\u1ed9t c\u1eb7p b\u00e1nh r\u0103ng truy\u1ec1n \u0111\u1ed9ng \u1edf ph\u00eda tr\u00ean ho\u1eb7c ph\u00eda d\u01b0\u1edbi, c\u00f9ng v\u1edbi c\u00e1c b\u00e1nh r\u0103ng l\u00e1i n\u1eb1m \u1edf \u0111\u1ea7u \u0111\u1ed1i di\u1ec7n.<\/p>\n<p>\u0110\u1ec3 \u0111\u1ea3m b\u1ea3o ho\u1ea1t \u0111\u1ed9ng hi\u1ec7u qu\u1ea3 v\u00e0 s\u1ea1ch s\u1ebd, thang m\u00e1y g\u1ea7u th\u01b0\u1eddng \u0111\u01b0\u1ee3c bao b\u1ecdc trong c\u00e1c v\u1ecf b\u1ea3o v\u1ec7, gi\u00fap ng\u0103n b\u1ee5i tho\u00e1t ra ngo\u00e0i trong qu\u00e1 tr\u00ecnh v\u1eadn chuy\u1ec3n v\u1eadt li\u1ec7u.<\/p>\n<p>Thang m\u00e1y g\u1ea7u t\u1ea3i l\u00fd t\u01b0\u1edfng cho vi\u1ec7c v\u1eadn chuy\u1ec3n v\u1eadt li\u1ec7u theo ph\u01b0\u01a1ng th\u1eb3ng \u0111\u1ee9ng. Sau khi v\u1eadt li\u1ec7u \u0111\u01b0\u1ee3c \u0111\u01b0a v\u00e0o ph\u1ec5u th\u00f4ng qua b\u00e0n rung, h\u1ec7 th\u1ed1ng s\u1ebd t\u1ef1 \u0111\u1ed9ng v\u1eadn h\u00e0nh li\u00ean t\u1ee5c \u0111\u1ec3 n\u00e2ng v\u1eadt li\u1ec7u l\u00ean \u0111\u1ed9 cao mong mu\u1ed1n, \u0111\u1ea3m b\u1ea3o vi\u1ec7c x\u1eed l\u00fd v\u1eadt li\u1ec7u \u0111\u00e1ng tin c\u1eady v\u00e0 hi\u1ec7u qu\u1ea3.<\/p>\n<h2>Gi\u1edbi thi\u1ec7u v\u1ec1 FMP<\/h2>\n<p>T\u1ea1i FMP, ch\u00fang t\u00f4i t\u1ef1 h\u00e0o l\u00e0 nh\u00e0 s\u1ea3n xu\u1ea5t h\u00e0ng \u0111\u1ea7u c\u00e1c lo\u1ea1i nh\u00f4ng x\u00edch ch\u1ea5t l\u01b0\u1ee3ng cao, \u0111\u01b0\u1ee3c s\u1ea3n xu\u1ea5t t\u1ea1i c\u01a1 s\u1edf hi\u1ec7n \u0111\u1ea1i c\u1ee7a ch\u00fang t\u00f4i t\u1ea1i \u00dd. Ch\u00fang t\u00f4i cung c\u1ea5p \u0111a d\u1ea1ng c\u00e1c lo\u1ea1i nh\u00f4ng x\u00edch \u0111\u01b0\u1ee3c thi\u1ebft k\u1ebf \u0111\u1ec3 \u0111\u00e1p \u1ee9ng nhu c\u1ea7u ri\u00eang bi\u1ec7t c\u1ee7a nhi\u1ec1u ng\u00e0nh c\u00f4ng nghi\u1ec7p kh\u00e1c nhau. Cho d\u00f9 b\u1ea1n \u0111ang t\u00ecm ki\u1ebfm nh\u00f4ng x\u00edch c\u00f3 l\u1ed7 th\u00e0nh ph\u1ea9m, nh\u00f4ng x\u00edch d\u1eabn h\u01b0\u1edbng, nh\u00f4ng x\u00edch kh\u00f3a c\u00f4n hay nh\u00f4ng x\u00edch b\u0103ng t\u1ea3i, ch\u00fang t\u00f4i \u0111\u1ec1u ch\u1ebf t\u1ea1o t\u1eebng s\u1ea3n ph\u1ea9m v\u1edbi \u0111\u1ed9 ch\u00ednh x\u00e1c v\u00e0 \u0111\u1ed9 b\u1ec1n cao \u0111\u1ec3 \u0111\u1ea3m b\u1ea3o hi\u1ec7u su\u1ea5t t\u1ed1i \u01b0u. Danh m\u1ee5c s\u1ea3n ph\u1ea9m c\u1ee7a ch\u00fang t\u00f4i bao g\u1ed3m nh\u00f4ng x\u00edch th\u00e9p kh\u00f4ng g\u1ec9, nh\u1ef1a v\u00e0 th\u00e9p, c\u0169ng nh\u01b0 c\u00e1c m\u1eabu chuy\u00ean d\u1ee5ng nh\u01b0 nh\u00f4ng x\u00edch hai b\u01b0\u1edbc v\u00e0 hai d\u00e3y, cho ph\u00e9p ch\u00fang t\u00f4i cung c\u1ea5p gi\u1ea3i ph\u00e1p l\u00fd t\u01b0\u1edfng cho m\u1ecdi \u1ee9ng d\u1ee5ng.<\/p>\n<p>\u0110i\u1ec3m kh\u00e1c bi\u1ec7t c\u1ee7a FMP ch\u00ednh l\u00e0 s\u1ef1 t\u1eadn t\u00e2m trong vi\u1ec7c t\u00f9y ch\u1ec9nh. Ch\u00fang t\u00f4i hi\u1ec3u r\u1eb1ng m\u1ed7i d\u1ef1 \u00e1n \u0111\u1ec1u c\u00f3 nh\u1eefng y\u00eau c\u1ea7u ri\u00eang, \u0111\u00f3 l\u00e0 l\u00fd do t\u1ea1i sao ch\u00fang t\u00f4i cung c\u1ea5p c\u00e1c gi\u1ea3i ph\u00e1p x\u00edch bespoke ph\u00f9 h\u1ee3p v\u1edbi nhu c\u1ea7u c\u1ee5 th\u1ec3 c\u1ee7a b\u1ea1n. Cho d\u00f9 b\u1ea1n y\u00eau c\u1ea7u thi\u1ebft k\u1ebf ri\u00eang hay c\u00f3 y\u00eau c\u1ea7u k\u1ef9 thu\u1eadt chuy\u00ean bi\u1ec7t, \u0111\u1ed9i ng\u0169 chuy\u00ean gia c\u1ee7a ch\u00fang t\u00f4i lu\u00f4n s\u1eb5n s\u00e0ng cung c\u1ea5p c\u00e1c gi\u1ea3i ph\u00e1p ch\u00ednh x\u00e1c, \u0111\u00e1ng tin c\u1eady v\u00e0 hi\u1ec7u su\u1ea5t cao.<\/p>\n<p>Ch\u00fang t\u00f4i cam k\u1ebft \u0111\u1ea1t \u0111\u1ebfn s\u1ef1 xu\u1ea5t s\u1eafc trong c\u1ea3 k\u1ef9 thu\u1eadt v\u00e0 s\u1ea3n xu\u1ea5t, \u0111\u1ea3m b\u1ea3o m\u1ed7i b\u00e1nh x\u00edch ch\u00fang t\u00f4i s\u1ea3n xu\u1ea5t \u0111\u1ec1u \u0111\u00e1p \u1ee9ng c\u00e1c ti\u00eau chu\u1ea9n ch\u1ea5t l\u01b0\u1ee3ng cao nh\u1ea5t v\u00e0 b\u1ec1n b\u1ec9 theo th\u1eddi gian. N\u1ebfu b\u1ea1n c\u00f3 b\u1ea5t k\u1ef3 th\u1eafc m\u1eafc n\u00e0o ho\u1eb7c c\u1ea7n gi\u1ea3i ph\u00e1p b\u00e1nh x\u00edch t\u00f9y ch\u1ec9nh, \u0111\u1eebng ng\u1ea7n ng\u1ea1i li\u00ean h\u1ec7 v\u1edbi ch\u00fang t\u00f4i. \u0110\u1ed9i ng\u0169 c\u1ee7a ch\u00fang t\u00f4i lu\u00f4n s\u1eb5n s\u00e0ng cung c\u1ea5p cho b\u1ea1n h\u01b0\u1edbng d\u1eabn chuy\u00ean m\u00f4n v\u00e0 ph\u1ea3n h\u1ed3i k\u1ecbp th\u1eddi \u0111\u1ec3 \u0111\u1ea3m b\u1ea3o s\u1ef1 h\u00e0i l\u00f2ng tuy\u1ec7t \u0111\u1ed1i. Ch\u1ec9 c\u1ea7n li\u00ean h\u1ec7 qua email, ch\u00fang t\u00f4i s\u1ebd ph\u1ea3n h\u1ed3i b\u1ea1n trong th\u1eddi gian s\u1edbm nh\u1ea5t.<\/p>\n<p><img loading=\"lazy\" decoding=\"async\" class=\"alignnone size-full wp-image-5246\" src=\"https:\/\/fmp-components.com\/wp-content\/uploads\/2025\/02\/fmp-cast-sprocket-1.webp\" alt=\"fmp-cast-sprocket\" width=\"2492\" height=\"1179\" title=\"\" srcset=\"https:\/\/fmp-components.com\/wp-content\/uploads\/2025\/02\/fmp-cast-sprocket-1.webp 2492w, https:\/\/fmp-components.com\/wp-content\/uploads\/2025\/02\/fmp-cast-sprocket-1-1280x606.webp 1280w, https:\/\/fmp-components.com\/wp-content\/uploads\/2025\/02\/fmp-cast-sprocket-1-980x464.webp 980w, https:\/\/fmp-components.com\/wp-content\/uploads\/2025\/02\/fmp-cast-sprocket-1-480x227.webp 480w\" sizes=\"(min-width: 0px) and (max-width: 480px) 480px, (min-width: 481px) and (max-width: 980px) 980px, (min-width: 981px) and (max-width: 1280px) 1280px, (min-width: 1281px) 2492px, 100vw\" \/><\/p>","protected":false},"excerpt":{"rendered":"<p>Bucket Elevator Sprocket The bucket elevator is designed to efficiently transport materials from lower to higher elevations. After materials are placed into the hopper via a vibration table, the machine operates automatically and continuously, lifting the materials upward. The speed of the conveyor can be adjusted based on the required transport volume, and the lifting [&hellip;]<\/p>","protected":false},"featured_media":5249,"comment_status":"open","ping_status":"closed","template":"","meta":{"_et_pb_use_builder":"","_et_pb_old_content":"","_et_gb_content_width":""},"product_brand":[],"product_cat":[99],"product_tag":[],"class_list":{"0":"post-5245","1":"product","2":"type-product","3":"status-publish","4":"has-post-thumbnail","6":"product_cat-specialty-sprockets","8":"first","9":"instock","10":"shipping-taxable","11":"product-type-simple"},"_links":{"self":[{"href":"https:\/\/fmp-components.com\/vi\/wp-json\/wp\/v2\/product\/5245","targetHints":{"allow":["GET"]}}],"collection":[{"href":"https:\/\/fmp-components.com\/vi\/wp-json\/wp\/v2\/product"}],"about":[{"href":"https:\/\/fmp-components.com\/vi\/wp-json\/wp\/v2\/types\/product"}],"replies":[{"embeddable":true,"href":"https:\/\/fmp-components.com\/vi\/wp-json\/wp\/v2\/comments?post=5245"}],"wp:featuredmedia":[{"embeddable":true,"href":"https:\/\/fmp-components.com\/vi\/wp-json\/wp\/v2\/media\/5249"}],"wp:attachment":[{"href":"https:\/\/fmp-components.com\/vi\/wp-json\/wp\/v2\/media?parent=5245"}],"wp:term":[{"taxonomy":"product_brand","embeddable":true,"href":"https:\/\/fmp-components.com\/vi\/wp-json\/wp\/v2\/product_brand?post=5245"},{"taxonomy":"product_cat","embeddable":true,"href":"https:\/\/fmp-components.com\/vi\/wp-json\/wp\/v2\/product_cat?post=5245"},{"taxonomy":"product_tag","embeddable":true,"href":"https:\/\/fmp-components.com\/vi\/wp-json\/wp\/v2\/product_tag?post=5245"}],"curies":[{"name":"wp","href":"https:\/\/api.w.org\/{rel}","templated":true}]}}