{"id":5239,"date":"2025-02-05T03:00:22","date_gmt":"2025-02-05T03:00:22","guid":{"rendered":"https:\/\/fmp-components.com\/?post_type=product&#038;p=5239"},"modified":"2025-02-05T03:00:22","modified_gmt":"2025-02-05T03:00:22","slug":"fu-scraper-conveyor-cast-sprocket","status":"publish","type":"product","link":"https:\/\/fmp-components.com\/vi\/product\/fu-scraper-conveyor-cast-sprocket\/","title":{"rendered":"B\u00e1nh r\u0103ng \u0111\u00fac b\u0103ng t\u1ea3i c\u1ea1p FU"},"content":{"rendered":"<h2>B\u00e1nh r\u0103ng c\u1ea1o<\/h2>\n<p>B\u00e1nh r\u0103ng \u0111\u00fac b\u0103ng t\u1ea3i c\u00e0o FU l\u00e0 m\u1ed9t b\u1ed9 ph\u1eadn quan tr\u1ecdng trong c\u01a1 c\u1ea5u truy\u1ec1n \u0111\u1ed9ng c\u1ee7a nhi\u1ec1u lo\u1ea1i m\u00e1y c\u00e0o. \u200b\u200bN\u00f3 ho\u1ea1t \u0111\u1ed9ng c\u00f9ng v\u1edbi x\u00edch \u0111\u1ec3 t\u1ea1o th\u00e0nh h\u1ec7 th\u1ed1ng truy\u1ec1n \u0111\u1ed9ng ch\u00ednh cho b\u0103ng t\u1ea3i c\u00e0o. \u200b\u200bB\u00e1nh r\u0103ng x\u00edch v\u00e0 x\u00edch c\u1ee7a c\u00e1c m\u00e1y n\u00e0y v\u1eadn chuy\u1ec3n v\u1eadt li\u1ec7u r\u1eddi hi\u1ec7u qu\u1ea3 trong m\u00e1ng, mang l\u1ea1i s\u1ef1 \u1ed5n \u0111\u1ecbnh v\u00e0 \u0111\u1ed9 b\u1ec1n. M\u00e1y c\u00e0o c\u00f3 th\u1ec3 \u0111\u01b0\u1ee3c s\u1eed d\u1ee5ng \u0111\u1ec3 v\u1eadn chuy\u1ec3n v\u1eadt li\u1ec7u theo c\u1ea3 ph\u01b0\u01a1ng ngang v\u00e0 ph\u01b0\u01a1ng nghi\u00eang.<\/p>\n<p>C\u1ee5m tr\u1ee5c b\u00e1nh r\u0103ng, th\u01b0\u1eddng \u0111\u01b0\u1ee3c g\u1ecdi l\u00e0 nh\u00f3m b\u00e1nh r\u0103ng, l\u00e0 th\u00e0nh ph\u1ea7n quan tr\u1ecdng c\u1ee7a \u0111\u1ea7u m\u00e1y c\u00e0o v\u00e0 m\u00e1y x\u00fac \u0111\u01b0\u1ee3c c\u01a1 gi\u1edbi h\u00f3a ho\u00e0n to\u00e0n. Trong c\u00e1c \u1ee9ng d\u1ee5ng khai th\u00e1c than, b\u00e1nh r\u0103ng d\u1eabn \u0111\u1ed9ng x\u00edch th\u00f4ng qua b\u1ed9 gi\u1ea3m t\u1ed1c, cho ph\u00e9p m\u00e1y c\u00e0o di chuy\u1ec3n v\u1eadt li\u1ec7u nh\u01b0 than trong r\u00e3nh trung t\u00e2m.<\/p>\n<p><img loading=\"lazy\" decoding=\"async\" class=\"wp-image-5241 alignleft\" src=\"https:\/\/fmp-components.com\/wp-content\/uploads\/2025\/02\/scraper2.webp\" alt=\"c\u00e1i c\u1ea1o\" width=\"304\" height=\"304\" title=\"\"> B\u00e1nh r\u0103ng g\u1ea1t \u0111\u01b0\u1ee3c l\u00e0m t\u1eeb th\u00e9p h\u1ee3p kim k\u1ebft c\u1ea5u c\u01b0\u1eddng \u0111\u1ed9 cao v\u00e0 tr\u1ea3i qua quy tr\u00ecnh x\u1eed l\u00fd nhi\u1ec1u b\u01b0\u1edbc. Nh\u1eefng b\u00e1nh r\u0103ng n\u00e0y n\u1ed5i ti\u1ebfng v\u1edbi \u0111\u1ed9 b\u1ec1n, kh\u1ea3 n\u0103ng ch\u1ed1ng m\u00e0i m\u00f2n v\u00e0 \u0111\u1ed9 tin c\u1eady tuy\u1ec7t v\u1eddi. C\u00f3 s\u1eb5n nhi\u1ec1u m\u1eabu m\u00e3 kh\u00e1c nhau \u0111\u1ec3 ph\u00f9 h\u1ee3p v\u1edbi c\u00e1c lo\u1ea1i b\u0103ng t\u1ea3i g\u1ea1t kh\u00e1c nhau, nh\u1eefng b\u00e1nh r\u0103ng n\u00e0y \u0111\u01b0\u1ee3c thi\u1ebft k\u1ebf \u0111\u1ec3 \u0111\u00e1p \u1ee9ng nhu c\u1ea7u v\u1eadn h\u00e0nh \u0111a d\u1ea1ng.<\/p>\n<h3>C\u00e1c t\u00ednh n\u0103ng ch\u00ednh c\u1ee7a b\u00e1nh r\u0103ng c\u1ea1o bao g\u1ed3m:<\/h3>\n<p>\u0110\u1ed9 b\u1ec1n cao v\u00e0 kh\u1ea3 n\u0103ng ch\u1ed1ng m\u00e0i m\u00f2n<br \/>\nKh\u1ea3 n\u0103ng ch\u1ecbu \u0111\u01b0\u1ee3c c\u00e1c t\u1ed5 h\u1ee3p xung v\u00e0 t\u1ea3i tr\u1ecdng t\u00e1c \u0111\u1ed9ng<br \/>\n\u0110\u1ed9 b\u1ec1n v\u00e0 \u0111\u1ed9 d\u1ebbo dai<br \/>\nK\u00edch th\u01b0\u1edbc r\u0103ng ch\u00ednh x\u00e1c v\u00e0 \u0111\u1ed9 ch\u00ednh x\u00e1c x\u1eed l\u00fd cao \u0111\u1ec3 c\u00f3 kh\u1ea3 n\u0103ng t\u01b0\u01a1ng th\u00edch t\u1ed1i \u01b0u v\u1edbi chu\u1ed7i<br \/>\nTh\u00f4ng th\u01b0\u1eddng, b\u00e1nh r\u0103ng g\u1ea1t c\u00f3 6-8 r\u0103ng, t\u00f9y thu\u1ed9c v\u00e0o \u1ee9ng d\u1ee5ng c\u1ee5 th\u1ec3.<\/p>\n<h2>V\u1eadt li\u1ec7u c\u1ee7a b\u00e1nh r\u0103ng c\u1ea1o<\/h2>\n<p>Ph\u1ea7n l\u1edbn b\u00e1nh x\u00edch g\u1ea1t \u0111\u01b0\u1ee3c ch\u1ebf t\u1ea1o t\u1eeb th\u00e9p h\u1ee3p kim c\u01b0\u1eddng \u0111\u1ed9 cao nh\u01b0 42CrMo ho\u1eb7c 45CrMnMo. Nh\u1eefng v\u1eadt li\u1ec7u n\u00e0y \u0111\u01b0\u1ee3c l\u1ef1a ch\u1ecdn nh\u1edd \u0111\u1ed9 b\u1ec1n, \u0111\u1ed9 c\u1ee9ng v\u00e0 kh\u1ea3 n\u0103ng ch\u1ed1ng m\u00e0i m\u00f2n v\u01b0\u1ee3t tr\u1ed9i, nh\u1eefng y\u1ebfu t\u1ed1 thi\u1ebft y\u1ebfu cho c\u00e1c \u0111i\u1ec1u ki\u1ec7n kh\u1eafc nghi\u1ec7t m\u00e0 b\u00e1nh x\u00edch g\u1ea1t ph\u1ea3i \u0111\u1ed1i m\u1eb7t trong qu\u00e1 tr\u00ecnh v\u1eadn h\u00e0nh.<\/p>\n<p>\u0110\u1ec3 t\u0103ng c\u01b0\u1eddng kh\u1ea3 n\u0103ng ch\u1ed1ng m\u00e0i m\u00f2n v\u00e0 hi\u1ec7u su\u1ea5t t\u1ed5ng th\u1ec3 c\u1ee7a \u0111\u0129a x\u00edch, b\u00e1nh x\u00edch \u0111\u01b0\u1ee3c tr\u1ea3i qua qu\u00e1 tr\u00ecnh r\u00e8n v\u00e0 t\u00f4i. Qu\u00e1 tr\u00ecnh r\u00e8n \u0111\u1ea3m b\u1ea3o \u0111\u0129a x\u00edch c\u00f3 c\u1ea5u tr\u00fac d\u00e0y \u0111\u1eb7c v\u00e0 \u0111\u1ed3ng \u0111\u1ec1u, c\u1ea3i thi\u1ec7n \u0111\u00e1ng k\u1ec3 \u0111\u1ed9 b\u1ec1n v\u00e0 kh\u1ea3 n\u0103ng ch\u1ed1ng m\u1ecfi. Qu\u00e1 tr\u00ecnh t\u00f4i c\u00f2n gi\u00fap t\u0103ng c\u01b0\u1eddng \u0111\u1ed9 c\u1ee9ng c\u1ee7a v\u1eadt li\u1ec7u, gi\u00fap \u0111\u0129a x\u00edch c\u00f3 kh\u1ea3 n\u0103ng ch\u1ecbu \u0111\u01b0\u1ee3c \u1ee9ng su\u1ea5t v\u00e0 m\u00e0i m\u00f2n t\u1ed1t h\u01a1n trong c\u00e1c \u1ee9ng d\u1ee5ng t\u1ea3i n\u1eb7ng.<\/p>\n<p>Trong qu\u00e1 tr\u00ecnh s\u1ea3n xu\u1ea5t, c\u00e1c bi\u1ec7n ph\u00e1p ki\u1ec3m so\u00e1t ch\u1ea5t l\u01b0\u1ee3ng nghi\u00eam ng\u1eb7t \u0111\u01b0\u1ee3c \u00e1p d\u1ee5ng \u0111\u1ec3 \u0111\u1ea3m b\u1ea3o b\u1ec1 m\u1eb7t r\u00e8n c\u1ee7a m\u1ed7i b\u00e1nh x\u00edch kh\u00f4ng c\u00f3 khuy\u1ebft t\u1eadt nh\u01b0 v\u1ebft n\u1ee9t, l\u1edbp xen k\u1ebd, n\u1ebfp nh\u0103n, h\u01b0 h\u1ecfng ph\u00e1t tri\u1ec3n v\u00e0 t\u1ea1p ch\u1ea5t x\u1ec9. Nh\u1eefng khuy\u1ebft t\u1eadt n\u00e0y c\u00f3 th\u1ec3 \u1ea3nh h\u01b0\u1edfng \u0111\u1ebfn \u0111\u1ed9 b\u1ec1n v\u00e0 ch\u1ee9c n\u0103ng c\u1ee7a \u0111\u0129a x\u00edch, v\u00ec v\u1eady, c\u00e1c th\u1eed nghi\u1ec7m v\u00e0 ki\u1ec3m tra nghi\u00eam ng\u1eb7t \u0111\u01b0\u1ee3c th\u1ef1c hi\u1ec7n \u0111\u1ec3 \u0111\u1ea3m b\u1ea3o ti\u00eau chu\u1ea9n ch\u1ea5t l\u01b0\u1ee3ng cao nh\u1ea5t.<\/p>\n<p>Vi\u1ec7c s\u1ea3n xu\u1ea5t m\u1ed7i b\u00e1nh x\u00edch bao g\u1ed3m h\u01a1n hai m\u01b0\u01a1i b\u01b0\u1edbc x\u1eed l\u00fd kh\u00e1c nhau. C\u00e1c b\u01b0\u1edbc n\u00e0y bao g\u1ed3m gia c\u00f4ng ch\u00ednh x\u00e1c, \u0111\u1ecbnh h\u00ecnh v\u00e0 ho\u00e0n thi\u1ec7n, \u0111\u1ea3m b\u1ea3o m\u1ed7i b\u00e1nh x\u00edch \u0111\u00e1p \u1ee9ng c\u00e1c th\u00f4ng s\u1ed1 k\u1ef9 thu\u1eadt c\u1ea7n thi\u1ebft cho m\u00e1y c\u1ea1o. Sau khi t\u1ea1o h\u00ecnh, b\u00e1nh x\u00edch \u0111\u01b0\u1ee3c l\u1eafp v\u00e0o \u0111\u1ea7u v\u00e0 \u0111u\u00f4i m\u00e1y c\u1ea1o, \u0111\u00f3ng vai tr\u00f2 quan tr\u1ecdng trong vi\u1ec7c d\u1eabn \u0111\u1ed9ng x\u00edch v\u00e0 \u0111\u1ea3m b\u1ea3o v\u1eadn chuy\u1ec3n v\u1eadt li\u1ec7u hi\u1ec7u qu\u1ea3.<\/p>\n<p>B\u1eb1ng c\u00e1ch s\u1eed d\u1ee5ng c\u00e1c k\u1ef9 thu\u1eadt s\u1ea3n xu\u1ea5t ti\u00ean ti\u1ebfn v\u00e0 v\u1eadt li\u1ec7u ch\u1ea5t l\u01b0\u1ee3ng cao, b\u00e1nh r\u0103ng g\u1ea1t mang l\u1ea1i hi\u1ec7u su\u1ea5t \u0111\u00e1ng tin c\u1eady trong m\u00f4i tr\u01b0\u1eddng \u0111\u1ea7y th\u00e1ch th\u1ee9c, mang l\u1ea1i tu\u1ed5i th\u1ecd d\u00e0i v\u00e0 hi\u1ec7u qu\u1ea3 ho\u1ea1t \u0111\u1ed9ng \u0111\u01b0\u1ee3c n\u00e2ng cao.<\/p>\n<p><img loading=\"lazy\" decoding=\"async\" class=\"wp-image-5243 aligncenter\" src=\"https:\/\/fmp-components.com\/wp-content\/uploads\/2025\/02\/fmp_cast-sprocket-12.webp\" alt=\"fmp_cast-sprocket\" width=\"863\" height=\"859\" title=\"\" srcset=\"https:\/\/fmp-components.com\/wp-content\/uploads\/2025\/02\/fmp_cast-sprocket-12.webp 863w, https:\/\/fmp-components.com\/wp-content\/uploads\/2025\/02\/fmp_cast-sprocket-12-480x478.webp 480w\" sizes=\"(min-width: 0px) and (max-width: 480px) 480px, (min-width: 481px) 863px, 100vw\" \/><\/p>\n<h3>Nguy\u00ean l\u00fd ho\u1ea1t \u0111\u1ed9ng c\u1ee7a b\u0103ng t\u1ea3i c\u1ea1p<\/h3>\n<p>B\u0103ng t\u1ea3i c\u00e0o ho\u1ea1t \u0111\u1ed9ng th\u00f4ng qua m\u1ed9t c\u01a1 ch\u1ebf \u0111\u01a1n gi\u1ea3n nh\u01b0ng hi\u1ec7u qu\u1ea3, \u0111\u01b0\u1ee3c thi\u1ebft k\u1ebf \u0111\u1ec3 v\u1eadn chuy\u1ec3n v\u1eadt li\u1ec7u r\u1eddi nh\u01b0 than, qu\u1eb7ng s\u1eaft, ho\u1eb7c c\u00e1c ch\u1ea5t kh\u00e1c. B\u0103ng t\u1ea3i c\u00f3 m\u00e1ng m\u1edf, \u0111\u00f3ng vai tr\u00f2 l\u00e0 c\u1ea5u tr\u00fac d\u1eabn h\u01b0\u1edbng v\u00e0 ch\u1ecbu l\u1ef1c cho v\u1eadt li\u1ec7u. G\u1edd c\u00e0o, \u0111\u01b0\u1ee3c c\u1ed1 \u0111\u1ecbnh d\u1ecdc theo x\u00edch (t\u1ea1o th\u00e0nh x\u00edch c\u00e0o), \u0111\u00f3ng vai tr\u00f2 l\u00e0 b\u1ed9 ph\u1eadn k\u00e9o gi\u00fap di chuy\u1ec3n v\u1eadt li\u1ec7u qua m\u00e1ng.<\/p>\n<p>Khi h\u1ec7 th\u1ed1ng truy\u1ec1n \u0111\u1ed9ng \u0111\u1ea7u, bao g\u1ed3m c\u1ea3 h\u1ed9p s\u1ed1 b\u0103ng t\u1ea3i, \u0111\u01b0\u1ee3c k\u00edch ho\u1ea1t, n\u00f3 s\u1ebd l\u00e0m cho b\u00e1nh r\u0103ng x\u00edch tr\u00ean tr\u1ee5c \u0111\u1ea7u c\u1ee7a b\u0103ng t\u1ea3i chuy\u1ec3n \u0111\u1ed9ng. S\u1ef1 quay n\u00e0y s\u1ebd d\u1eabn \u0111\u1ed9ng x\u00edch g\u1ea1t, khi\u1ebfn n\u00f3 lu\u00e2n chuy\u1ec3n li\u00ean t\u1ee5c. Khi x\u00edch g\u1ea1t di chuy\u1ec3n, n\u00f3 s\u1ebd k\u00e9o v\u1eadt li\u1ec7u d\u1ecdc theo m\u00e1ng, v\u1eadn chuy\u1ec3n hi\u1ec7u qu\u1ea3 t\u1eeb \u0111\u1ea7u cu\u1ed1i \u0111\u1ebfn \u0111\u1ea7u b\u0103ng t\u1ea3i.<\/p>\n<p><img loading=\"lazy\" decoding=\"async\" class=\"wp-image-5242 aligncenter\" src=\"https:\/\/fmp-components.com\/wp-content\/uploads\/2025\/02\/fmp-scraper.webp\" alt=\"fmp-scraper\" width=\"880\" height=\"660\" title=\"\" srcset=\"https:\/\/fmp-components.com\/wp-content\/uploads\/2025\/02\/fmp-scraper.webp 880w, https:\/\/fmp-components.com\/wp-content\/uploads\/2025\/02\/fmp-scraper-480x360.webp 480w\" sizes=\"(min-width: 0px) and (max-width: 480px) 480px, (min-width: 481px) 880px, 100vw\" \/><\/p>\n<p>V\u1eadt li\u1ec7u \u0111\u01b0\u1ee3c d\u1ee1 xu\u1ed1ng \u1edf \u0111\u1ea7u b\u0103ng t\u1ea3i, ho\u00e0n t\u1ea5t chu tr\u00ecnh v\u1eadn chuy\u1ec3n. Sau \u0111\u00f3, x\u00edch c\u00e0o s\u1ebd b\u1ecf qua b\u00e1nh x\u00edch, quay tr\u1edf l\u1ea1i h\u1ec7 th\u1ed1ng theo m\u1ed9t v\u00f2ng kh\u00e9p k\u00edn, li\u00ean t\u1ee5c, \u0111\u1ea3m b\u1ea3o d\u00f2ng v\u1eadt li\u1ec7u \u1ed5n \u0111\u1ecbnh trong su\u1ed1t qu\u00e1 tr\u00ecnh. Ho\u1ea1t \u0111\u1ed9ng li\u1ec1n m\u1ea1ch n\u00e0y cho ph\u00e9p x\u1eed l\u00fd v\u1eadt li\u1ec7u hi\u1ec7u qu\u1ea3 v\u00e0 \u0111\u00e1ng tin c\u1eady, khi\u1ebfn b\u0103ng t\u1ea3i c\u00e0o tr\u1edf n\u00ean l\u00fd t\u01b0\u1edfng cho nhi\u1ec1u ng\u00e0nh c\u00f4ng nghi\u1ec7p nh\u01b0 khai th\u00e1c m\u1ecf, x\u1eed l\u00fd than v\u00e0 v\u1eadn chuy\u1ec3n v\u1eadt li\u1ec7u r\u1eddi.<\/p>\n<p>T\u00f3m l\u1ea1i, nguy\u00ean l\u00fd ho\u1ea1t \u0111\u1ed9ng c\u1ee7a h\u1ec7 th\u1ed1ng b\u0103ng t\u1ea3i g\u1ea1t d\u1ef1a v\u00e0o chuy\u1ec3n \u0111\u1ed9ng ph\u1ed1i h\u1ee3p c\u1ee7a x\u00edch g\u1ea1t v\u00e0 b\u00e1nh r\u0103ng, \u0111\u01b0\u1ee3c cung c\u1ea5p n\u0103ng l\u01b0\u1ee3ng b\u1edfi h\u1ec7 th\u1ed1ng truy\u1ec1n \u0111\u1ed9ng \u0111\u1ea7u, \u0111\u1ec3 li\u00ean t\u1ee5c v\u1eadn chuy\u1ec3n v\u1eadt li\u1ec7u d\u1ecdc theo m\u00e1ng theo chu tr\u00ecnh k\u00edn, \u0111\u1ea3m b\u1ea3o ho\u1ea1t \u0111\u1ed9ng nh\u1ea5t qu\u00e1n v\u00e0 tr\u01a1n tru.<\/p>\n<h2>Gi\u1edbi thi\u1ec7u v\u1ec1 FMP<\/h2>\n<p>T\u1ea1i c\u01a1 s\u1edf hi\u1ec7n \u0111\u1ea1i c\u1ee7a ch\u00fang t\u00f4i t\u1ea1i \u00dd, ch\u00fang t\u00f4i chuy\u00ean s\u1ea3n xu\u1ea5t \u0111a d\u1ea1ng c\u00e1c lo\u1ea1i nh\u00f4ng x\u00edch ch\u1ea5t l\u01b0\u1ee3ng cao \u0111\u1ec3 \u0111\u00e1p \u1ee9ng nhu c\u1ea7u \u0111a d\u1ea1ng c\u1ee7a kh\u00e1ch h\u00e0ng. T\u1eeb nh\u00f4ng x\u00edch th\u00e0nh ph\u1ea9m \u0111\u1ebfn nh\u00f4ng x\u00edch d\u1eabn h\u01b0\u1edbng, nh\u00f4ng x\u00edch kh\u00f3a c\u00f4n \u0111\u1ebfn nh\u00f4ng x\u00edch b\u0103ng t\u1ea3i, ch\u00fang t\u00f4i cung c\u1ea5p c\u00e1c s\u1ea3n ph\u1ea9m \u0111\u01b0\u1ee3c ch\u1ebf t\u1ea1o v\u1edbi \u0111\u1ed9 ch\u00ednh x\u00e1c v\u00e0 \u0111\u1ed9 b\u1ec1n cao. Danh m\u1ee5c s\u1ea3n ph\u1ea9m phong ph\u00fa c\u1ee7a ch\u00fang t\u00f4i bao g\u1ed3m nh\u00f4ng x\u00edch th\u00e9p kh\u00f4ng g\u1ec9, nh\u1ef1a v\u00e0 th\u00e9p, c\u0169ng nh\u01b0 c\u00e1c thi\u1ebft k\u1ebf chuy\u00ean d\u1ee5ng nh\u01b0 nh\u00f4ng x\u00edch hai b\u01b0\u1edbc v\u00e0 hai d\u00e3y, \u0111\u1ea3m b\u1ea3o r\u1eb1ng ch\u00fang t\u00f4i c\u00f3 th\u1ec3 cung c\u1ea5p gi\u1ea3i ph\u00e1p ho\u00e0n h\u1ea3o cho m\u1ecdi \u1ee9ng d\u1ee5ng.<img loading=\"lazy\" decoding=\"async\" class=\"wp-image-5244 alignleft\" src=\"https:\/\/fmp-components.com\/wp-content\/uploads\/2025\/02\/fmp_cast-sprocket-13.webp\" alt=\"fmp_cast-sprocket\" width=\"235\" height=\"295\" title=\"\"><\/p>\n<p>\u0110i\u1ec3m kh\u00e1c bi\u1ec7t c\u1ee7a ch\u00fang t\u00f4i ch\u00ednh l\u00e0 cam k\u1ebft t\u00f9y ch\u1ec9nh. Ch\u00fang t\u00f4i hi\u1ec3u r\u1eb1ng m\u1ed7i d\u1ef1 \u00e1n \u0111\u1ec1u \u0111\u1ed9c \u0111\u00e1o, \u0111\u00f3 l\u00e0 l\u00fd do t\u1ea1i sao ch\u00fang t\u00f4i cung c\u1ea5p c\u00e1c gi\u1ea3i ph\u00e1p x\u00edch \u0111\u01b0\u1ee3c thi\u1ebft k\u1ebf ri\u00eang \u0111\u1ec3 \u0111\u00e1p \u1ee9ng c\u00e1c y\u00eau c\u1ea7u c\u1ee5 th\u1ec3 c\u1ee7a b\u1ea1n. Cho d\u00f9 b\u1ea1n c\u1ea7n thi\u1ebft k\u1ebf ri\u00eang hay c\u00f3 y\u00eau c\u1ea7u k\u1ef9 thu\u1eadt \u0111\u1eb7c bi\u1ec7t, \u0111\u1ed9i ng\u0169 chuy\u00ean gia c\u1ee7a ch\u00fang t\u00f4i lu\u00f4n s\u1eb5n s\u00e0ng cung c\u1ea5p cho b\u1ea1n c\u00e1c gi\u1ea3i ph\u00e1p ch\u00ednh x\u00e1c v\u00e0 \u0111\u00e1ng tin c\u1eady.<\/p>\n<p>Ch\u00fang t\u00f4i t\u1ef1 h\u00e0o v\u1ec1 chuy\u00ean m\u00f4n k\u1ef9 thu\u1eadt v\u00e0 ch\u1ea5t l\u01b0\u1ee3ng quy tr\u00ecnh s\u1ea3n xu\u1ea5t, \u0111\u1ea3m b\u1ea3o m\u1ed7i b\u00e1nh x\u00edch ch\u00fang t\u00f4i s\u1ea3n xu\u1ea5t \u0111\u1ec1u b\u1ec1n b\u1ec9. N\u1ebfu b\u1ea1n c\u00f3 b\u1ea5t k\u1ef3 th\u1eafc m\u1eafc n\u00e0o ho\u1eb7c c\u1ea7n \u0111\u1eb7t l\u00e0m b\u00e1nh x\u00edch ri\u00eang, \u0111\u1eebng ng\u1ea7n ng\u1ea1i li\u00ean h\u1ec7 v\u1edbi ch\u00fang t\u00f4i. \u0110\u1ed9i ng\u0169 c\u1ee7a ch\u00fang t\u00f4i lu\u00f4n s\u1eb5n s\u00e0ng h\u1ed7 tr\u1ee3 v\u00e0 cung c\u1ea5p t\u01b0 v\u1ea5n chuy\u00ean m\u00f4n k\u1ecbp th\u1eddi, \u0111\u1ea3m b\u1ea3o s\u1ef1 h\u00e0i l\u00f2ng tuy\u1ec7t \u0111\u1ed1i c\u1ee7a b\u1ea1n. Ch\u1ec9 c\u1ea7n g\u1eedi email cho ch\u00fang t\u00f4i, ch\u00fang t\u00f4i s\u1ebd ph\u1ea3n h\u1ed3i s\u1edbm nh\u1ea5t c\u00f3 th\u1ec3.<\/p>","protected":false},"excerpt":{"rendered":"<p>Scraper Sprocket The FU Scraper Conveyor Cast Sprocket is a crucial component in the drive mechanism of various scraper machines. It works together with the chain to form the primary drive system for scraper conveyors. The chain sprockets and chains of these machines efficiently transport bulk materials within the trough, offering stability and durability. Scraper [&hellip;]<\/p>","protected":false},"featured_media":5240,"comment_status":"open","ping_status":"closed","template":"","meta":{"_et_pb_use_builder":"","_et_pb_old_content":"","_et_gb_content_width":""},"product_brand":[],"product_cat":[99],"product_tag":[],"class_list":{"0":"post-5239","1":"product","2":"type-product","3":"status-publish","4":"has-post-thumbnail","6":"product_cat-specialty-sprockets","8":"first","9":"instock","10":"shipping-taxable","11":"product-type-simple"},"_links":{"self":[{"href":"https:\/\/fmp-components.com\/vi\/wp-json\/wp\/v2\/product\/5239","targetHints":{"allow":["GET"]}}],"collection":[{"href":"https:\/\/fmp-components.com\/vi\/wp-json\/wp\/v2\/product"}],"about":[{"href":"https:\/\/fmp-components.com\/vi\/wp-json\/wp\/v2\/types\/product"}],"replies":[{"embeddable":true,"href":"https:\/\/fmp-components.com\/vi\/wp-json\/wp\/v2\/comments?post=5239"}],"wp:featuredmedia":[{"embeddable":true,"href":"https:\/\/fmp-components.com\/vi\/wp-json\/wp\/v2\/media\/5240"}],"wp:attachment":[{"href":"https:\/\/fmp-components.com\/vi\/wp-json\/wp\/v2\/media?parent=5239"}],"wp:term":[{"taxonomy":"product_brand","embeddable":true,"href":"https:\/\/fmp-components.com\/vi\/wp-json\/wp\/v2\/product_brand?post=5239"},{"taxonomy":"product_cat","embeddable":true,"href":"https:\/\/fmp-components.com\/vi\/wp-json\/wp\/v2\/product_cat?post=5239"},{"taxonomy":"product_tag","embeddable":true,"href":"https:\/\/fmp-components.com\/vi\/wp-json\/wp\/v2\/product_tag?post=5239"}],"curies":[{"name":"wp","href":"https:\/\/api.w.org\/{rel}","templated":true}]}}