{"id":5047,"date":"2025-01-26T03:31:20","date_gmt":"2025-01-26T03:31:20","guid":{"rendered":"https:\/\/fmp-components.com\/?post_type=product&#038;p=5047"},"modified":"2025-01-26T03:31:20","modified_gmt":"2025-01-26T03:31:20","slug":"cement-mixer-2810-gearbox-reducer-for-concrete-mixer-innovative-drive-system-%ef%bc%88zl-2810%ef%bc%89","status":"publish","type":"product","link":"https:\/\/fmp-components.com\/vi\/product\/cement-mixer-2810-gearbox-reducer-for-concrete-mixer-innovative-drive-system-%ef%bc%88zl-2810%ef%bc%89\/","title":{"rendered":"H\u1ed9p s\u1ed1 gi\u1ea3m t\u1ed1c m\u00e1y tr\u1ed9n xi m\u0103ng 2810 cho h\u1ec7 th\u1ed1ng truy\u1ec1n \u0111\u1ed9ng c\u1ea3i ti\u1ebfn c\u1ee7a m\u00e1y tr\u1ed9n b\u00ea t\u00f4ng (ZL-2810)"},"content":{"rendered":"<h2>S\u01a1 \u0111\u1ed3 c\u1ea5u tr\u00fac h\u1ed9p s\u1ed1 2810<\/h2>\n<p><img loading=\"lazy\" decoding=\"async\" class=\"wp-image-5048 aligncenter\" src=\"https:\/\/fmp-components.com\/wp-content\/uploads\/2025\/01\/cement-mixer-gearbox11.webp\" alt=\"h\u1ed9p s\u1ed1 m\u00e1y tr\u1ed9n xi m\u0103ng\" width=\"855\" height=\"523\" title=\"\" srcset=\"https:\/\/fmp-components.com\/wp-content\/uploads\/2025\/01\/cement-mixer-gearbox11.webp 855w, https:\/\/fmp-components.com\/wp-content\/uploads\/2025\/01\/cement-mixer-gearbox11-480x294.webp 480w\" sizes=\"(min-width: 0px) and (max-width: 480px) 480px, (min-width: 481px) 855px, 100vw\" \/><\/p>\n<table style=\"width: 100%;\" border=\"1\" width=\"100%\" cellspacing=\"0\" cellpadding=\"0\">\n<tbody>\n<tr>\n<th>M\u00e3 s\u1ed1 linh ki\u1ec7n<\/th>\n<th>T\u00ean th\u00e0nh ph\u1ea7n<\/th>\n<th>M\u00e3 s\u1ed1 linh ki\u1ec7n<\/th>\n<th>T\u00ean th\u00e0nh ph\u1ea7n<\/th>\n<th>M\u00e3 s\u1ed1 linh ki\u1ec7n<\/th>\n<th>T\u00ean th\u00e0nh ph\u1ea7n<\/th>\n<\/tr>\n<tr>\n<td>1<\/td>\n<td>Tr\u1ee5c \u0111\u1ea7u v\u00e0o<\/td>\n<td>2<\/td>\n<td>Ph\u1edbt d\u1ea7u<\/td>\n<td>3<\/td>\n<td>V\u00f2ng bi r\u00e3nh s\u00e2u<\/td>\n<\/tr>\n<tr>\n<td>4<\/td>\n<td>N\u1eafp c\u1eeda<\/td>\n<td>5<\/td>\n<td>V\u00f2ng bi r\u00e3nh s\u00e2u<\/td>\n<td>6<\/td>\n<td>Bu l\u00f4ng \u0111\u1ea7u l\u1ee5c gi\u00e1c<\/td>\n<\/tr>\n<tr>\n<td>7<\/td>\n<td>Ph\u00edm ph\u1eb3ng<\/td>\n<td>8<\/td>\n<td>B\u00e1nh r\u0103ng giun<\/td>\n<td>9<\/td>\n<td>\u1ed0c v\u00edt n\u00fat d\u1ea7u<\/td>\n<\/tr>\n<tr>\n<td>10<\/td>\n<td>H\u1ed9p<\/td>\n<td>11<\/td>\n<td>Ph\u00edm ph\u1eb3ng<\/td>\n<td>12<\/td>\n<td>B\u00e1nh r\u0103ng c\u00f4n<\/td>\n<\/tr>\n<tr>\n<td>13<\/td>\n<td>V\u00f2ng k\u1eb9p<\/td>\n<td>14<\/td>\n<td>Shim<\/td>\n<td>15<\/td>\n<td>S\u00e2u<\/td>\n<\/tr>\n<tr>\n<td>16<\/td>\n<td>V\u00f2ng bi r\u00e3nh s\u00e2u<\/td>\n<td>17<\/td>\n<td>V\u00f2ng k\u1eb9p<\/td>\n<td>18<\/td>\n<td>Ph\u1edbt d\u1ea7u<\/td>\n<\/tr>\n<tr>\n<td>19<\/td>\n<td>Tr\u1ee5c r\u0103ng c\u01b0a<\/td>\n<td>20<\/td>\n<td>Ph\u1edbt d\u1ea7u<\/td>\n<td>21<\/td>\n<td>V\u00f2ng gi\u1eef<\/td>\n<\/tr>\n<tr>\n<td>22<\/td>\n<td>N\u1eafp c\u1eeda<\/td>\n<td>23<\/td>\n<td>\u1ed0ng l\u00f3t Spline<\/td>\n<td><\/td>\n<td><\/td>\n<\/tr>\n<\/tbody>\n<\/table>\n<p>Ghi ch\u00fa:<br \/>\n1. T\u1ea5t c\u1ea3 c\u00e1c b\u1ed9 ph\u1eadn ph\u1ea3i \u0111\u01b0\u1ee3c l\u00e0m s\u1ea1ch tr\u01b0\u1edbc khi l\u1eafp r\u00e1p.<br \/>\n2. Trong qu\u00e1 tr\u00ecnh l\u1eafp r\u00e1p, \u1ed5 bi ph\u1ea3i \u0111\u01b0\u1ee3c si\u1ebft ch\u1eb7t v\u00e0o vai tr\u1ee5c.<br \/>\n3. S\u1eed d\u1ee5ng d\u1ea7u b\u00f4i tr\u01a1n WA460 ho\u1eb7c ch\u1ecdn lo\u1ea1i d\u1ea7u t\u01b0\u01a1ng \u1ee9ng t\u00f9y theo nhi\u1ec7t \u0111\u1ed9 m\u00f4i tr\u01b0\u1eddng.<br \/>\n4. Ti\u1ebfn h\u00e0nh th\u1eed nghi\u1ec7m kh\u00f4ng t\u1ea3i, v\u00e0 qu\u00e1 tr\u00ecnh v\u1eadn h\u00e0nh ph\u1ea3i linh ho\u1ea1t v\u00e0 d\u1ec5 d\u00e0ng. Sau khi v\u1eadn h\u00e0nh 1 gi\u1edd, \u0111\u1ed9 t\u0103ng nhi\u1ec7t \u0111\u1ed9 ph\u1ea3i \u2264 45 \u2103.<\/p>\n<p><img loading=\"lazy\" decoding=\"async\" class=\"alignnone  wp-image-5049\" src=\"https:\/\/fmp-components.com\/wp-content\/uploads\/2025\/01\/0_cement-mixer-gearbox51.webp\" alt=\"h\u1ed9p s\u1ed1 m\u00e1y tr\u1ed9n xi m\u0103ng\" width=\"967\" height=\"910\" title=\"\" srcset=\"https:\/\/fmp-components.com\/wp-content\/uploads\/2025\/01\/0_cement-mixer-gearbox51.webp 967w, https:\/\/fmp-components.com\/wp-content\/uploads\/2025\/01\/0_cement-mixer-gearbox51-480x452.webp 480w\" sizes=\"(min-width: 0px) and (max-width: 480px) 480px, (min-width: 481px) 967px, 100vw\" \/><\/p>\n<h3>H\u1ed9p s\u1ed1 trong m\u00e1y tr\u1ed9n b\u00ea t\u00f4ng ho\u1ea1t \u0111\u1ed9ng nh\u01b0 th\u1ebf n\u00e0o?<\/h3>\n<p>H\u1ed9p s\u1ed1 trong m\u00e1y tr\u1ed9n b\u00ea t\u00f4ng \u0111\u00f3ng vai tr\u00f2 quan tr\u1ecdng trong vi\u1ec7c truy\u1ec1n l\u1ef1c t\u1eeb \u0111\u1ed9ng c\u01a1 \u0111\u1ebfn th\u00f9ng tr\u1ed9n, cho ph\u00e9p qu\u00e1 tr\u00ecnh tr\u1ed9n di\u1ec5n ra. D\u01b0\u1edbi \u0111\u00e2y l\u00e0 t\u1ed5ng quan v\u1ec1 c\u00e1ch th\u1ee9c ho\u1ea1t \u0111\u1ed9ng c\u1ee7a h\u1ed9p s\u1ed1 trong m\u00e1y tr\u1ed9n b\u00ea t\u00f4ng:<\/p>\n<ol>\n<li><strong>Truy\u1ec1n t\u1ea3i n\u0103ng l\u01b0\u1ee3ng:<\/strong> H\u1ed9p s\u1ed1 \u0111\u01b0\u1ee3c n\u1ed1i v\u1edbi \u0111\u1ed9ng c\u01a1, cung c\u1ea5p n\u0103ng l\u01b0\u1ee3ng cho ho\u1ea1t \u0111\u1ed9ng c\u1ee7a m\u00e1y tr\u1ed9n. \u0110\u1ed9ng c\u01a1 th\u01b0\u1eddng ho\u1ea1t \u0111\u1ed9ng \u1edf t\u1ed1c \u0111\u1ed9 cao, nh\u01b0ng th\u00f9ng tr\u1ed9n c\u1ea7n t\u1ed1c \u0111\u1ed9 ch\u1eadm h\u01a1n, \u0111\u01b0\u1ee3c ki\u1ec3m so\u00e1t v\u1edbi m\u00f4-men xo\u1eafn cao h\u01a1n \u0111\u1ec3 tr\u1ed9n b\u00ea t\u00f4ng \u0111\u00fang c\u00e1ch. H\u1ed9p s\u1ed1 l\u00e0m gi\u1ea3m t\u1ed1c \u0111\u1ed9 quay cao c\u1ee7a \u0111\u1ed9ng c\u01a1 xu\u1ed1ng t\u1ed1c \u0111\u1ed9 ch\u1eadm h\u01a1n, ph\u00f9 h\u1ee3p h\u01a1n v\u1edbi s\u1ef1 quay c\u1ee7a th\u00f9ng tr\u1ed9n.<\/li>\n<li><strong>Gi\u1ea3m t\u1ed1c \u0111\u1ed9:<\/strong> H\u1ed9p s\u1ed1 s\u1eed d\u1ee5ng h\u1ec7 th\u1ed1ng b\u00e1nh r\u0103ng\u2014th\u01b0\u1eddng l\u00e0 b\u00e1nh r\u0103ng h\u00e0nh tinh ho\u1eb7c b\u00e1nh r\u0103ng xo\u1eafn\u2014\u0111\u1ec3 \u0111\u1ea1t \u0111\u01b0\u1ee3c s\u1ef1 gi\u1ea3m t\u1ed1c c\u1ea7n thi\u1ebft. \u0110i\u1ec1u n\u00e0y \u0111\u1ea3m b\u1ea3o r\u1eb1ng th\u00f9ng tr\u1ed9n quay v\u1edbi t\u1ed1c \u0111\u1ed9 ch\u1eadm h\u01a1n v\u00e0 \u0111\u01b0\u1ee3c ki\u1ec3m so\u00e1t, \u0111i\u1ec1u n\u00e0y r\u1ea5t c\u1ea7n thi\u1ebft \u0111\u1ec3 tr\u1ed9n \u0111\u1ec1u m\u00e0 kh\u00f4ng l\u00e0m qu\u00e1 t\u1ea3i \u0111\u1ed9ng c\u01a1 ho\u1eb7c l\u00e0m h\u1ecfng thi\u1ebft b\u1ecb.<\/li>\n<li><strong>Khu\u1ebfch \u0111\u1ea1i m\u00f4-men xo\u1eafn:<\/strong> B\u00ean c\u1ea1nh vi\u1ec7c gi\u1ea3m t\u1ed1c \u0111\u1ed9, h\u1ed9p s\u1ed1 c\u00f2n khu\u1ebfch \u0111\u1ea1i m\u00f4-men xo\u1eafn, cung c\u1ea5p th\u00eam l\u1ef1c c\u1ea7n thi\u1ebft \u0111\u1ec3 quay tr\u1ed1ng n\u1eb7ng v\u00e0 tr\u1ed9n b\u00ea t\u00f4ng hi\u1ec7u qu\u1ea3. M\u00f4-men xo\u1eafn t\u0103ng l\u00ean \u0111\u1ea3m b\u1ea3o tr\u1ed1ng quay tr\u01a1n tru ngay c\u1ea3 khi mang \u0111\u1ea7y t\u1ea3i c\u00e1c nguy\u00ean li\u1ec7u b\u00ea t\u00f4ng n\u1eb7ng.<\/li>\n<li><strong>Ph\u00e2n ph\u1ed1i \u0111i\u1ec7n hi\u1ec7u qu\u1ea3:<\/strong> H\u1ed9p s\u1ed1 \u0111\u1ea3m b\u1ea3o ph\u00e2n b\u1ed5 c\u00f4ng su\u1ea5t hi\u1ec7u qu\u1ea3 \u0111\u1ebfn th\u00f9ng tr\u1ed9n v\u00e0 \u0111\u00f4i khi \u0111\u1ebfn c\u00e1c b\u1ed9 ph\u1eadn kh\u00e1c, ch\u1eb3ng h\u1ea1n nh\u01b0 tr\u1ee5c v\u00edt ho\u1eb7c c\u00e1nh khu\u1ea5y, n\u1ebfu m\u00e1y tr\u1ed9n c\u00f3 c\u00e1c t\u00ednh n\u0103ng \u0111\u00f3. N\u00f3 \u0111\u1ea3m b\u1ea3o qu\u00e1 tr\u00ecnh tr\u1ed9n \u1ed5n \u0111\u1ecbnh, gi\u1ea3m t\u1ed5n th\u1ea5t n\u0103ng l\u01b0\u1ee3ng v\u00e0 duy tr\u00ec hi\u1ec7u su\u1ea5t mong mu\u1ed1n.<\/li>\n<li><strong>\u0110\u1ed9 b\u1ec1n v\u00e0 \u0111\u1ed9 tin c\u1eady:<\/strong> H\u1ed9p s\u1ed1 trong m\u00e1y tr\u1ed9n b\u00ea t\u00f4ng \u0111\u01b0\u1ee3c thi\u1ebft k\u1ebf \u0111\u1ec3 ch\u1ecbu \u0111\u01b0\u1ee3c ho\u1ea1t \u0111\u1ed9ng li\u00ean t\u1ee5c, c\u01b0\u1eddng \u0111\u1ed9 cao trong m\u00f4i tr\u01b0\u1eddng kh\u1eafc nghi\u1ec7t. N\u00f3 \u0111\u01b0\u1ee3c l\u00e0m b\u1eb1ng v\u1eadt li\u1ec7u c\u00f3 \u0111\u1ed9 b\u1ec1n cao \u0111\u1ec3 ch\u1ecbu \u0111\u01b0\u1ee3c \u00e1p l\u1ef1c c\u1ee7a c\u00e1c chu k\u1ef3 kh\u1edfi \u0111\u1ed9ng-d\u1eebng th\u01b0\u1eddng xuy\u00ean, t\u1ea3i tr\u1ecdng n\u1eb7ng v\u00e0 ti\u1ebfp x\u00fac v\u1edbi c\u00e1c \u0111i\u1ec1u ki\u1ec7n kh\u1eafc nghi\u1ec7t nh\u01b0 b\u1ee5i v\u00e0 \u0111\u1ed9 \u1ea9m.<\/li>\n<li><strong>B\u1ea3o tr\u00ec v\u00e0 tu\u1ed5i th\u1ecd:<\/strong> H\u1ed9p s\u1ed1 c\u0169ng \u0111\u01b0\u1ee3c thi\u1ebft k\u1ebf \u0111\u1ec3 d\u1ec5 b\u1ea3o tr\u00ec, v\u1edbi c\u00e1c t\u00ednh n\u0103ng nh\u01b0 b\u00f4i tr\u01a1n b\u1eb1ng d\u1ea7u v\u00e0 v\u00f2ng bi k\u00edn nh\u1eb1m \u0111\u1ea3m b\u1ea3o ho\u1ea1t \u0111\u1ed9ng tr\u01a1n tru theo th\u1eddi gian. B\u1ea3o tr\u00ec th\u01b0\u1eddng xuy\u00ean \u0111\u1ea3m b\u1ea3o h\u1ed9p s\u1ed1 ti\u1ebfp t\u1ee5c ho\u1ea1t \u0111\u1ed9ng hi\u1ec7u qu\u1ea3, gi\u1ea3m th\u1eddi gian ng\u1eebng ho\u1ea1t \u0111\u1ed9ng v\u00e0 k\u00e9o d\u00e0i tu\u1ed5i th\u1ecd c\u1ee7a m\u00e1y tr\u1ed9n.<\/li>\n<\/ol>\n<p>T\u00f3m l\u1ea1i, h\u1ed9p s\u1ed1 trong m\u00e1y tr\u1ed9n b\u00ea t\u00f4ng r\u1ea5t c\u1ea7n thi\u1ebft \u0111\u1ec3 chuy\u1ec3n \u0111\u1ed5i c\u00f4ng su\u1ea5t t\u1ed1c \u0111\u1ed9 cao c\u1ee7a \u0111\u1ed9ng c\u01a1 th\u00e0nh chuy\u1ec3n \u0111\u1ed9ng t\u1ed1c \u0111\u1ed9 th\u1ea5p, m\u00f4-men xo\u1eafn cao, \u0111\u1ea3m b\u1ea3o hi\u1ec7u su\u1ea5t tr\u1ed9n hi\u1ec7u qu\u1ea3 v\u00e0 \u0111\u00e1ng tin c\u1eady. Vai tr\u00f2 c\u1ee7a n\u00f3 r\u1ea5t quan tr\u1ecdng \u0111\u1ec3 \u0111\u1ea3m b\u1ea3o tr\u1ed9n \u0111\u1ec1u, gi\u1ea3m hao m\u00f2n c\u00e1c b\u1ed9 ph\u1eadn v\u00e0 cung c\u1ea5p \u0111\u1ed9 b\u1ec1n c\u1ea7n thi\u1ebft cho vi\u1ec7c s\u1eed d\u1ee5ng l\u00e2u d\u00e0i trong m\u00f4i tr\u01b0\u1eddng kh\u1eafc nghi\u1ec7t.<\/p>\n<table style=\"border-collapse: collapse; width: 99.6093%; height: 112px;\" border=\"0\" width=\"160\" cellspacing=\"0\" cellpadding=\"0\">\n<tbody>\n<tr style=\"height: 14.40pt;\">\n<td style=\"height: 14.4pt; width: 49.2308%;\" align=\"right\" width=\"80\" height=\"24\"><img loading=\"lazy\" decoding=\"async\" class=\"alignnone size-full wp-image-5051\" src=\"https:\/\/fmp-components.com\/wp-content\/uploads\/2025\/01\/fmp_2810-gearbox-3.webp\" alt=\"fmp_2810-gearbox\" width=\"2016\" height=\"1512\" title=\"\" srcset=\"https:\/\/fmp-components.com\/wp-content\/uploads\/2025\/01\/fmp_2810-gearbox-3.webp 2016w, https:\/\/fmp-components.com\/wp-content\/uploads\/2025\/01\/fmp_2810-gearbox-3-1280x960.webp 1280w, https:\/\/fmp-components.com\/wp-content\/uploads\/2025\/01\/fmp_2810-gearbox-3-980x735.webp 980w, https:\/\/fmp-components.com\/wp-content\/uploads\/2025\/01\/fmp_2810-gearbox-3-480x360.webp 480w\" sizes=\"(min-width: 0px) and (max-width: 480px) 480px, (min-width: 481px) and (max-width: 980px) 980px, (min-width: 981px) and (max-width: 1280px) 1280px, (min-width: 1281px) 2016px, 100vw\" \/><\/td>\n<td style=\"width: 49.2308%;\" align=\"right\" width=\"80\"><img loading=\"lazy\" decoding=\"async\" class=\"alignnone size-full wp-image-5050\" src=\"https:\/\/fmp-components.com\/wp-content\/uploads\/2025\/01\/fmp_2810-gearbox-2.webp\" alt=\"fmp_2810-gearbox\" width=\"2016\" height=\"1512\" title=\"\" srcset=\"https:\/\/fmp-components.com\/wp-content\/uploads\/2025\/01\/fmp_2810-gearbox-2.webp 2016w, https:\/\/fmp-components.com\/wp-content\/uploads\/2025\/01\/fmp_2810-gearbox-2-1280x960.webp 1280w, https:\/\/fmp-components.com\/wp-content\/uploads\/2025\/01\/fmp_2810-gearbox-2-980x735.webp 980w, https:\/\/fmp-components.com\/wp-content\/uploads\/2025\/01\/fmp_2810-gearbox-2-480x360.webp 480w\" sizes=\"(min-width: 0px) and (max-width: 480px) 480px, (min-width: 481px) and (max-width: 980px) 980px, (min-width: 981px) and (max-width: 1280px) 1280px, (min-width: 1281px) 2016px, 100vw\" \/><\/td>\n<\/tr>\n<\/tbody>\n<\/table>\n<h3>Gi\u1edbi thi\u1ec7u v\u1ec1 FMP<\/h3>\n<p>FMP l\u00e0 m\u1ed9t nh\u00e0 m\u00e1y s\u1ea3n xu\u1ea5t h\u1ed9p s\u1ed1 chuy\u00ean nghi\u1ec7p v\u1edbi uy t\u00edn v\u1eefng ch\u1eafc v\u1ec1 ch\u1ea5t l\u01b0\u1ee3ng v\u01b0\u1ee3t tr\u1ed9i. Ch\u00fang t\u00f4i t\u1ef1 h\u00e0o cung c\u1ea5p m\u1ed9t lo\u1ea1t c\u00e1c l\u1ee3i th\u1ebf c\u1ed1t l\u00f5i gi\u00fap ch\u00fang t\u00f4i tr\u1edf th\u00e0nh \u0111\u1ed1i t\u00e1c \u0111\u00e1ng tin c\u1eady trong ng\u00e0nh s\u1ea3n xu\u1ea5t h\u1ed9p s\u1ed1:<\/p>\n<p><img loading=\"lazy\" decoding=\"async\" class=\"size-full wp-image-5052 alignleft\" src=\"https:\/\/fmp-components.com\/wp-content\/uploads\/2025\/01\/0_cement-mixer-gearbox131.webp\" alt=\"0_cement-mixer-gearbox13(1)\" width=\"562\" height=\"750\" title=\"\" srcset=\"https:\/\/fmp-components.com\/wp-content\/uploads\/2025\/01\/0_cement-mixer-gearbox131.webp 562w, https:\/\/fmp-components.com\/wp-content\/uploads\/2025\/01\/0_cement-mixer-gearbox131-480x641.webp 480w\" sizes=\"(min-width: 0px) and (max-width: 480px) 480px, (min-width: 481px) 562px, 100vw\" \/><\/p>\n<ol>\n<li><strong>Quy tr\u00ecnh s\u1ea3n xu\u1ea5t tuy\u1ec7t v\u1eddi:<\/strong><br \/>\nCh\u00fang t\u00f4i s\u1eed d\u1ee5ng thi\u1ebft b\u1ecb s\u1ea3n xu\u1ea5t ti\u00ean ti\u1ebfn \u0111\u1ea1t ti\u00eau chu\u1ea9n qu\u1ed1c t\u1ebf v\u00e0 c\u00f4ng ngh\u1ec7 ch\u1ebf t\u1ea1o ch\u00ednh x\u00e1c, \u0111\u1ea3m b\u1ea3o m\u1ed7i h\u1ed9p s\u1ed1 \u0111\u1ec1u \u0111\u00e1p \u1ee9ng c\u00e1c ti\u00eau chu\u1ea9n cao nh\u1ea5t c\u1ee7a ng\u00e0nh. Ch\u00fang t\u00f4i tu\u00e2n th\u1ee7 nghi\u00eam ng\u1eb7t c\u00e1c ti\u00eau chu\u1ea9n h\u1ec7 th\u1ed1ng qu\u1ea3n l\u00fd ch\u1ea5t l\u01b0\u1ee3ng ISO \u0111\u1ec3 \u0111\u1ea3m b\u1ea3o \u0111\u1ed9 ch\u00ednh x\u00e1c, \u0111\u1ed9 b\u1ec1n v\u00e0 tu\u1ed5i th\u1ecd.<\/li>\n<li><strong>D\u00f2ng s\u1ea3n ph\u1ea9m \u0111a d\u1ea1ng:<\/strong><br \/>\nD\u00f2ng s\u1ea3n ph\u1ea9m \u0111a d\u1ea1ng c\u1ee7a ch\u00fang t\u00f4i ph\u1ee5c v\u1ee5 nhi\u1ec1u ng\u00e0nh c\u00f4ng nghi\u1ec7p kh\u00e1c nhau, bao g\u1ed3m thi\u1ebft b\u1ecb c\u00f4ng nghi\u1ec7p, m\u00e1y m\u00f3c n\u00f4ng nghi\u1ec7p, thi\u1ebft b\u1ecb x\u00e2y d\u1ef1ng, h\u1ec7 th\u1ed1ng \u0111i\u1ec7n t\u00e0u th\u1ee7y v\u00e0 h\u1ec7 th\u1ed1ng truy\u1ec1n t\u1ea3i n\u0103ng l\u01b0\u1ee3ng m\u1edbi. Ch\u00fang t\u00f4i cung c\u1ea5p c\u1ea3 c\u00e1c gi\u1ea3i ph\u00e1p ti\u00eau chu\u1ea9n v\u00e0 t\u00f9y ch\u1ec9nh ph\u00f9 h\u1ee3p v\u1edbi nhu c\u1ea7u c\u1ee5 th\u1ec3 c\u1ee7a b\u1ea1n, b\u1ea5t k\u1ec3 th\u00f4ng s\u1ed1 k\u1ef9 thu\u1eadt hay y\u00eau c\u1ea7u n\u00e0o.<\/li>\n<li><strong>N\u0103ng l\u1ef1c nghi\u00ean c\u1ee9u v\u00e0 ph\u00e1t tri\u1ec3n \u0111\u1ed9t ph\u00e1:<\/strong><br \/>\nV\u1edbi \u0111\u1ed9i ng\u0169 nghi\u00ean c\u1ee9u v\u00e0 ph\u00e1t tri\u1ec3n gi\u00e0u kinh nghi\u1ec7m v\u00e0 s\u00e1ng t\u1ea1o, ch\u00fang t\u00f4i li\u00ean t\u1ee5c c\u1ea3i ti\u1ebfn c\u00f4ng ngh\u1ec7 v\u00e0 thi\u1ebft k\u1ebf \u0111\u1ec3 ph\u00e1t tri\u1ec3n c\u00e1c h\u1ed9p s\u1ed1 m\u1edbi, hi\u1ec7u qu\u1ea3, ti\u1ebft ki\u1ec7m n\u0103ng l\u01b0\u1ee3ng, ho\u1ea1t \u0111\u1ed9ng \u00eam \u00e1i v\u00e0 hi\u1ec7u su\u1ea5t cao. Ch\u00fang t\u00f4i lu\u00f4n \u0111\u00f3n \u0111\u1ea7u xu h\u01b0\u1edbng th\u1ecb tr\u01b0\u1eddng \u0111\u1ec3 \u0111\u00e1p \u1ee9ng nh\u1eefng y\u00eau c\u1ea7u c\u00f4ng ngh\u1ec7 m\u1edbi nh\u1ea5t.<\/li>\n<li><strong>Nguy\u00ean li\u1ec7u th\u00f4 v\u00e0 ph\u1ee5 ki\u1ec7n \u0111\u01b0\u1ee3c l\u1ef1a ch\u1ecdn:<\/strong><br \/>\nCh\u00fang t\u00f4i \u01b0u ti\u00ean ch\u1ea5t l\u01b0\u1ee3ng b\u1eb1ng c\u00e1ch s\u1eed d\u1ee5ng th\u00e9p cao c\u1ea5p v\u00e0 c\u00e1c v\u1eadt li\u1ec7u b\u1ec1n b\u1ec9 kh\u00e1c. T\u1ea5t c\u1ea3 c\u00e1c b\u1ed9 ph\u1eadn h\u1ed7 tr\u1ee3, ch\u1eb3ng h\u1ea1n nh\u01b0 v\u00f2ng bi v\u00e0 ph\u1edbt, \u0111\u1ec1u \u0111\u01b0\u1ee3c cung c\u1ea5p t\u1eeb c\u00e1c th\u01b0\u01a1ng hi\u1ec7u uy t\u00edn trong v\u00e0 ngo\u00e0i n\u01b0\u1edbc \u0111\u1ec3 \u0111\u1ea3m b\u1ea3o hi\u1ec7u su\u1ea5t \u1ed5n \u0111\u1ecbnh v\u00e0 \u0111\u00e1ng tin c\u1eady.<\/li>\n<li><strong>H\u1ec7 th\u1ed1ng ki\u1ec3m so\u00e1t ch\u1ea5t l\u01b0\u1ee3ng nghi\u00eam ng\u1eb7t:<\/strong><br \/>\nCh\u00fang t\u00f4i duy tr\u00ec quy tr\u00ecnh ki\u1ec3m tra ch\u1ea5t l\u01b0\u1ee3ng nghi\u00eam ng\u1eb7t trong su\u1ed1t qu\u00e1 tr\u00ecnh s\u1ea3n xu\u1ea5t. T\u1eeb kh\u00e2u nh\u1eadp nguy\u00ean li\u1ec7u th\u00f4 \u0111\u1ebfn khi giao s\u1ea3n ph\u1ea9m ho\u00e0n thi\u1ec7n, m\u1ed7i h\u1ed9p s\u1ed1 \u0111\u1ec1u tr\u1ea3i qua qu\u00e1 tr\u00ecnh ki\u1ec3m tra to\u00e0n di\u1ec7n b\u1eb1ng thi\u1ebft b\u1ecb ti\u00ean ti\u1ebfn \u0111\u1ec3 \u0111\u1ea3m b\u1ea3o kh\u00f4ng c\u00f3 l\u1ed7i tr\u01b0\u1edbc khi xu\u1ea5t x\u01b0\u1edfng.<\/li>\n<li><strong>Cam k\u1ebft d\u1ecbch v\u1ee5 to\u00e0n di\u1ec7n:<\/strong><br \/>\nCh\u00fang t\u00f4i cam k\u1ebft cung c\u1ea5p kh\u00f4ng ch\u1ec9 c\u00e1c s\u1ea3n ph\u1ea9m ch\u1ea5t l\u01b0\u1ee3ng cao m\u00e0 c\u00f2n c\u1ea3 d\u1ecbch v\u1ee5 h\u1ed7 tr\u1ee3 sau b\u00e1n h\u00e0ng to\u00e0n di\u1ec7n. C\u00e1c d\u1ecbch v\u1ee5 c\u1ee7a ch\u00fang t\u00f4i bao g\u1ed3m h\u01b0\u1edbng d\u1eabn l\u1eafp \u0111\u1eb7t, b\u1ea3o tr\u00ec, ch\u1ea9n \u0111o\u00e1n l\u1ed7i v\u00e0 cung c\u1ea5p ph\u1ee5 t\u00f9ng thay th\u1ebf \u0111\u1ec3 \u0111\u1ea3m b\u1ea3o s\u1ef1 h\u00e0i l\u00f2ng v\u00e0 an t\u00e2m tuy\u1ec7t \u0111\u1ed1i cho kh\u00e1ch h\u00e0ng.<\/li>\n<li><strong>Kinh nghi\u1ec7m d\u00e0y d\u1eb7n trong ng\u00e0nh v\u00e0 uy t\u00edn t\u1ed1t:<\/strong><br \/>\nV\u1edbi nhi\u1ec1u th\u1eadp k\u1ef7 kinh nghi\u1ec7m trong s\u1ea3n xu\u1ea5t h\u1ed9p s\u1ed1, ch\u00fang t\u00f4i \u0111\u00e3 t\u00edch l\u0169y \u0111\u01b0\u1ee3c kinh nghi\u1ec7m v\u00f4 gi\u00e1 v\u00e0 n\u1ec1n t\u1ea3ng k\u1ef9 thu\u1eadt v\u1eefng ch\u1eafc. Danh ti\u1ebfng v\u1ec1 ch\u1ea5t l\u01b0\u1ee3ng v\u00e0 \u0111\u1ed9 tin c\u1eady \u0111\u00e3 gi\u00fap ch\u00fang t\u00f4i gi\u00e0nh \u0111\u01b0\u1ee3c s\u1ef1 tin t\u01b0\u1edfng c\u1ee7a kh\u00e1ch h\u00e0ng tr\u00ean to\u00e0n th\u1ebf gi\u1edbi.<\/li>\n<\/ol>\n<p><strong>Gi\u1ea3i ph\u00e1p t\u00f9y ch\u1ec9nh:<\/strong><\/p>\n<p>T\u1ea1i FMP, ch\u00fang t\u00f4i c\u0169ng s\u1eb5n l\u00f2ng h\u1ed7 tr\u1ee3 thi\u1ebft k\u1ebf theo y\u00eau c\u1ea7u ri\u00eang c\u1ee7a qu\u00fd kh\u00e1ch. N\u1ebfu qu\u00fd kh\u00e1ch c\u00f3 b\u1ea3n v\u1ebd ho\u1eb7c thi\u1ebft k\u1ebf n\u00e0o trong \u0111\u1ea7u, ch\u1ec9 c\u1ea7n g\u1eedi email cho ch\u00fang t\u00f4i, \u0111\u1ed9i ng\u0169 chuy\u00ean gia c\u1ee7a ch\u00fang t\u00f4i s\u1ebd xem x\u00e9t v\u00e0 cung c\u1ea5p b\u00e1o gi\u00e1 trong v\u00f2ng 24 gi\u1edd. Ch\u00fang t\u00f4i cam k\u1ebft cung c\u1ea5p c\u00e1c gi\u1ea3i ph\u00e1p nhanh ch\u00f3ng, hi\u1ec7u qu\u1ea3 v\u00e0 ph\u00f9 h\u1ee3p \u0111\u1ec3 gi\u00fap hi\u1ec7n th\u1ef1c h\u00f3a c\u00e1c d\u1ef1 \u00e1n c\u1ee7a qu\u00fd kh\u00e1ch.<\/p>","protected":false},"excerpt":{"rendered":"<p>Structure Diagram of 2810 Gearbox Component Number Component Name Component Number Component Name Component Number Component Name 1 Input Shaft 2 Oil Seal 3 Deep Groove Ball Bearing 4 Door Cover 5 Deep Groove Ball Bearing 6 Hexagonal Head Bolt 7 Flat Key 8 Worm Gear 9 Oil Plug Screw 10 Box 11 Flat Key [&hellip;]<\/p>","protected":false},"featured_media":5053,"comment_status":"open","ping_status":"closed","template":"","meta":{"_et_pb_use_builder":"","_et_pb_old_content":"","_et_gb_content_width":""},"product_brand":[],"product_cat":[94],"product_tag":[],"class_list":{"0":"post-5047","1":"product","2":"type-product","3":"status-publish","4":"has-post-thumbnail","6":"product_cat-industrial-gearbox","8":"first","9":"instock","10":"shipping-taxable","11":"product-type-simple"},"_links":{"self":[{"href":"https:\/\/fmp-components.com\/vi\/wp-json\/wp\/v2\/product\/5047","targetHints":{"allow":["GET"]}}],"collection":[{"href":"https:\/\/fmp-components.com\/vi\/wp-json\/wp\/v2\/product"}],"about":[{"href":"https:\/\/fmp-components.com\/vi\/wp-json\/wp\/v2\/types\/product"}],"replies":[{"embeddable":true,"href":"https:\/\/fmp-components.com\/vi\/wp-json\/wp\/v2\/comments?post=5047"}],"wp:featuredmedia":[{"embeddable":true,"href":"https:\/\/fmp-components.com\/vi\/wp-json\/wp\/v2\/media\/5053"}],"wp:attachment":[{"href":"https:\/\/fmp-components.com\/vi\/wp-json\/wp\/v2\/media?parent=5047"}],"wp:term":[{"taxonomy":"product_brand","embeddable":true,"href":"https:\/\/fmp-components.com\/vi\/wp-json\/wp\/v2\/product_brand?post=5047"},{"taxonomy":"product_cat","embeddable":true,"href":"https:\/\/fmp-components.com\/vi\/wp-json\/wp\/v2\/product_cat?post=5047"},{"taxonomy":"product_tag","embeddable":true,"href":"https:\/\/fmp-components.com\/vi\/wp-json\/wp\/v2\/product_tag?post=5047"}],"curies":[{"name":"wp","href":"https:\/\/api.w.org\/{rel}","templated":true}]}}