{"id":5040,"date":"2025-01-26T03:04:33","date_gmt":"2025-01-26T03:04:33","guid":{"rendered":"https:\/\/fmp-components.com\/?post_type=product&#038;p=5040"},"modified":"2025-01-26T03:04:33","modified_gmt":"2025-01-26T03:04:33","slug":"cement-polishing-gearbox-for-smooth-concrete-floors-and-walls","status":"publish","type":"product","link":"https:\/\/fmp-components.com\/vi\/product\/cement-polishing-gearbox-for-smooth-concrete-floors-and-walls\/","title":{"rendered":"H\u1ed9p s\u1ed1 \u0111\u00e1nh b\u00f3ng xi m\u0103ng cho s\u00e0n v\u00e0 t\u01b0\u1eddng b\u00ea t\u00f4ng m\u1ecbn"},"content":{"rendered":"<h2>H\u1ed9p s\u1ed1 \u0111\u00e1nh b\u00f3ng xi m\u0103ng<\/h2>\n<p>H\u1ed9p s\u1ed1 \u0111\u00e1nh b\u00f3ng b\u00ea t\u00f4ng l\u00e0 m\u1ed9t b\u1ed9 ph\u1eadn hi\u1ec7u su\u1ea5t cao, \u0111\u01b0\u1ee3c thi\u1ebft k\u1ebf ch\u00ednh x\u00e1c \u0111\u1ec3 s\u1eed d\u1ee5ng trong m\u00e1y m\u00e0i v\u00e0 \u0111\u00e1nh b\u00f3ng b\u00ea t\u00f4ng. H\u1ed9p s\u1ed1 n\u00e0y \u0111\u00f3ng vai tr\u00f2 quan tr\u1ecdng trong vi\u1ec7c \u0111\u1ea3m b\u1ea3o ho\u1ea1t \u0111\u1ed9ng tr\u01a1n tru v\u00e0 hi\u1ec7u qu\u1ea3, cung c\u1ea5p m\u00f4-men xo\u1eafn v\u00e0 kh\u1ea3 n\u0103ng \u0111i\u1ec1u khi\u1ec3n t\u1ed1c \u0111\u1ed9 c\u1ea7n thi\u1ebft \u0111\u1ec3 \u0111\u1ea1t \u0111\u01b0\u1ee3c k\u1ebft qu\u1ea3 \u0111\u00e1nh b\u00f3ng t\u1ed1i \u01b0u. Cho d\u00f9 \u0111\u01b0\u1ee3c s\u1eed d\u1ee5ng trong c\u00e1c \u1ee9ng d\u1ee5ng b\u00ea t\u00f4ng c\u00f4ng nghi\u1ec7p hay th\u01b0\u01a1ng m\u1ea1i, n\u00f3 \u0111\u1ec1u \u0111\u1ea3m b\u1ea3o \u0111\u1ed9 b\u1ec1n, \u0111\u1ed9 tin c\u1eady v\u00e0 hi\u1ec7u su\u1ea5t trong \u0111i\u1ec1u ki\u1ec7n kh\u1eafc nghi\u1ec7t.<\/p>\n<p><strong>C\u00e1c t\u00ednh n\u0103ng ch\u00ednh:<\/strong><\/p>\n<ol>\n<li><strong>M\u00f4-men xo\u1eafn cao v\u00e0 kh\u1ea3 n\u0103ng \u0111i\u1ec1u khi\u1ec3n t\u1ed1c \u0111\u1ed9:<\/strong> H\u1ed9p s\u1ed1 \u0111\u01b0\u1ee3c thi\u1ebft k\u1ebf \u0111\u1ec3 gi\u1ea3m t\u1ed1c \u0111\u1ed9 quay cao c\u1ee7a \u0111\u1ed9ng c\u01a1, cung c\u1ea5p m\u00f4-men xo\u1eafn v\u00e0 t\u1ed1c \u0111\u1ed9 l\u00fd t\u01b0\u1edfng cho c\u00e1c d\u1ee5ng c\u1ee5 \u0111\u00e1nh b\u00f3ng. \u0110i\u1ec1u n\u00e0y cho ph\u00e9p \u0111\u00e1nh b\u00f3ng b\u1ec1 m\u1eb7t b\u00ea t\u00f4ng m\u1ed9t c\u00e1ch nh\u1ea5t qu\u00e1n v\u00e0 \u0111\u1ed3ng \u0111\u1ec1u, gi\u1ea3m thi\u1ec3u s\u1ef1 m\u00e0i m\u00f2n c\u1ee7a d\u1ee5ng c\u1ee5 v\u00e0 c\u1ea3i thi\u1ec7n \u0111\u1ed9 ho\u00e0n thi\u1ec7n t\u1ed5ng th\u1ec3.<\/li>\n<li><strong>\u0110\u1ed9 b\u1ec1n v\u00e0 \u0111\u1ed9 tin c\u1eady:<\/strong> \u0110\u01b0\u1ee3c ch\u1ebf t\u1ea1o t\u1eeb v\u1eadt li\u1ec7u b\u1ec1n ch\u1eafc v\u00e0 tay ngh\u1ec1 ch\u1ea5t l\u01b0\u1ee3ng cao, h\u1ed9p s\u1ed1 \u0111\u00e1nh b\u00f3ng b\u00ea t\u00f4ng \u0111\u01b0\u1ee3c thi\u1ebft k\u1ebf \u0111\u1ec3 ch\u1ecbu \u0111\u01b0\u1ee3c nh\u1eefng y\u00eau c\u1ea7u kh\u1eaft khe c\u1ee7a m\u00e1y \u0111\u00e1nh b\u00f3ng b\u00ea t\u00f4ng. N\u00f3 mang l\u1ea1i \u0111\u1ed9 b\u1ec1n v\u01b0\u1ee3t tr\u1ed9i, ngay c\u1ea3 trong \u0111i\u1ec1u ki\u1ec7n ho\u1ea1t \u0111\u1ed9ng kh\u1eafc nghi\u1ec7t, \u0111\u1ea3m b\u1ea3o hi\u1ec7u su\u1ea5t l\u00e2u d\u00e0i.<\/li>\n<li><strong>Truy\u1ec1n t\u1ea3i \u0111i\u1ec7n hi\u1ec7u qu\u1ea3:<\/strong> H\u1ed9p s\u1ed1 s\u1eed d\u1ee5ng h\u1ec7 th\u1ed1ng b\u00e1nh r\u0103ng hi\u1ec7u qu\u1ea3 cao\u2014nh\u01b0 b\u00e1nh r\u0103ng tr\u1ee5c v\u00edt ho\u1eb7c b\u00e1nh r\u0103ng h\u00e0nh tinh\u2014cung c\u1ea5p kh\u1ea3 n\u0103ng truy\u1ec1n t\u1ea3i n\u0103ng l\u01b0\u1ee3ng li\u1ec1n m\u1ea1ch t\u1eeb \u0111\u1ed9ng c\u01a1 \u0111\u1ebfn \u0111\u1ea7u \u0111\u00e1nh b\u00f3ng. \u0110i\u1ec1u n\u00e0y t\u1ea1o ra chuy\u1ec3n \u0111\u1ed9ng m\u01b0\u1ee3t m\u00e0, li\u00ean t\u1ee5c, cho ph\u00e9p ki\u1ec3m so\u00e1t t\u1ed1t h\u01a1n v\u00e0 \u0111\u1ed9 ch\u00ednh x\u00e1c cao h\u01a1n trong qu\u00e1 tr\u00ecnh \u0111\u00e1nh b\u00f3ng.<\/li>\n<li><strong>Gi\u1ea3m ti\u1ebfng \u1ed3n v\u00e0 v\u1eadn h\u00e0nh \u00eam \u00e1i:<\/strong> \u0110\u01b0\u1ee3c thi\u1ebft k\u1ebf \u0111\u1ec3 gi\u1ea3m thi\u1ec3u ti\u1ebfng \u1ed3n v\u00e0 \u0111\u1ed9 rung, h\u1ed9p s\u1ed1 \u0111\u1ea3m b\u1ea3o ho\u1ea1t \u0111\u1ed9ng \u00eam \u00e1i h\u01a1n, g\u00f3p ph\u1ea7n t\u1ea1o ra m\u00f4i tr\u01b0\u1eddng l\u00e0m vi\u1ec7c tho\u1ea3i m\u00e1i h\u01a1n v\u00e0 c\u1ea3i thi\u1ec7n \u0111\u1ed9 \u1ed5n \u0111\u1ecbnh c\u1ee7a m\u00e1y.<\/li>\n<li><strong>Kh\u1ea3 n\u0103ng ch\u1ecbu nhi\u1ec7t:<\/strong> H\u1ed9p s\u1ed1 \u0111\u01b0\u1ee3c ch\u1ebf t\u1ea1o \u0111\u1ec3 ch\u1ecbu \u0111\u01b0\u1ee3c nhi\u1ec7t \u0111\u1ed9 cao sinh ra trong qu\u00e1 tr\u00ecnh ho\u1ea1t \u0111\u1ed9ng li\u00ean t\u1ee5c, gi\u00fap n\u00f3 ph\u00f9 h\u1ee3p v\u1edbi th\u1eddi gian l\u00e0m vi\u1ec7c d\u00e0i m\u00e0 kh\u00f4ng c\u00f3 nguy c\u01a1 qu\u00e1 nhi\u1ec7t ho\u1eb7c suy gi\u1ea3m hi\u1ec7u su\u1ea5t.<\/li>\n<li><strong>B\u1ea3o tr\u00ec d\u1ec5 d\u00e0ng:<\/strong> V\u1edbi thi\u1ebft k\u1ebf \u0111\u01a1n gi\u1ea3n nh\u01b0ng hi\u1ec7u qu\u1ea3, h\u1ed9p s\u1ed1 \u0111\u00e1nh b\u00f3ng b\u00ea t\u00f4ng r\u1ea5t d\u1ec5 b\u1ea3o tr\u00ec. Vi\u1ec7c b\u1ea3o d\u01b0\u1ee1ng v\u00e0 b\u00f4i tr\u01a1n \u0111\u1ecbnh k\u1ef3 r\u1ea5t d\u1ec5 d\u00e0ng, \u0111\u1ea3m b\u1ea3o th\u1eddi gian ng\u1eebng ho\u1ea1t \u0111\u1ed9ng t\u1ed1i thi\u1ec3u v\u00e0 chi ph\u00ed b\u1ea3o tr\u00ec th\u1ea5p.<\/li>\n<li><strong>Thi\u1ebft k\u1ebf nh\u1ecf g\u1ecdn v\u00e0 nh\u1eb9:<\/strong> M\u1eb7c d\u00f9 c\u00f3 c\u1ea5u tr\u00fac ch\u1eafc ch\u1eafn, h\u1ed9p s\u1ed1 \u0111\u01b0\u1ee3c thi\u1ebft k\u1ebf nh\u1ecf g\u1ecdn v\u00e0 nh\u1eb9, gi\u00fap d\u1ec5 d\u00e0ng t\u00edch h\u1ee3p v\u00e0o nhi\u1ec1u lo\u1ea1i m\u00e1y \u0111\u00e1nh b\u00f3ng b\u00ea t\u00f4ng kh\u00e1c nhau, mang l\u1ea1i s\u1ef1 c\u00e2n b\u1eb1ng t\u1ed1i \u01b0u v\u00e0 d\u1ec5 s\u1eed d\u1ee5ng.<\/li>\n<\/ol>\n<p><strong>\u1ee8ng d\u1ee5ng:<\/strong><\/p>\n<ul>\n<li>M\u00e1y \u0111\u00e1nh b\u00f3ng b\u00ea t\u00f4ng th\u01b0\u01a1ng m\u1ea1i v\u00e0 c\u00f4ng nghi\u1ec7p<\/li>\n<li>Thi\u1ebft b\u1ecb m\u00e0i v\u00e0 ho\u00e0n thi\u1ec7n s\u00e0n<\/li>\n<li>Chu\u1ea9n b\u1ecb v\u00e0 c\u1ea3i t\u1ea1o b\u1ec1 m\u1eb7t c\u00f4ng tr\u00ecnh h\u1ea1ng n\u1eb7ng<\/li>\n<li>\u0110\u00e1nh b\u00f3ng v\u00e0 l\u00e0m m\u1ecbn s\u00e0n b\u00ea t\u00f4ng, bao g\u1ed3m nh\u00e0 kho, ph\u00f2ng tr\u01b0ng b\u00e0y v\u00e0 c\u00e1c c\u01a1 s\u1edf c\u00f4ng nghi\u1ec7p.<\/li>\n<\/ul>\n<p>H\u1ed9p s\u1ed1 \u0111\u00e1nh b\u00f3ng b\u00ea t\u00f4ng l\u00e0 m\u1ed9t b\u1ed9 ph\u1eadn thi\u1ebft y\u1ebfu \u0111\u1ec3 \u0111\u1ea1t \u0111\u01b0\u1ee3c k\u1ebft qu\u1ea3 ch\u1ea5t l\u01b0\u1ee3ng cao v\u00e0 \u1ed5n \u0111\u1ecbnh trong qu\u00e1 tr\u00ecnh \u0111\u00e1nh b\u00f3ng b\u00ea t\u00f4ng. V\u1edbi s\u1ef1 k\u1ebft h\u1ee3p gi\u1eefa m\u00f4-men xo\u1eafn cao, \u0111\u1ed9 b\u1ec1n v\u00e0 ho\u1ea1t \u0111\u1ed9ng tr\u01a1n tru, n\u00f3 cung c\u1ea5p s\u1ee9c m\u1ea1nh v\u00e0 \u0111\u1ed9 tin c\u1eady c\u1ea7n thi\u1ebft cho hi\u1ec7u su\u1ea5t hi\u1ec7u qu\u1ea3 trong c\u00e1c \u1ee9ng d\u1ee5ng \u0111\u00e1nh b\u00f3ng b\u00ea t\u00f4ng \u0111\u00f2i h\u1ecfi kh\u1eaft khe.<\/p>\n<table style=\"width: 100%;\" border=\"1\" width=\"100%\" cellspacing=\"0\" cellpadding=\"0\">\n<tbody>\n<tr style=\"height: 14.40pt;\">\n<td style=\"height: 14.40pt; width: 48.00pt;\" align=\"right\" width=\"80\" height=\"24\"><img loading=\"lazy\" decoding=\"async\" class=\"alignnone size-full wp-image-5045\" src=\"https:\/\/fmp-components.com\/wp-content\/uploads\/2025\/01\/1-meter-long-shell-gearbox-copper-gear.webp\" alt=\"H\u1ed9p s\u1ed1 d\u1ea1ng v\u1ecf s\u00f2 d\u00e0i 1 m\u00e9t - b\u00e1nh r\u0103ng b\u1eb1ng \u0111\u1ed3ng\" width=\"427\" height=\"448\" title=\"\" srcset=\"https:\/\/fmp-components.com\/wp-content\/uploads\/2025\/01\/1-meter-long-shell-gearbox-copper-gear.webp 427w, https:\/\/fmp-components.com\/wp-content\/uploads\/2025\/01\/1-meter-long-shell-gearbox-copper-gear-286x300.webp 286w, https:\/\/fmp-components.com\/wp-content\/uploads\/2025\/01\/1-meter-long-shell-gearbox-copper-gear-11x12.webp 11w\" sizes=\"(max-width: 427px) 100vw, 427px\" \/><\/td>\n<td style=\"width: 48.00pt;\" align=\"right\" width=\"80\"><img loading=\"lazy\" decoding=\"async\" class=\"alignnone size-full wp-image-5044\" src=\"https:\/\/fmp-components.com\/wp-content\/uploads\/2025\/01\/1-meter-long-shell-gearbox-iron-gear.webp\" alt=\"H\u1ed9p s\u1ed1 v\u1ecf d\u00e0i 1 m\u00e9t - b\u00e1nh r\u0103ng s\u1eaft\" width=\"427\" height=\"448\" title=\"\" srcset=\"https:\/\/fmp-components.com\/wp-content\/uploads\/2025\/01\/1-meter-long-shell-gearbox-iron-gear.webp 427w, https:\/\/fmp-components.com\/wp-content\/uploads\/2025\/01\/1-meter-long-shell-gearbox-iron-gear-286x300.webp 286w, https:\/\/fmp-components.com\/wp-content\/uploads\/2025\/01\/1-meter-long-shell-gearbox-iron-gear-11x12.webp 11w\" sizes=\"(max-width: 427px) 100vw, 427px\" \/><\/td>\n<td style=\"width: 48.00pt;\" align=\"right\" width=\"80\"><img loading=\"lazy\" decoding=\"async\" class=\"alignnone size-full wp-image-5043\" src=\"https:\/\/fmp-components.com\/wp-content\/uploads\/2025\/01\/1-meter-square-shell-gearbox.webp\" alt=\"h\u1ed9p s\u1ed1 v\u1ecf vu\u00f4ng 1 m\u00e9t\" width=\"427\" height=\"448\" title=\"\" srcset=\"https:\/\/fmp-components.com\/wp-content\/uploads\/2025\/01\/1-meter-square-shell-gearbox.webp 427w, https:\/\/fmp-components.com\/wp-content\/uploads\/2025\/01\/1-meter-square-shell-gearbox-286x300.webp 286w, https:\/\/fmp-components.com\/wp-content\/uploads\/2025\/01\/1-meter-square-shell-gearbox-11x12.webp 11w\" sizes=\"(max-width: 427px) 100vw, 427px\" \/><\/td>\n<td style=\"width: 48.00pt;\" align=\"right\" width=\"80\"><img loading=\"lazy\" decoding=\"async\" class=\"alignnone size-full wp-image-5042\" src=\"https:\/\/fmp-components.com\/wp-content\/uploads\/2025\/01\/60-90-Aluminum-case-gearbox.webp\" alt=\"H\u1ed9p s\u1ed1 v\u1ecf nh\u00f4m 60-90\" width=\"427\" height=\"448\" title=\"\" srcset=\"https:\/\/fmp-components.com\/wp-content\/uploads\/2025\/01\/60-90-Aluminum-case-gearbox.webp 427w, https:\/\/fmp-components.com\/wp-content\/uploads\/2025\/01\/60-90-Aluminum-case-gearbox-286x300.webp 286w, https:\/\/fmp-components.com\/wp-content\/uploads\/2025\/01\/60-90-Aluminum-case-gearbox-11x12.webp 11w\" sizes=\"(max-width: 427px) 100vw, 427px\" \/><\/td>\n<td style=\"width: 48.00pt;\" align=\"right\" width=\"80\"><img loading=\"lazy\" decoding=\"async\" class=\"alignnone size-full wp-image-5046\" src=\"https:\/\/fmp-components.com\/wp-content\/uploads\/2025\/01\/60-90-iron-case-gearbox1.webp\" alt=\"h\u1ed9p s\u1ed1 v\u1ecf s\u1eaft 60-90 (1)\" width=\"427\" height=\"448\" title=\"\" srcset=\"https:\/\/fmp-components.com\/wp-content\/uploads\/2025\/01\/60-90-iron-case-gearbox1.webp 427w, https:\/\/fmp-components.com\/wp-content\/uploads\/2025\/01\/60-90-iron-case-gearbox1-286x300.webp 286w, https:\/\/fmp-components.com\/wp-content\/uploads\/2025\/01\/60-90-iron-case-gearbox1-11x12.webp 11w\" sizes=\"(max-width: 427px) 100vw, 427px\" \/><\/td>\n<\/tr>\n<tr style=\"height: 14.40pt;\">\n<td style=\"height: 14.4pt; text-align: center;\" align=\"right\" height=\"24\"><strong>H\u1ed9p s\u1ed1 d\u1ea1ng v\u1ecf s\u00f2 d\u00e0i 1 m\u00e9t - b\u00e1nh r\u0103ng b\u1eb1ng \u0111\u1ed3ng<\/strong><\/td>\n<td style=\"text-align: center;\" align=\"right\"><strong>H\u1ed9p s\u1ed1 v\u1ecf d\u00e0i 1 m\u00e9t - b\u00e1nh r\u0103ng s\u1eaft<\/strong><\/td>\n<td style=\"text-align: center;\" align=\"right\"><strong>h\u1ed9p s\u1ed1 v\u1ecf vu\u00f4ng 1 m\u00e9t<\/strong><\/td>\n<td style=\"text-align: center;\" align=\"right\"><strong>H\u1ed9p s\u1ed1 v\u1ecf nh\u00f4m 60-90<\/strong><\/td>\n<td style=\"text-align: center;\" align=\"right\"><strong>h\u1ed9p s\u1ed1 v\u1ecf s\u1eaft 60-90<\/strong><\/td>\n<\/tr>\n<\/tbody>\n<\/table>\n<p>Ch\u00fang t\u00f4i cung c\u1ea5p c\u00e1c gi\u1ea3i ph\u00e1p t\u00f9y ch\u1ec9nh ph\u00f9 h\u1ee3p v\u1edbi nhu c\u1ea7u c\u1ee5 th\u1ec3 c\u1ee7a b\u1ea1n. N\u1ebfu b\u1ea1n c\u00f3 b\u1ea3n thi\u1ebft k\u1ebf ho\u1eb7c b\u1ea3n v\u1ebd, vui l\u00f2ng g\u1eedi cho ch\u00fang t\u00f4i qua email. \u0110\u1ed9i ng\u0169 chuy\u00ean gia c\u1ee7a ch\u00fang t\u00f4i s\u1ebd xem x\u00e9t y\u00eau c\u1ea7u c\u1ee7a b\u1ea1n v\u00e0 cung c\u1ea5p b\u00e1o gi\u00e1 trong v\u00f2ng 24 gi\u1edd. Ch\u00fang t\u00f4i cam k\u1ebft cung c\u1ea5p ph\u1ea3n h\u1ed3i nhanh ch\u00f3ng v\u00e0 ch\u00ednh x\u00e1c \u0111\u1ec3 \u0111\u1ea3m b\u1ea3o d\u1ef1 \u00e1n c\u1ee7a b\u1ea1n ti\u1ebfn h\u00e0nh su\u00f4n s\u1ebb.<\/p>","protected":false},"excerpt":{"rendered":"<p>Cement Polishing Gearbox The Concrete Polishing Gearbox is a high-performance, precision-engineered component designed for use in concrete grinding and polishing machinery. This gearbox plays a critical role in ensuring smooth and efficient operation, providing the necessary torque and speed control for optimal polishing results. Whether used in industrial or commercial concrete applications, it ensures durability, [&hellip;]<\/p>","protected":false},"featured_media":5041,"comment_status":"open","ping_status":"closed","template":"","meta":{"_et_pb_use_builder":"","_et_pb_old_content":"","_et_gb_content_width":""},"product_brand":[],"product_cat":[94],"product_tag":[],"class_list":{"0":"post-5040","1":"product","2":"type-product","3":"status-publish","4":"has-post-thumbnail","6":"product_cat-industrial-gearbox","8":"first","9":"instock","10":"shipping-taxable","11":"product-type-simple"},"_links":{"self":[{"href":"https:\/\/fmp-components.com\/vi\/wp-json\/wp\/v2\/product\/5040","targetHints":{"allow":["GET"]}}],"collection":[{"href":"https:\/\/fmp-components.com\/vi\/wp-json\/wp\/v2\/product"}],"about":[{"href":"https:\/\/fmp-components.com\/vi\/wp-json\/wp\/v2\/types\/product"}],"replies":[{"embeddable":true,"href":"https:\/\/fmp-components.com\/vi\/wp-json\/wp\/v2\/comments?post=5040"}],"wp:featuredmedia":[{"embeddable":true,"href":"https:\/\/fmp-components.com\/vi\/wp-json\/wp\/v2\/media\/5041"}],"wp:attachment":[{"href":"https:\/\/fmp-components.com\/vi\/wp-json\/wp\/v2\/media?parent=5040"}],"wp:term":[{"taxonomy":"product_brand","embeddable":true,"href":"https:\/\/fmp-components.com\/vi\/wp-json\/wp\/v2\/product_brand?post=5040"},{"taxonomy":"product_cat","embeddable":true,"href":"https:\/\/fmp-components.com\/vi\/wp-json\/wp\/v2\/product_cat?post=5040"},{"taxonomy":"product_tag","embeddable":true,"href":"https:\/\/fmp-components.com\/vi\/wp-json\/wp\/v2\/product_tag?post=5040"}],"curies":[{"name":"wp","href":"https:\/\/api.w.org\/{rel}","templated":true}]}}