{"id":4769,"date":"2025-01-20T07:46:09","date_gmt":"2025-01-20T07:46:09","guid":{"rendered":"https:\/\/fmp-components.com\/?page_id=8"},"modified":"2025-01-20T07:46:10","modified_gmt":"2025-01-20T07:46:10","slug":"helical-gear-rack","status":"publish","type":"product","link":"https:\/\/fmp-components.com\/vi\/product\/helical-gear-rack\/","title":{"rendered":"Thanh r\u0103ng xo\u1eafn \u1ed1c"},"content":{"rendered":"<h2>Thanh r\u0103ng xo\u1eafn \u1ed1c (\u0110\u00e3 phay v\u00e0 \u0111\u1ecbnh h\u00ecnh)<\/h2>\n<p><img loading=\"lazy\" decoding=\"async\" class=\"alignnone size-full wp-image-4770\" src=\"https:\/\/fmp-components.com\/wp-content\/uploads\/2025\/01\/Helical-Gear-Rack-3.webp\" alt=\"Thanh r\u0103ng xo\u1eafn \u1ed1c\" width=\"1200\" height=\"350\" title=\"\" srcset=\"https:\/\/fmp-components.com\/wp-content\/uploads\/2025\/01\/Helical-Gear-Rack-3.webp 1200w, https:\/\/fmp-components.com\/wp-content\/uploads\/2025\/01\/Helical-Gear-Rack-3-980x286.webp 980w, https:\/\/fmp-components.com\/wp-content\/uploads\/2025\/01\/Helical-Gear-Rack-3-480x140.webp 480w\" sizes=\"(min-width: 0px) and (max-width: 480px) 480px, (min-width: 481px) and (max-width: 980px) 980px, (min-width: 981px) 1200px, 100vw\" \/><\/p>\n<table style=\"width: 101.848%; height: 129px;\" border=\"1\">\n<tbody>\n<tr>\n<td>C\u1ea5p ch\u00ednh x\u00e1c: (JIS C\u1ea5p 5) 7e25<\/td>\n<td>L\u00e0m c\u1ee9ng: V\u00f9ng r\u0103ng \u0111\u01b0\u1ee3c th\u1ea5m cacbon (HRC42-48)<\/td>\n<\/tr>\n<tr>\n<td>V\u1eadt li\u1ec7u: (Th\u00e9p cacbon trung b\u00ecnh S45C) C45<\/td>\n<td>M\u1eb7t \u0111\u1ea5t b\u00ean: Bao g\u1ed3m<\/td>\n<\/tr>\n<tr>\n<td>Lo\u1ea1i: Gi\u00e1 \u0111\u1ee1 xo\u1eafn \u1ed1c<\/td>\n<td>G\u00f3c \u00e1p su\u1ea5t: 20\u00b0<\/td>\n<\/tr>\n<tr>\n<td>\u0110i\u1ec1u tr\u1ecb r\u0103ng: M\u00e0i<\/td>\n<td>G\u00f3c xo\u1eafn ph\u1ea3i: 19\u00b031\u203242\u2033<\/td>\n<\/tr>\n<\/tbody>\n<\/table>\n<h2>Th\u00f4ng s\u1ed1 k\u1ef9 thu\u1eadt c\u1ee7a thanh r\u0103ng xo\u1eafn \u1ed1c:<\/h2>\n<table border=\"1\" cellspacing=\"0\" cellpadding=\"0\">\n<tbody>\n<tr>\n<td width=\"59\">M\u00f4-\u0111un<\/td>\n<td width=\"71\">L<\/td>\n<td width=\"59\">L2<\/td>\n<td width=\"59\">R\u0103ng s\u1ed1<\/td>\n<td width=\"42\">B<\/td>\n<td width=\"35\">A0<\/td>\n<td width=\"42\">A1<\/td>\n<td width=\"47\">D<\/td>\n<td width=\"47\">T\u00d4I<\/td>\n<td width=\"47\">L\u1ed7 s\u1ed1<\/td>\n<td width=\"35\">M\u1ed8T<\/td>\n<td width=\"47\">C1<\/td>\n<td width=\"47\">C2<\/td>\n<td width=\"35\">E<\/td>\n<td width=\"59\">D1<\/td>\n<td width=\"59\">T\u00f4i1<\/td>\n<td width=\"48\">C3<\/td>\n<td width=\"82\">Sai s\u1ed1 b\u01b0\u1edbc \/300mm<\/td>\n<\/tr>\n<tr>\n<td width=\"59\">1<\/td>\n<td width=\"71\">1000.00<\/td>\n<td width=\"59\">3.14<\/td>\n<td width=\"59\">300<\/td>\n<td width=\"42\">15<\/td>\n<td width=\"35\">15<\/td>\n<td width=\"42\">14<\/td>\n<td width=\"47\">&#8211;<\/td>\n<td width=\"47\">&#8211;<\/td>\n<td width=\"47\">&#8211;<\/td>\n<td width=\"35\">&#8211;<\/td>\n<td width=\"47\">&#8211;<\/td>\n<td width=\"47\">&#8211;<\/td>\n<td width=\"35\">&#8211;<\/td>\n<td width=\"59\">&#8211;<\/td>\n<td width=\"59\">&#8211;<\/td>\n<td width=\"48\">&#8211;<\/td>\n<td width=\"82\">0.02<\/td>\n<\/tr>\n<tr>\n<td width=\"59\">1.5<\/td>\n<td width=\"71\">1000.00<\/td>\n<td width=\"59\">6.7<\/td>\n<td width=\"59\">200<\/td>\n<td width=\"42\">19<\/td>\n<td width=\"35\">19<\/td>\n<td width=\"42\">17.5<\/td>\n<td width=\"47\">62.5<\/td>\n<td width=\"47\">125<\/td>\n<td width=\"47\">8<\/td>\n<td width=\"35\">8<\/td>\n<td width=\"47\">7<\/td>\n<td width=\"47\">11<\/td>\n<td width=\"35\">7<\/td>\n<td width=\"59\">31.7<\/td>\n<td width=\"59\">936.6<\/td>\n<td width=\"48\">5.7<\/td>\n<td width=\"82\">0.03<\/td>\n<\/tr>\n<tr>\n<td width=\"59\">2<\/td>\n<td width=\"71\">1000.00<\/td>\n<td width=\"59\">8.5<\/td>\n<td width=\"59\">150<\/td>\n<td width=\"42\">24<\/td>\n<td width=\"35\">24<\/td>\n<td width=\"42\">22<\/td>\n<td width=\"47\">62.5<\/td>\n<td width=\"47\">125<\/td>\n<td width=\"47\">8<\/td>\n<td width=\"35\">8<\/td>\n<td width=\"47\">7<\/td>\n<td width=\"47\">11<\/td>\n<td width=\"35\">7<\/td>\n<td width=\"59\">31.7<\/td>\n<td width=\"59\">936.6<\/td>\n<td width=\"48\">5.7<\/td>\n<td width=\"82\">0.031<\/td>\n<\/tr>\n<tr>\n<td width=\"59\">2.5<\/td>\n<td width=\"71\">1000.00<\/td>\n<td width=\"59\">8.5<\/td>\n<td width=\"59\">120<\/td>\n<td width=\"42\">24<\/td>\n<td width=\"35\">24<\/td>\n<td width=\"42\">21.5<\/td>\n<td width=\"47\">62.5<\/td>\n<td width=\"47\">125<\/td>\n<td width=\"47\">8<\/td>\n<td width=\"35\">9<\/td>\n<td width=\"47\">7<\/td>\n<td width=\"47\">11<\/td>\n<td width=\"35\">7<\/td>\n<td width=\"59\">31.7<\/td>\n<td width=\"59\">936.6<\/td>\n<td width=\"48\">5.7<\/td>\n<td width=\"82\">0.033<\/td>\n<\/tr>\n<tr>\n<td width=\"59\">3<\/td>\n<td width=\"71\">1000.00<\/td>\n<td width=\"59\">10.3<\/td>\n<td width=\"59\">100<\/td>\n<td width=\"42\">29<\/td>\n<td width=\"35\">29<\/td>\n<td width=\"42\">26<\/td>\n<td width=\"47\">62.5<\/td>\n<td width=\"47\">125<\/td>\n<td width=\"47\">8<\/td>\n<td width=\"35\">9<\/td>\n<td width=\"47\">10<\/td>\n<td width=\"47\">15<\/td>\n<td width=\"35\">9<\/td>\n<td width=\"59\">35.0<\/td>\n<td width=\"59\">930.0<\/td>\n<td width=\"48\">7.7<\/td>\n<td width=\"82\">0.035<\/td>\n<\/tr>\n<tr>\n<td width=\"59\">4<\/td>\n<td width=\"71\">1000.00<\/td>\n<td width=\"59\">13.8<\/td>\n<td width=\"59\">75<\/td>\n<td width=\"42\">39<\/td>\n<td width=\"35\">39<\/td>\n<td width=\"42\">35<\/td>\n<td width=\"47\">62.5<\/td>\n<td width=\"47\">125<\/td>\n<td width=\"47\">8<\/td>\n<td width=\"35\">12<\/td>\n<td width=\"47\">10<\/td>\n<td width=\"47\">15<\/td>\n<td width=\"35\">9<\/td>\n<td width=\"59\">33.3<\/td>\n<td width=\"59\">933.0<\/td>\n<td width=\"48\">7.7<\/td>\n<td width=\"82\">0.038<\/td>\n<\/tr>\n<tr>\n<td width=\"59\">5<\/td>\n<td width=\"71\">1000.00<\/td>\n<td width=\"59\">17.4<\/td>\n<td width=\"59\">60<\/td>\n<td width=\"42\">49<\/td>\n<td width=\"35\">39<\/td>\n<td width=\"42\">34<\/td>\n<td width=\"47\">62.5<\/td>\n<td width=\"47\">125<\/td>\n<td width=\"47\">8<\/td>\n<td width=\"35\">12<\/td>\n<td width=\"47\">14<\/td>\n<td width=\"47\">20<\/td>\n<td width=\"35\">13<\/td>\n<td width=\"59\">37.5<\/td>\n<td width=\"59\">925.0<\/td>\n<td width=\"48\">11.7<\/td>\n<td width=\"82\">0.04<\/td>\n<\/tr>\n<tr>\n<td width=\"59\">6<\/td>\n<td width=\"71\">1000.00<\/td>\n<td width=\"59\">20.9<\/td>\n<td width=\"59\">50<\/td>\n<td width=\"42\">59<\/td>\n<td width=\"35\">49<\/td>\n<td width=\"42\">43<\/td>\n<td width=\"47\">62.5<\/td>\n<td width=\"47\">125<\/td>\n<td width=\"47\">8<\/td>\n<td width=\"35\">16<\/td>\n<td width=\"47\">18<\/td>\n<td width=\"47\">26<\/td>\n<td width=\"35\">17<\/td>\n<td width=\"59\">37.5<\/td>\n<td width=\"59\">925.0<\/td>\n<td width=\"48\">15.7<\/td>\n<td width=\"82\">0.042<\/td>\n<\/tr>\n<tr>\n<td width=\"59\">8<\/td>\n<td width=\"71\">1000.00<\/td>\n<td width=\"59\">28.7<\/td>\n<td width=\"59\">36<\/td>\n<td width=\"42\">79<\/td>\n<td width=\"35\">79<\/td>\n<td width=\"42\">71<\/td>\n<td width=\"47\">60<\/td>\n<td width=\"47\">120<\/td>\n<td width=\"47\">8<\/td>\n<td width=\"35\">25<\/td>\n<td width=\"47\">22<\/td>\n<td width=\"47\">33<\/td>\n<td width=\"35\">21<\/td>\n<td width=\"59\">120.0<\/td>\n<td width=\"59\">720.0<\/td>\n<td width=\"48\">19.7<\/td>\n<td width=\"82\">0.045<\/td>\n<\/tr>\n<tr>\n<td width=\"59\">10<\/td>\n<td width=\"71\">1000.00<\/td>\n<td width=\"59\">35.11<\/td>\n<td width=\"59\">30<\/td>\n<td width=\"42\">99<\/td>\n<td width=\"35\">99<\/td>\n<td width=\"42\">89<\/td>\n<td width=\"47\">62.5<\/td>\n<td width=\"47\">125<\/td>\n<td width=\"47\">8<\/td>\n<td width=\"35\">32<\/td>\n<td width=\"47\">33<\/td>\n<td width=\"47\">48<\/td>\n<td width=\"35\">32<\/td>\n<td width=\"59\">125.0<\/td>\n<td width=\"59\">750.0<\/td>\n<td width=\"48\">19.7<\/td>\n<td width=\"82\">0.052<\/td>\n<\/tr>\n<\/tbody>\n<\/table>\n<h2>Th\u00f4ng tin s\u1ea3n ph\u1ea9m thanh r\u0103ng v\u00e0 b\u00e1nh r\u0103ng xo\u1eafn<\/h2>\n<table border=\"1\" width=\"100%\" cellspacing=\"0\" cellpadding=\"0\">\n<tbody>\n<tr>\n<td width=\"140\"><strong>Qu\u00e1 tr\u00ecnh<\/strong><\/td>\n<td width=\"429\">Gia c\u00f4ng, R\u00e8n, \u0110\u00fac, C\u1eaft<\/td>\n<\/tr>\n<tr>\n<td width=\"140\"><strong>V\u1eadt li\u1ec7u<\/strong><\/td>\n<td width=\"429\">C45\uff081045\uff09, A3\uff08th\u00e9p cacbon th\u1ea5p\uff09, 40Cr, 20CrMnTi, 42CrMo, Gang, Gang d\u1ebbo, \u0110\u1ed3ng, Th\u00e9p kh\u00f4ng g\u1ec9, v.v., theo y\u00eau c\u1ea7u c\u1ee7a b\u1ea1n<\/td>\n<\/tr>\n<tr>\n<td width=\"140\"><strong>X\u1eed l\u00fd nhi\u1ec7t<\/strong><\/td>\n<td width=\"429\">L\u00e0m ngu\u1ed9i t\u1ea7n s\u1ed1 cao, Th\u1ea5m cacbon, Phun bi, L\u00e0m ngu\u1ed9i v\u00e0 Ram, Th\u1ea5m nit\u01a1<\/td>\n<\/tr>\n<tr>\n<td width=\"140\"><strong>X\u1eed l\u00fd b\u1ec1 m\u1eb7t<\/strong><\/td>\n<td width=\"429\">T\u00f4i chuy\u00ean v\u1ec1 m\u1ea1 \u0111en, m\u1ea1 k\u1ebdm nh\u00fang n\u00f3ng, m\u1ea1 crom c\u1ee9ng, m\u1ea1 k\u1ebdm, m\u1ea1 \u0111i\u1ec7n, m\u1ea1 niken, phun c\u00e1t, s\u01a1n m\u00e0u, ph\u1ee7 dacromet, s\u01a1n t\u0129nh \u0111i\u1ec7n v\u00e0 c\u00e1c y\u00eau c\u1ea7u c\u1ee7a kh\u00e1ch h\u00e0ng.<\/td>\n<\/tr>\n<tr>\n<td width=\"140\"><strong>Hi\u1ec7u su\u1ea5t<\/strong><\/td>\n<td width=\"429\">Tu\u1ed5i th\u1ecd cao, \u0110\u1ed9 ch\u00ednh x\u00e1c cao, Kh\u1ea3 n\u0103ng ch\u1ed1ng m\u00e0i m\u00f2n cao, \u0110\u1ed9 b\u1ec1n cao, Ti\u1ebfng \u1ed3n th\u1ea5p, M\u1ecbn v\u00e0 \u1ed5n \u0111\u1ecbnh, \u0110\u1ed9 b\u1ec1n m\u1ecfi<\/td>\n<\/tr>\n<tr>\n<td width=\"140\"><strong>Ng\u01b0\u1eddi m\u1eabu<\/strong><\/td>\n<td width=\"429\">Ti\u00eau chu\u1ea9n ANSI, DIN, JIS, Kh\u00f4ng ti\u00eau chu\u1ea9n, B\u00e1nh r\u0103ng th\u1eb3ng, B\u00e1nh r\u0103ng xo\u1eafn, B\u00e1nh r\u0103ng c\u00f4n th\u1eb3ng, B\u00e1nh r\u0103ng c\u00f4n xo\u1eafn, B\u00e1nh r\u0103ng tr\u1ee5c v\u00edt, Thanh r\u0103ng<\/td>\n<\/tr>\n<tr>\n<td width=\"140\"><strong>Bao b\u00ec<\/strong><\/td>\n<td width=\"429\">S\u1ea3n ph\u1ea9m \u0111\u01b0\u1ee3c \u0111\u00f3ng g\u00f3i c\u1ea9n th\u1eadn, b\u00ean trong c\u00f3 t\u00fai nh\u1ef1a v\u00e0 b\u00ean ngo\u00e0i c\u00f3 h\u1ed9p carton ho\u1eb7c theo y\u00eau c\u1ea7u c\u1ee7a kh\u00e1ch h\u00e0ng; sau khi v\u1eadn chuy\u1ec3n \u0111\u01b0\u1eddng d\u00e0i ho\u1eb7c l\u01b0u tr\u1eef trong th\u1eddi gian d\u00e0i, h\u00e3y m\u1edf bao b\u00ec; s\u1ea3n ph\u1ea9m m\u1edbi, kh\u00f4ng b\u1ecb h\u01b0 h\u1ea1i, kh\u00f4ng b\u1ecb g\u1ec9 s\u00e9t.<\/td>\n<\/tr>\n<\/tbody>\n<\/table>\n<h3>\u1ee8ng d\u1ee5ng c\u1ee7a thanh r\u0103ng xo\u1eafn<\/h3>\n<p>B\u1ed9 truy\u1ec1n \u0111\u1ed9ng b\u00e1nh r\u0103ng v\u00e0 thanh r\u0103ng xo\u1eafn \u1ed1c \u0111\u01b0\u1ee3c s\u1eed d\u1ee5ng trong nhi\u1ec1u \u1ee9ng d\u1ee5ng, bao g\u1ed3m b\u1ed9 truy\u1ec1n \u0111\u1ed9ng tr\u1ee5c, gi\u00e0n v\u00e0 c\u1ed9t di \u0111\u1ed9ng, robot g\u1eafp v\u00e0 \u0111\u1eb7t, m\u00e1y phay CNC v\u00e0 h\u1ec7 th\u1ed1ng x\u1eed l\u00fd v\u1eadt li\u1ec7u \u0111\u00f2i h\u1ecfi \u0111\u1ed9 ch\u00ednh x\u00e1c v\u00e0 \u0111\u1ed9 l\u1eb7p l\u1ea1i cao. C\u00e1c b\u1ed9 truy\u1ec1n \u0111\u1ed9ng n\u00e0y c\u0169ng c\u00f3 th\u1ec3 d\u1ec5 d\u00e0ng x\u1eed l\u00fd t\u1ea3i tr\u1ecdng n\u1eb7ng v\u00e0 chu k\u1ef3 l\u00e0m vi\u1ec7c. C\u00e1c ng\u00e0nh c\u00f4ng nghi\u1ec7p bao g\u1ed3m x\u1eed l\u00fd v\u1eadt li\u1ec7u, t\u1ef1 \u0111\u1ed9ng h\u00f3a, \u00f4 t\u00f4, h\u00e0ng kh\u00f4ng v\u0169 tr\u1ee5, m\u00e1y c\u00f4ng c\u1ee5 v\u00e0 robot.<\/p>\n<p><img loading=\"lazy\" decoding=\"async\" class=\"alignnone size-full wp-image-4771\" src=\"https:\/\/fmp-components.com\/wp-content\/uploads\/2025\/01\/Helical-Gear-Rack-Applications.webp\" alt=\"\u1ee8ng d\u1ee5ng thanh r\u0103ng xo\u1eafn \u1ed1c\" width=\"2250\" height=\"1306\" title=\"\" srcset=\"https:\/\/fmp-components.com\/wp-content\/uploads\/2025\/01\/Helical-Gear-Rack-Applications.webp 2250w, https:\/\/fmp-components.com\/wp-content\/uploads\/2025\/01\/Helical-Gear-Rack-Applications-1280x743.webp 1280w, https:\/\/fmp-components.com\/wp-content\/uploads\/2025\/01\/Helical-Gear-Rack-Applications-980x569.webp 980w, https:\/\/fmp-components.com\/wp-content\/uploads\/2025\/01\/Helical-Gear-Rack-Applications-480x279.webp 480w\" sizes=\"(min-width: 0px) and (max-width: 480px) 480px, (min-width: 481px) and (max-width: 980px) 980px, (min-width: 981px) and (max-width: 1280px) 1280px, (min-width: 1281px) 2250px, 100vw\" \/><\/p>","protected":false},"excerpt":{"rendered":"<p>Helical Gear Rack(Finish Milled&amp;Shaped) Precision Grade: (JIS Grade 5) 7e25 Hardening: Tooth area carburized(HRC42-48) Material:(S45C Medium Carbon Steel)C45 Side Ground: Included Type: Helical Rack Pressure Angle: 20\u00b0 Treatment of Teeth:\u00a0Milled Right helix angle: 19\u00b031\u203242\u2033 Helical Gear Rack Specification\uff1a Module L L2 Tooth No. B A0 A1 D I Hole No. A C1 C2 E D1 [&hellip;]<\/p>","protected":false},"featured_media":4772,"comment_status":"open","ping_status":"closed","template":"","meta":{"_et_pb_use_builder":"","_et_pb_old_content":"","_et_gb_content_width":""},"product_brand":[],"product_cat":[91],"product_tag":[],"class_list":{"0":"post-4769","1":"product","2":"type-product","3":"status-publish","4":"has-post-thumbnail","6":"product_cat-gear-racks","8":"first","9":"instock","10":"shipping-taxable","11":"product-type-simple"},"_links":{"self":[{"href":"https:\/\/fmp-components.com\/vi\/wp-json\/wp\/v2\/product\/4769","targetHints":{"allow":["GET"]}}],"collection":[{"href":"https:\/\/fmp-components.com\/vi\/wp-json\/wp\/v2\/product"}],"about":[{"href":"https:\/\/fmp-components.com\/vi\/wp-json\/wp\/v2\/types\/product"}],"replies":[{"embeddable":true,"href":"https:\/\/fmp-components.com\/vi\/wp-json\/wp\/v2\/comments?post=4769"}],"wp:featuredmedia":[{"embeddable":true,"href":"https:\/\/fmp-components.com\/vi\/wp-json\/wp\/v2\/media\/4772"}],"wp:attachment":[{"href":"https:\/\/fmp-components.com\/vi\/wp-json\/wp\/v2\/media?parent=4769"}],"wp:term":[{"taxonomy":"product_brand","embeddable":true,"href":"https:\/\/fmp-components.com\/vi\/wp-json\/wp\/v2\/product_brand?post=4769"},{"taxonomy":"product_cat","embeddable":true,"href":"https:\/\/fmp-components.com\/vi\/wp-json\/wp\/v2\/product_cat?post=4769"},{"taxonomy":"product_tag","embeddable":true,"href":"https:\/\/fmp-components.com\/vi\/wp-json\/wp\/v2\/product_tag?post=4769"}],"curies":[{"name":"wp","href":"https:\/\/api.w.org\/{rel}","templated":true}]}}