{"id":4763,"date":"2025-01-20T06:18:59","date_gmt":"2025-01-20T06:18:59","guid":{"rendered":"https:\/\/fmp-components.com\/?page_id=8"},"modified":"2025-01-20T06:45:54","modified_gmt":"2025-01-20T06:45:54","slug":"gear-rack-and-pinion","status":"publish","type":"product","link":"https:\/\/fmp-components.com\/vi\/product\/gear-rack-and-pinion\/","title":{"rendered":"Thanh r\u0103ng v\u00e0 b\u00e1nh r\u0103ng"},"content":{"rendered":"<table style=\"border-collapse: collapse; width: 101.172%; height: 57px;\" border=\"0\" width=\"128\" cellspacing=\"0\" cellpadding=\"0\">\n<tbody>\n<tr style=\"height: 13.8pt;\">\n<td style=\"height: 13.8pt; width: 48pt;\" align=\"right\" width=\"64\" height=\"18\"><img loading=\"lazy\" decoding=\"async\" class=\"alignnone size-full wp-image-4765\" src=\"https:\/\/fmp-components.com\/wp-content\/uploads\/2025\/01\/Rack-and-Pinion-Gear.webp\" alt=\"B\u00e1nh r\u0103ng thanh r\u0103ng\" width=\"600\" height=\"600\" title=\"\" srcset=\"https:\/\/fmp-components.com\/wp-content\/uploads\/2025\/01\/Rack-and-Pinion-Gear.webp 600w, https:\/\/fmp-components.com\/wp-content\/uploads\/2025\/01\/Rack-and-Pinion-Gear-480x480.webp 480w\" sizes=\"(min-width: 0px) and (max-width: 480px) 480px, (min-width: 481px) 600px, 100vw\" \/><\/td>\n<td style=\"width: 48pt;\" align=\"right\" width=\"64\"><img loading=\"lazy\" decoding=\"async\" class=\"alignnone size-full wp-image-4766\" src=\"https:\/\/fmp-components.com\/wp-content\/uploads\/2025\/01\/Rack-and-Pinion-Gears.webp\" alt=\"B\u00e1nh r\u0103ng thanh r\u0103ng\" width=\"600\" height=\"600\" title=\"\" srcset=\"https:\/\/fmp-components.com\/wp-content\/uploads\/2025\/01\/Rack-and-Pinion-Gears.webp 600w, https:\/\/fmp-components.com\/wp-content\/uploads\/2025\/01\/Rack-and-Pinion-Gears-480x480.webp 480w\" sizes=\"(min-width: 0px) and (max-width: 480px) 480px, (min-width: 481px) 600px, 100vw\" \/><\/td>\n<\/tr>\n<\/tbody>\n<\/table>\n<h2>V\u1eadt li\u1ec7u b\u00e1nh r\u0103ng thanh r\u0103ng v\u00e0 b\u00e1nh r\u0103ng<\/h2>\n<p>V\u1ec1 v\u1eadt li\u1ec7u ch\u1ebf t\u1ea1o thanh r\u0103ng v\u00e0 b\u00e1nh r\u0103ng, \u0111\u1ed9 b\u1ec1n, kh\u1ea3 n\u0103ng ch\u1ed1ng m\u00e0i m\u00f2n v\u00e0 kh\u1ea3 n\u0103ng h\u1ea5p th\u1ee5 \u0111\u01b0\u1ee3c xem x\u00e9t. Th\u00e9p cacbon l\u00e0 v\u1eadt li\u1ec7u ph\u1ed5 bi\u1ebfn nh\u1ea5t \u0111\u01b0\u1ee3c s\u1eed d\u1ee5ng \u0111\u1ec3 ch\u1ebf t\u1ea1o th\u00e9p thanh r\u0103ng v\u00e0 b\u00e1nh r\u0103ng.<\/p>\n<ol>\n<li>V\u1eadt li\u1ec7u n\u00e0y ph\u00f9 h\u1ee3p v\u1edbi h\u1ea7u h\u1ebft c\u00e1c b\u1ed1i c\u1ea3nh v\u00e0 t\u00ecnh hu\u1ed1ng s\u1eed d\u1ee5ng.<\/li>\n<li>\u0110\u1ed9 b\u1ec1n t\u01b0\u01a1ng \u0111\u1ed1i c\u1ee7a r\u0103ng thanh r\u0103ng k\u1ebft h\u1ee3p v\u1edbi b\u00e1nh r\u0103ng nh\u1ecf l\u00e0m cho v\u1eadt li\u1ec7u n\u00e0y c\u00f3 hi\u1ec7u qu\u1ea3.<\/li>\n<li>Ngo\u00e0i ra, v\u1eadt li\u1ec7u n\u00e0y r\u1ea5t th\u00edch h\u1ee3p \u0111\u1ec3 x\u1eed l\u00fd nhi\u1ec7t nh\u1eb1m t\u0103ng \u0111\u1ed9 b\u1ec1n, cho ph\u00e9p l\u1eafp l\u1ed7 ren ho\u1eb7c l\u1ed7 bu l\u00f4ng, duy tr\u00ec \u0111\u1ed9 \u1ed5n \u0111\u1ecbnh v\u1ec1 k\u00edch th\u01b0\u1edbc v\u00e0 c\u00f3 th\u1ec3 \u0111\u01b0\u1ee3c l\u00e0m th\u1eb3ng n\u1ebfu c\u1ea7n.<\/li>\n<\/ol>\n<table border=\"1\" cellspacing=\"0\" cellpadding=\"0\">\n<tbody>\n<tr>\n<td><b>Nh\u00f4m<\/b><\/td>\n<td>Nh\u00f4m l\u00e0 m\u1ed9t nguy\u00ean t\u1ed1 kim lo\u1ea1i m\u00e0u tr\u1eafng b\u1ea1c, \u00e1nh xanh, d\u1ec5 u\u1ed1n, d\u1ec5 k\u00e9o s\u1ee3i, nh\u1eb9, c\u00f3 h\u00f3a tr\u1ecb ba, d\u1eabn \u0111i\u1ec7n v\u00e0 d\u1eabn nhi\u1ec7t t\u1ed1t, c\u00f3 \u0111\u1ed9 ph\u1ea3n x\u1ea1 cao v\u00e0 kh\u1ea3 n\u0103ng ch\u1ed1ng oxy h\u00f3a. Nh\u00f4m nh\u1eb9 h\u01a1n th\u00e9p nh\u01b0ng kh\u00f4ng b\u1ec1n b\u1eb1ng.<\/td>\n<\/tr>\n<tr>\n<td><b>Thau<\/b><\/td>\n<td class=\"LtGrey\" valign=\"top\">\u0110\u1ed3ng thau c\u00f3 \u0111\u1ed9 b\u1ec1n t\u1ed1t, \u0111\u1ed9 d\u1ebbo \u1edf nhi\u1ec7t \u0111\u1ed9 cao v\u00e0 \u0111\u1ed9 m\u1ec1m d\u1ebbo khi l\u1ea1nh, \u0111\u1ed9 d\u1eabn \u0111i\u1ec7n, kh\u1ea3 n\u0103ng ch\u1ed1ng \u0103n m\u00f2n, t\u00ednh ch\u1ecbu l\u1ef1c v\u00e0 \u0111\u1ed9 t\u1eeb th\u1ea9m th\u1ea5p.<\/td>\n<\/tr>\n<tr>\n<td><b>\u0110\u1ed3ng\u00a0<\/b><\/td>\n<td class=\"LtGrey\" valign=\"top\">\u0110\u1ed3ng l\u00e0 h\u1ee3p kim \u0111\u1ed3ng, g\u1ed3m \u0111\u1ed3ng l\u00e0 kim lo\u1ea1i h\u1ee3p kim ch\u00ednh v\u00e0 m\u1ed9t ho\u1eb7c nhi\u1ec1u kim lo\u1ea1i kh\u00e1c, ch\u1eb3ng h\u1ea1n nh\u01b0 thi\u1ebfc, k\u1ebdm ho\u1eb7c ph\u1ed1t pho. \u0110\u1ed3ng silic l\u00e0 m\u1ed9t h\u1ee3p kim \u0111\u1ed3ng \u0111i\u1ec3n h\u00ecnh.<\/td>\n<\/tr>\n<tr>\n<td><b>Gang<\/b><\/td>\n<td class=\"LtGrey\" valign=\"top\">Gang l\u00e0 h\u1ee3p kim s\u1eaft r\u1ea5t b\u1ec1n v\u1edbi h\u00e0m l\u01b0\u1ee3ng cacbon cao. Gang c\u00f3 nhi\u1ec1u lo\u1ea1i, bao g\u1ed3m gang d\u1ebbo, gang x\u00e1m v\u00e0 gang tr\u1eafng. S\u1ef1 kh\u00e1c bi\u1ec7t v\u1ec1 c\u1ea5p \u0111\u1ed9 gang l\u00e0 do s\u1ef1 kh\u00e1c bi\u1ec7t v\u1ec1 th\u00e0nh ph\u1ea7n v\u00e0 quy tr\u00ecnh ch\u1ebf bi\u1ebfn.<\/td>\n<\/tr>\n<tr>\n<td><b>Th\u00e9p cacbon \/ h\u1ee3p kim<\/b><\/td>\n<td class=\"LtGrey\" valign=\"top\">Th\u00e9p l\u00e0 m\u1ed9t lo\u1ea1i s\u1eaft th\u01b0\u01a1ng m\u1ea1i c\u00f3 ch\u1ee9a carbon v\u1edbi h\u00e0m l\u01b0\u1ee3ng l\u00ean \u0111\u1ebfn kho\u1ea3ng 1,7%, l\u00e0 th\u00e0nh ph\u1ea7n h\u1ee3p kim thi\u1ebft y\u1ebfu. C\u00f3 nhi\u1ec1u lo\u1ea1i th\u00e9p carbon v\u00e0 th\u00e9p h\u1ee3p kim. Tuy nhi\u00ean, ch\u00fang c\u00f3 th\u1ec3 c\u1ea7n \u0111\u01b0\u1ee3c ph\u1ee7 m\u1ed9t l\u1edbp s\u01a1n \u0111\u1ec3 ch\u1ed1ng \u0103n m\u00f2n.<\/td>\n<\/tr>\n<tr>\n<td><b>Th\u00e9p c\u1ee9ng<\/b><\/td>\n<td class=\"LtGrey\" valign=\"top\">Th\u00e9p c\u00f3 th\u1ec3 \u0111\u01b0\u1ee3c t\u00f4i luy\u1ec7n theo nhi\u1ec1u c\u00e1ch. Bao g\u1ed3m nhi\u1ec1u k\u1ef9 thu\u1eadt t\u00f4i trong d\u1ea7u v\u00e0 n\u01b0\u1edbc, cho th\u00e9p \u0111i qua bu\u1ed3ng c\u1ea3m \u1ee9ng, v.v. Vi\u1ec7c l\u00e0m ngu\u1ed9i th\u00e9p nhanh ch\u00f3ng trong qu\u00e1 tr\u00ecnh gia c\u00f4ng s\u1ebd \u0111\u00f3ng b\u0103ng, gi\u1eef l\u1ea1i v\u00e0 n\u00e9n ch\u1eb7t c\u00e1c nguy\u00ean t\u1eed cacbon b\u00ean trong c\u00e1c tinh th\u1ec3 s\u1eaft co l\u1ea1i, t\u1ea1o ra m\u1ed9t kim lo\u1ea1i c\u1ee9ng v\u00e0 gi\u00f2n. M\u1eb7c d\u00f9 kh\u00f3 kh\u0103n, nh\u01b0ng th\u00e9p kh\u00f4ng th\u1ec3 ch\u1ecbu \u0111\u01b0\u1ee3c nhi\u1ec1u va \u0111\u1eadp ho\u1eb7c t\u00e1c \u0111\u1ed9ng m\u00e0 kh\u00f4ng b\u1ecb v\u1ee1.<\/td>\n<\/tr>\n<tr>\n<td><b>Th\u00e9p kh\u00f4ng g\u1ec9<\/b><\/td>\n<td class=\"LtGrey\" valign=\"top\">Th\u00e9p kh\u00f4ng g\u1ec9 c\u00f3 kh\u1ea3 n\u0103ng ch\u1ed1ng h\u00f3a ch\u1ea5t v\u00e0 \u0103n m\u00f2n, \u0111\u1ed3ng th\u1eddi c\u00f3 th\u1ec3 ch\u1ecbu \u0111\u01b0\u1ee3c \u1ee9ng su\u1ea5t t\u01b0\u01a1ng \u0111\u1ed1i cao. H\u1ea7u h\u1ebft c\u00e1c lo\u1ea1i th\u00e9p kh\u00f4ng g\u1ec9 kh\u00f4ng th\u1ec3 \u0111\u01b0\u1ee3c t\u00f4i c\u1ee9ng \u0111\u1ebfn m\u1ee9c nh\u01b0 th\u00e9p cacbon.<\/td>\n<\/tr>\n<tr>\n<td><b>Acetal<\/b><\/td>\n<td>Acetal l\u00e0 v\u1eadt li\u1ec7u nh\u1ef1a \u1ed5n \u0111\u1ecbnh c\u00f3 \u0111\u1eb7c t\u00ednh t\u1ef1 b\u00f4i tr\u01a1n v\u1ed1n c\u00f3 v\u00e0 c\u00f3 th\u1ec3 \u0111\u01b0\u1ee3c t\u0103ng c\u01b0\u1eddng b\u1eb1ng ch\u1ea5t \u0111\u1ed9n b\u00f4i tr\u01a1n.<\/td>\n<\/tr>\n<tr>\n<td><b>Delrin<\/b><\/td>\n<td class=\"LtGrey\" valign=\"top\">Delrin l\u00e0 m\u1ed9t lo\u1ea1i nh\u1ef1a k\u1ef9 thu\u1eadt c\u00f3 \u0111\u1ed9 d\u1ebbo dai, \u0111\u1ed9 c\u1ee9ng, kh\u1ea3 n\u0103ng ch\u1ed1ng m\u00e0i m\u00f2n v\u00e0 ch\u1ed1ng ma s\u00e1t th\u1ea5p.<\/td>\n<\/tr>\n<tr>\n<td><b>Nylon<\/b><\/td>\n<td class=\"LtGrey\" valign=\"top\">Nylon, bao g\u1ed3m nhi\u1ec1u lo\u1ea1i polyamide, l\u00e0 m\u1ed9t v\u1eadt li\u1ec7u \u0111a n\u0103ng \u0111\u01b0\u1ee3c s\u1eed d\u1ee5ng r\u1ed9ng r\u00e3i. N\u00f3 c\u00f3 \u0111\u1ed9 b\u1ec1n cao, kh\u1ea3 n\u0103ng ch\u1ecbu l\u1ef1c t\u1ed1t v\u00e0 ch\u1ecbu \u0111\u01b0\u1ee3c \u00e1p su\u1ea5t cao.<\/td>\n<\/tr>\n<tr>\n<td><b>Polycarbonate<\/b><\/td>\n<td class=\"LtGrey\" valign=\"top\">Polycarbonate l\u00e0 m\u1ed9t lo\u1ea1i polymer c\u1ef1c k\u1ef3 b\u1ec1n ch\u1eafc, c\u00f3 th\u1ec3 gia c\u00f4ng v\u1edbi dung sai h\u1eb9p. \u0110\u00f4i khi c\u1ea7n ph\u1ea3i b\u00f4i tr\u01a1n v\u00ec \u0111\u1eb7c t\u00ednh ch\u1ecbu m\u00e0i m\u00f2n c\u1ee7a polycarbonate kh\u00f4ng t\u1ed1t b\u1eb1ng m\u1ed9t s\u1ed1 lo\u1ea1i polymer kh\u00e1c.<\/td>\n<\/tr>\n<\/tbody>\n<\/table>\n<h3>\u1ee8ng d\u1ee5ng gi\u00e1 \u0111\u1ee1 b\u00e1nh r\u0103ng<\/h3>\n<p>Ch\u1ee7 y\u1ebfu \u0111\u01b0\u1ee3c s\u1eed d\u1ee5ng trong nhi\u1ec1u h\u1ec7 th\u1ed1ng truy\u1ec1n \u0111\u1ed9ng c\u01a1 kh\u00ed kh\u00e1c nhau, ch\u1eb3ng h\u1ea1n nh\u01b0 m\u00e1y m\u00f3c t\u1ef1 \u0111\u1ed9ng, m\u00e1y c\u00f4ng c\u1ee5 CNC, x\u01b0\u1edfng v\u1eadt li\u1ec7u x\u00e2y d\u1ef1ng, nh\u00e0 m\u00e1y s\u1ea3n xu\u1ea5t, x\u01b0\u1edfng s\u1eeda ch\u1eefa m\u00e1y m\u00f3c, d\u1ef1 \u00e1n x\u00e2y d\u1ef1ng, v.v.<\/p>\n<p><img loading=\"lazy\" decoding=\"async\" class=\"alignnone size-full wp-image-4767\" src=\"https:\/\/fmp-components.com\/wp-content\/uploads\/2025\/01\/gear-rack-11.webp\" alt=\"gi\u00e1 \u0111\u1ee1 b\u00e1nh r\u0103ng\" width=\"1200\" height=\"209\" title=\"\" srcset=\"https:\/\/fmp-components.com\/wp-content\/uploads\/2025\/01\/gear-rack-11.webp 1200w, https:\/\/fmp-components.com\/wp-content\/uploads\/2025\/01\/gear-rack-11-980x171.webp 980w, https:\/\/fmp-components.com\/wp-content\/uploads\/2025\/01\/gear-rack-11-480x84.webp 480w\" sizes=\"(min-width: 0px) and (max-width: 480px) 480px, (min-width: 481px) and (max-width: 980px) 980px, (min-width: 981px) 1200px, 100vw\" \/><\/p>","protected":false},"excerpt":{"rendered":"<p>Rack and Pinion Gear Material As for the materials of racks and pinions, strength, abrasion resistance, and absorbency are considered. Carbon steel is the most common material used to make racks and pinion steel. This material is excellent for most settings and usage scenarios. The relative strength of the rack tooth combined with the pinion [&hellip;]<\/p>","protected":false},"featured_media":4764,"comment_status":"open","ping_status":"closed","template":"","meta":{"_et_pb_use_builder":"","_et_pb_old_content":"","_et_gb_content_width":""},"product_brand":[],"product_cat":[91],"product_tag":[],"class_list":{"0":"post-4763","1":"product","2":"type-product","3":"status-publish","4":"has-post-thumbnail","6":"product_cat-gear-racks","8":"first","9":"instock","10":"shipping-taxable","11":"product-type-simple"},"_links":{"self":[{"href":"https:\/\/fmp-components.com\/vi\/wp-json\/wp\/v2\/product\/4763","targetHints":{"allow":["GET"]}}],"collection":[{"href":"https:\/\/fmp-components.com\/vi\/wp-json\/wp\/v2\/product"}],"about":[{"href":"https:\/\/fmp-components.com\/vi\/wp-json\/wp\/v2\/types\/product"}],"replies":[{"embeddable":true,"href":"https:\/\/fmp-components.com\/vi\/wp-json\/wp\/v2\/comments?post=4763"}],"wp:featuredmedia":[{"embeddable":true,"href":"https:\/\/fmp-components.com\/vi\/wp-json\/wp\/v2\/media\/4764"}],"wp:attachment":[{"href":"https:\/\/fmp-components.com\/vi\/wp-json\/wp\/v2\/media?parent=4763"}],"wp:term":[{"taxonomy":"product_brand","embeddable":true,"href":"https:\/\/fmp-components.com\/vi\/wp-json\/wp\/v2\/product_brand?post=4763"},{"taxonomy":"product_cat","embeddable":true,"href":"https:\/\/fmp-components.com\/vi\/wp-json\/wp\/v2\/product_cat?post=4763"},{"taxonomy":"product_tag","embeddable":true,"href":"https:\/\/fmp-components.com\/vi\/wp-json\/wp\/v2\/product_tag?post=4763"}],"curies":[{"name":"wp","href":"https:\/\/api.w.org\/{rel}","templated":true}]}}