{"id":469,"date":"2024-12-10T08:34:34","date_gmt":"2024-12-10T08:34:34","guid":{"rendered":"https:\/\/fmp-components.com\/?page_id=8"},"modified":"2024-12-10T08:53:20","modified_gmt":"2024-12-10T08:53:20","slug":"small-excavator-cylinder","status":"publish","type":"product","link":"https:\/\/fmp-components.com\/vi\/product\/small-excavator-cylinder\/","title":{"rendered":"Xi lanh m\u00e1y x\u00fac nh\u1ecf"},"content":{"rendered":"<p style=\"text-align: center;\"><span style=\"font-size: 18pt;\">Xi lanh m\u00e1y x\u00fac nh\u1ecf<\/span><\/p>\n<p>Xy lanh m\u00e1y \u0111\u00e0o nh\u1ecf l\u00e0 m\u1ed9t b\u1ed9 ph\u1eadn th\u1ee7y l\u1ef1c quan tr\u1ecdng \u0111\u01b0\u1ee3c thi\u1ebft k\u1ebf \u0111\u1ec3 t\u1ed1i \u01b0u h\u00f3a hi\u1ec7u su\u1ea5t c\u1ee7a m\u00e1y \u0111\u00e0o nh\u1ecf trong nhi\u1ec1u nhi\u1ec7m v\u1ee5 x\u00e2y d\u1ef1ng v\u00e0 \u0111\u00e0o \u0111\u1ea5t. \u0110\u01b0\u1ee3c thi\u1ebft k\u1ebf \u0111\u1ec3 \u0111\u1ea3m b\u1ea3o \u0111\u1ed9 b\u1ec1n v\u00e0 hi\u1ec7u qu\u1ea3, xi lanh n\u00e0y h\u1ed7 tr\u1ee3 c\u00e1c chuy\u1ec3n \u0111\u1ed9ng thi\u1ebft y\u1ebfu, bao g\u1ed3m n\u00e2ng, \u0111\u00e0o v\u00e0 \u0111i\u1ec1u khi\u1ec3n, \u0111\u1ea3m b\u1ea3o v\u1eadn h\u00e0nh ch\u00ednh x\u00e1c.<\/p>\n<p><img loading=\"lazy\" decoding=\"async\" class=\"size-full wp-image-483 aligncenter\" src=\"https:\/\/fmp-components.com\/wp-content\/uploads\/2024\/12\/Small-Excavator-Cylinder.webp\" alt=\"M\u00e1y x\u00fac xi lanh nh\u1ecf\" width=\"760\" height=\"533\" title=\"\" srcset=\"https:\/\/fmp-components.com\/wp-content\/uploads\/2024\/12\/Small-Excavator-Cylinder.webp 760w, https:\/\/fmp-components.com\/wp-content\/uploads\/2024\/12\/Small-Excavator-Cylinder-480x337.webp 480w\" sizes=\"(min-width: 0px) and (max-width: 480px) 480px, (min-width: 481px) 760px, 100vw\" \/><\/p>\n<h4>C\u00e1c t\u00ednh n\u0103ng ch\u00ednh:<\/h4>\n<ul>\n<li>K\u1ebft c\u1ea5u ch\u1eafc ch\u1eafn: \u0110\u01b0\u1ee3c l\u00e0m t\u1eeb v\u1eadt li\u1ec7u c\u00f3 \u0111\u1ed9 b\u1ec1n cao, xi lanh m\u00e1y x\u00fac nh\u1ecf \u0111\u01b0\u1ee3c ch\u1ebf t\u1ea1o \u0111\u1ec3 ch\u1ecbu \u0111\u01b0\u1ee3c \u0111i\u1ec1u ki\u1ec7n kh\u1eafc nghi\u1ec7t c\u1ee7a c\u00f4ng tr\u01b0\u1eddng x\u00e2y d\u1ef1ng, mang l\u1ea1i \u0111\u1ed9 tin c\u1eady v\u00e0 hi\u1ec7u su\u1ea5t l\u00e2u d\u00e0i.<\/li>\n<li>Ch\u1ee9c n\u0103ng \u0111a n\u0103ng: Xi lanh n\u00e0y h\u1ed7 tr\u1ee3 nhi\u1ec1u ch\u1ee9c n\u0103ng kh\u00e1c nhau, bao g\u1ed3m ho\u1ea1t \u0111\u1ed9ng c\u1ee7a c\u1ea7n tr\u1ee5c, tay \u0111\u00f2n, g\u1ea7u x\u00fac v\u00e0 c\u00e1c ph\u1ee5 ki\u1ec7n, khi\u1ebfn n\u00f3 tr\u1edf th\u00e0nh m\u1ed9t ph\u1ea7n kh\u00f4ng th\u1ec3 thi\u1ebfu trong ho\u1ea1t \u0111\u1ed9ng chung c\u1ee7a m\u00e1y \u0111\u00e0o.<\/li>\n<li>Hi\u1ec7u su\u1ea5t th\u1ee7y l\u1ef1c hi\u1ec7u qu\u1ea3: \u0110\u01b0\u1ee3c thi\u1ebft k\u1ebf \u0111\u1ec3 v\u1eadn h\u00e0nh tr\u01a1n tru v\u00e0 nh\u1ea1y b\u00e9n, h\u1ec7 th\u1ed1ng th\u1ee7y l\u1ef1c cho ph\u00e9p ng\u01b0\u1eddi v\u1eadn h\u00e0nh th\u1ef1c hi\u1ec7n c\u00e1c nhi\u1ec7m v\u1ee5 m\u1ed9t c\u00e1ch ch\u00ednh x\u00e1c, n\u00e2ng cao n\u0103ng su\u1ea5t trong vi\u1ec7c \u0111\u00e0o, san l\u1ea5p v\u00e0 x\u1eed l\u00fd v\u1eadt li\u1ec7u.<\/li>\n<li>Thi\u1ebft k\u1ebf nh\u1ecf g\u1ecdn: Thi\u1ebft k\u1ebf nh\u1ecf g\u1ecdn c\u1ee7a xi lanh gi\u00fap d\u1ec5 d\u00e0ng t\u00edch h\u1ee3p v\u00e0o m\u00e1y \u0111\u00e0o nh\u1ecf, t\u0103ng kh\u1ea3 n\u0103ng c\u01a1 \u0111\u1ed9ng c\u1ee7a ch\u00fang trong kh\u00f4ng gian ch\u1eadt h\u1eb9p \u0111\u1ed3ng th\u1eddi v\u1eabn duy tr\u00ec hi\u1ec7u su\u1ea5t m\u1ea1nh m\u1ebd.<\/li>\n<li>Y\u00eau c\u1ea7u b\u1ea3o tr\u00ec th\u1ea5p: \u0110\u01b0\u1ee3c thi\u1ebft k\u1ebf \u0111\u1ec3 c\u00f3 \u0111\u1ed9 b\u1ec1n cao, xi lanh m\u00e1y x\u00fac nh\u1ecf c\u1ea7n b\u1ea3o tr\u00ec t\u1ed1i thi\u1ec3u, gi\u1ea3m th\u1eddi gian ch\u1ebft v\u00e0 g\u00f3p ph\u1ea7n n\u00e2ng cao hi\u1ec7u qu\u1ea3 chung trong ho\u1ea1t \u0111\u1ed9ng.<\/li>\n<\/ul>\n<p>Xi lanh m\u00e1y x\u00fac nh\u1ecf l\u00e0 m\u1ed9t b\u1ed9 ph\u1eadn thi\u1ebft y\u1ebfu gi\u00fap t\u0103ng c\u01b0\u1eddng ch\u1ee9c n\u0103ng v\u00e0 t\u00ednh linh ho\u1ea1t c\u1ee7a m\u00e1y x\u00fac nh\u1ecf, bi\u1ebfn ch\u00fang th\u00e0nh c\u00f4ng c\u1ee5 hi\u1ec7u qu\u1ea3 cho nhi\u1ec1u \u1ee9ng d\u1ee5ng trong x\u00e2y d\u1ef1ng, c\u1ea3nh quan v\u00e0 khai qu\u1eadt.<\/p>\n<h2>Th\u00f4ng s\u1ed1 k\u1ef9 thu\u1eadt c\u1ee7a xi lanh tay m\u00e1y x\u00fac nh\u1ecf (xi lanh tay \u0111\u00f2n):<\/h2>\n<p>Xi lanh c\u1ea7n, c\u00f2n \u0111\u01b0\u1ee3c g\u1ecdi l\u00e0 xi lanh tay, c\u00f3 ch\u1ee9c n\u0103ng k\u00e9o d\u00e0i v\u00e0 thu g\u1ecdn tay m\u00e1y \u0111\u00e0o. Xi lanh n\u00e0y cung c\u1ea5p l\u1ef1c c\u1ea7n thi\u1ebft \u0111\u1ec3 n\u00e2ng v\u00e0 h\u1ea1 c\u1ea7n, cho ph\u00e9p chuy\u1ec3n \u0111\u1ed9ng ch\u00ednh x\u00e1c trong qu\u00e1 tr\u00ecnh \u0111\u00e0o v\u00e0 x\u1eed l\u00fd v\u1eadt li\u1ec7u.<\/p>\n<h2><img loading=\"lazy\" decoding=\"async\" class=\"size-full wp-image-471 aligncenter\" src=\"https:\/\/fmp-components.com\/wp-content\/uploads\/2024\/12\/Small-Excavator-Cylinder1.webp\" alt=\"Xi lanh m\u00e1y x\u00fac nh\u1ecf\" width=\"500\" height=\"200\" title=\"\" srcset=\"https:\/\/fmp-components.com\/wp-content\/uploads\/2024\/12\/Small-Excavator-Cylinder1.webp 500w, https:\/\/fmp-components.com\/wp-content\/uploads\/2024\/12\/Small-Excavator-Cylinder1-480x192.webp 480w\" sizes=\"(min-width: 0px) and (max-width: 480px) 480px, (min-width: 481px) 500px, 100vw\" \/><\/h2>\n<table style=\"width: 100%;\" border=\"1\" width=\"100%\" cellspacing=\"0\" cellpadding=\"0\">\n<tbody>\n<tr>\n<td>T\u00ean s\u1ea3n ph\u1ea9m<\/td>\n<td>Xi lanh thanh m\u00e1y x\u00fac nh\u1ecf<\/td>\n<\/tr>\n<tr>\n<td>\u0110\u1eb7c tr\u01b0ng:<\/td>\n<td>Ki\u1ec3m so\u00e1t chuy\u1ec3n \u0111\u1ed9ng c\u1ee7a c\u1eb3ng tay<\/td>\n<\/tr>\n<tr>\n<td>\u0110\u01b0\u1eddng k\u00ednh l\u1ed7 khoan:<\/td>\n<td>50mm\uff5e115mm<\/td>\n<\/tr>\n<tr>\n<td>\u0110\u01b0\u1eddng k\u00ednh thanh:<\/td>\n<td>25mm\uff5e70mm<br \/>\nH\u00e0nh tr\u00ecnh \u22641000mm<\/td>\n<\/tr>\n<tr>\n<td>L\u1ef1c \u0111\u1ea9y:<\/td>\n<td>T\u1ed1i \u0111a 305KN<\/td>\n<\/tr>\n<tr>\n<td>\u0110\u01b0\u1eddng k\u00ednh l\u1ed7 khoan:<\/td>\n<td>115mm\/\u00e1p su\u1ea5t 29,4MPa)<\/td>\n<\/tr>\n<\/tbody>\n<\/table>\n<h2><\/h2>\n<h2><img loading=\"lazy\" decoding=\"async\" class=\"alignnone size-full wp-image-472\" src=\"https:\/\/fmp-components.com\/wp-content\/uploads\/2024\/12\/Small-Excavator-Cylinder1-1.webp\" alt=\"Xi lanh m\u00e1y x\u00fac nh\u1ecf\" width=\"828\" height=\"416\" title=\"\" srcset=\"https:\/\/fmp-components.com\/wp-content\/uploads\/2024\/12\/Small-Excavator-Cylinder1-1.webp 828w, https:\/\/fmp-components.com\/wp-content\/uploads\/2024\/12\/Small-Excavator-Cylinder1-1-480x241.webp 480w\" sizes=\"(min-width: 0px) and (max-width: 480px) 480px, (min-width: 481px) 828px, 100vw\" \/><\/h2>\n<h2>Th\u00f4ng s\u1ed1 k\u1ef9 thu\u1eadt c\u1ee7a xi lanh g\u1ea7u x\u00fac nh\u1ecf:<\/h2>\n<p>Xi lanh g\u1ea7u v\u1eadn h\u00e0nh g\u1ea7u c\u1ee7a m\u00e1y \u0111\u00e0o, cho ph\u00e9p m\u00e1y nghi\u00eang v\u00e0 \u0111\u1ed5 v\u1eadt li\u1ec7u. Xi lanh n\u00e0y r\u1ea5t quan tr\u1ecdng trong vi\u1ec7c \u0111\u00e0o, x\u00fac v\u00e0 n\u1ea1p li\u1ec7u, cung c\u1ea5p n\u0103ng l\u01b0\u1ee3ng c\u1ea7n thi\u1ebft \u0111\u1ec3 \u0111i\u1ec1u khi\u1ec3n g\u1ea7u hi\u1ec7u qu\u1ea3.<\/p>\n<h2><img loading=\"lazy\" decoding=\"async\" class=\"size-full wp-image-473 aligncenter\" src=\"https:\/\/fmp-components.com\/wp-content\/uploads\/2024\/12\/Small-Excavator-Cylinder2.webp\" alt=\"Xi lanh m\u00e1y x\u00fac nh\u1ecf\" width=\"500\" height=\"200\" title=\"\" srcset=\"https:\/\/fmp-components.com\/wp-content\/uploads\/2024\/12\/Small-Excavator-Cylinder2.webp 500w, https:\/\/fmp-components.com\/wp-content\/uploads\/2024\/12\/Small-Excavator-Cylinder2-480x192.webp 480w\" sizes=\"(min-width: 0px) and (max-width: 480px) 480px, (min-width: 481px) 500px, 100vw\" \/><\/h2>\n<table style=\"width: 100%;\" border=\"1\" width=\"100%\" cellspacing=\"0\" cellpadding=\"0\">\n<tbody>\n<tr>\n<td>T\u00ean s\u1ea3n ph\u1ea9m<\/td>\n<td>Xi lanh g\u1ea7u m\u00e1y x\u00fac nh\u1ecf<\/td>\n<\/tr>\n<tr>\n<td>\u0110\u1eb7c tr\u01b0ng:<\/td>\n<td>Ki\u1ec3m so\u00e1t ho\u1ea1t \u0111\u1ed9ng c\u1ee7a x\u00f4<\/td>\n<\/tr>\n<tr>\n<td>\u0110\u01b0\u1eddng k\u00ednh l\u1ed7 khoan:<\/td>\n<td>50mm\uff5e105mm<\/td>\n<\/tr>\n<tr>\n<td>\u0110\u01b0\u1eddng k\u00ednh thanh:<\/td>\n<td>25mm\uff5e70mm<br \/>\nH\u00e0nh tr\u00ecnh \u22641000 mm<\/td>\n<\/tr>\n<tr>\n<td>L\u1ef1c \u0111\u1ea9y:<\/td>\n<td>T\u1ed1i \u0111a 255KN<\/td>\n<\/tr>\n<tr>\n<td>\u0110\u01b0\u1eddng k\u00ednh l\u1ed7 khoan:<\/td>\n<td>105mm\/\u00e1p su\u1ea5t 29,4MPa<\/td>\n<\/tr>\n<\/tbody>\n<\/table>\n<h2><\/h2>\n<h2><img loading=\"lazy\" decoding=\"async\" class=\"alignnone size-full wp-image-474\" src=\"https:\/\/fmp-components.com\/wp-content\/uploads\/2024\/12\/Small-Excavator-Cylinder2-1.webp\" alt=\"Xi lanh m\u00e1y x\u00fac nh\u1ecf\" width=\"847\" height=\"410\" title=\"\" srcset=\"https:\/\/fmp-components.com\/wp-content\/uploads\/2024\/12\/Small-Excavator-Cylinder2-1.webp 847w, https:\/\/fmp-components.com\/wp-content\/uploads\/2024\/12\/Small-Excavator-Cylinder2-1-480x232.webp 480w\" sizes=\"(min-width: 0px) and (max-width: 480px) 480px, (min-width: 481px) 847px, 100vw\" \/><\/h2>\n<h2>Th\u00f4ng s\u1ed1 k\u1ef9 thu\u1eadt c\u1ee7a xi lanh c\u1ea7n m\u00e1y x\u00fac nh\u1ecf:<\/h2>\n<p>Xi lanh c\u1ea7n \u0111i\u1ec1u khi\u1ec3n chuy\u1ec3n \u0111\u1ed9ng c\u1ee7a c\u1ea7n m\u00e1y \u0111\u00e0o, cho ph\u00e9p n\u00e2ng v\u00e0 h\u1ea1 c\u1ea7n. Xi lanh n\u00e0y r\u1ea5t c\u1ea7n thi\u1ebft \u0111\u1ec3 \u0111\u1ea1t \u0111\u01b0\u1ee3c c\u00e1c \u0111\u1ed9 cao v\u00e0 \u0111\u1ed9 s\u00e2u kh\u00e1c nhau, cho ph\u00e9p m\u00e1y \u0111\u00e0o th\u1ef1c hi\u1ec7n nhi\u1ec1u nhi\u1ec7m v\u1ee5 kh\u00e1c nhau m\u1ed9t c\u00e1ch ch\u00ednh x\u00e1c.<\/p>\n<h2><img loading=\"lazy\" decoding=\"async\" class=\"size-full wp-image-475 aligncenter\" src=\"https:\/\/fmp-components.com\/wp-content\/uploads\/2024\/12\/Small-Excavator-Cylinder3.webp\" alt=\"Xi lanh m\u00e1y x\u00fac nh\u1ecf\" width=\"500\" height=\"200\" title=\"\" srcset=\"https:\/\/fmp-components.com\/wp-content\/uploads\/2024\/12\/Small-Excavator-Cylinder3.webp 500w, https:\/\/fmp-components.com\/wp-content\/uploads\/2024\/12\/Small-Excavator-Cylinder3-480x192.webp 480w\" sizes=\"(min-width: 0px) and (max-width: 480px) 480px, (min-width: 481px) 500px, 100vw\" \/><\/h2>\n<table style=\"width: 100%;\" border=\"1\" width=\"100%\" cellspacing=\"0\" cellpadding=\"0\">\n<tbody>\n<tr>\n<td>T\u00ean s\u1ea3n ph\u1ea9m<\/td>\n<td>Xi lanh c\u1ea7n m\u00e1y x\u00fac nh\u1ecf<\/td>\n<\/tr>\n<tr>\n<td>\u0110\u1eb7c tr\u01b0ng:<\/td>\n<td>Ki\u1ec3m so\u00e1t chuy\u1ec3n \u0111\u1ed9ng n\u00e2ng c\u1ee7a c\u00e1nh tay l\u1edbn<\/td>\n<\/tr>\n<tr>\n<td>\u0110\u01b0\u1eddng k\u00ednh l\u1ed7 khoan:<\/td>\n<td>50mm\uff5e125mm<\/td>\n<\/tr>\n<tr>\n<td>\u0110\u01b0\u1eddng k\u00ednh thanh:<\/td>\n<td>25mm\uff5e75mm<br \/>\nH\u00e0nh tr\u00ecnh \u22641000mm<\/td>\n<\/tr>\n<tr>\n<td>L\u1ef1c \u0111\u1ea9y:<\/td>\n<td>T\u1ed1i \u0111a 361KN<\/td>\n<\/tr>\n<tr>\n<td>\u0110\u01b0\u1eddng k\u00ednh l\u1ed7 khoan:<\/td>\n<td>125mm\/\u00e1p su\u1ea5t 29,4MPa<\/td>\n<\/tr>\n<\/tbody>\n<\/table>\n<h2><\/h2>\n<h2><img loading=\"lazy\" decoding=\"async\" class=\"alignnone size-full wp-image-476\" src=\"https:\/\/fmp-components.com\/wp-content\/uploads\/2024\/12\/Small-Excavator-Cylinder3-1.webp\" alt=\"Xi lanh m\u00e1y x\u00fac nh\u1ecf\" width=\"874\" height=\"394\" title=\"\" srcset=\"https:\/\/fmp-components.com\/wp-content\/uploads\/2024\/12\/Small-Excavator-Cylinder3-1.webp 874w, https:\/\/fmp-components.com\/wp-content\/uploads\/2024\/12\/Small-Excavator-Cylinder3-1-480x216.webp 480w\" sizes=\"(min-width: 0px) and (max-width: 480px) 480px, (min-width: 481px) 874px, 100vw\" \/><\/h2>\n<h2>Th\u00f4ng s\u1ed1 k\u1ef9 thu\u1eadt c\u1ee7a xi lanh \u1ee7i \u0111\u1ea5t m\u00e1y x\u00fac nh\u1ecf:<\/h2>\n<p>Xi lanh \u1ee7i \u0111\u1ea5t \u0111\u01b0\u1ee3c s\u1eed d\u1ee5ng \u0111\u1ec3 \u0111i\u1ec1u khi\u1ec3n l\u01b0\u1ee1i m\u00e1y \u0111\u00e0o, cho ph\u00e9p san ph\u1eb3ng v\u00e0 san l\u1ea5p m\u1eb7t b\u1eb1ng ch\u00ednh x\u00e1c. Xi lanh n\u00e0y n\u00e2ng cao t\u00ednh linh ho\u1ea1t c\u1ee7a m\u00e1y \u0111\u00e0o, gi\u00fap m\u00e1y ph\u00f9 h\u1ee3p cho c\u00e1c c\u00f4ng vi\u1ec7c nh\u01b0 chu\u1ea9n b\u1ecb m\u1eb7t b\u1eb1ng v\u00e0 san l\u1ea5p \u0111\u1ea5t.<\/p>\n<h2><img loading=\"lazy\" decoding=\"async\" class=\"size-full wp-image-477 aligncenter\" src=\"https:\/\/fmp-components.com\/wp-content\/uploads\/2024\/12\/Small-Excavator-Cylinder4.webp\" alt=\"Xi lanh m\u00e1y x\u00fac nh\u1ecf\" width=\"500\" height=\"200\" title=\"\" srcset=\"https:\/\/fmp-components.com\/wp-content\/uploads\/2024\/12\/Small-Excavator-Cylinder4.webp 500w, https:\/\/fmp-components.com\/wp-content\/uploads\/2024\/12\/Small-Excavator-Cylinder4-480x192.webp 480w\" sizes=\"(min-width: 0px) and (max-width: 480px) 480px, (min-width: 481px) 500px, 100vw\" \/><\/h2>\n<table style=\"width: 100%;\" border=\"1\" width=\"100%\" cellspacing=\"0\" cellpadding=\"0\">\n<tbody>\n<tr>\n<td>T\u00ean s\u1ea3n ph\u1ea9m<\/td>\n<td>Xi lanh \u1ee7i \u0111\u1ea5t m\u00e1y x\u00fac nh\u1ecf<\/td>\n<\/tr>\n<tr>\n<td>\u0110\u1eb7c tr\u01b0ng:<\/td>\n<td>Ki\u1ec3m so\u00e1t ho\u1ea1t \u0111\u1ed9ng c\u1ee7a m\u00e1y \u1ee7i<\/td>\n<\/tr>\n<tr>\n<td>\u0110\u01b0\u1eddng k\u00ednh l\u1ed7 khoan:<\/td>\n<td>50mm\uff5e140mm<\/td>\n<\/tr>\n<tr>\n<td>\u0110\u01b0\u1eddng k\u00ednh thanh:<\/td>\n<td>25mm\uff5e80mm<br \/>\nH\u00e0nh tr\u00ecnh \u2264250mm<\/td>\n<\/tr>\n<tr>\n<td>L\u1ef1c \u0111\u1ea9y:<\/td>\n<td>T\u1ed1i \u0111a 453KN<\/td>\n<\/tr>\n<tr>\n<td>\u0110\u01b0\u1eddng k\u00ednh l\u1ed7 khoan:<\/td>\n<td>140mm\/\u00e1p su\u1ea5t 29,4MPa<\/td>\n<\/tr>\n<\/tbody>\n<\/table>\n<h2><\/h2>\n<h2><img loading=\"lazy\" decoding=\"async\" class=\"alignnone size-full wp-image-478\" src=\"https:\/\/fmp-components.com\/wp-content\/uploads\/2024\/12\/Small-Excavator-Cylinder4-1.webp\" alt=\"Xi lanh m\u00e1y x\u00fac nh\u1ecf\" width=\"847\" height=\"401\" title=\"\" srcset=\"https:\/\/fmp-components.com\/wp-content\/uploads\/2024\/12\/Small-Excavator-Cylinder4-1.webp 847w, https:\/\/fmp-components.com\/wp-content\/uploads\/2024\/12\/Small-Excavator-Cylinder4-1-480x227.webp 480w\" sizes=\"(min-width: 0px) and (max-width: 480px) 480px, (min-width: 481px) 847px, 100vw\" \/><\/h2>\n<h2>Th\u00f4ng s\u1ed1 k\u1ef9 thu\u1eadt c\u1ee7a b\u1ed9 truy\u1ec1n \u0111\u1ed9ng quay m\u00e1y x\u00fac nh\u1ecf:<\/h2>\n<p>B\u1ed9 truy\u1ec1n \u0111\u1ed9ng quay cung c\u1ea5p chuy\u1ec3n \u0111\u1ed9ng quay cho c\u00e1c ph\u1ee5 ki\u1ec7n nh\u01b0 v\u00edt t\u1ea3i ho\u1eb7c g\u1ea7u ngo\u1ea1m. B\u1ed9 ph\u1eadn n\u00e0y cho ph\u00e9p m\u00e1y \u0111\u00e0o th\u1ef1c hi\u1ec7n c\u00e1c nhi\u1ec7m v\u1ee5 \u0111\u00f2i h\u1ecfi chuy\u1ec3n \u0111\u1ed9ng xoay ho\u1eb7c quay, t\u0103ng t\u00ednh linh ho\u1ea1t khi v\u1eadn h\u00e0nh.<\/p>\n<h2><img loading=\"lazy\" decoding=\"async\" class=\"size-full wp-image-479 aligncenter\" src=\"https:\/\/fmp-components.com\/wp-content\/uploads\/2024\/12\/Small-Excavator-Cylinder5.webp\" alt=\"Xi lanh m\u00e1y x\u00fac nh\u1ecf\" width=\"500\" height=\"200\" title=\"\" srcset=\"https:\/\/fmp-components.com\/wp-content\/uploads\/2024\/12\/Small-Excavator-Cylinder5.webp 500w, https:\/\/fmp-components.com\/wp-content\/uploads\/2024\/12\/Small-Excavator-Cylinder5-480x192.webp 480w\" sizes=\"(min-width: 0px) and (max-width: 480px) 480px, (min-width: 481px) 500px, 100vw\" \/><\/h2>\n<table style=\"width: 100%;\" border=\"1\" width=\"100%\" cellspacing=\"0\" cellpadding=\"0\">\n<tbody>\n<tr style=\"height: 23px;\">\n<td style=\"height: 23px;\">T\u00ean s\u1ea3n ph\u1ea9m<\/td>\n<td style=\"height: 23px;\">B\u1ed9 truy\u1ec1n \u0111\u1ed9ng quay m\u00e1y x\u00fac nh\u1ecf<\/td>\n<\/tr>\n<tr style=\"height: 23px;\">\n<td style=\"height: 23px;\">\u0110\u1eb7c tr\u01b0ng:<\/td>\n<td style=\"height: 23px;\">\u0110\u1ed9 l\u1ec7ch c\u1ee7a c\u00e1nh tay l\u1edbn<\/td>\n<\/tr>\n<tr style=\"height: 23px;\">\n<td style=\"height: 23px;\">\u0110\u01b0\u1eddng k\u00ednh l\u1ed7 khoan:<\/td>\n<td style=\"height: 23px;\">50mm\uff5e120mm<\/td>\n<\/tr>\n<tr style=\"height: 47px;\">\n<td style=\"height: 47px;\">\u0110\u01b0\u1eddng k\u00ednh thanh:<\/td>\n<td style=\"height: 47px;\">25mm\uff5e75mm<br \/>\nH\u00e0nh tr\u00ecnh \u22641000mm<\/td>\n<\/tr>\n<tr style=\"height: 23px;\">\n<td style=\"height: 23px;\">L\u1ef1c \u0111\u1ea9y:<\/td>\n<td style=\"height: 23px;\">T\u1ed1i \u0111a 333KN<\/td>\n<\/tr>\n<tr style=\"height: 23px;\">\n<td style=\"height: 23px;\">\u0110\u01b0\u1eddng k\u00ednh l\u1ed7 khoan:<\/td>\n<td style=\"height: 23px;\">120mm\/\u00e1p su\u1ea5t 29,4MPa<\/td>\n<\/tr>\n<\/tbody>\n<\/table>\n<h2><\/h2>\n<h2><img loading=\"lazy\" decoding=\"async\" class=\"alignnone size-full wp-image-480\" src=\"https:\/\/fmp-components.com\/wp-content\/uploads\/2024\/12\/Small-Excavator-Cylinder5-1.webp\" alt=\"Xi lanh m\u00e1y x\u00fac nh\u1ecf\" width=\"849\" height=\"392\" title=\"\" srcset=\"https:\/\/fmp-components.com\/wp-content\/uploads\/2024\/12\/Small-Excavator-Cylinder5-1.webp 849w, https:\/\/fmp-components.com\/wp-content\/uploads\/2024\/12\/Small-Excavator-Cylinder5-1-480x222.webp 480w\" sizes=\"(min-width: 0px) and (max-width: 480px) 480px, (min-width: 481px) 849px, 100vw\" \/><\/h2>\n<h2>Gi\u1edbi thi\u1ec7u v\u1ec1 FMP<\/h2>\n<p>FMP l\u00e0 m\u1ed9t c\u00f4ng ty s\u1ea3n xu\u1ea5t c\u01a1 kh\u00ed chuy\u00ean bi\u1ec7t, chuy\u00ean s\u1ea3n xu\u1ea5t xi lanh th\u1ee7y l\u1ef1c. K\u1ec3 t\u1eeb khi th\u00e0nh l\u1eadp, c\u00f4ng ty \u0111\u00e3 t\u1eadp trung v\u00e0o nghi\u00ean c\u1ee9u v\u00e0 s\u1ea3n xu\u1ea5t c\u00f4ng ngh\u1ec7 th\u1ee7y l\u1ef1c, chuy\u1ec3n \u0111\u1ed5i th\u00e0nh c\u00f4ng t\u1eeb danh m\u1ee5c s\u1ea3n ph\u1ea9m \u0111a d\u1ea1ng, bao g\u1ed3m m\u00e1y m\u00f3c thu ho\u1ea1ch v\u00e0 x\u00e2y d\u1ef1ng, sang chuy\u00ean v\u1ec1 linh ki\u1ec7n m\u00e1y k\u00e9o n\u00f4ng nghi\u1ec7p. V\u1edbi h\u01a1n m\u1ed9t th\u1eadp k\u1ef7 kinh nghi\u1ec7m trong s\u1ea3n xu\u1ea5t v\u00e0 qu\u1ea3n l\u00fd, FMP \u0111\u1ea3m b\u1ea3o s\u1ea3n ph\u1ea9m ch\u1ea5t l\u01b0\u1ee3ng cao th\u00f4ng qua c\u00e1c k\u1ef9 thu\u1eadt s\u1ea3n xu\u1ea5t ti\u00ean ti\u1ebfn.<\/p>\n<p>Trong qu\u00e1 tr\u00ecnh ph\u00e1t tri\u1ec3n, c\u00f4ng ty \u0111\u00e3 x\u00e2y d\u1ef1ng \u0111\u01b0\u1ee3c d\u00e2y chuy\u1ec1n s\u1ea3n xu\u1ea5t gia c\u00f4ng, d\u00e2y chuy\u1ec1n l\u1eafp r\u00e1p v\u00e0 d\u00e2y chuy\u1ec1n s\u01a1n ph\u1ee7 to\u00e0n di\u1ec7n. \u0110\u1ed9i ng\u0169 c\u1ee7a ch\u00fang t\u00f4i bao g\u1ed3m \u0111\u1ed9i ng\u0169 qu\u1ea3n l\u00fd l\u00e0nh ngh\u1ec1, \u0111\u1ed9i ng\u0169 thi\u1ebft k\u1ebf c\u01a1 kh\u00ed gi\u00e0u kinh nghi\u1ec7m v\u00e0 \u0111\u1ed9i ng\u0169 k\u1ef9 thu\u1eadt vi\u00ean \u0111\u01b0\u1ee3c \u0111\u00e0o t\u1ea1o b\u00e0i b\u1ea3n, c\u00f9ng nhau duy tr\u00ec ch\u1ea5t l\u01b0\u1ee3ng s\u1ea3n xu\u1ea5t \u1ed5n \u0111\u1ecbnh, \u0111\u1ed3ng th\u1eddi ki\u1ec3m so\u00e1t hi\u1ec7u qu\u1ea3 t\u00ednh li\u00ean t\u1ee5c v\u00e0 hi\u1ec7u qu\u1ea3 c\u1ee7a quy tr\u00ecnh.<\/p>\n<p>FMP duy tr\u00ec tri\u1ebft l\u00fd \u201c\u0110\u1ed5i m\u1edbi c\u00f4ng ngh\u1ec7 th\u00fac \u0111\u1ea9y ti\u1ebfn b\u1ed9, Ch\u1ea5t l\u01b0\u1ee3ng t\u1ea1o n\u00ean th\u01b0\u01a1ng hi\u1ec7u, Tay ngh\u1ec1 \u0111\u1ea3m b\u1ea3o ch\u1ea5t l\u01b0\u1ee3ng v\u00e0 X\u00e2y d\u1ef1ng m\u1ed1i quan h\u1ec7 \u0111\u00f4i b\u00ean c\u00f9ng c\u00f3 l\u1ee3i l\u00e2u d\u00e0i\u201d. Cam k\u1ebft cung c\u1ea5p s\u1ea3n ph\u1ea9m ch\u1ea5t l\u01b0\u1ee3ng cao v\u00e0 d\u1ecbch v\u1ee5 kh\u00e1ch h\u00e0ng v\u01b0\u1ee3t tr\u1ed9i v\u1eabn l\u00e0 m\u1ee5c ti\u00eau c\u1ed1t l\u00f5i khi ch\u00fang t\u00f4i ti\u1ebfp t\u1ee5c \u0111\u00e1p \u1ee9ng nhu c\u1ea7u ng\u00e0y c\u00e0ng thay \u0111\u1ed5i c\u1ee7a th\u1ecb tr\u01b0\u1eddng.<\/p>\n<p><img loading=\"lazy\" decoding=\"async\" class=\"alignnone size-full wp-image-426\" src=\"https:\/\/fmp-components.com\/wp-content\/uploads\/2024\/12\/Sanitation-Machinery-Locking-Hydraulic-Cylinder-factory.webp\" sizes=\"(min-width: 0px) and (max-width: 480px) 480px, (min-width: 481px) and (max-width: 980px) 980px, (min-width: 981px) and (max-width: 1280px) 1280px, (min-width: 1281px) 1414px, 100vw\" srcset=\"https:\/\/fmp-components.com\/wp-content\/uploads\/2024\/12\/Sanitation-Machinery-Locking-Hydraulic-Cylinder-factory.webp 1414w, https:\/\/fmp-components.com\/wp-content\/uploads\/2024\/12\/Sanitation-Machinery-Locking-Hydraulic-Cylinder-factory-1280x529.webp 1280w, https:\/\/fmp-components.com\/wp-content\/uploads\/2024\/12\/Sanitation-Machinery-Locking-Hydraulic-Cylinder-factory-980x405.webp 980w, https:\/\/fmp-components.com\/wp-content\/uploads\/2024\/12\/Sanitation-Machinery-Locking-Hydraulic-Cylinder-factory-480x198.webp 480w\" alt=\"Nh\u00e0 m\u00e1y xi lanh th\u1ee7y l\u1ef1c kh\u00f3a m\u00e1y v\u1ec7 sinh\" width=\"1414\" height=\"584\" title=\"\"><\/p>\n<p>T\u00e1c gi\u1ea3: CX<\/p>","protected":false},"excerpt":{"rendered":"<p>Xy lanh m\u00e1y \u0111\u00e0o nh\u1ecf l\u00e0 m\u1ed9t b\u1ed9 ph\u1eadn th\u1ee7y l\u1ef1c quan tr\u1ecdng \u0111\u01b0\u1ee3c thi\u1ebft k\u1ebf \u0111\u1ec3 cung c\u1ea5p chuy\u1ec3n \u0111\u1ed9ng m\u1ea1nh m\u1ebd v\u00e0 ch\u00ednh x\u00e1c cho m\u00e1y \u0111\u00e0o nh\u1ecf. Xy lanh n\u00e0y \u0111\u01b0\u1ee3c thi\u1ebft k\u1ebf \u0111\u1ec3 h\u1ed7 tr\u1ee3 nhi\u1ec1u ch\u1ee9c n\u0103ng kh\u00e1c nhau, ch\u1eb3ng h\u1ea1n nh\u01b0 n\u00e2ng, \u0111\u00e0o v\u00e0 nghi\u00eang, \u0111\u1ea3m b\u1ea3o m\u00e1y ho\u1ea1t \u0111\u1ed9ng hi\u1ec7u qu\u1ea3. \u0110\u01b0\u1ee3c ch\u1ebf t\u1ea1o t\u1eeb v\u1eadt li\u1ec7u c\u00f3 \u0111\u1ed9 b\u1ec1n cao, xi lanh n\u00e0y \u0111\u01b0\u1ee3c ch\u1ebf t\u1ea1o \u0111\u1ec3 ch\u1ecbu \u0111\u01b0\u1ee3c c\u00e1c \u0111i\u1ec1u ki\u1ec7n kh\u1eafc nghi\u1ec7t c\u1ee7a c\u00f4ng tr\u01b0\u1eddng x\u00e2y d\u1ef1ng v\u00e0 khai th\u00e1c, mang l\u1ea1i \u0111\u1ed9 b\u1ec1n v\u00e0 \u0111\u1ed9 tin c\u1eady. Thi\u1ebft k\u1ebf nh\u1ecf g\u1ecdn cho ph\u00e9p d\u1ec5 d\u00e0ng t\u00edch h\u1ee3p v\u00e0o m\u00e1y \u0111\u00e0o nh\u1ecf, t\u0103ng c\u01b0\u1eddng kh\u1ea3 n\u0103ng c\u01a1 \u0111\u1ed9ng trong kh\u00f4ng gian h\u1eb9p. V\u1edbi hi\u1ec7u su\u1ea5t th\u1ee7y l\u1ef1c hi\u1ec7u qu\u1ea3, xi lanh m\u00e1y \u0111\u00e0o nh\u1ecf \u0111\u00f3ng vai tr\u00f2 quan tr\u1ecdng trong vi\u1ec7c t\u1ed1i \u01b0u h\u00f3a kh\u1ea3 n\u0103ng c\u1ee7a m\u00e1y cho nhi\u1ec1u \u1ee9ng d\u1ee5ng kh\u00e1c nhau.<\/p>","protected":false},"featured_media":470,"comment_status":"open","ping_status":"closed","template":"","meta":{"_et_pb_use_builder":"","_et_pb_old_content":"","_et_gb_content_width":""},"product_brand":[],"product_cat":[25],"product_tag":[],"class_list":{"0":"post-469","1":"product","2":"type-product","3":"status-publish","4":"has-post-thumbnail","6":"product_cat-mobile-machinery-hydraulic-cylinder","8":"first","9":"instock","10":"shipping-taxable","11":"product-type-simple"},"_links":{"self":[{"href":"https:\/\/fmp-components.com\/vi\/wp-json\/wp\/v2\/product\/469","targetHints":{"allow":["GET"]}}],"collection":[{"href":"https:\/\/fmp-components.com\/vi\/wp-json\/wp\/v2\/product"}],"about":[{"href":"https:\/\/fmp-components.com\/vi\/wp-json\/wp\/v2\/types\/product"}],"replies":[{"embeddable":true,"href":"https:\/\/fmp-components.com\/vi\/wp-json\/wp\/v2\/comments?post=469"}],"wp:featuredmedia":[{"embeddable":true,"href":"https:\/\/fmp-components.com\/vi\/wp-json\/wp\/v2\/media\/470"}],"wp:attachment":[{"href":"https:\/\/fmp-components.com\/vi\/wp-json\/wp\/v2\/media?parent=469"}],"wp:term":[{"taxonomy":"product_brand","embeddable":true,"href":"https:\/\/fmp-components.com\/vi\/wp-json\/wp\/v2\/product_brand?post=469"},{"taxonomy":"product_cat","embeddable":true,"href":"https:\/\/fmp-components.com\/vi\/wp-json\/wp\/v2\/product_cat?post=469"},{"taxonomy":"product_tag","embeddable":true,"href":"https:\/\/fmp-components.com\/vi\/wp-json\/wp\/v2\/product_tag?post=469"}],"curies":[{"name":"wp","href":"https:\/\/api.w.org\/{rel}","templated":true}]}}