{"id":432,"date":"2024-12-10T06:13:58","date_gmt":"2024-12-10T06:13:58","guid":{"rendered":"https:\/\/fmp-components.com\/?page_id=8"},"modified":"2024-12-10T06:13:58","modified_gmt":"2024-12-10T06:13:58","slug":"sanitation-machinery-forward-thrust-hydraulic-cylinder","status":"publish","type":"product","link":"https:\/\/fmp-components.com\/vi\/product\/sanitation-machinery-forward-thrust-hydraulic-cylinder\/","title":{"rendered":"M\u00e1y m\u00f3c v\u1ec7 sinh Xi lanh th\u1ee7y l\u1ef1c \u0111\u1ea9y v\u1ec1 ph\u00eda tr\u01b0\u1edbc"},"content":{"rendered":"<p style=\"text-align: center;\"><span style=\"font-size: 18pt;\">M\u00e1y m\u00f3c v\u1ec7 sinh Xi lanh th\u1ee7y l\u1ef1c \u0111\u1ea9y v\u1ec1 ph\u00eda tr\u01b0\u1edbc<\/span><\/p>\n<p>\u00a0Xi lanh th\u1ee7y l\u1ef1c \u0111\u1ea9y v\u1ec1 ph\u00eda tr\u01b0\u1edbc c\u1ee7a M\u00e1y V\u1ec7 sinh l\u00e0 m\u1ed9t b\u1ed9 ph\u1eadn thi\u1ebft y\u1ebfu \u0111\u01b0\u1ee3c thi\u1ebft k\u1ebf \u0111\u1ec3 cung c\u1ea5p l\u1ef1c \u0111\u1ea9y m\u1ea1nh m\u1ebd v\u00e0 \u0111\u00e1ng tin c\u1eady cho nhi\u1ec1u thi\u1ebft b\u1ecb v\u1ec7 sinh kh\u00e1c nhau, bao g\u1ed3m xe ch\u1edf r\u00e1c v\u00e0 xe qu\u00e9t \u0111\u01b0\u1eddng. Xi lanh th\u1ee7y l\u1ef1c n\u00e0y \u0111\u01b0\u1ee3c thi\u1ebft k\u1ebf \u0111\u1ec3 t\u1ea1o \u0111i\u1ec1u ki\u1ec7n cho c\u00e1c chuy\u1ec3n \u0111\u1ed9ng tr\u01a1n tru v\u00e0 c\u00f3 ki\u1ec3m so\u00e1t, n\u00e2ng cao hi\u1ec7u qu\u1ea3 ho\u1ea1t \u0111\u1ed9ng trong qu\u00e1 tr\u00ecnh thu gom r\u00e1c th\u1ea3i v\u00e0 v\u1ec7 sinh \u0111\u01b0\u1eddng ph\u1ed1.<\/p>\n<p><img loading=\"lazy\" decoding=\"async\" class=\"size-full wp-image-439 aligncenter\" src=\"https:\/\/fmp-components.com\/wp-content\/uploads\/2024\/12\/Sanitation-Machinery-Forward-Thrust-Hydraulic-Cylinder.webp\" alt=\"V\u1ec7 sinh-M\u00e1y m\u00f3c-\u0110\u1ea9y v\u1ec1 ph\u00eda tr\u01b0\u1edbc-Xi lanh th\u1ee7y l\u1ef1c\" width=\"500\" height=\"500\" title=\"\" srcset=\"https:\/\/fmp-components.com\/wp-content\/uploads\/2024\/12\/Sanitation-Machinery-Forward-Thrust-Hydraulic-Cylinder.webp 500w, https:\/\/fmp-components.com\/wp-content\/uploads\/2024\/12\/Sanitation-Machinery-Forward-Thrust-Hydraulic-Cylinder-480x480.webp 480w\" sizes=\"(min-width: 0px) and (max-width: 480px) 480px, (min-width: 481px) 500px, 100vw\" \/><\/p>\n<h4>C\u00e1c t\u00ednh n\u0103ng ch\u00ednh:<\/h4>\n<ul>\n<li>K\u1ebft c\u1ea5u ch\u1eafc ch\u1eafn: \u0110\u01b0\u1ee3c l\u00e0m t\u1eeb v\u1eadt li\u1ec7u c\u00f3 \u0111\u1ed9 b\u1ec1n cao, xi lanh th\u1ee7y l\u1ef1c n\u00e0y \u0111\u01b0\u1ee3c ch\u1ebf t\u1ea1o \u0111\u1ec3 ch\u1ecbu \u0111\u01b0\u1ee3c nh\u1eefng \u0111i\u1ec1u ki\u1ec7n kh\u1eafc nghi\u1ec7t c\u1ee7a ng\u00e0nh v\u1ec7 sinh, \u0111\u1ea3m b\u1ea3o \u0111\u1ed9 b\u1ec1n v\u00e0 hi\u1ec7u su\u1ea5t l\u00e2u d\u00e0i.<\/li>\n<li>Ho\u1ea1t \u0111\u1ed9ng th\u1ee7y l\u1ef1c tr\u01a1n tru: H\u1ec7 th\u1ed1ng th\u1ee7y l\u1ef1c ti\u00ean ti\u1ebfn cho ph\u00e9p chuy\u1ec3n \u0111\u1ed9ng m\u01b0\u1ee3t m\u00e0 v\u00e0 nh\u1ea1y b\u00e9n, gi\u1ea3m thi\u1ec3u hao m\u00f2n m\u00e1y m\u00f3c v\u00e0 t\u1ed1i \u01b0u h\u00f3a hi\u1ec7u qu\u1ea3 ho\u1ea1t \u0111\u1ed9ng.<\/li>\n<li>Ki\u1ec3m so\u00e1t ch\u00ednh x\u00e1c: \u0110\u01b0\u1ee3c thi\u1ebft k\u1ebf \u0111\u1ec3 ki\u1ec3m so\u00e1t ch\u00ednh x\u00e1c, xi lanh th\u1ee7y l\u1ef1c \u0111\u1ea9y v\u1ec1 ph\u00eda tr\u01b0\u1edbc cho ph\u00e9p ng\u01b0\u1eddi v\u1eadn h\u00e0nh \u0111i\u1ec1u khi\u1ec3n thi\u1ebft b\u1ecb v\u1ec7 sinh hi\u1ec7u qu\u1ea3, c\u1ea3i thi\u1ec7n t\u00ednh an to\u00e0n v\u00e0 hi\u1ec7u su\u1ea5t trong nhi\u1ec1u nhi\u1ec7m v\u1ee5 kh\u00e1c nhau.<\/li>\n<li>\u1ee8ng d\u1ee5ng \u0111a n\u0103ng: Th\u00edch h\u1ee3p cho nhi\u1ec1u lo\u1ea1i m\u00e1y m\u00f3c v\u1ec7 sinh, xi lanh th\u1ee7y l\u1ef1c n\u00e0y c\u00f3 th\u1ec3 d\u1ec5 d\u00e0ng t\u00edch h\u1ee3p v\u00e0o c\u00e1c h\u1ec7 th\u1ed1ng hi\u1ec7n c\u00f3, tr\u1edf th\u00e0nh gi\u1ea3i ph\u00e1p \u0111a n\u0103ng cho ho\u1ea1t \u0111\u1ed9ng qu\u1ea3n l\u00fd ch\u1ea5t th\u1ea3i.<\/li>\n<li>Hi\u1ec7u qu\u1ea3 n\u0103ng l\u01b0\u1ee3ng: Thi\u1ebft k\u1ebf c\u1ee7a s\u1ea3n ph\u1ea9m t\u1ed1i \u01b0u h\u00f3a m\u1ee9c ti\u00eau th\u1ee5 n\u0103ng l\u01b0\u1ee3ng, gi\u1ea3m th\u1ea5t tho\u00e1t \u0111i\u1ec7n n\u0103ng v\u00e0 g\u00f3p ph\u1ea7n gi\u1ea3m chi ph\u00ed v\u1eadn h\u00e0nh, khi\u1ebfn s\u1ea3n ph\u1ea9m tr\u1edf th\u00e0nh l\u1ef1a ch\u1ecdn th\u00e2n thi\u1ec7n v\u1edbi m\u00f4i tr\u01b0\u1eddng cho c\u00e1c d\u1ecbch v\u1ee5 v\u1ec7 sinh.<\/li>\n<\/ul>\n<p>Xi lanh th\u1ee7y l\u1ef1c \u0111\u1ea9y v\u1ec1 ph\u00eda tr\u01b0\u1edbc c\u1ee7a m\u00e1y v\u1ec7 sinh n\u00e2ng cao ch\u1ee9c n\u0103ng v\u00e0 hi\u1ec7u qu\u1ea3 c\u1ee7a thi\u1ebft b\u1ecb v\u1ec7 sinh, \u0111\u1ea3m b\u1ea3o hi\u1ec7u su\u1ea5t cao trong ho\u1ea1t \u0111\u1ed9ng qu\u1ea3n l\u00fd ch\u1ea5t th\u1ea3i \u0111\u1ed3ng th\u1eddi duy tr\u00ec \u0111\u1ed9 b\u1ec1n v\u00e0 kh\u1ea3 n\u0103ng ki\u1ec3m so\u00e1t \u1edf m\u1ee9c cao.<\/p>\n<h2>K\u00edch th\u01b0\u1edbc xi lanh th\u1ee7y l\u1ef1c \u0111\u1ea9y v\u1ec1 ph\u00eda tr\u01b0\u1edbc c\u1ee7a m\u00e1y v\u1ec7 sinh:<\/h2>\n<table>\n<tbody>\n<tr>\n<td><img loading=\"lazy\" decoding=\"async\" class=\"alignnone size-full wp-image-435\" src=\"https:\/\/fmp-components.com\/wp-content\/uploads\/2024\/12\/Sanitation-Machinery-Forward-Thrust-Hydraulic-Cylinder-Dimensions-1.webp\" alt=\"M\u00e1y m\u00f3c v\u1ec7 sinh - \u0110\u1ea9y v\u1ec1 ph\u00eda tr\u01b0\u1edbc - Xi lanh th\u1ee7y l\u1ef1c - \u01afu \u0111i\u1ec3m - 1\" width=\"980\" height=\"416\" title=\"\" srcset=\"https:\/\/fmp-components.com\/wp-content\/uploads\/2024\/12\/Sanitation-Machinery-Forward-Thrust-Hydraulic-Cylinder-Dimensions-1.webp 980w, https:\/\/fmp-components.com\/wp-content\/uploads\/2024\/12\/Sanitation-Machinery-Forward-Thrust-Hydraulic-Cylinder-Dimensions-1-480x204.webp 480w\" sizes=\"(min-width: 0px) and (max-width: 480px) 480px, (min-width: 481px) 980px, 100vw\" \/><\/td>\n<td><img loading=\"lazy\" decoding=\"async\" class=\"alignnone size-full wp-image-436\" src=\"https:\/\/fmp-components.com\/wp-content\/uploads\/2024\/12\/Sanitation-Machinery-Forward-Thrust-Hydraulic-Cylinder-Dimensions-2.webp\" alt=\"M\u00e1y m\u00f3c v\u1ec7 sinh - \u0110\u1ea9y v\u1ec1 ph\u00eda tr\u01b0\u1edbc - Xi lanh th\u1ee7y l\u1ef1c - \u01afu \u0111i\u1ec3m - 1\" width=\"980\" height=\"416\" title=\"\" srcset=\"https:\/\/fmp-components.com\/wp-content\/uploads\/2024\/12\/Sanitation-Machinery-Forward-Thrust-Hydraulic-Cylinder-Dimensions-2.webp 980w, https:\/\/fmp-components.com\/wp-content\/uploads\/2024\/12\/Sanitation-Machinery-Forward-Thrust-Hydraulic-Cylinder-Dimensions-2-480x204.webp 480w\" sizes=\"(min-width: 0px) and (max-width: 480px) 480px, (min-width: 481px) 980px, 100vw\" \/><\/td>\n<\/tr>\n<\/tbody>\n<\/table>\n<table style=\"width: 100%; height: 133px;\" border=\"1\" cellspacing=\"0\" cellpadding=\"0\">\n<tbody>\n<tr style=\"height: 71px;\">\n<td style=\"height: 71px;\" width=\"246\">T\u00ean xi lanh<\/td>\n<td style=\"height: 71px;\" width=\"336\">S\u1ed1 b\u1ea3n v\u1ebd<\/td>\n<td style=\"height: 71px;\" width=\"126\">\u0110\u01b0\u1eddng k\u00ednh l\u1ed7 khoan (D)<\/td>\n<td style=\"height: 71px;\" width=\"123\">\u0110\u01b0\u1eddng k\u00ednh thanh (d)<\/td>\n<td style=\"height: 71px;\" width=\"114\">\u0110\u1ed9t qu\u1ef5 (S)<\/td>\n<td style=\"height: 71px;\" width=\"170\">Kho\u1ea3ng c\u00e1ch l\u1eafp \u0111\u1eb7t (L)<\/td>\n<td style=\"height: 71px;\" width=\"172\">\u00c1p su\u1ea5t l\u00e0m vi\u1ec7c<\/td>\n<td style=\"height: 71px;\" width=\"366\">K\u00edch th\u01b0\u1edbc giao di\u1ec7n (M)<\/td>\n<td style=\"height: 71px;\" width=\"96\">C\u00e2n n\u1eb7ng<\/td>\n<\/tr>\n<tr style=\"height: 62px;\">\n<td class=\"et3\" style=\"height: 62px;\" width=\"246\" height=\"298\">Xi lanh \u0111\u1ea9y v\u1ec1 ph\u00eda tr\u01b0\u1edbc<\/td>\n<td class=\"et4\" style=\"height: 62px;\" width=\"336\">LPE416B.4.4-2-00<\/td>\n<td class=\"et4\" style=\"height: 62px;\" width=\"126\">\u03a690<\/td>\n<td class=\"et4\" style=\"height: 62px;\" width=\"123\">\u03a663<\/td>\n<td class=\"et4\" style=\"height: 62px;\" width=\"114\">320<\/td>\n<td class=\"et4\" style=\"height: 62px;\" width=\"170\">878<\/td>\n<td class=\"et4\" style=\"height: 62px;\" width=\"172\">16MPa<\/td>\n<td class=\"et4\" style=\"height: 62px;\" width=\"366\">2-M22*1.5<\/td>\n<td class=\"et4\" style=\"height: 62px;\" width=\"96\">47kg<\/td>\n<\/tr>\n<\/tbody>\n<\/table>\n<table>\n<tbody>\n<tr>\n<td><img loading=\"lazy\" decoding=\"async\" class=\"alignnone size-full wp-image-437\" src=\"https:\/\/fmp-components.com\/wp-content\/uploads\/2024\/12\/Sanitation-Machinery-Forward-Thrust-Hydraulic-Cylinder-Dimensions-3.webp\" alt=\"M\u00e1y m\u00f3c v\u1ec7 sinh - \u0110\u1ea9y v\u1ec1 ph\u00eda tr\u01b0\u1edbc - Xi lanh th\u1ee7y l\u1ef1c - \u01afu \u0111i\u1ec3m - 1\" width=\"980\" height=\"375\" title=\"\" srcset=\"https:\/\/fmp-components.com\/wp-content\/uploads\/2024\/12\/Sanitation-Machinery-Forward-Thrust-Hydraulic-Cylinder-Dimensions-3.webp 980w, https:\/\/fmp-components.com\/wp-content\/uploads\/2024\/12\/Sanitation-Machinery-Forward-Thrust-Hydraulic-Cylinder-Dimensions-3-480x184.webp 480w\" sizes=\"(min-width: 0px) and (max-width: 480px) 480px, (min-width: 481px) 980px, 100vw\" \/><\/td>\n<td><img loading=\"lazy\" decoding=\"async\" class=\"alignnone size-full wp-image-438\" src=\"https:\/\/fmp-components.com\/wp-content\/uploads\/2024\/12\/Sanitation-Machinery-Forward-Thrust-Hydraulic-Cylinder-Dimensions-4.webp\" alt=\"M\u00e1y m\u00f3c v\u1ec7 sinh - \u0110\u1ea9y v\u1ec1 ph\u00eda tr\u01b0\u1edbc - Xi lanh th\u1ee7y l\u1ef1c - \u01afu \u0111i\u1ec3m - 1\" width=\"980\" height=\"375\" title=\"\" srcset=\"https:\/\/fmp-components.com\/wp-content\/uploads\/2024\/12\/Sanitation-Machinery-Forward-Thrust-Hydraulic-Cylinder-Dimensions-4.webp 980w, https:\/\/fmp-components.com\/wp-content\/uploads\/2024\/12\/Sanitation-Machinery-Forward-Thrust-Hydraulic-Cylinder-Dimensions-4-480x184.webp 480w\" sizes=\"(min-width: 0px) and (max-width: 480px) 480px, (min-width: 481px) 980px, 100vw\" \/><\/td>\n<\/tr>\n<\/tbody>\n<\/table>\n<table style=\"width: 100%; height: 119px;\" border=\"1\" cellspacing=\"0\" cellpadding=\"0\">\n<tbody>\n<tr style=\"height: 71px;\">\n<td style=\"height: 71px;\" width=\"246\">T\u00ean xi lanh<\/td>\n<td style=\"height: 71px;\" width=\"336\">S\u1ed1 b\u1ea3n v\u1ebd<\/td>\n<td style=\"height: 71px;\" width=\"126\">\u0110\u01b0\u1eddng k\u00ednh l\u1ed7 khoan (D)<\/td>\n<td style=\"height: 71px;\" width=\"123\">\u0110\u01b0\u1eddng k\u00ednh thanh (d)<\/td>\n<td style=\"height: 71px;\" width=\"114\">\u0110\u1ed9t qu\u1ef5 (S)<\/td>\n<td style=\"height: 71px;\" width=\"170\">Kho\u1ea3ng c\u00e1ch l\u1eafp \u0111\u1eb7t (L)<\/td>\n<td style=\"height: 71px;\" width=\"172\">\u00c1p su\u1ea5t l\u00e0m vi\u1ec7c<\/td>\n<td style=\"height: 71px;\" width=\"366\">K\u00edch th\u01b0\u1edbc giao di\u1ec7n (M)<\/td>\n<td style=\"height: 71px;\" width=\"96\">C\u00e2n n\u1eb7ng<\/td>\n<\/tr>\n<tr style=\"height: 48px;\">\n<td class=\"et3\" style=\"height: 48px;\" width=\"246\" height=\"290\">Xi lanh \u0111\u1ea9y v\u1ec1 ph\u00eda tr\u01b0\u1edbc<\/td>\n<td class=\"et4\" style=\"height: 48px;\" width=\"336\">LPG418.4.4-2-00<\/td>\n<td class=\"et4\" style=\"height: 48px;\" width=\"126\">\u03a6100<\/td>\n<td class=\"et4\" style=\"height: 48px;\" width=\"123\">\u03a655<\/td>\n<td class=\"et4\" style=\"height: 48px;\" width=\"114\">320<\/td>\n<td class=\"et4\" style=\"height: 48px;\" width=\"170\">700<\/td>\n<td class=\"et4\" style=\"height: 48px;\" width=\"172\">16MPa<\/td>\n<td class=\"et4\" style=\"height: 48px;\" width=\"366\">2-M22*1.5<\/td>\n<td class=\"et4\" style=\"height: 48px;\" width=\"96\">41kg<\/td>\n<\/tr>\n<\/tbody>\n<\/table>\n<h2>Xi lanh th\u1ee7y l\u1ef1c c\u00f3 s\u1eb5n th\u01b0\u01a1ng hi\u1ec7u v\u00e0 m\u1eabu m\u00e3:<\/h2>\n<table border=\"1\" cellspacing=\"0\" cellpadding=\"0\">\n<tbody>\n<tr>\n<td><span data-spm-anchor-id=\"a2700.details.0.i43.45d84a73e99C9z\">KOMATSU (PC)<\/span><\/td>\n<td>PC30, PC40, PC50, PC56, PC60, PC78, PC100, PC110, PC120, PC130, PC160, PC200-3\/5\/6\/7\/8\/8 th\u00e1ng, PC210, PC220-5\/6\/7\/8\/8 th\u00e1ng, PC240, PC300\/350\/360-5\/6\/7\/8\/8 th\u00e1ng, PC400\/450-5\/6\/7\/8\/8 th\u00e1ng, PC800, PC850<\/td>\n<\/tr>\n<tr>\n<td>S\u00c2U B\u01af\u1edaM (E)<\/td>\n<td>E301.5, E302, E305.5, E306, E307V1\/V2\/B\/C\/D\/E\/F, E308B\/C, E120B, E312V1\/V2\/B\/C\/D, E313D2, E312D2, E315D,<br \/>\nE200B,E320V1\/V2\/A\/B\/C\/D,E324D,E325C\/D,E329D,E330\/336C\/D,E345C,E349D,E365C,E374,E390<\/td>\n<\/tr>\n<tr>\n<td>KOBELCO (SK)<\/td>\n<td>SK60-3\/5\/8,SK75-8\/SR, SK100 ,SK120-3\/5, SK135-8\/SR, SK140-8, SK200-3\/5\/6\/6E, SK210-3\/5\/6\/6E,<br \/>\nSK230\/250-6E,SK250-8,SK260-8,SK350-8\/S8,SK460\/480-8<\/td>\n<\/tr>\n<tr>\n<td>HYUNDAI (Ph\u1ea3i)<\/td>\n<td>R55-5\/7, R60-5\/7, R80, R110, R130, R200-5, R210-5, R215-5\/7, R220-5\/7\/9, R225-5\/7\/9, R250, R260, R265, R290, R305, R445, R485, R505<\/td>\n<\/tr>\n<tr>\n<td><span data-spm-anchor-id=\"a2700.details.0.i53.45d84a73e99C9z\">HITACHI (c\u0169 ZX)<\/span><\/td>\n<td>EX60, EX100-1\/2\/3, EX120-1\/3\/5\/6, EX200-1\/3\/5, EX230-5, EX300-1, EX400<br \/>\nZAX60,ZAX70,ZA120-6,ZAX200\/210-1\/3\/5\/5K,ZAX240,ZAX250,ZAX260,ZAX330-3\/5\/6,ZAX450\/470,ZAX650\/670,ZAX850\/870<\/td>\n<\/tr>\n<tr>\n<td>\n<div class=\"magic-32\"><span data-spm-anchor-id=\"a2700.details.0.i55.45d84a73e99C9z\">DOOSAN (DH\/DX)<\/span><\/div>\n<\/td>\n<td>\n<div class=\"magic-33\"><span class=\"magic-34\">DH55, DH60, DH80,DH150, DH215-5\/7,DH220-5,DH225-5\/7,DH258,DH300-5\/7, DH370,DH420,DH500<br \/>\nDX55, DX60, DX75, DX130, DX225-9, DX300, DX380, DX420, DX500<\/span><\/div>\n<\/td>\n<\/tr>\n<tr>\n<td>\n<div class=\"magic-32\">VOLVO (EC)<\/div>\n<\/td>\n<td>\n<div class=\"magic-33\"><span class=\"magic-34\">EC55, EC60, EC75, EC80, EC140, EC210B\/D, EC220D, EC240, EC250, EC290, EC300, EC360, EC380, EC460, EC480, EC700, EC750, EC950<\/span><\/div>\n<\/td>\n<\/tr>\n<tr>\n<td>\n<div class=\"magic-32\">KATO (HD)<\/div>\n<\/td>\n<td>\n<div class=\"magic-33\"><span class=\"magic-34\">HD307\/308, HD450, HD512, HD700-5\/7, HD820-1\/2\/3\/5\/R, HD1023-1\/3, HD1430-1\/3<\/span><\/div>\n<\/td>\n<\/tr>\n<tr>\n<td>\n<div class=\"magic-32\">TH\u01af\u01a0NG HI\u1ec6U KH\u00c1C<\/div>\n<\/td>\n<td>\n<div class=\"magic-33\"><span class=\"magic-34\">XCMG,LIUGONG,KUBOTA,CASE,YANMAR,SUNWARD,ZOOMLION,LISHIDE,LIEHERR<\/span><\/div>\n<\/td>\n<\/tr>\n<\/tbody>\n<\/table>\n<h3>\u0110\u1eb7c \u0111i\u1ec3m c\u1ee7a m\u00e1y v\u1ec7 sinh xi lanh th\u1ee7y l\u1ef1c \u0111\u1ea9y v\u1ec1 ph\u00eda tr\u01b0\u1edbc<\/h3>\n<h4>1. K\u1ebft c\u1ea5u b\u1ec1n b\u1ec9<\/h4>\n<p>Xi lanh th\u1ee7y l\u1ef1c \u0111\u1ea9y v\u1ec1 ph\u00eda tr\u01b0\u1edbc c\u1ee7a M\u00e1y V\u1ec7 sinh \u0111\u01b0\u1ee3c l\u00e0m t\u1eeb v\u1eadt li\u1ec7u c\u00f3 \u0111\u1ed9 b\u1ec1n cao, \u0111\u1ea3m b\u1ea3o ch\u1ecbu \u0111\u01b0\u1ee3c c\u00e1c \u0111i\u1ec1u ki\u1ec7n kh\u1eafc nghi\u1ec7t th\u01b0\u1eddng g\u1eb7p trong ho\u1ea1t \u0111\u1ed9ng v\u1ec7 sinh. Thi\u1ebft k\u1ebf ch\u1eafc ch\u1eafn n\u00e0y \u0111\u1ea3m b\u1ea3o \u0111\u1ed9 b\u1ec1n v\u00e0 \u0111\u1ed9 tin c\u1eady l\u00e2u d\u00e0i.<\/p>\n<h4>2. Ho\u1ea1t \u0111\u1ed9ng th\u1ee7y l\u1ef1c tr\u01a1n tru<\/h4>\n<p>\u0110\u01b0\u1ee3c thi\u1ebft k\u1ebf v\u1edbi h\u1ec7 th\u1ed1ng th\u1ee7y l\u1ef1c ti\u00ean ti\u1ebfn, xi lanh n\u00e0y mang l\u1ea1i chuy\u1ec3n \u0111\u1ed9ng m\u01b0\u1ee3t m\u00e0 v\u00e0 tr\u01a1n tru. T\u00ednh n\u0103ng n\u00e0y gi\u1ea3m thi\u1ec3u hao m\u00f2n m\u00e1y m\u00f3c v\u00e0 n\u00e2ng cao hi\u1ec7u qu\u1ea3 v\u1eadn h\u00e0nh t\u1ed5ng th\u1ec3, cho ph\u00e9p ho\u1ea1t \u0111\u1ed9ng li\u1ec1n m\u1ea1ch trong qu\u00e1 tr\u00ecnh thu gom r\u00e1c th\u1ea3i.<\/p>\n<h4>3. Ki\u1ec3m so\u00e1t ch\u00ednh x\u00e1c<\/h4>\n<p>Xi lanh th\u1ee7y l\u1ef1c \u0111\u01b0\u1ee3c thi\u1ebft k\u1ebf \u0111\u1ec3 \u0111i\u1ec1u khi\u1ec3n ch\u00ednh x\u00e1c, cho ph\u00e9p ng\u01b0\u1eddi v\u1eadn h\u00e0nh \u0111i\u1ec1u khi\u1ec3n thi\u1ebft b\u1ecb v\u1ec7 sinh m\u1ed9t c\u00e1ch ch\u00ednh x\u00e1c. Kh\u1ea3 n\u0103ng n\u00e0y gi\u00fap c\u1ea3i thi\u1ec7n \u0111\u1ed9 an to\u00e0n v\u00e0 hi\u1ec7u qu\u1ea3 trong nhi\u1ec1u nhi\u1ec7m v\u1ee5 kh\u00e1c nhau, ch\u1eb3ng h\u1ea1n nh\u01b0 v\u1ec7 sinh \u0111\u01b0\u1eddng ph\u1ed1 v\u00e0 v\u1eadn chuy\u1ec3n ch\u1ea5t th\u1ea3i.<\/p>\n<h4>4. \u1ee8ng d\u1ee5ng \u0111a n\u0103ng<\/h4>\n<p>Ph\u00f9 h\u1ee3p v\u1edbi nhi\u1ec1u lo\u1ea1i m\u00e1y m\u00f3c v\u1ec7 sinh, bao g\u1ed3m xe ch\u1edf r\u00e1c v\u00e0 m\u00e1y qu\u00e9t \u0111\u01b0\u1eddng, xi lanh th\u1ee7y l\u1ef1c \u0111\u1ea9y v\u1ec1 ph\u00eda tr\u01b0\u1edbc n\u00e0y c\u00f3 th\u1ec3 d\u1ec5 d\u00e0ng t\u00edch h\u1ee3p v\u00e0o c\u00e1c h\u1ec7 th\u1ed1ng hi\u1ec7n c\u00f3, khi\u1ebfn n\u00f3 tr\u1edf th\u00e0nh l\u1ef1a ch\u1ecdn linh ho\u1ea1t cho vi\u1ec7c qu\u1ea3n l\u00fd ch\u1ea5t th\u1ea3i.<\/p>\n<h4>5. Hi\u1ec7u qu\u1ea3 n\u0103ng l\u01b0\u1ee3ng<\/h4>\n<p>Thi\u1ebft k\u1ebf c\u1ee7a xi lanh t\u1ed1i \u01b0u h\u00f3a vi\u1ec7c s\u1eed d\u1ee5ng n\u0103ng l\u01b0\u1ee3ng, gi\u1ea3m t\u1ed5n th\u1ea5t \u0111i\u1ec7n n\u0103ng trong qu\u00e1 tr\u00ecnh v\u1eadn h\u00e0nh. Hi\u1ec7u qu\u1ea3 n\u0103ng l\u01b0\u1ee3ng n\u00e0y gi\u00fap gi\u1ea3m chi ph\u00ed v\u1eadn h\u00e0nh, g\u00f3p ph\u1ea7n v\u00e0o c\u00e1c ho\u1ea1t \u0111\u1ed9ng b\u1ec1n v\u1eefng h\u01a1n trong ng\u00e0nh v\u1ec7 sinh.<\/p>\n<h4>6. Y\u00eau c\u1ea7u b\u1ea3o tr\u00ec th\u1ea5p<\/h4>\n<p>Nh\u1edd c\u1ea5u tr\u00fac ch\u1eafc ch\u1eafn v\u00e0 v\u1eadt li\u1ec7u ch\u1ea5t l\u01b0\u1ee3ng cao, xi lanh th\u1ee7y l\u1ef1c \u0111\u1ea9y v\u1ec1 ph\u00eda tr\u01b0\u1edbc ch\u1ec9 c\u1ea7n b\u1ea3o tr\u00ec t\u1ed1i thi\u1ec3u, gi\u00fap gi\u1ea3m th\u1eddi gian ch\u1ebft v\u00e0 t\u0103ng n\u0103ng su\u1ea5t cho c\u00e1c d\u1ecbch v\u1ee5 v\u1ec7 sinh.<\/p>\n<h4>7. T\u00ednh n\u0103ng an to\u00e0n<\/h4>\n<p>K\u1ebft h\u1ee3p c\u00e1c c\u01a1 ch\u1ebf an to\u00e0n, ch\u1eb3ng h\u1ea1n nh\u01b0 van gi\u1ea3m \u00e1p, xi lanh th\u1ee7y l\u1ef1c gi\u00fap ng\u0103n ng\u1eeba qu\u00e1 t\u1ea3i v\u00e0 \u0111\u1ea3m b\u1ea3o ho\u1ea1t \u0111\u1ed9ng \u1ed5n \u0111\u1ecbnh, do \u0111\u00f3 t\u0103ng c\u01b0\u1eddng an to\u00e0n cho c\u1ea3 ng\u01b0\u1eddi v\u1eadn h\u00e0nh v\u00e0 m\u00f4i tr\u01b0\u1eddng xung quanh.<\/p>\n<p>T\u00f3m l\u1ea1i, Xi lanh th\u1ee7y l\u1ef1c \u0111\u1ea9y v\u1ec1 ph\u00eda tr\u01b0\u1edbc c\u1ee7a M\u00e1y v\u1ec7 sinh mang l\u1ea1i s\u1ef1 k\u1ebft h\u1ee3p gi\u1eefa \u0111\u1ed9 b\u1ec1n, hi\u1ec7u qu\u1ea3 v\u00e0 an to\u00e0n, khi\u1ebfn n\u00f3 tr\u1edf th\u00e0nh m\u1ed9t th\u00e0nh ph\u1ea7n thi\u1ebft y\u1ebfu cho ho\u1ea1t \u0111\u1ed9ng v\u1ec7 sinh hi\u1ec7u qu\u1ea3 v\u00e0 \u0111\u00e1ng tin c\u1eady.<\/p>\n<p><img loading=\"lazy\" decoding=\"async\" class=\"alignnone size-full wp-image-440\" src=\"https:\/\/fmp-components.com\/wp-content\/uploads\/2024\/12\/Sanitation-Machinery-Forward-Thrust-Hydraulic-Cylinder-1.webp\" alt=\"V\u1ec7 sinh-M\u00e1y m\u00f3c-\u0110\u1ea9y v\u1ec1 ph\u00eda tr\u01b0\u1edbc-Xi lanh th\u1ee7y l\u1ef1c\" width=\"1000\" height=\"667\" title=\"\" srcset=\"https:\/\/fmp-components.com\/wp-content\/uploads\/2024\/12\/Sanitation-Machinery-Forward-Thrust-Hydraulic-Cylinder-1.webp 1000w, https:\/\/fmp-components.com\/wp-content\/uploads\/2024\/12\/Sanitation-Machinery-Forward-Thrust-Hydraulic-Cylinder-1-980x654.webp 980w, https:\/\/fmp-components.com\/wp-content\/uploads\/2024\/12\/Sanitation-Machinery-Forward-Thrust-Hydraulic-Cylinder-1-480x320.webp 480w\" sizes=\"(min-width: 0px) and (max-width: 480px) 480px, (min-width: 481px) and (max-width: 980px) 980px, (min-width: 981px) 1000px, 100vw\" \/><\/p>\n<h2>Gi\u1edbi thi\u1ec7u v\u1ec1 FMP<\/h2>\n<p>FMP l\u00e0 m\u1ed9t c\u00f4ng ty s\u1ea3n xu\u1ea5t c\u01a1 kh\u00ed chuy\u00ean bi\u1ec7t, chuy\u00ean s\u1ea3n xu\u1ea5t xi lanh th\u1ee7y l\u1ef1c. K\u1ec3 t\u1eeb khi th\u00e0nh l\u1eadp, c\u00f4ng ty \u0111\u00e3 t\u1eadp trung v\u00e0o nghi\u00ean c\u1ee9u v\u00e0 s\u1ea3n xu\u1ea5t c\u00f4ng ngh\u1ec7 th\u1ee7y l\u1ef1c, chuy\u1ec3n \u0111\u1ed5i th\u00e0nh c\u00f4ng t\u1eeb danh m\u1ee5c s\u1ea3n ph\u1ea9m \u0111a d\u1ea1ng, bao g\u1ed3m m\u00e1y m\u00f3c thu ho\u1ea1ch v\u00e0 x\u00e2y d\u1ef1ng, sang chuy\u00ean v\u1ec1 linh ki\u1ec7n m\u00e1y k\u00e9o n\u00f4ng nghi\u1ec7p. V\u1edbi h\u01a1n m\u1ed9t th\u1eadp k\u1ef7 kinh nghi\u1ec7m trong s\u1ea3n xu\u1ea5t v\u00e0 qu\u1ea3n l\u00fd, FMP \u0111\u1ea3m b\u1ea3o s\u1ea3n ph\u1ea9m ch\u1ea5t l\u01b0\u1ee3ng cao th\u00f4ng qua c\u00e1c k\u1ef9 thu\u1eadt s\u1ea3n xu\u1ea5t ti\u00ean ti\u1ebfn.<\/p>\n<p>Trong qu\u00e1 tr\u00ecnh ph\u00e1t tri\u1ec3n, c\u00f4ng ty \u0111\u00e3 x\u00e2y d\u1ef1ng \u0111\u01b0\u1ee3c d\u00e2y chuy\u1ec1n s\u1ea3n xu\u1ea5t gia c\u00f4ng, d\u00e2y chuy\u1ec1n l\u1eafp r\u00e1p v\u00e0 d\u00e2y chuy\u1ec1n s\u01a1n ph\u1ee7 to\u00e0n di\u1ec7n. \u0110\u1ed9i ng\u0169 c\u1ee7a ch\u00fang t\u00f4i bao g\u1ed3m \u0111\u1ed9i ng\u0169 qu\u1ea3n l\u00fd l\u00e0nh ngh\u1ec1, \u0111\u1ed9i ng\u0169 thi\u1ebft k\u1ebf c\u01a1 kh\u00ed gi\u00e0u kinh nghi\u1ec7m v\u00e0 \u0111\u1ed9i ng\u0169 k\u1ef9 thu\u1eadt vi\u00ean \u0111\u01b0\u1ee3c \u0111\u00e0o t\u1ea1o b\u00e0i b\u1ea3n, c\u00f9ng nhau duy tr\u00ec ch\u1ea5t l\u01b0\u1ee3ng s\u1ea3n xu\u1ea5t \u1ed5n \u0111\u1ecbnh, \u0111\u1ed3ng th\u1eddi ki\u1ec3m so\u00e1t hi\u1ec7u qu\u1ea3 t\u00ednh li\u00ean t\u1ee5c v\u00e0 hi\u1ec7u qu\u1ea3 c\u1ee7a quy tr\u00ecnh.<\/p>\n<p>FMP duy tr\u00ec tri\u1ebft l\u00fd \u201c\u0110\u1ed5i m\u1edbi c\u00f4ng ngh\u1ec7 th\u00fac \u0111\u1ea9y ti\u1ebfn b\u1ed9, Ch\u1ea5t l\u01b0\u1ee3ng t\u1ea1o n\u00ean th\u01b0\u01a1ng hi\u1ec7u, Tay ngh\u1ec1 \u0111\u1ea3m b\u1ea3o ch\u1ea5t l\u01b0\u1ee3ng v\u00e0 X\u00e2y d\u1ef1ng m\u1ed1i quan h\u1ec7 \u0111\u00f4i b\u00ean c\u00f9ng c\u00f3 l\u1ee3i l\u00e2u d\u00e0i\u201d. Cam k\u1ebft cung c\u1ea5p s\u1ea3n ph\u1ea9m ch\u1ea5t l\u01b0\u1ee3ng cao v\u00e0 d\u1ecbch v\u1ee5 kh\u00e1ch h\u00e0ng v\u01b0\u1ee3t tr\u1ed9i v\u1eabn l\u00e0 m\u1ee5c ti\u00eau c\u1ed1t l\u00f5i khi ch\u00fang t\u00f4i ti\u1ebfp t\u1ee5c \u0111\u00e1p \u1ee9ng nhu c\u1ea7u ng\u00e0y c\u00e0ng thay \u0111\u1ed5i c\u1ee7a th\u1ecb tr\u01b0\u1eddng.<\/p>\n<p><img loading=\"lazy\" decoding=\"async\" class=\"alignnone size-full wp-image-426\" src=\"https:\/\/fmp-components.com\/wp-content\/uploads\/2024\/12\/Sanitation-Machinery-Locking-Hydraulic-Cylinder-factory.webp\" alt=\"Nh\u00e0 m\u00e1y xi lanh th\u1ee7y l\u1ef1c kh\u00f3a m\u00e1y v\u1ec7 sinh\" width=\"1414\" height=\"584\" title=\"\" srcset=\"https:\/\/fmp-components.com\/wp-content\/uploads\/2024\/12\/Sanitation-Machinery-Locking-Hydraulic-Cylinder-factory.webp 1414w, https:\/\/fmp-components.com\/wp-content\/uploads\/2024\/12\/Sanitation-Machinery-Locking-Hydraulic-Cylinder-factory-1280x529.webp 1280w, https:\/\/fmp-components.com\/wp-content\/uploads\/2024\/12\/Sanitation-Machinery-Locking-Hydraulic-Cylinder-factory-980x405.webp 980w, https:\/\/fmp-components.com\/wp-content\/uploads\/2024\/12\/Sanitation-Machinery-Locking-Hydraulic-Cylinder-factory-480x198.webp 480w\" sizes=\"(min-width: 0px) and (max-width: 480px) 480px, (min-width: 481px) and (max-width: 980px) 980px, (min-width: 981px) and (max-width: 1280px) 1280px, (min-width: 1281px) 1414px, 100vw\" \/><\/p>\n<p>T\u00e1c gi\u1ea3: CX<\/p>","protected":false},"excerpt":{"rendered":"<p>Xi lanh th\u1ee7y l\u1ef1c \u0111\u1ea9y v\u1ec1 ph\u00eda tr\u01b0\u1edbc c\u1ee7a M\u00e1y V\u1ec7 sinh l\u00e0 m\u1ed9t b\u1ed9 ph\u1eadn quan tr\u1ecdng \u0111\u01b0\u1ee3c thi\u1ebft k\u1ebf \u0111\u1ec3 cung c\u1ea5p l\u1ef1c \u0111\u1ea9y m\u1ea1nh m\u1ebd v\u1ec1 ph\u00eda tr\u01b0\u1edbc cho c\u00e1c thi\u1ebft b\u1ecb v\u1ec7 sinh, ch\u1eb3ng h\u1ea1n nh\u01b0 xe ch\u1edf r\u00e1c v\u00e0 xe qu\u00e9t \u0111\u01b0\u1eddng. \u0110\u01b0\u1ee3c thi\u1ebft k\u1ebf \u0111\u1ec3 \u0111\u1ea3m b\u1ea3o \u0111\u1ed9 tin c\u1eady v\u00e0 hi\u1ec7u qu\u1ea3, xi lanh th\u1ee7y l\u1ef1c n\u00e0y cho ph\u00e9p chuy\u1ec3n \u0111\u1ed9ng tr\u01a1n tru v\u00e0 c\u00f3 ki\u1ec3m so\u00e1t, t\u1ea1o \u0111i\u1ec1u ki\u1ec7n thu\u1eadn l\u1ee3i cho c\u00e1c ho\u1ea1t \u0111\u1ed9ng thu gom r\u00e1c th\u1ea3i v\u00e0 v\u1ec7 sinh \u0111\u01b0\u1eddng ph\u1ed1 hi\u1ec7u qu\u1ea3. \u0110\u01b0\u1ee3c ch\u1ebf t\u1ea1o t\u1eeb v\u1eadt li\u1ec7u c\u00f3 \u0111\u1ed9 b\u1ec1n cao, xi lanh \u0111\u01b0\u1ee3c thi\u1ebft k\u1ebf \u0111\u1ec3 ch\u1ecbu \u0111\u01b0\u1ee3c c\u00e1c \u0111i\u1ec1u ki\u1ec7n kh\u1eafc nghi\u1ec7t th\u01b0\u1eddng th\u1ea5y trong c\u00f4ng vi\u1ec7c v\u1ec7 sinh, \u0111\u1ea3m b\u1ea3o \u0111\u1ed9 b\u1ec1n l\u00e2u d\u00e0i. Thi\u1ebft k\u1ebf th\u1ee7y l\u1ef1c ti\u00ean ti\u1ebfn cho ph\u00e9p \u0111i\u1ec1u khi\u1ec3n ch\u00ednh x\u00e1c v\u00e0 ph\u1ea3n h\u1ed3i nhanh ch\u00f3ng, r\u1ea5t c\u1ea7n thi\u1ebft \u0111\u1ec3 t\u1ed1i \u01b0u h\u00f3a hi\u1ec7u su\u1ea5t v\u00e0 \u0111\u1ed9 an to\u00e0n c\u1ee7a m\u00e1y m\u00f3c v\u1ec7 sinh trong nhi\u1ec1u \u1ee9ng d\u1ee5ng kh\u00e1c nhau.<\/p>","protected":false},"featured_media":439,"comment_status":"open","ping_status":"closed","template":"","meta":{"_et_pb_use_builder":"","_et_pb_old_content":"","_et_gb_content_width":""},"product_brand":[],"product_cat":[23],"product_tag":[],"class_list":{"0":"post-432","1":"product","2":"type-product","3":"status-publish","4":"has-post-thumbnail","6":"product_cat-sanitation-machinery-hydraulic-cylinders","8":"first","9":"instock","10":"shipping-taxable","11":"product-type-simple"},"_links":{"self":[{"href":"https:\/\/fmp-components.com\/vi\/wp-json\/wp\/v2\/product\/432","targetHints":{"allow":["GET"]}}],"collection":[{"href":"https:\/\/fmp-components.com\/vi\/wp-json\/wp\/v2\/product"}],"about":[{"href":"https:\/\/fmp-components.com\/vi\/wp-json\/wp\/v2\/types\/product"}],"replies":[{"embeddable":true,"href":"https:\/\/fmp-components.com\/vi\/wp-json\/wp\/v2\/comments?post=432"}],"wp:featuredmedia":[{"embeddable":true,"href":"https:\/\/fmp-components.com\/vi\/wp-json\/wp\/v2\/media\/439"}],"wp:attachment":[{"href":"https:\/\/fmp-components.com\/vi\/wp-json\/wp\/v2\/media?parent=432"}],"wp:term":[{"taxonomy":"product_brand","embeddable":true,"href":"https:\/\/fmp-components.com\/vi\/wp-json\/wp\/v2\/product_brand?post=432"},{"taxonomy":"product_cat","embeddable":true,"href":"https:\/\/fmp-components.com\/vi\/wp-json\/wp\/v2\/product_cat?post=432"},{"taxonomy":"product_tag","embeddable":true,"href":"https:\/\/fmp-components.com\/vi\/wp-json\/wp\/v2\/product_tag?post=432"}],"curies":[{"name":"wp","href":"https:\/\/api.w.org\/{rel}","templated":true}]}}