{"id":420,"date":"2024-12-10T05:29:31","date_gmt":"2024-12-10T05:29:31","guid":{"rendered":"https:\/\/fmp-components.com\/?page_id=8"},"modified":"2024-12-10T05:45:25","modified_gmt":"2024-12-10T05:45:25","slug":"sanitation-machinery-locking-hydraulic-cylinder","status":"publish","type":"product","link":"https:\/\/fmp-components.com\/vi\/product\/sanitation-machinery-locking-hydraulic-cylinder\/","title":{"rendered":"M\u00e1y m\u00f3c v\u1ec7 sinh Kh\u00f3a xi lanh th\u1ee7y l\u1ef1c"},"content":{"rendered":"<p style=\"text-align: center;\"><span style=\"font-size: 18pt;\">M\u00e1y m\u00f3c v\u1ec7 sinh Kh\u00f3a xi lanh th\u1ee7y l\u1ef1c<\/span><\/p>\n<p>Xi lanh th\u1ee7y l\u1ef1c kh\u00f3a m\u00e1y v\u1ec7 sinh l\u00e0 m\u1ed9t th\u00e0nh ph\u1ea7n thi\u1ebft y\u1ebfu \u0111\u01b0\u1ee3c thi\u1ebft k\u1ebf \u0111\u1ec3 cung c\u1ea5p c\u01a1 ch\u1ebf kh\u00f3a an to\u00e0n v\u00e0 \u0111\u00e1ng tin c\u1eady cho c\u00e1c thi\u1ebft b\u1ecb v\u1ec7 sinh, bao g\u1ed3m xe ch\u1edf r\u00e1c, xe qu\u00e9t \u0111\u01b0\u1eddng v\u00e0 m\u00e1y \u00e9p r\u00e1c. Xi lanh th\u1ee7y l\u1ef1c n\u00e0y \u0111\u1ea3m b\u1ea3o c\u00e1c b\u1ed9 ph\u1eadn kh\u00e1c nhau c\u1ee7a m\u00e1y m\u00f3c lu\u00f4n \u1ed5n \u0111\u1ecbnh v\u00e0 an to\u00e0n trong qu\u00e1 tr\u00ecnh v\u1eadn h\u00e0nh v\u00e0 v\u1eadn chuy\u1ec3n, n\u00e2ng cao an to\u00e0n v\u00e0 hi\u1ec7u qu\u1ea3 t\u1ed5ng th\u1ec3.<\/p>\n<p><img loading=\"lazy\" decoding=\"async\" class=\"size-full wp-image-421 aligncenter\" src=\"https:\/\/fmp-components.com\/wp-content\/uploads\/2024\/12\/Sanitation-Machinery-Locking-Hydraulic-Cylinder.webp\" alt=\"M\u00e1y m\u00f3c v\u1ec7 sinh Kh\u00f3a xi lanh th\u1ee7y l\u1ef1c\" width=\"500\" height=\"500\" title=\"\" srcset=\"https:\/\/fmp-components.com\/wp-content\/uploads\/2024\/12\/Sanitation-Machinery-Locking-Hydraulic-Cylinder.webp 500w, https:\/\/fmp-components.com\/wp-content\/uploads\/2024\/12\/Sanitation-Machinery-Locking-Hydraulic-Cylinder-480x480.webp 480w\" sizes=\"(min-width: 0px) and (max-width: 480px) 480px, (min-width: 481px) 500px, 100vw\" \/><\/p>\n<h4>C\u00e1c t\u00ednh n\u0103ng ch\u00ednh:<\/h4>\n<ul>\n<li>K\u1ebft c\u1ea5u ch\u1eafc ch\u1eafn: \u0110\u01b0\u1ee3c ch\u1ebf t\u1ea1o t\u1eeb v\u1eadt li\u1ec7u c\u00f3 \u0111\u1ed9 b\u1ec1n cao, xi lanh th\u1ee7y l\u1ef1c kh\u00f3a n\u00e0y \u0111\u01b0\u1ee3c thi\u1ebft k\u1ebf \u0111\u1ec3 ch\u1ecbu \u0111\u01b0\u1ee3c c\u00e1c \u0111i\u1ec1u ki\u1ec7n kh\u1eafc nghi\u1ec7t c\u1ee7a c\u00f4ng vi\u1ec7c v\u1ec7 sinh, \u0111\u1ea3m b\u1ea3o \u0111\u1ed9 b\u1ec1n v\u00e0 \u0111\u1ed9 tin c\u1eady l\u00e2u d\u00e0i.<\/li>\n<li>Thi\u1ebft k\u1ebf th\u1ee7y l\u1ef1c hi\u1ec7u qu\u1ea3: Xi lanh s\u1eed d\u1ee5ng c\u00f4ng ngh\u1ec7 th\u1ee7y l\u1ef1c ti\u00ean ti\u1ebfn cho ph\u00e9p v\u1eadn h\u00e0nh tr\u01a1n tru v\u00e0 nh\u1ea1y b\u00e9n. C\u01a1 c\u1ea5u kh\u00f3a c\u00f3 th\u1ec3 \u0111\u00f3ng m\u1edf nhanh ch\u00f3ng, gi\u00fap quy tr\u00ecnh l\u00e0m vi\u1ec7c hi\u1ec7u qu\u1ea3 h\u01a1n.<\/li>\n<li>T\u0103ng c\u01b0\u1eddng an to\u00e0n: B\u1eb1ng c\u00e1ch kh\u00f3a ch\u1eb7t c\u00e1c th\u00e0nh ph\u1ea7n quan tr\u1ecdng c\u1ee7a m\u00e1y v\u1ec7 sinh, xi lanh th\u1ee7y l\u1ef1c gi\u00fap ng\u0103n ng\u1eeba chuy\u1ec3n \u0111\u1ed9ng ho\u1eb7c r\u01a1i ra ngo\u00e0i trong qu\u00e1 tr\u00ecnh v\u1eadn h\u00e0nh, do \u0111\u00f3 gi\u1ea3m nguy c\u01a1 tai n\u1ea1n.<\/li>\n<li>\u1ee8ng d\u1ee5ng \u0111a n\u0103ng: Th\u00edch h\u1ee3p cho nhi\u1ec1u lo\u1ea1i thi\u1ebft b\u1ecb v\u1ec7 sinh, xi lanh th\u1ee7y l\u1ef1c kh\u00f3a n\u00e0y l\u00e0 m\u1ed9t ph\u1ea7n kh\u00f4ng th\u1ec3 thi\u1ebfu trong ho\u1ea1t \u0111\u1ed9ng hi\u1ec7u qu\u1ea3 c\u1ee7a nhi\u1ec1u lo\u1ea1i xe v\u00e0 m\u00e1y m\u00f3c \u0111\u01b0\u1ee3c s\u1eed d\u1ee5ng trong qu\u1ea3n l\u00fd ch\u1ea5t th\u1ea3i v\u00e0 v\u1ec7 sinh \u0111\u01b0\u1eddng ph\u1ed1.<\/li>\n<li>T\u00edch h\u1ee3p d\u1ec5 d\u00e0ng: \u0110\u01b0\u1ee3c thi\u1ebft k\u1ebf \u0111\u1ec3 l\u1eafp \u0111\u1eb7t \u0111\u01a1n gi\u1ea3n, xi lanh th\u1ee7y l\u1ef1c kh\u00f3a c\u00f3 th\u1ec3 \u0111\u01b0\u1ee3c t\u00edch h\u1ee3p li\u1ec1n m\u1ea1ch v\u00e0o c\u00e1c h\u1ec7 th\u1ed1ng m\u00e1y m\u00f3c v\u1ec7 sinh hi\u1ec7n c\u00f3, gi\u1ea3m thi\u1ec3u th\u1eddi gian ch\u1ebft v\u00e0 \u0111\u1ea3m b\u1ea3o tri\u1ec3n khai nhanh ch\u00f3ng.<\/li>\n<\/ul>\n<p>Xi lanh th\u1ee7y l\u1ef1c kh\u00f3a m\u00e1y v\u1ec7 sinh l\u00e0 m\u1ed9t b\u1ed9 ph\u1eadn quan tr\u1ecdng gi\u00fap t\u0103ng c\u01b0\u1eddng t\u00ednh an to\u00e0n, hi\u1ec7u qu\u1ea3 v\u00e0 \u0111\u1ed9 tin c\u1eady c\u1ee7a thi\u1ebft b\u1ecb v\u1ec7 sinh, tr\u1edf th\u00e0nh c\u00f4ng c\u1ee5 kh\u00f4ng th\u1ec3 thi\u1ebfu cho ho\u1ea1t \u0111\u1ed9ng qu\u1ea3n l\u00fd ch\u1ea5t th\u1ea3i hi\u1ec7u qu\u1ea3.<\/p>\n<h2>K\u00edch th\u01b0\u1edbc xi lanh th\u1ee7y l\u1ef1c kh\u00f3a m\u00e1y m\u00f3c v\u1ec7 sinh:<\/h2>\n<table>\n<tbody>\n<tr>\n<td><img loading=\"lazy\" decoding=\"async\" class=\"alignnone size-full wp-image-423\" src=\"https:\/\/fmp-components.com\/wp-content\/uploads\/2024\/12\/Sanitation-Machinery-Locking-Hydraulic-Cylinder-Dimensions-1.webp\" alt=\"M\u00e1y m\u00f3c v\u1ec7 sinh Kh\u00f3a xi lanh th\u1ee7y l\u1ef1c\" width=\"980\" height=\"427\" title=\"\" srcset=\"https:\/\/fmp-components.com\/wp-content\/uploads\/2024\/12\/Sanitation-Machinery-Locking-Hydraulic-Cylinder-Dimensions-1.webp 980w, https:\/\/fmp-components.com\/wp-content\/uploads\/2024\/12\/Sanitation-Machinery-Locking-Hydraulic-Cylinder-Dimensions-1-480x209.webp 480w\" sizes=\"(min-width: 0px) and (max-width: 480px) 480px, (min-width: 481px) 980px, 100vw\" \/><\/td>\n<td><img loading=\"lazy\" decoding=\"async\" class=\"alignnone size-full wp-image-424\" src=\"https:\/\/fmp-components.com\/wp-content\/uploads\/2024\/12\/Sanitation-Machinery-Locking-Hydraulic-Cylinder-Dimensions-2.webp\" alt=\"M\u00e1y m\u00f3c v\u1ec7 sinh Kh\u00f3a xi lanh th\u1ee7y l\u1ef1c\" width=\"980\" height=\"427\" title=\"\" srcset=\"https:\/\/fmp-components.com\/wp-content\/uploads\/2024\/12\/Sanitation-Machinery-Locking-Hydraulic-Cylinder-Dimensions-2.webp 980w, https:\/\/fmp-components.com\/wp-content\/uploads\/2024\/12\/Sanitation-Machinery-Locking-Hydraulic-Cylinder-Dimensions-2-480x209.webp 480w\" sizes=\"(min-width: 0px) and (max-width: 480px) 480px, (min-width: 481px) 980px, 100vw\" \/><\/td>\n<\/tr>\n<\/tbody>\n<\/table>\n<table style=\"width: 100%; height: 124px;\" border=\"1\" cellspacing=\"0\" cellpadding=\"0\">\n<tbody>\n<tr style=\"height: 47px;\">\n<td style=\"height: 47px;\" width=\"246\">T\u00ean xi lanh<\/td>\n<td style=\"height: 47px;\" width=\"336\">S\u1ed1 b\u1ea3n v\u1ebd<\/td>\n<td style=\"height: 47px;\" width=\"126\">\u0110\u01b0\u1eddng k\u00ednh l\u1ed7 khoan (D)<\/td>\n<td style=\"height: 47px;\" width=\"123\">\u0110\u01b0\u1eddng k\u00ednh thanh (d)<\/td>\n<td style=\"height: 47px;\" width=\"114\">\u0110\u1ed9t qu\u1ef5 (S)<\/td>\n<td style=\"height: 47px;\" width=\"170\">Kho\u1ea3ng c\u00e1ch l\u1eafp \u0111\u1eb7t (L)<\/td>\n<td style=\"height: 47px;\" width=\"172\">\u00c1p su\u1ea5t l\u00e0m vi\u1ec7c<\/td>\n<td style=\"height: 47px;\" width=\"366\">K\u00edch th\u01b0\u1edbc giao di\u1ec7n (M)<\/td>\n<td style=\"height: 47px;\" width=\"96\">C\u00e2n n\u1eb7ng<\/td>\n<\/tr>\n<tr style=\"height: 33px;\">\n<td class=\"et3\" style=\"height: 33px;\" width=\"246\" height=\"286\">Xi lanh kh\u00f3a<\/td>\n<td class=\"et4\" style=\"height: 33px;\" width=\"336\">107504-00<\/td>\n<td class=\"et4\" style=\"height: 33px;\" width=\"126\">\u03a640<\/td>\n<td class=\"et4\" style=\"height: 33px;\" width=\"123\">\u03a620<\/td>\n<td class=\"et4\" style=\"height: 33px;\" width=\"114\">53<\/td>\n<td class=\"et4\" style=\"height: 33px;\" width=\"170\">245<\/td>\n<td class=\"et4\" style=\"height: 33px;\" width=\"172\">25MPa<\/td>\n<td class=\"et4\" style=\"height: 33px;\" width=\"366\">2-G3\/8<\/td>\n<td class=\"et4\" style=\"height: 33px;\" width=\"96\">2,6kg<\/td>\n<\/tr>\n<tr style=\"height: 44px;\">\n<td class=\"et3\" style=\"height: 44px;\" width=\"246\" height=\"316\">Xi lanh kh\u00f3a<\/td>\n<td class=\"et4\" style=\"height: 44px;\">103631-00<\/td>\n<td class=\"et4\" style=\"height: 44px;\">\u03a663<\/td>\n<td class=\"et4\" style=\"height: 44px;\">\u03a640<\/td>\n<td class=\"et4\" style=\"height: 44px;\">160<\/td>\n<td class=\"et4\" style=\"height: 44px;\">385<\/td>\n<td class=\"et4\" style=\"height: 44px;\">30MPa<\/td>\n<td class=\"et4\" style=\"height: 44px;\">2-G3\/8<\/td>\n<td class=\"et4\" style=\"height: 44px;\">15kg<\/td>\n<\/tr>\n<\/tbody>\n<\/table>\n<h3>\u0110\u1eb7c \u0111i\u1ec3m c\u1ee7a Xi lanh th\u1ee7y l\u1ef1c kh\u00f3a m\u00e1y v\u1ec7 sinh<\/h3>\n<h4>1. K\u1ebft c\u1ea5u ch\u1eafc ch\u1eafn<\/h4>\n<p>Xi lanh th\u1ee7y l\u1ef1c kh\u00f3a m\u00e1y v\u1ec7 sinh \u0111\u01b0\u1ee3c l\u00e0m t\u1eeb v\u1eadt li\u1ec7u c\u00f3 \u0111\u1ed9 b\u1ec1n cao, \u0111\u1ea3m b\u1ea3o \u0111\u1ed9 b\u1ec1n v\u00e0 kh\u1ea3 n\u0103ng ch\u1ed1ng m\u00e0i m\u00f2n, ph\u00f9 h\u1ee3p v\u1edbi \u0111i\u1ec1u ki\u1ec7n kh\u1eaft khe c\u1ee7a c\u00f4ng vi\u1ec7c v\u1ec7 sinh.<\/p>\n<h4>2. C\u01a1 ch\u1ebf kh\u00f3a hi\u1ec7u qu\u1ea3<\/h4>\n<p>Xi lanh th\u1ee7y l\u1ef1c n\u00e0y \u0111\u01b0\u1ee3c thi\u1ebft k\u1ebf v\u1edbi c\u01a1 ch\u1ebf kh\u00f3a ti\u00ean ti\u1ebfn cho ph\u00e9p l\u1eafp v\u00e0 th\u00e1o nhanh ch\u00f3ng v\u00e0 an to\u00e0n. Hi\u1ec7u qu\u1ea3 n\u00e0y n\u00e2ng cao quy tr\u00ecnh v\u1eadn h\u00e0nh v\u00e0 an to\u00e0n trong qu\u00e1 tr\u00ecnh s\u1eed d\u1ee5ng.<\/p>\n<h4>3. Ho\u1ea1t \u0111\u1ed9ng th\u1ee7y l\u1ef1c tr\u01a1n tru<\/h4>\n<p>Xi lanh s\u1eed d\u1ee5ng h\u1ec7 th\u1ed1ng th\u1ee7y l\u1ef1c \u0111\u01b0\u1ee3c thi\u1ebft k\u1ebf tinh x\u1ea3o, mang l\u1ea1i kh\u1ea3 n\u0103ng v\u1eadn h\u00e0nh m\u01b0\u1ee3t m\u00e0 v\u00e0 nh\u1ea1y b\u00e9n. T\u00ednh n\u0103ng n\u00e0y cho ph\u00e9p ki\u1ec3m so\u00e1t ch\u00ednh x\u00e1c c\u00e1c thao t\u00e1c kh\u00f3a v\u00e0 m\u1edf kh\u00f3a, \u0111\u1ea3m b\u1ea3o hi\u1ec7u su\u1ea5t \u0111\u00e1ng tin c\u1eady.<\/p>\n<h4>4. C\u1ea3i ti\u1ebfn an to\u00e0n<\/h4>\n<p>T\u00edch h\u1ee3p c\u00e1c t\u00ednh n\u0103ng an to\u00e0n, ch\u1eb3ng h\u1ea1n nh\u01b0 van gi\u1ea3m \u00e1p, xi lanh th\u1ee7y l\u1ef1c kh\u00f3a ng\u0103n ng\u1eeba vi\u1ec7c nh\u1ea3 ho\u1eb7c di chuy\u1ec3n ng\u1eabu nhi\u00ean. \u0110i\u1ec1u n\u00e0y \u0111\u1ea3m b\u1ea3o c\u00e1c b\u1ed9 ph\u1eadn \u0111\u01b0\u1ee3c kh\u00f3a ch\u1eafc ch\u1eafn trong qu\u00e1 tr\u00ecnh v\u1eadn h\u00e0nh, gi\u1ea3m thi\u1ec3u nguy c\u01a1 tai n\u1ea1n.<\/p>\n<h4>5. Kh\u1ea3 n\u0103ng t\u01b0\u01a1ng th\u00edch \u0111a d\u1ea1ng<\/h4>\n<p>\u0110\u01b0\u1ee3c thi\u1ebft k\u1ebf \u0111\u1ec3 t\u01b0\u01a1ng th\u00edch v\u1edbi nhi\u1ec1u lo\u1ea1i thi\u1ebft b\u1ecb v\u1ec7 sinh, bao g\u1ed3m xe ch\u1edf r\u00e1c v\u00e0 m\u00e1y qu\u00e9t \u0111\u01b0\u1eddng, xi lanh th\u1ee7y l\u1ef1c n\u00e0y c\u00f3 th\u1ec3 d\u1ec5 d\u00e0ng t\u00edch h\u1ee3p v\u00e0o nhi\u1ec1u h\u1ec7 th\u1ed1ng m\u00e1y m\u00f3c kh\u00e1c nhau, tr\u1edf th\u00e0nh l\u1ef1a ch\u1ecdn linh ho\u1ea1t cho ho\u1ea1t \u0111\u1ed9ng qu\u1ea3n l\u00fd ch\u1ea5t th\u1ea3i.<\/p>\n<h4>6. Y\u00eau c\u1ea7u b\u1ea3o tr\u00ec th\u1ea5p<\/h4>\n<p>Nh\u1edd thi\u1ebft k\u1ebf ch\u1eafc ch\u1eafn v\u00e0 v\u1eadt li\u1ec7u b\u1ec1n, xi lanh th\u1ee7y l\u1ef1c kh\u00f3a ch\u1ec9 c\u1ea7n b\u1ea3o tr\u00ec t\u1ed1i thi\u1ec3u, gi\u00fap gi\u1ea3m th\u1eddi gian ng\u1eebng ho\u1ea1t \u0111\u1ed9ng v\u00e0 chi ph\u00ed v\u1eadn h\u00e0nh cho c\u00e1c d\u1ecbch v\u1ee5 v\u1ec7 sinh.<\/p>\n<h4>7. Thi\u1ebft k\u1ebf nh\u1ecf g\u1ecdn<\/h4>\n<p>Thi\u1ebft k\u1ebf nh\u1ecf g\u1ecdn c\u1ee7a xi lanh cho ph\u00e9p s\u1eed d\u1ee5ng kh\u00f4ng gian hi\u1ec7u qu\u1ea3 b\u00ean trong m\u00e1y v\u1ec7 sinh, mang l\u1ea1i hi\u1ec7u su\u1ea5t t\u1ed1i \u01b0u m\u00e0 kh\u00f4ng \u1ea3nh h\u01b0\u1edfng \u0111\u1ebfn b\u1ed1 c\u1ee5c t\u1ed5ng th\u1ec3 c\u1ee7a thi\u1ebft b\u1ecb.<\/p>\n<h4>8. Kh\u1ea3 n\u0103ng ch\u1ed1ng \u0103n m\u00f2n<\/h4>\n<p>Nhi\u1ec1u m\u1eabu c\u00f3 l\u1edbp ph\u1ee7 ch\u1ed1ng \u0103n m\u00f2n, \u0111\u1ea3m b\u1ea3o xi lanh th\u1ee7y l\u1ef1c duy tr\u00ec ch\u1ee9c n\u0103ng v\u00e0 v\u1ebb ngo\u00e0i ngay c\u1ea3 khi ti\u1ebfp x\u00fac v\u1edbi \u0111i\u1ec1u ki\u1ec7n m\u00f4i tr\u01b0\u1eddng kh\u1eafc nghi\u1ec7t th\u01b0\u1eddng th\u1ea5y trong c\u00f4ng vi\u1ec7c v\u1ec7 sinh.<\/p>\n<p>T\u00f3m l\u1ea1i, Xi lanh th\u1ee7y l\u1ef1c kh\u00f3a m\u00e1y v\u1ec7 sinh k\u1ebft h\u1ee3p \u0111\u1ed9 b\u1ec1n, hi\u1ec7u qu\u1ea3 v\u00e0 an to\u00e0n, khi\u1ebfn n\u00f3 tr\u1edf th\u00e0nh th\u00e0nh ph\u1ea7n thi\u1ebft y\u1ebfu cho ho\u1ea1t \u0111\u1ed9ng hi\u1ec7u qu\u1ea3 v\u00e0 \u0111\u00e1ng tin c\u1eady trong ng\u00e0nh v\u1ec7 sinh.<\/p>\n<h2><img loading=\"lazy\" decoding=\"async\" class=\"alignnone size-full wp-image-422\" src=\"https:\/\/fmp-components.com\/wp-content\/uploads\/2024\/12\/Sanitation-Machinery.webp\" alt=\"M\u00e1y m\u00f3c v\u1ec7 sinh Kh\u00f3a xi lanh th\u1ee7y l\u1ef1c\" width=\"1000\" height=\"667\" title=\"\" srcset=\"https:\/\/fmp-components.com\/wp-content\/uploads\/2024\/12\/Sanitation-Machinery.webp 1000w, https:\/\/fmp-components.com\/wp-content\/uploads\/2024\/12\/Sanitation-Machinery-980x654.webp 980w, https:\/\/fmp-components.com\/wp-content\/uploads\/2024\/12\/Sanitation-Machinery-480x320.webp 480w\" sizes=\"(min-width: 0px) and (max-width: 480px) 480px, (min-width: 481px) and (max-width: 980px) 980px, (min-width: 981px) 1000px, 100vw\" \/><\/h2>\n<h2>Gi\u1edbi thi\u1ec7u v\u1ec1 FMP<\/h2>\n<p>FMP l\u00e0 m\u1ed9t c\u00f4ng ty s\u1ea3n xu\u1ea5t c\u01a1 kh\u00ed chuy\u00ean bi\u1ec7t, chuy\u00ean s\u1ea3n xu\u1ea5t xi lanh th\u1ee7y l\u1ef1c. K\u1ec3 t\u1eeb khi th\u00e0nh l\u1eadp, c\u00f4ng ty \u0111\u00e3 t\u1eadp trung v\u00e0o nghi\u00ean c\u1ee9u v\u00e0 s\u1ea3n xu\u1ea5t c\u00f4ng ngh\u1ec7 th\u1ee7y l\u1ef1c, chuy\u1ec3n \u0111\u1ed5i th\u00e0nh c\u00f4ng t\u1eeb danh m\u1ee5c s\u1ea3n ph\u1ea9m \u0111a d\u1ea1ng, bao g\u1ed3m m\u00e1y m\u00f3c thu ho\u1ea1ch v\u00e0 x\u00e2y d\u1ef1ng, sang chuy\u00ean v\u1ec1 linh ki\u1ec7n m\u00e1y k\u00e9o n\u00f4ng nghi\u1ec7p. V\u1edbi h\u01a1n m\u1ed9t th\u1eadp k\u1ef7 kinh nghi\u1ec7m trong s\u1ea3n xu\u1ea5t v\u00e0 qu\u1ea3n l\u00fd, FMP \u0111\u1ea3m b\u1ea3o s\u1ea3n ph\u1ea9m ch\u1ea5t l\u01b0\u1ee3ng cao th\u00f4ng qua c\u00e1c k\u1ef9 thu\u1eadt s\u1ea3n xu\u1ea5t ti\u00ean ti\u1ebfn.<\/p>\n<p>Trong qu\u00e1 tr\u00ecnh ph\u00e1t tri\u1ec3n, c\u00f4ng ty \u0111\u00e3 x\u00e2y d\u1ef1ng \u0111\u01b0\u1ee3c d\u00e2y chuy\u1ec1n s\u1ea3n xu\u1ea5t gia c\u00f4ng, d\u00e2y chuy\u1ec1n l\u1eafp r\u00e1p v\u00e0 d\u00e2y chuy\u1ec1n s\u01a1n ph\u1ee7 to\u00e0n di\u1ec7n. \u0110\u1ed9i ng\u0169 c\u1ee7a ch\u00fang t\u00f4i bao g\u1ed3m \u0111\u1ed9i ng\u0169 qu\u1ea3n l\u00fd l\u00e0nh ngh\u1ec1, \u0111\u1ed9i ng\u0169 thi\u1ebft k\u1ebf c\u01a1 kh\u00ed gi\u00e0u kinh nghi\u1ec7m v\u00e0 \u0111\u1ed9i ng\u0169 k\u1ef9 thu\u1eadt vi\u00ean \u0111\u01b0\u1ee3c \u0111\u00e0o t\u1ea1o b\u00e0i b\u1ea3n, c\u00f9ng nhau duy tr\u00ec ch\u1ea5t l\u01b0\u1ee3ng s\u1ea3n xu\u1ea5t \u1ed5n \u0111\u1ecbnh, \u0111\u1ed3ng th\u1eddi ki\u1ec3m so\u00e1t hi\u1ec7u qu\u1ea3 t\u00ednh li\u00ean t\u1ee5c v\u00e0 hi\u1ec7u qu\u1ea3 c\u1ee7a quy tr\u00ecnh.<\/p>\n<p>FMP duy tr\u00ec tri\u1ebft l\u00fd \u201c\u0110\u1ed5i m\u1edbi c\u00f4ng ngh\u1ec7 th\u00fac \u0111\u1ea9y ti\u1ebfn b\u1ed9, Ch\u1ea5t l\u01b0\u1ee3ng t\u1ea1o n\u00ean th\u01b0\u01a1ng hi\u1ec7u, Tay ngh\u1ec1 \u0111\u1ea3m b\u1ea3o ch\u1ea5t l\u01b0\u1ee3ng v\u00e0 X\u00e2y d\u1ef1ng m\u1ed1i quan h\u1ec7 \u0111\u00f4i b\u00ean c\u00f9ng c\u00f3 l\u1ee3i l\u00e2u d\u00e0i\u201d. Cam k\u1ebft cung c\u1ea5p s\u1ea3n ph\u1ea9m ch\u1ea5t l\u01b0\u1ee3ng cao v\u00e0 d\u1ecbch v\u1ee5 kh\u00e1ch h\u00e0ng v\u01b0\u1ee3t tr\u1ed9i v\u1eabn l\u00e0 m\u1ee5c ti\u00eau c\u1ed1t l\u00f5i khi ch\u00fang t\u00f4i ti\u1ebfp t\u1ee5c \u0111\u00e1p \u1ee9ng nhu c\u1ea7u ng\u00e0y c\u00e0ng thay \u0111\u1ed5i c\u1ee7a th\u1ecb tr\u01b0\u1eddng.<\/p>\n<p><img loading=\"lazy\" decoding=\"async\" class=\"alignnone size-full wp-image-426\" src=\"https:\/\/fmp-components.com\/wp-content\/uploads\/2024\/12\/Sanitation-Machinery-Locking-Hydraulic-Cylinder-factory.webp\" alt=\"Nh\u00e0 m\u00e1y xi lanh th\u1ee7y l\u1ef1c kh\u00f3a m\u00e1y v\u1ec7 sinh\" width=\"1414\" height=\"584\" title=\"\" srcset=\"https:\/\/fmp-components.com\/wp-content\/uploads\/2024\/12\/Sanitation-Machinery-Locking-Hydraulic-Cylinder-factory.webp 1414w, https:\/\/fmp-components.com\/wp-content\/uploads\/2024\/12\/Sanitation-Machinery-Locking-Hydraulic-Cylinder-factory-1280x529.webp 1280w, https:\/\/fmp-components.com\/wp-content\/uploads\/2024\/12\/Sanitation-Machinery-Locking-Hydraulic-Cylinder-factory-980x405.webp 980w, https:\/\/fmp-components.com\/wp-content\/uploads\/2024\/12\/Sanitation-Machinery-Locking-Hydraulic-Cylinder-factory-480x198.webp 480w\" sizes=\"(min-width: 0px) and (max-width: 480px) 480px, (min-width: 481px) and (max-width: 980px) 980px, (min-width: 981px) and (max-width: 1280px) 1280px, (min-width: 1281px) 1414px, 100vw\" \/><\/p>\n<p>T\u00e1c gi\u1ea3: CX<\/p>","protected":false},"excerpt":{"rendered":"<p>Xi lanh th\u1ee7y l\u1ef1c kh\u00f3a m\u00e1y v\u1ec7 sinh l\u00e0 m\u1ed9t b\u1ed9 ph\u1eadn quan tr\u1ecdng \u0111\u01b0\u1ee3c thi\u1ebft k\u1ebf \u0111\u1ec3 \u0111\u1ea3m b\u1ea3o ho\u1ea1t \u0111\u1ed9ng an to\u00e0n c\u1ee7a c\u00e1c thi\u1ebft b\u1ecb v\u1ec7 sinh, ch\u1eb3ng h\u1ea1n nh\u01b0 xe ch\u1edf r\u00e1c v\u00e0 xe qu\u00e9t \u0111\u01b0\u1eddng. Xi lanh th\u1ee7y l\u1ef1c n\u00e0y cung c\u1ea5p c\u01a1 ch\u1ebf kh\u00f3a \u0111\u00e1ng tin c\u1eady, duy tr\u00ec s\u1ef1 \u1ed5n \u0111\u1ecbnh v\u00e0 an to\u00e0n c\u1ee7a m\u00e1y m\u00f3c trong qu\u00e1 tr\u00ecnh v\u1eadn h\u00e0nh v\u00e0 v\u1eadn chuy\u1ec3n. \u0110\u01b0\u1ee3c ch\u1ebf t\u1ea1o t\u1eeb v\u1eadt li\u1ec7u c\u00f3 \u0111\u1ed9 b\u1ec1n cao, xi lanh n\u00e0y \u0111\u01b0\u1ee3c thi\u1ebft k\u1ebf \u0111\u1ec3 ch\u1ecbu \u0111\u01b0\u1ee3c c\u00e1c y\u00eau c\u1ea7u c\u1ee7a m\u00f4i tr\u01b0\u1eddng l\u00e0m vi\u1ec7c kh\u1eafc nghi\u1ec7t, \u0111\u1ea3m b\u1ea3o \u0111\u1ed9 b\u1ec1n v\u00e0 tu\u1ed5i th\u1ecd. Thi\u1ebft k\u1ebf th\u1ee7y l\u1ef1c hi\u1ec7u qu\u1ea3 cho ph\u00e9p v\u1eadn h\u00e0nh tr\u01a1n tru, cho ph\u00e9p \u0111\u00f3ng v\u00e0 m\u1edf h\u1ec7 th\u1ed1ng kh\u00f3a nhanh ch\u00f3ng. Xi lanh th\u1ee7y l\u1ef1c kh\u00f3a n\u00e0y r\u1ea5t quan tr\u1ecdng \u0111\u1ec3 t\u0103ng c\u01b0\u1eddng an to\u00e0n v\u00e0 hi\u1ec7u qu\u1ea3 ho\u1ea1t \u0111\u1ed9ng c\u1ee7a m\u00e1y m\u00f3c v\u1ec7 sinh.<\/p>","protected":false},"featured_media":421,"comment_status":"open","ping_status":"closed","template":"","meta":{"_et_pb_use_builder":"","_et_pb_old_content":"","_et_gb_content_width":""},"product_brand":[],"product_cat":[23],"product_tag":[],"class_list":{"0":"post-420","1":"product","2":"type-product","3":"status-publish","4":"has-post-thumbnail","6":"product_cat-sanitation-machinery-hydraulic-cylinders","8":"first","9":"instock","10":"shipping-taxable","11":"product-type-simple"},"_links":{"self":[{"href":"https:\/\/fmp-components.com\/vi\/wp-json\/wp\/v2\/product\/420","targetHints":{"allow":["GET"]}}],"collection":[{"href":"https:\/\/fmp-components.com\/vi\/wp-json\/wp\/v2\/product"}],"about":[{"href":"https:\/\/fmp-components.com\/vi\/wp-json\/wp\/v2\/types\/product"}],"replies":[{"embeddable":true,"href":"https:\/\/fmp-components.com\/vi\/wp-json\/wp\/v2\/comments?post=420"}],"wp:featuredmedia":[{"embeddable":true,"href":"https:\/\/fmp-components.com\/vi\/wp-json\/wp\/v2\/media\/421"}],"wp:attachment":[{"href":"https:\/\/fmp-components.com\/vi\/wp-json\/wp\/v2\/media?parent=420"}],"wp:term":[{"taxonomy":"product_brand","embeddable":true,"href":"https:\/\/fmp-components.com\/vi\/wp-json\/wp\/v2\/product_brand?post=420"},{"taxonomy":"product_cat","embeddable":true,"href":"https:\/\/fmp-components.com\/vi\/wp-json\/wp\/v2\/product_cat?post=420"},{"taxonomy":"product_tag","embeddable":true,"href":"https:\/\/fmp-components.com\/vi\/wp-json\/wp\/v2\/product_tag?post=420"}],"curies":[{"name":"wp","href":"https:\/\/api.w.org\/{rel}","templated":true}]}}